{"id":40340,"date":"2025-05-15T17:58:22","date_gmt":"2025-05-15T15:58:22","guid":{"rendered":"https:\/\/www.axiomams.eu\/produktas\/metrel-mi-3125-bt-paigaldamise-ohutustesti"},"modified":"2026-02-02T14:31:42","modified_gmt":"2026-02-02T12:31:42","slug":"metrel-mi-3125-bt-paigaldamise-ohutustesti","status":"publish","type":"product","link":"https:\/\/www.axiomams.eu\/et\/produktas\/metrel-mi-3125-bt-paigaldamise-ohutustesti","title":{"rendered":"Metrel MI 3125 BT paigaldamise ohutustesti"},"content":{"rendered":"<p>EurotestCOMBO (MI 3102 BT) EurotestXE on multifunktsionaalne m\u00f5\u00f5tevahend, mis teostab t\u00e4ieliku komplekti paigaldusohutuse teste vastavalt IEC\/EN 61557. See toetab TN-, TT- ja IT-maanduss\u00fcsteemide AUTO SEQUENCE \u00ae katsetamist. Saab teostada ISFL m\u00f5\u00f5tmisi ja IMD teste. Lisaks sellele v\u00f5imaldab MI 3102 BT EurotestXE on-line pingeseiret, faaside j\u00e4rjestuse katsetamist, maandustakistuse m\u00f5\u00f5tmist, valgustugevuse m\u00f5\u00f5tmist ja TRMS-voolu m\u00f5\u00f5tmist. EurotestXE on varustatud integreeritud kaitsmete ja kaitsel\u00fclitite omadustega, et hinnata katsetulemusi PASS \/ FAIL. K\u00f5iki tulemusi saab kiiresti salvestada ja viidata seadmesse ning seej\u00e4rel laadida EuroLink PRO tarkvara (kuulub standardkomplekti) kaudu arvutisse, et p\u00e4rast katsetamist hinnata ja koostada aruanne.<\/p>\n<p>Standardkomplekt: seade EurotestCOMBO (MI3125 BT), kanderihmade komplekt, katsejuhe 3 x 1,5 m, shuko-pistikuga katsekaabel, katsesond (3 tk), krokodilklamber (3 tk), laadija &#8211; toiteadapter, laetavad akud 6 x 1,5 V NiMH, t\u00fc\u00fcp AA, USB-kaabel, RS232-kaabel, PC SW EuroLink PRO, kasutusjuhend, k\u00e4siraamat, kalibreerimissertifikaat.<\/p>\n<h3>Tehniline teave:<\/h3>\n<ul>\n<li><a href=\"https:\/\/axiomams.eu\/importer\/export\/attachments\/en\/metrel-mi-3125-bt.pdf\" target=\"_blank\">Metrel MI 3125 BT.pdf<\/a><\/li>\n<\/ul>\n","protected":false},"excerpt":{"rendered":"<p>EurotestCOMBO (MI 3102 BT) EurotestXE on multifunktsionaalne m\u00f5\u00f5tevahend, mis teostab t\u00e4ieliku komplekti paigaldusohutuse teste vastavalt IEC\/EN 61557. See toetab TN-, TT- ja IT-maanduss\u00fcsteemide AUTO SEQUENCE \u00ae katsetamist. Saab teostada ISFL m\u00f5\u00f5tmisi ja IMD teste. Lisaks sellele v\u00f5imaldab MI 3102 BT EurotestXE on-line pingeseiret, faaside j\u00e4rjestuse katsetamist, maandustakistuse m\u00f5\u00f5tmist, valgustugevuse m\u00f5\u00f5tmist ja TRMS-voolu m\u00f5\u00f5tmist. EurotestXE on&#8230;<\/p>\n","protected":false},"featured_media":42204,"comment_status":"open","ping_status":"closed","template":"","meta":{"_acf_changed":false},"product_brand":[732],"product_cat":[17778],"product_tag":[],"class_list":{"0":"post-40340","1":"product","2":"type-product","3":"status-publish","4":"has-post-thumbnail","6":"product_brand-metrel","7":"product_cat-elektrijuhtmete-kontrollimiseks","9":"first","10":"instock","11":"taxable","12":"shipping-taxable","13":"purchasable","14":"product-type-simple"},"acf":[],"yoast_head":"<!-- This site is optimized with the Yoast SEO plugin v27.0 - https:\/\/yoast.com\/product\/yoast-seo-wordpress\/ -->\n<title>Metrel MI 3125 BT paigaldamise ohutustesti - AXIOMA MS<\/title>\n<meta name=\"robots\" content=\"index, follow, max-snippet:-1, max-image-preview:large, max-video-preview:-1\" \/>\n<link rel=\"canonical\" href=\"https:\/\/www.axiomams.eu\/et\/produktas\/metrel-mi-3125-bt-paigaldamise-ohutustesti\" \/>\n<meta property=\"og:locale\" content=\"et_EE\" \/>\n<meta property=\"og:type\" content=\"article\" \/>\n<meta property=\"og:title\" content=\"Metrel MI 3125 BT paigaldamise ohutustesti - AXIOMA MS\" \/>\n<meta property=\"og:description\" content=\"EurotestCOMBO (MI 3102 BT) EurotestXE on multifunktsionaalne m\u00f5\u00f5tevahend, mis teostab t\u00e4ieliku komplekti paigaldusohutuse teste vastavalt IEC\/EN 61557. See toetab TN-, TT- ja IT-maanduss\u00fcsteemide AUTO SEQUENCE \u00ae katsetamist. Saab teostada ISFL m\u00f5\u00f5tmisi ja IMD teste. Lisaks sellele v\u00f5imaldab MI 3102 BT EurotestXE on-line pingeseiret, faaside j\u00e4rjestuse katsetamist, maandustakistuse m\u00f5\u00f5tmist, valgustugevuse m\u00f5\u00f5tmist ja TRMS-voolu m\u00f5\u00f5tmist. EurotestXE on...\" \/>\n<meta property=\"og:url\" content=\"https:\/\/www.axiomams.eu\/et\/produktas\/metrel-mi-3125-bt-paigaldamise-ohutustesti\" \/>\n<meta property=\"og:site_name\" content=\"AXIOMA MS\" \/>\n<meta property=\"article:publisher\" content=\"https:\/\/www.facebook.com\/AxiomaMS\" \/>\n<meta property=\"article:modified_time\" content=\"2026-02-02T12:31:42+00:00\" \/>\n<meta property=\"og:image\" content=\"https:\/\/www.axiomams.eu\/wp-content\/uploads\/2025\/07\/537-559.jpg\" \/>\n\t<meta property=\"og:image:width\" content=\"800\" \/>\n\t<meta property=\"og:image:height\" content=\"600\" \/>\n\t<meta property=\"og:image:type\" content=\"image\/jpeg\" \/>\n<meta name=\"twitter:card\" content=\"summary_large_image\" \/>\n<meta name=\"twitter:label1\" content=\"Est. reading time\" \/>\n\t<meta name=\"twitter:data1\" content=\"1 minut\" \/>\n<script type=\"application\/ld+json\" class=\"yoast-schema-graph\">{\"@context\":\"https:\/\/schema.org\",\"@graph\":[{\"@type\":\"WebPage\",\"@id\":\"https:\/\/www.axiomams.eu\/et\/produktas\/metrel-mi-3125-bt-paigaldamise-ohutustesti\",\"url\":\"https:\/\/www.axiomams.eu\/et\/produktas\/metrel-mi-3125-bt-paigaldamise-ohutustesti\",\"name\":\"Metrel MI 3125 BT paigaldamise ohutustesti - AXIOMA MS\",\"isPartOf\":{\"@id\":\"https:\/\/www.axiomams.eu\/et#website\"},\"primaryImageOfPage\":{\"@id\":\"https:\/\/www.axiomams.eu\/et\/produktas\/metrel-mi-3125-bt-paigaldamise-ohutustesti#primaryimage\"},\"image\":{\"@id\":\"https:\/\/www.axiomams.eu\/et\/produktas\/metrel-mi-3125-bt-paigaldamise-ohutustesti#primaryimage\"},\"thumbnailUrl\":\"https:\/\/www.axiomams.eu\/wp-content\/uploads\/2025\/07\/537-559.jpg\",\"datePublished\":\"2025-05-15T15:58:22+00:00\",\"dateModified\":\"2026-02-02T12:31:42+00:00\",\"breadcrumb\":{\"@id\":\"https:\/\/www.axiomams.eu\/et\/produktas\/metrel-mi-3125-bt-paigaldamise-ohutustesti#breadcrumb\"},\"inLanguage\":\"et\",\"potentialAction\":[{\"@type\":\"ReadAction\",\"target\":[\"https:\/\/www.axiomams.eu\/et\/produktas\/metrel-mi-3125-bt-paigaldamise-ohutustesti\"]}]},{\"@type\":\"ImageObject\",\"inLanguage\":\"et\",\"@id\":\"https:\/\/www.axiomams.eu\/et\/produktas\/metrel-mi-3125-bt-paigaldamise-ohutustesti#primaryimage\",\"url\":\"https:\/\/www.axiomams.eu\/wp-content\/uploads\/2025\/07\/537-559.jpg\",\"contentUrl\":\"https:\/\/www.axiomams.eu\/wp-content\/uploads\/2025\/07\/537-559.jpg\",\"width\":800,\"height\":600},{\"@type\":\"BreadcrumbList\",\"@id\":\"https:\/\/www.axiomams.eu\/et\/produktas\/metrel-mi-3125-bt-paigaldamise-ohutustesti#breadcrumb\",\"itemListElement\":[{\"@type\":\"ListItem\",\"position\":1,\"name\":\"Home\",\"item\":\"https:\/\/www.axiomams.eu\/et\"},{\"@type\":\"ListItem\",\"position\":2,\"name\":\"Tooted\",\"item\":\"https:\/\/www.axiomams.eu\/et\/tooted\"},{\"@type\":\"ListItem\",\"position\":3,\"name\":\"Metrel MI 3125 BT paigaldamise ohutustesti\"}]},{\"@type\":\"WebSite\",\"@id\":\"https:\/\/www.axiomams.eu\/et#website\",\"url\":\"https:\/\/www.axiomams.eu\/et\",\"name\":\"AXIOMA MS\",\"description\":\"Terrmovizoriai ir matavimo \u012franga\",\"publisher\":{\"@id\":\"https:\/\/www.axiomams.eu\/et#organization\"},\"potentialAction\":[{\"@type\":\"SearchAction\",\"target\":{\"@type\":\"EntryPoint\",\"urlTemplate\":\"https:\/\/www.axiomams.eu\/et?s={search_term_string}\"},\"query-input\":{\"@type\":\"PropertyValueSpecification\",\"valueRequired\":true,\"valueName\":\"search_term_string\"}}],\"inLanguage\":\"et\"},{\"@type\":\"Organization\",\"@id\":\"https:\/\/www.axiomams.eu\/et#organization\",\"name\":\"AXIOMA MS\",\"url\":\"https:\/\/www.axiomams.eu\/et\",\"logo\":{\"@type\":\"ImageObject\",\"inLanguage\":\"et\",\"@id\":\"https:\/\/www.axiomams.eu\/et#\/schema\/logo\/image\/\",\"url\":\"https:\/\/www.axiomams.eu\/wp-content\/uploads\/2025\/06\/axioma-logo-2.png\",\"contentUrl\":\"https:\/\/www.axiomams.eu\/wp-content\/uploads\/2025\/06\/axioma-logo-2.png\",\"width\":1200,\"height\":1200,\"caption\":\"AXIOMA MS\"},\"image\":{\"@id\":\"https:\/\/www.axiomams.eu\/et#\/schema\/logo\/image\/\"},\"sameAs\":[\"https:\/\/www.facebook.com\/AxiomaMS\",\"https:\/\/www.linkedin.com\/company\/axiomams\/\"]}]}<\/script>\n<!-- \/ Yoast SEO plugin. -->","yoast_head_json":{"title":"Metrel MI 3125 BT paigaldamise ohutustesti - AXIOMA MS","robots":{"index":"index","follow":"follow","max-snippet":"max-snippet:-1","max-image-preview":"max-image-preview:large","max-video-preview":"max-video-preview:-1"},"canonical":"https:\/\/www.axiomams.eu\/et\/produktas\/metrel-mi-3125-bt-paigaldamise-ohutustesti","og_locale":"et_EE","og_type":"article","og_title":"Metrel MI 3125 BT paigaldamise ohutustesti - AXIOMA MS","og_description":"EurotestCOMBO (MI 3102 BT) EurotestXE on multifunktsionaalne m\u00f5\u00f5tevahend, mis teostab t\u00e4ieliku komplekti paigaldusohutuse teste vastavalt IEC\/EN 61557. See toetab TN-, TT- ja IT-maanduss\u00fcsteemide AUTO SEQUENCE \u00ae katsetamist. Saab teostada ISFL m\u00f5\u00f5tmisi ja IMD teste. Lisaks sellele v\u00f5imaldab MI 3102 BT EurotestXE on-line pingeseiret, faaside j\u00e4rjestuse katsetamist, maandustakistuse m\u00f5\u00f5tmist, valgustugevuse m\u00f5\u00f5tmist ja TRMS-voolu m\u00f5\u00f5tmist. EurotestXE on...","og_url":"https:\/\/www.axiomams.eu\/et\/produktas\/metrel-mi-3125-bt-paigaldamise-ohutustesti","og_site_name":"AXIOMA MS","article_publisher":"https:\/\/www.facebook.com\/AxiomaMS","article_modified_time":"2026-02-02T12:31:42+00:00","og_image":[{"width":800,"height":600,"url":"https:\/\/www.axiomams.eu\/wp-content\/uploads\/2025\/07\/537-559.jpg","type":"image\/jpeg"}],"twitter_card":"summary_large_image","twitter_misc":{"Est. reading time":"1 minut"},"schema":{"@context":"https:\/\/schema.org","@graph":[{"@type":"WebPage","@id":"https:\/\/www.axiomams.eu\/et\/produktas\/metrel-mi-3125-bt-paigaldamise-ohutustesti","url":"https:\/\/www.axiomams.eu\/et\/produktas\/metrel-mi-3125-bt-paigaldamise-ohutustesti","name":"Metrel MI 3125 BT paigaldamise ohutustesti - AXIOMA MS","isPartOf":{"@id":"https:\/\/www.axiomams.eu\/et#website"},"primaryImageOfPage":{"@id":"https:\/\/www.axiomams.eu\/et\/produktas\/metrel-mi-3125-bt-paigaldamise-ohutustesti#primaryimage"},"image":{"@id":"https:\/\/www.axiomams.eu\/et\/produktas\/metrel-mi-3125-bt-paigaldamise-ohutustesti#primaryimage"},"thumbnailUrl":"https:\/\/www.axiomams.eu\/wp-content\/uploads\/2025\/07\/537-559.jpg","datePublished":"2025-05-15T15:58:22+00:00","dateModified":"2026-02-02T12:31:42+00:00","breadcrumb":{"@id":"https:\/\/www.axiomams.eu\/et\/produktas\/metrel-mi-3125-bt-paigaldamise-ohutustesti#breadcrumb"},"inLanguage":"et","potentialAction":[{"@type":"ReadAction","target":["https:\/\/www.axiomams.eu\/et\/produktas\/metrel-mi-3125-bt-paigaldamise-ohutustesti"]}]},{"@type":"ImageObject","inLanguage":"et","@id":"https:\/\/www.axiomams.eu\/et\/produktas\/metrel-mi-3125-bt-paigaldamise-ohutustesti#primaryimage","url":"https:\/\/www.axiomams.eu\/wp-content\/uploads\/2025\/07\/537-559.jpg","contentUrl":"https:\/\/www.axiomams.eu\/wp-content\/uploads\/2025\/07\/537-559.jpg","width":800,"height":600},{"@type":"BreadcrumbList","@id":"https:\/\/www.axiomams.eu\/et\/produktas\/metrel-mi-3125-bt-paigaldamise-ohutustesti#breadcrumb","itemListElement":[{"@type":"ListItem","position":1,"name":"Home","item":"https:\/\/www.axiomams.eu\/et"},{"@type":"ListItem","position":2,"name":"Tooted","item":"https:\/\/www.axiomams.eu\/et\/tooted"},{"@type":"ListItem","position":3,"name":"Metrel MI 3125 BT paigaldamise ohutustesti"}]},{"@type":"WebSite","@id":"https:\/\/www.axiomams.eu\/et#website","url":"https:\/\/www.axiomams.eu\/et","name":"AXIOMA MS","description":"Terrmovizoriai ir matavimo \u012franga","publisher":{"@id":"https:\/\/www.axiomams.eu\/et#organization"},"potentialAction":[{"@type":"SearchAction","target":{"@type":"EntryPoint","urlTemplate":"https:\/\/www.axiomams.eu\/et?s={search_term_string}"},"query-input":{"@type":"PropertyValueSpecification","valueRequired":true,"valueName":"search_term_string"}}],"inLanguage":"et"},{"@type":"Organization","@id":"https:\/\/www.axiomams.eu\/et#organization","name":"AXIOMA MS","url":"https:\/\/www.axiomams.eu\/et","logo":{"@type":"ImageObject","inLanguage":"et","@id":"https:\/\/www.axiomams.eu\/et#\/schema\/logo\/image\/","url":"https:\/\/www.axiomams.eu\/wp-content\/uploads\/2025\/06\/axioma-logo-2.png","contentUrl":"https:\/\/www.axiomams.eu\/wp-content\/uploads\/2025\/06\/axioma-logo-2.png","width":1200,"height":1200,"caption":"AXIOMA MS"},"image":{"@id":"https:\/\/www.axiomams.eu\/et#\/schema\/logo\/image\/"},"sameAs":["https:\/\/www.facebook.com\/AxiomaMS","https:\/\/www.linkedin.com\/company\/axiomams\/"]}]}},"_links":{"self":[{"href":"https:\/\/www.axiomams.eu\/et\/wp-json\/wp\/v2\/product\/40340","targetHints":{"allow":["GET"]}}],"collection":[{"href":"https:\/\/www.axiomams.eu\/et\/wp-json\/wp\/v2\/product"}],"about":[{"href":"https:\/\/www.axiomams.eu\/et\/wp-json\/wp\/v2\/types\/product"}],"replies":[{"embeddable":true,"href":"https:\/\/www.axiomams.eu\/et\/wp-json\/wp\/v2\/comments?post=40340"}],"wp:featuredmedia":[{"embeddable":true,"href":"https:\/\/www.axiomams.eu\/et\/wp-json\/wp\/v2\/media\/42204"}],"wp:attachment":[{"href":"https:\/\/www.axiomams.eu\/et\/wp-json\/wp\/v2\/media?parent=40340"}],"wp:term":[{"taxonomy":"product_brand","embeddable":true,"href":"https:\/\/www.axiomams.eu\/et\/wp-json\/wp\/v2\/product_brand?post=40340"},{"taxonomy":"product_cat","embeddable":true,"href":"https:\/\/www.axiomams.eu\/et\/wp-json\/wp\/v2\/product_cat?post=40340"},{"taxonomy":"product_tag","embeddable":true,"href":"https:\/\/www.axiomams.eu\/et\/wp-json\/wp\/v2\/product_tag?post=40340"}],"curies":[{"name":"wp","href":"https:\/\/api.w.org\/{rel}","templated":true}]}}