{"id":40342,"date":"2025-05-15T18:03:33","date_gmt":"2025-05-15T16:03:33","guid":{"rendered":"https:\/\/www.axiomams.eu\/produktas\/metrel-mi-3132-ev-tester"},"modified":"2026-02-02T14:31:43","modified_gmt":"2026-02-02T12:31:43","slug":"metrel-mi-3132-ev-tester","status":"publish","type":"product","link":"https:\/\/www.axiomams.eu\/et\/produktas\/metrel-mi-3132-ev-tester","title":{"rendered":"Metrel MI 3132 EV tester"},"content":{"rendered":"<p>Metrel MI 3132 EV tester on kaasaskantav, akutoitel t\u00f6\u00f6tav katseseade, millel on suurep\u00e4rane IP-kaitse ja mis on m\u00f5eldud spetsiaalselt elektris\u00f5idukite katsetamiseks. Seade toetab uusimat standardit UN ECE R100 Annex 4A, 4B, mis on m\u00f5eldud elektris\u00f5idukite isolatsioonitakistuse m\u00f5\u00f5tmiseks. Seade on ergonoomilise disainiga, intuitiivse kasutajaliidesega, mis h\u00f5lmab m\u00e4lu korraldajat ja t\u00e4ielikult programmeeritavaid AUTO SEQUENCE&#8217;i, mida hallatakse suure v\u00e4rvilise puuteekraani kaudu. Lisaks sellele toetab seade laia valikut teste ja m\u00f5\u00f5tmisfunktsioone, sealhulgas 2 A mikroohmi m\u00f5\u00f5tmist, on-line pinge j\u00e4lgimist, isolatsioonikatseid kuni 1500 V, samuti funktsionaalset ja visuaalset kontrolli.<\/p>\n<p>Standardkomplekt: Metrel MI 3132 EV Tester, kandekott, kanderihmade komplekt, 4-juhtmeline katsejuhe, 3-juhtmeline katsejuhe, 2-juhtmeline katsejuhe, must katsejuhe, punane katsejuhe, pruun katsejuhe, hall katsejuhe, 2 musta krokodilklambrit, 2 punast krokodilklambrit, roheline krokodilklambrit, USB-kaabel, akupakett, toiteadapter, kasutusjuhend, kalibreerimistunnistus, Metrel ES Manager tarkvara.<\/p>\n<h3>Tehniline teave:<\/h3>\n<ul>\n<li><a href=\"https:\/\/axiomams.eu\/importer\/export\/attachments\/en\/metrel-mi-3132.pdf\" target=\"_blank\">Metrel MI 3132.pdf<\/a><\/li>\n<\/ul>\n","protected":false},"excerpt":{"rendered":"<p>Metrel MI 3132 EV tester on kaasaskantav, akutoitel t\u00f6\u00f6tav katseseade, millel on suurep\u00e4rane IP-kaitse ja mis on m\u00f5eldud spetsiaalselt elektris\u00f5idukite katsetamiseks. Seade toetab uusimat standardit UN ECE R100 Annex 4A, 4B, mis on m\u00f5eldud elektris\u00f5idukite isolatsioonitakistuse m\u00f5\u00f5tmiseks. Seade on ergonoomilise disainiga, intuitiivse kasutajaliidesega, mis h\u00f5lmab m\u00e4lu korraldajat ja t\u00e4ielikult programmeeritavaid AUTO SEQUENCE&#8217;i, mida hallatakse suure&#8230;<\/p>\n","protected":false},"featured_media":42208,"comment_status":"open","ping_status":"closed","template":"","meta":{"_acf_changed":false},"product_brand":[732],"product_cat":[17830],"product_tag":[],"class_list":{"0":"post-40342","1":"product","2":"type-product","3":"status-publish","4":"has-post-thumbnail","6":"product_brand-metrel","7":"product_cat-elektrimootorite-diagnoosimiseks","9":"first","10":"instock","11":"taxable","12":"shipping-taxable","13":"purchasable","14":"product-type-simple"},"acf":[],"yoast_head":"<!-- This site is optimized with the Yoast SEO plugin v27.0 - https:\/\/yoast.com\/product\/yoast-seo-wordpress\/ -->\n<title>Metrel MI 3132 EV tester - AXIOMA MS<\/title>\n<meta name=\"robots\" content=\"index, follow, max-snippet:-1, max-image-preview:large, max-video-preview:-1\" \/>\n<link rel=\"canonical\" href=\"https:\/\/www.axiomams.eu\/et\/produktas\/metrel-mi-3132-ev-tester\" \/>\n<meta property=\"og:locale\" content=\"et_EE\" \/>\n<meta property=\"og:type\" content=\"article\" \/>\n<meta property=\"og:title\" content=\"Metrel MI 3132 EV tester - AXIOMA MS\" \/>\n<meta property=\"og:description\" content=\"Metrel MI 3132 EV tester on kaasaskantav, akutoitel t\u00f6\u00f6tav katseseade, millel on suurep\u00e4rane IP-kaitse ja mis on m\u00f5eldud spetsiaalselt elektris\u00f5idukite katsetamiseks. Seade toetab uusimat standardit UN ECE R100 Annex 4A, 4B, mis on m\u00f5eldud elektris\u00f5idukite isolatsioonitakistuse m\u00f5\u00f5tmiseks. Seade on ergonoomilise disainiga, intuitiivse kasutajaliidesega, mis h\u00f5lmab m\u00e4lu korraldajat ja t\u00e4ielikult programmeeritavaid AUTO SEQUENCE&#8217;i, mida hallatakse suure...\" \/>\n<meta property=\"og:url\" content=\"https:\/\/www.axiomams.eu\/et\/produktas\/metrel-mi-3132-ev-tester\" \/>\n<meta property=\"og:site_name\" content=\"AXIOMA MS\" \/>\n<meta property=\"article:publisher\" content=\"https:\/\/www.facebook.com\/AxiomaMS\" \/>\n<meta property=\"article:modified_time\" content=\"2026-02-02T12:31:43+00:00\" \/>\n<meta property=\"og:image\" content=\"https:\/\/www.axiomams.eu\/wp-content\/uploads\/2025\/07\/3461-4651.jpg\" \/>\n\t<meta property=\"og:image:width\" content=\"544\" \/>\n\t<meta property=\"og:image:height\" content=\"368\" \/>\n\t<meta property=\"og:image:type\" content=\"image\/jpeg\" \/>\n<meta name=\"twitter:card\" content=\"summary_large_image\" \/>\n<meta name=\"twitter:label1\" content=\"Est. reading time\" \/>\n\t<meta name=\"twitter:data1\" content=\"1 minut\" \/>\n<script type=\"application\/ld+json\" class=\"yoast-schema-graph\">{\"@context\":\"https:\/\/schema.org\",\"@graph\":[{\"@type\":\"WebPage\",\"@id\":\"https:\/\/www.axiomams.eu\/et\/produktas\/metrel-mi-3132-ev-tester\",\"url\":\"https:\/\/www.axiomams.eu\/et\/produktas\/metrel-mi-3132-ev-tester\",\"name\":\"Metrel MI 3132 EV tester - AXIOMA MS\",\"isPartOf\":{\"@id\":\"https:\/\/www.axiomams.eu\/et#website\"},\"primaryImageOfPage\":{\"@id\":\"https:\/\/www.axiomams.eu\/et\/produktas\/metrel-mi-3132-ev-tester#primaryimage\"},\"image\":{\"@id\":\"https:\/\/www.axiomams.eu\/et\/produktas\/metrel-mi-3132-ev-tester#primaryimage\"},\"thumbnailUrl\":\"https:\/\/www.axiomams.eu\/wp-content\/uploads\/2025\/07\/3461-4651.jpg\",\"datePublished\":\"2025-05-15T16:03:33+00:00\",\"dateModified\":\"2026-02-02T12:31:43+00:00\",\"breadcrumb\":{\"@id\":\"https:\/\/www.axiomams.eu\/et\/produktas\/metrel-mi-3132-ev-tester#breadcrumb\"},\"inLanguage\":\"et\",\"potentialAction\":[{\"@type\":\"ReadAction\",\"target\":[\"https:\/\/www.axiomams.eu\/et\/produktas\/metrel-mi-3132-ev-tester\"]}]},{\"@type\":\"ImageObject\",\"inLanguage\":\"et\",\"@id\":\"https:\/\/www.axiomams.eu\/et\/produktas\/metrel-mi-3132-ev-tester#primaryimage\",\"url\":\"https:\/\/www.axiomams.eu\/wp-content\/uploads\/2025\/07\/3461-4651.jpg\",\"contentUrl\":\"https:\/\/www.axiomams.eu\/wp-content\/uploads\/2025\/07\/3461-4651.jpg\",\"width\":544,\"height\":368},{\"@type\":\"BreadcrumbList\",\"@id\":\"https:\/\/www.axiomams.eu\/et\/produktas\/metrel-mi-3132-ev-tester#breadcrumb\",\"itemListElement\":[{\"@type\":\"ListItem\",\"position\":1,\"name\":\"Home\",\"item\":\"https:\/\/www.axiomams.eu\/et\"},{\"@type\":\"ListItem\",\"position\":2,\"name\":\"Tooted\",\"item\":\"https:\/\/www.axiomams.eu\/et\/tooted\"},{\"@type\":\"ListItem\",\"position\":3,\"name\":\"Metrel MI 3132 EV tester\"}]},{\"@type\":\"WebSite\",\"@id\":\"https:\/\/www.axiomams.eu\/et#website\",\"url\":\"https:\/\/www.axiomams.eu\/et\",\"name\":\"AXIOMA MS\",\"description\":\"Terrmovizoriai ir matavimo \u012franga\",\"publisher\":{\"@id\":\"https:\/\/www.axiomams.eu\/et#organization\"},\"potentialAction\":[{\"@type\":\"SearchAction\",\"target\":{\"@type\":\"EntryPoint\",\"urlTemplate\":\"https:\/\/www.axiomams.eu\/et?s={search_term_string}\"},\"query-input\":{\"@type\":\"PropertyValueSpecification\",\"valueRequired\":true,\"valueName\":\"search_term_string\"}}],\"inLanguage\":\"et\"},{\"@type\":\"Organization\",\"@id\":\"https:\/\/www.axiomams.eu\/et#organization\",\"name\":\"AXIOMA MS\",\"url\":\"https:\/\/www.axiomams.eu\/et\",\"logo\":{\"@type\":\"ImageObject\",\"inLanguage\":\"et\",\"@id\":\"https:\/\/www.axiomams.eu\/et#\/schema\/logo\/image\/\",\"url\":\"https:\/\/www.axiomams.eu\/wp-content\/uploads\/2025\/06\/axioma-logo-2.png\",\"contentUrl\":\"https:\/\/www.axiomams.eu\/wp-content\/uploads\/2025\/06\/axioma-logo-2.png\",\"width\":1200,\"height\":1200,\"caption\":\"AXIOMA MS\"},\"image\":{\"@id\":\"https:\/\/www.axiomams.eu\/et#\/schema\/logo\/image\/\"},\"sameAs\":[\"https:\/\/www.facebook.com\/AxiomaMS\",\"https:\/\/www.linkedin.com\/company\/axiomams\/\"]}]}<\/script>\n<!-- \/ Yoast SEO plugin. -->","yoast_head_json":{"title":"Metrel MI 3132 EV tester - AXIOMA MS","robots":{"index":"index","follow":"follow","max-snippet":"max-snippet:-1","max-image-preview":"max-image-preview:large","max-video-preview":"max-video-preview:-1"},"canonical":"https:\/\/www.axiomams.eu\/et\/produktas\/metrel-mi-3132-ev-tester","og_locale":"et_EE","og_type":"article","og_title":"Metrel MI 3132 EV tester - AXIOMA MS","og_description":"Metrel MI 3132 EV tester on kaasaskantav, akutoitel t\u00f6\u00f6tav katseseade, millel on suurep\u00e4rane IP-kaitse ja mis on m\u00f5eldud spetsiaalselt elektris\u00f5idukite katsetamiseks. Seade toetab uusimat standardit UN ECE R100 Annex 4A, 4B, mis on m\u00f5eldud elektris\u00f5idukite isolatsioonitakistuse m\u00f5\u00f5tmiseks. Seade on ergonoomilise disainiga, intuitiivse kasutajaliidesega, mis h\u00f5lmab m\u00e4lu korraldajat ja t\u00e4ielikult programmeeritavaid AUTO SEQUENCE&#8217;i, mida hallatakse suure...","og_url":"https:\/\/www.axiomams.eu\/et\/produktas\/metrel-mi-3132-ev-tester","og_site_name":"AXIOMA MS","article_publisher":"https:\/\/www.facebook.com\/AxiomaMS","article_modified_time":"2026-02-02T12:31:43+00:00","og_image":[{"width":544,"height":368,"url":"https:\/\/www.axiomams.eu\/wp-content\/uploads\/2025\/07\/3461-4651.jpg","type":"image\/jpeg"}],"twitter_card":"summary_large_image","twitter_misc":{"Est. reading time":"1 minut"},"schema":{"@context":"https:\/\/schema.org","@graph":[{"@type":"WebPage","@id":"https:\/\/www.axiomams.eu\/et\/produktas\/metrel-mi-3132-ev-tester","url":"https:\/\/www.axiomams.eu\/et\/produktas\/metrel-mi-3132-ev-tester","name":"Metrel MI 3132 EV tester - AXIOMA MS","isPartOf":{"@id":"https:\/\/www.axiomams.eu\/et#website"},"primaryImageOfPage":{"@id":"https:\/\/www.axiomams.eu\/et\/produktas\/metrel-mi-3132-ev-tester#primaryimage"},"image":{"@id":"https:\/\/www.axiomams.eu\/et\/produktas\/metrel-mi-3132-ev-tester#primaryimage"},"thumbnailUrl":"https:\/\/www.axiomams.eu\/wp-content\/uploads\/2025\/07\/3461-4651.jpg","datePublished":"2025-05-15T16:03:33+00:00","dateModified":"2026-02-02T12:31:43+00:00","breadcrumb":{"@id":"https:\/\/www.axiomams.eu\/et\/produktas\/metrel-mi-3132-ev-tester#breadcrumb"},"inLanguage":"et","potentialAction":[{"@type":"ReadAction","target":["https:\/\/www.axiomams.eu\/et\/produktas\/metrel-mi-3132-ev-tester"]}]},{"@type":"ImageObject","inLanguage":"et","@id":"https:\/\/www.axiomams.eu\/et\/produktas\/metrel-mi-3132-ev-tester#primaryimage","url":"https:\/\/www.axiomams.eu\/wp-content\/uploads\/2025\/07\/3461-4651.jpg","contentUrl":"https:\/\/www.axiomams.eu\/wp-content\/uploads\/2025\/07\/3461-4651.jpg","width":544,"height":368},{"@type":"BreadcrumbList","@id":"https:\/\/www.axiomams.eu\/et\/produktas\/metrel-mi-3132-ev-tester#breadcrumb","itemListElement":[{"@type":"ListItem","position":1,"name":"Home","item":"https:\/\/www.axiomams.eu\/et"},{"@type":"ListItem","position":2,"name":"Tooted","item":"https:\/\/www.axiomams.eu\/et\/tooted"},{"@type":"ListItem","position":3,"name":"Metrel MI 3132 EV tester"}]},{"@type":"WebSite","@id":"https:\/\/www.axiomams.eu\/et#website","url":"https:\/\/www.axiomams.eu\/et","name":"AXIOMA MS","description":"Terrmovizoriai ir matavimo \u012franga","publisher":{"@id":"https:\/\/www.axiomams.eu\/et#organization"},"potentialAction":[{"@type":"SearchAction","target":{"@type":"EntryPoint","urlTemplate":"https:\/\/www.axiomams.eu\/et?s={search_term_string}"},"query-input":{"@type":"PropertyValueSpecification","valueRequired":true,"valueName":"search_term_string"}}],"inLanguage":"et"},{"@type":"Organization","@id":"https:\/\/www.axiomams.eu\/et#organization","name":"AXIOMA MS","url":"https:\/\/www.axiomams.eu\/et","logo":{"@type":"ImageObject","inLanguage":"et","@id":"https:\/\/www.axiomams.eu\/et#\/schema\/logo\/image\/","url":"https:\/\/www.axiomams.eu\/wp-content\/uploads\/2025\/06\/axioma-logo-2.png","contentUrl":"https:\/\/www.axiomams.eu\/wp-content\/uploads\/2025\/06\/axioma-logo-2.png","width":1200,"height":1200,"caption":"AXIOMA MS"},"image":{"@id":"https:\/\/www.axiomams.eu\/et#\/schema\/logo\/image\/"},"sameAs":["https:\/\/www.facebook.com\/AxiomaMS","https:\/\/www.linkedin.com\/company\/axiomams\/"]}]}},"_links":{"self":[{"href":"https:\/\/www.axiomams.eu\/et\/wp-json\/wp\/v2\/product\/40342","targetHints":{"allow":["GET"]}}],"collection":[{"href":"https:\/\/www.axiomams.eu\/et\/wp-json\/wp\/v2\/product"}],"about":[{"href":"https:\/\/www.axiomams.eu\/et\/wp-json\/wp\/v2\/types\/product"}],"replies":[{"embeddable":true,"href":"https:\/\/www.axiomams.eu\/et\/wp-json\/wp\/v2\/comments?post=40342"}],"wp:featuredmedia":[{"embeddable":true,"href":"https:\/\/www.axiomams.eu\/et\/wp-json\/wp\/v2\/media\/42208"}],"wp:attachment":[{"href":"https:\/\/www.axiomams.eu\/et\/wp-json\/wp\/v2\/media?parent=40342"}],"wp:term":[{"taxonomy":"product_brand","embeddable":true,"href":"https:\/\/www.axiomams.eu\/et\/wp-json\/wp\/v2\/product_brand?post=40342"},{"taxonomy":"product_cat","embeddable":true,"href":"https:\/\/www.axiomams.eu\/et\/wp-json\/wp\/v2\/product_cat?post=40342"},{"taxonomy":"product_tag","embeddable":true,"href":"https:\/\/www.axiomams.eu\/et\/wp-json\/wp\/v2\/product_tag?post=40342"}],"curies":[{"name":"wp","href":"https:\/\/api.w.org\/{rel}","templated":true}]}}