{"id":40344,"date":"2025-05-15T18:03:35","date_gmt":"2025-05-15T16:03:35","guid":{"rendered":"https:\/\/www.axiomams.eu\/produktas\/metrel-mi-3155-eurotestxd-standardkomplekt-mitmefunktsionaalsed-mootevahendid"},"modified":"2026-02-02T14:31:45","modified_gmt":"2026-02-02T12:31:45","slug":"metrel-mi-3155-eurotestxd-standardkomplekt-mitmefunktsionaalsed-mootevahendid","status":"publish","type":"product","link":"https:\/\/www.axiomams.eu\/et\/produktas\/metrel-mi-3155-eurotestxd-standardkomplekt-mitmefunktsionaalsed-mootevahendid","title":{"rendered":"Metrel MI 3155 EurotestXD Standardkomplekt Mitmefunktsionaalsed m\u00f5\u00f5tevahendid"},"content":{"rendered":"<p>Metrel MI 3155 EurotestXD on Metreli k\u00f5ige arenenumate multifunktsionaalsete m\u00f5\u00f5teriistade uusim lipulaev, mis on m\u00f5eldud spetsiaalselt t\u00f6\u00f6stuses tehtavate katsete jaoks. Seda seadet eristab teistest selle ergonoomiline disain ja intuitiivne kasutajaliides, mis h\u00f5lmab m\u00e4lu korraldajat ja t\u00e4ielikult programmeeritavaid AUTO SEQUENCE&#8217;i, mida hallatakse suure v\u00e4rvilise puuteekraani kaudu. Seade vastab t\u00e4ielikult funktsionaalsuse standarditele (nt IEC\/EN 61557) ja muudele katsete v\u00f5rdlusstandarditele (nt IEC\/EN\/HD 60364-4-41, &#8230;), nagu on n\u00f5utav iga seadme puhul, mis teostab TRMS-voolum\u00f5\u00f5tmisi, RCD-katseid, 3 (ja 4) juhtmega liini ja silmuse impedantsi katseid ning maandustakistuse m\u00f5\u00f5tmisi. Lisaks nendele toetab seade mitmesuguseid teste ja m\u00f5\u00f5tmisfunktsioone, sealhulgas on-line pingeseiret, faaside j\u00e4rjestuse testimist, varistori testimist, PI\/DAR arvutamist, heleduse m\u00f5\u00f5tmist, t\u00fchjenemisaja testimist, ISFL m\u00f5\u00f5tmisi, IMD teste ning funktsionaalset ja visuaalset kontrolli.<\/p>\n<p>Standardkomplekt: Metrel MI 3155 EurotestXD Standardkomplekt, 4400 mAh akupakett, toiteadapter 12 V \/ 3 A, pistikukommander, 1,5 m, katsejuhe, 4-juhtmeline, 1,5 m, katsejuhe, 3-juhtmeline, 1,5 m, katsejuhe, 2-juhtmeline, 2,5 kV, 1.5 m, Katsesond, 4 tk (must, sinine, roheline, punane), Krokodilklamber, 6 tk (must &#8211; 2 tk, sinine &#8211; 1 tk, roheline &#8211; 1 tk, punane &#8211; 2 tk), Maanduss\u00fcsteem 20 m, USB-kaabel, Pehme kandekott, Pehme kandev\u00f6\u00f6, Metrel ES Manager BASIC litsents*, L\u00fchike kasutusjuhend, Kasutusjuhend (CD), Juhend madalpingeseadmete katsetamiseks ja kontrollimiseks (CD), Kalibreerimistunnistus, Metrel ES Manager (programmi paigaldamine) A 1481 (CD).<\/p>\n<h3>Tehniline teave:<\/h3>\n<ul>\n<li><a href=\"https:\/\/axiomams.eu\/importer\/export\/attachments\/en\/metrel-mi-3155-eurotestxd.pdf\" target=\"_blank\">Metrel MI 3155 EurotestXD.pdf<\/a><\/li>\n<\/ul>\n","protected":false},"excerpt":{"rendered":"<p>Metrel MI 3155 EurotestXD on Metreli k\u00f5ige arenenumate multifunktsionaalsete m\u00f5\u00f5teriistade uusim lipulaev, mis on m\u00f5eldud spetsiaalselt t\u00f6\u00f6stuses tehtavate katsete jaoks. Seda seadet eristab teistest selle ergonoomiline disain ja intuitiivne kasutajaliides, mis h\u00f5lmab m\u00e4lu korraldajat ja t\u00e4ielikult programmeeritavaid AUTO SEQUENCE&#8217;i, mida hallatakse suure v\u00e4rvilise puuteekraani kaudu. Seade vastab t\u00e4ielikult funktsionaalsuse standarditele (nt IEC\/EN 61557) ja muudele&#8230;<\/p>\n","protected":false},"featured_media":42212,"comment_status":"open","ping_status":"closed","template":"","meta":{"_acf_changed":false},"product_brand":[732],"product_cat":[17778],"product_tag":[],"class_list":{"0":"post-40344","1":"product","2":"type-product","3":"status-publish","4":"has-post-thumbnail","6":"product_brand-metrel","7":"product_cat-elektrijuhtmete-kontrollimiseks","9":"first","10":"instock","11":"taxable","12":"shipping-taxable","13":"purchasable","14":"product-type-simple"},"acf":[],"yoast_head":"<!-- This site is optimized with the Yoast SEO plugin v27.0 - https:\/\/yoast.com\/product\/yoast-seo-wordpress\/ -->\n<title>Metrel MI 3155 EurotestXD Standardkomplekt Mitmefunktsionaalsed m\u00f5\u00f5tevahendid - AXIOMA MS<\/title>\n<meta name=\"robots\" content=\"index, follow, max-snippet:-1, max-image-preview:large, max-video-preview:-1\" \/>\n<link rel=\"canonical\" href=\"https:\/\/www.axiomams.eu\/et\/produktas\/metrel-mi-3155-eurotestxd-standardkomplekt-mitmefunktsionaalsed-mootevahendid\" \/>\n<meta property=\"og:locale\" content=\"et_EE\" \/>\n<meta property=\"og:type\" content=\"article\" \/>\n<meta property=\"og:title\" content=\"Metrel MI 3155 EurotestXD Standardkomplekt Mitmefunktsionaalsed m\u00f5\u00f5tevahendid - AXIOMA MS\" \/>\n<meta property=\"og:description\" content=\"Metrel MI 3155 EurotestXD on Metreli k\u00f5ige arenenumate multifunktsionaalsete m\u00f5\u00f5teriistade uusim lipulaev, mis on m\u00f5eldud spetsiaalselt t\u00f6\u00f6stuses tehtavate katsete jaoks. Seda seadet eristab teistest selle ergonoomiline disain ja intuitiivne kasutajaliides, mis h\u00f5lmab m\u00e4lu korraldajat ja t\u00e4ielikult programmeeritavaid AUTO SEQUENCE&#8217;i, mida hallatakse suure v\u00e4rvilise puuteekraani kaudu. Seade vastab t\u00e4ielikult funktsionaalsuse standarditele (nt IEC\/EN 61557) ja muudele...\" \/>\n<meta property=\"og:url\" content=\"https:\/\/www.axiomams.eu\/et\/produktas\/metrel-mi-3155-eurotestxd-standardkomplekt-mitmefunktsionaalsed-mootevahendid\" \/>\n<meta property=\"og:site_name\" content=\"AXIOMA MS\" \/>\n<meta property=\"article:publisher\" content=\"https:\/\/www.facebook.com\/AxiomaMS\" \/>\n<meta property=\"article:modified_time\" content=\"2026-02-02T12:31:45+00:00\" \/>\n<meta property=\"og:image\" content=\"https:\/\/www.axiomams.eu\/wp-content\/uploads\/2025\/07\/2816-3664.jpg\" \/>\n\t<meta property=\"og:image:width\" content=\"1020\" \/>\n\t<meta property=\"og:image:height\" content=\"1020\" \/>\n\t<meta property=\"og:image:type\" content=\"image\/jpeg\" \/>\n<meta name=\"twitter:card\" content=\"summary_large_image\" \/>\n<meta name=\"twitter:label1\" content=\"Est. reading time\" \/>\n\t<meta name=\"twitter:data1\" content=\"1 minut\" \/>\n<script type=\"application\/ld+json\" class=\"yoast-schema-graph\">{\"@context\":\"https:\/\/schema.org\",\"@graph\":[{\"@type\":\"WebPage\",\"@id\":\"https:\/\/www.axiomams.eu\/et\/produktas\/metrel-mi-3155-eurotestxd-standardkomplekt-mitmefunktsionaalsed-mootevahendid\",\"url\":\"https:\/\/www.axiomams.eu\/et\/produktas\/metrel-mi-3155-eurotestxd-standardkomplekt-mitmefunktsionaalsed-mootevahendid\",\"name\":\"Metrel MI 3155 EurotestXD Standardkomplekt Mitmefunktsionaalsed m\u00f5\u00f5tevahendid - AXIOMA MS\",\"isPartOf\":{\"@id\":\"https:\/\/www.axiomams.eu\/et#website\"},\"primaryImageOfPage\":{\"@id\":\"https:\/\/www.axiomams.eu\/et\/produktas\/metrel-mi-3155-eurotestxd-standardkomplekt-mitmefunktsionaalsed-mootevahendid#primaryimage\"},\"image\":{\"@id\":\"https:\/\/www.axiomams.eu\/et\/produktas\/metrel-mi-3155-eurotestxd-standardkomplekt-mitmefunktsionaalsed-mootevahendid#primaryimage\"},\"thumbnailUrl\":\"https:\/\/www.axiomams.eu\/wp-content\/uploads\/2025\/07\/2816-3664.jpg\",\"datePublished\":\"2025-05-15T16:03:35+00:00\",\"dateModified\":\"2026-02-02T12:31:45+00:00\",\"breadcrumb\":{\"@id\":\"https:\/\/www.axiomams.eu\/et\/produktas\/metrel-mi-3155-eurotestxd-standardkomplekt-mitmefunktsionaalsed-mootevahendid#breadcrumb\"},\"inLanguage\":\"et\",\"potentialAction\":[{\"@type\":\"ReadAction\",\"target\":[\"https:\/\/www.axiomams.eu\/et\/produktas\/metrel-mi-3155-eurotestxd-standardkomplekt-mitmefunktsionaalsed-mootevahendid\"]}]},{\"@type\":\"ImageObject\",\"inLanguage\":\"et\",\"@id\":\"https:\/\/www.axiomams.eu\/et\/produktas\/metrel-mi-3155-eurotestxd-standardkomplekt-mitmefunktsionaalsed-mootevahendid#primaryimage\",\"url\":\"https:\/\/www.axiomams.eu\/wp-content\/uploads\/2025\/07\/2816-3664.jpg\",\"contentUrl\":\"https:\/\/www.axiomams.eu\/wp-content\/uploads\/2025\/07\/2816-3664.jpg\",\"width\":1020,\"height\":1020},{\"@type\":\"BreadcrumbList\",\"@id\":\"https:\/\/www.axiomams.eu\/et\/produktas\/metrel-mi-3155-eurotestxd-standardkomplekt-mitmefunktsionaalsed-mootevahendid#breadcrumb\",\"itemListElement\":[{\"@type\":\"ListItem\",\"position\":1,\"name\":\"Home\",\"item\":\"https:\/\/www.axiomams.eu\/et\"},{\"@type\":\"ListItem\",\"position\":2,\"name\":\"Tooted\",\"item\":\"https:\/\/www.axiomams.eu\/et\/tooted\"},{\"@type\":\"ListItem\",\"position\":3,\"name\":\"Metrel MI 3155 EurotestXD Standardkomplekt Mitmefunktsionaalsed m\u00f5\u00f5tevahendid\"}]},{\"@type\":\"WebSite\",\"@id\":\"https:\/\/www.axiomams.eu\/et#website\",\"url\":\"https:\/\/www.axiomams.eu\/et\",\"name\":\"AXIOMA MS\",\"description\":\"Terrmovizoriai ir matavimo \u012franga\",\"publisher\":{\"@id\":\"https:\/\/www.axiomams.eu\/et#organization\"},\"potentialAction\":[{\"@type\":\"SearchAction\",\"target\":{\"@type\":\"EntryPoint\",\"urlTemplate\":\"https:\/\/www.axiomams.eu\/et?s={search_term_string}\"},\"query-input\":{\"@type\":\"PropertyValueSpecification\",\"valueRequired\":true,\"valueName\":\"search_term_string\"}}],\"inLanguage\":\"et\"},{\"@type\":\"Organization\",\"@id\":\"https:\/\/www.axiomams.eu\/et#organization\",\"name\":\"AXIOMA MS\",\"url\":\"https:\/\/www.axiomams.eu\/et\",\"logo\":{\"@type\":\"ImageObject\",\"inLanguage\":\"et\",\"@id\":\"https:\/\/www.axiomams.eu\/et#\/schema\/logo\/image\/\",\"url\":\"https:\/\/www.axiomams.eu\/wp-content\/uploads\/2025\/06\/axioma-logo-2.png\",\"contentUrl\":\"https:\/\/www.axiomams.eu\/wp-content\/uploads\/2025\/06\/axioma-logo-2.png\",\"width\":1200,\"height\":1200,\"caption\":\"AXIOMA MS\"},\"image\":{\"@id\":\"https:\/\/www.axiomams.eu\/et#\/schema\/logo\/image\/\"},\"sameAs\":[\"https:\/\/www.facebook.com\/AxiomaMS\",\"https:\/\/www.linkedin.com\/company\/axiomams\/\"]}]}<\/script>\n<!-- \/ Yoast SEO plugin. -->","yoast_head_json":{"title":"Metrel MI 3155 EurotestXD Standardkomplekt Mitmefunktsionaalsed m\u00f5\u00f5tevahendid - AXIOMA MS","robots":{"index":"index","follow":"follow","max-snippet":"max-snippet:-1","max-image-preview":"max-image-preview:large","max-video-preview":"max-video-preview:-1"},"canonical":"https:\/\/www.axiomams.eu\/et\/produktas\/metrel-mi-3155-eurotestxd-standardkomplekt-mitmefunktsionaalsed-mootevahendid","og_locale":"et_EE","og_type":"article","og_title":"Metrel MI 3155 EurotestXD Standardkomplekt Mitmefunktsionaalsed m\u00f5\u00f5tevahendid - AXIOMA MS","og_description":"Metrel MI 3155 EurotestXD on Metreli k\u00f5ige arenenumate multifunktsionaalsete m\u00f5\u00f5teriistade uusim lipulaev, mis on m\u00f5eldud spetsiaalselt t\u00f6\u00f6stuses tehtavate katsete jaoks. Seda seadet eristab teistest selle ergonoomiline disain ja intuitiivne kasutajaliides, mis h\u00f5lmab m\u00e4lu korraldajat ja t\u00e4ielikult programmeeritavaid AUTO SEQUENCE&#8217;i, mida hallatakse suure v\u00e4rvilise puuteekraani kaudu. Seade vastab t\u00e4ielikult funktsionaalsuse standarditele (nt IEC\/EN 61557) ja muudele...","og_url":"https:\/\/www.axiomams.eu\/et\/produktas\/metrel-mi-3155-eurotestxd-standardkomplekt-mitmefunktsionaalsed-mootevahendid","og_site_name":"AXIOMA MS","article_publisher":"https:\/\/www.facebook.com\/AxiomaMS","article_modified_time":"2026-02-02T12:31:45+00:00","og_image":[{"width":1020,"height":1020,"url":"https:\/\/www.axiomams.eu\/wp-content\/uploads\/2025\/07\/2816-3664.jpg","type":"image\/jpeg"}],"twitter_card":"summary_large_image","twitter_misc":{"Est. reading time":"1 minut"},"schema":{"@context":"https:\/\/schema.org","@graph":[{"@type":"WebPage","@id":"https:\/\/www.axiomams.eu\/et\/produktas\/metrel-mi-3155-eurotestxd-standardkomplekt-mitmefunktsionaalsed-mootevahendid","url":"https:\/\/www.axiomams.eu\/et\/produktas\/metrel-mi-3155-eurotestxd-standardkomplekt-mitmefunktsionaalsed-mootevahendid","name":"Metrel MI 3155 EurotestXD Standardkomplekt Mitmefunktsionaalsed m\u00f5\u00f5tevahendid - AXIOMA MS","isPartOf":{"@id":"https:\/\/www.axiomams.eu\/et#website"},"primaryImageOfPage":{"@id":"https:\/\/www.axiomams.eu\/et\/produktas\/metrel-mi-3155-eurotestxd-standardkomplekt-mitmefunktsionaalsed-mootevahendid#primaryimage"},"image":{"@id":"https:\/\/www.axiomams.eu\/et\/produktas\/metrel-mi-3155-eurotestxd-standardkomplekt-mitmefunktsionaalsed-mootevahendid#primaryimage"},"thumbnailUrl":"https:\/\/www.axiomams.eu\/wp-content\/uploads\/2025\/07\/2816-3664.jpg","datePublished":"2025-05-15T16:03:35+00:00","dateModified":"2026-02-02T12:31:45+00:00","breadcrumb":{"@id":"https:\/\/www.axiomams.eu\/et\/produktas\/metrel-mi-3155-eurotestxd-standardkomplekt-mitmefunktsionaalsed-mootevahendid#breadcrumb"},"inLanguage":"et","potentialAction":[{"@type":"ReadAction","target":["https:\/\/www.axiomams.eu\/et\/produktas\/metrel-mi-3155-eurotestxd-standardkomplekt-mitmefunktsionaalsed-mootevahendid"]}]},{"@type":"ImageObject","inLanguage":"et","@id":"https:\/\/www.axiomams.eu\/et\/produktas\/metrel-mi-3155-eurotestxd-standardkomplekt-mitmefunktsionaalsed-mootevahendid#primaryimage","url":"https:\/\/www.axiomams.eu\/wp-content\/uploads\/2025\/07\/2816-3664.jpg","contentUrl":"https:\/\/www.axiomams.eu\/wp-content\/uploads\/2025\/07\/2816-3664.jpg","width":1020,"height":1020},{"@type":"BreadcrumbList","@id":"https:\/\/www.axiomams.eu\/et\/produktas\/metrel-mi-3155-eurotestxd-standardkomplekt-mitmefunktsionaalsed-mootevahendid#breadcrumb","itemListElement":[{"@type":"ListItem","position":1,"name":"Home","item":"https:\/\/www.axiomams.eu\/et"},{"@type":"ListItem","position":2,"name":"Tooted","item":"https:\/\/www.axiomams.eu\/et\/tooted"},{"@type":"ListItem","position":3,"name":"Metrel MI 3155 EurotestXD Standardkomplekt Mitmefunktsionaalsed m\u00f5\u00f5tevahendid"}]},{"@type":"WebSite","@id":"https:\/\/www.axiomams.eu\/et#website","url":"https:\/\/www.axiomams.eu\/et","name":"AXIOMA MS","description":"Terrmovizoriai ir matavimo \u012franga","publisher":{"@id":"https:\/\/www.axiomams.eu\/et#organization"},"potentialAction":[{"@type":"SearchAction","target":{"@type":"EntryPoint","urlTemplate":"https:\/\/www.axiomams.eu\/et?s={search_term_string}"},"query-input":{"@type":"PropertyValueSpecification","valueRequired":true,"valueName":"search_term_string"}}],"inLanguage":"et"},{"@type":"Organization","@id":"https:\/\/www.axiomams.eu\/et#organization","name":"AXIOMA MS","url":"https:\/\/www.axiomams.eu\/et","logo":{"@type":"ImageObject","inLanguage":"et","@id":"https:\/\/www.axiomams.eu\/et#\/schema\/logo\/image\/","url":"https:\/\/www.axiomams.eu\/wp-content\/uploads\/2025\/06\/axioma-logo-2.png","contentUrl":"https:\/\/www.axiomams.eu\/wp-content\/uploads\/2025\/06\/axioma-logo-2.png","width":1200,"height":1200,"caption":"AXIOMA MS"},"image":{"@id":"https:\/\/www.axiomams.eu\/et#\/schema\/logo\/image\/"},"sameAs":["https:\/\/www.facebook.com\/AxiomaMS","https:\/\/www.linkedin.com\/company\/axiomams\/"]}]}},"_links":{"self":[{"href":"https:\/\/www.axiomams.eu\/et\/wp-json\/wp\/v2\/product\/40344","targetHints":{"allow":["GET"]}}],"collection":[{"href":"https:\/\/www.axiomams.eu\/et\/wp-json\/wp\/v2\/product"}],"about":[{"href":"https:\/\/www.axiomams.eu\/et\/wp-json\/wp\/v2\/types\/product"}],"replies":[{"embeddable":true,"href":"https:\/\/www.axiomams.eu\/et\/wp-json\/wp\/v2\/comments?post=40344"}],"wp:featuredmedia":[{"embeddable":true,"href":"https:\/\/www.axiomams.eu\/et\/wp-json\/wp\/v2\/media\/42212"}],"wp:attachment":[{"href":"https:\/\/www.axiomams.eu\/et\/wp-json\/wp\/v2\/media?parent=40344"}],"wp:term":[{"taxonomy":"product_brand","embeddable":true,"href":"https:\/\/www.axiomams.eu\/et\/wp-json\/wp\/v2\/product_brand?post=40344"},{"taxonomy":"product_cat","embeddable":true,"href":"https:\/\/www.axiomams.eu\/et\/wp-json\/wp\/v2\/product_cat?post=40344"},{"taxonomy":"product_tag","embeddable":true,"href":"https:\/\/www.axiomams.eu\/et\/wp-json\/wp\/v2\/product_tag?post=40344"}],"curies":[{"name":"wp","href":"https:\/\/api.w.org\/{rel}","templated":true}]}}