{"id":40345,"date":"2025-05-23T10:40:01","date_gmt":"2025-05-23T08:40:01","guid":{"rendered":"https:\/\/www.axiomams.eu\/produktas\/metrel-mi-3202-isolatsioonitesti"},"modified":"2026-02-02T14:31:46","modified_gmt":"2026-02-02T12:31:46","slug":"metrel-mi-3202-isolatsioonitesti","status":"publish","type":"product","link":"https:\/\/www.axiomams.eu\/et\/produktas\/metrel-mi-3202-isolatsioonitesti","title":{"rendered":"Metrel MI 3202 isolatsioonitesti"},"content":{"rendered":"<p>Metrel MI 3202 GigaOhm 5 kV v\u00f5imaldab kiiret ja t\u00e4pset isolatsioonitakistuse m\u00f5\u00f5tmist. Suur segmendi LCD-ekraan koos taustvalgusega v\u00f5imaldab tulemuste h\u00f5lpsat lugemist. Analoog\/digitaalan\u00e4idik koos analooggraafikaga ulatub isolatsioonitakistuse puhul kuni 1 T\u03a9 ja pinge m\u00f5\u00f5tmisel kuni 600 V.<\/p>\n<p>Standardkomplekt: Metrel MI 3202, v\u00e4ike pehme kandekott, v\u00f5rgukaabel, 10 kV varjestatud katsejuhe, must, 2 m, 10 kV varjestatud katsejuhe, punane, 2 m, 10 kV krokodilklamber (2 tk, must, punane), kaitsejuhe, roheline, 2 m, krokodilklamber (roheline), 6 x 1,2 V NiMH akut, t\u00fc\u00fcp C, k\u00e4siraamat CD-l, kasutusjuhend, kalibreerimissertifikaat.<\/p>\n<h3>Tehniline teave:<\/h3>\n<ul>\n<li><a href=\"https:\/\/axiomams.eu\/importer\/export\/attachments\/en\/metrel-mi-3202.pdf\" target=\"_blank\">Metrel MI 3202.pdf<\/a><\/li>\n<\/ul>\n","protected":false},"excerpt":{"rendered":"<p>Metrel MI 3202 GigaOhm 5 kV v\u00f5imaldab kiiret ja t\u00e4pset isolatsioonitakistuse m\u00f5\u00f5tmist. Suur segmendi LCD-ekraan koos taustvalgusega v\u00f5imaldab tulemuste h\u00f5lpsat lugemist. Analoog\/digitaalan\u00e4idik koos analooggraafikaga ulatub isolatsioonitakistuse puhul kuni 1 T\u03a9 ja pinge m\u00f5\u00f5tmisel kuni 600 V. Standardkomplekt: Metrel MI 3202, v\u00e4ike pehme kandekott, v\u00f5rgukaabel, 10 kV varjestatud katsejuhe, must, 2 m, 10 kV varjestatud katsejuhe,&#8230;<\/p>\n","protected":false},"featured_media":42214,"comment_status":"open","ping_status":"closed","template":"","meta":{"_acf_changed":false},"product_brand":[732],"product_cat":[17778],"product_tag":[],"class_list":{"0":"post-40345","1":"product","2":"type-product","3":"status-publish","4":"has-post-thumbnail","6":"product_brand-metrel","7":"product_cat-elektrijuhtmete-kontrollimiseks","9":"first","10":"instock","11":"taxable","12":"shipping-taxable","13":"purchasable","14":"product-type-simple"},"acf":[],"yoast_head":"<!-- This site is optimized with the Yoast SEO plugin v27.0 - https:\/\/yoast.com\/product\/yoast-seo-wordpress\/ -->\n<title>Metrel MI 3202 isolatsioonitesti - AXIOMA MS<\/title>\n<meta name=\"robots\" content=\"index, follow, max-snippet:-1, max-image-preview:large, max-video-preview:-1\" \/>\n<link rel=\"canonical\" href=\"https:\/\/www.axiomams.eu\/et\/produktas\/metrel-mi-3202-isolatsioonitesti\" \/>\n<meta property=\"og:locale\" content=\"et_EE\" \/>\n<meta property=\"og:type\" content=\"article\" \/>\n<meta property=\"og:title\" content=\"Metrel MI 3202 isolatsioonitesti - AXIOMA MS\" \/>\n<meta property=\"og:description\" content=\"Metrel MI 3202 GigaOhm 5 kV v\u00f5imaldab kiiret ja t\u00e4pset isolatsioonitakistuse m\u00f5\u00f5tmist. Suur segmendi LCD-ekraan koos taustvalgusega v\u00f5imaldab tulemuste h\u00f5lpsat lugemist. Analoog\/digitaalan\u00e4idik koos analooggraafikaga ulatub isolatsioonitakistuse puhul kuni 1 T\u03a9 ja pinge m\u00f5\u00f5tmisel kuni 600 V. Standardkomplekt: Metrel MI 3202, v\u00e4ike pehme kandekott, v\u00f5rgukaabel, 10 kV varjestatud katsejuhe, must, 2 m, 10 kV varjestatud katsejuhe,...\" \/>\n<meta property=\"og:url\" content=\"https:\/\/www.axiomams.eu\/et\/produktas\/metrel-mi-3202-isolatsioonitesti\" \/>\n<meta property=\"og:site_name\" content=\"AXIOMA MS\" \/>\n<meta property=\"article:publisher\" content=\"https:\/\/www.facebook.com\/AxiomaMS\" \/>\n<meta property=\"article:modified_time\" content=\"2026-02-02T12:31:46+00:00\" \/>\n<meta property=\"og:image\" content=\"https:\/\/www.axiomams.eu\/wp-content\/uploads\/2025\/07\/393-5870.jpg\" \/>\n\t<meta property=\"og:image:width\" content=\"840\" \/>\n\t<meta property=\"og:image:height\" content=\"472\" \/>\n\t<meta property=\"og:image:type\" content=\"image\/jpeg\" \/>\n<meta name=\"twitter:card\" content=\"summary_large_image\" \/>\n<script type=\"application\/ld+json\" class=\"yoast-schema-graph\">{\"@context\":\"https:\/\/schema.org\",\"@graph\":[{\"@type\":\"WebPage\",\"@id\":\"https:\/\/www.axiomams.eu\/et\/produktas\/metrel-mi-3202-isolatsioonitesti\",\"url\":\"https:\/\/www.axiomams.eu\/et\/produktas\/metrel-mi-3202-isolatsioonitesti\",\"name\":\"Metrel MI 3202 isolatsioonitesti - AXIOMA MS\",\"isPartOf\":{\"@id\":\"https:\/\/www.axiomams.eu\/et#website\"},\"primaryImageOfPage\":{\"@id\":\"https:\/\/www.axiomams.eu\/et\/produktas\/metrel-mi-3202-isolatsioonitesti#primaryimage\"},\"image\":{\"@id\":\"https:\/\/www.axiomams.eu\/et\/produktas\/metrel-mi-3202-isolatsioonitesti#primaryimage\"},\"thumbnailUrl\":\"https:\/\/www.axiomams.eu\/wp-content\/uploads\/2025\/07\/393-5870.jpg\",\"datePublished\":\"2025-05-23T08:40:01+00:00\",\"dateModified\":\"2026-02-02T12:31:46+00:00\",\"breadcrumb\":{\"@id\":\"https:\/\/www.axiomams.eu\/et\/produktas\/metrel-mi-3202-isolatsioonitesti#breadcrumb\"},\"inLanguage\":\"et\",\"potentialAction\":[{\"@type\":\"ReadAction\",\"target\":[\"https:\/\/www.axiomams.eu\/et\/produktas\/metrel-mi-3202-isolatsioonitesti\"]}]},{\"@type\":\"ImageObject\",\"inLanguage\":\"et\",\"@id\":\"https:\/\/www.axiomams.eu\/et\/produktas\/metrel-mi-3202-isolatsioonitesti#primaryimage\",\"url\":\"https:\/\/www.axiomams.eu\/wp-content\/uploads\/2025\/07\/393-5870.jpg\",\"contentUrl\":\"https:\/\/www.axiomams.eu\/wp-content\/uploads\/2025\/07\/393-5870.jpg\",\"width\":840,\"height\":472},{\"@type\":\"BreadcrumbList\",\"@id\":\"https:\/\/www.axiomams.eu\/et\/produktas\/metrel-mi-3202-isolatsioonitesti#breadcrumb\",\"itemListElement\":[{\"@type\":\"ListItem\",\"position\":1,\"name\":\"Home\",\"item\":\"https:\/\/www.axiomams.eu\/et\"},{\"@type\":\"ListItem\",\"position\":2,\"name\":\"Tooted\",\"item\":\"https:\/\/www.axiomams.eu\/et\/tooted\"},{\"@type\":\"ListItem\",\"position\":3,\"name\":\"Metrel MI 3202 isolatsioonitesti\"}]},{\"@type\":\"WebSite\",\"@id\":\"https:\/\/www.axiomams.eu\/et#website\",\"url\":\"https:\/\/www.axiomams.eu\/et\",\"name\":\"AXIOMA MS\",\"description\":\"Terrmovizoriai ir matavimo \u012franga\",\"publisher\":{\"@id\":\"https:\/\/www.axiomams.eu\/et#organization\"},\"potentialAction\":[{\"@type\":\"SearchAction\",\"target\":{\"@type\":\"EntryPoint\",\"urlTemplate\":\"https:\/\/www.axiomams.eu\/et?s={search_term_string}\"},\"query-input\":{\"@type\":\"PropertyValueSpecification\",\"valueRequired\":true,\"valueName\":\"search_term_string\"}}],\"inLanguage\":\"et\"},{\"@type\":\"Organization\",\"@id\":\"https:\/\/www.axiomams.eu\/et#organization\",\"name\":\"AXIOMA MS\",\"url\":\"https:\/\/www.axiomams.eu\/et\",\"logo\":{\"@type\":\"ImageObject\",\"inLanguage\":\"et\",\"@id\":\"https:\/\/www.axiomams.eu\/et#\/schema\/logo\/image\/\",\"url\":\"https:\/\/www.axiomams.eu\/wp-content\/uploads\/2025\/06\/axioma-logo-2.png\",\"contentUrl\":\"https:\/\/www.axiomams.eu\/wp-content\/uploads\/2025\/06\/axioma-logo-2.png\",\"width\":1200,\"height\":1200,\"caption\":\"AXIOMA MS\"},\"image\":{\"@id\":\"https:\/\/www.axiomams.eu\/et#\/schema\/logo\/image\/\"},\"sameAs\":[\"https:\/\/www.facebook.com\/AxiomaMS\",\"https:\/\/www.linkedin.com\/company\/axiomams\/\"]}]}<\/script>\n<!-- \/ Yoast SEO plugin. -->","yoast_head_json":{"title":"Metrel MI 3202 isolatsioonitesti - AXIOMA MS","robots":{"index":"index","follow":"follow","max-snippet":"max-snippet:-1","max-image-preview":"max-image-preview:large","max-video-preview":"max-video-preview:-1"},"canonical":"https:\/\/www.axiomams.eu\/et\/produktas\/metrel-mi-3202-isolatsioonitesti","og_locale":"et_EE","og_type":"article","og_title":"Metrel MI 3202 isolatsioonitesti - AXIOMA MS","og_description":"Metrel MI 3202 GigaOhm 5 kV v\u00f5imaldab kiiret ja t\u00e4pset isolatsioonitakistuse m\u00f5\u00f5tmist. Suur segmendi LCD-ekraan koos taustvalgusega v\u00f5imaldab tulemuste h\u00f5lpsat lugemist. Analoog\/digitaalan\u00e4idik koos analooggraafikaga ulatub isolatsioonitakistuse puhul kuni 1 T\u03a9 ja pinge m\u00f5\u00f5tmisel kuni 600 V. Standardkomplekt: Metrel MI 3202, v\u00e4ike pehme kandekott, v\u00f5rgukaabel, 10 kV varjestatud katsejuhe, must, 2 m, 10 kV varjestatud katsejuhe,...","og_url":"https:\/\/www.axiomams.eu\/et\/produktas\/metrel-mi-3202-isolatsioonitesti","og_site_name":"AXIOMA MS","article_publisher":"https:\/\/www.facebook.com\/AxiomaMS","article_modified_time":"2026-02-02T12:31:46+00:00","og_image":[{"width":840,"height":472,"url":"https:\/\/www.axiomams.eu\/wp-content\/uploads\/2025\/07\/393-5870.jpg","type":"image\/jpeg"}],"twitter_card":"summary_large_image","schema":{"@context":"https:\/\/schema.org","@graph":[{"@type":"WebPage","@id":"https:\/\/www.axiomams.eu\/et\/produktas\/metrel-mi-3202-isolatsioonitesti","url":"https:\/\/www.axiomams.eu\/et\/produktas\/metrel-mi-3202-isolatsioonitesti","name":"Metrel MI 3202 isolatsioonitesti - AXIOMA MS","isPartOf":{"@id":"https:\/\/www.axiomams.eu\/et#website"},"primaryImageOfPage":{"@id":"https:\/\/www.axiomams.eu\/et\/produktas\/metrel-mi-3202-isolatsioonitesti#primaryimage"},"image":{"@id":"https:\/\/www.axiomams.eu\/et\/produktas\/metrel-mi-3202-isolatsioonitesti#primaryimage"},"thumbnailUrl":"https:\/\/www.axiomams.eu\/wp-content\/uploads\/2025\/07\/393-5870.jpg","datePublished":"2025-05-23T08:40:01+00:00","dateModified":"2026-02-02T12:31:46+00:00","breadcrumb":{"@id":"https:\/\/www.axiomams.eu\/et\/produktas\/metrel-mi-3202-isolatsioonitesti#breadcrumb"},"inLanguage":"et","potentialAction":[{"@type":"ReadAction","target":["https:\/\/www.axiomams.eu\/et\/produktas\/metrel-mi-3202-isolatsioonitesti"]}]},{"@type":"ImageObject","inLanguage":"et","@id":"https:\/\/www.axiomams.eu\/et\/produktas\/metrel-mi-3202-isolatsioonitesti#primaryimage","url":"https:\/\/www.axiomams.eu\/wp-content\/uploads\/2025\/07\/393-5870.jpg","contentUrl":"https:\/\/www.axiomams.eu\/wp-content\/uploads\/2025\/07\/393-5870.jpg","width":840,"height":472},{"@type":"BreadcrumbList","@id":"https:\/\/www.axiomams.eu\/et\/produktas\/metrel-mi-3202-isolatsioonitesti#breadcrumb","itemListElement":[{"@type":"ListItem","position":1,"name":"Home","item":"https:\/\/www.axiomams.eu\/et"},{"@type":"ListItem","position":2,"name":"Tooted","item":"https:\/\/www.axiomams.eu\/et\/tooted"},{"@type":"ListItem","position":3,"name":"Metrel MI 3202 isolatsioonitesti"}]},{"@type":"WebSite","@id":"https:\/\/www.axiomams.eu\/et#website","url":"https:\/\/www.axiomams.eu\/et","name":"AXIOMA MS","description":"Terrmovizoriai ir matavimo \u012franga","publisher":{"@id":"https:\/\/www.axiomams.eu\/et#organization"},"potentialAction":[{"@type":"SearchAction","target":{"@type":"EntryPoint","urlTemplate":"https:\/\/www.axiomams.eu\/et?s={search_term_string}"},"query-input":{"@type":"PropertyValueSpecification","valueRequired":true,"valueName":"search_term_string"}}],"inLanguage":"et"},{"@type":"Organization","@id":"https:\/\/www.axiomams.eu\/et#organization","name":"AXIOMA MS","url":"https:\/\/www.axiomams.eu\/et","logo":{"@type":"ImageObject","inLanguage":"et","@id":"https:\/\/www.axiomams.eu\/et#\/schema\/logo\/image\/","url":"https:\/\/www.axiomams.eu\/wp-content\/uploads\/2025\/06\/axioma-logo-2.png","contentUrl":"https:\/\/www.axiomams.eu\/wp-content\/uploads\/2025\/06\/axioma-logo-2.png","width":1200,"height":1200,"caption":"AXIOMA MS"},"image":{"@id":"https:\/\/www.axiomams.eu\/et#\/schema\/logo\/image\/"},"sameAs":["https:\/\/www.facebook.com\/AxiomaMS","https:\/\/www.linkedin.com\/company\/axiomams\/"]}]}},"_links":{"self":[{"href":"https:\/\/www.axiomams.eu\/et\/wp-json\/wp\/v2\/product\/40345","targetHints":{"allow":["GET"]}}],"collection":[{"href":"https:\/\/www.axiomams.eu\/et\/wp-json\/wp\/v2\/product"}],"about":[{"href":"https:\/\/www.axiomams.eu\/et\/wp-json\/wp\/v2\/types\/product"}],"replies":[{"embeddable":true,"href":"https:\/\/www.axiomams.eu\/et\/wp-json\/wp\/v2\/comments?post=40345"}],"wp:featuredmedia":[{"embeddable":true,"href":"https:\/\/www.axiomams.eu\/et\/wp-json\/wp\/v2\/media\/42214"}],"wp:attachment":[{"href":"https:\/\/www.axiomams.eu\/et\/wp-json\/wp\/v2\/media?parent=40345"}],"wp:term":[{"taxonomy":"product_brand","embeddable":true,"href":"https:\/\/www.axiomams.eu\/et\/wp-json\/wp\/v2\/product_brand?post=40345"},{"taxonomy":"product_cat","embeddable":true,"href":"https:\/\/www.axiomams.eu\/et\/wp-json\/wp\/v2\/product_cat?post=40345"},{"taxonomy":"product_tag","embeddable":true,"href":"https:\/\/www.axiomams.eu\/et\/wp-json\/wp\/v2\/product_tag?post=40345"}],"curies":[{"name":"wp","href":"https:\/\/api.w.org\/{rel}","templated":true}]}}