{"id":40346,"date":"2025-05-23T10:40:09","date_gmt":"2025-05-23T08:40:09","guid":{"rendered":"https:\/\/www.axiomams.eu\/produktas\/metrel-mi-3211-teraohmhp-10-kv-isolatsioonitakistuse-tester"},"modified":"2026-02-02T14:31:46","modified_gmt":"2026-02-02T12:31:46","slug":"metrel-mi-3211-teraohmhp-10-kv-isolatsioonitakistuse-tester","status":"publish","type":"product","link":"https:\/\/www.axiomams.eu\/et\/produktas\/metrel-mi-3211-teraohmhp-10-kv-isolatsioonitakistuse-tester","title":{"rendered":"Metrel MI 3211 TeraOhmHP 10 kV isolatsioonitakistuse tester"},"content":{"rendered":"<p>Metrel MI 3211 TeraOhmHP 10 kV on suure v\u00f5imsusega, kaasaskantav, patarei- v\u00f5i v\u00f5rguvooluga katseseade, millel on suurep\u00e4rane IP-kaitse (IP65) ja mis on m\u00f5eldud isolatsioonitakistuse anal\u00fc\u00fcsiks, kasutades k\u00f5rgeid alalisvoolu testpingeid kuni 10 kV. T\u00e4nu oma vastupidavusele (CAT IV m\u00f5\u00f5tekategooria) ja k\u00f5rgele immuunsusele kiiritatud elektromagnetv\u00e4ljade suhtes sobib see k\u00f5ige paremini n\u00f5udlikesse t\u00f6\u00f6stuskeskkondadesse. Puuteekraan v\u00f5i klahvimanipulatsioon men\u00fc\u00fcst juhitava LCD-ekraani kaudu v\u00f5imaldab lihtsat ja l\u00e4bipaistvat erinevate m\u00f5\u00f5tmismeetodite valikut ja andmete lihtsat sisestamist. Uue disainiga katsejuhtidel on kodeeritud banaanipistikud n\u00f5uetekohaseks \u00fchendamiseks ja lukustus, mis kaitseb neid soovimatu v\u00f5i juhusliku eemaldamise eest.<\/p>\n<p>Standardne komplekt: Metrel MI 3211 isolatsioonitakistuse tester, testjuhtmed, toitejuhe, USB-kaabel, kandekott, ES Manager BASIC litsents, l\u00fchike kasutusjuhend, kalibreerimissertifikaat.<\/p>\n<h3>Tehniline teave:<\/h3>\n<ul>\n<li><a href=\"https:\/\/axiomams.eu\/importer\/export\/attachments\/en\/metrel-mi-3211.pdf\" target=\"_blank\">Metrel MI 3211.pdf<\/a><\/li>\n<\/ul>\n","protected":false},"excerpt":{"rendered":"<p>Metrel MI 3211 TeraOhmHP 10 kV on suure v\u00f5imsusega, kaasaskantav, patarei- v\u00f5i v\u00f5rguvooluga katseseade, millel on suurep\u00e4rane IP-kaitse (IP65) ja mis on m\u00f5eldud isolatsioonitakistuse anal\u00fc\u00fcsiks, kasutades k\u00f5rgeid alalisvoolu testpingeid kuni 10 kV. T\u00e4nu oma vastupidavusele (CAT IV m\u00f5\u00f5tekategooria) ja k\u00f5rgele immuunsusele kiiritatud elektromagnetv\u00e4ljade suhtes sobib see k\u00f5ige paremini n\u00f5udlikesse t\u00f6\u00f6stuskeskkondadesse. Puuteekraan v\u00f5i klahvimanipulatsioon men\u00fc\u00fcst juhitava&#8230;<\/p>\n","protected":false},"featured_media":42216,"comment_status":"open","ping_status":"closed","template":"","meta":{"_acf_changed":false},"product_brand":[732],"product_cat":[17778],"product_tag":[],"class_list":{"0":"post-40346","1":"product","2":"type-product","3":"status-publish","4":"has-post-thumbnail","6":"product_brand-metrel","7":"product_cat-elektrijuhtmete-kontrollimiseks","9":"first","10":"instock","11":"taxable","12":"shipping-taxable","13":"purchasable","14":"product-type-simple"},"acf":[],"yoast_head":"<!-- This site is optimized with the Yoast SEO plugin v27.0 - https:\/\/yoast.com\/product\/yoast-seo-wordpress\/ -->\n<title>Metrel MI 3211 TeraOhmHP 10 kV isolatsioonitakistuse tester - AXIOMA MS<\/title>\n<meta name=\"robots\" content=\"index, follow, max-snippet:-1, max-image-preview:large, max-video-preview:-1\" \/>\n<link rel=\"canonical\" href=\"https:\/\/www.axiomams.eu\/et\/produktas\/metrel-mi-3211-teraohmhp-10-kv-isolatsioonitakistuse-tester\" \/>\n<meta property=\"og:locale\" content=\"et_EE\" \/>\n<meta property=\"og:type\" content=\"article\" \/>\n<meta property=\"og:title\" content=\"Metrel MI 3211 TeraOhmHP 10 kV isolatsioonitakistuse tester - AXIOMA MS\" \/>\n<meta property=\"og:description\" content=\"Metrel MI 3211 TeraOhmHP 10 kV on suure v\u00f5imsusega, kaasaskantav, patarei- v\u00f5i v\u00f5rguvooluga katseseade, millel on suurep\u00e4rane IP-kaitse (IP65) ja mis on m\u00f5eldud isolatsioonitakistuse anal\u00fc\u00fcsiks, kasutades k\u00f5rgeid alalisvoolu testpingeid kuni 10 kV. T\u00e4nu oma vastupidavusele (CAT IV m\u00f5\u00f5tekategooria) ja k\u00f5rgele immuunsusele kiiritatud elektromagnetv\u00e4ljade suhtes sobib see k\u00f5ige paremini n\u00f5udlikesse t\u00f6\u00f6stuskeskkondadesse. Puuteekraan v\u00f5i klahvimanipulatsioon men\u00fc\u00fcst juhitava...\" \/>\n<meta property=\"og:url\" content=\"https:\/\/www.axiomams.eu\/et\/produktas\/metrel-mi-3211-teraohmhp-10-kv-isolatsioonitakistuse-tester\" \/>\n<meta property=\"og:site_name\" content=\"AXIOMA MS\" \/>\n<meta property=\"article:publisher\" content=\"https:\/\/www.facebook.com\/AxiomaMS\" \/>\n<meta property=\"article:modified_time\" content=\"2026-02-02T12:31:46+00:00\" \/>\n<meta property=\"og:image\" content=\"https:\/\/www.axiomams.eu\/wp-content\/uploads\/2025\/07\/4578-5885.jpg\" \/>\n\t<meta property=\"og:image:width\" content=\"1200\" \/>\n\t<meta property=\"og:image:height\" content=\"900\" \/>\n\t<meta property=\"og:image:type\" content=\"image\/jpeg\" \/>\n<meta name=\"twitter:card\" content=\"summary_large_image\" \/>\n<meta name=\"twitter:label1\" content=\"Est. reading time\" \/>\n\t<meta name=\"twitter:data1\" content=\"1 minut\" \/>\n<script type=\"application\/ld+json\" class=\"yoast-schema-graph\">{\"@context\":\"https:\/\/schema.org\",\"@graph\":[{\"@type\":\"WebPage\",\"@id\":\"https:\/\/www.axiomams.eu\/et\/produktas\/metrel-mi-3211-teraohmhp-10-kv-isolatsioonitakistuse-tester\",\"url\":\"https:\/\/www.axiomams.eu\/et\/produktas\/metrel-mi-3211-teraohmhp-10-kv-isolatsioonitakistuse-tester\",\"name\":\"Metrel MI 3211 TeraOhmHP 10 kV isolatsioonitakistuse tester - AXIOMA MS\",\"isPartOf\":{\"@id\":\"https:\/\/www.axiomams.eu\/et#website\"},\"primaryImageOfPage\":{\"@id\":\"https:\/\/www.axiomams.eu\/et\/produktas\/metrel-mi-3211-teraohmhp-10-kv-isolatsioonitakistuse-tester#primaryimage\"},\"image\":{\"@id\":\"https:\/\/www.axiomams.eu\/et\/produktas\/metrel-mi-3211-teraohmhp-10-kv-isolatsioonitakistuse-tester#primaryimage\"},\"thumbnailUrl\":\"https:\/\/www.axiomams.eu\/wp-content\/uploads\/2025\/07\/4578-5885.jpg\",\"datePublished\":\"2025-05-23T08:40:09+00:00\",\"dateModified\":\"2026-02-02T12:31:46+00:00\",\"breadcrumb\":{\"@id\":\"https:\/\/www.axiomams.eu\/et\/produktas\/metrel-mi-3211-teraohmhp-10-kv-isolatsioonitakistuse-tester#breadcrumb\"},\"inLanguage\":\"et\",\"potentialAction\":[{\"@type\":\"ReadAction\",\"target\":[\"https:\/\/www.axiomams.eu\/et\/produktas\/metrel-mi-3211-teraohmhp-10-kv-isolatsioonitakistuse-tester\"]}]},{\"@type\":\"ImageObject\",\"inLanguage\":\"et\",\"@id\":\"https:\/\/www.axiomams.eu\/et\/produktas\/metrel-mi-3211-teraohmhp-10-kv-isolatsioonitakistuse-tester#primaryimage\",\"url\":\"https:\/\/www.axiomams.eu\/wp-content\/uploads\/2025\/07\/4578-5885.jpg\",\"contentUrl\":\"https:\/\/www.axiomams.eu\/wp-content\/uploads\/2025\/07\/4578-5885.jpg\",\"width\":1200,\"height\":900},{\"@type\":\"BreadcrumbList\",\"@id\":\"https:\/\/www.axiomams.eu\/et\/produktas\/metrel-mi-3211-teraohmhp-10-kv-isolatsioonitakistuse-tester#breadcrumb\",\"itemListElement\":[{\"@type\":\"ListItem\",\"position\":1,\"name\":\"Home\",\"item\":\"https:\/\/www.axiomams.eu\/et\"},{\"@type\":\"ListItem\",\"position\":2,\"name\":\"Tooted\",\"item\":\"https:\/\/www.axiomams.eu\/et\/tooted\"},{\"@type\":\"ListItem\",\"position\":3,\"name\":\"Metrel MI 3211 TeraOhmHP 10 kV isolatsioonitakistuse tester\"}]},{\"@type\":\"WebSite\",\"@id\":\"https:\/\/www.axiomams.eu\/et#website\",\"url\":\"https:\/\/www.axiomams.eu\/et\",\"name\":\"AXIOMA MS\",\"description\":\"Terrmovizoriai ir matavimo \u012franga\",\"publisher\":{\"@id\":\"https:\/\/www.axiomams.eu\/et#organization\"},\"potentialAction\":[{\"@type\":\"SearchAction\",\"target\":{\"@type\":\"EntryPoint\",\"urlTemplate\":\"https:\/\/www.axiomams.eu\/et?s={search_term_string}\"},\"query-input\":{\"@type\":\"PropertyValueSpecification\",\"valueRequired\":true,\"valueName\":\"search_term_string\"}}],\"inLanguage\":\"et\"},{\"@type\":\"Organization\",\"@id\":\"https:\/\/www.axiomams.eu\/et#organization\",\"name\":\"AXIOMA MS\",\"url\":\"https:\/\/www.axiomams.eu\/et\",\"logo\":{\"@type\":\"ImageObject\",\"inLanguage\":\"et\",\"@id\":\"https:\/\/www.axiomams.eu\/et#\/schema\/logo\/image\/\",\"url\":\"https:\/\/www.axiomams.eu\/wp-content\/uploads\/2025\/06\/axioma-logo-2.png\",\"contentUrl\":\"https:\/\/www.axiomams.eu\/wp-content\/uploads\/2025\/06\/axioma-logo-2.png\",\"width\":1200,\"height\":1200,\"caption\":\"AXIOMA MS\"},\"image\":{\"@id\":\"https:\/\/www.axiomams.eu\/et#\/schema\/logo\/image\/\"},\"sameAs\":[\"https:\/\/www.facebook.com\/AxiomaMS\",\"https:\/\/www.linkedin.com\/company\/axiomams\/\"]}]}<\/script>\n<!-- \/ Yoast SEO plugin. -->","yoast_head_json":{"title":"Metrel MI 3211 TeraOhmHP 10 kV isolatsioonitakistuse tester - AXIOMA MS","robots":{"index":"index","follow":"follow","max-snippet":"max-snippet:-1","max-image-preview":"max-image-preview:large","max-video-preview":"max-video-preview:-1"},"canonical":"https:\/\/www.axiomams.eu\/et\/produktas\/metrel-mi-3211-teraohmhp-10-kv-isolatsioonitakistuse-tester","og_locale":"et_EE","og_type":"article","og_title":"Metrel MI 3211 TeraOhmHP 10 kV isolatsioonitakistuse tester - AXIOMA MS","og_description":"Metrel MI 3211 TeraOhmHP 10 kV on suure v\u00f5imsusega, kaasaskantav, patarei- v\u00f5i v\u00f5rguvooluga katseseade, millel on suurep\u00e4rane IP-kaitse (IP65) ja mis on m\u00f5eldud isolatsioonitakistuse anal\u00fc\u00fcsiks, kasutades k\u00f5rgeid alalisvoolu testpingeid kuni 10 kV. T\u00e4nu oma vastupidavusele (CAT IV m\u00f5\u00f5tekategooria) ja k\u00f5rgele immuunsusele kiiritatud elektromagnetv\u00e4ljade suhtes sobib see k\u00f5ige paremini n\u00f5udlikesse t\u00f6\u00f6stuskeskkondadesse. Puuteekraan v\u00f5i klahvimanipulatsioon men\u00fc\u00fcst juhitava...","og_url":"https:\/\/www.axiomams.eu\/et\/produktas\/metrel-mi-3211-teraohmhp-10-kv-isolatsioonitakistuse-tester","og_site_name":"AXIOMA MS","article_publisher":"https:\/\/www.facebook.com\/AxiomaMS","article_modified_time":"2026-02-02T12:31:46+00:00","og_image":[{"width":1200,"height":900,"url":"https:\/\/www.axiomams.eu\/wp-content\/uploads\/2025\/07\/4578-5885.jpg","type":"image\/jpeg"}],"twitter_card":"summary_large_image","twitter_misc":{"Est. reading time":"1 minut"},"schema":{"@context":"https:\/\/schema.org","@graph":[{"@type":"WebPage","@id":"https:\/\/www.axiomams.eu\/et\/produktas\/metrel-mi-3211-teraohmhp-10-kv-isolatsioonitakistuse-tester","url":"https:\/\/www.axiomams.eu\/et\/produktas\/metrel-mi-3211-teraohmhp-10-kv-isolatsioonitakistuse-tester","name":"Metrel MI 3211 TeraOhmHP 10 kV isolatsioonitakistuse tester - AXIOMA MS","isPartOf":{"@id":"https:\/\/www.axiomams.eu\/et#website"},"primaryImageOfPage":{"@id":"https:\/\/www.axiomams.eu\/et\/produktas\/metrel-mi-3211-teraohmhp-10-kv-isolatsioonitakistuse-tester#primaryimage"},"image":{"@id":"https:\/\/www.axiomams.eu\/et\/produktas\/metrel-mi-3211-teraohmhp-10-kv-isolatsioonitakistuse-tester#primaryimage"},"thumbnailUrl":"https:\/\/www.axiomams.eu\/wp-content\/uploads\/2025\/07\/4578-5885.jpg","datePublished":"2025-05-23T08:40:09+00:00","dateModified":"2026-02-02T12:31:46+00:00","breadcrumb":{"@id":"https:\/\/www.axiomams.eu\/et\/produktas\/metrel-mi-3211-teraohmhp-10-kv-isolatsioonitakistuse-tester#breadcrumb"},"inLanguage":"et","potentialAction":[{"@type":"ReadAction","target":["https:\/\/www.axiomams.eu\/et\/produktas\/metrel-mi-3211-teraohmhp-10-kv-isolatsioonitakistuse-tester"]}]},{"@type":"ImageObject","inLanguage":"et","@id":"https:\/\/www.axiomams.eu\/et\/produktas\/metrel-mi-3211-teraohmhp-10-kv-isolatsioonitakistuse-tester#primaryimage","url":"https:\/\/www.axiomams.eu\/wp-content\/uploads\/2025\/07\/4578-5885.jpg","contentUrl":"https:\/\/www.axiomams.eu\/wp-content\/uploads\/2025\/07\/4578-5885.jpg","width":1200,"height":900},{"@type":"BreadcrumbList","@id":"https:\/\/www.axiomams.eu\/et\/produktas\/metrel-mi-3211-teraohmhp-10-kv-isolatsioonitakistuse-tester#breadcrumb","itemListElement":[{"@type":"ListItem","position":1,"name":"Home","item":"https:\/\/www.axiomams.eu\/et"},{"@type":"ListItem","position":2,"name":"Tooted","item":"https:\/\/www.axiomams.eu\/et\/tooted"},{"@type":"ListItem","position":3,"name":"Metrel MI 3211 TeraOhmHP 10 kV isolatsioonitakistuse tester"}]},{"@type":"WebSite","@id":"https:\/\/www.axiomams.eu\/et#website","url":"https:\/\/www.axiomams.eu\/et","name":"AXIOMA MS","description":"Terrmovizoriai ir matavimo \u012franga","publisher":{"@id":"https:\/\/www.axiomams.eu\/et#organization"},"potentialAction":[{"@type":"SearchAction","target":{"@type":"EntryPoint","urlTemplate":"https:\/\/www.axiomams.eu\/et?s={search_term_string}"},"query-input":{"@type":"PropertyValueSpecification","valueRequired":true,"valueName":"search_term_string"}}],"inLanguage":"et"},{"@type":"Organization","@id":"https:\/\/www.axiomams.eu\/et#organization","name":"AXIOMA MS","url":"https:\/\/www.axiomams.eu\/et","logo":{"@type":"ImageObject","inLanguage":"et","@id":"https:\/\/www.axiomams.eu\/et#\/schema\/logo\/image\/","url":"https:\/\/www.axiomams.eu\/wp-content\/uploads\/2025\/06\/axioma-logo-2.png","contentUrl":"https:\/\/www.axiomams.eu\/wp-content\/uploads\/2025\/06\/axioma-logo-2.png","width":1200,"height":1200,"caption":"AXIOMA MS"},"image":{"@id":"https:\/\/www.axiomams.eu\/et#\/schema\/logo\/image\/"},"sameAs":["https:\/\/www.facebook.com\/AxiomaMS","https:\/\/www.linkedin.com\/company\/axiomams\/"]}]}},"_links":{"self":[{"href":"https:\/\/www.axiomams.eu\/et\/wp-json\/wp\/v2\/product\/40346","targetHints":{"allow":["GET"]}}],"collection":[{"href":"https:\/\/www.axiomams.eu\/et\/wp-json\/wp\/v2\/product"}],"about":[{"href":"https:\/\/www.axiomams.eu\/et\/wp-json\/wp\/v2\/types\/product"}],"replies":[{"embeddable":true,"href":"https:\/\/www.axiomams.eu\/et\/wp-json\/wp\/v2\/comments?post=40346"}],"wp:featuredmedia":[{"embeddable":true,"href":"https:\/\/www.axiomams.eu\/et\/wp-json\/wp\/v2\/media\/42216"}],"wp:attachment":[{"href":"https:\/\/www.axiomams.eu\/et\/wp-json\/wp\/v2\/media?parent=40346"}],"wp:term":[{"taxonomy":"product_brand","embeddable":true,"href":"https:\/\/www.axiomams.eu\/et\/wp-json\/wp\/v2\/product_brand?post=40346"},{"taxonomy":"product_cat","embeddable":true,"href":"https:\/\/www.axiomams.eu\/et\/wp-json\/wp\/v2\/product_cat?post=40346"},{"taxonomy":"product_tag","embeddable":true,"href":"https:\/\/www.axiomams.eu\/et\/wp-json\/wp\/v2\/product_tag?post=40346"}],"curies":[{"name":"wp","href":"https:\/\/api.w.org\/{rel}","templated":true}]}}