{"id":40347,"date":"2025-05-15T18:03:36","date_gmt":"2025-05-15T16:03:36","guid":{"rendered":"https:\/\/www.axiomams.eu\/produktas\/metrel-mi-3290-gf-maandustakistuse-tester"},"modified":"2026-02-02T14:31:46","modified_gmt":"2026-02-02T12:31:46","slug":"metrel-mi-3290-gf-maandustakistuse-tester","status":"publish","type":"product","link":"https:\/\/www.axiomams.eu\/et\/produktas\/metrel-mi-3290-gf-maandustakistuse-tester","title":{"rendered":"Metrel MI 3290 GF maandustakistuse tester"},"content":{"rendered":"<p>Metrel MI 3290 maandusanal\u00fcsaator on kaasaskantav, aku- v\u00f5i v\u00f5rgutoitel t\u00f6\u00f6tav, suurep\u00e4rase IP-kaitsega (IP 54 avatud korpus) katseseade, mis on ette n\u00e4htud erinevate energeetiliste ja mitteenergeetiliste objektide maandustakistuse, erimuldetakistuse ja maanduspotentsiaali m\u00f5\u00f5tmiseks. Kasutaja saab valida erinevate meetodite vahel, alates klassikalisest kolmejuhtmelisest maandustakistuse m\u00f5\u00f5tmisest kuni \u00fche v\u00f5i nelja klambri meetodini mastide m\u00f5\u00f5tmiseks. Ta saab valida m\u00f5\u00f5tmismeetodite vahel erinevate sagedusmeetodite vahel: \u00fcksiksagedus v\u00f5i sageduse p\u00fchkimine vahemikus 55 Hz kuni 15 kHz, HF-meetod 25 kHz ja impulssmeetod, mis simuleerib v\u00e4lgul\u00f6\u00f6ki. K\u00f5rge elektrilise m\u00fcra immuunsuse t\u00f5ttu sobib see seade k\u00f5ige paremini t\u00f6\u00f6stuskeskkonda. Seade on saadaval mitmes komplektis, mis on kombinatsioon erinevatest tarvikutest ja m\u00f5\u00f5tmisfunktsioonidest.<\/p>\n<p>Standardkomplekt: Metrel MI 3290, voolu maanduspiik 90 cm, 2 tk, potentsiaali maanduspiik 50 cm, 2 tk, \u00fchendusjuhe must 2m, katsejuhe punane 5 m, katsejuhe sinine 5 m, katsejuhe must rullikul 50 m, katsejuhe roheline rullikul 50 m, katsejuhe sinine rullikul 50 m, varjestatud katsejuhe 75 m rullikul, G-klamber, katsesondi komplekt, krokodillklamber ja 2m katsejuhe, 4 tk.<\/p>\n<p>Metrel MI 3290 GF lisatarvikud: Litsents GF, Pidevuse katsejuhe, krokodillklambriga, 2 x 2,5 m, 2 tk, Voltmeeter MI 3295M koos kahejuhtmelise katsejuhtmega, Pehme kandekott, Astmeline pinge testplaat, 2 tk, NiMH akuelemendid, t\u00fc\u00fcp AA, 6 tk, Toiteadapter.<\/p>\n<h3>Tehniline teave:<\/h3>\n<ul>\n<li><a href=\"https:\/\/axiomams.eu\/importer\/export\/attachments\/en\/metrel-mi3290.pdf\" target=\"_blank\">METREL MI3290.pdf<\/a><\/li>\n<\/ul>\n","protected":false},"excerpt":{"rendered":"<p>Metrel MI 3290 maandusanal\u00fcsaator on kaasaskantav, aku- v\u00f5i v\u00f5rgutoitel t\u00f6\u00f6tav, suurep\u00e4rase IP-kaitsega (IP 54 avatud korpus) katseseade, mis on ette n\u00e4htud erinevate energeetiliste ja mitteenergeetiliste objektide maandustakistuse, erimuldetakistuse ja maanduspotentsiaali m\u00f5\u00f5tmiseks. Kasutaja saab valida erinevate meetodite vahel, alates klassikalisest kolmejuhtmelisest maandustakistuse m\u00f5\u00f5tmisest kuni \u00fche v\u00f5i nelja klambri meetodini mastide m\u00f5\u00f5tmiseks. Ta saab valida m\u00f5\u00f5tmismeetodite vahel&#8230;<\/p>\n","protected":false},"featured_media":42218,"comment_status":"open","ping_status":"closed","template":"","meta":{"_acf_changed":false},"product_brand":[732],"product_cat":[17778],"product_tag":[],"class_list":{"0":"post-40347","1":"product","2":"type-product","3":"status-publish","4":"has-post-thumbnail","6":"product_brand-metrel","7":"product_cat-elektrijuhtmete-kontrollimiseks","9":"first","10":"instock","11":"taxable","12":"shipping-taxable","13":"product-type-simple"},"acf":[],"yoast_head":"<!-- This site is optimized with the Yoast SEO plugin v27.0 - https:\/\/yoast.com\/product\/yoast-seo-wordpress\/ -->\n<title>Metrel MI 3290 GF maandustakistuse tester - AXIOMA MS<\/title>\n<meta name=\"robots\" content=\"index, follow, max-snippet:-1, max-image-preview:large, max-video-preview:-1\" \/>\n<link rel=\"canonical\" href=\"https:\/\/www.axiomams.eu\/et\/produktas\/metrel-mi-3290-gf-maandustakistuse-tester\" \/>\n<meta property=\"og:locale\" content=\"et_EE\" \/>\n<meta property=\"og:type\" content=\"article\" \/>\n<meta property=\"og:title\" content=\"Metrel MI 3290 GF maandustakistuse tester - AXIOMA MS\" \/>\n<meta property=\"og:description\" content=\"Metrel MI 3290 maandusanal\u00fcsaator on kaasaskantav, aku- v\u00f5i v\u00f5rgutoitel t\u00f6\u00f6tav, suurep\u00e4rase IP-kaitsega (IP 54 avatud korpus) katseseade, mis on ette n\u00e4htud erinevate energeetiliste ja mitteenergeetiliste objektide maandustakistuse, erimuldetakistuse ja maanduspotentsiaali m\u00f5\u00f5tmiseks. Kasutaja saab valida erinevate meetodite vahel, alates klassikalisest kolmejuhtmelisest maandustakistuse m\u00f5\u00f5tmisest kuni \u00fche v\u00f5i nelja klambri meetodini mastide m\u00f5\u00f5tmiseks. Ta saab valida m\u00f5\u00f5tmismeetodite vahel...\" \/>\n<meta property=\"og:url\" content=\"https:\/\/www.axiomams.eu\/et\/produktas\/metrel-mi-3290-gf-maandustakistuse-tester\" \/>\n<meta property=\"og:site_name\" content=\"AXIOMA MS\" \/>\n<meta property=\"article:publisher\" content=\"https:\/\/www.facebook.com\/AxiomaMS\" \/>\n<meta property=\"article:modified_time\" content=\"2026-02-02T12:31:46+00:00\" \/>\n<meta property=\"og:image\" content=\"https:\/\/www.axiomams.eu\/wp-content\/uploads\/2025\/07\/4592-5905.jpg\" \/>\n\t<meta property=\"og:image:width\" content=\"800\" \/>\n\t<meta property=\"og:image:height\" content=\"728\" \/>\n\t<meta property=\"og:image:type\" content=\"image\/jpeg\" \/>\n<meta name=\"twitter:card\" content=\"summary_large_image\" \/>\n<meta name=\"twitter:label1\" content=\"Est. reading time\" \/>\n\t<meta name=\"twitter:data1\" content=\"1 minut\" \/>\n<script type=\"application\/ld+json\" class=\"yoast-schema-graph\">{\"@context\":\"https:\/\/schema.org\",\"@graph\":[{\"@type\":\"WebPage\",\"@id\":\"https:\/\/www.axiomams.eu\/et\/produktas\/metrel-mi-3290-gf-maandustakistuse-tester\",\"url\":\"https:\/\/www.axiomams.eu\/et\/produktas\/metrel-mi-3290-gf-maandustakistuse-tester\",\"name\":\"Metrel MI 3290 GF maandustakistuse tester - AXIOMA MS\",\"isPartOf\":{\"@id\":\"https:\/\/www.axiomams.eu\/et#website\"},\"primaryImageOfPage\":{\"@id\":\"https:\/\/www.axiomams.eu\/et\/produktas\/metrel-mi-3290-gf-maandustakistuse-tester#primaryimage\"},\"image\":{\"@id\":\"https:\/\/www.axiomams.eu\/et\/produktas\/metrel-mi-3290-gf-maandustakistuse-tester#primaryimage\"},\"thumbnailUrl\":\"https:\/\/www.axiomams.eu\/wp-content\/uploads\/2025\/07\/4592-5905.jpg\",\"datePublished\":\"2025-05-15T16:03:36+00:00\",\"dateModified\":\"2026-02-02T12:31:46+00:00\",\"breadcrumb\":{\"@id\":\"https:\/\/www.axiomams.eu\/et\/produktas\/metrel-mi-3290-gf-maandustakistuse-tester#breadcrumb\"},\"inLanguage\":\"et\",\"potentialAction\":[{\"@type\":\"ReadAction\",\"target\":[\"https:\/\/www.axiomams.eu\/et\/produktas\/metrel-mi-3290-gf-maandustakistuse-tester\"]}]},{\"@type\":\"ImageObject\",\"inLanguage\":\"et\",\"@id\":\"https:\/\/www.axiomams.eu\/et\/produktas\/metrel-mi-3290-gf-maandustakistuse-tester#primaryimage\",\"url\":\"https:\/\/www.axiomams.eu\/wp-content\/uploads\/2025\/07\/4592-5905.jpg\",\"contentUrl\":\"https:\/\/www.axiomams.eu\/wp-content\/uploads\/2025\/07\/4592-5905.jpg\",\"width\":800,\"height\":728},{\"@type\":\"BreadcrumbList\",\"@id\":\"https:\/\/www.axiomams.eu\/et\/produktas\/metrel-mi-3290-gf-maandustakistuse-tester#breadcrumb\",\"itemListElement\":[{\"@type\":\"ListItem\",\"position\":1,\"name\":\"Home\",\"item\":\"https:\/\/www.axiomams.eu\/et\"},{\"@type\":\"ListItem\",\"position\":2,\"name\":\"Tooted\",\"item\":\"https:\/\/www.axiomams.eu\/et\/tooted\"},{\"@type\":\"ListItem\",\"position\":3,\"name\":\"Metrel MI 3290 GF maandustakistuse tester\"}]},{\"@type\":\"WebSite\",\"@id\":\"https:\/\/www.axiomams.eu\/et#website\",\"url\":\"https:\/\/www.axiomams.eu\/et\",\"name\":\"AXIOMA MS\",\"description\":\"Terrmovizoriai ir matavimo \u012franga\",\"publisher\":{\"@id\":\"https:\/\/www.axiomams.eu\/et#organization\"},\"potentialAction\":[{\"@type\":\"SearchAction\",\"target\":{\"@type\":\"EntryPoint\",\"urlTemplate\":\"https:\/\/www.axiomams.eu\/et?s={search_term_string}\"},\"query-input\":{\"@type\":\"PropertyValueSpecification\",\"valueRequired\":true,\"valueName\":\"search_term_string\"}}],\"inLanguage\":\"et\"},{\"@type\":\"Organization\",\"@id\":\"https:\/\/www.axiomams.eu\/et#organization\",\"name\":\"AXIOMA MS\",\"url\":\"https:\/\/www.axiomams.eu\/et\",\"logo\":{\"@type\":\"ImageObject\",\"inLanguage\":\"et\",\"@id\":\"https:\/\/www.axiomams.eu\/et#\/schema\/logo\/image\/\",\"url\":\"https:\/\/www.axiomams.eu\/wp-content\/uploads\/2025\/06\/axioma-logo-2.png\",\"contentUrl\":\"https:\/\/www.axiomams.eu\/wp-content\/uploads\/2025\/06\/axioma-logo-2.png\",\"width\":1200,\"height\":1200,\"caption\":\"AXIOMA MS\"},\"image\":{\"@id\":\"https:\/\/www.axiomams.eu\/et#\/schema\/logo\/image\/\"},\"sameAs\":[\"https:\/\/www.facebook.com\/AxiomaMS\",\"https:\/\/www.linkedin.com\/company\/axiomams\/\"]}]}<\/script>\n<!-- \/ Yoast SEO plugin. -->","yoast_head_json":{"title":"Metrel MI 3290 GF maandustakistuse tester - AXIOMA MS","robots":{"index":"index","follow":"follow","max-snippet":"max-snippet:-1","max-image-preview":"max-image-preview:large","max-video-preview":"max-video-preview:-1"},"canonical":"https:\/\/www.axiomams.eu\/et\/produktas\/metrel-mi-3290-gf-maandustakistuse-tester","og_locale":"et_EE","og_type":"article","og_title":"Metrel MI 3290 GF maandustakistuse tester - AXIOMA MS","og_description":"Metrel MI 3290 maandusanal\u00fcsaator on kaasaskantav, aku- v\u00f5i v\u00f5rgutoitel t\u00f6\u00f6tav, suurep\u00e4rase IP-kaitsega (IP 54 avatud korpus) katseseade, mis on ette n\u00e4htud erinevate energeetiliste ja mitteenergeetiliste objektide maandustakistuse, erimuldetakistuse ja maanduspotentsiaali m\u00f5\u00f5tmiseks. Kasutaja saab valida erinevate meetodite vahel, alates klassikalisest kolmejuhtmelisest maandustakistuse m\u00f5\u00f5tmisest kuni \u00fche v\u00f5i nelja klambri meetodini mastide m\u00f5\u00f5tmiseks. Ta saab valida m\u00f5\u00f5tmismeetodite vahel...","og_url":"https:\/\/www.axiomams.eu\/et\/produktas\/metrel-mi-3290-gf-maandustakistuse-tester","og_site_name":"AXIOMA MS","article_publisher":"https:\/\/www.facebook.com\/AxiomaMS","article_modified_time":"2026-02-02T12:31:46+00:00","og_image":[{"width":800,"height":728,"url":"https:\/\/www.axiomams.eu\/wp-content\/uploads\/2025\/07\/4592-5905.jpg","type":"image\/jpeg"}],"twitter_card":"summary_large_image","twitter_misc":{"Est. reading time":"1 minut"},"schema":{"@context":"https:\/\/schema.org","@graph":[{"@type":"WebPage","@id":"https:\/\/www.axiomams.eu\/et\/produktas\/metrel-mi-3290-gf-maandustakistuse-tester","url":"https:\/\/www.axiomams.eu\/et\/produktas\/metrel-mi-3290-gf-maandustakistuse-tester","name":"Metrel MI 3290 GF maandustakistuse tester - AXIOMA MS","isPartOf":{"@id":"https:\/\/www.axiomams.eu\/et#website"},"primaryImageOfPage":{"@id":"https:\/\/www.axiomams.eu\/et\/produktas\/metrel-mi-3290-gf-maandustakistuse-tester#primaryimage"},"image":{"@id":"https:\/\/www.axiomams.eu\/et\/produktas\/metrel-mi-3290-gf-maandustakistuse-tester#primaryimage"},"thumbnailUrl":"https:\/\/www.axiomams.eu\/wp-content\/uploads\/2025\/07\/4592-5905.jpg","datePublished":"2025-05-15T16:03:36+00:00","dateModified":"2026-02-02T12:31:46+00:00","breadcrumb":{"@id":"https:\/\/www.axiomams.eu\/et\/produktas\/metrel-mi-3290-gf-maandustakistuse-tester#breadcrumb"},"inLanguage":"et","potentialAction":[{"@type":"ReadAction","target":["https:\/\/www.axiomams.eu\/et\/produktas\/metrel-mi-3290-gf-maandustakistuse-tester"]}]},{"@type":"ImageObject","inLanguage":"et","@id":"https:\/\/www.axiomams.eu\/et\/produktas\/metrel-mi-3290-gf-maandustakistuse-tester#primaryimage","url":"https:\/\/www.axiomams.eu\/wp-content\/uploads\/2025\/07\/4592-5905.jpg","contentUrl":"https:\/\/www.axiomams.eu\/wp-content\/uploads\/2025\/07\/4592-5905.jpg","width":800,"height":728},{"@type":"BreadcrumbList","@id":"https:\/\/www.axiomams.eu\/et\/produktas\/metrel-mi-3290-gf-maandustakistuse-tester#breadcrumb","itemListElement":[{"@type":"ListItem","position":1,"name":"Home","item":"https:\/\/www.axiomams.eu\/et"},{"@type":"ListItem","position":2,"name":"Tooted","item":"https:\/\/www.axiomams.eu\/et\/tooted"},{"@type":"ListItem","position":3,"name":"Metrel MI 3290 GF maandustakistuse tester"}]},{"@type":"WebSite","@id":"https:\/\/www.axiomams.eu\/et#website","url":"https:\/\/www.axiomams.eu\/et","name":"AXIOMA MS","description":"Terrmovizoriai ir matavimo \u012franga","publisher":{"@id":"https:\/\/www.axiomams.eu\/et#organization"},"potentialAction":[{"@type":"SearchAction","target":{"@type":"EntryPoint","urlTemplate":"https:\/\/www.axiomams.eu\/et?s={search_term_string}"},"query-input":{"@type":"PropertyValueSpecification","valueRequired":true,"valueName":"search_term_string"}}],"inLanguage":"et"},{"@type":"Organization","@id":"https:\/\/www.axiomams.eu\/et#organization","name":"AXIOMA MS","url":"https:\/\/www.axiomams.eu\/et","logo":{"@type":"ImageObject","inLanguage":"et","@id":"https:\/\/www.axiomams.eu\/et#\/schema\/logo\/image\/","url":"https:\/\/www.axiomams.eu\/wp-content\/uploads\/2025\/06\/axioma-logo-2.png","contentUrl":"https:\/\/www.axiomams.eu\/wp-content\/uploads\/2025\/06\/axioma-logo-2.png","width":1200,"height":1200,"caption":"AXIOMA MS"},"image":{"@id":"https:\/\/www.axiomams.eu\/et#\/schema\/logo\/image\/"},"sameAs":["https:\/\/www.facebook.com\/AxiomaMS","https:\/\/www.linkedin.com\/company\/axiomams\/"]}]}},"_links":{"self":[{"href":"https:\/\/www.axiomams.eu\/et\/wp-json\/wp\/v2\/product\/40347","targetHints":{"allow":["GET"]}}],"collection":[{"href":"https:\/\/www.axiomams.eu\/et\/wp-json\/wp\/v2\/product"}],"about":[{"href":"https:\/\/www.axiomams.eu\/et\/wp-json\/wp\/v2\/types\/product"}],"replies":[{"embeddable":true,"href":"https:\/\/www.axiomams.eu\/et\/wp-json\/wp\/v2\/comments?post=40347"}],"wp:featuredmedia":[{"embeddable":true,"href":"https:\/\/www.axiomams.eu\/et\/wp-json\/wp\/v2\/media\/42218"}],"wp:attachment":[{"href":"https:\/\/www.axiomams.eu\/et\/wp-json\/wp\/v2\/media?parent=40347"}],"wp:term":[{"taxonomy":"product_brand","embeddable":true,"href":"https:\/\/www.axiomams.eu\/et\/wp-json\/wp\/v2\/product_brand?post=40347"},{"taxonomy":"product_cat","embeddable":true,"href":"https:\/\/www.axiomams.eu\/et\/wp-json\/wp\/v2\/product_cat?post=40347"},{"taxonomy":"product_tag","embeddable":true,"href":"https:\/\/www.axiomams.eu\/et\/wp-json\/wp\/v2\/product_tag?post=40347"}],"curies":[{"name":"wp","href":"https:\/\/api.w.org\/{rel}","templated":true}]}}