{"id":40352,"date":"2025-05-15T18:03:45","date_gmt":"2025-05-15T16:03:45","guid":{"rendered":"https:\/\/www.axiomams.eu\/produktas\/metrel-mi-3394-eu-ce-multitesterxa"},"modified":"2026-02-02T14:31:47","modified_gmt":"2026-02-02T12:31:47","slug":"metrel-mi-3394-eu-ce-multitesterxa","status":"publish","type":"product","link":"https:\/\/www.axiomams.eu\/et\/produktas\/metrel-mi-3394-eu-ce-multitesterxa","title":{"rendered":"Metrel MI 3394 EU CE MultiTesterXA"},"content":{"rendered":"<p>Metrel MI 3394 CE MultiTesterXA on kaasaskantav seade, mis on m\u00f5eldud elektriseadmete, masinate ja jaotuskilpide elektriohutuse kontrollimiseks ja CE-sertifitseerimiseks tootmise k\u00e4igus.<br \/>\nArvutitarkvara MES-Manager v\u00f5imaldab automaatsete katseseeriate ja projektide \u00fcleslaadimist, katsetulemuste allalaadimist arvutisse, andmete automaatset salvestamist faili ja katsearuannete printimist.<\/p>\n<p>Standardkomplekt: Metrel MI 3394 CE MultiTesterXA &#8211; Euro-komplekt, HV-testip\u00fcstolid 2 tk, pidevuse testjuhtmete komplekt, isolatsiooni testjuhtmete komplekt, krokodillklambrite komplekt, t\u00fchjendusaja kaabel, v\u00f5rgukaabel, kott tarvikute jaoks, kalibreerimissertifikaat, RS232-kaabel, USB-kaabel, CD kasutusjuhendiga, Metrel ES Manager BASIC tarkvara.<\/p>\n<p><iframe loading=\"lazy\" width=\"560\" height=\"315\" src=\"https:\/\/www.youtube.com\/embed\/wYuQMd0Uljk?si=31QvZFVL4WQ7ffsI\" title=\"YouTube videopleier\" frameborder=\"0\" allow=\"accelerometer; autoplay; clipboard-write; encrypted-media; gyroscope; picture-in-picture; web-share\" referrerpolicy=\"strict-origin-when-cross-origin\" allowfullscreen><\/iframe><\/p>\n<h3>Tehniline teave:<\/h3>\n<ul>\n<li><a href=\"https:\/\/axiomams.eu\/importer\/export\/attachments\/en\/metrel-mi-3394-eu.pdf\" target=\"_blank\">Metrel MI 3394 EU.pdf<\/a><\/li>\n<\/ul>\n","protected":false},"excerpt":{"rendered":"<p>Metrel MI 3394 CE MultiTesterXA on kaasaskantav seade, mis on m\u00f5eldud elektriseadmete, masinate ja jaotuskilpide elektriohutuse kontrollimiseks ja CE-sertifitseerimiseks tootmise k\u00e4igus. Arvutitarkvara MES-Manager v\u00f5imaldab automaatsete katseseeriate ja projektide \u00fcleslaadimist, katsetulemuste allalaadimist arvutisse, andmete automaatset salvestamist faili ja katsearuannete printimist. Standardkomplekt: Metrel MI 3394 CE MultiTesterXA &#8211; Euro-komplekt, HV-testip\u00fcstolid 2 tk, pidevuse testjuhtmete komplekt, isolatsiooni testjuhtmete&#8230;<\/p>\n","protected":false},"featured_media":42228,"comment_status":"open","ping_status":"closed","template":"","meta":{"_acf_changed":false},"product_brand":[732],"product_cat":[17779,17832],"product_tag":[],"class_list":{"0":"post-40352","1":"product","2":"type-product","3":"status-publish","4":"has-post-thumbnail","6":"product_brand-metrel","7":"product_cat-elektriliste-seadmete-katsetamiseks-ja-testimiseks","8":"product_cat-seadmete-ja-elektriseadmete-katsetamiseks-pat","10":"first","11":"instock","12":"taxable","13":"shipping-taxable","14":"product-type-simple"},"acf":[],"yoast_head":"<!-- This site is optimized with the Yoast SEO plugin v27.0 - https:\/\/yoast.com\/product\/yoast-seo-wordpress\/ -->\n<title>Metrel MI 3394 EU CE MultiTesterXA - AXIOMA MS<\/title>\n<meta name=\"robots\" content=\"index, follow, max-snippet:-1, max-image-preview:large, max-video-preview:-1\" \/>\n<link rel=\"canonical\" href=\"https:\/\/www.axiomams.eu\/et\/produktas\/metrel-mi-3394-eu-ce-multitesterxa\" \/>\n<meta property=\"og:locale\" content=\"et_EE\" \/>\n<meta property=\"og:type\" content=\"article\" \/>\n<meta property=\"og:title\" content=\"Metrel MI 3394 EU CE MultiTesterXA - AXIOMA MS\" \/>\n<meta property=\"og:description\" content=\"Metrel MI 3394 CE MultiTesterXA on kaasaskantav seade, mis on m\u00f5eldud elektriseadmete, masinate ja jaotuskilpide elektriohutuse kontrollimiseks ja CE-sertifitseerimiseks tootmise k\u00e4igus. Arvutitarkvara MES-Manager v\u00f5imaldab automaatsete katseseeriate ja projektide \u00fcleslaadimist, katsetulemuste allalaadimist arvutisse, andmete automaatset salvestamist faili ja katsearuannete printimist. Standardkomplekt: Metrel MI 3394 CE MultiTesterXA &#8211; Euro-komplekt, HV-testip\u00fcstolid 2 tk, pidevuse testjuhtmete komplekt, isolatsiooni testjuhtmete...\" \/>\n<meta property=\"og:url\" content=\"https:\/\/www.axiomams.eu\/et\/produktas\/metrel-mi-3394-eu-ce-multitesterxa\" \/>\n<meta property=\"og:site_name\" content=\"AXIOMA MS\" \/>\n<meta property=\"article:publisher\" content=\"https:\/\/www.facebook.com\/AxiomaMS\" \/>\n<meta property=\"article:modified_time\" content=\"2026-02-02T12:31:47+00:00\" \/>\n<meta property=\"og:image\" content=\"https:\/\/www.axiomams.eu\/wp-content\/uploads\/2025\/07\/3511-4736.jpg\" \/>\n\t<meta property=\"og:image:width\" content=\"1020\" \/>\n\t<meta property=\"og:image:height\" content=\"1020\" \/>\n\t<meta property=\"og:image:type\" content=\"image\/jpeg\" \/>\n<meta name=\"twitter:card\" content=\"summary_large_image\" \/>\n<script type=\"application\/ld+json\" class=\"yoast-schema-graph\">{\"@context\":\"https:\/\/schema.org\",\"@graph\":[{\"@type\":\"WebPage\",\"@id\":\"https:\/\/www.axiomams.eu\/et\/produktas\/metrel-mi-3394-eu-ce-multitesterxa\",\"url\":\"https:\/\/www.axiomams.eu\/et\/produktas\/metrel-mi-3394-eu-ce-multitesterxa\",\"name\":\"Metrel MI 3394 EU CE MultiTesterXA - AXIOMA MS\",\"isPartOf\":{\"@id\":\"https:\/\/www.axiomams.eu\/et#website\"},\"primaryImageOfPage\":{\"@id\":\"https:\/\/www.axiomams.eu\/et\/produktas\/metrel-mi-3394-eu-ce-multitesterxa#primaryimage\"},\"image\":{\"@id\":\"https:\/\/www.axiomams.eu\/et\/produktas\/metrel-mi-3394-eu-ce-multitesterxa#primaryimage\"},\"thumbnailUrl\":\"https:\/\/www.axiomams.eu\/wp-content\/uploads\/2025\/07\/3511-4736.jpg\",\"datePublished\":\"2025-05-15T16:03:45+00:00\",\"dateModified\":\"2026-02-02T12:31:47+00:00\",\"breadcrumb\":{\"@id\":\"https:\/\/www.axiomams.eu\/et\/produktas\/metrel-mi-3394-eu-ce-multitesterxa#breadcrumb\"},\"inLanguage\":\"et\",\"potentialAction\":[{\"@type\":\"ReadAction\",\"target\":[\"https:\/\/www.axiomams.eu\/et\/produktas\/metrel-mi-3394-eu-ce-multitesterxa\"]}]},{\"@type\":\"ImageObject\",\"inLanguage\":\"et\",\"@id\":\"https:\/\/www.axiomams.eu\/et\/produktas\/metrel-mi-3394-eu-ce-multitesterxa#primaryimage\",\"url\":\"https:\/\/www.axiomams.eu\/wp-content\/uploads\/2025\/07\/3511-4736.jpg\",\"contentUrl\":\"https:\/\/www.axiomams.eu\/wp-content\/uploads\/2025\/07\/3511-4736.jpg\",\"width\":1020,\"height\":1020},{\"@type\":\"BreadcrumbList\",\"@id\":\"https:\/\/www.axiomams.eu\/et\/produktas\/metrel-mi-3394-eu-ce-multitesterxa#breadcrumb\",\"itemListElement\":[{\"@type\":\"ListItem\",\"position\":1,\"name\":\"Home\",\"item\":\"https:\/\/www.axiomams.eu\/et\"},{\"@type\":\"ListItem\",\"position\":2,\"name\":\"Tooted\",\"item\":\"https:\/\/www.axiomams.eu\/et\/tooted\"},{\"@type\":\"ListItem\",\"position\":3,\"name\":\"Metrel MI 3394 EU CE MultiTesterXA\"}]},{\"@type\":\"WebSite\",\"@id\":\"https:\/\/www.axiomams.eu\/et#website\",\"url\":\"https:\/\/www.axiomams.eu\/et\",\"name\":\"AXIOMA MS\",\"description\":\"Terrmovizoriai ir matavimo \u012franga\",\"publisher\":{\"@id\":\"https:\/\/www.axiomams.eu\/et#organization\"},\"potentialAction\":[{\"@type\":\"SearchAction\",\"target\":{\"@type\":\"EntryPoint\",\"urlTemplate\":\"https:\/\/www.axiomams.eu\/et?s={search_term_string}\"},\"query-input\":{\"@type\":\"PropertyValueSpecification\",\"valueRequired\":true,\"valueName\":\"search_term_string\"}}],\"inLanguage\":\"et\"},{\"@type\":\"Organization\",\"@id\":\"https:\/\/www.axiomams.eu\/et#organization\",\"name\":\"AXIOMA MS\",\"url\":\"https:\/\/www.axiomams.eu\/et\",\"logo\":{\"@type\":\"ImageObject\",\"inLanguage\":\"et\",\"@id\":\"https:\/\/www.axiomams.eu\/et#\/schema\/logo\/image\/\",\"url\":\"https:\/\/www.axiomams.eu\/wp-content\/uploads\/2025\/06\/axioma-logo-2.png\",\"contentUrl\":\"https:\/\/www.axiomams.eu\/wp-content\/uploads\/2025\/06\/axioma-logo-2.png\",\"width\":1200,\"height\":1200,\"caption\":\"AXIOMA MS\"},\"image\":{\"@id\":\"https:\/\/www.axiomams.eu\/et#\/schema\/logo\/image\/\"},\"sameAs\":[\"https:\/\/www.facebook.com\/AxiomaMS\",\"https:\/\/www.linkedin.com\/company\/axiomams\/\"]}]}<\/script>\n<!-- \/ Yoast SEO plugin. -->","yoast_head_json":{"title":"Metrel MI 3394 EU CE MultiTesterXA - AXIOMA MS","robots":{"index":"index","follow":"follow","max-snippet":"max-snippet:-1","max-image-preview":"max-image-preview:large","max-video-preview":"max-video-preview:-1"},"canonical":"https:\/\/www.axiomams.eu\/et\/produktas\/metrel-mi-3394-eu-ce-multitesterxa","og_locale":"et_EE","og_type":"article","og_title":"Metrel MI 3394 EU CE MultiTesterXA - AXIOMA MS","og_description":"Metrel MI 3394 CE MultiTesterXA on kaasaskantav seade, mis on m\u00f5eldud elektriseadmete, masinate ja jaotuskilpide elektriohutuse kontrollimiseks ja CE-sertifitseerimiseks tootmise k\u00e4igus. Arvutitarkvara MES-Manager v\u00f5imaldab automaatsete katseseeriate ja projektide \u00fcleslaadimist, katsetulemuste allalaadimist arvutisse, andmete automaatset salvestamist faili ja katsearuannete printimist. Standardkomplekt: Metrel MI 3394 CE MultiTesterXA &#8211; Euro-komplekt, HV-testip\u00fcstolid 2 tk, pidevuse testjuhtmete komplekt, isolatsiooni testjuhtmete...","og_url":"https:\/\/www.axiomams.eu\/et\/produktas\/metrel-mi-3394-eu-ce-multitesterxa","og_site_name":"AXIOMA MS","article_publisher":"https:\/\/www.facebook.com\/AxiomaMS","article_modified_time":"2026-02-02T12:31:47+00:00","og_image":[{"width":1020,"height":1020,"url":"https:\/\/www.axiomams.eu\/wp-content\/uploads\/2025\/07\/3511-4736.jpg","type":"image\/jpeg"}],"twitter_card":"summary_large_image","schema":{"@context":"https:\/\/schema.org","@graph":[{"@type":"WebPage","@id":"https:\/\/www.axiomams.eu\/et\/produktas\/metrel-mi-3394-eu-ce-multitesterxa","url":"https:\/\/www.axiomams.eu\/et\/produktas\/metrel-mi-3394-eu-ce-multitesterxa","name":"Metrel MI 3394 EU CE MultiTesterXA - AXIOMA MS","isPartOf":{"@id":"https:\/\/www.axiomams.eu\/et#website"},"primaryImageOfPage":{"@id":"https:\/\/www.axiomams.eu\/et\/produktas\/metrel-mi-3394-eu-ce-multitesterxa#primaryimage"},"image":{"@id":"https:\/\/www.axiomams.eu\/et\/produktas\/metrel-mi-3394-eu-ce-multitesterxa#primaryimage"},"thumbnailUrl":"https:\/\/www.axiomams.eu\/wp-content\/uploads\/2025\/07\/3511-4736.jpg","datePublished":"2025-05-15T16:03:45+00:00","dateModified":"2026-02-02T12:31:47+00:00","breadcrumb":{"@id":"https:\/\/www.axiomams.eu\/et\/produktas\/metrel-mi-3394-eu-ce-multitesterxa#breadcrumb"},"inLanguage":"et","potentialAction":[{"@type":"ReadAction","target":["https:\/\/www.axiomams.eu\/et\/produktas\/metrel-mi-3394-eu-ce-multitesterxa"]}]},{"@type":"ImageObject","inLanguage":"et","@id":"https:\/\/www.axiomams.eu\/et\/produktas\/metrel-mi-3394-eu-ce-multitesterxa#primaryimage","url":"https:\/\/www.axiomams.eu\/wp-content\/uploads\/2025\/07\/3511-4736.jpg","contentUrl":"https:\/\/www.axiomams.eu\/wp-content\/uploads\/2025\/07\/3511-4736.jpg","width":1020,"height":1020},{"@type":"BreadcrumbList","@id":"https:\/\/www.axiomams.eu\/et\/produktas\/metrel-mi-3394-eu-ce-multitesterxa#breadcrumb","itemListElement":[{"@type":"ListItem","position":1,"name":"Home","item":"https:\/\/www.axiomams.eu\/et"},{"@type":"ListItem","position":2,"name":"Tooted","item":"https:\/\/www.axiomams.eu\/et\/tooted"},{"@type":"ListItem","position":3,"name":"Metrel MI 3394 EU CE MultiTesterXA"}]},{"@type":"WebSite","@id":"https:\/\/www.axiomams.eu\/et#website","url":"https:\/\/www.axiomams.eu\/et","name":"AXIOMA MS","description":"Terrmovizoriai ir matavimo \u012franga","publisher":{"@id":"https:\/\/www.axiomams.eu\/et#organization"},"potentialAction":[{"@type":"SearchAction","target":{"@type":"EntryPoint","urlTemplate":"https:\/\/www.axiomams.eu\/et?s={search_term_string}"},"query-input":{"@type":"PropertyValueSpecification","valueRequired":true,"valueName":"search_term_string"}}],"inLanguage":"et"},{"@type":"Organization","@id":"https:\/\/www.axiomams.eu\/et#organization","name":"AXIOMA MS","url":"https:\/\/www.axiomams.eu\/et","logo":{"@type":"ImageObject","inLanguage":"et","@id":"https:\/\/www.axiomams.eu\/et#\/schema\/logo\/image\/","url":"https:\/\/www.axiomams.eu\/wp-content\/uploads\/2025\/06\/axioma-logo-2.png","contentUrl":"https:\/\/www.axiomams.eu\/wp-content\/uploads\/2025\/06\/axioma-logo-2.png","width":1200,"height":1200,"caption":"AXIOMA MS"},"image":{"@id":"https:\/\/www.axiomams.eu\/et#\/schema\/logo\/image\/"},"sameAs":["https:\/\/www.facebook.com\/AxiomaMS","https:\/\/www.linkedin.com\/company\/axiomams\/"]}]}},"_links":{"self":[{"href":"https:\/\/www.axiomams.eu\/et\/wp-json\/wp\/v2\/product\/40352","targetHints":{"allow":["GET"]}}],"collection":[{"href":"https:\/\/www.axiomams.eu\/et\/wp-json\/wp\/v2\/product"}],"about":[{"href":"https:\/\/www.axiomams.eu\/et\/wp-json\/wp\/v2\/types\/product"}],"replies":[{"embeddable":true,"href":"https:\/\/www.axiomams.eu\/et\/wp-json\/wp\/v2\/comments?post=40352"}],"wp:featuredmedia":[{"embeddable":true,"href":"https:\/\/www.axiomams.eu\/et\/wp-json\/wp\/v2\/media\/42228"}],"wp:attachment":[{"href":"https:\/\/www.axiomams.eu\/et\/wp-json\/wp\/v2\/media?parent=40352"}],"wp:term":[{"taxonomy":"product_brand","embeddable":true,"href":"https:\/\/www.axiomams.eu\/et\/wp-json\/wp\/v2\/product_brand?post=40352"},{"taxonomy":"product_cat","embeddable":true,"href":"https:\/\/www.axiomams.eu\/et\/wp-json\/wp\/v2\/product_cat?post=40352"},{"taxonomy":"product_tag","embeddable":true,"href":"https:\/\/www.axiomams.eu\/et\/wp-json\/wp\/v2\/product_tag?post=40352"}],"curies":[{"name":"wp","href":"https:\/\/api.w.org\/{rel}","templated":true}]}}