{"id":40353,"date":"2025-05-15T18:04:09","date_gmt":"2025-05-15T16:04:09","guid":{"rendered":"https:\/\/www.axiomams.eu\/produktas\/metrel-mi-3399-elektriohutuse-ja-kvaliteedi-rakenduskoolitaja"},"modified":"2026-02-02T14:31:47","modified_gmt":"2026-02-02T12:31:47","slug":"metrel-mi-3399-elektriohutuse-ja-kvaliteedi-rakenduskoolitaja","status":"publish","type":"product","link":"https:\/\/www.axiomams.eu\/et\/produktas\/metrel-mi-3399-elektriohutuse-ja-kvaliteedi-rakenduskoolitaja","title":{"rendered":"Metrel MI 3399 Elektriohutuse ja kvaliteedi rakenduskoolitaja"},"content":{"rendered":"<p>MI 3399 Electrical Safety &#038; Quality Application Trainer on 3D-simulaator, mis kujutab endast reaalset ohutus- ja kvaliteedisituatsiooni koos paljude reguleeritavate riskide ja vigadega. Mudel on m\u00f5eldud iseseisva seadmena demonstratsiooniks, koolituseks ja hariduslikel eesm\u00e4rkidel. T\u00e4nu erinevatele integreeritud elektrotehnilistele elementidele v\u00f5imaldab mudel elektrikvaliteedi anal\u00fc\u00fcsi ja veaotsingu teostamist, samuti madalpinge elektripaigaldiste, pikses\u00fcsteemide, maanduss\u00fcsteemide, PV-s\u00fcsteemide, seadmete, seadmete, masinate v\u00f5i jaotuskilpide t\u00e4ielikku katsetamist ja t\u00f5rkeotsingut, kasutades kaasaegseid meetodeid, katsemenetlusi ja instrumente.<\/p>\n<p>Teostatavad m\u00f5\u00f5tmised:<br \/>\nIsolatsioonitakistus;<br \/>\nKaitseliinijuhete pidevus;<br \/>\nliini impedants;<br \/>\nSilmuse impedants;<br \/>\nRCD testimine (kontaktpinge, v\u00e4ljal\u00fclitusvool, v\u00e4ljal\u00fclitusvool, Autotest);<br \/>\nIMD, ELM, RCM lekke ja isolatsioonimonitoride reguleerimine ja testimine;<br \/>\nMaandustakistus (4-juhtmeline, 3-juhtmeline, 2-juhtmeline, kaks vooluklambrit);<br \/>\nKonkreetne maandustakistus;<br \/>\nPiksekaitsesilmuste ja -jalgade takistus;<br \/>\n\u00dclepingekaitse test;<br \/>\nLekkevool;<br \/>\nFaaside p\u00f6\u00f6rlemine;<br \/>\nPinge;<br \/>\nSagedus;<br \/>\nAUTO SEQUENCE \u00ae protseduur TN, TT v\u00f5i IT maanduss\u00fcsteemi jaoks;<br \/>\nV\u00f5imsuse kvaliteet.<\/p>\n<h3>Tehniline teave:<\/h3>\n<ul>\n<li><a href=\"https:\/\/axiomams.eu\/importer\/export\/attachments\/en\/mi_3399_ang.pdf\" target=\"_blank\">MI_3399_Ang.pdf<\/a><\/li>\n<\/ul>\n","protected":false},"excerpt":{"rendered":"<p>MI 3399 Electrical Safety &#038; Quality Application Trainer on 3D-simulaator, mis kujutab endast reaalset ohutus- ja kvaliteedisituatsiooni koos paljude reguleeritavate riskide ja vigadega. Mudel on m\u00f5eldud iseseisva seadmena demonstratsiooniks, koolituseks ja hariduslikel eesm\u00e4rkidel. T\u00e4nu erinevatele integreeritud elektrotehnilistele elementidele v\u00f5imaldab mudel elektrikvaliteedi anal\u00fc\u00fcsi ja veaotsingu teostamist, samuti madalpinge elektripaigaldiste, pikses\u00fcsteemide, maanduss\u00fcsteemide, PV-s\u00fcsteemide, seadmete, seadmete, masinate v\u00f5i&#8230;<\/p>\n","protected":false},"featured_media":42230,"comment_status":"open","ping_status":"closed","template":"","meta":{"_acf_changed":false},"product_brand":[732],"product_cat":[17822],"product_tag":[],"class_list":{"0":"post-40353","1":"product","2":"type-product","3":"status-publish","4":"has-post-thumbnail","6":"product_brand-metrel","7":"product_cat-haridusstendid","9":"first","10":"instock","11":"taxable","12":"shipping-taxable","13":"product-type-simple"},"acf":[],"yoast_head":"<!-- This site is optimized with the Yoast SEO plugin v27.0 - https:\/\/yoast.com\/product\/yoast-seo-wordpress\/ -->\n<title>Metrel MI 3399 Elektriohutuse ja kvaliteedi rakenduskoolitaja - AXIOMA MS<\/title>\n<meta name=\"robots\" content=\"index, follow, max-snippet:-1, max-image-preview:large, max-video-preview:-1\" \/>\n<link rel=\"canonical\" href=\"https:\/\/www.axiomams.eu\/et\/produktas\/metrel-mi-3399-elektriohutuse-ja-kvaliteedi-rakenduskoolitaja\" \/>\n<meta property=\"og:locale\" content=\"et_EE\" \/>\n<meta property=\"og:type\" content=\"article\" \/>\n<meta property=\"og:title\" content=\"Metrel MI 3399 Elektriohutuse ja kvaliteedi rakenduskoolitaja - AXIOMA MS\" \/>\n<meta property=\"og:description\" content=\"MI 3399 Electrical Safety &#038; Quality Application Trainer on 3D-simulaator, mis kujutab endast reaalset ohutus- ja kvaliteedisituatsiooni koos paljude reguleeritavate riskide ja vigadega. Mudel on m\u00f5eldud iseseisva seadmena demonstratsiooniks, koolituseks ja hariduslikel eesm\u00e4rkidel. T\u00e4nu erinevatele integreeritud elektrotehnilistele elementidele v\u00f5imaldab mudel elektrikvaliteedi anal\u00fc\u00fcsi ja veaotsingu teostamist, samuti madalpinge elektripaigaldiste, pikses\u00fcsteemide, maanduss\u00fcsteemide, PV-s\u00fcsteemide, seadmete, seadmete, masinate v\u00f5i...\" \/>\n<meta property=\"og:url\" content=\"https:\/\/www.axiomams.eu\/et\/produktas\/metrel-mi-3399-elektriohutuse-ja-kvaliteedi-rakenduskoolitaja\" \/>\n<meta property=\"og:site_name\" content=\"AXIOMA MS\" \/>\n<meta property=\"article:publisher\" content=\"https:\/\/www.facebook.com\/AxiomaMS\" \/>\n<meta property=\"article:modified_time\" content=\"2026-02-02T12:31:47+00:00\" \/>\n<meta property=\"og:image\" content=\"https:\/\/www.axiomams.eu\/wp-content\/uploads\/2025\/07\/2522-3248.png\" \/>\n\t<meta property=\"og:image:width\" content=\"1200\" \/>\n\t<meta property=\"og:image:height\" content=\"900\" \/>\n\t<meta property=\"og:image:type\" content=\"image\/png\" \/>\n<meta name=\"twitter:card\" content=\"summary_large_image\" \/>\n<meta name=\"twitter:label1\" content=\"Est. reading time\" \/>\n\t<meta name=\"twitter:data1\" content=\"1 minut\" \/>\n<script type=\"application\/ld+json\" class=\"yoast-schema-graph\">{\"@context\":\"https:\/\/schema.org\",\"@graph\":[{\"@type\":\"WebPage\",\"@id\":\"https:\/\/www.axiomams.eu\/et\/produktas\/metrel-mi-3399-elektriohutuse-ja-kvaliteedi-rakenduskoolitaja\",\"url\":\"https:\/\/www.axiomams.eu\/et\/produktas\/metrel-mi-3399-elektriohutuse-ja-kvaliteedi-rakenduskoolitaja\",\"name\":\"Metrel MI 3399 Elektriohutuse ja kvaliteedi rakenduskoolitaja - AXIOMA MS\",\"isPartOf\":{\"@id\":\"https:\/\/www.axiomams.eu\/et#website\"},\"primaryImageOfPage\":{\"@id\":\"https:\/\/www.axiomams.eu\/et\/produktas\/metrel-mi-3399-elektriohutuse-ja-kvaliteedi-rakenduskoolitaja#primaryimage\"},\"image\":{\"@id\":\"https:\/\/www.axiomams.eu\/et\/produktas\/metrel-mi-3399-elektriohutuse-ja-kvaliteedi-rakenduskoolitaja#primaryimage\"},\"thumbnailUrl\":\"https:\/\/www.axiomams.eu\/wp-content\/uploads\/2025\/07\/2522-3248.png\",\"datePublished\":\"2025-05-15T16:04:09+00:00\",\"dateModified\":\"2026-02-02T12:31:47+00:00\",\"breadcrumb\":{\"@id\":\"https:\/\/www.axiomams.eu\/et\/produktas\/metrel-mi-3399-elektriohutuse-ja-kvaliteedi-rakenduskoolitaja#breadcrumb\"},\"inLanguage\":\"et\",\"potentialAction\":[{\"@type\":\"ReadAction\",\"target\":[\"https:\/\/www.axiomams.eu\/et\/produktas\/metrel-mi-3399-elektriohutuse-ja-kvaliteedi-rakenduskoolitaja\"]}]},{\"@type\":\"ImageObject\",\"inLanguage\":\"et\",\"@id\":\"https:\/\/www.axiomams.eu\/et\/produktas\/metrel-mi-3399-elektriohutuse-ja-kvaliteedi-rakenduskoolitaja#primaryimage\",\"url\":\"https:\/\/www.axiomams.eu\/wp-content\/uploads\/2025\/07\/2522-3248.png\",\"contentUrl\":\"https:\/\/www.axiomams.eu\/wp-content\/uploads\/2025\/07\/2522-3248.png\",\"width\":1200,\"height\":900},{\"@type\":\"BreadcrumbList\",\"@id\":\"https:\/\/www.axiomams.eu\/et\/produktas\/metrel-mi-3399-elektriohutuse-ja-kvaliteedi-rakenduskoolitaja#breadcrumb\",\"itemListElement\":[{\"@type\":\"ListItem\",\"position\":1,\"name\":\"Home\",\"item\":\"https:\/\/www.axiomams.eu\/et\"},{\"@type\":\"ListItem\",\"position\":2,\"name\":\"Tooted\",\"item\":\"https:\/\/www.axiomams.eu\/et\/tooted\"},{\"@type\":\"ListItem\",\"position\":3,\"name\":\"Metrel MI 3399 Elektriohutuse ja kvaliteedi rakenduskoolitaja\"}]},{\"@type\":\"WebSite\",\"@id\":\"https:\/\/www.axiomams.eu\/et#website\",\"url\":\"https:\/\/www.axiomams.eu\/et\",\"name\":\"AXIOMA MS\",\"description\":\"Terrmovizoriai ir matavimo \u012franga\",\"publisher\":{\"@id\":\"https:\/\/www.axiomams.eu\/et#organization\"},\"potentialAction\":[{\"@type\":\"SearchAction\",\"target\":{\"@type\":\"EntryPoint\",\"urlTemplate\":\"https:\/\/www.axiomams.eu\/et?s={search_term_string}\"},\"query-input\":{\"@type\":\"PropertyValueSpecification\",\"valueRequired\":true,\"valueName\":\"search_term_string\"}}],\"inLanguage\":\"et\"},{\"@type\":\"Organization\",\"@id\":\"https:\/\/www.axiomams.eu\/et#organization\",\"name\":\"AXIOMA MS\",\"url\":\"https:\/\/www.axiomams.eu\/et\",\"logo\":{\"@type\":\"ImageObject\",\"inLanguage\":\"et\",\"@id\":\"https:\/\/www.axiomams.eu\/et#\/schema\/logo\/image\/\",\"url\":\"https:\/\/www.axiomams.eu\/wp-content\/uploads\/2025\/06\/axioma-logo-2.png\",\"contentUrl\":\"https:\/\/www.axiomams.eu\/wp-content\/uploads\/2025\/06\/axioma-logo-2.png\",\"width\":1200,\"height\":1200,\"caption\":\"AXIOMA MS\"},\"image\":{\"@id\":\"https:\/\/www.axiomams.eu\/et#\/schema\/logo\/image\/\"},\"sameAs\":[\"https:\/\/www.facebook.com\/AxiomaMS\",\"https:\/\/www.linkedin.com\/company\/axiomams\/\"]}]}<\/script>\n<!-- \/ Yoast SEO plugin. -->","yoast_head_json":{"title":"Metrel MI 3399 Elektriohutuse ja kvaliteedi rakenduskoolitaja - AXIOMA MS","robots":{"index":"index","follow":"follow","max-snippet":"max-snippet:-1","max-image-preview":"max-image-preview:large","max-video-preview":"max-video-preview:-1"},"canonical":"https:\/\/www.axiomams.eu\/et\/produktas\/metrel-mi-3399-elektriohutuse-ja-kvaliteedi-rakenduskoolitaja","og_locale":"et_EE","og_type":"article","og_title":"Metrel MI 3399 Elektriohutuse ja kvaliteedi rakenduskoolitaja - AXIOMA MS","og_description":"MI 3399 Electrical Safety &#038; Quality Application Trainer on 3D-simulaator, mis kujutab endast reaalset ohutus- ja kvaliteedisituatsiooni koos paljude reguleeritavate riskide ja vigadega. Mudel on m\u00f5eldud iseseisva seadmena demonstratsiooniks, koolituseks ja hariduslikel eesm\u00e4rkidel. T\u00e4nu erinevatele integreeritud elektrotehnilistele elementidele v\u00f5imaldab mudel elektrikvaliteedi anal\u00fc\u00fcsi ja veaotsingu teostamist, samuti madalpinge elektripaigaldiste, pikses\u00fcsteemide, maanduss\u00fcsteemide, PV-s\u00fcsteemide, seadmete, seadmete, masinate v\u00f5i...","og_url":"https:\/\/www.axiomams.eu\/et\/produktas\/metrel-mi-3399-elektriohutuse-ja-kvaliteedi-rakenduskoolitaja","og_site_name":"AXIOMA MS","article_publisher":"https:\/\/www.facebook.com\/AxiomaMS","article_modified_time":"2026-02-02T12:31:47+00:00","og_image":[{"width":1200,"height":900,"url":"https:\/\/www.axiomams.eu\/wp-content\/uploads\/2025\/07\/2522-3248.png","type":"image\/png"}],"twitter_card":"summary_large_image","twitter_misc":{"Est. reading time":"1 minut"},"schema":{"@context":"https:\/\/schema.org","@graph":[{"@type":"WebPage","@id":"https:\/\/www.axiomams.eu\/et\/produktas\/metrel-mi-3399-elektriohutuse-ja-kvaliteedi-rakenduskoolitaja","url":"https:\/\/www.axiomams.eu\/et\/produktas\/metrel-mi-3399-elektriohutuse-ja-kvaliteedi-rakenduskoolitaja","name":"Metrel MI 3399 Elektriohutuse ja kvaliteedi rakenduskoolitaja - AXIOMA MS","isPartOf":{"@id":"https:\/\/www.axiomams.eu\/et#website"},"primaryImageOfPage":{"@id":"https:\/\/www.axiomams.eu\/et\/produktas\/metrel-mi-3399-elektriohutuse-ja-kvaliteedi-rakenduskoolitaja#primaryimage"},"image":{"@id":"https:\/\/www.axiomams.eu\/et\/produktas\/metrel-mi-3399-elektriohutuse-ja-kvaliteedi-rakenduskoolitaja#primaryimage"},"thumbnailUrl":"https:\/\/www.axiomams.eu\/wp-content\/uploads\/2025\/07\/2522-3248.png","datePublished":"2025-05-15T16:04:09+00:00","dateModified":"2026-02-02T12:31:47+00:00","breadcrumb":{"@id":"https:\/\/www.axiomams.eu\/et\/produktas\/metrel-mi-3399-elektriohutuse-ja-kvaliteedi-rakenduskoolitaja#breadcrumb"},"inLanguage":"et","potentialAction":[{"@type":"ReadAction","target":["https:\/\/www.axiomams.eu\/et\/produktas\/metrel-mi-3399-elektriohutuse-ja-kvaliteedi-rakenduskoolitaja"]}]},{"@type":"ImageObject","inLanguage":"et","@id":"https:\/\/www.axiomams.eu\/et\/produktas\/metrel-mi-3399-elektriohutuse-ja-kvaliteedi-rakenduskoolitaja#primaryimage","url":"https:\/\/www.axiomams.eu\/wp-content\/uploads\/2025\/07\/2522-3248.png","contentUrl":"https:\/\/www.axiomams.eu\/wp-content\/uploads\/2025\/07\/2522-3248.png","width":1200,"height":900},{"@type":"BreadcrumbList","@id":"https:\/\/www.axiomams.eu\/et\/produktas\/metrel-mi-3399-elektriohutuse-ja-kvaliteedi-rakenduskoolitaja#breadcrumb","itemListElement":[{"@type":"ListItem","position":1,"name":"Home","item":"https:\/\/www.axiomams.eu\/et"},{"@type":"ListItem","position":2,"name":"Tooted","item":"https:\/\/www.axiomams.eu\/et\/tooted"},{"@type":"ListItem","position":3,"name":"Metrel MI 3399 Elektriohutuse ja kvaliteedi rakenduskoolitaja"}]},{"@type":"WebSite","@id":"https:\/\/www.axiomams.eu\/et#website","url":"https:\/\/www.axiomams.eu\/et","name":"AXIOMA MS","description":"Terrmovizoriai ir matavimo \u012franga","publisher":{"@id":"https:\/\/www.axiomams.eu\/et#organization"},"potentialAction":[{"@type":"SearchAction","target":{"@type":"EntryPoint","urlTemplate":"https:\/\/www.axiomams.eu\/et?s={search_term_string}"},"query-input":{"@type":"PropertyValueSpecification","valueRequired":true,"valueName":"search_term_string"}}],"inLanguage":"et"},{"@type":"Organization","@id":"https:\/\/www.axiomams.eu\/et#organization","name":"AXIOMA MS","url":"https:\/\/www.axiomams.eu\/et","logo":{"@type":"ImageObject","inLanguage":"et","@id":"https:\/\/www.axiomams.eu\/et#\/schema\/logo\/image\/","url":"https:\/\/www.axiomams.eu\/wp-content\/uploads\/2025\/06\/axioma-logo-2.png","contentUrl":"https:\/\/www.axiomams.eu\/wp-content\/uploads\/2025\/06\/axioma-logo-2.png","width":1200,"height":1200,"caption":"AXIOMA MS"},"image":{"@id":"https:\/\/www.axiomams.eu\/et#\/schema\/logo\/image\/"},"sameAs":["https:\/\/www.facebook.com\/AxiomaMS","https:\/\/www.linkedin.com\/company\/axiomams\/"]}]}},"_links":{"self":[{"href":"https:\/\/www.axiomams.eu\/et\/wp-json\/wp\/v2\/product\/40353","targetHints":{"allow":["GET"]}}],"collection":[{"href":"https:\/\/www.axiomams.eu\/et\/wp-json\/wp\/v2\/product"}],"about":[{"href":"https:\/\/www.axiomams.eu\/et\/wp-json\/wp\/v2\/types\/product"}],"replies":[{"embeddable":true,"href":"https:\/\/www.axiomams.eu\/et\/wp-json\/wp\/v2\/comments?post=40353"}],"wp:featuredmedia":[{"embeddable":true,"href":"https:\/\/www.axiomams.eu\/et\/wp-json\/wp\/v2\/media\/42230"}],"wp:attachment":[{"href":"https:\/\/www.axiomams.eu\/et\/wp-json\/wp\/v2\/media?parent=40353"}],"wp:term":[{"taxonomy":"product_brand","embeddable":true,"href":"https:\/\/www.axiomams.eu\/et\/wp-json\/wp\/v2\/product_brand?post=40353"},{"taxonomy":"product_cat","embeddable":true,"href":"https:\/\/www.axiomams.eu\/et\/wp-json\/wp\/v2\/product_cat?post=40353"},{"taxonomy":"product_tag","embeddable":true,"href":"https:\/\/www.axiomams.eu\/et\/wp-json\/wp\/v2\/product_tag?post=40353"}],"curies":[{"name":"wp","href":"https:\/\/api.w.org\/{rel}","templated":true}]}}