{"id":40356,"date":"2025-05-15T18:01:49","date_gmt":"2025-05-15T16:01:49","guid":{"rendered":"https:\/\/www.axiomams.eu\/produktas\/blowerdoor-mikrolekke-mootmise-susteem-mlm"},"modified":"2026-02-02T14:31:50","modified_gmt":"2026-02-02T12:31:50","slug":"blowerdoor-mikrolekke-mootmise-susteem-mlm","status":"publish","type":"product","link":"https:\/\/www.axiomams.eu\/et\/produktas\/blowerdoor-mikrolekke-mootmise-susteem-mlm","title":{"rendered":"BlowerDoor mikrolekke m\u00f5\u00f5tmise s\u00fcsteem (MLM)"},"content":{"rendered":"<p>Paigaldatud ventilatsioonikanalite \u00f5hutihedus on oluline n\u00f5ue ventilatsioonis\u00fcsteemide funktsionaalsuse ja t\u00f5hususe seisukohast. Lekked kanalisatsioonis takistavad \u00f5hu sihip\u00e4rast jaotamist hoones. Sellest tulenevalt ei saavutata kavandatud k\u00f5rget \u00f5hukvaliteedi taset. Lekkivad ventilatsioonikanalid v\u00e4hendavad ventilatsioonis\u00fcsteemide t\u00f5husust, eelk\u00f5ige soojustagastusega ventilatsioonis\u00fcsteemide puhul.<\/p>\n<p><b>M\u00f5\u00f5tmise p\u00f5him\u00f5te<\/b><br \/>\nVentilatsioonis\u00fcsteeme testitakse ventilatsioonil\u00f5ikudega. Tulu\u00f5hukanalite katsetamisel \u00fchendatakse MLM n\u00e4iteks juurdevooluventiiliga. K\u00f5ik teised klapid ja keskseadme juures olev juurdevoolukanal on suletud kummipuhastitega. Kasutades Minneapolise DuctBlaster ventilaatorit ja r\u00f5hum\u00f5\u00f5turit DG-700 (kuulub BlowerDoor Mini-ventilaatori m\u00f5\u00f5tes\u00fcsteemi juurde), tekitatakse negatiivne (v\u00e4ljat\u00f5mbekanalite testimine) v\u00f5i positiivne (juurdevoolu \u00f5hukanalite testimine) r\u00f5hk. M\u00f5\u00f5tmistulemused dokumenteeritakse katseprotokollis.<\/p>\n<p>Standardne komplekt: Transpordikott koos MLM voolum\u00f5\u00f5turiga, mis sisaldab 4 ketast pehmenduskotis, kalibreerimissertifikaat (4 ketast 5 m\u00f5\u00f5tepunktiga kumbki), m\u00f5\u00f5tmistarkvara TECLOG3 koos katseprotokolliga, 2 vooliku \u00fchendusplaati DuctBlaster ventilaatorile, 1 m ja 3 m \u00fchendusvoolikud, 4 voolikuklambrit, 5 \u00fchendusdetaili ventilatsioonis\u00fcsteemide jaoks, Duct Maski proovirull, kummipadjakomplekt, 1 kapillaartoru, torukomplekt (punane ja sinine 3 m, l\u00e4bipaistev 10 m), v\u00f5rdlusjuhend.., DuctBlaster koos r\u00f5ngaste 1-4 ja kalibreerimissertifikaadiga, kiiruse regulaator, DG-700 koos kalibreerimissertifikaadiga, v\u00f5rdlusjuhend, transpordikott.<\/p>\n<h3>Tehniline teave:<\/h3>\n<ul>\n<li><a href=\"https:\/\/axiomams.eu\/importer\/export\/attachments\/en\/blowerdoor-micor-leakage-meter-mlm.pdf\" target=\"_blank\">BlowerDoor Micor Leakage Meter MLM.pdf<\/a><\/li>\n<\/ul>\n","protected":false},"excerpt":{"rendered":"<p>Paigaldatud ventilatsioonikanalite \u00f5hutihedus on oluline n\u00f5ue ventilatsioonis\u00fcsteemide funktsionaalsuse ja t\u00f5hususe seisukohast. Lekked kanalisatsioonis takistavad \u00f5hu sihip\u00e4rast jaotamist hoones. Sellest tulenevalt ei saavutata kavandatud k\u00f5rget \u00f5hukvaliteedi taset. Lekkivad ventilatsioonikanalid v\u00e4hendavad ventilatsioonis\u00fcsteemide t\u00f5husust, eelk\u00f5ige soojustagastusega ventilatsioonis\u00fcsteemide puhul. M\u00f5\u00f5tmise p\u00f5him\u00f5te Ventilatsioonis\u00fcsteeme testitakse ventilatsioonil\u00f5ikudega. Tulu\u00f5hukanalite katsetamisel \u00fchendatakse MLM n\u00e4iteks juurdevooluventiiliga. K\u00f5ik teised klapid ja keskseadme juures olev juurdevoolukanal on&#8230;<\/p>\n","protected":false},"featured_media":42234,"comment_status":"open","ping_status":"closed","template":"","meta":{"_acf_changed":false},"product_brand":[2311],"product_cat":[17807],"product_tag":[],"class_list":{"0":"post-40356","1":"product","2":"type-product","3":"status-publish","4":"has-post-thumbnail","6":"product_brand-blowerdoor","7":"product_cat-kutte-jahutus-ja-ventilatsiooniseadmete-hvac-ulevaatus","9":"first","10":"instock","11":"taxable","12":"shipping-taxable","13":"purchasable","14":"product-type-simple"},"acf":[],"yoast_head":"<!-- This site is optimized with the Yoast SEO plugin v27.0 - https:\/\/yoast.com\/product\/yoast-seo-wordpress\/ -->\n<title>BlowerDoor mikrolekke m\u00f5\u00f5tmise s\u00fcsteem (MLM) - AXIOMA MS<\/title>\n<meta name=\"robots\" content=\"index, follow, max-snippet:-1, max-image-preview:large, max-video-preview:-1\" \/>\n<link rel=\"canonical\" href=\"https:\/\/www.axiomams.eu\/et\/produktas\/blowerdoor-mikrolekke-mootmise-susteem-mlm\" \/>\n<meta property=\"og:locale\" content=\"et_EE\" \/>\n<meta property=\"og:type\" content=\"article\" \/>\n<meta property=\"og:title\" content=\"BlowerDoor mikrolekke m\u00f5\u00f5tmise s\u00fcsteem (MLM) - AXIOMA MS\" \/>\n<meta property=\"og:description\" content=\"Paigaldatud ventilatsioonikanalite \u00f5hutihedus on oluline n\u00f5ue ventilatsioonis\u00fcsteemide funktsionaalsuse ja t\u00f5hususe seisukohast. Lekked kanalisatsioonis takistavad \u00f5hu sihip\u00e4rast jaotamist hoones. Sellest tulenevalt ei saavutata kavandatud k\u00f5rget \u00f5hukvaliteedi taset. Lekkivad ventilatsioonikanalid v\u00e4hendavad ventilatsioonis\u00fcsteemide t\u00f5husust, eelk\u00f5ige soojustagastusega ventilatsioonis\u00fcsteemide puhul. M\u00f5\u00f5tmise p\u00f5him\u00f5te Ventilatsioonis\u00fcsteeme testitakse ventilatsioonil\u00f5ikudega. Tulu\u00f5hukanalite katsetamisel \u00fchendatakse MLM n\u00e4iteks juurdevooluventiiliga. K\u00f5ik teised klapid ja keskseadme juures olev juurdevoolukanal on...\" \/>\n<meta property=\"og:url\" content=\"https:\/\/www.axiomams.eu\/et\/produktas\/blowerdoor-mikrolekke-mootmise-susteem-mlm\" \/>\n<meta property=\"og:site_name\" content=\"AXIOMA MS\" \/>\n<meta property=\"article:publisher\" content=\"https:\/\/www.facebook.com\/AxiomaMS\" \/>\n<meta property=\"article:modified_time\" content=\"2026-02-02T12:31:50+00:00\" \/>\n<meta property=\"og:image\" content=\"https:\/\/www.axiomams.eu\/wp-content\/uploads\/2025\/07\/1543-1993.jpg\" \/>\n\t<meta property=\"og:image:width\" content=\"1036\" \/>\n\t<meta property=\"og:image:height\" content=\"942\" \/>\n\t<meta property=\"og:image:type\" content=\"image\/jpeg\" \/>\n<meta name=\"twitter:card\" content=\"summary_large_image\" \/>\n<meta name=\"twitter:label1\" content=\"Est. reading time\" \/>\n\t<meta name=\"twitter:data1\" content=\"1 minut\" \/>\n<script type=\"application\/ld+json\" class=\"yoast-schema-graph\">{\"@context\":\"https:\/\/schema.org\",\"@graph\":[{\"@type\":\"WebPage\",\"@id\":\"https:\/\/www.axiomams.eu\/et\/produktas\/blowerdoor-mikrolekke-mootmise-susteem-mlm\",\"url\":\"https:\/\/www.axiomams.eu\/et\/produktas\/blowerdoor-mikrolekke-mootmise-susteem-mlm\",\"name\":\"BlowerDoor mikrolekke m\u00f5\u00f5tmise s\u00fcsteem (MLM) - AXIOMA MS\",\"isPartOf\":{\"@id\":\"https:\/\/www.axiomams.eu\/et#website\"},\"primaryImageOfPage\":{\"@id\":\"https:\/\/www.axiomams.eu\/et\/produktas\/blowerdoor-mikrolekke-mootmise-susteem-mlm#primaryimage\"},\"image\":{\"@id\":\"https:\/\/www.axiomams.eu\/et\/produktas\/blowerdoor-mikrolekke-mootmise-susteem-mlm#primaryimage\"},\"thumbnailUrl\":\"https:\/\/www.axiomams.eu\/wp-content\/uploads\/2025\/07\/1543-1993.jpg\",\"datePublished\":\"2025-05-15T16:01:49+00:00\",\"dateModified\":\"2026-02-02T12:31:50+00:00\",\"breadcrumb\":{\"@id\":\"https:\/\/www.axiomams.eu\/et\/produktas\/blowerdoor-mikrolekke-mootmise-susteem-mlm#breadcrumb\"},\"inLanguage\":\"et\",\"potentialAction\":[{\"@type\":\"ReadAction\",\"target\":[\"https:\/\/www.axiomams.eu\/et\/produktas\/blowerdoor-mikrolekke-mootmise-susteem-mlm\"]}]},{\"@type\":\"ImageObject\",\"inLanguage\":\"et\",\"@id\":\"https:\/\/www.axiomams.eu\/et\/produktas\/blowerdoor-mikrolekke-mootmise-susteem-mlm#primaryimage\",\"url\":\"https:\/\/www.axiomams.eu\/wp-content\/uploads\/2025\/07\/1543-1993.jpg\",\"contentUrl\":\"https:\/\/www.axiomams.eu\/wp-content\/uploads\/2025\/07\/1543-1993.jpg\",\"width\":1036,\"height\":942},{\"@type\":\"BreadcrumbList\",\"@id\":\"https:\/\/www.axiomams.eu\/et\/produktas\/blowerdoor-mikrolekke-mootmise-susteem-mlm#breadcrumb\",\"itemListElement\":[{\"@type\":\"ListItem\",\"position\":1,\"name\":\"Home\",\"item\":\"https:\/\/www.axiomams.eu\/et\"},{\"@type\":\"ListItem\",\"position\":2,\"name\":\"Tooted\",\"item\":\"https:\/\/www.axiomams.eu\/et\/tooted\"},{\"@type\":\"ListItem\",\"position\":3,\"name\":\"BlowerDoor mikrolekke m\u00f5\u00f5tmise s\u00fcsteem (MLM)\"}]},{\"@type\":\"WebSite\",\"@id\":\"https:\/\/www.axiomams.eu\/et#website\",\"url\":\"https:\/\/www.axiomams.eu\/et\",\"name\":\"AXIOMA MS\",\"description\":\"Terrmovizoriai ir matavimo \u012franga\",\"publisher\":{\"@id\":\"https:\/\/www.axiomams.eu\/et#organization\"},\"potentialAction\":[{\"@type\":\"SearchAction\",\"target\":{\"@type\":\"EntryPoint\",\"urlTemplate\":\"https:\/\/www.axiomams.eu\/et?s={search_term_string}\"},\"query-input\":{\"@type\":\"PropertyValueSpecification\",\"valueRequired\":true,\"valueName\":\"search_term_string\"}}],\"inLanguage\":\"et\"},{\"@type\":\"Organization\",\"@id\":\"https:\/\/www.axiomams.eu\/et#organization\",\"name\":\"AXIOMA MS\",\"url\":\"https:\/\/www.axiomams.eu\/et\",\"logo\":{\"@type\":\"ImageObject\",\"inLanguage\":\"et\",\"@id\":\"https:\/\/www.axiomams.eu\/et#\/schema\/logo\/image\/\",\"url\":\"https:\/\/www.axiomams.eu\/wp-content\/uploads\/2025\/06\/axioma-logo-2.png\",\"contentUrl\":\"https:\/\/www.axiomams.eu\/wp-content\/uploads\/2025\/06\/axioma-logo-2.png\",\"width\":1200,\"height\":1200,\"caption\":\"AXIOMA MS\"},\"image\":{\"@id\":\"https:\/\/www.axiomams.eu\/et#\/schema\/logo\/image\/\"},\"sameAs\":[\"https:\/\/www.facebook.com\/AxiomaMS\",\"https:\/\/www.linkedin.com\/company\/axiomams\/\"]}]}<\/script>\n<!-- \/ Yoast SEO plugin. -->","yoast_head_json":{"title":"BlowerDoor mikrolekke m\u00f5\u00f5tmise s\u00fcsteem (MLM) - AXIOMA MS","robots":{"index":"index","follow":"follow","max-snippet":"max-snippet:-1","max-image-preview":"max-image-preview:large","max-video-preview":"max-video-preview:-1"},"canonical":"https:\/\/www.axiomams.eu\/et\/produktas\/blowerdoor-mikrolekke-mootmise-susteem-mlm","og_locale":"et_EE","og_type":"article","og_title":"BlowerDoor mikrolekke m\u00f5\u00f5tmise s\u00fcsteem (MLM) - AXIOMA MS","og_description":"Paigaldatud ventilatsioonikanalite \u00f5hutihedus on oluline n\u00f5ue ventilatsioonis\u00fcsteemide funktsionaalsuse ja t\u00f5hususe seisukohast. Lekked kanalisatsioonis takistavad \u00f5hu sihip\u00e4rast jaotamist hoones. Sellest tulenevalt ei saavutata kavandatud k\u00f5rget \u00f5hukvaliteedi taset. Lekkivad ventilatsioonikanalid v\u00e4hendavad ventilatsioonis\u00fcsteemide t\u00f5husust, eelk\u00f5ige soojustagastusega ventilatsioonis\u00fcsteemide puhul. M\u00f5\u00f5tmise p\u00f5him\u00f5te Ventilatsioonis\u00fcsteeme testitakse ventilatsioonil\u00f5ikudega. Tulu\u00f5hukanalite katsetamisel \u00fchendatakse MLM n\u00e4iteks juurdevooluventiiliga. K\u00f5ik teised klapid ja keskseadme juures olev juurdevoolukanal on...","og_url":"https:\/\/www.axiomams.eu\/et\/produktas\/blowerdoor-mikrolekke-mootmise-susteem-mlm","og_site_name":"AXIOMA MS","article_publisher":"https:\/\/www.facebook.com\/AxiomaMS","article_modified_time":"2026-02-02T12:31:50+00:00","og_image":[{"width":1036,"height":942,"url":"https:\/\/www.axiomams.eu\/wp-content\/uploads\/2025\/07\/1543-1993.jpg","type":"image\/jpeg"}],"twitter_card":"summary_large_image","twitter_misc":{"Est. reading time":"1 minut"},"schema":{"@context":"https:\/\/schema.org","@graph":[{"@type":"WebPage","@id":"https:\/\/www.axiomams.eu\/et\/produktas\/blowerdoor-mikrolekke-mootmise-susteem-mlm","url":"https:\/\/www.axiomams.eu\/et\/produktas\/blowerdoor-mikrolekke-mootmise-susteem-mlm","name":"BlowerDoor mikrolekke m\u00f5\u00f5tmise s\u00fcsteem (MLM) - AXIOMA MS","isPartOf":{"@id":"https:\/\/www.axiomams.eu\/et#website"},"primaryImageOfPage":{"@id":"https:\/\/www.axiomams.eu\/et\/produktas\/blowerdoor-mikrolekke-mootmise-susteem-mlm#primaryimage"},"image":{"@id":"https:\/\/www.axiomams.eu\/et\/produktas\/blowerdoor-mikrolekke-mootmise-susteem-mlm#primaryimage"},"thumbnailUrl":"https:\/\/www.axiomams.eu\/wp-content\/uploads\/2025\/07\/1543-1993.jpg","datePublished":"2025-05-15T16:01:49+00:00","dateModified":"2026-02-02T12:31:50+00:00","breadcrumb":{"@id":"https:\/\/www.axiomams.eu\/et\/produktas\/blowerdoor-mikrolekke-mootmise-susteem-mlm#breadcrumb"},"inLanguage":"et","potentialAction":[{"@type":"ReadAction","target":["https:\/\/www.axiomams.eu\/et\/produktas\/blowerdoor-mikrolekke-mootmise-susteem-mlm"]}]},{"@type":"ImageObject","inLanguage":"et","@id":"https:\/\/www.axiomams.eu\/et\/produktas\/blowerdoor-mikrolekke-mootmise-susteem-mlm#primaryimage","url":"https:\/\/www.axiomams.eu\/wp-content\/uploads\/2025\/07\/1543-1993.jpg","contentUrl":"https:\/\/www.axiomams.eu\/wp-content\/uploads\/2025\/07\/1543-1993.jpg","width":1036,"height":942},{"@type":"BreadcrumbList","@id":"https:\/\/www.axiomams.eu\/et\/produktas\/blowerdoor-mikrolekke-mootmise-susteem-mlm#breadcrumb","itemListElement":[{"@type":"ListItem","position":1,"name":"Home","item":"https:\/\/www.axiomams.eu\/et"},{"@type":"ListItem","position":2,"name":"Tooted","item":"https:\/\/www.axiomams.eu\/et\/tooted"},{"@type":"ListItem","position":3,"name":"BlowerDoor mikrolekke m\u00f5\u00f5tmise s\u00fcsteem (MLM)"}]},{"@type":"WebSite","@id":"https:\/\/www.axiomams.eu\/et#website","url":"https:\/\/www.axiomams.eu\/et","name":"AXIOMA MS","description":"Terrmovizoriai ir matavimo \u012franga","publisher":{"@id":"https:\/\/www.axiomams.eu\/et#organization"},"potentialAction":[{"@type":"SearchAction","target":{"@type":"EntryPoint","urlTemplate":"https:\/\/www.axiomams.eu\/et?s={search_term_string}"},"query-input":{"@type":"PropertyValueSpecification","valueRequired":true,"valueName":"search_term_string"}}],"inLanguage":"et"},{"@type":"Organization","@id":"https:\/\/www.axiomams.eu\/et#organization","name":"AXIOMA MS","url":"https:\/\/www.axiomams.eu\/et","logo":{"@type":"ImageObject","inLanguage":"et","@id":"https:\/\/www.axiomams.eu\/et#\/schema\/logo\/image\/","url":"https:\/\/www.axiomams.eu\/wp-content\/uploads\/2025\/06\/axioma-logo-2.png","contentUrl":"https:\/\/www.axiomams.eu\/wp-content\/uploads\/2025\/06\/axioma-logo-2.png","width":1200,"height":1200,"caption":"AXIOMA MS"},"image":{"@id":"https:\/\/www.axiomams.eu\/et#\/schema\/logo\/image\/"},"sameAs":["https:\/\/www.facebook.com\/AxiomaMS","https:\/\/www.linkedin.com\/company\/axiomams\/"]}]}},"_links":{"self":[{"href":"https:\/\/www.axiomams.eu\/et\/wp-json\/wp\/v2\/product\/40356","targetHints":{"allow":["GET"]}}],"collection":[{"href":"https:\/\/www.axiomams.eu\/et\/wp-json\/wp\/v2\/product"}],"about":[{"href":"https:\/\/www.axiomams.eu\/et\/wp-json\/wp\/v2\/types\/product"}],"replies":[{"embeddable":true,"href":"https:\/\/www.axiomams.eu\/et\/wp-json\/wp\/v2\/comments?post=40356"}],"wp:featuredmedia":[{"embeddable":true,"href":"https:\/\/www.axiomams.eu\/et\/wp-json\/wp\/v2\/media\/42234"}],"wp:attachment":[{"href":"https:\/\/www.axiomams.eu\/et\/wp-json\/wp\/v2\/media?parent=40356"}],"wp:term":[{"taxonomy":"product_brand","embeddable":true,"href":"https:\/\/www.axiomams.eu\/et\/wp-json\/wp\/v2\/product_brand?post=40356"},{"taxonomy":"product_cat","embeddable":true,"href":"https:\/\/www.axiomams.eu\/et\/wp-json\/wp\/v2\/product_cat?post=40356"},{"taxonomy":"product_tag","embeddable":true,"href":"https:\/\/www.axiomams.eu\/et\/wp-json\/wp\/v2\/product_tag?post=40356"}],"curies":[{"name":"wp","href":"https:\/\/api.w.org\/{rel}","templated":true}]}}