{"id":40357,"date":"2025-05-15T18:04:14","date_gmt":"2025-05-15T16:04:14","guid":{"rendered":"https:\/\/www.axiomams.eu\/produktas\/blowerdoor-minifan-ohutiheduse-mootmise-susteem"},"modified":"2026-02-02T14:31:50","modified_gmt":"2026-02-02T12:31:50","slug":"blowerdoor-minifan-ohutiheduse-mootmise-susteem","status":"publish","type":"product","link":"https:\/\/www.axiomams.eu\/et\/produktas\/blowerdoor-minifan-ohutiheduse-mootmise-susteem","title":{"rendered":"BlowerDoor MiniFan \u00f5hutiheduse m\u00f5\u00f5tmise s\u00fcsteem"},"content":{"rendered":"<p>Meie kompaktne BlowerDoor MiniFan s\u00fcsteem, mille m\u00f5\u00f5tevahemik on 5 kuni 2300 m\u00b3\/h, sobib ideaalselt kasutamiseks \u00fcksikutes korterites v\u00f5i v\u00e4ga \u00f5hukindlates v\u00f5i v\u00e4iksemates hoonetes. Ventilatsioonis\u00fcsteemide toimivuse kontrollimiseks \u00fchendage see lihtsalt Minneapolise FlowBlaster&#8217;i ja Micro Leakage Meter&#8217;iga.<\/p>\n<p>Standardkomplekt: BlowerDoor-ventilaator, voolur\u00f5ngad 1-4 ja paindlik \u00fchendusl\u00fcli, digitaalne manomeeter DG-1000 koos transpordikotiga, lisakott koos ventilaatori kattega, BlowerDoor-paneel (standardsuuruses), ventilaatori kiiruse regulaator (220-240 V) koos m\u00f5\u00f5teplaadiga, kasutusjuhend, tarkvara TECTITE Express 5.1, torukomplekt koos T-t\u00fckiga, kapillaartoru, DG-1000 ja BlowerDoor-ventilaatori \/ BlowerDoor paigaldusraami (standardsuuruses) kalibreerimissertifikaat koos transpordikotiga.<\/p>\n<h3>Tehniline teave:<\/h3>\n<ul>\n<li><a href=\"https:\/\/axiomams.eu\/importer\/export\/attachments\/en\/blowerdoor-minifan.pdf\" target=\"_blank\">BlowerDoor MiniFan.pdf<\/a><\/li>\n<li><a href=\"https:\/\/axiomams.eu\/importer\/export\/attachments\/en\/blowerdoor-dg-1000.pdf\" target=\"_blank\">BlowerDoor DG-1000.pdf<\/a><\/li>\n<\/ul>\n","protected":false},"excerpt":{"rendered":"<p>Meie kompaktne BlowerDoor MiniFan s\u00fcsteem, mille m\u00f5\u00f5tevahemik on 5 kuni 2300 m\u00b3\/h, sobib ideaalselt kasutamiseks \u00fcksikutes korterites v\u00f5i v\u00e4ga \u00f5hukindlates v\u00f5i v\u00e4iksemates hoonetes. Ventilatsioonis\u00fcsteemide toimivuse kontrollimiseks \u00fchendage see lihtsalt Minneapolise FlowBlaster&#8217;i ja Micro Leakage Meter&#8217;iga. Standardkomplekt: BlowerDoor-ventilaator, voolur\u00f5ngad 1-4 ja paindlik \u00fchendusl\u00fcli, digitaalne manomeeter DG-1000 koos transpordikotiga, lisakott koos ventilaatori kattega, BlowerDoor-paneel (standardsuuruses), ventilaatori kiiruse&#8230;<\/p>\n","protected":false},"featured_media":42236,"comment_status":"open","ping_status":"closed","template":"","meta":{"_acf_changed":false},"product_brand":[2311],"product_cat":[17804],"product_tag":[],"class_list":{"0":"post-40357","1":"product","2":"type-product","3":"status-publish","4":"has-post-thumbnail","6":"product_brand-blowerdoor","7":"product_cat-lekkekatseteks","9":"first","10":"instock","11":"taxable","12":"shipping-taxable","13":"purchasable","14":"product-type-simple"},"acf":[],"yoast_head":"<!-- This site is optimized with the Yoast SEO plugin v27.0 - https:\/\/yoast.com\/product\/yoast-seo-wordpress\/ -->\n<title>BlowerDoor MiniFan \u00f5hutiheduse m\u00f5\u00f5tmise s\u00fcsteem - AXIOMA MS<\/title>\n<meta name=\"robots\" content=\"index, follow, max-snippet:-1, max-image-preview:large, max-video-preview:-1\" \/>\n<link rel=\"canonical\" href=\"https:\/\/www.axiomams.eu\/et\/produktas\/blowerdoor-minifan-ohutiheduse-mootmise-susteem\" \/>\n<meta property=\"og:locale\" content=\"et_EE\" \/>\n<meta property=\"og:type\" content=\"article\" \/>\n<meta property=\"og:title\" content=\"BlowerDoor MiniFan \u00f5hutiheduse m\u00f5\u00f5tmise s\u00fcsteem - AXIOMA MS\" \/>\n<meta property=\"og:description\" content=\"Meie kompaktne BlowerDoor MiniFan s\u00fcsteem, mille m\u00f5\u00f5tevahemik on 5 kuni 2300 m\u00b3\/h, sobib ideaalselt kasutamiseks \u00fcksikutes korterites v\u00f5i v\u00e4ga \u00f5hukindlates v\u00f5i v\u00e4iksemates hoonetes. Ventilatsioonis\u00fcsteemide toimivuse kontrollimiseks \u00fchendage see lihtsalt Minneapolise FlowBlaster&#8217;i ja Micro Leakage Meter&#8217;iga. Standardkomplekt: BlowerDoor-ventilaator, voolur\u00f5ngad 1-4 ja paindlik \u00fchendusl\u00fcli, digitaalne manomeeter DG-1000 koos transpordikotiga, lisakott koos ventilaatori kattega, BlowerDoor-paneel (standardsuuruses), ventilaatori kiiruse...\" \/>\n<meta property=\"og:url\" content=\"https:\/\/www.axiomams.eu\/et\/produktas\/blowerdoor-minifan-ohutiheduse-mootmise-susteem\" \/>\n<meta property=\"og:site_name\" content=\"AXIOMA MS\" \/>\n<meta property=\"article:publisher\" content=\"https:\/\/www.facebook.com\/AxiomaMS\" \/>\n<meta property=\"article:modified_time\" content=\"2026-02-02T12:31:50+00:00\" \/>\n<meta property=\"og:image\" content=\"https:\/\/www.axiomams.eu\/wp-content\/uploads\/2025\/07\/668-2850.jpg\" \/>\n\t<meta property=\"og:image:width\" content=\"809\" \/>\n\t<meta property=\"og:image:height\" content=\"1020\" \/>\n\t<meta property=\"og:image:type\" content=\"image\/jpeg\" \/>\n<meta name=\"twitter:card\" content=\"summary_large_image\" \/>\n<script type=\"application\/ld+json\" class=\"yoast-schema-graph\">{\"@context\":\"https:\/\/schema.org\",\"@graph\":[{\"@type\":\"WebPage\",\"@id\":\"https:\/\/www.axiomams.eu\/et\/produktas\/blowerdoor-minifan-ohutiheduse-mootmise-susteem\",\"url\":\"https:\/\/www.axiomams.eu\/et\/produktas\/blowerdoor-minifan-ohutiheduse-mootmise-susteem\",\"name\":\"BlowerDoor MiniFan \u00f5hutiheduse m\u00f5\u00f5tmise s\u00fcsteem - AXIOMA MS\",\"isPartOf\":{\"@id\":\"https:\/\/www.axiomams.eu\/et#website\"},\"primaryImageOfPage\":{\"@id\":\"https:\/\/www.axiomams.eu\/et\/produktas\/blowerdoor-minifan-ohutiheduse-mootmise-susteem#primaryimage\"},\"image\":{\"@id\":\"https:\/\/www.axiomams.eu\/et\/produktas\/blowerdoor-minifan-ohutiheduse-mootmise-susteem#primaryimage\"},\"thumbnailUrl\":\"https:\/\/www.axiomams.eu\/wp-content\/uploads\/2025\/07\/668-2850.jpg\",\"datePublished\":\"2025-05-15T16:04:14+00:00\",\"dateModified\":\"2026-02-02T12:31:50+00:00\",\"breadcrumb\":{\"@id\":\"https:\/\/www.axiomams.eu\/et\/produktas\/blowerdoor-minifan-ohutiheduse-mootmise-susteem#breadcrumb\"},\"inLanguage\":\"et\",\"potentialAction\":[{\"@type\":\"ReadAction\",\"target\":[\"https:\/\/www.axiomams.eu\/et\/produktas\/blowerdoor-minifan-ohutiheduse-mootmise-susteem\"]}]},{\"@type\":\"ImageObject\",\"inLanguage\":\"et\",\"@id\":\"https:\/\/www.axiomams.eu\/et\/produktas\/blowerdoor-minifan-ohutiheduse-mootmise-susteem#primaryimage\",\"url\":\"https:\/\/www.axiomams.eu\/wp-content\/uploads\/2025\/07\/668-2850.jpg\",\"contentUrl\":\"https:\/\/www.axiomams.eu\/wp-content\/uploads\/2025\/07\/668-2850.jpg\",\"width\":809,\"height\":1020},{\"@type\":\"BreadcrumbList\",\"@id\":\"https:\/\/www.axiomams.eu\/et\/produktas\/blowerdoor-minifan-ohutiheduse-mootmise-susteem#breadcrumb\",\"itemListElement\":[{\"@type\":\"ListItem\",\"position\":1,\"name\":\"Home\",\"item\":\"https:\/\/www.axiomams.eu\/et\"},{\"@type\":\"ListItem\",\"position\":2,\"name\":\"Tooted\",\"item\":\"https:\/\/www.axiomams.eu\/et\/tooted\"},{\"@type\":\"ListItem\",\"position\":3,\"name\":\"BlowerDoor MiniFan \u00f5hutiheduse m\u00f5\u00f5tmise s\u00fcsteem\"}]},{\"@type\":\"WebSite\",\"@id\":\"https:\/\/www.axiomams.eu\/et#website\",\"url\":\"https:\/\/www.axiomams.eu\/et\",\"name\":\"AXIOMA MS\",\"description\":\"Terrmovizoriai ir matavimo \u012franga\",\"publisher\":{\"@id\":\"https:\/\/www.axiomams.eu\/et#organization\"},\"potentialAction\":[{\"@type\":\"SearchAction\",\"target\":{\"@type\":\"EntryPoint\",\"urlTemplate\":\"https:\/\/www.axiomams.eu\/et?s={search_term_string}\"},\"query-input\":{\"@type\":\"PropertyValueSpecification\",\"valueRequired\":true,\"valueName\":\"search_term_string\"}}],\"inLanguage\":\"et\"},{\"@type\":\"Organization\",\"@id\":\"https:\/\/www.axiomams.eu\/et#organization\",\"name\":\"AXIOMA MS\",\"url\":\"https:\/\/www.axiomams.eu\/et\",\"logo\":{\"@type\":\"ImageObject\",\"inLanguage\":\"et\",\"@id\":\"https:\/\/www.axiomams.eu\/et#\/schema\/logo\/image\/\",\"url\":\"https:\/\/www.axiomams.eu\/wp-content\/uploads\/2025\/06\/axioma-logo-2.png\",\"contentUrl\":\"https:\/\/www.axiomams.eu\/wp-content\/uploads\/2025\/06\/axioma-logo-2.png\",\"width\":1200,\"height\":1200,\"caption\":\"AXIOMA MS\"},\"image\":{\"@id\":\"https:\/\/www.axiomams.eu\/et#\/schema\/logo\/image\/\"},\"sameAs\":[\"https:\/\/www.facebook.com\/AxiomaMS\",\"https:\/\/www.linkedin.com\/company\/axiomams\/\"]}]}<\/script>\n<!-- \/ Yoast SEO plugin. -->","yoast_head_json":{"title":"BlowerDoor MiniFan \u00f5hutiheduse m\u00f5\u00f5tmise s\u00fcsteem - AXIOMA MS","robots":{"index":"index","follow":"follow","max-snippet":"max-snippet:-1","max-image-preview":"max-image-preview:large","max-video-preview":"max-video-preview:-1"},"canonical":"https:\/\/www.axiomams.eu\/et\/produktas\/blowerdoor-minifan-ohutiheduse-mootmise-susteem","og_locale":"et_EE","og_type":"article","og_title":"BlowerDoor MiniFan \u00f5hutiheduse m\u00f5\u00f5tmise s\u00fcsteem - AXIOMA MS","og_description":"Meie kompaktne BlowerDoor MiniFan s\u00fcsteem, mille m\u00f5\u00f5tevahemik on 5 kuni 2300 m\u00b3\/h, sobib ideaalselt kasutamiseks \u00fcksikutes korterites v\u00f5i v\u00e4ga \u00f5hukindlates v\u00f5i v\u00e4iksemates hoonetes. Ventilatsioonis\u00fcsteemide toimivuse kontrollimiseks \u00fchendage see lihtsalt Minneapolise FlowBlaster&#8217;i ja Micro Leakage Meter&#8217;iga. Standardkomplekt: BlowerDoor-ventilaator, voolur\u00f5ngad 1-4 ja paindlik \u00fchendusl\u00fcli, digitaalne manomeeter DG-1000 koos transpordikotiga, lisakott koos ventilaatori kattega, BlowerDoor-paneel (standardsuuruses), ventilaatori kiiruse...","og_url":"https:\/\/www.axiomams.eu\/et\/produktas\/blowerdoor-minifan-ohutiheduse-mootmise-susteem","og_site_name":"AXIOMA MS","article_publisher":"https:\/\/www.facebook.com\/AxiomaMS","article_modified_time":"2026-02-02T12:31:50+00:00","og_image":[{"width":809,"height":1020,"url":"https:\/\/www.axiomams.eu\/wp-content\/uploads\/2025\/07\/668-2850.jpg","type":"image\/jpeg"}],"twitter_card":"summary_large_image","schema":{"@context":"https:\/\/schema.org","@graph":[{"@type":"WebPage","@id":"https:\/\/www.axiomams.eu\/et\/produktas\/blowerdoor-minifan-ohutiheduse-mootmise-susteem","url":"https:\/\/www.axiomams.eu\/et\/produktas\/blowerdoor-minifan-ohutiheduse-mootmise-susteem","name":"BlowerDoor MiniFan \u00f5hutiheduse m\u00f5\u00f5tmise s\u00fcsteem - AXIOMA MS","isPartOf":{"@id":"https:\/\/www.axiomams.eu\/et#website"},"primaryImageOfPage":{"@id":"https:\/\/www.axiomams.eu\/et\/produktas\/blowerdoor-minifan-ohutiheduse-mootmise-susteem#primaryimage"},"image":{"@id":"https:\/\/www.axiomams.eu\/et\/produktas\/blowerdoor-minifan-ohutiheduse-mootmise-susteem#primaryimage"},"thumbnailUrl":"https:\/\/www.axiomams.eu\/wp-content\/uploads\/2025\/07\/668-2850.jpg","datePublished":"2025-05-15T16:04:14+00:00","dateModified":"2026-02-02T12:31:50+00:00","breadcrumb":{"@id":"https:\/\/www.axiomams.eu\/et\/produktas\/blowerdoor-minifan-ohutiheduse-mootmise-susteem#breadcrumb"},"inLanguage":"et","potentialAction":[{"@type":"ReadAction","target":["https:\/\/www.axiomams.eu\/et\/produktas\/blowerdoor-minifan-ohutiheduse-mootmise-susteem"]}]},{"@type":"ImageObject","inLanguage":"et","@id":"https:\/\/www.axiomams.eu\/et\/produktas\/blowerdoor-minifan-ohutiheduse-mootmise-susteem#primaryimage","url":"https:\/\/www.axiomams.eu\/wp-content\/uploads\/2025\/07\/668-2850.jpg","contentUrl":"https:\/\/www.axiomams.eu\/wp-content\/uploads\/2025\/07\/668-2850.jpg","width":809,"height":1020},{"@type":"BreadcrumbList","@id":"https:\/\/www.axiomams.eu\/et\/produktas\/blowerdoor-minifan-ohutiheduse-mootmise-susteem#breadcrumb","itemListElement":[{"@type":"ListItem","position":1,"name":"Home","item":"https:\/\/www.axiomams.eu\/et"},{"@type":"ListItem","position":2,"name":"Tooted","item":"https:\/\/www.axiomams.eu\/et\/tooted"},{"@type":"ListItem","position":3,"name":"BlowerDoor MiniFan \u00f5hutiheduse m\u00f5\u00f5tmise s\u00fcsteem"}]},{"@type":"WebSite","@id":"https:\/\/www.axiomams.eu\/et#website","url":"https:\/\/www.axiomams.eu\/et","name":"AXIOMA MS","description":"Terrmovizoriai ir matavimo \u012franga","publisher":{"@id":"https:\/\/www.axiomams.eu\/et#organization"},"potentialAction":[{"@type":"SearchAction","target":{"@type":"EntryPoint","urlTemplate":"https:\/\/www.axiomams.eu\/et?s={search_term_string}"},"query-input":{"@type":"PropertyValueSpecification","valueRequired":true,"valueName":"search_term_string"}}],"inLanguage":"et"},{"@type":"Organization","@id":"https:\/\/www.axiomams.eu\/et#organization","name":"AXIOMA MS","url":"https:\/\/www.axiomams.eu\/et","logo":{"@type":"ImageObject","inLanguage":"et","@id":"https:\/\/www.axiomams.eu\/et#\/schema\/logo\/image\/","url":"https:\/\/www.axiomams.eu\/wp-content\/uploads\/2025\/06\/axioma-logo-2.png","contentUrl":"https:\/\/www.axiomams.eu\/wp-content\/uploads\/2025\/06\/axioma-logo-2.png","width":1200,"height":1200,"caption":"AXIOMA MS"},"image":{"@id":"https:\/\/www.axiomams.eu\/et#\/schema\/logo\/image\/"},"sameAs":["https:\/\/www.facebook.com\/AxiomaMS","https:\/\/www.linkedin.com\/company\/axiomams\/"]}]}},"_links":{"self":[{"href":"https:\/\/www.axiomams.eu\/et\/wp-json\/wp\/v2\/product\/40357","targetHints":{"allow":["GET"]}}],"collection":[{"href":"https:\/\/www.axiomams.eu\/et\/wp-json\/wp\/v2\/product"}],"about":[{"href":"https:\/\/www.axiomams.eu\/et\/wp-json\/wp\/v2\/types\/product"}],"replies":[{"embeddable":true,"href":"https:\/\/www.axiomams.eu\/et\/wp-json\/wp\/v2\/comments?post=40357"}],"wp:featuredmedia":[{"embeddable":true,"href":"https:\/\/www.axiomams.eu\/et\/wp-json\/wp\/v2\/media\/42236"}],"wp:attachment":[{"href":"https:\/\/www.axiomams.eu\/et\/wp-json\/wp\/v2\/media?parent=40357"}],"wp:term":[{"taxonomy":"product_brand","embeddable":true,"href":"https:\/\/www.axiomams.eu\/et\/wp-json\/wp\/v2\/product_brand?post=40357"},{"taxonomy":"product_cat","embeddable":true,"href":"https:\/\/www.axiomams.eu\/et\/wp-json\/wp\/v2\/product_cat?post=40357"},{"taxonomy":"product_tag","embeddable":true,"href":"https:\/\/www.axiomams.eu\/et\/wp-json\/wp\/v2\/product_tag?post=40357"}],"curies":[{"name":"wp","href":"https:\/\/api.w.org\/{rel}","templated":true}]}}