{"id":40359,"date":"2025-05-15T18:04:42","date_gmt":"2025-05-15T16:04:42","guid":{"rendered":"https:\/\/www.axiomams.eu\/produktas\/mobiilne-gc-kaasaskantav-gaasikromatograaf"},"modified":"2026-02-02T14:31:50","modified_gmt":"2026-02-02T12:31:50","slug":"mobiilne-gc-kaasaskantav-gaasikromatograaf","status":"publish","type":"product","link":"https:\/\/www.axiomams.eu\/et\/produktas\/mobiilne-gc-kaasaskantav-gaasikromatograaf","title":{"rendered":"Mobiilne GC Kaasaskantav gaasikromatograaf"},"content":{"rendered":"<p>Energy Support Mobile GC on kaasaskantav gaasikromatograaf. \u00dcks t\u00e4htsamaid trafo\u00f5li teste on lahustunud gaasi test. Enam ei ole vaja proove laboratooriumidesse transportida &#8211; lihtsalt asetage proov ja vajutage testinuppu. Mobile GC-ga saab m\u00f5\u00f5ta kuni 11 erinevat gaasi. Seade vastab t\u00e4ielikult standarditele ASTM D3612 ja IEC 60567.<\/p>\n<p>Lisateave seadme kohta:<br \/>\nDetekteeritavad gaasid ja t\u00e4psus: vesinik (1 ppm), s\u00fcsinikmonooksiid (0,2 ppm), s\u00fcsinikdioksiid (0,2 ppm), metaan (0,1 ppm), atset\u00fcleen (0,1 ppm), et\u00fcleen (0,1 ppm), etaan (0,1 ppm), propeen (0,5 ppm), propaan (0,5 ppm), hapnik (30 ppm) ja l\u00e4mmastik (30 ppm);<br \/>\nM\u00f5\u00f5tmistehnoloogia: t\u00e4ielik gaasikromatograafiline anal\u00fc\u00fcs;<br \/>\nM\u00f5\u00f5tmisvahemik: 0,1 &#8230; 100 000 ppm;<br \/>\nM\u00f5\u00f5tmise eraldusv\u00f5ime: 0,1 ppm;<br \/>\nProovide v\u00f5tmine: 10 ml \u00f5li;<br \/>\nGaasin\u00f5uded: 99,999 % puhtusastmega argoongaas, 99,999 % puhtusastmega vesinik;<br \/>\nSissep\u00e4\u00e4sukaitse: IP 67;<br \/>\nT\u00f6\u00f6temperatuur: 0 &#8230; +50 \u00b0C;<br \/>\nM\u00f5\u00f5tmed: m\u00f5\u00f5tmed: 460 x 500 x 310 mm;<br \/>\nKaal: 19 kg.<\/p>\n<h3>Tehniline teave:<\/h3>\n<ul>\n<li><a href=\"https:\/\/axiomams.eu\/importer\/export\/attachments\/en\/mobile-gc_datasheet.pdf\" target=\"_blank\">Mobile-GC_datasheet.pdf<\/a><\/li>\n<\/ul>\n","protected":false},"excerpt":{"rendered":"<p>Energy Support Mobile GC on kaasaskantav gaasikromatograaf. \u00dcks t\u00e4htsamaid trafo\u00f5li teste on lahustunud gaasi test. Enam ei ole vaja proove laboratooriumidesse transportida &#8211; lihtsalt asetage proov ja vajutage testinuppu. Mobile GC-ga saab m\u00f5\u00f5ta kuni 11 erinevat gaasi. Seade vastab t\u00e4ielikult standarditele ASTM D3612 ja IEC 60567. Lisateave seadme kohta: Detekteeritavad gaasid ja t\u00e4psus: vesinik (1&#8230;<\/p>\n","protected":false},"featured_media":42240,"comment_status":"open","ping_status":"closed","template":"","meta":{"_acf_changed":false},"product_brand":[],"product_cat":[17779],"product_tag":[],"class_list":{"0":"post-40359","1":"product","2":"type-product","3":"status-publish","4":"has-post-thumbnail","6":"product_cat-elektriliste-seadmete-katsetamiseks-ja-testimiseks","8":"first","9":"instock","10":"taxable","11":"shipping-taxable","12":"product-type-simple"},"acf":[],"yoast_head":"<!-- This site is optimized with the Yoast SEO plugin v27.0 - https:\/\/yoast.com\/product\/yoast-seo-wordpress\/ -->\n<title>Mobiilne GC Kaasaskantav gaasikromatograaf - AXIOMA MS<\/title>\n<meta name=\"robots\" content=\"index, follow, max-snippet:-1, max-image-preview:large, max-video-preview:-1\" \/>\n<link rel=\"canonical\" href=\"https:\/\/www.axiomams.eu\/et\/produktas\/mobiilne-gc-kaasaskantav-gaasikromatograaf\" \/>\n<meta property=\"og:locale\" content=\"et_EE\" \/>\n<meta property=\"og:type\" content=\"article\" \/>\n<meta property=\"og:title\" content=\"Mobiilne GC Kaasaskantav gaasikromatograaf - AXIOMA MS\" \/>\n<meta property=\"og:description\" content=\"Energy Support Mobile GC on kaasaskantav gaasikromatograaf. \u00dcks t\u00e4htsamaid trafo\u00f5li teste on lahustunud gaasi test. Enam ei ole vaja proove laboratooriumidesse transportida &#8211; lihtsalt asetage proov ja vajutage testinuppu. Mobile GC-ga saab m\u00f5\u00f5ta kuni 11 erinevat gaasi. Seade vastab t\u00e4ielikult standarditele ASTM D3612 ja IEC 60567. Lisateave seadme kohta: Detekteeritavad gaasid ja t\u00e4psus: vesinik (1...\" \/>\n<meta property=\"og:url\" content=\"https:\/\/www.axiomams.eu\/et\/produktas\/mobiilne-gc-kaasaskantav-gaasikromatograaf\" \/>\n<meta property=\"og:site_name\" content=\"AXIOMA MS\" \/>\n<meta property=\"article:publisher\" content=\"https:\/\/www.facebook.com\/AxiomaMS\" \/>\n<meta property=\"article:modified_time\" content=\"2026-02-02T12:31:50+00:00\" \/>\n<meta property=\"og:image\" content=\"https:\/\/www.axiomams.eu\/wp-content\/uploads\/2025\/07\/1842-2386.jpg\" \/>\n\t<meta property=\"og:image:width\" content=\"235\" \/>\n\t<meta property=\"og:image:height\" content=\"300\" \/>\n\t<meta property=\"og:image:type\" content=\"image\/jpeg\" \/>\n<meta name=\"twitter:card\" content=\"summary_large_image\" \/>\n<meta name=\"twitter:label1\" content=\"Est. reading time\" \/>\n\t<meta name=\"twitter:data1\" content=\"1 minut\" \/>\n<script type=\"application\/ld+json\" class=\"yoast-schema-graph\">{\"@context\":\"https:\/\/schema.org\",\"@graph\":[{\"@type\":\"WebPage\",\"@id\":\"https:\/\/www.axiomams.eu\/et\/produktas\/mobiilne-gc-kaasaskantav-gaasikromatograaf\",\"url\":\"https:\/\/www.axiomams.eu\/et\/produktas\/mobiilne-gc-kaasaskantav-gaasikromatograaf\",\"name\":\"Mobiilne GC Kaasaskantav gaasikromatograaf - AXIOMA MS\",\"isPartOf\":{\"@id\":\"https:\/\/www.axiomams.eu\/et#website\"},\"primaryImageOfPage\":{\"@id\":\"https:\/\/www.axiomams.eu\/et\/produktas\/mobiilne-gc-kaasaskantav-gaasikromatograaf#primaryimage\"},\"image\":{\"@id\":\"https:\/\/www.axiomams.eu\/et\/produktas\/mobiilne-gc-kaasaskantav-gaasikromatograaf#primaryimage\"},\"thumbnailUrl\":\"https:\/\/www.axiomams.eu\/wp-content\/uploads\/2025\/07\/1842-2386.jpg\",\"datePublished\":\"2025-05-15T16:04:42+00:00\",\"dateModified\":\"2026-02-02T12:31:50+00:00\",\"breadcrumb\":{\"@id\":\"https:\/\/www.axiomams.eu\/et\/produktas\/mobiilne-gc-kaasaskantav-gaasikromatograaf#breadcrumb\"},\"inLanguage\":\"et\",\"potentialAction\":[{\"@type\":\"ReadAction\",\"target\":[\"https:\/\/www.axiomams.eu\/et\/produktas\/mobiilne-gc-kaasaskantav-gaasikromatograaf\"]}]},{\"@type\":\"ImageObject\",\"inLanguage\":\"et\",\"@id\":\"https:\/\/www.axiomams.eu\/et\/produktas\/mobiilne-gc-kaasaskantav-gaasikromatograaf#primaryimage\",\"url\":\"https:\/\/www.axiomams.eu\/wp-content\/uploads\/2025\/07\/1842-2386.jpg\",\"contentUrl\":\"https:\/\/www.axiomams.eu\/wp-content\/uploads\/2025\/07\/1842-2386.jpg\",\"width\":235,\"height\":300},{\"@type\":\"BreadcrumbList\",\"@id\":\"https:\/\/www.axiomams.eu\/et\/produktas\/mobiilne-gc-kaasaskantav-gaasikromatograaf#breadcrumb\",\"itemListElement\":[{\"@type\":\"ListItem\",\"position\":1,\"name\":\"Home\",\"item\":\"https:\/\/www.axiomams.eu\/et\"},{\"@type\":\"ListItem\",\"position\":2,\"name\":\"Tooted\",\"item\":\"https:\/\/www.axiomams.eu\/et\/tooted\"},{\"@type\":\"ListItem\",\"position\":3,\"name\":\"Mobiilne GC Kaasaskantav gaasikromatograaf\"}]},{\"@type\":\"WebSite\",\"@id\":\"https:\/\/www.axiomams.eu\/et#website\",\"url\":\"https:\/\/www.axiomams.eu\/et\",\"name\":\"AXIOMA MS\",\"description\":\"Terrmovizoriai ir matavimo \u012franga\",\"publisher\":{\"@id\":\"https:\/\/www.axiomams.eu\/et#organization\"},\"potentialAction\":[{\"@type\":\"SearchAction\",\"target\":{\"@type\":\"EntryPoint\",\"urlTemplate\":\"https:\/\/www.axiomams.eu\/et?s={search_term_string}\"},\"query-input\":{\"@type\":\"PropertyValueSpecification\",\"valueRequired\":true,\"valueName\":\"search_term_string\"}}],\"inLanguage\":\"et\"},{\"@type\":\"Organization\",\"@id\":\"https:\/\/www.axiomams.eu\/et#organization\",\"name\":\"AXIOMA MS\",\"url\":\"https:\/\/www.axiomams.eu\/et\",\"logo\":{\"@type\":\"ImageObject\",\"inLanguage\":\"et\",\"@id\":\"https:\/\/www.axiomams.eu\/et#\/schema\/logo\/image\/\",\"url\":\"https:\/\/www.axiomams.eu\/wp-content\/uploads\/2025\/06\/axioma-logo-2.png\",\"contentUrl\":\"https:\/\/www.axiomams.eu\/wp-content\/uploads\/2025\/06\/axioma-logo-2.png\",\"width\":1200,\"height\":1200,\"caption\":\"AXIOMA MS\"},\"image\":{\"@id\":\"https:\/\/www.axiomams.eu\/et#\/schema\/logo\/image\/\"},\"sameAs\":[\"https:\/\/www.facebook.com\/AxiomaMS\",\"https:\/\/www.linkedin.com\/company\/axiomams\/\"]}]}<\/script>\n<!-- \/ Yoast SEO plugin. -->","yoast_head_json":{"title":"Mobiilne GC Kaasaskantav gaasikromatograaf - AXIOMA MS","robots":{"index":"index","follow":"follow","max-snippet":"max-snippet:-1","max-image-preview":"max-image-preview:large","max-video-preview":"max-video-preview:-1"},"canonical":"https:\/\/www.axiomams.eu\/et\/produktas\/mobiilne-gc-kaasaskantav-gaasikromatograaf","og_locale":"et_EE","og_type":"article","og_title":"Mobiilne GC Kaasaskantav gaasikromatograaf - AXIOMA MS","og_description":"Energy Support Mobile GC on kaasaskantav gaasikromatograaf. \u00dcks t\u00e4htsamaid trafo\u00f5li teste on lahustunud gaasi test. Enam ei ole vaja proove laboratooriumidesse transportida &#8211; lihtsalt asetage proov ja vajutage testinuppu. Mobile GC-ga saab m\u00f5\u00f5ta kuni 11 erinevat gaasi. Seade vastab t\u00e4ielikult standarditele ASTM D3612 ja IEC 60567. Lisateave seadme kohta: Detekteeritavad gaasid ja t\u00e4psus: vesinik (1...","og_url":"https:\/\/www.axiomams.eu\/et\/produktas\/mobiilne-gc-kaasaskantav-gaasikromatograaf","og_site_name":"AXIOMA MS","article_publisher":"https:\/\/www.facebook.com\/AxiomaMS","article_modified_time":"2026-02-02T12:31:50+00:00","og_image":[{"width":235,"height":300,"url":"https:\/\/www.axiomams.eu\/wp-content\/uploads\/2025\/07\/1842-2386.jpg","type":"image\/jpeg"}],"twitter_card":"summary_large_image","twitter_misc":{"Est. reading time":"1 minut"},"schema":{"@context":"https:\/\/schema.org","@graph":[{"@type":"WebPage","@id":"https:\/\/www.axiomams.eu\/et\/produktas\/mobiilne-gc-kaasaskantav-gaasikromatograaf","url":"https:\/\/www.axiomams.eu\/et\/produktas\/mobiilne-gc-kaasaskantav-gaasikromatograaf","name":"Mobiilne GC Kaasaskantav gaasikromatograaf - AXIOMA MS","isPartOf":{"@id":"https:\/\/www.axiomams.eu\/et#website"},"primaryImageOfPage":{"@id":"https:\/\/www.axiomams.eu\/et\/produktas\/mobiilne-gc-kaasaskantav-gaasikromatograaf#primaryimage"},"image":{"@id":"https:\/\/www.axiomams.eu\/et\/produktas\/mobiilne-gc-kaasaskantav-gaasikromatograaf#primaryimage"},"thumbnailUrl":"https:\/\/www.axiomams.eu\/wp-content\/uploads\/2025\/07\/1842-2386.jpg","datePublished":"2025-05-15T16:04:42+00:00","dateModified":"2026-02-02T12:31:50+00:00","breadcrumb":{"@id":"https:\/\/www.axiomams.eu\/et\/produktas\/mobiilne-gc-kaasaskantav-gaasikromatograaf#breadcrumb"},"inLanguage":"et","potentialAction":[{"@type":"ReadAction","target":["https:\/\/www.axiomams.eu\/et\/produktas\/mobiilne-gc-kaasaskantav-gaasikromatograaf"]}]},{"@type":"ImageObject","inLanguage":"et","@id":"https:\/\/www.axiomams.eu\/et\/produktas\/mobiilne-gc-kaasaskantav-gaasikromatograaf#primaryimage","url":"https:\/\/www.axiomams.eu\/wp-content\/uploads\/2025\/07\/1842-2386.jpg","contentUrl":"https:\/\/www.axiomams.eu\/wp-content\/uploads\/2025\/07\/1842-2386.jpg","width":235,"height":300},{"@type":"BreadcrumbList","@id":"https:\/\/www.axiomams.eu\/et\/produktas\/mobiilne-gc-kaasaskantav-gaasikromatograaf#breadcrumb","itemListElement":[{"@type":"ListItem","position":1,"name":"Home","item":"https:\/\/www.axiomams.eu\/et"},{"@type":"ListItem","position":2,"name":"Tooted","item":"https:\/\/www.axiomams.eu\/et\/tooted"},{"@type":"ListItem","position":3,"name":"Mobiilne GC Kaasaskantav gaasikromatograaf"}]},{"@type":"WebSite","@id":"https:\/\/www.axiomams.eu\/et#website","url":"https:\/\/www.axiomams.eu\/et","name":"AXIOMA MS","description":"Terrmovizoriai ir matavimo \u012franga","publisher":{"@id":"https:\/\/www.axiomams.eu\/et#organization"},"potentialAction":[{"@type":"SearchAction","target":{"@type":"EntryPoint","urlTemplate":"https:\/\/www.axiomams.eu\/et?s={search_term_string}"},"query-input":{"@type":"PropertyValueSpecification","valueRequired":true,"valueName":"search_term_string"}}],"inLanguage":"et"},{"@type":"Organization","@id":"https:\/\/www.axiomams.eu\/et#organization","name":"AXIOMA MS","url":"https:\/\/www.axiomams.eu\/et","logo":{"@type":"ImageObject","inLanguage":"et","@id":"https:\/\/www.axiomams.eu\/et#\/schema\/logo\/image\/","url":"https:\/\/www.axiomams.eu\/wp-content\/uploads\/2025\/06\/axioma-logo-2.png","contentUrl":"https:\/\/www.axiomams.eu\/wp-content\/uploads\/2025\/06\/axioma-logo-2.png","width":1200,"height":1200,"caption":"AXIOMA MS"},"image":{"@id":"https:\/\/www.axiomams.eu\/et#\/schema\/logo\/image\/"},"sameAs":["https:\/\/www.facebook.com\/AxiomaMS","https:\/\/www.linkedin.com\/company\/axiomams\/"]}]}},"_links":{"self":[{"href":"https:\/\/www.axiomams.eu\/et\/wp-json\/wp\/v2\/product\/40359","targetHints":{"allow":["GET"]}}],"collection":[{"href":"https:\/\/www.axiomams.eu\/et\/wp-json\/wp\/v2\/product"}],"about":[{"href":"https:\/\/www.axiomams.eu\/et\/wp-json\/wp\/v2\/types\/product"}],"replies":[{"embeddable":true,"href":"https:\/\/www.axiomams.eu\/et\/wp-json\/wp\/v2\/comments?post=40359"}],"wp:featuredmedia":[{"embeddable":true,"href":"https:\/\/www.axiomams.eu\/et\/wp-json\/wp\/v2\/media\/42240"}],"wp:attachment":[{"href":"https:\/\/www.axiomams.eu\/et\/wp-json\/wp\/v2\/media?parent=40359"}],"wp:term":[{"taxonomy":"product_brand","embeddable":true,"href":"https:\/\/www.axiomams.eu\/et\/wp-json\/wp\/v2\/product_brand?post=40359"},{"taxonomy":"product_cat","embeddable":true,"href":"https:\/\/www.axiomams.eu\/et\/wp-json\/wp\/v2\/product_cat?post=40359"},{"taxonomy":"product_tag","embeddable":true,"href":"https:\/\/www.axiomams.eu\/et\/wp-json\/wp\/v2\/product_tag?post=40359"}],"curies":[{"name":"wp","href":"https:\/\/api.w.org\/{rel}","templated":true}]}}