{"id":40365,"date":"2025-05-15T18:04:21","date_gmt":"2025-05-15T16:04:21","guid":{"rendered":"https:\/\/www.axiomams.eu\/produktas\/flir-mr160-niiskusemootja"},"modified":"2026-02-02T14:31:53","modified_gmt":"2026-02-02T12:31:53","slug":"flir-mr160-niiskusemootja","status":"publish","type":"product","link":"https:\/\/www.axiomams.eu\/et\/produktas\/flir-mr160-niiskusemootja","title":{"rendered":"Flir MR160 niiskusem\u00f5\u00f5tja"},"content":{"rendered":"<p>FLIR MR160 kujutav niiskusem\u00f5\u00f5tja on esimene omataoline. Sisseehitatud soojuskaameraga varustatud MR160 on ainus niiskusem\u00f5\u00f5tja, millel on v\u00f5imekus n\u00e4idata teile, kus on probleem. T\u00e4nu infrapuna juhitud m\u00f5\u00f5tmise (IGM) tehnoloogiale aitab MR160 teil kiiresti skaneerida ja sihtida niiskusprobleeme, juhatades teid visuaalselt kohale, kus saate teha kindlaid niiskusn\u00e4itajaid. Integreeritud tihvtita andur ja v\u00e4line sond v\u00f5imaldavad paindlikult teha nii pealet\u00fckkivaid kui ka mitte pealet\u00fckkivaid m\u00f5\u00f5tmisi. MR160 on vastupidav ja sellel on t\u00f6\u00f6stusharu juhtiv garantii, mist\u00f5ttu v\u00f5ib see olla kohe karbist v\u00e4lja k\u00e4ies teie probleemilahenduse t\u00f6\u00f6riist &#8211; v\u00f5i ideaalne t\u00e4iendus mis tahes juba olemasolevale k\u00f5rge resolutsiooniga termokaamerale -, mis aitab teil leida varjatud niiskusprobleeme ja koguda usaldusv\u00e4\u00e4rseid andmeid t\u00f5husamalt.<\/p>\n<h3>Tehniline teave:<\/h3>\n<ul>\n<li><a href=\"https:\/\/axiomams.eu\/importer\/export\/attachments\/en\/mr160_sellsheet_052715_a4.pdf\" target=\"_blank\">MR160_SellSheet_052715_A4.pdf<\/a><\/li>\n<\/ul>\n","protected":false},"excerpt":{"rendered":"<p>FLIR MR160 kujutav niiskusem\u00f5\u00f5tja on esimene omataoline. Sisseehitatud soojuskaameraga varustatud MR160 on ainus niiskusem\u00f5\u00f5tja, millel on v\u00f5imekus n\u00e4idata teile, kus on probleem. T\u00e4nu infrapuna juhitud m\u00f5\u00f5tmise (IGM) tehnoloogiale aitab MR160 teil kiiresti skaneerida ja sihtida niiskusprobleeme, juhatades teid visuaalselt kohale, kus saate teha kindlaid niiskusn\u00e4itajaid. Integreeritud tihvtita andur ja v\u00e4line sond v\u00f5imaldavad paindlikult teha nii&#8230;<\/p>\n","protected":false},"featured_media":42252,"comment_status":"open","ping_status":"closed","template":"","meta":{"_acf_changed":false},"product_brand":[734],"product_cat":[17808],"product_tag":[],"class_list":{"0":"post-40365","1":"product","2":"type-product","3":"status-publish","4":"has-post-thumbnail","6":"product_brand-flir","7":"product_cat-materjalide-niiskuse-mootmiseks","9":"first","10":"instock","11":"taxable","12":"shipping-taxable","13":"purchasable","14":"product-type-simple"},"acf":[],"yoast_head":"<!-- This site is optimized with the Yoast SEO plugin v27.0 - https:\/\/yoast.com\/product\/yoast-seo-wordpress\/ -->\n<title>Flir MR160 niiskusem\u00f5\u00f5tja - AXIOMA MS<\/title>\n<meta name=\"robots\" content=\"index, follow, max-snippet:-1, max-image-preview:large, max-video-preview:-1\" \/>\n<link rel=\"canonical\" href=\"https:\/\/www.axiomams.eu\/et\/produktas\/flir-mr160-niiskusemootja\" \/>\n<meta property=\"og:locale\" content=\"et_EE\" \/>\n<meta property=\"og:type\" content=\"article\" \/>\n<meta property=\"og:title\" content=\"Flir MR160 niiskusem\u00f5\u00f5tja - AXIOMA MS\" \/>\n<meta property=\"og:description\" content=\"FLIR MR160 kujutav niiskusem\u00f5\u00f5tja on esimene omataoline. Sisseehitatud soojuskaameraga varustatud MR160 on ainus niiskusem\u00f5\u00f5tja, millel on v\u00f5imekus n\u00e4idata teile, kus on probleem. T\u00e4nu infrapuna juhitud m\u00f5\u00f5tmise (IGM) tehnoloogiale aitab MR160 teil kiiresti skaneerida ja sihtida niiskusprobleeme, juhatades teid visuaalselt kohale, kus saate teha kindlaid niiskusn\u00e4itajaid. Integreeritud tihvtita andur ja v\u00e4line sond v\u00f5imaldavad paindlikult teha nii...\" \/>\n<meta property=\"og:url\" content=\"https:\/\/www.axiomams.eu\/et\/produktas\/flir-mr160-niiskusemootja\" \/>\n<meta property=\"og:site_name\" content=\"AXIOMA MS\" \/>\n<meta property=\"article:publisher\" content=\"https:\/\/www.facebook.com\/AxiomaMS\" \/>\n<meta property=\"article:modified_time\" content=\"2026-02-02T12:31:53+00:00\" \/>\n<meta property=\"og:image\" content=\"https:\/\/www.axiomams.eu\/wp-content\/uploads\/2025\/07\/974-1447.png\" \/>\n\t<meta property=\"og:image:width\" content=\"550\" \/>\n\t<meta property=\"og:image:height\" content=\"500\" \/>\n\t<meta property=\"og:image:type\" content=\"image\/png\" \/>\n<meta name=\"twitter:card\" content=\"summary_large_image\" \/>\n<meta name=\"twitter:label1\" content=\"Est. reading time\" \/>\n\t<meta name=\"twitter:data1\" content=\"1 minut\" \/>\n<script type=\"application\/ld+json\" class=\"yoast-schema-graph\">{\"@context\":\"https:\/\/schema.org\",\"@graph\":[{\"@type\":\"WebPage\",\"@id\":\"https:\/\/www.axiomams.eu\/et\/produktas\/flir-mr160-niiskusemootja\",\"url\":\"https:\/\/www.axiomams.eu\/et\/produktas\/flir-mr160-niiskusemootja\",\"name\":\"Flir MR160 niiskusem\u00f5\u00f5tja - AXIOMA MS\",\"isPartOf\":{\"@id\":\"https:\/\/www.axiomams.eu\/et#website\"},\"primaryImageOfPage\":{\"@id\":\"https:\/\/www.axiomams.eu\/et\/produktas\/flir-mr160-niiskusemootja#primaryimage\"},\"image\":{\"@id\":\"https:\/\/www.axiomams.eu\/et\/produktas\/flir-mr160-niiskusemootja#primaryimage\"},\"thumbnailUrl\":\"https:\/\/www.axiomams.eu\/wp-content\/uploads\/2025\/07\/974-1447.png\",\"datePublished\":\"2025-05-15T16:04:21+00:00\",\"dateModified\":\"2026-02-02T12:31:53+00:00\",\"breadcrumb\":{\"@id\":\"https:\/\/www.axiomams.eu\/et\/produktas\/flir-mr160-niiskusemootja#breadcrumb\"},\"inLanguage\":\"et\",\"potentialAction\":[{\"@type\":\"ReadAction\",\"target\":[\"https:\/\/www.axiomams.eu\/et\/produktas\/flir-mr160-niiskusemootja\"]}]},{\"@type\":\"ImageObject\",\"inLanguage\":\"et\",\"@id\":\"https:\/\/www.axiomams.eu\/et\/produktas\/flir-mr160-niiskusemootja#primaryimage\",\"url\":\"https:\/\/www.axiomams.eu\/wp-content\/uploads\/2025\/07\/974-1447.png\",\"contentUrl\":\"https:\/\/www.axiomams.eu\/wp-content\/uploads\/2025\/07\/974-1447.png\",\"width\":550,\"height\":500},{\"@type\":\"BreadcrumbList\",\"@id\":\"https:\/\/www.axiomams.eu\/et\/produktas\/flir-mr160-niiskusemootja#breadcrumb\",\"itemListElement\":[{\"@type\":\"ListItem\",\"position\":1,\"name\":\"Home\",\"item\":\"https:\/\/www.axiomams.eu\/et\"},{\"@type\":\"ListItem\",\"position\":2,\"name\":\"Tooted\",\"item\":\"https:\/\/www.axiomams.eu\/et\/tooted\"},{\"@type\":\"ListItem\",\"position\":3,\"name\":\"Flir MR160 niiskusem\u00f5\u00f5tja\"}]},{\"@type\":\"WebSite\",\"@id\":\"https:\/\/www.axiomams.eu\/et#website\",\"url\":\"https:\/\/www.axiomams.eu\/et\",\"name\":\"AXIOMA MS\",\"description\":\"Terrmovizoriai ir matavimo \u012franga\",\"publisher\":{\"@id\":\"https:\/\/www.axiomams.eu\/et#organization\"},\"potentialAction\":[{\"@type\":\"SearchAction\",\"target\":{\"@type\":\"EntryPoint\",\"urlTemplate\":\"https:\/\/www.axiomams.eu\/et?s={search_term_string}\"},\"query-input\":{\"@type\":\"PropertyValueSpecification\",\"valueRequired\":true,\"valueName\":\"search_term_string\"}}],\"inLanguage\":\"et\"},{\"@type\":\"Organization\",\"@id\":\"https:\/\/www.axiomams.eu\/et#organization\",\"name\":\"AXIOMA MS\",\"url\":\"https:\/\/www.axiomams.eu\/et\",\"logo\":{\"@type\":\"ImageObject\",\"inLanguage\":\"et\",\"@id\":\"https:\/\/www.axiomams.eu\/et#\/schema\/logo\/image\/\",\"url\":\"https:\/\/www.axiomams.eu\/wp-content\/uploads\/2025\/06\/axioma-logo-2.png\",\"contentUrl\":\"https:\/\/www.axiomams.eu\/wp-content\/uploads\/2025\/06\/axioma-logo-2.png\",\"width\":1200,\"height\":1200,\"caption\":\"AXIOMA MS\"},\"image\":{\"@id\":\"https:\/\/www.axiomams.eu\/et#\/schema\/logo\/image\/\"},\"sameAs\":[\"https:\/\/www.facebook.com\/AxiomaMS\",\"https:\/\/www.linkedin.com\/company\/axiomams\/\"]}]}<\/script>\n<!-- \/ Yoast SEO plugin. -->","yoast_head_json":{"title":"Flir MR160 niiskusem\u00f5\u00f5tja - AXIOMA MS","robots":{"index":"index","follow":"follow","max-snippet":"max-snippet:-1","max-image-preview":"max-image-preview:large","max-video-preview":"max-video-preview:-1"},"canonical":"https:\/\/www.axiomams.eu\/et\/produktas\/flir-mr160-niiskusemootja","og_locale":"et_EE","og_type":"article","og_title":"Flir MR160 niiskusem\u00f5\u00f5tja - AXIOMA MS","og_description":"FLIR MR160 kujutav niiskusem\u00f5\u00f5tja on esimene omataoline. Sisseehitatud soojuskaameraga varustatud MR160 on ainus niiskusem\u00f5\u00f5tja, millel on v\u00f5imekus n\u00e4idata teile, kus on probleem. T\u00e4nu infrapuna juhitud m\u00f5\u00f5tmise (IGM) tehnoloogiale aitab MR160 teil kiiresti skaneerida ja sihtida niiskusprobleeme, juhatades teid visuaalselt kohale, kus saate teha kindlaid niiskusn\u00e4itajaid. Integreeritud tihvtita andur ja v\u00e4line sond v\u00f5imaldavad paindlikult teha nii...","og_url":"https:\/\/www.axiomams.eu\/et\/produktas\/flir-mr160-niiskusemootja","og_site_name":"AXIOMA MS","article_publisher":"https:\/\/www.facebook.com\/AxiomaMS","article_modified_time":"2026-02-02T12:31:53+00:00","og_image":[{"width":550,"height":500,"url":"https:\/\/www.axiomams.eu\/wp-content\/uploads\/2025\/07\/974-1447.png","type":"image\/png"}],"twitter_card":"summary_large_image","twitter_misc":{"Est. reading time":"1 minut"},"schema":{"@context":"https:\/\/schema.org","@graph":[{"@type":"WebPage","@id":"https:\/\/www.axiomams.eu\/et\/produktas\/flir-mr160-niiskusemootja","url":"https:\/\/www.axiomams.eu\/et\/produktas\/flir-mr160-niiskusemootja","name":"Flir MR160 niiskusem\u00f5\u00f5tja - AXIOMA MS","isPartOf":{"@id":"https:\/\/www.axiomams.eu\/et#website"},"primaryImageOfPage":{"@id":"https:\/\/www.axiomams.eu\/et\/produktas\/flir-mr160-niiskusemootja#primaryimage"},"image":{"@id":"https:\/\/www.axiomams.eu\/et\/produktas\/flir-mr160-niiskusemootja#primaryimage"},"thumbnailUrl":"https:\/\/www.axiomams.eu\/wp-content\/uploads\/2025\/07\/974-1447.png","datePublished":"2025-05-15T16:04:21+00:00","dateModified":"2026-02-02T12:31:53+00:00","breadcrumb":{"@id":"https:\/\/www.axiomams.eu\/et\/produktas\/flir-mr160-niiskusemootja#breadcrumb"},"inLanguage":"et","potentialAction":[{"@type":"ReadAction","target":["https:\/\/www.axiomams.eu\/et\/produktas\/flir-mr160-niiskusemootja"]}]},{"@type":"ImageObject","inLanguage":"et","@id":"https:\/\/www.axiomams.eu\/et\/produktas\/flir-mr160-niiskusemootja#primaryimage","url":"https:\/\/www.axiomams.eu\/wp-content\/uploads\/2025\/07\/974-1447.png","contentUrl":"https:\/\/www.axiomams.eu\/wp-content\/uploads\/2025\/07\/974-1447.png","width":550,"height":500},{"@type":"BreadcrumbList","@id":"https:\/\/www.axiomams.eu\/et\/produktas\/flir-mr160-niiskusemootja#breadcrumb","itemListElement":[{"@type":"ListItem","position":1,"name":"Home","item":"https:\/\/www.axiomams.eu\/et"},{"@type":"ListItem","position":2,"name":"Tooted","item":"https:\/\/www.axiomams.eu\/et\/tooted"},{"@type":"ListItem","position":3,"name":"Flir MR160 niiskusem\u00f5\u00f5tja"}]},{"@type":"WebSite","@id":"https:\/\/www.axiomams.eu\/et#website","url":"https:\/\/www.axiomams.eu\/et","name":"AXIOMA MS","description":"Terrmovizoriai ir matavimo \u012franga","publisher":{"@id":"https:\/\/www.axiomams.eu\/et#organization"},"potentialAction":[{"@type":"SearchAction","target":{"@type":"EntryPoint","urlTemplate":"https:\/\/www.axiomams.eu\/et?s={search_term_string}"},"query-input":{"@type":"PropertyValueSpecification","valueRequired":true,"valueName":"search_term_string"}}],"inLanguage":"et"},{"@type":"Organization","@id":"https:\/\/www.axiomams.eu\/et#organization","name":"AXIOMA MS","url":"https:\/\/www.axiomams.eu\/et","logo":{"@type":"ImageObject","inLanguage":"et","@id":"https:\/\/www.axiomams.eu\/et#\/schema\/logo\/image\/","url":"https:\/\/www.axiomams.eu\/wp-content\/uploads\/2025\/06\/axioma-logo-2.png","contentUrl":"https:\/\/www.axiomams.eu\/wp-content\/uploads\/2025\/06\/axioma-logo-2.png","width":1200,"height":1200,"caption":"AXIOMA MS"},"image":{"@id":"https:\/\/www.axiomams.eu\/et#\/schema\/logo\/image\/"},"sameAs":["https:\/\/www.facebook.com\/AxiomaMS","https:\/\/www.linkedin.com\/company\/axiomams\/"]}]}},"_links":{"self":[{"href":"https:\/\/www.axiomams.eu\/et\/wp-json\/wp\/v2\/product\/40365","targetHints":{"allow":["GET"]}}],"collection":[{"href":"https:\/\/www.axiomams.eu\/et\/wp-json\/wp\/v2\/product"}],"about":[{"href":"https:\/\/www.axiomams.eu\/et\/wp-json\/wp\/v2\/types\/product"}],"replies":[{"embeddable":true,"href":"https:\/\/www.axiomams.eu\/et\/wp-json\/wp\/v2\/comments?post=40365"}],"wp:featuredmedia":[{"embeddable":true,"href":"https:\/\/www.axiomams.eu\/et\/wp-json\/wp\/v2\/media\/42252"}],"wp:attachment":[{"href":"https:\/\/www.axiomams.eu\/et\/wp-json\/wp\/v2\/media?parent=40365"}],"wp:term":[{"taxonomy":"product_brand","embeddable":true,"href":"https:\/\/www.axiomams.eu\/et\/wp-json\/wp\/v2\/product_brand?post=40365"},{"taxonomy":"product_cat","embeddable":true,"href":"https:\/\/www.axiomams.eu\/et\/wp-json\/wp\/v2\/product_cat?post=40365"},{"taxonomy":"product_tag","embeddable":true,"href":"https:\/\/www.axiomams.eu\/et\/wp-json\/wp\/v2\/product_tag?post=40365"}],"curies":[{"name":"wp","href":"https:\/\/api.w.org\/{rel}","templated":true}]}}