{"id":40366,"date":"2025-05-15T18:04:21","date_gmt":"2025-05-15T16:04:21","guid":{"rendered":"https:\/\/www.axiomams.eu\/produktas\/flir-mr176-niiskusemootja"},"modified":"2026-02-02T14:31:54","modified_gmt":"2026-02-02T12:31:54","slug":"flir-mr176-niiskusemootja","status":"publish","type":"product","link":"https:\/\/www.axiomams.eu\/et\/produktas\/flir-mr176-niiskusemootja","title":{"rendered":"Flir MR176 niiskusem\u00f5\u00f5tja"},"content":{"rendered":"<p>FLIR MR176 Imaging Moisture Meter Plus with IGM\u2122 on integreeritud soojuskaameraga varustatud k\u00f5ik-\u00fches t\u00f6\u00f6riist, mis n\u00e4itab t\u00e4pselt, kus niiskust m\u00f5\u00f5ta. T\u00e4nu infrapuna juhitud m\u00f5\u00f5tmise (IGM) tehnoloogiale aitab MR176 teil kiiresti skaneerida ja sihtida niiskusprobleeme, juhatades teid visuaalselt kohale, kus saate kindlalt m\u00f5\u00f5tmisi teha ja n\u00e4itusid anal\u00fc\u00fcsida. Sisseehitatud tihvtita andur ja v\u00e4line tihvtita andur pakuvad paindlikkust nii mittesekkuvate kui ka sissetungivate m\u00f5\u00f5tmiste tegemiseks.<\/p>\n<p>Standardkomplekt: FLIR MR 176, MR01 vahetatav temperatuuri ja suhtelise niiskuse andur, MR02 standardne tihvtotsik, kiirjuhend, rahvusvaheline USB-laadija, USB-kaabel.<\/p>\n<h3>Tehniline teave:<\/h3>\n<ul>\n<li><a href=\"https:\/\/axiomams.eu\/importer\/export\/attachments\/en\/flir-mr176.pdf\" target=\"_blank\">FLIR MR176.pdf<\/a><\/li>\n<\/ul>\n","protected":false},"excerpt":{"rendered":"<p>FLIR MR176 Imaging Moisture Meter Plus with IGM\u2122 on integreeritud soojuskaameraga varustatud k\u00f5ik-\u00fches t\u00f6\u00f6riist, mis n\u00e4itab t\u00e4pselt, kus niiskust m\u00f5\u00f5ta. T\u00e4nu infrapuna juhitud m\u00f5\u00f5tmise (IGM) tehnoloogiale aitab MR176 teil kiiresti skaneerida ja sihtida niiskusprobleeme, juhatades teid visuaalselt kohale, kus saate kindlalt m\u00f5\u00f5tmisi teha ja n\u00e4itusid anal\u00fc\u00fcsida. Sisseehitatud tihvtita andur ja v\u00e4line tihvtita andur pakuvad paindlikkust&#8230;<\/p>\n","protected":false},"featured_media":42254,"comment_status":"open","ping_status":"closed","template":"","meta":{"_acf_changed":false},"product_brand":[734],"product_cat":[17787],"product_tag":[],"class_list":{"0":"post-40366","1":"product","2":"type-product","3":"status-publish","4":"has-post-thumbnail","6":"product_brand-flir","7":"product_cat-temperatuuri-niiskuse-ja-rohu-mootmiseks","9":"first","10":"instock","11":"taxable","12":"shipping-taxable","13":"purchasable","14":"product-type-simple"},"acf":[],"yoast_head":"<!-- This site is optimized with the Yoast SEO plugin v27.0 - https:\/\/yoast.com\/product\/yoast-seo-wordpress\/ -->\n<title>Flir MR176 niiskusem\u00f5\u00f5tja - AXIOMA MS<\/title>\n<meta name=\"robots\" content=\"index, follow, max-snippet:-1, max-image-preview:large, max-video-preview:-1\" \/>\n<link rel=\"canonical\" href=\"https:\/\/www.axiomams.eu\/et\/produktas\/flir-mr176-niiskusemootja\" \/>\n<meta property=\"og:locale\" content=\"et_EE\" \/>\n<meta property=\"og:type\" content=\"article\" \/>\n<meta property=\"og:title\" content=\"Flir MR176 niiskusem\u00f5\u00f5tja - AXIOMA MS\" \/>\n<meta property=\"og:description\" content=\"FLIR MR176 Imaging Moisture Meter Plus with IGM\u2122 on integreeritud soojuskaameraga varustatud k\u00f5ik-\u00fches t\u00f6\u00f6riist, mis n\u00e4itab t\u00e4pselt, kus niiskust m\u00f5\u00f5ta. T\u00e4nu infrapuna juhitud m\u00f5\u00f5tmise (IGM) tehnoloogiale aitab MR176 teil kiiresti skaneerida ja sihtida niiskusprobleeme, juhatades teid visuaalselt kohale, kus saate kindlalt m\u00f5\u00f5tmisi teha ja n\u00e4itusid anal\u00fc\u00fcsida. Sisseehitatud tihvtita andur ja v\u00e4line tihvtita andur pakuvad paindlikkust...\" \/>\n<meta property=\"og:url\" content=\"https:\/\/www.axiomams.eu\/et\/produktas\/flir-mr176-niiskusemootja\" \/>\n<meta property=\"og:site_name\" content=\"AXIOMA MS\" \/>\n<meta property=\"article:publisher\" content=\"https:\/\/www.facebook.com\/AxiomaMS\" \/>\n<meta property=\"article:modified_time\" content=\"2026-02-02T12:31:54+00:00\" \/>\n<meta property=\"og:image\" content=\"https:\/\/www.axiomams.eu\/wp-content\/uploads\/2025\/07\/2358-3043.jpg\" \/>\n\t<meta property=\"og:image:width\" content=\"1100\" \/>\n\t<meta property=\"og:image:height\" content=\"1000\" \/>\n\t<meta property=\"og:image:type\" content=\"image\/jpeg\" \/>\n<meta name=\"twitter:card\" content=\"summary_large_image\" \/>\n<script type=\"application\/ld+json\" class=\"yoast-schema-graph\">{\"@context\":\"https:\/\/schema.org\",\"@graph\":[{\"@type\":\"WebPage\",\"@id\":\"https:\/\/www.axiomams.eu\/et\/produktas\/flir-mr176-niiskusemootja\",\"url\":\"https:\/\/www.axiomams.eu\/et\/produktas\/flir-mr176-niiskusemootja\",\"name\":\"Flir MR176 niiskusem\u00f5\u00f5tja - AXIOMA MS\",\"isPartOf\":{\"@id\":\"https:\/\/www.axiomams.eu\/et#website\"},\"primaryImageOfPage\":{\"@id\":\"https:\/\/www.axiomams.eu\/et\/produktas\/flir-mr176-niiskusemootja#primaryimage\"},\"image\":{\"@id\":\"https:\/\/www.axiomams.eu\/et\/produktas\/flir-mr176-niiskusemootja#primaryimage\"},\"thumbnailUrl\":\"https:\/\/www.axiomams.eu\/wp-content\/uploads\/2025\/07\/2358-3043.jpg\",\"datePublished\":\"2025-05-15T16:04:21+00:00\",\"dateModified\":\"2026-02-02T12:31:54+00:00\",\"breadcrumb\":{\"@id\":\"https:\/\/www.axiomams.eu\/et\/produktas\/flir-mr176-niiskusemootja#breadcrumb\"},\"inLanguage\":\"et\",\"potentialAction\":[{\"@type\":\"ReadAction\",\"target\":[\"https:\/\/www.axiomams.eu\/et\/produktas\/flir-mr176-niiskusemootja\"]}]},{\"@type\":\"ImageObject\",\"inLanguage\":\"et\",\"@id\":\"https:\/\/www.axiomams.eu\/et\/produktas\/flir-mr176-niiskusemootja#primaryimage\",\"url\":\"https:\/\/www.axiomams.eu\/wp-content\/uploads\/2025\/07\/2358-3043.jpg\",\"contentUrl\":\"https:\/\/www.axiomams.eu\/wp-content\/uploads\/2025\/07\/2358-3043.jpg\",\"width\":1100,\"height\":1000},{\"@type\":\"BreadcrumbList\",\"@id\":\"https:\/\/www.axiomams.eu\/et\/produktas\/flir-mr176-niiskusemootja#breadcrumb\",\"itemListElement\":[{\"@type\":\"ListItem\",\"position\":1,\"name\":\"Home\",\"item\":\"https:\/\/www.axiomams.eu\/et\"},{\"@type\":\"ListItem\",\"position\":2,\"name\":\"Tooted\",\"item\":\"https:\/\/www.axiomams.eu\/et\/tooted\"},{\"@type\":\"ListItem\",\"position\":3,\"name\":\"Flir MR176 niiskusem\u00f5\u00f5tja\"}]},{\"@type\":\"WebSite\",\"@id\":\"https:\/\/www.axiomams.eu\/et#website\",\"url\":\"https:\/\/www.axiomams.eu\/et\",\"name\":\"AXIOMA MS\",\"description\":\"Terrmovizoriai ir matavimo \u012franga\",\"publisher\":{\"@id\":\"https:\/\/www.axiomams.eu\/et#organization\"},\"potentialAction\":[{\"@type\":\"SearchAction\",\"target\":{\"@type\":\"EntryPoint\",\"urlTemplate\":\"https:\/\/www.axiomams.eu\/et?s={search_term_string}\"},\"query-input\":{\"@type\":\"PropertyValueSpecification\",\"valueRequired\":true,\"valueName\":\"search_term_string\"}}],\"inLanguage\":\"et\"},{\"@type\":\"Organization\",\"@id\":\"https:\/\/www.axiomams.eu\/et#organization\",\"name\":\"AXIOMA MS\",\"url\":\"https:\/\/www.axiomams.eu\/et\",\"logo\":{\"@type\":\"ImageObject\",\"inLanguage\":\"et\",\"@id\":\"https:\/\/www.axiomams.eu\/et#\/schema\/logo\/image\/\",\"url\":\"https:\/\/www.axiomams.eu\/wp-content\/uploads\/2025\/06\/axioma-logo-2.png\",\"contentUrl\":\"https:\/\/www.axiomams.eu\/wp-content\/uploads\/2025\/06\/axioma-logo-2.png\",\"width\":1200,\"height\":1200,\"caption\":\"AXIOMA MS\"},\"image\":{\"@id\":\"https:\/\/www.axiomams.eu\/et#\/schema\/logo\/image\/\"},\"sameAs\":[\"https:\/\/www.facebook.com\/AxiomaMS\",\"https:\/\/www.linkedin.com\/company\/axiomams\/\"]}]}<\/script>\n<!-- \/ Yoast SEO plugin. -->","yoast_head_json":{"title":"Flir MR176 niiskusem\u00f5\u00f5tja - AXIOMA MS","robots":{"index":"index","follow":"follow","max-snippet":"max-snippet:-1","max-image-preview":"max-image-preview:large","max-video-preview":"max-video-preview:-1"},"canonical":"https:\/\/www.axiomams.eu\/et\/produktas\/flir-mr176-niiskusemootja","og_locale":"et_EE","og_type":"article","og_title":"Flir MR176 niiskusem\u00f5\u00f5tja - AXIOMA MS","og_description":"FLIR MR176 Imaging Moisture Meter Plus with IGM\u2122 on integreeritud soojuskaameraga varustatud k\u00f5ik-\u00fches t\u00f6\u00f6riist, mis n\u00e4itab t\u00e4pselt, kus niiskust m\u00f5\u00f5ta. T\u00e4nu infrapuna juhitud m\u00f5\u00f5tmise (IGM) tehnoloogiale aitab MR176 teil kiiresti skaneerida ja sihtida niiskusprobleeme, juhatades teid visuaalselt kohale, kus saate kindlalt m\u00f5\u00f5tmisi teha ja n\u00e4itusid anal\u00fc\u00fcsida. Sisseehitatud tihvtita andur ja v\u00e4line tihvtita andur pakuvad paindlikkust...","og_url":"https:\/\/www.axiomams.eu\/et\/produktas\/flir-mr176-niiskusemootja","og_site_name":"AXIOMA MS","article_publisher":"https:\/\/www.facebook.com\/AxiomaMS","article_modified_time":"2026-02-02T12:31:54+00:00","og_image":[{"width":1100,"height":1000,"url":"https:\/\/www.axiomams.eu\/wp-content\/uploads\/2025\/07\/2358-3043.jpg","type":"image\/jpeg"}],"twitter_card":"summary_large_image","schema":{"@context":"https:\/\/schema.org","@graph":[{"@type":"WebPage","@id":"https:\/\/www.axiomams.eu\/et\/produktas\/flir-mr176-niiskusemootja","url":"https:\/\/www.axiomams.eu\/et\/produktas\/flir-mr176-niiskusemootja","name":"Flir MR176 niiskusem\u00f5\u00f5tja - AXIOMA MS","isPartOf":{"@id":"https:\/\/www.axiomams.eu\/et#website"},"primaryImageOfPage":{"@id":"https:\/\/www.axiomams.eu\/et\/produktas\/flir-mr176-niiskusemootja#primaryimage"},"image":{"@id":"https:\/\/www.axiomams.eu\/et\/produktas\/flir-mr176-niiskusemootja#primaryimage"},"thumbnailUrl":"https:\/\/www.axiomams.eu\/wp-content\/uploads\/2025\/07\/2358-3043.jpg","datePublished":"2025-05-15T16:04:21+00:00","dateModified":"2026-02-02T12:31:54+00:00","breadcrumb":{"@id":"https:\/\/www.axiomams.eu\/et\/produktas\/flir-mr176-niiskusemootja#breadcrumb"},"inLanguage":"et","potentialAction":[{"@type":"ReadAction","target":["https:\/\/www.axiomams.eu\/et\/produktas\/flir-mr176-niiskusemootja"]}]},{"@type":"ImageObject","inLanguage":"et","@id":"https:\/\/www.axiomams.eu\/et\/produktas\/flir-mr176-niiskusemootja#primaryimage","url":"https:\/\/www.axiomams.eu\/wp-content\/uploads\/2025\/07\/2358-3043.jpg","contentUrl":"https:\/\/www.axiomams.eu\/wp-content\/uploads\/2025\/07\/2358-3043.jpg","width":1100,"height":1000},{"@type":"BreadcrumbList","@id":"https:\/\/www.axiomams.eu\/et\/produktas\/flir-mr176-niiskusemootja#breadcrumb","itemListElement":[{"@type":"ListItem","position":1,"name":"Home","item":"https:\/\/www.axiomams.eu\/et"},{"@type":"ListItem","position":2,"name":"Tooted","item":"https:\/\/www.axiomams.eu\/et\/tooted"},{"@type":"ListItem","position":3,"name":"Flir MR176 niiskusem\u00f5\u00f5tja"}]},{"@type":"WebSite","@id":"https:\/\/www.axiomams.eu\/et#website","url":"https:\/\/www.axiomams.eu\/et","name":"AXIOMA MS","description":"Terrmovizoriai ir matavimo \u012franga","publisher":{"@id":"https:\/\/www.axiomams.eu\/et#organization"},"potentialAction":[{"@type":"SearchAction","target":{"@type":"EntryPoint","urlTemplate":"https:\/\/www.axiomams.eu\/et?s={search_term_string}"},"query-input":{"@type":"PropertyValueSpecification","valueRequired":true,"valueName":"search_term_string"}}],"inLanguage":"et"},{"@type":"Organization","@id":"https:\/\/www.axiomams.eu\/et#organization","name":"AXIOMA MS","url":"https:\/\/www.axiomams.eu\/et","logo":{"@type":"ImageObject","inLanguage":"et","@id":"https:\/\/www.axiomams.eu\/et#\/schema\/logo\/image\/","url":"https:\/\/www.axiomams.eu\/wp-content\/uploads\/2025\/06\/axioma-logo-2.png","contentUrl":"https:\/\/www.axiomams.eu\/wp-content\/uploads\/2025\/06\/axioma-logo-2.png","width":1200,"height":1200,"caption":"AXIOMA MS"},"image":{"@id":"https:\/\/www.axiomams.eu\/et#\/schema\/logo\/image\/"},"sameAs":["https:\/\/www.facebook.com\/AxiomaMS","https:\/\/www.linkedin.com\/company\/axiomams\/"]}]}},"_links":{"self":[{"href":"https:\/\/www.axiomams.eu\/et\/wp-json\/wp\/v2\/product\/40366","targetHints":{"allow":["GET"]}}],"collection":[{"href":"https:\/\/www.axiomams.eu\/et\/wp-json\/wp\/v2\/product"}],"about":[{"href":"https:\/\/www.axiomams.eu\/et\/wp-json\/wp\/v2\/types\/product"}],"replies":[{"embeddable":true,"href":"https:\/\/www.axiomams.eu\/et\/wp-json\/wp\/v2\/comments?post=40366"}],"wp:featuredmedia":[{"embeddable":true,"href":"https:\/\/www.axiomams.eu\/et\/wp-json\/wp\/v2\/media\/42254"}],"wp:attachment":[{"href":"https:\/\/www.axiomams.eu\/et\/wp-json\/wp\/v2\/media?parent=40366"}],"wp:term":[{"taxonomy":"product_brand","embeddable":true,"href":"https:\/\/www.axiomams.eu\/et\/wp-json\/wp\/v2\/product_brand?post=40366"},{"taxonomy":"product_cat","embeddable":true,"href":"https:\/\/www.axiomams.eu\/et\/wp-json\/wp\/v2\/product_cat?post=40366"},{"taxonomy":"product_tag","embeddable":true,"href":"https:\/\/www.axiomams.eu\/et\/wp-json\/wp\/v2\/product_tag?post=40366"}],"curies":[{"name":"wp","href":"https:\/\/api.w.org\/{rel}","templated":true}]}}