{"id":40367,"date":"2025-05-15T18:04:22","date_gmt":"2025-05-15T16:04:22","guid":{"rendered":"https:\/\/www.axiomams.eu\/produktas\/flir-mr40-niiskusemootja"},"modified":"2026-02-02T14:31:54","modified_gmt":"2026-02-02T12:31:54","slug":"flir-mr40-niiskusemootja","status":"publish","type":"product","link":"https:\/\/www.axiomams.eu\/et\/produktas\/flir-mr40-niiskusemootja","title":{"rendered":"Flir MR40 niiskusem\u00f5\u00f5tja"},"content":{"rendered":"<p>FLIR MR40 &#8211; vastupidav 2-poolne \u00fche skaala niiskusem\u00f5\u00f5tja koos integreeritud taskulambiga puidu ja tavaliste ehitusmaterjalide m\u00f5\u00f5tmiseks &#8211; ideaalne ehitajatele, ehitusinspektoritele, remondit\u00f6\u00f6de teostajatele, niiskuse k\u00f5rvaldamise tehnikutele, kahjurit\u00f5rje spetsialistidele ning elamute katuse- ja p\u00f5randakattematerjalide ehitajatele. FLIR MR40 pakub usaldusv\u00e4\u00e4rseid ja t\u00e4pseid m\u00f5\u00f5tmisi v\u00e4ga taskukohase hinnaga ning on kiire ja h\u00f5lpsasti kasutatav vahend niiskusprobleemide leidmiseks ja kvantifitseerimiseks. FLIR MR40 on pliiatsilaadse kujuga, mida saab t\u00f6\u00f6valmilt s\u00e4rgitaskus kaasas kanda.<\/p>\n<p>Standardkomplekt: FLIR MR 40, 2 x AAA patareid, varun\u00f5elakomplekt, kasutusjuhend.<\/p>\n<h3>Tehniline teave:<\/h3>\n<ul>\n<li><a href=\"https:\/\/axiomams.eu\/importer\/export\/attachments\/en\/flir-mr40.pdf\" target=\"_blank\">FLIR MR40.pdf<\/a><\/li>\n<\/ul>\n","protected":false},"excerpt":{"rendered":"<p>FLIR MR40 &#8211; vastupidav 2-poolne \u00fche skaala niiskusem\u00f5\u00f5tja koos integreeritud taskulambiga puidu ja tavaliste ehitusmaterjalide m\u00f5\u00f5tmiseks &#8211; ideaalne ehitajatele, ehitusinspektoritele, remondit\u00f6\u00f6de teostajatele, niiskuse k\u00f5rvaldamise tehnikutele, kahjurit\u00f5rje spetsialistidele ning elamute katuse- ja p\u00f5randakattematerjalide ehitajatele. FLIR MR40 pakub usaldusv\u00e4\u00e4rseid ja t\u00e4pseid m\u00f5\u00f5tmisi v\u00e4ga taskukohase hinnaga ning on kiire ja h\u00f5lpsasti kasutatav vahend niiskusprobleemide leidmiseks ja kvantifitseerimiseks. FLIR&#8230;<\/p>\n","protected":false},"featured_media":42256,"comment_status":"open","ping_status":"closed","template":"","meta":{"_acf_changed":false},"product_brand":[734],"product_cat":[17808],"product_tag":[],"class_list":{"0":"post-40367","1":"product","2":"type-product","3":"status-publish","4":"has-post-thumbnail","6":"product_brand-flir","7":"product_cat-materjalide-niiskuse-mootmiseks","9":"first","10":"instock","11":"taxable","12":"shipping-taxable","13":"purchasable","14":"product-type-simple"},"acf":[],"yoast_head":"<!-- This site is optimized with the Yoast SEO plugin v27.0 - https:\/\/yoast.com\/product\/yoast-seo-wordpress\/ -->\n<title>Flir MR40 niiskusem\u00f5\u00f5tja - AXIOMA MS<\/title>\n<meta name=\"robots\" content=\"index, follow, max-snippet:-1, max-image-preview:large, max-video-preview:-1\" \/>\n<link rel=\"canonical\" href=\"https:\/\/www.axiomams.eu\/et\/produktas\/flir-mr40-niiskusemootja\" \/>\n<meta property=\"og:locale\" content=\"et_EE\" \/>\n<meta property=\"og:type\" content=\"article\" \/>\n<meta property=\"og:title\" content=\"Flir MR40 niiskusem\u00f5\u00f5tja - AXIOMA MS\" \/>\n<meta property=\"og:description\" content=\"FLIR MR40 &#8211; vastupidav 2-poolne \u00fche skaala niiskusem\u00f5\u00f5tja koos integreeritud taskulambiga puidu ja tavaliste ehitusmaterjalide m\u00f5\u00f5tmiseks &#8211; ideaalne ehitajatele, ehitusinspektoritele, remondit\u00f6\u00f6de teostajatele, niiskuse k\u00f5rvaldamise tehnikutele, kahjurit\u00f5rje spetsialistidele ning elamute katuse- ja p\u00f5randakattematerjalide ehitajatele. FLIR MR40 pakub usaldusv\u00e4\u00e4rseid ja t\u00e4pseid m\u00f5\u00f5tmisi v\u00e4ga taskukohase hinnaga ning on kiire ja h\u00f5lpsasti kasutatav vahend niiskusprobleemide leidmiseks ja kvantifitseerimiseks. FLIR...\" \/>\n<meta property=\"og:url\" content=\"https:\/\/www.axiomams.eu\/et\/produktas\/flir-mr40-niiskusemootja\" \/>\n<meta property=\"og:site_name\" content=\"AXIOMA MS\" \/>\n<meta property=\"article:publisher\" content=\"https:\/\/www.facebook.com\/AxiomaMS\" \/>\n<meta property=\"article:modified_time\" content=\"2026-02-02T12:31:54+00:00\" \/>\n<meta property=\"og:image\" content=\"https:\/\/www.axiomams.eu\/wp-content\/uploads\/2025\/07\/2353-3039.jpg\" \/>\n\t<meta property=\"og:image:width\" content=\"1000\" \/>\n\t<meta property=\"og:image:height\" content=\"909\" \/>\n\t<meta property=\"og:image:type\" content=\"image\/jpeg\" \/>\n<meta name=\"twitter:card\" content=\"summary_large_image\" \/>\n<script type=\"application\/ld+json\" class=\"yoast-schema-graph\">{\"@context\":\"https:\/\/schema.org\",\"@graph\":[{\"@type\":\"WebPage\",\"@id\":\"https:\/\/www.axiomams.eu\/et\/produktas\/flir-mr40-niiskusemootja\",\"url\":\"https:\/\/www.axiomams.eu\/et\/produktas\/flir-mr40-niiskusemootja\",\"name\":\"Flir MR40 niiskusem\u00f5\u00f5tja - AXIOMA MS\",\"isPartOf\":{\"@id\":\"https:\/\/www.axiomams.eu\/et#website\"},\"primaryImageOfPage\":{\"@id\":\"https:\/\/www.axiomams.eu\/et\/produktas\/flir-mr40-niiskusemootja#primaryimage\"},\"image\":{\"@id\":\"https:\/\/www.axiomams.eu\/et\/produktas\/flir-mr40-niiskusemootja#primaryimage\"},\"thumbnailUrl\":\"https:\/\/www.axiomams.eu\/wp-content\/uploads\/2025\/07\/2353-3039.jpg\",\"datePublished\":\"2025-05-15T16:04:22+00:00\",\"dateModified\":\"2026-02-02T12:31:54+00:00\",\"breadcrumb\":{\"@id\":\"https:\/\/www.axiomams.eu\/et\/produktas\/flir-mr40-niiskusemootja#breadcrumb\"},\"inLanguage\":\"et\",\"potentialAction\":[{\"@type\":\"ReadAction\",\"target\":[\"https:\/\/www.axiomams.eu\/et\/produktas\/flir-mr40-niiskusemootja\"]}]},{\"@type\":\"ImageObject\",\"inLanguage\":\"et\",\"@id\":\"https:\/\/www.axiomams.eu\/et\/produktas\/flir-mr40-niiskusemootja#primaryimage\",\"url\":\"https:\/\/www.axiomams.eu\/wp-content\/uploads\/2025\/07\/2353-3039.jpg\",\"contentUrl\":\"https:\/\/www.axiomams.eu\/wp-content\/uploads\/2025\/07\/2353-3039.jpg\",\"width\":1000,\"height\":909},{\"@type\":\"BreadcrumbList\",\"@id\":\"https:\/\/www.axiomams.eu\/et\/produktas\/flir-mr40-niiskusemootja#breadcrumb\",\"itemListElement\":[{\"@type\":\"ListItem\",\"position\":1,\"name\":\"Home\",\"item\":\"https:\/\/www.axiomams.eu\/et\"},{\"@type\":\"ListItem\",\"position\":2,\"name\":\"Tooted\",\"item\":\"https:\/\/www.axiomams.eu\/et\/tooted\"},{\"@type\":\"ListItem\",\"position\":3,\"name\":\"Flir MR40 niiskusem\u00f5\u00f5tja\"}]},{\"@type\":\"WebSite\",\"@id\":\"https:\/\/www.axiomams.eu\/et#website\",\"url\":\"https:\/\/www.axiomams.eu\/et\",\"name\":\"AXIOMA MS\",\"description\":\"Terrmovizoriai ir matavimo \u012franga\",\"publisher\":{\"@id\":\"https:\/\/www.axiomams.eu\/et#organization\"},\"potentialAction\":[{\"@type\":\"SearchAction\",\"target\":{\"@type\":\"EntryPoint\",\"urlTemplate\":\"https:\/\/www.axiomams.eu\/et?s={search_term_string}\"},\"query-input\":{\"@type\":\"PropertyValueSpecification\",\"valueRequired\":true,\"valueName\":\"search_term_string\"}}],\"inLanguage\":\"et\"},{\"@type\":\"Organization\",\"@id\":\"https:\/\/www.axiomams.eu\/et#organization\",\"name\":\"AXIOMA MS\",\"url\":\"https:\/\/www.axiomams.eu\/et\",\"logo\":{\"@type\":\"ImageObject\",\"inLanguage\":\"et\",\"@id\":\"https:\/\/www.axiomams.eu\/et#\/schema\/logo\/image\/\",\"url\":\"https:\/\/www.axiomams.eu\/wp-content\/uploads\/2025\/06\/axioma-logo-2.png\",\"contentUrl\":\"https:\/\/www.axiomams.eu\/wp-content\/uploads\/2025\/06\/axioma-logo-2.png\",\"width\":1200,\"height\":1200,\"caption\":\"AXIOMA MS\"},\"image\":{\"@id\":\"https:\/\/www.axiomams.eu\/et#\/schema\/logo\/image\/\"},\"sameAs\":[\"https:\/\/www.facebook.com\/AxiomaMS\",\"https:\/\/www.linkedin.com\/company\/axiomams\/\"]}]}<\/script>\n<!-- \/ Yoast SEO plugin. -->","yoast_head_json":{"title":"Flir MR40 niiskusem\u00f5\u00f5tja - AXIOMA MS","robots":{"index":"index","follow":"follow","max-snippet":"max-snippet:-1","max-image-preview":"max-image-preview:large","max-video-preview":"max-video-preview:-1"},"canonical":"https:\/\/www.axiomams.eu\/et\/produktas\/flir-mr40-niiskusemootja","og_locale":"et_EE","og_type":"article","og_title":"Flir MR40 niiskusem\u00f5\u00f5tja - AXIOMA MS","og_description":"FLIR MR40 &#8211; vastupidav 2-poolne \u00fche skaala niiskusem\u00f5\u00f5tja koos integreeritud taskulambiga puidu ja tavaliste ehitusmaterjalide m\u00f5\u00f5tmiseks &#8211; ideaalne ehitajatele, ehitusinspektoritele, remondit\u00f6\u00f6de teostajatele, niiskuse k\u00f5rvaldamise tehnikutele, kahjurit\u00f5rje spetsialistidele ning elamute katuse- ja p\u00f5randakattematerjalide ehitajatele. FLIR MR40 pakub usaldusv\u00e4\u00e4rseid ja t\u00e4pseid m\u00f5\u00f5tmisi v\u00e4ga taskukohase hinnaga ning on kiire ja h\u00f5lpsasti kasutatav vahend niiskusprobleemide leidmiseks ja kvantifitseerimiseks. FLIR...","og_url":"https:\/\/www.axiomams.eu\/et\/produktas\/flir-mr40-niiskusemootja","og_site_name":"AXIOMA MS","article_publisher":"https:\/\/www.facebook.com\/AxiomaMS","article_modified_time":"2026-02-02T12:31:54+00:00","og_image":[{"width":1000,"height":909,"url":"https:\/\/www.axiomams.eu\/wp-content\/uploads\/2025\/07\/2353-3039.jpg","type":"image\/jpeg"}],"twitter_card":"summary_large_image","schema":{"@context":"https:\/\/schema.org","@graph":[{"@type":"WebPage","@id":"https:\/\/www.axiomams.eu\/et\/produktas\/flir-mr40-niiskusemootja","url":"https:\/\/www.axiomams.eu\/et\/produktas\/flir-mr40-niiskusemootja","name":"Flir MR40 niiskusem\u00f5\u00f5tja - AXIOMA MS","isPartOf":{"@id":"https:\/\/www.axiomams.eu\/et#website"},"primaryImageOfPage":{"@id":"https:\/\/www.axiomams.eu\/et\/produktas\/flir-mr40-niiskusemootja#primaryimage"},"image":{"@id":"https:\/\/www.axiomams.eu\/et\/produktas\/flir-mr40-niiskusemootja#primaryimage"},"thumbnailUrl":"https:\/\/www.axiomams.eu\/wp-content\/uploads\/2025\/07\/2353-3039.jpg","datePublished":"2025-05-15T16:04:22+00:00","dateModified":"2026-02-02T12:31:54+00:00","breadcrumb":{"@id":"https:\/\/www.axiomams.eu\/et\/produktas\/flir-mr40-niiskusemootja#breadcrumb"},"inLanguage":"et","potentialAction":[{"@type":"ReadAction","target":["https:\/\/www.axiomams.eu\/et\/produktas\/flir-mr40-niiskusemootja"]}]},{"@type":"ImageObject","inLanguage":"et","@id":"https:\/\/www.axiomams.eu\/et\/produktas\/flir-mr40-niiskusemootja#primaryimage","url":"https:\/\/www.axiomams.eu\/wp-content\/uploads\/2025\/07\/2353-3039.jpg","contentUrl":"https:\/\/www.axiomams.eu\/wp-content\/uploads\/2025\/07\/2353-3039.jpg","width":1000,"height":909},{"@type":"BreadcrumbList","@id":"https:\/\/www.axiomams.eu\/et\/produktas\/flir-mr40-niiskusemootja#breadcrumb","itemListElement":[{"@type":"ListItem","position":1,"name":"Home","item":"https:\/\/www.axiomams.eu\/et"},{"@type":"ListItem","position":2,"name":"Tooted","item":"https:\/\/www.axiomams.eu\/et\/tooted"},{"@type":"ListItem","position":3,"name":"Flir MR40 niiskusem\u00f5\u00f5tja"}]},{"@type":"WebSite","@id":"https:\/\/www.axiomams.eu\/et#website","url":"https:\/\/www.axiomams.eu\/et","name":"AXIOMA MS","description":"Terrmovizoriai ir matavimo \u012franga","publisher":{"@id":"https:\/\/www.axiomams.eu\/et#organization"},"potentialAction":[{"@type":"SearchAction","target":{"@type":"EntryPoint","urlTemplate":"https:\/\/www.axiomams.eu\/et?s={search_term_string}"},"query-input":{"@type":"PropertyValueSpecification","valueRequired":true,"valueName":"search_term_string"}}],"inLanguage":"et"},{"@type":"Organization","@id":"https:\/\/www.axiomams.eu\/et#organization","name":"AXIOMA MS","url":"https:\/\/www.axiomams.eu\/et","logo":{"@type":"ImageObject","inLanguage":"et","@id":"https:\/\/www.axiomams.eu\/et#\/schema\/logo\/image\/","url":"https:\/\/www.axiomams.eu\/wp-content\/uploads\/2025\/06\/axioma-logo-2.png","contentUrl":"https:\/\/www.axiomams.eu\/wp-content\/uploads\/2025\/06\/axioma-logo-2.png","width":1200,"height":1200,"caption":"AXIOMA MS"},"image":{"@id":"https:\/\/www.axiomams.eu\/et#\/schema\/logo\/image\/"},"sameAs":["https:\/\/www.facebook.com\/AxiomaMS","https:\/\/www.linkedin.com\/company\/axiomams\/"]}]}},"_links":{"self":[{"href":"https:\/\/www.axiomams.eu\/et\/wp-json\/wp\/v2\/product\/40367","targetHints":{"allow":["GET"]}}],"collection":[{"href":"https:\/\/www.axiomams.eu\/et\/wp-json\/wp\/v2\/product"}],"about":[{"href":"https:\/\/www.axiomams.eu\/et\/wp-json\/wp\/v2\/types\/product"}],"replies":[{"embeddable":true,"href":"https:\/\/www.axiomams.eu\/et\/wp-json\/wp\/v2\/comments?post=40367"}],"wp:featuredmedia":[{"embeddable":true,"href":"https:\/\/www.axiomams.eu\/et\/wp-json\/wp\/v2\/media\/42256"}],"wp:attachment":[{"href":"https:\/\/www.axiomams.eu\/et\/wp-json\/wp\/v2\/media?parent=40367"}],"wp:term":[{"taxonomy":"product_brand","embeddable":true,"href":"https:\/\/www.axiomams.eu\/et\/wp-json\/wp\/v2\/product_brand?post=40367"},{"taxonomy":"product_cat","embeddable":true,"href":"https:\/\/www.axiomams.eu\/et\/wp-json\/wp\/v2\/product_cat?post=40367"},{"taxonomy":"product_tag","embeddable":true,"href":"https:\/\/www.axiomams.eu\/et\/wp-json\/wp\/v2\/product_tag?post=40367"}],"curies":[{"name":"wp","href":"https:\/\/api.w.org\/{rel}","templated":true}]}}