{"id":40368,"date":"2025-07-08T09:45:59","date_gmt":"2025-07-08T07:45:59","guid":{"rendered":"https:\/\/www.axiomams.eu\/produktas\/hioki-mr6000-andmelogger"},"modified":"2026-02-02T14:31:54","modified_gmt":"2026-02-02T12:31:54","slug":"hioki-mr6000-andmelogger","status":"publish","type":"product","link":"https:\/\/www.axiomams.eu\/et\/produktas\/hioki-mr6000-andmelogger","title":{"rendered":"HIOKI MR6000 Andmelogger"},"content":{"rendered":"<p><b> Piiratud aja pakkumine: Hioki MR6000-MAX pakett &#8211; s\u00e4\u00e4stke 20%.<br \/>\nSuurendage oma m\u00f5\u00f5tmisv\u00f5imalusi Hioki MR6000-MAX paketiga. See piiratud t\u00e4htajaga pakkumine sisaldab MR6000-01 m\u00e4lusalvestit, U8332 SSD-\u00fcksust ja Z5021 proovivoolu\u00fcksust, mis pakuvad terviklikku lahendust kiireks ja t\u00e4pseks andmete kogumiseks. Selle paketi ostmisega s\u00e4\u00e4state 20% v\u00f5rreldes nende komponentide \u00fcksikute loeteluhindadega.<br \/>\n<i>P\u00f6\u00f6rake t\u00e4helepanu sellele, et sisendmooduleid ja lisaseadmeid m\u00fc\u00fcakse eraldi, mis v\u00f5imaldab teil kohandada s\u00fcsteemi vastavalt teie konkreetsetele m\u00f5\u00f5tmisvajadustele.<\/i><\/b><\/p>\n<p>Hioki MR6000 andmelogger &#8211; modulaarne j\u00f5udlus n\u00f5udlike m\u00f5\u00f5tmisrakenduste jaoks<\/p>\n<p>L\u00fckake katsetamise ja m\u00f5\u00f5tmise piire Hioki MR6000, tipptasemel andmelogeriga, mis on loodud spetsialistidele, kes vajavad kiirust, kohandatavust ja absoluutset t\u00e4psust. MR6000 suudab t\u00e4ielikult isoleeritud sisenditega v\u00f5tta proove kuni 200 MS\/s, j\u00e4\u00e4dvustades isegi k\u00f5ige keerukamaid ja kiiremaid elektrilisi s\u00fcndmusi &#8211; eeldusel, et s\u00fcsteem on konfigureeritud sobivate lisamoodulitega.<\/p>\n<p>Kohandatud vastavalt teie vajadustele<\/p>\n<p>Toetades kuni 32 sisendkanalit (s\u00f5ltuvalt moodulite konfiguratsioonist), kohandub MR6000 sujuvalt nii keskendunud m\u00f5\u00f5tmisteks kui ka suuremahulisteks katsekomplektideks. Selle modulaarne \u00fclesehitus tagab, et investeerite ainult sellesse, mida vajate &#8211; siis, kui seda vajate.<\/p>\n<p>Valikulised v\u00f5imalused koos modulaarse laiendusega:<br \/>\n&#8211; \u00dclikiire andmete kogumine samaaegse, isoleeritud prooviv\u00f5tuga kuni 200 MS\/s.<br \/>\n&#8211; Lai sisendkaugus ja suurep\u00e4rane isolatsioon kiirete muutuvate signaalide t\u00e4pseks j\u00e4\u00e4dvustamiseks.<br \/>\n&#8211; Pikendatud kestusega j\u00e4lgimine mitme s\u00fcnkroonitud kanali kaudu<br \/>\n&#8211; \u00dchilduvus mitmesuguste sisendt\u00fc\u00fcpidega: pinge, vool, temperatuur, t\u00fcvi, vibratsioon ja palju muud<br \/>\n&#8211; Integreeritud v\u00f5imalused elektrilise v\u00f5imsuse anal\u00fc\u00fcsiks, mehaaniliste p\u00f6\u00f6rete j\u00e4lgimiseks ja mootors\u00f5idukite kommunikatsiooniprotokollideks (CAN, CAN FD, LIN).<br \/>\n&#8211; Otsesignaali t\u00f6\u00f6tlemine ja reaalajas arvutused m\u00f5\u00f5tmise ajal (saadaval koos MR6000-01).<br \/>\n&#8211; T\u00e4pne s\u00fcndmuste tuvastamine, kasutades konfigureeritavaid p\u00e4\u00e4stikutingimusi<br \/>\n&#8211; H\u00f5lmiku salvestamine peente lainekuju muutuste j\u00e4lgimiseks ilma kiirust ohustamata<br \/>\n&#8211; Kahekordsed salvestusre\u017eiimid haruldaste v\u00f5i aeg-ajalt esinevate k\u00f5rvalekallete tuvastamiseks pikkade testiperioodide ajal<br \/>\n&#8211; T\u00f5husad vahendid andmete navigeerimiseks ja isoleerimiseks suuremahulistes salvestustes<br \/>\n&#8211; Samaaegne v\u00f5ime genereerida ja logida signaale, v\u00e4hendades seadmete vajadust<br \/>\n&#8211; Sisseehitatud funktsionaalsus kohandatud numbriliste arvutuste ja andmeanal\u00fc\u00fcsi jaoks<\/p>\n<p>Olenemata sellest, kas teete l\u00fchiajalist diagnostikat v\u00f5i pidevat testimist tundide v\u00f5i p\u00e4evade jooksul, pakub Hioki MR6000 kiirust, s\u00fcgavust ja paindlikkust, mis on vajalik teie arenevate probleemide lahendamiseks.<\/p>\n<p><iframe loading=\"lazy\" width=\"560\" height=\"315\" src=\"https:\/\/www.youtube.com\/embed\/z7kFRPsub9U?si=iLPO9k76e6Mz8ZXi\" title=\"YouTube videopleier\" frameborder=\"0\" allow=\"accelerometer; autoplay; clipboard-write; encrypted-media; gyroscope; picture-in-picture; web-share\" referrerpolicy=\"strict-origin-when-cross-origin\" allowfullscreen><\/iframe><\/p>\n<h3>Tehniline teave:<\/h3>\n<ul>\n<li><a href=\"https:\/\/axiomams.eu\/importer\/export\/attachments\/en\/hioki-mr6000.pdf\" target=\"_blank\">Hioki MR6000.pdf<\/a><\/li>\n<\/ul>\n","protected":false},"excerpt":{"rendered":"<p>Piiratud aja pakkumine: Hioki MR6000-MAX pakett &#8211; s\u00e4\u00e4stke 20%. Suurendage oma m\u00f5\u00f5tmisv\u00f5imalusi Hioki MR6000-MAX paketiga. See piiratud t\u00e4htajaga pakkumine sisaldab MR6000-01 m\u00e4lusalvestit, U8332 SSD-\u00fcksust ja Z5021 proovivoolu\u00fcksust, mis pakuvad terviklikku lahendust kiireks ja t\u00e4pseks andmete kogumiseks. Selle paketi ostmisega s\u00e4\u00e4state 20% v\u00f5rreldes nende komponentide \u00fcksikute loeteluhindadega. P\u00f6\u00f6rake t\u00e4helepanu sellele, et sisendmooduleid ja lisaseadmeid m\u00fc\u00fcakse eraldi,&#8230;<\/p>\n","protected":false},"featured_media":42258,"comment_status":"open","ping_status":"closed","template":"","meta":{"_acf_changed":false},"product_brand":[1112],"product_cat":[17780],"product_tag":[],"class_list":{"0":"post-40368","1":"product","2":"type-product","3":"status-publish","4":"has-post-thumbnail","6":"product_brand-hioki","7":"product_cat-elektrivorgu-analuus-ja-raamatupidamine","9":"first","10":"instock","11":"taxable","12":"shipping-taxable","13":"product-type-simple"},"acf":[],"yoast_head":"<!-- This site is optimized with the Yoast SEO plugin v27.0 - https:\/\/yoast.com\/product\/yoast-seo-wordpress\/ -->\n<title>HIOKI MR6000 Andmelogger - AXIOMA MS<\/title>\n<meta name=\"robots\" content=\"index, follow, max-snippet:-1, max-image-preview:large, max-video-preview:-1\" \/>\n<link rel=\"canonical\" href=\"https:\/\/www.axiomams.eu\/et\/produktas\/hioki-mr6000-andmelogger\" \/>\n<meta property=\"og:locale\" content=\"et_EE\" \/>\n<meta property=\"og:type\" content=\"article\" \/>\n<meta property=\"og:title\" content=\"HIOKI MR6000 Andmelogger - AXIOMA MS\" \/>\n<meta property=\"og:description\" content=\"Piiratud aja pakkumine: Hioki MR6000-MAX pakett &#8211; s\u00e4\u00e4stke 20%. Suurendage oma m\u00f5\u00f5tmisv\u00f5imalusi Hioki MR6000-MAX paketiga. See piiratud t\u00e4htajaga pakkumine sisaldab MR6000-01 m\u00e4lusalvestit, U8332 SSD-\u00fcksust ja Z5021 proovivoolu\u00fcksust, mis pakuvad terviklikku lahendust kiireks ja t\u00e4pseks andmete kogumiseks. Selle paketi ostmisega s\u00e4\u00e4state 20% v\u00f5rreldes nende komponentide \u00fcksikute loeteluhindadega. P\u00f6\u00f6rake t\u00e4helepanu sellele, et sisendmooduleid ja lisaseadmeid m\u00fc\u00fcakse eraldi,...\" \/>\n<meta property=\"og:url\" content=\"https:\/\/www.axiomams.eu\/et\/produktas\/hioki-mr6000-andmelogger\" \/>\n<meta property=\"og:site_name\" content=\"AXIOMA MS\" \/>\n<meta property=\"article:publisher\" content=\"https:\/\/www.facebook.com\/AxiomaMS\" \/>\n<meta property=\"article:modified_time\" content=\"2026-02-02T12:31:54+00:00\" \/>\n<meta property=\"og:image\" content=\"https:\/\/www.axiomams.eu\/wp-content\/uploads\/2025\/07\/4636-5964.jpg\" \/>\n\t<meta property=\"og:image:width\" content=\"1040\" \/>\n\t<meta property=\"og:image:height\" content=\"694\" \/>\n\t<meta property=\"og:image:type\" content=\"image\/jpeg\" \/>\n<meta name=\"twitter:card\" content=\"summary_large_image\" \/>\n<meta name=\"twitter:label1\" content=\"Est. reading time\" \/>\n\t<meta name=\"twitter:data1\" content=\"2 minut\" \/>\n<script type=\"application\/ld+json\" class=\"yoast-schema-graph\">{\"@context\":\"https:\/\/schema.org\",\"@graph\":[{\"@type\":\"WebPage\",\"@id\":\"https:\/\/www.axiomams.eu\/et\/produktas\/hioki-mr6000-andmelogger\",\"url\":\"https:\/\/www.axiomams.eu\/et\/produktas\/hioki-mr6000-andmelogger\",\"name\":\"HIOKI MR6000 Andmelogger - AXIOMA MS\",\"isPartOf\":{\"@id\":\"https:\/\/www.axiomams.eu\/et#website\"},\"primaryImageOfPage\":{\"@id\":\"https:\/\/www.axiomams.eu\/et\/produktas\/hioki-mr6000-andmelogger#primaryimage\"},\"image\":{\"@id\":\"https:\/\/www.axiomams.eu\/et\/produktas\/hioki-mr6000-andmelogger#primaryimage\"},\"thumbnailUrl\":\"https:\/\/www.axiomams.eu\/wp-content\/uploads\/2025\/07\/4636-5964.jpg\",\"datePublished\":\"2025-07-08T07:45:59+00:00\",\"dateModified\":\"2026-02-02T12:31:54+00:00\",\"breadcrumb\":{\"@id\":\"https:\/\/www.axiomams.eu\/et\/produktas\/hioki-mr6000-andmelogger#breadcrumb\"},\"inLanguage\":\"et\",\"potentialAction\":[{\"@type\":\"ReadAction\",\"target\":[\"https:\/\/www.axiomams.eu\/et\/produktas\/hioki-mr6000-andmelogger\"]}]},{\"@type\":\"ImageObject\",\"inLanguage\":\"et\",\"@id\":\"https:\/\/www.axiomams.eu\/et\/produktas\/hioki-mr6000-andmelogger#primaryimage\",\"url\":\"https:\/\/www.axiomams.eu\/wp-content\/uploads\/2025\/07\/4636-5964.jpg\",\"contentUrl\":\"https:\/\/www.axiomams.eu\/wp-content\/uploads\/2025\/07\/4636-5964.jpg\",\"width\":1040,\"height\":694},{\"@type\":\"BreadcrumbList\",\"@id\":\"https:\/\/www.axiomams.eu\/et\/produktas\/hioki-mr6000-andmelogger#breadcrumb\",\"itemListElement\":[{\"@type\":\"ListItem\",\"position\":1,\"name\":\"Home\",\"item\":\"https:\/\/www.axiomams.eu\/et\"},{\"@type\":\"ListItem\",\"position\":2,\"name\":\"Tooted\",\"item\":\"https:\/\/www.axiomams.eu\/et\/tooted\"},{\"@type\":\"ListItem\",\"position\":3,\"name\":\"HIOKI MR6000 Andmelogger\"}]},{\"@type\":\"WebSite\",\"@id\":\"https:\/\/www.axiomams.eu\/et#website\",\"url\":\"https:\/\/www.axiomams.eu\/et\",\"name\":\"AXIOMA MS\",\"description\":\"Terrmovizoriai ir matavimo \u012franga\",\"publisher\":{\"@id\":\"https:\/\/www.axiomams.eu\/et#organization\"},\"potentialAction\":[{\"@type\":\"SearchAction\",\"target\":{\"@type\":\"EntryPoint\",\"urlTemplate\":\"https:\/\/www.axiomams.eu\/et?s={search_term_string}\"},\"query-input\":{\"@type\":\"PropertyValueSpecification\",\"valueRequired\":true,\"valueName\":\"search_term_string\"}}],\"inLanguage\":\"et\"},{\"@type\":\"Organization\",\"@id\":\"https:\/\/www.axiomams.eu\/et#organization\",\"name\":\"AXIOMA MS\",\"url\":\"https:\/\/www.axiomams.eu\/et\",\"logo\":{\"@type\":\"ImageObject\",\"inLanguage\":\"et\",\"@id\":\"https:\/\/www.axiomams.eu\/et#\/schema\/logo\/image\/\",\"url\":\"https:\/\/www.axiomams.eu\/wp-content\/uploads\/2025\/06\/axioma-logo-2.png\",\"contentUrl\":\"https:\/\/www.axiomams.eu\/wp-content\/uploads\/2025\/06\/axioma-logo-2.png\",\"width\":1200,\"height\":1200,\"caption\":\"AXIOMA MS\"},\"image\":{\"@id\":\"https:\/\/www.axiomams.eu\/et#\/schema\/logo\/image\/\"},\"sameAs\":[\"https:\/\/www.facebook.com\/AxiomaMS\",\"https:\/\/www.linkedin.com\/company\/axiomams\/\"]}]}<\/script>\n<!-- \/ Yoast SEO plugin. -->","yoast_head_json":{"title":"HIOKI MR6000 Andmelogger - AXIOMA MS","robots":{"index":"index","follow":"follow","max-snippet":"max-snippet:-1","max-image-preview":"max-image-preview:large","max-video-preview":"max-video-preview:-1"},"canonical":"https:\/\/www.axiomams.eu\/et\/produktas\/hioki-mr6000-andmelogger","og_locale":"et_EE","og_type":"article","og_title":"HIOKI MR6000 Andmelogger - AXIOMA MS","og_description":"Piiratud aja pakkumine: Hioki MR6000-MAX pakett &#8211; s\u00e4\u00e4stke 20%. Suurendage oma m\u00f5\u00f5tmisv\u00f5imalusi Hioki MR6000-MAX paketiga. See piiratud t\u00e4htajaga pakkumine sisaldab MR6000-01 m\u00e4lusalvestit, U8332 SSD-\u00fcksust ja Z5021 proovivoolu\u00fcksust, mis pakuvad terviklikku lahendust kiireks ja t\u00e4pseks andmete kogumiseks. Selle paketi ostmisega s\u00e4\u00e4state 20% v\u00f5rreldes nende komponentide \u00fcksikute loeteluhindadega. P\u00f6\u00f6rake t\u00e4helepanu sellele, et sisendmooduleid ja lisaseadmeid m\u00fc\u00fcakse eraldi,...","og_url":"https:\/\/www.axiomams.eu\/et\/produktas\/hioki-mr6000-andmelogger","og_site_name":"AXIOMA MS","article_publisher":"https:\/\/www.facebook.com\/AxiomaMS","article_modified_time":"2026-02-02T12:31:54+00:00","og_image":[{"width":1040,"height":694,"url":"https:\/\/www.axiomams.eu\/wp-content\/uploads\/2025\/07\/4636-5964.jpg","type":"image\/jpeg"}],"twitter_card":"summary_large_image","twitter_misc":{"Est. reading time":"2 minut"},"schema":{"@context":"https:\/\/schema.org","@graph":[{"@type":"WebPage","@id":"https:\/\/www.axiomams.eu\/et\/produktas\/hioki-mr6000-andmelogger","url":"https:\/\/www.axiomams.eu\/et\/produktas\/hioki-mr6000-andmelogger","name":"HIOKI MR6000 Andmelogger - AXIOMA MS","isPartOf":{"@id":"https:\/\/www.axiomams.eu\/et#website"},"primaryImageOfPage":{"@id":"https:\/\/www.axiomams.eu\/et\/produktas\/hioki-mr6000-andmelogger#primaryimage"},"image":{"@id":"https:\/\/www.axiomams.eu\/et\/produktas\/hioki-mr6000-andmelogger#primaryimage"},"thumbnailUrl":"https:\/\/www.axiomams.eu\/wp-content\/uploads\/2025\/07\/4636-5964.jpg","datePublished":"2025-07-08T07:45:59+00:00","dateModified":"2026-02-02T12:31:54+00:00","breadcrumb":{"@id":"https:\/\/www.axiomams.eu\/et\/produktas\/hioki-mr6000-andmelogger#breadcrumb"},"inLanguage":"et","potentialAction":[{"@type":"ReadAction","target":["https:\/\/www.axiomams.eu\/et\/produktas\/hioki-mr6000-andmelogger"]}]},{"@type":"ImageObject","inLanguage":"et","@id":"https:\/\/www.axiomams.eu\/et\/produktas\/hioki-mr6000-andmelogger#primaryimage","url":"https:\/\/www.axiomams.eu\/wp-content\/uploads\/2025\/07\/4636-5964.jpg","contentUrl":"https:\/\/www.axiomams.eu\/wp-content\/uploads\/2025\/07\/4636-5964.jpg","width":1040,"height":694},{"@type":"BreadcrumbList","@id":"https:\/\/www.axiomams.eu\/et\/produktas\/hioki-mr6000-andmelogger#breadcrumb","itemListElement":[{"@type":"ListItem","position":1,"name":"Home","item":"https:\/\/www.axiomams.eu\/et"},{"@type":"ListItem","position":2,"name":"Tooted","item":"https:\/\/www.axiomams.eu\/et\/tooted"},{"@type":"ListItem","position":3,"name":"HIOKI MR6000 Andmelogger"}]},{"@type":"WebSite","@id":"https:\/\/www.axiomams.eu\/et#website","url":"https:\/\/www.axiomams.eu\/et","name":"AXIOMA MS","description":"Terrmovizoriai ir matavimo \u012franga","publisher":{"@id":"https:\/\/www.axiomams.eu\/et#organization"},"potentialAction":[{"@type":"SearchAction","target":{"@type":"EntryPoint","urlTemplate":"https:\/\/www.axiomams.eu\/et?s={search_term_string}"},"query-input":{"@type":"PropertyValueSpecification","valueRequired":true,"valueName":"search_term_string"}}],"inLanguage":"et"},{"@type":"Organization","@id":"https:\/\/www.axiomams.eu\/et#organization","name":"AXIOMA MS","url":"https:\/\/www.axiomams.eu\/et","logo":{"@type":"ImageObject","inLanguage":"et","@id":"https:\/\/www.axiomams.eu\/et#\/schema\/logo\/image\/","url":"https:\/\/www.axiomams.eu\/wp-content\/uploads\/2025\/06\/axioma-logo-2.png","contentUrl":"https:\/\/www.axiomams.eu\/wp-content\/uploads\/2025\/06\/axioma-logo-2.png","width":1200,"height":1200,"caption":"AXIOMA MS"},"image":{"@id":"https:\/\/www.axiomams.eu\/et#\/schema\/logo\/image\/"},"sameAs":["https:\/\/www.facebook.com\/AxiomaMS","https:\/\/www.linkedin.com\/company\/axiomams\/"]}]}},"_links":{"self":[{"href":"https:\/\/www.axiomams.eu\/et\/wp-json\/wp\/v2\/product\/40368","targetHints":{"allow":["GET"]}}],"collection":[{"href":"https:\/\/www.axiomams.eu\/et\/wp-json\/wp\/v2\/product"}],"about":[{"href":"https:\/\/www.axiomams.eu\/et\/wp-json\/wp\/v2\/types\/product"}],"replies":[{"embeddable":true,"href":"https:\/\/www.axiomams.eu\/et\/wp-json\/wp\/v2\/comments?post=40368"}],"wp:featuredmedia":[{"embeddable":true,"href":"https:\/\/www.axiomams.eu\/et\/wp-json\/wp\/v2\/media\/42258"}],"wp:attachment":[{"href":"https:\/\/www.axiomams.eu\/et\/wp-json\/wp\/v2\/media?parent=40368"}],"wp:term":[{"taxonomy":"product_brand","embeddable":true,"href":"https:\/\/www.axiomams.eu\/et\/wp-json\/wp\/v2\/product_brand?post=40368"},{"taxonomy":"product_cat","embeddable":true,"href":"https:\/\/www.axiomams.eu\/et\/wp-json\/wp\/v2\/product_cat?post=40368"},{"taxonomy":"product_tag","embeddable":true,"href":"https:\/\/www.axiomams.eu\/et\/wp-json\/wp\/v2\/product_tag?post=40368"}],"curies":[{"name":"wp","href":"https:\/\/api.w.org\/{rel}","templated":true}]}}