{"id":40371,"date":"2025-05-15T18:04:23","date_gmt":"2025-05-15T16:04:23","guid":{"rendered":"https:\/\/www.axiomams.eu\/produktas\/hioki-mr8875-datalogger"},"modified":"2026-02-02T14:31:54","modified_gmt":"2026-02-02T12:31:54","slug":"hioki-mr8875-datalogger","status":"publish","type":"product","link":"https:\/\/www.axiomams.eu\/et\/produktas\/hioki-mr8875-datalogger","title":{"rendered":"HIOKI MR8875 datalogger"},"content":{"rendered":"<p>Sisend\u00fchikute arv: Kuni 4 pesa: Kuni 4 pesa<br \/>\nKanalite arv: Maks. 16 analoogkanalit + standardselt 8 loogikakanalit + 2 impulsskanalit<br \/>\nM\u00f5\u00f5tmisvahemikud (20 div t\u00e4isskaala): 5 mV &#8230; 10 V\/div , 11 vahemikku (MR8901 kasutamisel), 500 mV &#8230; 50 V\/div , 7 m\u00f5\u00f5tepiirkonda (MR8905 kasutamisel), lahutusv\u00f5ime: 1\/1250 m\u00f5\u00f5tepiirkonnast.<br \/>\nMaksimaalne nimipinge: Klemmide vahel: 150 V DC<br \/>\nKlemmide ja maa vahel: 100 V AC, DC (MR8901 kasutamisel).<br \/>\nSagedusomadused: DC kuni 100 kHz (-3 dB, kui kasutatakse MR8901).<br \/>\nAjatelg: 200 \u00b5s &#8230; 5 min\/div, 21 vahemikku, prooviv\u00f5tuperiood: 1\/100 vahemikust, v\u00e4lise prooviv\u00f5tu v\u00f5imalus<\/p>\n<p>Maksimaalne prooviv\u00f5tusagedus:<br \/>\n[MR8901 kasutamisel] 500 kS\/s (2 \u03bcs periood, k\u00f5ik kanalid samaaegselt).<br \/>\n[MR8902 kasutamisel] 10 ms (k\u00f5iki sisendkanaleid skaneeritakse suure kiirusega iga salvestusintervalli ajal).<br \/>\n[MR8903 kasutamisel] 200 kS\/s (5 \u03bcs periood, k\u00f5ik kanalid samaaegselt)<br \/>\nV\u00e4line prooviv\u00f5tmine: 200 kS\/s (5 \u03bcs periood)<\/p>\n<p>M\u00f5\u00f5tefunktsioonid: Kiirfunktsioon (kiire salvestamine), reaalajas arvutamine kanalite vahel, FFT-arvutus v\u00f5i muud funktsioonid.<br \/>\nSalvestusm\u00e4lu maht: 64 megabaiti<br \/>\nEemaldatav m\u00e4lu: SD-kaardi pesa \u00d71, USB 2.0 m\u00e4lu<br \/>\nEkraan: Puutepaneeliga t\u00f6\u00f6tav 8,4-tolline SVGA-TFT v\u00e4rviline LCD (800 \u00d7 600 pikslit)<br \/>\nKommunikatsiooniliidesed: LAN: 100BASE-TX (DHCP, DNS toetatud, FTP server\/klient, WEB server, e-posti saatmine, k\u00e4sujuhtimine)<br \/>\nUSB: USB 2.0 standardile vastav, seeria mini-B pesa \u00d71 (seadistamine \/ m\u00f5\u00f5tmine sidek\u00e4suga v\u00f5i SD-kaardi faili\u00fclekanne arvutisse), seeria A-pesa \u00d72 (USB-m\u00e4lu, USB-hiir\/klahviplaat).<br \/>\nToiteallikas: AC adapter Z1002: 100 V &#8230; 240 V AC (50\/60 Hz), 56 VA<br \/>\nM\u00f5\u00f5dud: 298 x 224 x 84 mm<br \/>\nMass: 2,4 kg<\/p>\n<p>Standardkomplekt: Hioki MR 8875, kasutusjuhend, m\u00f5\u00f5tmisjuhend, vahelduvvooluadapter Z1002, kaitsekile, USB-kaabel, \u00f5larihm, rakendusketas.<\/p>\n<h3>Tehniline teave:<\/h3>\n<ul>\n<li><a href=\"https:\/\/axiomams.eu\/importer\/export\/attachments\/en\/hioki-mr8875.pdf\" target=\"_blank\">Hioki MR8875.pdf<\/a><\/li>\n<\/ul>\n","protected":false},"excerpt":{"rendered":"<p>Sisend\u00fchikute arv: Kuni 4 pesa: Kuni 4 pesa Kanalite arv: Maks. 16 analoogkanalit + standardselt 8 loogikakanalit + 2 impulsskanalit M\u00f5\u00f5tmisvahemikud (20 div t\u00e4isskaala): 5 mV &#8230; 10 V\/div , 11 vahemikku (MR8901 kasutamisel), 500 mV &#8230; 50 V\/div , 7 m\u00f5\u00f5tepiirkonda (MR8905 kasutamisel), lahutusv\u00f5ime: 1\/1250 m\u00f5\u00f5tepiirkonnast. Maksimaalne nimipinge: Klemmide vahel: 150 V DC Klemmide&#8230;<\/p>\n","protected":false},"featured_media":42264,"comment_status":"open","ping_status":"closed","template":"","meta":{"_acf_changed":false},"product_brand":[1112],"product_cat":[17791],"product_tag":[],"class_list":{"0":"post-40371","1":"product","2":"type-product","3":"status-publish","4":"has-post-thumbnail","6":"product_brand-hioki","7":"product_cat-andmelogijad","9":"first","10":"instock","11":"taxable","12":"shipping-taxable","13":"product-type-simple"},"acf":[],"yoast_head":"<!-- This site is optimized with the Yoast SEO plugin v27.0 - https:\/\/yoast.com\/product\/yoast-seo-wordpress\/ -->\n<title>HIOKI MR8875 datalogger - AXIOMA MS<\/title>\n<meta name=\"robots\" content=\"index, follow, max-snippet:-1, max-image-preview:large, max-video-preview:-1\" \/>\n<link rel=\"canonical\" href=\"https:\/\/www.axiomams.eu\/et\/produktas\/hioki-mr8875-datalogger\" \/>\n<meta property=\"og:locale\" content=\"et_EE\" \/>\n<meta property=\"og:type\" content=\"article\" \/>\n<meta property=\"og:title\" content=\"HIOKI MR8875 datalogger - AXIOMA MS\" \/>\n<meta property=\"og:description\" content=\"Sisend\u00fchikute arv: Kuni 4 pesa: Kuni 4 pesa Kanalite arv: Maks. 16 analoogkanalit + standardselt 8 loogikakanalit + 2 impulsskanalit M\u00f5\u00f5tmisvahemikud (20 div t\u00e4isskaala): 5 mV &#8230; 10 V\/div , 11 vahemikku (MR8901 kasutamisel), 500 mV &#8230; 50 V\/div , 7 m\u00f5\u00f5tepiirkonda (MR8905 kasutamisel), lahutusv\u00f5ime: 1\/1250 m\u00f5\u00f5tepiirkonnast. Maksimaalne nimipinge: Klemmide vahel: 150 V DC Klemmide...\" \/>\n<meta property=\"og:url\" content=\"https:\/\/www.axiomams.eu\/et\/produktas\/hioki-mr8875-datalogger\" \/>\n<meta property=\"og:site_name\" content=\"AXIOMA MS\" \/>\n<meta property=\"article:publisher\" content=\"https:\/\/www.facebook.com\/AxiomaMS\" \/>\n<meta property=\"article:modified_time\" content=\"2026-02-02T12:31:54+00:00\" \/>\n<meta property=\"og:image\" content=\"https:\/\/www.axiomams.eu\/wp-content\/uploads\/2025\/07\/2767-6048.jpg\" \/>\n\t<meta property=\"og:image:width\" content=\"1020\" \/>\n\t<meta property=\"og:image:height\" content=\"1020\" \/>\n\t<meta property=\"og:image:type\" content=\"image\/jpeg\" \/>\n<meta name=\"twitter:card\" content=\"summary_large_image\" \/>\n<meta name=\"twitter:label1\" content=\"Est. reading time\" \/>\n\t<meta name=\"twitter:data1\" content=\"1 minut\" \/>\n<script type=\"application\/ld+json\" class=\"yoast-schema-graph\">{\"@context\":\"https:\/\/schema.org\",\"@graph\":[{\"@type\":\"WebPage\",\"@id\":\"https:\/\/www.axiomams.eu\/et\/produktas\/hioki-mr8875-datalogger\",\"url\":\"https:\/\/www.axiomams.eu\/et\/produktas\/hioki-mr8875-datalogger\",\"name\":\"HIOKI MR8875 datalogger - AXIOMA MS\",\"isPartOf\":{\"@id\":\"https:\/\/www.axiomams.eu\/et#website\"},\"primaryImageOfPage\":{\"@id\":\"https:\/\/www.axiomams.eu\/et\/produktas\/hioki-mr8875-datalogger#primaryimage\"},\"image\":{\"@id\":\"https:\/\/www.axiomams.eu\/et\/produktas\/hioki-mr8875-datalogger#primaryimage\"},\"thumbnailUrl\":\"https:\/\/www.axiomams.eu\/wp-content\/uploads\/2025\/07\/2767-6048.jpg\",\"datePublished\":\"2025-05-15T16:04:23+00:00\",\"dateModified\":\"2026-02-02T12:31:54+00:00\",\"breadcrumb\":{\"@id\":\"https:\/\/www.axiomams.eu\/et\/produktas\/hioki-mr8875-datalogger#breadcrumb\"},\"inLanguage\":\"et\",\"potentialAction\":[{\"@type\":\"ReadAction\",\"target\":[\"https:\/\/www.axiomams.eu\/et\/produktas\/hioki-mr8875-datalogger\"]}]},{\"@type\":\"ImageObject\",\"inLanguage\":\"et\",\"@id\":\"https:\/\/www.axiomams.eu\/et\/produktas\/hioki-mr8875-datalogger#primaryimage\",\"url\":\"https:\/\/www.axiomams.eu\/wp-content\/uploads\/2025\/07\/2767-6048.jpg\",\"contentUrl\":\"https:\/\/www.axiomams.eu\/wp-content\/uploads\/2025\/07\/2767-6048.jpg\",\"width\":1020,\"height\":1020},{\"@type\":\"BreadcrumbList\",\"@id\":\"https:\/\/www.axiomams.eu\/et\/produktas\/hioki-mr8875-datalogger#breadcrumb\",\"itemListElement\":[{\"@type\":\"ListItem\",\"position\":1,\"name\":\"Home\",\"item\":\"https:\/\/www.axiomams.eu\/et\"},{\"@type\":\"ListItem\",\"position\":2,\"name\":\"Tooted\",\"item\":\"https:\/\/www.axiomams.eu\/et\/tooted\"},{\"@type\":\"ListItem\",\"position\":3,\"name\":\"HIOKI MR8875 datalogger\"}]},{\"@type\":\"WebSite\",\"@id\":\"https:\/\/www.axiomams.eu\/et#website\",\"url\":\"https:\/\/www.axiomams.eu\/et\",\"name\":\"AXIOMA MS\",\"description\":\"Terrmovizoriai ir matavimo \u012franga\",\"publisher\":{\"@id\":\"https:\/\/www.axiomams.eu\/et#organization\"},\"potentialAction\":[{\"@type\":\"SearchAction\",\"target\":{\"@type\":\"EntryPoint\",\"urlTemplate\":\"https:\/\/www.axiomams.eu\/et?s={search_term_string}\"},\"query-input\":{\"@type\":\"PropertyValueSpecification\",\"valueRequired\":true,\"valueName\":\"search_term_string\"}}],\"inLanguage\":\"et\"},{\"@type\":\"Organization\",\"@id\":\"https:\/\/www.axiomams.eu\/et#organization\",\"name\":\"AXIOMA MS\",\"url\":\"https:\/\/www.axiomams.eu\/et\",\"logo\":{\"@type\":\"ImageObject\",\"inLanguage\":\"et\",\"@id\":\"https:\/\/www.axiomams.eu\/et#\/schema\/logo\/image\/\",\"url\":\"https:\/\/www.axiomams.eu\/wp-content\/uploads\/2025\/06\/axioma-logo-2.png\",\"contentUrl\":\"https:\/\/www.axiomams.eu\/wp-content\/uploads\/2025\/06\/axioma-logo-2.png\",\"width\":1200,\"height\":1200,\"caption\":\"AXIOMA MS\"},\"image\":{\"@id\":\"https:\/\/www.axiomams.eu\/et#\/schema\/logo\/image\/\"},\"sameAs\":[\"https:\/\/www.facebook.com\/AxiomaMS\",\"https:\/\/www.linkedin.com\/company\/axiomams\/\"]}]}<\/script>\n<!-- \/ Yoast SEO plugin. -->","yoast_head_json":{"title":"HIOKI MR8875 datalogger - AXIOMA MS","robots":{"index":"index","follow":"follow","max-snippet":"max-snippet:-1","max-image-preview":"max-image-preview:large","max-video-preview":"max-video-preview:-1"},"canonical":"https:\/\/www.axiomams.eu\/et\/produktas\/hioki-mr8875-datalogger","og_locale":"et_EE","og_type":"article","og_title":"HIOKI MR8875 datalogger - AXIOMA MS","og_description":"Sisend\u00fchikute arv: Kuni 4 pesa: Kuni 4 pesa Kanalite arv: Maks. 16 analoogkanalit + standardselt 8 loogikakanalit + 2 impulsskanalit M\u00f5\u00f5tmisvahemikud (20 div t\u00e4isskaala): 5 mV &#8230; 10 V\/div , 11 vahemikku (MR8901 kasutamisel), 500 mV &#8230; 50 V\/div , 7 m\u00f5\u00f5tepiirkonda (MR8905 kasutamisel), lahutusv\u00f5ime: 1\/1250 m\u00f5\u00f5tepiirkonnast. Maksimaalne nimipinge: Klemmide vahel: 150 V DC Klemmide...","og_url":"https:\/\/www.axiomams.eu\/et\/produktas\/hioki-mr8875-datalogger","og_site_name":"AXIOMA MS","article_publisher":"https:\/\/www.facebook.com\/AxiomaMS","article_modified_time":"2026-02-02T12:31:54+00:00","og_image":[{"width":1020,"height":1020,"url":"https:\/\/www.axiomams.eu\/wp-content\/uploads\/2025\/07\/2767-6048.jpg","type":"image\/jpeg"}],"twitter_card":"summary_large_image","twitter_misc":{"Est. reading time":"1 minut"},"schema":{"@context":"https:\/\/schema.org","@graph":[{"@type":"WebPage","@id":"https:\/\/www.axiomams.eu\/et\/produktas\/hioki-mr8875-datalogger","url":"https:\/\/www.axiomams.eu\/et\/produktas\/hioki-mr8875-datalogger","name":"HIOKI MR8875 datalogger - AXIOMA MS","isPartOf":{"@id":"https:\/\/www.axiomams.eu\/et#website"},"primaryImageOfPage":{"@id":"https:\/\/www.axiomams.eu\/et\/produktas\/hioki-mr8875-datalogger#primaryimage"},"image":{"@id":"https:\/\/www.axiomams.eu\/et\/produktas\/hioki-mr8875-datalogger#primaryimage"},"thumbnailUrl":"https:\/\/www.axiomams.eu\/wp-content\/uploads\/2025\/07\/2767-6048.jpg","datePublished":"2025-05-15T16:04:23+00:00","dateModified":"2026-02-02T12:31:54+00:00","breadcrumb":{"@id":"https:\/\/www.axiomams.eu\/et\/produktas\/hioki-mr8875-datalogger#breadcrumb"},"inLanguage":"et","potentialAction":[{"@type":"ReadAction","target":["https:\/\/www.axiomams.eu\/et\/produktas\/hioki-mr8875-datalogger"]}]},{"@type":"ImageObject","inLanguage":"et","@id":"https:\/\/www.axiomams.eu\/et\/produktas\/hioki-mr8875-datalogger#primaryimage","url":"https:\/\/www.axiomams.eu\/wp-content\/uploads\/2025\/07\/2767-6048.jpg","contentUrl":"https:\/\/www.axiomams.eu\/wp-content\/uploads\/2025\/07\/2767-6048.jpg","width":1020,"height":1020},{"@type":"BreadcrumbList","@id":"https:\/\/www.axiomams.eu\/et\/produktas\/hioki-mr8875-datalogger#breadcrumb","itemListElement":[{"@type":"ListItem","position":1,"name":"Home","item":"https:\/\/www.axiomams.eu\/et"},{"@type":"ListItem","position":2,"name":"Tooted","item":"https:\/\/www.axiomams.eu\/et\/tooted"},{"@type":"ListItem","position":3,"name":"HIOKI MR8875 datalogger"}]},{"@type":"WebSite","@id":"https:\/\/www.axiomams.eu\/et#website","url":"https:\/\/www.axiomams.eu\/et","name":"AXIOMA MS","description":"Terrmovizoriai ir matavimo \u012franga","publisher":{"@id":"https:\/\/www.axiomams.eu\/et#organization"},"potentialAction":[{"@type":"SearchAction","target":{"@type":"EntryPoint","urlTemplate":"https:\/\/www.axiomams.eu\/et?s={search_term_string}"},"query-input":{"@type":"PropertyValueSpecification","valueRequired":true,"valueName":"search_term_string"}}],"inLanguage":"et"},{"@type":"Organization","@id":"https:\/\/www.axiomams.eu\/et#organization","name":"AXIOMA MS","url":"https:\/\/www.axiomams.eu\/et","logo":{"@type":"ImageObject","inLanguage":"et","@id":"https:\/\/www.axiomams.eu\/et#\/schema\/logo\/image\/","url":"https:\/\/www.axiomams.eu\/wp-content\/uploads\/2025\/06\/axioma-logo-2.png","contentUrl":"https:\/\/www.axiomams.eu\/wp-content\/uploads\/2025\/06\/axioma-logo-2.png","width":1200,"height":1200,"caption":"AXIOMA MS"},"image":{"@id":"https:\/\/www.axiomams.eu\/et#\/schema\/logo\/image\/"},"sameAs":["https:\/\/www.facebook.com\/AxiomaMS","https:\/\/www.linkedin.com\/company\/axiomams\/"]}]}},"_links":{"self":[{"href":"https:\/\/www.axiomams.eu\/et\/wp-json\/wp\/v2\/product\/40371","targetHints":{"allow":["GET"]}}],"collection":[{"href":"https:\/\/www.axiomams.eu\/et\/wp-json\/wp\/v2\/product"}],"about":[{"href":"https:\/\/www.axiomams.eu\/et\/wp-json\/wp\/v2\/types\/product"}],"replies":[{"embeddable":true,"href":"https:\/\/www.axiomams.eu\/et\/wp-json\/wp\/v2\/comments?post=40371"}],"wp:featuredmedia":[{"embeddable":true,"href":"https:\/\/www.axiomams.eu\/et\/wp-json\/wp\/v2\/media\/42264"}],"wp:attachment":[{"href":"https:\/\/www.axiomams.eu\/et\/wp-json\/wp\/v2\/media?parent=40371"}],"wp:term":[{"taxonomy":"product_brand","embeddable":true,"href":"https:\/\/www.axiomams.eu\/et\/wp-json\/wp\/v2\/product_brand?post=40371"},{"taxonomy":"product_cat","embeddable":true,"href":"https:\/\/www.axiomams.eu\/et\/wp-json\/wp\/v2\/product_cat?post=40371"},{"taxonomy":"product_tag","embeddable":true,"href":"https:\/\/www.axiomams.eu\/et\/wp-json\/wp\/v2\/product_tag?post=40371"}],"curies":[{"name":"wp","href":"https:\/\/api.w.org\/{rel}","templated":true}]}}