{"id":40372,"date":"2025-05-15T18:04:24","date_gmt":"2025-05-15T16:04:24","guid":{"rendered":"https:\/\/www.axiomams.eu\/produktas\/polytec-msa-100-3d-vibromeeter"},"modified":"2026-02-02T14:31:55","modified_gmt":"2026-02-02T12:31:55","slug":"polytec-msa-100-3d-vibromeeter","status":"publish","type":"product","link":"https:\/\/www.axiomams.eu\/et\/produktas\/polytec-msa-100-3d-vibromeeter","title":{"rendered":"Polytec MSA-100-3D vibromeeter"},"content":{"rendered":"<p><b>MSA-100-3D mikros\u00fcsteemi anal\u00fcsaator<\/b> on m\u00f5eldud 3D-vibratsiooni anal\u00fc\u00fcsiks suure k\u00fclgmise eraldusv\u00f5imega. See sobib eriti h\u00e4sti mikros\u00fcsteemide, t\u00e4ppismehaanika detailide ning andmesalvestust\u00f6\u00f6stuses kasutatavate HGA-de ja sekundaarsete aktuaatorite d\u00fcnaamika uuringuteks. Integreeritud XY-traversaaliga staadium koos t\u00e4ieliku tarkvaralise toetusega proovi \u00fclit\u00e4pseks liigutamiseks v\u00f5imaldab skaneeritud m\u00f5\u00f5tmisi 3D-l\u00e4bimissuundade saamiseks.<\/p>\n<p>&#8211; Vibratsiooni m\u00f5\u00f5tmine reaalajas suure ribalaiusega kuni 25 MHz.<br \/>\n&#8211; Sub-pikomeetriline amplituudieraldusv\u00f5ime nii tasandiv\u00e4lise kui ka tasandisisese liikumise puhul.<br \/>\n&#8211; Nii \u00fcksikpunkti- kui ka t\u00e4isv\u00e4lja m\u00f5\u00f5tmised<br \/>\n&#8211; V\u00e4ike laserpunkt alla 4 \u03bcm v\u00f5imaldab maksimaalset k\u00fclgmist eraldusv\u00f5imet<br \/>\n&#8211; Suur 38 mm suurune vahemaa<br \/>\n&#8211; \u00dchildub tavaliste MEMS-andurite jaamadega<\/p>\n<h3>Tehniline teave:<\/h3>\n<ul>\n<li><a href=\"https:\/\/axiomams.eu\/importer\/export\/attachments\/en\/polytec-msa-100-3d.pdf\" target=\"_blank\">Polytec MSA-100-3D.pdf<\/a><\/li>\n<\/ul>\n","protected":false},"excerpt":{"rendered":"<p>MSA-100-3D mikros\u00fcsteemi anal\u00fcsaator on m\u00f5eldud 3D-vibratsiooni anal\u00fc\u00fcsiks suure k\u00fclgmise eraldusv\u00f5imega. See sobib eriti h\u00e4sti mikros\u00fcsteemide, t\u00e4ppismehaanika detailide ning andmesalvestust\u00f6\u00f6stuses kasutatavate HGA-de ja sekundaarsete aktuaatorite d\u00fcnaamika uuringuteks. Integreeritud XY-traversaaliga staadium koos t\u00e4ieliku tarkvaralise toetusega proovi \u00fclit\u00e4pseks liigutamiseks v\u00f5imaldab skaneeritud m\u00f5\u00f5tmisi 3D-l\u00e4bimissuundade saamiseks. &#8211; Vibratsiooni m\u00f5\u00f5tmine reaalajas suure ribalaiusega kuni 25 MHz. &#8211; Sub-pikomeetriline amplituudieraldusv\u00f5ime nii tasandiv\u00e4lise&#8230;<\/p>\n","protected":false},"featured_media":42266,"comment_status":"open","ping_status":"closed","template":"","meta":{"_acf_changed":false},"product_brand":[17687],"product_cat":[17821],"product_tag":[],"class_list":{"0":"post-40372","1":"product","2":"type-product","3":"status-publish","4":"has-post-thumbnail","6":"product_brand-polytec","7":"product_cat-kontaktivabaks-vibratsioonimootmiseks","9":"first","10":"instock","11":"taxable","12":"shipping-taxable","13":"product-type-simple"},"acf":[],"yoast_head":"<!-- This site is optimized with the Yoast SEO plugin v27.0 - https:\/\/yoast.com\/product\/yoast-seo-wordpress\/ -->\n<title>Polytec MSA-100-3D vibromeeter - AXIOMA MS<\/title>\n<meta name=\"robots\" content=\"index, follow, max-snippet:-1, max-image-preview:large, max-video-preview:-1\" \/>\n<link rel=\"canonical\" href=\"https:\/\/www.axiomams.eu\/et\/produktas\/polytec-msa-100-3d-vibromeeter\" \/>\n<meta property=\"og:locale\" content=\"et_EE\" \/>\n<meta property=\"og:type\" content=\"article\" \/>\n<meta property=\"og:title\" content=\"Polytec MSA-100-3D vibromeeter - AXIOMA MS\" \/>\n<meta property=\"og:description\" content=\"MSA-100-3D mikros\u00fcsteemi anal\u00fcsaator on m\u00f5eldud 3D-vibratsiooni anal\u00fc\u00fcsiks suure k\u00fclgmise eraldusv\u00f5imega. See sobib eriti h\u00e4sti mikros\u00fcsteemide, t\u00e4ppismehaanika detailide ning andmesalvestust\u00f6\u00f6stuses kasutatavate HGA-de ja sekundaarsete aktuaatorite d\u00fcnaamika uuringuteks. Integreeritud XY-traversaaliga staadium koos t\u00e4ieliku tarkvaralise toetusega proovi \u00fclit\u00e4pseks liigutamiseks v\u00f5imaldab skaneeritud m\u00f5\u00f5tmisi 3D-l\u00e4bimissuundade saamiseks. &#8211; Vibratsiooni m\u00f5\u00f5tmine reaalajas suure ribalaiusega kuni 25 MHz. &#8211; Sub-pikomeetriline amplituudieraldusv\u00f5ime nii tasandiv\u00e4lise...\" \/>\n<meta property=\"og:url\" content=\"https:\/\/www.axiomams.eu\/et\/produktas\/polytec-msa-100-3d-vibromeeter\" \/>\n<meta property=\"og:site_name\" content=\"AXIOMA MS\" \/>\n<meta property=\"article:publisher\" content=\"https:\/\/www.facebook.com\/AxiomaMS\" \/>\n<meta property=\"article:modified_time\" content=\"2026-02-02T12:31:55+00:00\" \/>\n<meta property=\"og:image\" content=\"https:\/\/www.axiomams.eu\/wp-content\/uploads\/2025\/07\/3430-4600.jpg\" \/>\n\t<meta property=\"og:image:width\" content=\"900\" \/>\n\t<meta property=\"og:image:height\" content=\"636\" \/>\n\t<meta property=\"og:image:type\" content=\"image\/jpeg\" \/>\n<meta name=\"twitter:card\" content=\"summary_large_image\" \/>\n<meta name=\"twitter:label1\" content=\"Est. reading time\" \/>\n\t<meta name=\"twitter:data1\" content=\"1 minut\" \/>\n<script type=\"application\/ld+json\" class=\"yoast-schema-graph\">{\"@context\":\"https:\/\/schema.org\",\"@graph\":[{\"@type\":\"WebPage\",\"@id\":\"https:\/\/www.axiomams.eu\/et\/produktas\/polytec-msa-100-3d-vibromeeter\",\"url\":\"https:\/\/www.axiomams.eu\/et\/produktas\/polytec-msa-100-3d-vibromeeter\",\"name\":\"Polytec MSA-100-3D vibromeeter - AXIOMA MS\",\"isPartOf\":{\"@id\":\"https:\/\/www.axiomams.eu\/et#website\"},\"primaryImageOfPage\":{\"@id\":\"https:\/\/www.axiomams.eu\/et\/produktas\/polytec-msa-100-3d-vibromeeter#primaryimage\"},\"image\":{\"@id\":\"https:\/\/www.axiomams.eu\/et\/produktas\/polytec-msa-100-3d-vibromeeter#primaryimage\"},\"thumbnailUrl\":\"https:\/\/www.axiomams.eu\/wp-content\/uploads\/2025\/07\/3430-4600.jpg\",\"datePublished\":\"2025-05-15T16:04:24+00:00\",\"dateModified\":\"2026-02-02T12:31:55+00:00\",\"breadcrumb\":{\"@id\":\"https:\/\/www.axiomams.eu\/et\/produktas\/polytec-msa-100-3d-vibromeeter#breadcrumb\"},\"inLanguage\":\"et\",\"potentialAction\":[{\"@type\":\"ReadAction\",\"target\":[\"https:\/\/www.axiomams.eu\/et\/produktas\/polytec-msa-100-3d-vibromeeter\"]}]},{\"@type\":\"ImageObject\",\"inLanguage\":\"et\",\"@id\":\"https:\/\/www.axiomams.eu\/et\/produktas\/polytec-msa-100-3d-vibromeeter#primaryimage\",\"url\":\"https:\/\/www.axiomams.eu\/wp-content\/uploads\/2025\/07\/3430-4600.jpg\",\"contentUrl\":\"https:\/\/www.axiomams.eu\/wp-content\/uploads\/2025\/07\/3430-4600.jpg\",\"width\":900,\"height\":636},{\"@type\":\"BreadcrumbList\",\"@id\":\"https:\/\/www.axiomams.eu\/et\/produktas\/polytec-msa-100-3d-vibromeeter#breadcrumb\",\"itemListElement\":[{\"@type\":\"ListItem\",\"position\":1,\"name\":\"Home\",\"item\":\"https:\/\/www.axiomams.eu\/et\"},{\"@type\":\"ListItem\",\"position\":2,\"name\":\"Tooted\",\"item\":\"https:\/\/www.axiomams.eu\/et\/tooted\"},{\"@type\":\"ListItem\",\"position\":3,\"name\":\"Polytec MSA-100-3D vibromeeter\"}]},{\"@type\":\"WebSite\",\"@id\":\"https:\/\/www.axiomams.eu\/et#website\",\"url\":\"https:\/\/www.axiomams.eu\/et\",\"name\":\"AXIOMA MS\",\"description\":\"Terrmovizoriai ir matavimo \u012franga\",\"publisher\":{\"@id\":\"https:\/\/www.axiomams.eu\/et#organization\"},\"potentialAction\":[{\"@type\":\"SearchAction\",\"target\":{\"@type\":\"EntryPoint\",\"urlTemplate\":\"https:\/\/www.axiomams.eu\/et?s={search_term_string}\"},\"query-input\":{\"@type\":\"PropertyValueSpecification\",\"valueRequired\":true,\"valueName\":\"search_term_string\"}}],\"inLanguage\":\"et\"},{\"@type\":\"Organization\",\"@id\":\"https:\/\/www.axiomams.eu\/et#organization\",\"name\":\"AXIOMA MS\",\"url\":\"https:\/\/www.axiomams.eu\/et\",\"logo\":{\"@type\":\"ImageObject\",\"inLanguage\":\"et\",\"@id\":\"https:\/\/www.axiomams.eu\/et#\/schema\/logo\/image\/\",\"url\":\"https:\/\/www.axiomams.eu\/wp-content\/uploads\/2025\/06\/axioma-logo-2.png\",\"contentUrl\":\"https:\/\/www.axiomams.eu\/wp-content\/uploads\/2025\/06\/axioma-logo-2.png\",\"width\":1200,\"height\":1200,\"caption\":\"AXIOMA MS\"},\"image\":{\"@id\":\"https:\/\/www.axiomams.eu\/et#\/schema\/logo\/image\/\"},\"sameAs\":[\"https:\/\/www.facebook.com\/AxiomaMS\",\"https:\/\/www.linkedin.com\/company\/axiomams\/\"]}]}<\/script>\n<!-- \/ Yoast SEO plugin. -->","yoast_head_json":{"title":"Polytec MSA-100-3D vibromeeter - AXIOMA MS","robots":{"index":"index","follow":"follow","max-snippet":"max-snippet:-1","max-image-preview":"max-image-preview:large","max-video-preview":"max-video-preview:-1"},"canonical":"https:\/\/www.axiomams.eu\/et\/produktas\/polytec-msa-100-3d-vibromeeter","og_locale":"et_EE","og_type":"article","og_title":"Polytec MSA-100-3D vibromeeter - AXIOMA MS","og_description":"MSA-100-3D mikros\u00fcsteemi anal\u00fcsaator on m\u00f5eldud 3D-vibratsiooni anal\u00fc\u00fcsiks suure k\u00fclgmise eraldusv\u00f5imega. See sobib eriti h\u00e4sti mikros\u00fcsteemide, t\u00e4ppismehaanika detailide ning andmesalvestust\u00f6\u00f6stuses kasutatavate HGA-de ja sekundaarsete aktuaatorite d\u00fcnaamika uuringuteks. Integreeritud XY-traversaaliga staadium koos t\u00e4ieliku tarkvaralise toetusega proovi \u00fclit\u00e4pseks liigutamiseks v\u00f5imaldab skaneeritud m\u00f5\u00f5tmisi 3D-l\u00e4bimissuundade saamiseks. &#8211; Vibratsiooni m\u00f5\u00f5tmine reaalajas suure ribalaiusega kuni 25 MHz. &#8211; Sub-pikomeetriline amplituudieraldusv\u00f5ime nii tasandiv\u00e4lise...","og_url":"https:\/\/www.axiomams.eu\/et\/produktas\/polytec-msa-100-3d-vibromeeter","og_site_name":"AXIOMA MS","article_publisher":"https:\/\/www.facebook.com\/AxiomaMS","article_modified_time":"2026-02-02T12:31:55+00:00","og_image":[{"width":900,"height":636,"url":"https:\/\/www.axiomams.eu\/wp-content\/uploads\/2025\/07\/3430-4600.jpg","type":"image\/jpeg"}],"twitter_card":"summary_large_image","twitter_misc":{"Est. reading time":"1 minut"},"schema":{"@context":"https:\/\/schema.org","@graph":[{"@type":"WebPage","@id":"https:\/\/www.axiomams.eu\/et\/produktas\/polytec-msa-100-3d-vibromeeter","url":"https:\/\/www.axiomams.eu\/et\/produktas\/polytec-msa-100-3d-vibromeeter","name":"Polytec MSA-100-3D vibromeeter - AXIOMA MS","isPartOf":{"@id":"https:\/\/www.axiomams.eu\/et#website"},"primaryImageOfPage":{"@id":"https:\/\/www.axiomams.eu\/et\/produktas\/polytec-msa-100-3d-vibromeeter#primaryimage"},"image":{"@id":"https:\/\/www.axiomams.eu\/et\/produktas\/polytec-msa-100-3d-vibromeeter#primaryimage"},"thumbnailUrl":"https:\/\/www.axiomams.eu\/wp-content\/uploads\/2025\/07\/3430-4600.jpg","datePublished":"2025-05-15T16:04:24+00:00","dateModified":"2026-02-02T12:31:55+00:00","breadcrumb":{"@id":"https:\/\/www.axiomams.eu\/et\/produktas\/polytec-msa-100-3d-vibromeeter#breadcrumb"},"inLanguage":"et","potentialAction":[{"@type":"ReadAction","target":["https:\/\/www.axiomams.eu\/et\/produktas\/polytec-msa-100-3d-vibromeeter"]}]},{"@type":"ImageObject","inLanguage":"et","@id":"https:\/\/www.axiomams.eu\/et\/produktas\/polytec-msa-100-3d-vibromeeter#primaryimage","url":"https:\/\/www.axiomams.eu\/wp-content\/uploads\/2025\/07\/3430-4600.jpg","contentUrl":"https:\/\/www.axiomams.eu\/wp-content\/uploads\/2025\/07\/3430-4600.jpg","width":900,"height":636},{"@type":"BreadcrumbList","@id":"https:\/\/www.axiomams.eu\/et\/produktas\/polytec-msa-100-3d-vibromeeter#breadcrumb","itemListElement":[{"@type":"ListItem","position":1,"name":"Home","item":"https:\/\/www.axiomams.eu\/et"},{"@type":"ListItem","position":2,"name":"Tooted","item":"https:\/\/www.axiomams.eu\/et\/tooted"},{"@type":"ListItem","position":3,"name":"Polytec MSA-100-3D vibromeeter"}]},{"@type":"WebSite","@id":"https:\/\/www.axiomams.eu\/et#website","url":"https:\/\/www.axiomams.eu\/et","name":"AXIOMA MS","description":"Terrmovizoriai ir matavimo \u012franga","publisher":{"@id":"https:\/\/www.axiomams.eu\/et#organization"},"potentialAction":[{"@type":"SearchAction","target":{"@type":"EntryPoint","urlTemplate":"https:\/\/www.axiomams.eu\/et?s={search_term_string}"},"query-input":{"@type":"PropertyValueSpecification","valueRequired":true,"valueName":"search_term_string"}}],"inLanguage":"et"},{"@type":"Organization","@id":"https:\/\/www.axiomams.eu\/et#organization","name":"AXIOMA MS","url":"https:\/\/www.axiomams.eu\/et","logo":{"@type":"ImageObject","inLanguage":"et","@id":"https:\/\/www.axiomams.eu\/et#\/schema\/logo\/image\/","url":"https:\/\/www.axiomams.eu\/wp-content\/uploads\/2025\/06\/axioma-logo-2.png","contentUrl":"https:\/\/www.axiomams.eu\/wp-content\/uploads\/2025\/06\/axioma-logo-2.png","width":1200,"height":1200,"caption":"AXIOMA MS"},"image":{"@id":"https:\/\/www.axiomams.eu\/et#\/schema\/logo\/image\/"},"sameAs":["https:\/\/www.facebook.com\/AxiomaMS","https:\/\/www.linkedin.com\/company\/axiomams\/"]}]}},"_links":{"self":[{"href":"https:\/\/www.axiomams.eu\/et\/wp-json\/wp\/v2\/product\/40372","targetHints":{"allow":["GET"]}}],"collection":[{"href":"https:\/\/www.axiomams.eu\/et\/wp-json\/wp\/v2\/product"}],"about":[{"href":"https:\/\/www.axiomams.eu\/et\/wp-json\/wp\/v2\/types\/product"}],"replies":[{"embeddable":true,"href":"https:\/\/www.axiomams.eu\/et\/wp-json\/wp\/v2\/comments?post=40372"}],"wp:featuredmedia":[{"embeddable":true,"href":"https:\/\/www.axiomams.eu\/et\/wp-json\/wp\/v2\/media\/42266"}],"wp:attachment":[{"href":"https:\/\/www.axiomams.eu\/et\/wp-json\/wp\/v2\/media?parent=40372"}],"wp:term":[{"taxonomy":"product_brand","embeddable":true,"href":"https:\/\/www.axiomams.eu\/et\/wp-json\/wp\/v2\/product_brand?post=40372"},{"taxonomy":"product_cat","embeddable":true,"href":"https:\/\/www.axiomams.eu\/et\/wp-json\/wp\/v2\/product_cat?post=40372"},{"taxonomy":"product_tag","embeddable":true,"href":"https:\/\/www.axiomams.eu\/et\/wp-json\/wp\/v2\/product_tag?post=40372"}],"curies":[{"name":"wp","href":"https:\/\/api.w.org\/{rel}","templated":true}]}}