{"id":40373,"date":"2025-05-15T18:04:28","date_gmt":"2025-05-15T16:04:28","guid":{"rendered":"https:\/\/www.axiomams.eu\/produktas\/rigol-mso2102a-ostsilloskoop"},"modified":"2026-02-02T14:31:55","modified_gmt":"2026-02-02T12:31:55","slug":"rigol-mso2102a-ostsilloskoop","status":"publish","type":"product","link":"https:\/\/www.axiomams.eu\/et\/produktas\/rigol-mso2102a-ostsilloskoop","title":{"rendered":"Rigol MSO2102A ostsilloskoop"},"content":{"rendered":"<p>Digitaalne ostsilloskoop MSO2102A on j\u00e4rjekordne Rigoli klassi parim seade, mis pakub v\u00f5rratut funktsioonide ja v\u00e4\u00e4rtuse paketti. MSO2102A on kiire ja mitmek\u00fclgne skopeerija, mis katab sagedusi kuni 100 MHz, millel on kaks kanalit ja lai vertikaalne vahemik (500uV\/div-10V\/div), et pakkuda \u00e4\u00e4rmiselt madalat m\u00fcra, mis aitab teil v\u00e4iksemaid signaale j\u00e4\u00e4dvustada. Lisage kasutajas\u00f5bralikule kasutajaliidesele ja 8-tollisele WVGA-ekraanile 2 GSa\/s maksimaalne prooviv\u00f5tusagedus ja 14 Mpts. standardne m\u00e4lus\u00fcgavus ning te olete saanud skopeeri, mis \u00fcletab konkurentide omadusi paljudes pingi- ja v\u00e4lirakendustes.<\/p>\n<p>Standardkomplekt: ostsilloskoop, toitejuhe, USB-kaabel, passiivne sond (x2), LA-sond, kasutusjuhend, tarkvara.<\/p>\n<h3>Tehniline teave:<\/h3>\n<ul>\n<li><a href=\"https:\/\/axiomams.eu\/importer\/export\/attachments\/en\/mso2102a_datasheet_en.pdf\" target=\"_blank\">MSO2102A_datasheet_EN.pdf<\/a><\/li>\n<\/ul>\n","protected":false},"excerpt":{"rendered":"<p>Digitaalne ostsilloskoop MSO2102A on j\u00e4rjekordne Rigoli klassi parim seade, mis pakub v\u00f5rratut funktsioonide ja v\u00e4\u00e4rtuse paketti. MSO2102A on kiire ja mitmek\u00fclgne skopeerija, mis katab sagedusi kuni 100 MHz, millel on kaks kanalit ja lai vertikaalne vahemik (500uV\/div-10V\/div), et pakkuda \u00e4\u00e4rmiselt madalat m\u00fcra, mis aitab teil v\u00e4iksemaid signaale j\u00e4\u00e4dvustada. Lisage kasutajas\u00f5bralikule kasutajaliidesele ja 8-tollisele WVGA-ekraanile 2&#8230;<\/p>\n","protected":false},"featured_media":42268,"comment_status":"open","ping_status":"closed","template":"","meta":{"_acf_changed":false},"product_brand":[2082],"product_cat":[17823],"product_tag":[],"class_list":{"0":"post-40373","1":"product","2":"type-product","3":"status-publish","4":"has-post-thumbnail","6":"product_brand-rigol","7":"product_cat-generaatorid-toiteallikad-ostsillograafid-rcl-mooturid","9":"first","10":"instock","11":"taxable","12":"shipping-taxable","13":"purchasable","14":"product-type-simple"},"acf":[],"yoast_head":"<!-- This site is optimized with the Yoast SEO plugin v27.0 - https:\/\/yoast.com\/product\/yoast-seo-wordpress\/ -->\n<title>Rigol MSO2102A ostsilloskoop - AXIOMA MS<\/title>\n<meta name=\"robots\" content=\"index, follow, max-snippet:-1, max-image-preview:large, max-video-preview:-1\" \/>\n<link rel=\"canonical\" href=\"https:\/\/www.axiomams.eu\/et\/produktas\/rigol-mso2102a-ostsilloskoop\" \/>\n<meta property=\"og:locale\" content=\"et_EE\" \/>\n<meta property=\"og:type\" content=\"article\" \/>\n<meta property=\"og:title\" content=\"Rigol MSO2102A ostsilloskoop - AXIOMA MS\" \/>\n<meta property=\"og:description\" content=\"Digitaalne ostsilloskoop MSO2102A on j\u00e4rjekordne Rigoli klassi parim seade, mis pakub v\u00f5rratut funktsioonide ja v\u00e4\u00e4rtuse paketti. MSO2102A on kiire ja mitmek\u00fclgne skopeerija, mis katab sagedusi kuni 100 MHz, millel on kaks kanalit ja lai vertikaalne vahemik (500uV\/div-10V\/div), et pakkuda \u00e4\u00e4rmiselt madalat m\u00fcra, mis aitab teil v\u00e4iksemaid signaale j\u00e4\u00e4dvustada. Lisage kasutajas\u00f5bralikule kasutajaliidesele ja 8-tollisele WVGA-ekraanile 2...\" \/>\n<meta property=\"og:url\" content=\"https:\/\/www.axiomams.eu\/et\/produktas\/rigol-mso2102a-ostsilloskoop\" \/>\n<meta property=\"og:site_name\" content=\"AXIOMA MS\" \/>\n<meta property=\"article:publisher\" content=\"https:\/\/www.facebook.com\/AxiomaMS\" \/>\n<meta property=\"article:modified_time\" content=\"2026-02-02T12:31:55+00:00\" \/>\n<meta property=\"og:image\" content=\"https:\/\/www.axiomams.eu\/wp-content\/uploads\/2025\/07\/733-928.jpg\" \/>\n\t<meta property=\"og:image:width\" content=\"1200\" \/>\n\t<meta property=\"og:image:height\" content=\"848\" \/>\n\t<meta property=\"og:image:type\" content=\"image\/jpeg\" \/>\n<meta name=\"twitter:card\" content=\"summary_large_image\" \/>\n<meta name=\"twitter:label1\" content=\"Est. reading time\" \/>\n\t<meta name=\"twitter:data1\" content=\"1 minut\" \/>\n<script type=\"application\/ld+json\" class=\"yoast-schema-graph\">{\"@context\":\"https:\/\/schema.org\",\"@graph\":[{\"@type\":\"WebPage\",\"@id\":\"https:\/\/www.axiomams.eu\/et\/produktas\/rigol-mso2102a-ostsilloskoop\",\"url\":\"https:\/\/www.axiomams.eu\/et\/produktas\/rigol-mso2102a-ostsilloskoop\",\"name\":\"Rigol MSO2102A ostsilloskoop - AXIOMA MS\",\"isPartOf\":{\"@id\":\"https:\/\/www.axiomams.eu\/et#website\"},\"primaryImageOfPage\":{\"@id\":\"https:\/\/www.axiomams.eu\/et\/produktas\/rigol-mso2102a-ostsilloskoop#primaryimage\"},\"image\":{\"@id\":\"https:\/\/www.axiomams.eu\/et\/produktas\/rigol-mso2102a-ostsilloskoop#primaryimage\"},\"thumbnailUrl\":\"https:\/\/www.axiomams.eu\/wp-content\/uploads\/2025\/07\/733-928.jpg\",\"datePublished\":\"2025-05-15T16:04:28+00:00\",\"dateModified\":\"2026-02-02T12:31:55+00:00\",\"breadcrumb\":{\"@id\":\"https:\/\/www.axiomams.eu\/et\/produktas\/rigol-mso2102a-ostsilloskoop#breadcrumb\"},\"inLanguage\":\"et\",\"potentialAction\":[{\"@type\":\"ReadAction\",\"target\":[\"https:\/\/www.axiomams.eu\/et\/produktas\/rigol-mso2102a-ostsilloskoop\"]}]},{\"@type\":\"ImageObject\",\"inLanguage\":\"et\",\"@id\":\"https:\/\/www.axiomams.eu\/et\/produktas\/rigol-mso2102a-ostsilloskoop#primaryimage\",\"url\":\"https:\/\/www.axiomams.eu\/wp-content\/uploads\/2025\/07\/733-928.jpg\",\"contentUrl\":\"https:\/\/www.axiomams.eu\/wp-content\/uploads\/2025\/07\/733-928.jpg\",\"width\":1200,\"height\":848},{\"@type\":\"BreadcrumbList\",\"@id\":\"https:\/\/www.axiomams.eu\/et\/produktas\/rigol-mso2102a-ostsilloskoop#breadcrumb\",\"itemListElement\":[{\"@type\":\"ListItem\",\"position\":1,\"name\":\"Home\",\"item\":\"https:\/\/www.axiomams.eu\/et\"},{\"@type\":\"ListItem\",\"position\":2,\"name\":\"Tooted\",\"item\":\"https:\/\/www.axiomams.eu\/et\/tooted\"},{\"@type\":\"ListItem\",\"position\":3,\"name\":\"Rigol MSO2102A ostsilloskoop\"}]},{\"@type\":\"WebSite\",\"@id\":\"https:\/\/www.axiomams.eu\/et#website\",\"url\":\"https:\/\/www.axiomams.eu\/et\",\"name\":\"AXIOMA MS\",\"description\":\"Terrmovizoriai ir matavimo \u012franga\",\"publisher\":{\"@id\":\"https:\/\/www.axiomams.eu\/et#organization\"},\"potentialAction\":[{\"@type\":\"SearchAction\",\"target\":{\"@type\":\"EntryPoint\",\"urlTemplate\":\"https:\/\/www.axiomams.eu\/et?s={search_term_string}\"},\"query-input\":{\"@type\":\"PropertyValueSpecification\",\"valueRequired\":true,\"valueName\":\"search_term_string\"}}],\"inLanguage\":\"et\"},{\"@type\":\"Organization\",\"@id\":\"https:\/\/www.axiomams.eu\/et#organization\",\"name\":\"AXIOMA MS\",\"url\":\"https:\/\/www.axiomams.eu\/et\",\"logo\":{\"@type\":\"ImageObject\",\"inLanguage\":\"et\",\"@id\":\"https:\/\/www.axiomams.eu\/et#\/schema\/logo\/image\/\",\"url\":\"https:\/\/www.axiomams.eu\/wp-content\/uploads\/2025\/06\/axioma-logo-2.png\",\"contentUrl\":\"https:\/\/www.axiomams.eu\/wp-content\/uploads\/2025\/06\/axioma-logo-2.png\",\"width\":1200,\"height\":1200,\"caption\":\"AXIOMA MS\"},\"image\":{\"@id\":\"https:\/\/www.axiomams.eu\/et#\/schema\/logo\/image\/\"},\"sameAs\":[\"https:\/\/www.facebook.com\/AxiomaMS\",\"https:\/\/www.linkedin.com\/company\/axiomams\/\"]}]}<\/script>\n<!-- \/ Yoast SEO plugin. -->","yoast_head_json":{"title":"Rigol MSO2102A ostsilloskoop - AXIOMA MS","robots":{"index":"index","follow":"follow","max-snippet":"max-snippet:-1","max-image-preview":"max-image-preview:large","max-video-preview":"max-video-preview:-1"},"canonical":"https:\/\/www.axiomams.eu\/et\/produktas\/rigol-mso2102a-ostsilloskoop","og_locale":"et_EE","og_type":"article","og_title":"Rigol MSO2102A ostsilloskoop - AXIOMA MS","og_description":"Digitaalne ostsilloskoop MSO2102A on j\u00e4rjekordne Rigoli klassi parim seade, mis pakub v\u00f5rratut funktsioonide ja v\u00e4\u00e4rtuse paketti. MSO2102A on kiire ja mitmek\u00fclgne skopeerija, mis katab sagedusi kuni 100 MHz, millel on kaks kanalit ja lai vertikaalne vahemik (500uV\/div-10V\/div), et pakkuda \u00e4\u00e4rmiselt madalat m\u00fcra, mis aitab teil v\u00e4iksemaid signaale j\u00e4\u00e4dvustada. Lisage kasutajas\u00f5bralikule kasutajaliidesele ja 8-tollisele WVGA-ekraanile 2...","og_url":"https:\/\/www.axiomams.eu\/et\/produktas\/rigol-mso2102a-ostsilloskoop","og_site_name":"AXIOMA MS","article_publisher":"https:\/\/www.facebook.com\/AxiomaMS","article_modified_time":"2026-02-02T12:31:55+00:00","og_image":[{"width":1200,"height":848,"url":"https:\/\/www.axiomams.eu\/wp-content\/uploads\/2025\/07\/733-928.jpg","type":"image\/jpeg"}],"twitter_card":"summary_large_image","twitter_misc":{"Est. reading time":"1 minut"},"schema":{"@context":"https:\/\/schema.org","@graph":[{"@type":"WebPage","@id":"https:\/\/www.axiomams.eu\/et\/produktas\/rigol-mso2102a-ostsilloskoop","url":"https:\/\/www.axiomams.eu\/et\/produktas\/rigol-mso2102a-ostsilloskoop","name":"Rigol MSO2102A ostsilloskoop - AXIOMA MS","isPartOf":{"@id":"https:\/\/www.axiomams.eu\/et#website"},"primaryImageOfPage":{"@id":"https:\/\/www.axiomams.eu\/et\/produktas\/rigol-mso2102a-ostsilloskoop#primaryimage"},"image":{"@id":"https:\/\/www.axiomams.eu\/et\/produktas\/rigol-mso2102a-ostsilloskoop#primaryimage"},"thumbnailUrl":"https:\/\/www.axiomams.eu\/wp-content\/uploads\/2025\/07\/733-928.jpg","datePublished":"2025-05-15T16:04:28+00:00","dateModified":"2026-02-02T12:31:55+00:00","breadcrumb":{"@id":"https:\/\/www.axiomams.eu\/et\/produktas\/rigol-mso2102a-ostsilloskoop#breadcrumb"},"inLanguage":"et","potentialAction":[{"@type":"ReadAction","target":["https:\/\/www.axiomams.eu\/et\/produktas\/rigol-mso2102a-ostsilloskoop"]}]},{"@type":"ImageObject","inLanguage":"et","@id":"https:\/\/www.axiomams.eu\/et\/produktas\/rigol-mso2102a-ostsilloskoop#primaryimage","url":"https:\/\/www.axiomams.eu\/wp-content\/uploads\/2025\/07\/733-928.jpg","contentUrl":"https:\/\/www.axiomams.eu\/wp-content\/uploads\/2025\/07\/733-928.jpg","width":1200,"height":848},{"@type":"BreadcrumbList","@id":"https:\/\/www.axiomams.eu\/et\/produktas\/rigol-mso2102a-ostsilloskoop#breadcrumb","itemListElement":[{"@type":"ListItem","position":1,"name":"Home","item":"https:\/\/www.axiomams.eu\/et"},{"@type":"ListItem","position":2,"name":"Tooted","item":"https:\/\/www.axiomams.eu\/et\/tooted"},{"@type":"ListItem","position":3,"name":"Rigol MSO2102A ostsilloskoop"}]},{"@type":"WebSite","@id":"https:\/\/www.axiomams.eu\/et#website","url":"https:\/\/www.axiomams.eu\/et","name":"AXIOMA MS","description":"Terrmovizoriai ir matavimo \u012franga","publisher":{"@id":"https:\/\/www.axiomams.eu\/et#organization"},"potentialAction":[{"@type":"SearchAction","target":{"@type":"EntryPoint","urlTemplate":"https:\/\/www.axiomams.eu\/et?s={search_term_string}"},"query-input":{"@type":"PropertyValueSpecification","valueRequired":true,"valueName":"search_term_string"}}],"inLanguage":"et"},{"@type":"Organization","@id":"https:\/\/www.axiomams.eu\/et#organization","name":"AXIOMA MS","url":"https:\/\/www.axiomams.eu\/et","logo":{"@type":"ImageObject","inLanguage":"et","@id":"https:\/\/www.axiomams.eu\/et#\/schema\/logo\/image\/","url":"https:\/\/www.axiomams.eu\/wp-content\/uploads\/2025\/06\/axioma-logo-2.png","contentUrl":"https:\/\/www.axiomams.eu\/wp-content\/uploads\/2025\/06\/axioma-logo-2.png","width":1200,"height":1200,"caption":"AXIOMA MS"},"image":{"@id":"https:\/\/www.axiomams.eu\/et#\/schema\/logo\/image\/"},"sameAs":["https:\/\/www.facebook.com\/AxiomaMS","https:\/\/www.linkedin.com\/company\/axiomams\/"]}]}},"_links":{"self":[{"href":"https:\/\/www.axiomams.eu\/et\/wp-json\/wp\/v2\/product\/40373","targetHints":{"allow":["GET"]}}],"collection":[{"href":"https:\/\/www.axiomams.eu\/et\/wp-json\/wp\/v2\/product"}],"about":[{"href":"https:\/\/www.axiomams.eu\/et\/wp-json\/wp\/v2\/types\/product"}],"replies":[{"embeddable":true,"href":"https:\/\/www.axiomams.eu\/et\/wp-json\/wp\/v2\/comments?post=40373"}],"wp:featuredmedia":[{"embeddable":true,"href":"https:\/\/www.axiomams.eu\/et\/wp-json\/wp\/v2\/media\/42268"}],"wp:attachment":[{"href":"https:\/\/www.axiomams.eu\/et\/wp-json\/wp\/v2\/media?parent=40373"}],"wp:term":[{"taxonomy":"product_brand","embeddable":true,"href":"https:\/\/www.axiomams.eu\/et\/wp-json\/wp\/v2\/product_brand?post=40373"},{"taxonomy":"product_cat","embeddable":true,"href":"https:\/\/www.axiomams.eu\/et\/wp-json\/wp\/v2\/product_cat?post=40373"},{"taxonomy":"product_tag","embeddable":true,"href":"https:\/\/www.axiomams.eu\/et\/wp-json\/wp\/v2\/product_tag?post=40373"}],"curies":[{"name":"wp","href":"https:\/\/api.w.org\/{rel}","templated":true}]}}