{"id":40374,"date":"2025-05-15T18:04:29","date_gmt":"2025-05-15T16:04:29","guid":{"rendered":"https:\/\/www.axiomams.eu\/produktas\/rigol-mso5074-ostsilloskoop"},"modified":"2026-02-02T14:31:57","modified_gmt":"2026-02-02T12:31:57","slug":"rigol-mso5074-ostsilloskoop","status":"publish","type":"product","link":"https:\/\/www.axiomams.eu\/et\/produktas\/rigol-mso5074-ostsilloskoop","title":{"rendered":"Rigol MSO5074 ostsilloskoop"},"content":{"rendered":"<p>MSO5072 digitaalne ostsilloskoop on RIGOL UltraVision II tehnoloogial p\u00f5hinev suure j\u00f5udlusega ostsilloskoop. 9-tollise mahtuvusliku multi-touch-ekraaniga on see kompaktne ja kaasaskantav ning k\u00f5ik MSO-seeria tooted toetavad mitut kanalit, ribalaiust ja anal\u00fc\u00fcsitarkvara uuendamist. Kuna see integreerib mitme seadme mitmeid funktsioone, on erinevatel kasutajar\u00fchmadel rohkem valikuv\u00f5imalusi soovitud toote valimisel vastavalt nende vajadustele, mis aitab neil suurel m\u00e4\u00e4ral s\u00e4\u00e4sta oma eelarvet, nautides samal ajal suurep\u00e4rast testimise toetust ja kasutajakogemust.<\/p>\n<p>Standardkomplekt: MSO5074, toitejuhe, USB-kaabel, passiivsed sondid, kiirjuhend.<\/p>\n<h3>Tehniline teave:<\/h3>\n<ul>\n<li><a href=\"https:\/\/axiomams.eu\/importer\/export\/attachments\/en\/mso5000.pdf\" target=\"_blank\">MSO5000.pdf<\/a><\/li>\n<\/ul>\n","protected":false},"excerpt":{"rendered":"<p>MSO5072 digitaalne ostsilloskoop on RIGOL UltraVision II tehnoloogial p\u00f5hinev suure j\u00f5udlusega ostsilloskoop. 9-tollise mahtuvusliku multi-touch-ekraaniga on see kompaktne ja kaasaskantav ning k\u00f5ik MSO-seeria tooted toetavad mitut kanalit, ribalaiust ja anal\u00fc\u00fcsitarkvara uuendamist. Kuna see integreerib mitme seadme mitmeid funktsioone, on erinevatel kasutajar\u00fchmadel rohkem valikuv\u00f5imalusi soovitud toote valimisel vastavalt nende vajadustele, mis aitab neil suurel m\u00e4\u00e4ral s\u00e4\u00e4sta&#8230;<\/p>\n","protected":false},"featured_media":42270,"comment_status":"open","ping_status":"closed","template":"","meta":{"_acf_changed":false},"product_brand":[2082],"product_cat":[17823],"product_tag":[],"class_list":{"0":"post-40374","1":"product","2":"type-product","3":"status-publish","4":"has-post-thumbnail","6":"product_brand-rigol","7":"product_cat-generaatorid-toiteallikad-ostsillograafid-rcl-mooturid","9":"first","10":"instock","11":"taxable","12":"shipping-taxable","13":"product-type-simple"},"acf":[],"yoast_head":"<!-- This site is optimized with the Yoast SEO plugin v27.0 - https:\/\/yoast.com\/product\/yoast-seo-wordpress\/ -->\n<title>Rigol MSO5074 ostsilloskoop - AXIOMA MS<\/title>\n<meta name=\"robots\" content=\"index, follow, max-snippet:-1, max-image-preview:large, max-video-preview:-1\" \/>\n<link rel=\"canonical\" href=\"https:\/\/www.axiomams.eu\/et\/produktas\/rigol-mso5074-ostsilloskoop\" \/>\n<meta property=\"og:locale\" content=\"et_EE\" \/>\n<meta property=\"og:type\" content=\"article\" \/>\n<meta property=\"og:title\" content=\"Rigol MSO5074 ostsilloskoop - AXIOMA MS\" \/>\n<meta property=\"og:description\" content=\"MSO5072 digitaalne ostsilloskoop on RIGOL UltraVision II tehnoloogial p\u00f5hinev suure j\u00f5udlusega ostsilloskoop. 9-tollise mahtuvusliku multi-touch-ekraaniga on see kompaktne ja kaasaskantav ning k\u00f5ik MSO-seeria tooted toetavad mitut kanalit, ribalaiust ja anal\u00fc\u00fcsitarkvara uuendamist. Kuna see integreerib mitme seadme mitmeid funktsioone, on erinevatel kasutajar\u00fchmadel rohkem valikuv\u00f5imalusi soovitud toote valimisel vastavalt nende vajadustele, mis aitab neil suurel m\u00e4\u00e4ral s\u00e4\u00e4sta...\" \/>\n<meta property=\"og:url\" content=\"https:\/\/www.axiomams.eu\/et\/produktas\/rigol-mso5074-ostsilloskoop\" \/>\n<meta property=\"og:site_name\" content=\"AXIOMA MS\" \/>\n<meta property=\"article:publisher\" content=\"https:\/\/www.facebook.com\/AxiomaMS\" \/>\n<meta property=\"article:modified_time\" content=\"2026-02-02T12:31:57+00:00\" \/>\n<meta property=\"og:image\" content=\"https:\/\/www.axiomams.eu\/wp-content\/uploads\/2025\/07\/3309-4387.jpg\" \/>\n\t<meta property=\"og:image:width\" content=\"799\" \/>\n\t<meta property=\"og:image:height\" content=\"600\" \/>\n\t<meta property=\"og:image:type\" content=\"image\/jpeg\" \/>\n<meta name=\"twitter:card\" content=\"summary_large_image\" \/>\n<script type=\"application\/ld+json\" class=\"yoast-schema-graph\">{\"@context\":\"https:\/\/schema.org\",\"@graph\":[{\"@type\":\"WebPage\",\"@id\":\"https:\/\/www.axiomams.eu\/et\/produktas\/rigol-mso5074-ostsilloskoop\",\"url\":\"https:\/\/www.axiomams.eu\/et\/produktas\/rigol-mso5074-ostsilloskoop\",\"name\":\"Rigol MSO5074 ostsilloskoop - AXIOMA MS\",\"isPartOf\":{\"@id\":\"https:\/\/www.axiomams.eu\/et#website\"},\"primaryImageOfPage\":{\"@id\":\"https:\/\/www.axiomams.eu\/et\/produktas\/rigol-mso5074-ostsilloskoop#primaryimage\"},\"image\":{\"@id\":\"https:\/\/www.axiomams.eu\/et\/produktas\/rigol-mso5074-ostsilloskoop#primaryimage\"},\"thumbnailUrl\":\"https:\/\/www.axiomams.eu\/wp-content\/uploads\/2025\/07\/3309-4387.jpg\",\"datePublished\":\"2025-05-15T16:04:29+00:00\",\"dateModified\":\"2026-02-02T12:31:57+00:00\",\"breadcrumb\":{\"@id\":\"https:\/\/www.axiomams.eu\/et\/produktas\/rigol-mso5074-ostsilloskoop#breadcrumb\"},\"inLanguage\":\"et\",\"potentialAction\":[{\"@type\":\"ReadAction\",\"target\":[\"https:\/\/www.axiomams.eu\/et\/produktas\/rigol-mso5074-ostsilloskoop\"]}]},{\"@type\":\"ImageObject\",\"inLanguage\":\"et\",\"@id\":\"https:\/\/www.axiomams.eu\/et\/produktas\/rigol-mso5074-ostsilloskoop#primaryimage\",\"url\":\"https:\/\/www.axiomams.eu\/wp-content\/uploads\/2025\/07\/3309-4387.jpg\",\"contentUrl\":\"https:\/\/www.axiomams.eu\/wp-content\/uploads\/2025\/07\/3309-4387.jpg\",\"width\":799,\"height\":600},{\"@type\":\"BreadcrumbList\",\"@id\":\"https:\/\/www.axiomams.eu\/et\/produktas\/rigol-mso5074-ostsilloskoop#breadcrumb\",\"itemListElement\":[{\"@type\":\"ListItem\",\"position\":1,\"name\":\"Home\",\"item\":\"https:\/\/www.axiomams.eu\/et\"},{\"@type\":\"ListItem\",\"position\":2,\"name\":\"Tooted\",\"item\":\"https:\/\/www.axiomams.eu\/et\/tooted\"},{\"@type\":\"ListItem\",\"position\":3,\"name\":\"Rigol MSO5074 ostsilloskoop\"}]},{\"@type\":\"WebSite\",\"@id\":\"https:\/\/www.axiomams.eu\/et#website\",\"url\":\"https:\/\/www.axiomams.eu\/et\",\"name\":\"AXIOMA MS\",\"description\":\"Terrmovizoriai ir matavimo \u012franga\",\"publisher\":{\"@id\":\"https:\/\/www.axiomams.eu\/et#organization\"},\"potentialAction\":[{\"@type\":\"SearchAction\",\"target\":{\"@type\":\"EntryPoint\",\"urlTemplate\":\"https:\/\/www.axiomams.eu\/et?s={search_term_string}\"},\"query-input\":{\"@type\":\"PropertyValueSpecification\",\"valueRequired\":true,\"valueName\":\"search_term_string\"}}],\"inLanguage\":\"et\"},{\"@type\":\"Organization\",\"@id\":\"https:\/\/www.axiomams.eu\/et#organization\",\"name\":\"AXIOMA MS\",\"url\":\"https:\/\/www.axiomams.eu\/et\",\"logo\":{\"@type\":\"ImageObject\",\"inLanguage\":\"et\",\"@id\":\"https:\/\/www.axiomams.eu\/et#\/schema\/logo\/image\/\",\"url\":\"https:\/\/www.axiomams.eu\/wp-content\/uploads\/2025\/06\/axioma-logo-2.png\",\"contentUrl\":\"https:\/\/www.axiomams.eu\/wp-content\/uploads\/2025\/06\/axioma-logo-2.png\",\"width\":1200,\"height\":1200,\"caption\":\"AXIOMA MS\"},\"image\":{\"@id\":\"https:\/\/www.axiomams.eu\/et#\/schema\/logo\/image\/\"},\"sameAs\":[\"https:\/\/www.facebook.com\/AxiomaMS\",\"https:\/\/www.linkedin.com\/company\/axiomams\/\"]}]}<\/script>\n<!-- \/ Yoast SEO plugin. -->","yoast_head_json":{"title":"Rigol MSO5074 ostsilloskoop - AXIOMA MS","robots":{"index":"index","follow":"follow","max-snippet":"max-snippet:-1","max-image-preview":"max-image-preview:large","max-video-preview":"max-video-preview:-1"},"canonical":"https:\/\/www.axiomams.eu\/et\/produktas\/rigol-mso5074-ostsilloskoop","og_locale":"et_EE","og_type":"article","og_title":"Rigol MSO5074 ostsilloskoop - AXIOMA MS","og_description":"MSO5072 digitaalne ostsilloskoop on RIGOL UltraVision II tehnoloogial p\u00f5hinev suure j\u00f5udlusega ostsilloskoop. 9-tollise mahtuvusliku multi-touch-ekraaniga on see kompaktne ja kaasaskantav ning k\u00f5ik MSO-seeria tooted toetavad mitut kanalit, ribalaiust ja anal\u00fc\u00fcsitarkvara uuendamist. Kuna see integreerib mitme seadme mitmeid funktsioone, on erinevatel kasutajar\u00fchmadel rohkem valikuv\u00f5imalusi soovitud toote valimisel vastavalt nende vajadustele, mis aitab neil suurel m\u00e4\u00e4ral s\u00e4\u00e4sta...","og_url":"https:\/\/www.axiomams.eu\/et\/produktas\/rigol-mso5074-ostsilloskoop","og_site_name":"AXIOMA MS","article_publisher":"https:\/\/www.facebook.com\/AxiomaMS","article_modified_time":"2026-02-02T12:31:57+00:00","og_image":[{"width":799,"height":600,"url":"https:\/\/www.axiomams.eu\/wp-content\/uploads\/2025\/07\/3309-4387.jpg","type":"image\/jpeg"}],"twitter_card":"summary_large_image","schema":{"@context":"https:\/\/schema.org","@graph":[{"@type":"WebPage","@id":"https:\/\/www.axiomams.eu\/et\/produktas\/rigol-mso5074-ostsilloskoop","url":"https:\/\/www.axiomams.eu\/et\/produktas\/rigol-mso5074-ostsilloskoop","name":"Rigol MSO5074 ostsilloskoop - AXIOMA MS","isPartOf":{"@id":"https:\/\/www.axiomams.eu\/et#website"},"primaryImageOfPage":{"@id":"https:\/\/www.axiomams.eu\/et\/produktas\/rigol-mso5074-ostsilloskoop#primaryimage"},"image":{"@id":"https:\/\/www.axiomams.eu\/et\/produktas\/rigol-mso5074-ostsilloskoop#primaryimage"},"thumbnailUrl":"https:\/\/www.axiomams.eu\/wp-content\/uploads\/2025\/07\/3309-4387.jpg","datePublished":"2025-05-15T16:04:29+00:00","dateModified":"2026-02-02T12:31:57+00:00","breadcrumb":{"@id":"https:\/\/www.axiomams.eu\/et\/produktas\/rigol-mso5074-ostsilloskoop#breadcrumb"},"inLanguage":"et","potentialAction":[{"@type":"ReadAction","target":["https:\/\/www.axiomams.eu\/et\/produktas\/rigol-mso5074-ostsilloskoop"]}]},{"@type":"ImageObject","inLanguage":"et","@id":"https:\/\/www.axiomams.eu\/et\/produktas\/rigol-mso5074-ostsilloskoop#primaryimage","url":"https:\/\/www.axiomams.eu\/wp-content\/uploads\/2025\/07\/3309-4387.jpg","contentUrl":"https:\/\/www.axiomams.eu\/wp-content\/uploads\/2025\/07\/3309-4387.jpg","width":799,"height":600},{"@type":"BreadcrumbList","@id":"https:\/\/www.axiomams.eu\/et\/produktas\/rigol-mso5074-ostsilloskoop#breadcrumb","itemListElement":[{"@type":"ListItem","position":1,"name":"Home","item":"https:\/\/www.axiomams.eu\/et"},{"@type":"ListItem","position":2,"name":"Tooted","item":"https:\/\/www.axiomams.eu\/et\/tooted"},{"@type":"ListItem","position":3,"name":"Rigol MSO5074 ostsilloskoop"}]},{"@type":"WebSite","@id":"https:\/\/www.axiomams.eu\/et#website","url":"https:\/\/www.axiomams.eu\/et","name":"AXIOMA MS","description":"Terrmovizoriai ir matavimo \u012franga","publisher":{"@id":"https:\/\/www.axiomams.eu\/et#organization"},"potentialAction":[{"@type":"SearchAction","target":{"@type":"EntryPoint","urlTemplate":"https:\/\/www.axiomams.eu\/et?s={search_term_string}"},"query-input":{"@type":"PropertyValueSpecification","valueRequired":true,"valueName":"search_term_string"}}],"inLanguage":"et"},{"@type":"Organization","@id":"https:\/\/www.axiomams.eu\/et#organization","name":"AXIOMA MS","url":"https:\/\/www.axiomams.eu\/et","logo":{"@type":"ImageObject","inLanguage":"et","@id":"https:\/\/www.axiomams.eu\/et#\/schema\/logo\/image\/","url":"https:\/\/www.axiomams.eu\/wp-content\/uploads\/2025\/06\/axioma-logo-2.png","contentUrl":"https:\/\/www.axiomams.eu\/wp-content\/uploads\/2025\/06\/axioma-logo-2.png","width":1200,"height":1200,"caption":"AXIOMA MS"},"image":{"@id":"https:\/\/www.axiomams.eu\/et#\/schema\/logo\/image\/"},"sameAs":["https:\/\/www.facebook.com\/AxiomaMS","https:\/\/www.linkedin.com\/company\/axiomams\/"]}]}},"_links":{"self":[{"href":"https:\/\/www.axiomams.eu\/et\/wp-json\/wp\/v2\/product\/40374","targetHints":{"allow":["GET"]}}],"collection":[{"href":"https:\/\/www.axiomams.eu\/et\/wp-json\/wp\/v2\/product"}],"about":[{"href":"https:\/\/www.axiomams.eu\/et\/wp-json\/wp\/v2\/types\/product"}],"replies":[{"embeddable":true,"href":"https:\/\/www.axiomams.eu\/et\/wp-json\/wp\/v2\/comments?post=40374"}],"wp:featuredmedia":[{"embeddable":true,"href":"https:\/\/www.axiomams.eu\/et\/wp-json\/wp\/v2\/media\/42270"}],"wp:attachment":[{"href":"https:\/\/www.axiomams.eu\/et\/wp-json\/wp\/v2\/media?parent=40374"}],"wp:term":[{"taxonomy":"product_brand","embeddable":true,"href":"https:\/\/www.axiomams.eu\/et\/wp-json\/wp\/v2\/product_brand?post=40374"},{"taxonomy":"product_cat","embeddable":true,"href":"https:\/\/www.axiomams.eu\/et\/wp-json\/wp\/v2\/product_cat?post=40374"},{"taxonomy":"product_tag","embeddable":true,"href":"https:\/\/www.axiomams.eu\/et\/wp-json\/wp\/v2\/product_tag?post=40374"}],"curies":[{"name":"wp","href":"https:\/\/api.w.org\/{rel}","templated":true}]}}