{"id":40386,"date":"2025-05-15T18:04:44","date_gmt":"2025-05-15T16:04:44","guid":{"rendered":"https:\/\/www.axiomams.eu\/produktas\/norsonic-nor282-voimendi"},"modified":"2026-02-02T14:32:02","modified_gmt":"2026-02-02T12:32:02","slug":"norsonic-nor282-voimendi","status":"publish","type":"product","link":"https:\/\/www.axiomams.eu\/et\/produktas\/norsonic-nor282-voimendi","title":{"rendered":"Norsonic Nor282 v\u00f5imendi"},"content":{"rendered":"<p>Norsonic Nor282 v\u00f5imendi &#8211; spetsiaalselt hooneakustika ja ruumiakustika m\u00f5\u00f5tmiseks.<br \/>\nV\u00f5imendi tagab, et saate Norsonic&#8217;i k\u00f5larite valikust maksimaalse helir\u00f5hu taseme. Nor282 puhul oleme kaotanud vajaduse signaali- ja v\u00f5rgukaabli j\u00e4rele ning lisanud graafilise ekvalaiseri.<br \/>\nT\u00e4nu suurele v\u00e4rvin\u00e4idikule ja graafilisele ekvalaiserile on lihtne kohandada k\u00f5larite sagedusk\u00f5net ruumi vastusega, et t\u00e4ita ISO 10140-5 ja ISO 16283-1 kohaseid n\u00f5udeid k\u00f5rvuti asetsevate 1\/3 oktaavib\u00e4ndide erinevuse kohta.<\/p>\n<p>V\u00e4ljundv\u00f5imsus: >123 dB Lw, kui see on \u00fchendatud Nor283-ga.<br \/>\nN\u00e4idik: Graafiline LCD-ekraanikuvar<br \/>\nSisendtundlikkus: 1,0 Vrms<br \/>\nSisendimpedants: 47 k\u03a9 \/ 220pF<br \/>\nEkvalaiser: +6 dB &#8230; -24 dB (1 dB samm) 1\/3 oktaavisagedusala vahemikus 20 Hz kuni 20 kHz<br \/>\nM\u00fcrat\u00fc\u00fcbid: Roosa, valge, pruun, 1\/1 ja 1\/3 oktaavi BP m\u00fcra, sinus, Stipa ja v\u00e4line BNC v\u00f5i WiFi kaudu. Nor850 toetab p\u00fchitud siinust.<br \/>\nWiFi<br \/>\nT\u00f6\u00f6temperatuur: -10 \u00b0C &#8230; +35 \u00b0C<br \/>\nSissep\u00e4\u00e4sukaitse: IP20<br \/>\nM\u00f5\u00f5dud: m\u00f5\u00f5tmed: 240 x 120 x 256 mm<br \/>\nKaal: 5,1 kg<br \/>\nAku t\u00f6\u00f6aeg: 90 minutit t\u00e4isv\u00f5imsusel<\/p>\n<p>Standardkomplekt: Norsonic Nor282 v\u00f5imendi, v\u00f5rgukaabel, WiFi ja kaugantennid, kaugjuhtimispuldi k\u00e4el\u00fcliti.<\/p>\n<h3>Tehniline teave:<\/h3>\n<ul>\n<li><a href=\"https:\/\/axiomams.eu\/importer\/export\/attachments\/en\/norsonic-nor282.pdf\" target=\"_blank\">Norsonic Nor282.pdf<\/a><\/li>\n<\/ul>\n","protected":false},"excerpt":{"rendered":"<p>Norsonic Nor282 v\u00f5imendi &#8211; spetsiaalselt hooneakustika ja ruumiakustika m\u00f5\u00f5tmiseks. V\u00f5imendi tagab, et saate Norsonic&#8217;i k\u00f5larite valikust maksimaalse helir\u00f5hu taseme. Nor282 puhul oleme kaotanud vajaduse signaali- ja v\u00f5rgukaabli j\u00e4rele ning lisanud graafilise ekvalaiseri. T\u00e4nu suurele v\u00e4rvin\u00e4idikule ja graafilisele ekvalaiserile on lihtne kohandada k\u00f5larite sagedusk\u00f5net ruumi vastusega, et t\u00e4ita ISO 10140-5 ja ISO 16283-1 kohaseid n\u00f5udeid k\u00f5rvuti&#8230;<\/p>\n","protected":false},"featured_media":42296,"comment_status":"open","ping_status":"closed","template":"","meta":{"_acf_changed":false},"product_brand":[741],"product_cat":[17788],"product_tag":[],"class_list":{"0":"post-40386","1":"product","2":"type-product","3":"status-publish","4":"has-post-thumbnail","6":"product_brand-norsonic","7":"product_cat-valgustatuse-mura-ohuvoolu-mootmiseks","9":"first","10":"instock","11":"taxable","12":"shipping-taxable","13":"product-type-simple"},"acf":[],"yoast_head":"<!-- This site is optimized with the Yoast SEO plugin v27.0 - https:\/\/yoast.com\/product\/yoast-seo-wordpress\/ -->\n<title>Norsonic Nor282 v\u00f5imendi - AXIOMA MS<\/title>\n<meta name=\"robots\" content=\"index, follow, max-snippet:-1, max-image-preview:large, max-video-preview:-1\" \/>\n<link rel=\"canonical\" href=\"https:\/\/www.axiomams.eu\/et\/produktas\/norsonic-nor282-voimendi\" \/>\n<meta property=\"og:locale\" content=\"et_EE\" \/>\n<meta property=\"og:type\" content=\"article\" \/>\n<meta property=\"og:title\" content=\"Norsonic Nor282 v\u00f5imendi - AXIOMA MS\" \/>\n<meta property=\"og:description\" content=\"Norsonic Nor282 v\u00f5imendi &#8211; spetsiaalselt hooneakustika ja ruumiakustika m\u00f5\u00f5tmiseks. V\u00f5imendi tagab, et saate Norsonic&#8217;i k\u00f5larite valikust maksimaalse helir\u00f5hu taseme. Nor282 puhul oleme kaotanud vajaduse signaali- ja v\u00f5rgukaabli j\u00e4rele ning lisanud graafilise ekvalaiseri. T\u00e4nu suurele v\u00e4rvin\u00e4idikule ja graafilisele ekvalaiserile on lihtne kohandada k\u00f5larite sagedusk\u00f5net ruumi vastusega, et t\u00e4ita ISO 10140-5 ja ISO 16283-1 kohaseid n\u00f5udeid k\u00f5rvuti...\" \/>\n<meta property=\"og:url\" content=\"https:\/\/www.axiomams.eu\/et\/produktas\/norsonic-nor282-voimendi\" \/>\n<meta property=\"og:site_name\" content=\"AXIOMA MS\" \/>\n<meta property=\"article:publisher\" content=\"https:\/\/www.facebook.com\/AxiomaMS\" \/>\n<meta property=\"article:modified_time\" content=\"2026-02-02T12:32:02+00:00\" \/>\n<meta property=\"og:image\" content=\"https:\/\/www.axiomams.eu\/wp-content\/uploads\/2025\/07\/3531-4777.jpg\" \/>\n\t<meta property=\"og:image:width\" content=\"719\" \/>\n\t<meta property=\"og:image:height\" content=\"719\" \/>\n\t<meta property=\"og:image:type\" content=\"image\/jpeg\" \/>\n<meta name=\"twitter:card\" content=\"summary_large_image\" \/>\n<meta name=\"twitter:label1\" content=\"Est. reading time\" \/>\n\t<meta name=\"twitter:data1\" content=\"1 minut\" \/>\n<script type=\"application\/ld+json\" class=\"yoast-schema-graph\">{\"@context\":\"https:\/\/schema.org\",\"@graph\":[{\"@type\":\"WebPage\",\"@id\":\"https:\/\/www.axiomams.eu\/et\/produktas\/norsonic-nor282-voimendi\",\"url\":\"https:\/\/www.axiomams.eu\/et\/produktas\/norsonic-nor282-voimendi\",\"name\":\"Norsonic Nor282 v\u00f5imendi - AXIOMA MS\",\"isPartOf\":{\"@id\":\"https:\/\/www.axiomams.eu\/et#website\"},\"primaryImageOfPage\":{\"@id\":\"https:\/\/www.axiomams.eu\/et\/produktas\/norsonic-nor282-voimendi#primaryimage\"},\"image\":{\"@id\":\"https:\/\/www.axiomams.eu\/et\/produktas\/norsonic-nor282-voimendi#primaryimage\"},\"thumbnailUrl\":\"https:\/\/www.axiomams.eu\/wp-content\/uploads\/2025\/07\/3531-4777.jpg\",\"datePublished\":\"2025-05-15T16:04:44+00:00\",\"dateModified\":\"2026-02-02T12:32:02+00:00\",\"breadcrumb\":{\"@id\":\"https:\/\/www.axiomams.eu\/et\/produktas\/norsonic-nor282-voimendi#breadcrumb\"},\"inLanguage\":\"et\",\"potentialAction\":[{\"@type\":\"ReadAction\",\"target\":[\"https:\/\/www.axiomams.eu\/et\/produktas\/norsonic-nor282-voimendi\"]}]},{\"@type\":\"ImageObject\",\"inLanguage\":\"et\",\"@id\":\"https:\/\/www.axiomams.eu\/et\/produktas\/norsonic-nor282-voimendi#primaryimage\",\"url\":\"https:\/\/www.axiomams.eu\/wp-content\/uploads\/2025\/07\/3531-4777.jpg\",\"contentUrl\":\"https:\/\/www.axiomams.eu\/wp-content\/uploads\/2025\/07\/3531-4777.jpg\",\"width\":719,\"height\":719},{\"@type\":\"BreadcrumbList\",\"@id\":\"https:\/\/www.axiomams.eu\/et\/produktas\/norsonic-nor282-voimendi#breadcrumb\",\"itemListElement\":[{\"@type\":\"ListItem\",\"position\":1,\"name\":\"Home\",\"item\":\"https:\/\/www.axiomams.eu\/et\"},{\"@type\":\"ListItem\",\"position\":2,\"name\":\"Tooted\",\"item\":\"https:\/\/www.axiomams.eu\/et\/tooted\"},{\"@type\":\"ListItem\",\"position\":3,\"name\":\"Norsonic Nor282 v\u00f5imendi\"}]},{\"@type\":\"WebSite\",\"@id\":\"https:\/\/www.axiomams.eu\/et#website\",\"url\":\"https:\/\/www.axiomams.eu\/et\",\"name\":\"AXIOMA MS\",\"description\":\"Terrmovizoriai ir matavimo \u012franga\",\"publisher\":{\"@id\":\"https:\/\/www.axiomams.eu\/et#organization\"},\"potentialAction\":[{\"@type\":\"SearchAction\",\"target\":{\"@type\":\"EntryPoint\",\"urlTemplate\":\"https:\/\/www.axiomams.eu\/et?s={search_term_string}\"},\"query-input\":{\"@type\":\"PropertyValueSpecification\",\"valueRequired\":true,\"valueName\":\"search_term_string\"}}],\"inLanguage\":\"et\"},{\"@type\":\"Organization\",\"@id\":\"https:\/\/www.axiomams.eu\/et#organization\",\"name\":\"AXIOMA MS\",\"url\":\"https:\/\/www.axiomams.eu\/et\",\"logo\":{\"@type\":\"ImageObject\",\"inLanguage\":\"et\",\"@id\":\"https:\/\/www.axiomams.eu\/et#\/schema\/logo\/image\/\",\"url\":\"https:\/\/www.axiomams.eu\/wp-content\/uploads\/2025\/06\/axioma-logo-2.png\",\"contentUrl\":\"https:\/\/www.axiomams.eu\/wp-content\/uploads\/2025\/06\/axioma-logo-2.png\",\"width\":1200,\"height\":1200,\"caption\":\"AXIOMA MS\"},\"image\":{\"@id\":\"https:\/\/www.axiomams.eu\/et#\/schema\/logo\/image\/\"},\"sameAs\":[\"https:\/\/www.facebook.com\/AxiomaMS\",\"https:\/\/www.linkedin.com\/company\/axiomams\/\"]}]}<\/script>\n<!-- \/ Yoast SEO plugin. -->","yoast_head_json":{"title":"Norsonic Nor282 v\u00f5imendi - AXIOMA MS","robots":{"index":"index","follow":"follow","max-snippet":"max-snippet:-1","max-image-preview":"max-image-preview:large","max-video-preview":"max-video-preview:-1"},"canonical":"https:\/\/www.axiomams.eu\/et\/produktas\/norsonic-nor282-voimendi","og_locale":"et_EE","og_type":"article","og_title":"Norsonic Nor282 v\u00f5imendi - AXIOMA MS","og_description":"Norsonic Nor282 v\u00f5imendi &#8211; spetsiaalselt hooneakustika ja ruumiakustika m\u00f5\u00f5tmiseks. V\u00f5imendi tagab, et saate Norsonic&#8217;i k\u00f5larite valikust maksimaalse helir\u00f5hu taseme. Nor282 puhul oleme kaotanud vajaduse signaali- ja v\u00f5rgukaabli j\u00e4rele ning lisanud graafilise ekvalaiseri. T\u00e4nu suurele v\u00e4rvin\u00e4idikule ja graafilisele ekvalaiserile on lihtne kohandada k\u00f5larite sagedusk\u00f5net ruumi vastusega, et t\u00e4ita ISO 10140-5 ja ISO 16283-1 kohaseid n\u00f5udeid k\u00f5rvuti...","og_url":"https:\/\/www.axiomams.eu\/et\/produktas\/norsonic-nor282-voimendi","og_site_name":"AXIOMA MS","article_publisher":"https:\/\/www.facebook.com\/AxiomaMS","article_modified_time":"2026-02-02T12:32:02+00:00","og_image":[{"width":719,"height":719,"url":"https:\/\/www.axiomams.eu\/wp-content\/uploads\/2025\/07\/3531-4777.jpg","type":"image\/jpeg"}],"twitter_card":"summary_large_image","twitter_misc":{"Est. reading time":"1 minut"},"schema":{"@context":"https:\/\/schema.org","@graph":[{"@type":"WebPage","@id":"https:\/\/www.axiomams.eu\/et\/produktas\/norsonic-nor282-voimendi","url":"https:\/\/www.axiomams.eu\/et\/produktas\/norsonic-nor282-voimendi","name":"Norsonic Nor282 v\u00f5imendi - AXIOMA MS","isPartOf":{"@id":"https:\/\/www.axiomams.eu\/et#website"},"primaryImageOfPage":{"@id":"https:\/\/www.axiomams.eu\/et\/produktas\/norsonic-nor282-voimendi#primaryimage"},"image":{"@id":"https:\/\/www.axiomams.eu\/et\/produktas\/norsonic-nor282-voimendi#primaryimage"},"thumbnailUrl":"https:\/\/www.axiomams.eu\/wp-content\/uploads\/2025\/07\/3531-4777.jpg","datePublished":"2025-05-15T16:04:44+00:00","dateModified":"2026-02-02T12:32:02+00:00","breadcrumb":{"@id":"https:\/\/www.axiomams.eu\/et\/produktas\/norsonic-nor282-voimendi#breadcrumb"},"inLanguage":"et","potentialAction":[{"@type":"ReadAction","target":["https:\/\/www.axiomams.eu\/et\/produktas\/norsonic-nor282-voimendi"]}]},{"@type":"ImageObject","inLanguage":"et","@id":"https:\/\/www.axiomams.eu\/et\/produktas\/norsonic-nor282-voimendi#primaryimage","url":"https:\/\/www.axiomams.eu\/wp-content\/uploads\/2025\/07\/3531-4777.jpg","contentUrl":"https:\/\/www.axiomams.eu\/wp-content\/uploads\/2025\/07\/3531-4777.jpg","width":719,"height":719},{"@type":"BreadcrumbList","@id":"https:\/\/www.axiomams.eu\/et\/produktas\/norsonic-nor282-voimendi#breadcrumb","itemListElement":[{"@type":"ListItem","position":1,"name":"Home","item":"https:\/\/www.axiomams.eu\/et"},{"@type":"ListItem","position":2,"name":"Tooted","item":"https:\/\/www.axiomams.eu\/et\/tooted"},{"@type":"ListItem","position":3,"name":"Norsonic Nor282 v\u00f5imendi"}]},{"@type":"WebSite","@id":"https:\/\/www.axiomams.eu\/et#website","url":"https:\/\/www.axiomams.eu\/et","name":"AXIOMA MS","description":"Terrmovizoriai ir matavimo \u012franga","publisher":{"@id":"https:\/\/www.axiomams.eu\/et#organization"},"potentialAction":[{"@type":"SearchAction","target":{"@type":"EntryPoint","urlTemplate":"https:\/\/www.axiomams.eu\/et?s={search_term_string}"},"query-input":{"@type":"PropertyValueSpecification","valueRequired":true,"valueName":"search_term_string"}}],"inLanguage":"et"},{"@type":"Organization","@id":"https:\/\/www.axiomams.eu\/et#organization","name":"AXIOMA MS","url":"https:\/\/www.axiomams.eu\/et","logo":{"@type":"ImageObject","inLanguage":"et","@id":"https:\/\/www.axiomams.eu\/et#\/schema\/logo\/image\/","url":"https:\/\/www.axiomams.eu\/wp-content\/uploads\/2025\/06\/axioma-logo-2.png","contentUrl":"https:\/\/www.axiomams.eu\/wp-content\/uploads\/2025\/06\/axioma-logo-2.png","width":1200,"height":1200,"caption":"AXIOMA MS"},"image":{"@id":"https:\/\/www.axiomams.eu\/et#\/schema\/logo\/image\/"},"sameAs":["https:\/\/www.facebook.com\/AxiomaMS","https:\/\/www.linkedin.com\/company\/axiomams\/"]}]}},"_links":{"self":[{"href":"https:\/\/www.axiomams.eu\/et\/wp-json\/wp\/v2\/product\/40386","targetHints":{"allow":["GET"]}}],"collection":[{"href":"https:\/\/www.axiomams.eu\/et\/wp-json\/wp\/v2\/product"}],"about":[{"href":"https:\/\/www.axiomams.eu\/et\/wp-json\/wp\/v2\/types\/product"}],"replies":[{"embeddable":true,"href":"https:\/\/www.axiomams.eu\/et\/wp-json\/wp\/v2\/comments?post=40386"}],"wp:featuredmedia":[{"embeddable":true,"href":"https:\/\/www.axiomams.eu\/et\/wp-json\/wp\/v2\/media\/42296"}],"wp:attachment":[{"href":"https:\/\/www.axiomams.eu\/et\/wp-json\/wp\/v2\/media?parent=40386"}],"wp:term":[{"taxonomy":"product_brand","embeddable":true,"href":"https:\/\/www.axiomams.eu\/et\/wp-json\/wp\/v2\/product_brand?post=40386"},{"taxonomy":"product_cat","embeddable":true,"href":"https:\/\/www.axiomams.eu\/et\/wp-json\/wp\/v2\/product_cat?post=40386"},{"taxonomy":"product_tag","embeddable":true,"href":"https:\/\/www.axiomams.eu\/et\/wp-json\/wp\/v2\/product_tag?post=40386"}],"curies":[{"name":"wp","href":"https:\/\/api.w.org\/{rel}","templated":true}]}}