{"id":40388,"date":"2025-05-15T18:04:46","date_gmt":"2025-05-15T16:04:46","guid":{"rendered":"https:\/\/www.axiomams.eu\/produktas\/fixturlaser-nxa-pro-volli-joondamise-tooriist"},"modified":"2026-02-02T14:32:02","modified_gmt":"2026-02-02T12:32:02","slug":"fixturlaser-nxa-pro-volli-joondamise-tooriist","status":"publish","type":"product","link":"https:\/\/www.axiomams.eu\/et\/produktas\/fixturlaser-nxa-pro-volli-joondamise-tooriist","title":{"rendered":"Fixturlaser NXA Pro v\u00f5lli joondamise t\u00f6\u00f6riist"},"content":{"rendered":"<p>Fixturlaser NXA Pro &#8211; revolutsioon v\u00f5lli joondamises ja ka revolutsioon kasutatavuses Fixturlaser NXA Pro &#8211; digitaalne laseril p\u00f5hinev v\u00f5lli joondamise s\u00fcsteem! Fixturlaser NXA Pro eesm\u00e4rk on pakkuda kasutajale kiiret ja lihtsat t\u00f6\u00f6d, samuti juurdep\u00e4\u00e4su t\u00e4iustatud funktsioonidele ja v\u00f5imalustele, nagu OmniView ja VertiZontal Moves, ning t\u00f5en\u00e4oliselt parimale energiajuhtimiss\u00fcsteemile turul.<\/p>\n<p>Fixturlaser NXA Pro s\u00fcsteem<br \/>\nKaal koos k\u00f5igi standardosadega: 7,7 kg.<br \/>\nM\u00f5\u00f5dud: 415 x 325 x 180 mm<\/p>\n<p>Ekraan\u00fcksus<br \/>\nKaal: 1,2 kg koos akuga<br \/>\nM\u00f5\u00f5tmed: 224 x 158 x 49 mm<br \/>\nKeskkonnakaitse: IP 65 (tolmukindel ja kaitstud veejoa eest)<br \/>\nEkraani suurus: 6,5&#8243; diagonaal (133 x 100 mm)<br \/>\nG\u00fcroskoop: 6-teljeline MEMS inertsiaalne liikumisandur koos driftkompensatsiooniga ja automaatse v\u00e4ljakalibreerimisega.<br \/>\nT\u00f6\u00f6aeg: 10 tundi pidevat kasutamist (50% LCD taustavalgusega).<br \/>\nAku laadimisaeg (s\u00fcsteem v\u00e4lja l\u00fclitatud, toatemperatuuril): 1 tund laadimist &#8211; 6 tundi t\u00f6\u00f6aega<\/p>\n<p>TD-\u00fcksused<br \/>\nKaal: 192 g.<br \/>\nM\u00f5\u00f5dud: 92 x 77 x 33 mm<br \/>\nKeskkonnakaitse: IP 65 (tolmukindel ja kaitstud veejoa eest).<br \/>\nM\u00f5\u00f5tmiskaugus: Kuni 10 m<br \/>\nDetektor: 2. p\u00f5lvkonna Ultra HD CCD-detektor<br \/>\nDetektori pikkus: 30 mm<br \/>\nDetektori eraldusv\u00f5ime: 1,5 mm: 1 \u03bcm<br \/>\nM\u00f5\u00f5tmist\u00e4psus: 0,3% \u00b1 7 \u03bcm<br \/>\nG\u00fcroskoop: 6-teljeline MEMS inertsiaalne liikumisandur koos driftkompensatsiooni ja automaatse v\u00e4ljakalibreerimisega.<br \/>\nT\u00f6\u00f6aeg: 17 tundi pidevat kasutamist (m\u00f5\u00f5tmine)<\/p>\n<p>V\u00f5llihoidikud<br \/>\nV\u00f5lli l\u00e4bim\u00f5\u00f5t: \u00d8 25 mm &#8230; 175 mm; pikendusahelaga \u00d8 25 mm &#8230; 450 mm<br \/>\nVardad: 4 tk 85 mm ja 4 tk 160 mm (pikendatav kuni 245 mm)<\/p>\n<p>Standardkomplekt: N\u00e4idik, Fixturlaser M3, Fixturlaser S3, 2 tk komplektne V-kinnitus, pikenduskaabel, USB-kaabel A-mini, toiteallikas, USB-pulk, 2 tk nurgapealne universaalne t\u00f6\u00f6riist, 2 tk magnetiline V-kinnitus, magnetiline alus, kett 8 mm 60 l\u00fcli L=970 mm, varraste komplekt, pikendusrakendused, m\u00f5\u00f5dulint 5 m.<\/p>\n<h3>Tehniline teave:<\/h3>\n<ul>\n<li><a href=\"https:\/\/axiomams.eu\/importer\/export\/attachments\/en\/fixturlaser-nxa-pro.pdf\" target=\"_blank\">Fixturlaser NXA Pro.pdf<\/a><\/li>\n<\/ul>\n","protected":false},"excerpt":{"rendered":"<p>Fixturlaser NXA Pro &#8211; revolutsioon v\u00f5lli joondamises ja ka revolutsioon kasutatavuses Fixturlaser NXA Pro &#8211; digitaalne laseril p\u00f5hinev v\u00f5lli joondamise s\u00fcsteem! Fixturlaser NXA Pro eesm\u00e4rk on pakkuda kasutajale kiiret ja lihtsat t\u00f6\u00f6d, samuti juurdep\u00e4\u00e4su t\u00e4iustatud funktsioonidele ja v\u00f5imalustele, nagu OmniView ja VertiZontal Moves, ning t\u00f5en\u00e4oliselt parimale energiajuhtimiss\u00fcsteemile turul. Fixturlaser NXA Pro s\u00fcsteem Kaal koos k\u00f5igi&#8230;<\/p>\n","protected":false},"featured_media":42300,"comment_status":"open","ping_status":"closed","template":"","meta":{"_acf_changed":false},"product_brand":[17686],"product_cat":[17831],"product_tag":[],"class_list":{"0":"post-40388","1":"product","2":"type-product","3":"status-publish","4":"has-post-thumbnail","6":"product_brand-fixturlaser","7":"product_cat-tsentreerimissolmede-ja-rihmavollide-tsentreerimiseks","9":"first","10":"instock","11":"taxable","12":"shipping-taxable","13":"product-type-simple"},"acf":[],"yoast_head":"<!-- This site is optimized with the Yoast SEO plugin v27.0 - https:\/\/yoast.com\/product\/yoast-seo-wordpress\/ -->\n<title>Fixturlaser NXA Pro v\u00f5lli joondamise t\u00f6\u00f6riist - AXIOMA MS<\/title>\n<meta name=\"robots\" content=\"index, follow, max-snippet:-1, max-image-preview:large, max-video-preview:-1\" \/>\n<link rel=\"canonical\" href=\"https:\/\/www.axiomams.eu\/et\/produktas\/fixturlaser-nxa-pro-volli-joondamise-tooriist\" \/>\n<meta property=\"og:locale\" content=\"et_EE\" \/>\n<meta property=\"og:type\" content=\"article\" \/>\n<meta property=\"og:title\" content=\"Fixturlaser NXA Pro v\u00f5lli joondamise t\u00f6\u00f6riist - AXIOMA MS\" \/>\n<meta property=\"og:description\" content=\"Fixturlaser NXA Pro &#8211; revolutsioon v\u00f5lli joondamises ja ka revolutsioon kasutatavuses Fixturlaser NXA Pro &#8211; digitaalne laseril p\u00f5hinev v\u00f5lli joondamise s\u00fcsteem! Fixturlaser NXA Pro eesm\u00e4rk on pakkuda kasutajale kiiret ja lihtsat t\u00f6\u00f6d, samuti juurdep\u00e4\u00e4su t\u00e4iustatud funktsioonidele ja v\u00f5imalustele, nagu OmniView ja VertiZontal Moves, ning t\u00f5en\u00e4oliselt parimale energiajuhtimiss\u00fcsteemile turul. Fixturlaser NXA Pro s\u00fcsteem Kaal koos k\u00f5igi...\" \/>\n<meta property=\"og:url\" content=\"https:\/\/www.axiomams.eu\/et\/produktas\/fixturlaser-nxa-pro-volli-joondamise-tooriist\" \/>\n<meta property=\"og:site_name\" content=\"AXIOMA MS\" \/>\n<meta property=\"article:publisher\" content=\"https:\/\/www.facebook.com\/AxiomaMS\" \/>\n<meta property=\"article:modified_time\" content=\"2026-02-02T12:32:02+00:00\" \/>\n<meta property=\"og:image\" content=\"https:\/\/www.axiomams.eu\/wp-content\/uploads\/2025\/07\/2523-3249.jpg\" \/>\n\t<meta property=\"og:image:width\" content=\"300\" \/>\n\t<meta property=\"og:image:height\" content=\"273\" \/>\n\t<meta property=\"og:image:type\" content=\"image\/jpeg\" \/>\n<meta name=\"twitter:card\" content=\"summary_large_image\" \/>\n<meta name=\"twitter:label1\" content=\"Est. reading time\" \/>\n\t<meta name=\"twitter:data1\" content=\"1 minut\" \/>\n<script type=\"application\/ld+json\" class=\"yoast-schema-graph\">{\"@context\":\"https:\/\/schema.org\",\"@graph\":[{\"@type\":\"WebPage\",\"@id\":\"https:\/\/www.axiomams.eu\/et\/produktas\/fixturlaser-nxa-pro-volli-joondamise-tooriist\",\"url\":\"https:\/\/www.axiomams.eu\/et\/produktas\/fixturlaser-nxa-pro-volli-joondamise-tooriist\",\"name\":\"Fixturlaser NXA Pro v\u00f5lli joondamise t\u00f6\u00f6riist - AXIOMA MS\",\"isPartOf\":{\"@id\":\"https:\/\/www.axiomams.eu\/et#website\"},\"primaryImageOfPage\":{\"@id\":\"https:\/\/www.axiomams.eu\/et\/produktas\/fixturlaser-nxa-pro-volli-joondamise-tooriist#primaryimage\"},\"image\":{\"@id\":\"https:\/\/www.axiomams.eu\/et\/produktas\/fixturlaser-nxa-pro-volli-joondamise-tooriist#primaryimage\"},\"thumbnailUrl\":\"https:\/\/www.axiomams.eu\/wp-content\/uploads\/2025\/07\/2523-3249.jpg\",\"datePublished\":\"2025-05-15T16:04:46+00:00\",\"dateModified\":\"2026-02-02T12:32:02+00:00\",\"breadcrumb\":{\"@id\":\"https:\/\/www.axiomams.eu\/et\/produktas\/fixturlaser-nxa-pro-volli-joondamise-tooriist#breadcrumb\"},\"inLanguage\":\"et\",\"potentialAction\":[{\"@type\":\"ReadAction\",\"target\":[\"https:\/\/www.axiomams.eu\/et\/produktas\/fixturlaser-nxa-pro-volli-joondamise-tooriist\"]}]},{\"@type\":\"ImageObject\",\"inLanguage\":\"et\",\"@id\":\"https:\/\/www.axiomams.eu\/et\/produktas\/fixturlaser-nxa-pro-volli-joondamise-tooriist#primaryimage\",\"url\":\"https:\/\/www.axiomams.eu\/wp-content\/uploads\/2025\/07\/2523-3249.jpg\",\"contentUrl\":\"https:\/\/www.axiomams.eu\/wp-content\/uploads\/2025\/07\/2523-3249.jpg\",\"width\":300,\"height\":273},{\"@type\":\"BreadcrumbList\",\"@id\":\"https:\/\/www.axiomams.eu\/et\/produktas\/fixturlaser-nxa-pro-volli-joondamise-tooriist#breadcrumb\",\"itemListElement\":[{\"@type\":\"ListItem\",\"position\":1,\"name\":\"Home\",\"item\":\"https:\/\/www.axiomams.eu\/et\"},{\"@type\":\"ListItem\",\"position\":2,\"name\":\"Tooted\",\"item\":\"https:\/\/www.axiomams.eu\/et\/tooted\"},{\"@type\":\"ListItem\",\"position\":3,\"name\":\"Fixturlaser NXA Pro v\u00f5lli joondamise t\u00f6\u00f6riist\"}]},{\"@type\":\"WebSite\",\"@id\":\"https:\/\/www.axiomams.eu\/et#website\",\"url\":\"https:\/\/www.axiomams.eu\/et\",\"name\":\"AXIOMA MS\",\"description\":\"Terrmovizoriai ir matavimo \u012franga\",\"publisher\":{\"@id\":\"https:\/\/www.axiomams.eu\/et#organization\"},\"potentialAction\":[{\"@type\":\"SearchAction\",\"target\":{\"@type\":\"EntryPoint\",\"urlTemplate\":\"https:\/\/www.axiomams.eu\/et?s={search_term_string}\"},\"query-input\":{\"@type\":\"PropertyValueSpecification\",\"valueRequired\":true,\"valueName\":\"search_term_string\"}}],\"inLanguage\":\"et\"},{\"@type\":\"Organization\",\"@id\":\"https:\/\/www.axiomams.eu\/et#organization\",\"name\":\"AXIOMA MS\",\"url\":\"https:\/\/www.axiomams.eu\/et\",\"logo\":{\"@type\":\"ImageObject\",\"inLanguage\":\"et\",\"@id\":\"https:\/\/www.axiomams.eu\/et#\/schema\/logo\/image\/\",\"url\":\"https:\/\/www.axiomams.eu\/wp-content\/uploads\/2025\/06\/axioma-logo-2.png\",\"contentUrl\":\"https:\/\/www.axiomams.eu\/wp-content\/uploads\/2025\/06\/axioma-logo-2.png\",\"width\":1200,\"height\":1200,\"caption\":\"AXIOMA MS\"},\"image\":{\"@id\":\"https:\/\/www.axiomams.eu\/et#\/schema\/logo\/image\/\"},\"sameAs\":[\"https:\/\/www.facebook.com\/AxiomaMS\",\"https:\/\/www.linkedin.com\/company\/axiomams\/\"]}]}<\/script>\n<!-- \/ Yoast SEO plugin. -->","yoast_head_json":{"title":"Fixturlaser NXA Pro v\u00f5lli joondamise t\u00f6\u00f6riist - AXIOMA MS","robots":{"index":"index","follow":"follow","max-snippet":"max-snippet:-1","max-image-preview":"max-image-preview:large","max-video-preview":"max-video-preview:-1"},"canonical":"https:\/\/www.axiomams.eu\/et\/produktas\/fixturlaser-nxa-pro-volli-joondamise-tooriist","og_locale":"et_EE","og_type":"article","og_title":"Fixturlaser NXA Pro v\u00f5lli joondamise t\u00f6\u00f6riist - AXIOMA MS","og_description":"Fixturlaser NXA Pro &#8211; revolutsioon v\u00f5lli joondamises ja ka revolutsioon kasutatavuses Fixturlaser NXA Pro &#8211; digitaalne laseril p\u00f5hinev v\u00f5lli joondamise s\u00fcsteem! Fixturlaser NXA Pro eesm\u00e4rk on pakkuda kasutajale kiiret ja lihtsat t\u00f6\u00f6d, samuti juurdep\u00e4\u00e4su t\u00e4iustatud funktsioonidele ja v\u00f5imalustele, nagu OmniView ja VertiZontal Moves, ning t\u00f5en\u00e4oliselt parimale energiajuhtimiss\u00fcsteemile turul. Fixturlaser NXA Pro s\u00fcsteem Kaal koos k\u00f5igi...","og_url":"https:\/\/www.axiomams.eu\/et\/produktas\/fixturlaser-nxa-pro-volli-joondamise-tooriist","og_site_name":"AXIOMA MS","article_publisher":"https:\/\/www.facebook.com\/AxiomaMS","article_modified_time":"2026-02-02T12:32:02+00:00","og_image":[{"width":300,"height":273,"url":"https:\/\/www.axiomams.eu\/wp-content\/uploads\/2025\/07\/2523-3249.jpg","type":"image\/jpeg"}],"twitter_card":"summary_large_image","twitter_misc":{"Est. reading time":"1 minut"},"schema":{"@context":"https:\/\/schema.org","@graph":[{"@type":"WebPage","@id":"https:\/\/www.axiomams.eu\/et\/produktas\/fixturlaser-nxa-pro-volli-joondamise-tooriist","url":"https:\/\/www.axiomams.eu\/et\/produktas\/fixturlaser-nxa-pro-volli-joondamise-tooriist","name":"Fixturlaser NXA Pro v\u00f5lli joondamise t\u00f6\u00f6riist - AXIOMA MS","isPartOf":{"@id":"https:\/\/www.axiomams.eu\/et#website"},"primaryImageOfPage":{"@id":"https:\/\/www.axiomams.eu\/et\/produktas\/fixturlaser-nxa-pro-volli-joondamise-tooriist#primaryimage"},"image":{"@id":"https:\/\/www.axiomams.eu\/et\/produktas\/fixturlaser-nxa-pro-volli-joondamise-tooriist#primaryimage"},"thumbnailUrl":"https:\/\/www.axiomams.eu\/wp-content\/uploads\/2025\/07\/2523-3249.jpg","datePublished":"2025-05-15T16:04:46+00:00","dateModified":"2026-02-02T12:32:02+00:00","breadcrumb":{"@id":"https:\/\/www.axiomams.eu\/et\/produktas\/fixturlaser-nxa-pro-volli-joondamise-tooriist#breadcrumb"},"inLanguage":"et","potentialAction":[{"@type":"ReadAction","target":["https:\/\/www.axiomams.eu\/et\/produktas\/fixturlaser-nxa-pro-volli-joondamise-tooriist"]}]},{"@type":"ImageObject","inLanguage":"et","@id":"https:\/\/www.axiomams.eu\/et\/produktas\/fixturlaser-nxa-pro-volli-joondamise-tooriist#primaryimage","url":"https:\/\/www.axiomams.eu\/wp-content\/uploads\/2025\/07\/2523-3249.jpg","contentUrl":"https:\/\/www.axiomams.eu\/wp-content\/uploads\/2025\/07\/2523-3249.jpg","width":300,"height":273},{"@type":"BreadcrumbList","@id":"https:\/\/www.axiomams.eu\/et\/produktas\/fixturlaser-nxa-pro-volli-joondamise-tooriist#breadcrumb","itemListElement":[{"@type":"ListItem","position":1,"name":"Home","item":"https:\/\/www.axiomams.eu\/et"},{"@type":"ListItem","position":2,"name":"Tooted","item":"https:\/\/www.axiomams.eu\/et\/tooted"},{"@type":"ListItem","position":3,"name":"Fixturlaser NXA Pro v\u00f5lli joondamise t\u00f6\u00f6riist"}]},{"@type":"WebSite","@id":"https:\/\/www.axiomams.eu\/et#website","url":"https:\/\/www.axiomams.eu\/et","name":"AXIOMA MS","description":"Terrmovizoriai ir matavimo \u012franga","publisher":{"@id":"https:\/\/www.axiomams.eu\/et#organization"},"potentialAction":[{"@type":"SearchAction","target":{"@type":"EntryPoint","urlTemplate":"https:\/\/www.axiomams.eu\/et?s={search_term_string}"},"query-input":{"@type":"PropertyValueSpecification","valueRequired":true,"valueName":"search_term_string"}}],"inLanguage":"et"},{"@type":"Organization","@id":"https:\/\/www.axiomams.eu\/et#organization","name":"AXIOMA MS","url":"https:\/\/www.axiomams.eu\/et","logo":{"@type":"ImageObject","inLanguage":"et","@id":"https:\/\/www.axiomams.eu\/et#\/schema\/logo\/image\/","url":"https:\/\/www.axiomams.eu\/wp-content\/uploads\/2025\/06\/axioma-logo-2.png","contentUrl":"https:\/\/www.axiomams.eu\/wp-content\/uploads\/2025\/06\/axioma-logo-2.png","width":1200,"height":1200,"caption":"AXIOMA MS"},"image":{"@id":"https:\/\/www.axiomams.eu\/et#\/schema\/logo\/image\/"},"sameAs":["https:\/\/www.facebook.com\/AxiomaMS","https:\/\/www.linkedin.com\/company\/axiomams\/"]}]}},"_links":{"self":[{"href":"https:\/\/www.axiomams.eu\/et\/wp-json\/wp\/v2\/product\/40388","targetHints":{"allow":["GET"]}}],"collection":[{"href":"https:\/\/www.axiomams.eu\/et\/wp-json\/wp\/v2\/product"}],"about":[{"href":"https:\/\/www.axiomams.eu\/et\/wp-json\/wp\/v2\/types\/product"}],"replies":[{"embeddable":true,"href":"https:\/\/www.axiomams.eu\/et\/wp-json\/wp\/v2\/comments?post=40388"}],"wp:featuredmedia":[{"embeddable":true,"href":"https:\/\/www.axiomams.eu\/et\/wp-json\/wp\/v2\/media\/42300"}],"wp:attachment":[{"href":"https:\/\/www.axiomams.eu\/et\/wp-json\/wp\/v2\/media?parent=40388"}],"wp:term":[{"taxonomy":"product_brand","embeddable":true,"href":"https:\/\/www.axiomams.eu\/et\/wp-json\/wp\/v2\/product_brand?post=40388"},{"taxonomy":"product_cat","embeddable":true,"href":"https:\/\/www.axiomams.eu\/et\/wp-json\/wp\/v2\/product_cat?post=40388"},{"taxonomy":"product_tag","embeddable":true,"href":"https:\/\/www.axiomams.eu\/et\/wp-json\/wp\/v2\/product_tag?post=40388"}],"curies":[{"name":"wp","href":"https:\/\/api.w.org\/{rel}","templated":true}]}}