{"id":40389,"date":"2025-05-15T18:04:49","date_gmt":"2025-05-15T16:04:49","guid":{"rendered":"https:\/\/www.axiomams.eu\/produktas\/megger-oden-at-esmane-voolusulekandesusteem"},"modified":"2026-02-02T14:32:02","modified_gmt":"2026-02-02T12:32:02","slug":"megger-oden-at-esmane-voolusulekandesusteem","status":"publish","type":"product","link":"https:\/\/www.axiomams.eu\/et\/produktas\/megger-oden-at-esmane-voolusulekandesusteem","title":{"rendered":"Megger ODEN AT esmane voolus\u00fclekandes\u00fcsteem"},"content":{"rendered":"<p>Megger ODEN AT &#8211; v\u00f5imas testis\u00fcsteem, mis on m\u00f5eldud kaitsereleede ja kaitsel\u00fclitite primaarseks injektsioonikatsetuseks. Seda kasutatakse ka voolutrafode p\u00f6\u00f6rete suhte testimiseks ja muudeks rakendusteks, mis n\u00f5uavad suuri muutuvvoolusid.<\/p>\n<p>&#8211; K\u00f5ige arenenum primaarvoolu sissepritsemise testis\u00fcsteem, mis lihtsustab igat t\u00fc\u00fcpi jaotusseadmete ja vooluahelate kasutuselev\u00f5tmist, maandusv\u00f5rgu, kaitsel\u00fclitite testimist ja muudki.<br \/>\n&#8211; Modulaarne konstruktsioon, mis v\u00f5imaldab optimaalset kasutaja konfiguratsiooni v\u00e4ljundvoolu ja seadme suuruse vahel.<br \/>\n&#8211; Kompaktne transpordik\u00e4ru h\u00f5lbustab teisaldamist piiratud ruumiga jaotusseadmete ruumidesse<br \/>\n&#8211; Ainulaadne I\/30 funktsioon v\u00f5imaldab voolu eelseadistada, kasutades madalat voolu, et v\u00e4ltida katseproovi kuumenemist, v\u00e4listades seega katsetulemuste rikkumist.<\/p>\n<h3>Tehniline teave:<\/h3>\n<ul>\n<li><a href=\"https:\/\/axiomams.eu\/importer\/export\/attachments\/en\/megger-oden-at.pdf\" target=\"_blank\">Megger ODEN AT.pdf<\/a><\/li>\n<\/ul>\n","protected":false},"excerpt":{"rendered":"<p>Megger ODEN AT &#8211; v\u00f5imas testis\u00fcsteem, mis on m\u00f5eldud kaitsereleede ja kaitsel\u00fclitite primaarseks injektsioonikatsetuseks. Seda kasutatakse ka voolutrafode p\u00f6\u00f6rete suhte testimiseks ja muudeks rakendusteks, mis n\u00f5uavad suuri muutuvvoolusid. &#8211; K\u00f5ige arenenum primaarvoolu sissepritsemise testis\u00fcsteem, mis lihtsustab igat t\u00fc\u00fcpi jaotusseadmete ja vooluahelate kasutuselev\u00f5tmist, maandusv\u00f5rgu, kaitsel\u00fclitite testimist ja muudki. &#8211; Modulaarne konstruktsioon, mis v\u00f5imaldab optimaalset kasutaja konfiguratsiooni&#8230;<\/p>\n","protected":false},"featured_media":42302,"comment_status":"open","ping_status":"closed","template":"","meta":{"_acf_changed":false},"product_brand":[1726],"product_cat":[17779],"product_tag":[],"class_list":{"0":"post-40389","1":"product","2":"type-product","3":"status-publish","4":"has-post-thumbnail","6":"product_brand-megger","7":"product_cat-elektriliste-seadmete-katsetamiseks-ja-testimiseks","9":"first","10":"instock","11":"taxable","12":"shipping-taxable","13":"product-type-simple"},"acf":[],"yoast_head":"<!-- This site is optimized with the Yoast SEO plugin v27.0 - https:\/\/yoast.com\/product\/yoast-seo-wordpress\/ -->\n<title>Megger ODEN AT esmane voolus\u00fclekandes\u00fcsteem - AXIOMA MS<\/title>\n<meta name=\"robots\" content=\"index, follow, max-snippet:-1, max-image-preview:large, max-video-preview:-1\" \/>\n<link rel=\"canonical\" href=\"https:\/\/www.axiomams.eu\/et\/produktas\/megger-oden-at-esmane-voolusulekandesusteem\" \/>\n<meta property=\"og:locale\" content=\"et_EE\" \/>\n<meta property=\"og:type\" content=\"article\" \/>\n<meta property=\"og:title\" content=\"Megger ODEN AT esmane voolus\u00fclekandes\u00fcsteem - AXIOMA MS\" \/>\n<meta property=\"og:description\" content=\"Megger ODEN AT &#8211; v\u00f5imas testis\u00fcsteem, mis on m\u00f5eldud kaitsereleede ja kaitsel\u00fclitite primaarseks injektsioonikatsetuseks. Seda kasutatakse ka voolutrafode p\u00f6\u00f6rete suhte testimiseks ja muudeks rakendusteks, mis n\u00f5uavad suuri muutuvvoolusid. &#8211; K\u00f5ige arenenum primaarvoolu sissepritsemise testis\u00fcsteem, mis lihtsustab igat t\u00fc\u00fcpi jaotusseadmete ja vooluahelate kasutuselev\u00f5tmist, maandusv\u00f5rgu, kaitsel\u00fclitite testimist ja muudki. &#8211; Modulaarne konstruktsioon, mis v\u00f5imaldab optimaalset kasutaja konfiguratsiooni...\" \/>\n<meta property=\"og:url\" content=\"https:\/\/www.axiomams.eu\/et\/produktas\/megger-oden-at-esmane-voolusulekandesusteem\" \/>\n<meta property=\"og:site_name\" content=\"AXIOMA MS\" \/>\n<meta property=\"article:publisher\" content=\"https:\/\/www.facebook.com\/AxiomaMS\" \/>\n<meta property=\"article:modified_time\" content=\"2026-02-02T12:32:02+00:00\" \/>\n<meta property=\"og:image\" content=\"https:\/\/www.axiomams.eu\/wp-content\/uploads\/2025\/07\/483-6085.jpg\" \/>\n\t<meta property=\"og:image:width\" content=\"1020\" \/>\n\t<meta property=\"og:image:height\" content=\"1020\" \/>\n\t<meta property=\"og:image:type\" content=\"image\/jpeg\" \/>\n<meta name=\"twitter:card\" content=\"summary_large_image\" \/>\n<meta name=\"twitter:label1\" content=\"Est. reading time\" \/>\n\t<meta name=\"twitter:data1\" content=\"1 minut\" \/>\n<script type=\"application\/ld+json\" class=\"yoast-schema-graph\">{\"@context\":\"https:\/\/schema.org\",\"@graph\":[{\"@type\":\"WebPage\",\"@id\":\"https:\/\/www.axiomams.eu\/et\/produktas\/megger-oden-at-esmane-voolusulekandesusteem\",\"url\":\"https:\/\/www.axiomams.eu\/et\/produktas\/megger-oden-at-esmane-voolusulekandesusteem\",\"name\":\"Megger ODEN AT esmane voolus\u00fclekandes\u00fcsteem - AXIOMA MS\",\"isPartOf\":{\"@id\":\"https:\/\/www.axiomams.eu\/et#website\"},\"primaryImageOfPage\":{\"@id\":\"https:\/\/www.axiomams.eu\/et\/produktas\/megger-oden-at-esmane-voolusulekandesusteem#primaryimage\"},\"image\":{\"@id\":\"https:\/\/www.axiomams.eu\/et\/produktas\/megger-oden-at-esmane-voolusulekandesusteem#primaryimage\"},\"thumbnailUrl\":\"https:\/\/www.axiomams.eu\/wp-content\/uploads\/2025\/07\/483-6085.jpg\",\"datePublished\":\"2025-05-15T16:04:49+00:00\",\"dateModified\":\"2026-02-02T12:32:02+00:00\",\"breadcrumb\":{\"@id\":\"https:\/\/www.axiomams.eu\/et\/produktas\/megger-oden-at-esmane-voolusulekandesusteem#breadcrumb\"},\"inLanguage\":\"et\",\"potentialAction\":[{\"@type\":\"ReadAction\",\"target\":[\"https:\/\/www.axiomams.eu\/et\/produktas\/megger-oden-at-esmane-voolusulekandesusteem\"]}]},{\"@type\":\"ImageObject\",\"inLanguage\":\"et\",\"@id\":\"https:\/\/www.axiomams.eu\/et\/produktas\/megger-oden-at-esmane-voolusulekandesusteem#primaryimage\",\"url\":\"https:\/\/www.axiomams.eu\/wp-content\/uploads\/2025\/07\/483-6085.jpg\",\"contentUrl\":\"https:\/\/www.axiomams.eu\/wp-content\/uploads\/2025\/07\/483-6085.jpg\",\"width\":1020,\"height\":1020},{\"@type\":\"BreadcrumbList\",\"@id\":\"https:\/\/www.axiomams.eu\/et\/produktas\/megger-oden-at-esmane-voolusulekandesusteem#breadcrumb\",\"itemListElement\":[{\"@type\":\"ListItem\",\"position\":1,\"name\":\"Home\",\"item\":\"https:\/\/www.axiomams.eu\/et\"},{\"@type\":\"ListItem\",\"position\":2,\"name\":\"Tooted\",\"item\":\"https:\/\/www.axiomams.eu\/et\/tooted\"},{\"@type\":\"ListItem\",\"position\":3,\"name\":\"Megger ODEN AT esmane voolus\u00fclekandes\u00fcsteem\"}]},{\"@type\":\"WebSite\",\"@id\":\"https:\/\/www.axiomams.eu\/et#website\",\"url\":\"https:\/\/www.axiomams.eu\/et\",\"name\":\"AXIOMA MS\",\"description\":\"\",\"publisher\":{\"@id\":\"https:\/\/www.axiomams.eu\/et#organization\"},\"potentialAction\":[{\"@type\":\"SearchAction\",\"target\":{\"@type\":\"EntryPoint\",\"urlTemplate\":\"https:\/\/www.axiomams.eu\/et?s={search_term_string}\"},\"query-input\":{\"@type\":\"PropertyValueSpecification\",\"valueRequired\":true,\"valueName\":\"search_term_string\"}}],\"inLanguage\":\"et\"},{\"@type\":\"Organization\",\"@id\":\"https:\/\/www.axiomams.eu\/et#organization\",\"name\":\"AXIOMA MS\",\"url\":\"https:\/\/www.axiomams.eu\/et\",\"logo\":{\"@type\":\"ImageObject\",\"inLanguage\":\"et\",\"@id\":\"https:\/\/www.axiomams.eu\/et#\/schema\/logo\/image\/\",\"url\":\"https:\/\/www.axiomams.eu\/wp-content\/uploads\/2025\/06\/axioma-logo-2.png\",\"contentUrl\":\"https:\/\/www.axiomams.eu\/wp-content\/uploads\/2025\/06\/axioma-logo-2.png\",\"width\":1200,\"height\":1200,\"caption\":\"AXIOMA MS\"},\"image\":{\"@id\":\"https:\/\/www.axiomams.eu\/et#\/schema\/logo\/image\/\"},\"sameAs\":[\"https:\/\/www.facebook.com\/AxiomaMS\",\"https:\/\/www.linkedin.com\/company\/axiomams\/\"]}]}<\/script>\n<!-- \/ Yoast SEO plugin. -->","yoast_head_json":{"title":"Megger ODEN AT esmane voolus\u00fclekandes\u00fcsteem - AXIOMA MS","robots":{"index":"index","follow":"follow","max-snippet":"max-snippet:-1","max-image-preview":"max-image-preview:large","max-video-preview":"max-video-preview:-1"},"canonical":"https:\/\/www.axiomams.eu\/et\/produktas\/megger-oden-at-esmane-voolusulekandesusteem","og_locale":"et_EE","og_type":"article","og_title":"Megger ODEN AT esmane voolus\u00fclekandes\u00fcsteem - AXIOMA MS","og_description":"Megger ODEN AT &#8211; v\u00f5imas testis\u00fcsteem, mis on m\u00f5eldud kaitsereleede ja kaitsel\u00fclitite primaarseks injektsioonikatsetuseks. Seda kasutatakse ka voolutrafode p\u00f6\u00f6rete suhte testimiseks ja muudeks rakendusteks, mis n\u00f5uavad suuri muutuvvoolusid. &#8211; K\u00f5ige arenenum primaarvoolu sissepritsemise testis\u00fcsteem, mis lihtsustab igat t\u00fc\u00fcpi jaotusseadmete ja vooluahelate kasutuselev\u00f5tmist, maandusv\u00f5rgu, kaitsel\u00fclitite testimist ja muudki. &#8211; Modulaarne konstruktsioon, mis v\u00f5imaldab optimaalset kasutaja konfiguratsiooni...","og_url":"https:\/\/www.axiomams.eu\/et\/produktas\/megger-oden-at-esmane-voolusulekandesusteem","og_site_name":"AXIOMA MS","article_publisher":"https:\/\/www.facebook.com\/AxiomaMS","article_modified_time":"2026-02-02T12:32:02+00:00","og_image":[{"width":1020,"height":1020,"url":"https:\/\/www.axiomams.eu\/wp-content\/uploads\/2025\/07\/483-6085.jpg","type":"image\/jpeg"}],"twitter_card":"summary_large_image","twitter_misc":{"Est. reading time":"1 minut"},"schema":{"@context":"https:\/\/schema.org","@graph":[{"@type":"WebPage","@id":"https:\/\/www.axiomams.eu\/et\/produktas\/megger-oden-at-esmane-voolusulekandesusteem","url":"https:\/\/www.axiomams.eu\/et\/produktas\/megger-oden-at-esmane-voolusulekandesusteem","name":"Megger ODEN AT esmane voolus\u00fclekandes\u00fcsteem - AXIOMA MS","isPartOf":{"@id":"https:\/\/www.axiomams.eu\/et#website"},"primaryImageOfPage":{"@id":"https:\/\/www.axiomams.eu\/et\/produktas\/megger-oden-at-esmane-voolusulekandesusteem#primaryimage"},"image":{"@id":"https:\/\/www.axiomams.eu\/et\/produktas\/megger-oden-at-esmane-voolusulekandesusteem#primaryimage"},"thumbnailUrl":"https:\/\/www.axiomams.eu\/wp-content\/uploads\/2025\/07\/483-6085.jpg","datePublished":"2025-05-15T16:04:49+00:00","dateModified":"2026-02-02T12:32:02+00:00","breadcrumb":{"@id":"https:\/\/www.axiomams.eu\/et\/produktas\/megger-oden-at-esmane-voolusulekandesusteem#breadcrumb"},"inLanguage":"et","potentialAction":[{"@type":"ReadAction","target":["https:\/\/www.axiomams.eu\/et\/produktas\/megger-oden-at-esmane-voolusulekandesusteem"]}]},{"@type":"ImageObject","inLanguage":"et","@id":"https:\/\/www.axiomams.eu\/et\/produktas\/megger-oden-at-esmane-voolusulekandesusteem#primaryimage","url":"https:\/\/www.axiomams.eu\/wp-content\/uploads\/2025\/07\/483-6085.jpg","contentUrl":"https:\/\/www.axiomams.eu\/wp-content\/uploads\/2025\/07\/483-6085.jpg","width":1020,"height":1020},{"@type":"BreadcrumbList","@id":"https:\/\/www.axiomams.eu\/et\/produktas\/megger-oden-at-esmane-voolusulekandesusteem#breadcrumb","itemListElement":[{"@type":"ListItem","position":1,"name":"Home","item":"https:\/\/www.axiomams.eu\/et"},{"@type":"ListItem","position":2,"name":"Tooted","item":"https:\/\/www.axiomams.eu\/et\/tooted"},{"@type":"ListItem","position":3,"name":"Megger ODEN AT esmane voolus\u00fclekandes\u00fcsteem"}]},{"@type":"WebSite","@id":"https:\/\/www.axiomams.eu\/et#website","url":"https:\/\/www.axiomams.eu\/et","name":"AXIOMA MS","description":"","publisher":{"@id":"https:\/\/www.axiomams.eu\/et#organization"},"potentialAction":[{"@type":"SearchAction","target":{"@type":"EntryPoint","urlTemplate":"https:\/\/www.axiomams.eu\/et?s={search_term_string}"},"query-input":{"@type":"PropertyValueSpecification","valueRequired":true,"valueName":"search_term_string"}}],"inLanguage":"et"},{"@type":"Organization","@id":"https:\/\/www.axiomams.eu\/et#organization","name":"AXIOMA MS","url":"https:\/\/www.axiomams.eu\/et","logo":{"@type":"ImageObject","inLanguage":"et","@id":"https:\/\/www.axiomams.eu\/et#\/schema\/logo\/image\/","url":"https:\/\/www.axiomams.eu\/wp-content\/uploads\/2025\/06\/axioma-logo-2.png","contentUrl":"https:\/\/www.axiomams.eu\/wp-content\/uploads\/2025\/06\/axioma-logo-2.png","width":1200,"height":1200,"caption":"AXIOMA MS"},"image":{"@id":"https:\/\/www.axiomams.eu\/et#\/schema\/logo\/image\/"},"sameAs":["https:\/\/www.facebook.com\/AxiomaMS","https:\/\/www.linkedin.com\/company\/axiomams\/"]}]}},"_links":{"self":[{"href":"https:\/\/www.axiomams.eu\/et\/wp-json\/wp\/v2\/product\/40389","targetHints":{"allow":["GET"]}}],"collection":[{"href":"https:\/\/www.axiomams.eu\/et\/wp-json\/wp\/v2\/product"}],"about":[{"href":"https:\/\/www.axiomams.eu\/et\/wp-json\/wp\/v2\/types\/product"}],"replies":[{"embeddable":true,"href":"https:\/\/www.axiomams.eu\/et\/wp-json\/wp\/v2\/comments?post=40389"}],"wp:featuredmedia":[{"embeddable":true,"href":"https:\/\/www.axiomams.eu\/et\/wp-json\/wp\/v2\/media\/42302"}],"wp:attachment":[{"href":"https:\/\/www.axiomams.eu\/et\/wp-json\/wp\/v2\/media?parent=40389"}],"wp:term":[{"taxonomy":"product_brand","embeddable":true,"href":"https:\/\/www.axiomams.eu\/et\/wp-json\/wp\/v2\/product_brand?post=40389"},{"taxonomy":"product_cat","embeddable":true,"href":"https:\/\/www.axiomams.eu\/et\/wp-json\/wp\/v2\/product_cat?post=40389"},{"taxonomy":"product_tag","embeddable":true,"href":"https:\/\/www.axiomams.eu\/et\/wp-json\/wp\/v2\/product_tag?post=40389"}],"curies":[{"name":"wp","href":"https:\/\/api.w.org\/{rel}","templated":true}]}}