{"id":40394,"date":"2025-05-15T18:04:54","date_gmt":"2025-05-15T16:04:54","guid":{"rendered":"https:\/\/www.axiomams.eu\/produktas\/proceq-os8000-l-betooni-katsetamise-haamer"},"modified":"2026-02-02T14:32:05","modified_gmt":"2026-02-02T12:32:05","slug":"proceq-os8000-l-betooni-katsetamise-haamer","status":"publish","type":"product","link":"https:\/\/www.axiomams.eu\/et\/produktas\/proceq-os8000-l-betooni-katsetamise-haamer","title":{"rendered":"Proceq OS8000 L betooni katsetamise haamer"},"content":{"rendered":"<p>Proceq OS8000 L &#8211; Betooni tugevuse ja \u00fchtluse hindamine optilise tagasil\u00f6\u00f6giveski tehnoloogia abil. Katsetab t\u00e4pselt betooni k\u00f5ige laiemaid tugevusklasse. T\u00f6\u00f6tage sisseehitatud standarditele vastavate teisenduste v\u00f5i omaenda kohandatud materjalimuutustega. Mobiilirakendus, mis v\u00f5imaldab teil kommenteerida m\u00f5\u00f5tmisi h\u00e4\u00e4le, fotode ja kommentaaridega. Looge aruandeid ja jagage neid koheselt. Juurdep\u00e4\u00e4s oma andmetele igal pool ja igal ajal.<\/p>\n<p>Standardkomplekt: Proceq OS8000 L, pehme kott, Bluetooth-adapter, laetav aku, USB-kaabel, randmerihm, lihvimiskivi, teisendustabel, kasutusjuhend.<\/p>\n<h3>Tehniline teave:<\/h3>\n<ul>\n<li><a href=\"https:\/\/axiomams.eu\/importer\/export\/attachments\/en\/proceq-silver-schmidt-os8000.pdf\" target=\"_blank\">Proceq Silver Schmidt OS8000.pdf<\/a><\/li>\n<\/ul>\n","protected":false},"excerpt":{"rendered":"<p>Proceq OS8000 L &#8211; Betooni tugevuse ja \u00fchtluse hindamine optilise tagasil\u00f6\u00f6giveski tehnoloogia abil. Katsetab t\u00e4pselt betooni k\u00f5ige laiemaid tugevusklasse. T\u00f6\u00f6tage sisseehitatud standarditele vastavate teisenduste v\u00f5i omaenda kohandatud materjalimuutustega. Mobiilirakendus, mis v\u00f5imaldab teil kommenteerida m\u00f5\u00f5tmisi h\u00e4\u00e4le, fotode ja kommentaaridega. Looge aruandeid ja jagage neid koheselt. Juurdep\u00e4\u00e4s oma andmetele igal pool ja igal ajal. Standardkomplekt: Proceq OS8000&#8230;<\/p>\n","protected":false},"featured_media":42310,"comment_status":"open","ping_status":"closed","template":"","meta":{"_acf_changed":false},"product_brand":[988],"product_cat":[17802],"product_tag":[],"class_list":{"0":"post-40394","1":"product","2":"type-product","3":"status-publish","4":"has-post-thumbnail","6":"product_brand-proceq","7":"product_cat-betoonkonstruktsioonide-uurimiseks","9":"first","10":"instock","11":"taxable","12":"shipping-taxable","13":"purchasable","14":"product-type-simple"},"acf":[],"yoast_head":"<!-- This site is optimized with the Yoast SEO plugin v27.0 - https:\/\/yoast.com\/product\/yoast-seo-wordpress\/ -->\n<title>Proceq OS8000 L betooni katsetamise haamer - AXIOMA MS<\/title>\n<meta name=\"robots\" content=\"index, follow, max-snippet:-1, max-image-preview:large, max-video-preview:-1\" \/>\n<link rel=\"canonical\" href=\"https:\/\/www.axiomams.eu\/et\/produktas\/proceq-os8000-l-betooni-katsetamise-haamer\" \/>\n<meta property=\"og:locale\" content=\"et_EE\" \/>\n<meta property=\"og:type\" content=\"article\" \/>\n<meta property=\"og:title\" content=\"Proceq OS8000 L betooni katsetamise haamer - AXIOMA MS\" \/>\n<meta property=\"og:description\" content=\"Proceq OS8000 L &#8211; Betooni tugevuse ja \u00fchtluse hindamine optilise tagasil\u00f6\u00f6giveski tehnoloogia abil. Katsetab t\u00e4pselt betooni k\u00f5ige laiemaid tugevusklasse. T\u00f6\u00f6tage sisseehitatud standarditele vastavate teisenduste v\u00f5i omaenda kohandatud materjalimuutustega. Mobiilirakendus, mis v\u00f5imaldab teil kommenteerida m\u00f5\u00f5tmisi h\u00e4\u00e4le, fotode ja kommentaaridega. Looge aruandeid ja jagage neid koheselt. Juurdep\u00e4\u00e4s oma andmetele igal pool ja igal ajal. Standardkomplekt: Proceq OS8000...\" \/>\n<meta property=\"og:url\" content=\"https:\/\/www.axiomams.eu\/et\/produktas\/proceq-os8000-l-betooni-katsetamise-haamer\" \/>\n<meta property=\"og:site_name\" content=\"AXIOMA MS\" \/>\n<meta property=\"article:publisher\" content=\"https:\/\/www.facebook.com\/AxiomaMS\" \/>\n<meta property=\"article:modified_time\" content=\"2026-02-02T12:32:05+00:00\" \/>\n<meta property=\"og:image\" content=\"https:\/\/www.axiomams.eu\/wp-content\/uploads\/2025\/07\/3283-4347.jpg\" \/>\n\t<meta property=\"og:image:width\" content=\"1000\" \/>\n\t<meta property=\"og:image:height\" content=\"847\" \/>\n\t<meta property=\"og:image:type\" content=\"image\/jpeg\" \/>\n<meta name=\"twitter:card\" content=\"summary_large_image\" \/>\n<script type=\"application\/ld+json\" class=\"yoast-schema-graph\">{\"@context\":\"https:\/\/schema.org\",\"@graph\":[{\"@type\":\"WebPage\",\"@id\":\"https:\/\/www.axiomams.eu\/et\/produktas\/proceq-os8000-l-betooni-katsetamise-haamer\",\"url\":\"https:\/\/www.axiomams.eu\/et\/produktas\/proceq-os8000-l-betooni-katsetamise-haamer\",\"name\":\"Proceq OS8000 L betooni katsetamise haamer - AXIOMA MS\",\"isPartOf\":{\"@id\":\"https:\/\/www.axiomams.eu\/et#website\"},\"primaryImageOfPage\":{\"@id\":\"https:\/\/www.axiomams.eu\/et\/produktas\/proceq-os8000-l-betooni-katsetamise-haamer#primaryimage\"},\"image\":{\"@id\":\"https:\/\/www.axiomams.eu\/et\/produktas\/proceq-os8000-l-betooni-katsetamise-haamer#primaryimage\"},\"thumbnailUrl\":\"https:\/\/www.axiomams.eu\/wp-content\/uploads\/2025\/07\/3283-4347.jpg\",\"datePublished\":\"2025-05-15T16:04:54+00:00\",\"dateModified\":\"2026-02-02T12:32:05+00:00\",\"breadcrumb\":{\"@id\":\"https:\/\/www.axiomams.eu\/et\/produktas\/proceq-os8000-l-betooni-katsetamise-haamer#breadcrumb\"},\"inLanguage\":\"et\",\"potentialAction\":[{\"@type\":\"ReadAction\",\"target\":[\"https:\/\/www.axiomams.eu\/et\/produktas\/proceq-os8000-l-betooni-katsetamise-haamer\"]}]},{\"@type\":\"ImageObject\",\"inLanguage\":\"et\",\"@id\":\"https:\/\/www.axiomams.eu\/et\/produktas\/proceq-os8000-l-betooni-katsetamise-haamer#primaryimage\",\"url\":\"https:\/\/www.axiomams.eu\/wp-content\/uploads\/2025\/07\/3283-4347.jpg\",\"contentUrl\":\"https:\/\/www.axiomams.eu\/wp-content\/uploads\/2025\/07\/3283-4347.jpg\",\"width\":1000,\"height\":847},{\"@type\":\"BreadcrumbList\",\"@id\":\"https:\/\/www.axiomams.eu\/et\/produktas\/proceq-os8000-l-betooni-katsetamise-haamer#breadcrumb\",\"itemListElement\":[{\"@type\":\"ListItem\",\"position\":1,\"name\":\"Home\",\"item\":\"https:\/\/www.axiomams.eu\/et\"},{\"@type\":\"ListItem\",\"position\":2,\"name\":\"Tooted\",\"item\":\"https:\/\/www.axiomams.eu\/et\/tooted\"},{\"@type\":\"ListItem\",\"position\":3,\"name\":\"Proceq OS8000 L betooni katsetamise haamer\"}]},{\"@type\":\"WebSite\",\"@id\":\"https:\/\/www.axiomams.eu\/et#website\",\"url\":\"https:\/\/www.axiomams.eu\/et\",\"name\":\"AXIOMA MS\",\"description\":\"Terrmovizoriai ir matavimo \u012franga\",\"publisher\":{\"@id\":\"https:\/\/www.axiomams.eu\/et#organization\"},\"potentialAction\":[{\"@type\":\"SearchAction\",\"target\":{\"@type\":\"EntryPoint\",\"urlTemplate\":\"https:\/\/www.axiomams.eu\/et?s={search_term_string}\"},\"query-input\":{\"@type\":\"PropertyValueSpecification\",\"valueRequired\":true,\"valueName\":\"search_term_string\"}}],\"inLanguage\":\"et\"},{\"@type\":\"Organization\",\"@id\":\"https:\/\/www.axiomams.eu\/et#organization\",\"name\":\"AXIOMA MS\",\"url\":\"https:\/\/www.axiomams.eu\/et\",\"logo\":{\"@type\":\"ImageObject\",\"inLanguage\":\"et\",\"@id\":\"https:\/\/www.axiomams.eu\/et#\/schema\/logo\/image\/\",\"url\":\"https:\/\/www.axiomams.eu\/wp-content\/uploads\/2025\/06\/axioma-logo-2.png\",\"contentUrl\":\"https:\/\/www.axiomams.eu\/wp-content\/uploads\/2025\/06\/axioma-logo-2.png\",\"width\":1200,\"height\":1200,\"caption\":\"AXIOMA MS\"},\"image\":{\"@id\":\"https:\/\/www.axiomams.eu\/et#\/schema\/logo\/image\/\"},\"sameAs\":[\"https:\/\/www.facebook.com\/AxiomaMS\",\"https:\/\/www.linkedin.com\/company\/axiomams\/\"]}]}<\/script>\n<!-- \/ Yoast SEO plugin. -->","yoast_head_json":{"title":"Proceq OS8000 L betooni katsetamise haamer - AXIOMA MS","robots":{"index":"index","follow":"follow","max-snippet":"max-snippet:-1","max-image-preview":"max-image-preview:large","max-video-preview":"max-video-preview:-1"},"canonical":"https:\/\/www.axiomams.eu\/et\/produktas\/proceq-os8000-l-betooni-katsetamise-haamer","og_locale":"et_EE","og_type":"article","og_title":"Proceq OS8000 L betooni katsetamise haamer - AXIOMA MS","og_description":"Proceq OS8000 L &#8211; Betooni tugevuse ja \u00fchtluse hindamine optilise tagasil\u00f6\u00f6giveski tehnoloogia abil. Katsetab t\u00e4pselt betooni k\u00f5ige laiemaid tugevusklasse. T\u00f6\u00f6tage sisseehitatud standarditele vastavate teisenduste v\u00f5i omaenda kohandatud materjalimuutustega. Mobiilirakendus, mis v\u00f5imaldab teil kommenteerida m\u00f5\u00f5tmisi h\u00e4\u00e4le, fotode ja kommentaaridega. Looge aruandeid ja jagage neid koheselt. Juurdep\u00e4\u00e4s oma andmetele igal pool ja igal ajal. Standardkomplekt: Proceq OS8000...","og_url":"https:\/\/www.axiomams.eu\/et\/produktas\/proceq-os8000-l-betooni-katsetamise-haamer","og_site_name":"AXIOMA MS","article_publisher":"https:\/\/www.facebook.com\/AxiomaMS","article_modified_time":"2026-02-02T12:32:05+00:00","og_image":[{"width":1000,"height":847,"url":"https:\/\/www.axiomams.eu\/wp-content\/uploads\/2025\/07\/3283-4347.jpg","type":"image\/jpeg"}],"twitter_card":"summary_large_image","schema":{"@context":"https:\/\/schema.org","@graph":[{"@type":"WebPage","@id":"https:\/\/www.axiomams.eu\/et\/produktas\/proceq-os8000-l-betooni-katsetamise-haamer","url":"https:\/\/www.axiomams.eu\/et\/produktas\/proceq-os8000-l-betooni-katsetamise-haamer","name":"Proceq OS8000 L betooni katsetamise haamer - AXIOMA MS","isPartOf":{"@id":"https:\/\/www.axiomams.eu\/et#website"},"primaryImageOfPage":{"@id":"https:\/\/www.axiomams.eu\/et\/produktas\/proceq-os8000-l-betooni-katsetamise-haamer#primaryimage"},"image":{"@id":"https:\/\/www.axiomams.eu\/et\/produktas\/proceq-os8000-l-betooni-katsetamise-haamer#primaryimage"},"thumbnailUrl":"https:\/\/www.axiomams.eu\/wp-content\/uploads\/2025\/07\/3283-4347.jpg","datePublished":"2025-05-15T16:04:54+00:00","dateModified":"2026-02-02T12:32:05+00:00","breadcrumb":{"@id":"https:\/\/www.axiomams.eu\/et\/produktas\/proceq-os8000-l-betooni-katsetamise-haamer#breadcrumb"},"inLanguage":"et","potentialAction":[{"@type":"ReadAction","target":["https:\/\/www.axiomams.eu\/et\/produktas\/proceq-os8000-l-betooni-katsetamise-haamer"]}]},{"@type":"ImageObject","inLanguage":"et","@id":"https:\/\/www.axiomams.eu\/et\/produktas\/proceq-os8000-l-betooni-katsetamise-haamer#primaryimage","url":"https:\/\/www.axiomams.eu\/wp-content\/uploads\/2025\/07\/3283-4347.jpg","contentUrl":"https:\/\/www.axiomams.eu\/wp-content\/uploads\/2025\/07\/3283-4347.jpg","width":1000,"height":847},{"@type":"BreadcrumbList","@id":"https:\/\/www.axiomams.eu\/et\/produktas\/proceq-os8000-l-betooni-katsetamise-haamer#breadcrumb","itemListElement":[{"@type":"ListItem","position":1,"name":"Home","item":"https:\/\/www.axiomams.eu\/et"},{"@type":"ListItem","position":2,"name":"Tooted","item":"https:\/\/www.axiomams.eu\/et\/tooted"},{"@type":"ListItem","position":3,"name":"Proceq OS8000 L betooni katsetamise haamer"}]},{"@type":"WebSite","@id":"https:\/\/www.axiomams.eu\/et#website","url":"https:\/\/www.axiomams.eu\/et","name":"AXIOMA MS","description":"Terrmovizoriai ir matavimo \u012franga","publisher":{"@id":"https:\/\/www.axiomams.eu\/et#organization"},"potentialAction":[{"@type":"SearchAction","target":{"@type":"EntryPoint","urlTemplate":"https:\/\/www.axiomams.eu\/et?s={search_term_string}"},"query-input":{"@type":"PropertyValueSpecification","valueRequired":true,"valueName":"search_term_string"}}],"inLanguage":"et"},{"@type":"Organization","@id":"https:\/\/www.axiomams.eu\/et#organization","name":"AXIOMA MS","url":"https:\/\/www.axiomams.eu\/et","logo":{"@type":"ImageObject","inLanguage":"et","@id":"https:\/\/www.axiomams.eu\/et#\/schema\/logo\/image\/","url":"https:\/\/www.axiomams.eu\/wp-content\/uploads\/2025\/06\/axioma-logo-2.png","contentUrl":"https:\/\/www.axiomams.eu\/wp-content\/uploads\/2025\/06\/axioma-logo-2.png","width":1200,"height":1200,"caption":"AXIOMA MS"},"image":{"@id":"https:\/\/www.axiomams.eu\/et#\/schema\/logo\/image\/"},"sameAs":["https:\/\/www.facebook.com\/AxiomaMS","https:\/\/www.linkedin.com\/company\/axiomams\/"]}]}},"_links":{"self":[{"href":"https:\/\/www.axiomams.eu\/et\/wp-json\/wp\/v2\/product\/40394","targetHints":{"allow":["GET"]}}],"collection":[{"href":"https:\/\/www.axiomams.eu\/et\/wp-json\/wp\/v2\/product"}],"about":[{"href":"https:\/\/www.axiomams.eu\/et\/wp-json\/wp\/v2\/types\/product"}],"replies":[{"embeddable":true,"href":"https:\/\/www.axiomams.eu\/et\/wp-json\/wp\/v2\/comments?post=40394"}],"wp:featuredmedia":[{"embeddable":true,"href":"https:\/\/www.axiomams.eu\/et\/wp-json\/wp\/v2\/media\/42310"}],"wp:attachment":[{"href":"https:\/\/www.axiomams.eu\/et\/wp-json\/wp\/v2\/media?parent=40394"}],"wp:term":[{"taxonomy":"product_brand","embeddable":true,"href":"https:\/\/www.axiomams.eu\/et\/wp-json\/wp\/v2\/product_brand?post=40394"},{"taxonomy":"product_cat","embeddable":true,"href":"https:\/\/www.axiomams.eu\/et\/wp-json\/wp\/v2\/product_cat?post=40394"},{"taxonomy":"product_tag","embeddable":true,"href":"https:\/\/www.axiomams.eu\/et\/wp-json\/wp\/v2\/product_tag?post=40394"}],"curies":[{"name":"wp","href":"https:\/\/api.w.org\/{rel}","templated":true}]}}