{"id":40399,"date":"2025-05-15T18:05:06","date_gmt":"2025-05-15T16:05:06","guid":{"rendered":"https:\/\/www.axiomams.eu\/produktas\/owon-hds2062m-n-ostsilloskoop"},"modified":"2026-02-02T14:32:06","modified_gmt":"2026-02-02T12:32:06","slug":"owon-hds2062m-n-ostsilloskoop","status":"publish","type":"product","link":"https:\/\/www.axiomams.eu\/et\/produktas\/owon-hds2062m-n-ostsilloskoop","title":{"rendered":"Owon HDS2062M-N ostsilloskoop"},"content":{"rendered":"<p>Owon HDS2062M-N 60Mhz 2-kanalilise digitaalse ostsilloskoobi abil saate kiiresti ja lihtsalt tuvastada, anal\u00fc\u00fcsida ja arvutada lainekujude sagedust. Digitaalsel ostsilloskoobil on 94 mm v\u00e4rviline LCD-ekraan ja automaatne seadistusfunktsioon. See konkreetne funktsioon optimeerib vahemikku, ajap\u00f5hja, asendit ja vallandamist ning sisaldab ka vallandamise peatamise funktsiooni, mis k\u00f5ik aitavad tagada, et mitme lainekuju vaatamine ei ole mitte ainult lihtne, vaid ka stabiilne.<\/p>\n<p>Standardkomplekt: seade, laadija, sondid, testjuhtmed, USB-kaabel, moodul v\u00e4ikese mahutavuse m\u00f5\u00f5tmiseks, sondi reguleerimise t\u00f6\u00f6riist, kasutusjuhend, tarkvara.<\/p>\n<h3>Tehniline teave:<\/h3>\n<ul>\n<li><a href=\"https:\/\/axiomams.eu\/importer\/export\/attachments\/en\/hds_series_datasheet_en.pdf\" target=\"_blank\">HDS_series_datasheet_EN.pdf<\/a><\/li>\n<\/ul>\n","protected":false},"excerpt":{"rendered":"<p>Owon HDS2062M-N 60Mhz 2-kanalilise digitaalse ostsilloskoobi abil saate kiiresti ja lihtsalt tuvastada, anal\u00fc\u00fcsida ja arvutada lainekujude sagedust. Digitaalsel ostsilloskoobil on 94 mm v\u00e4rviline LCD-ekraan ja automaatne seadistusfunktsioon. See konkreetne funktsioon optimeerib vahemikku, ajap\u00f5hja, asendit ja vallandamist ning sisaldab ka vallandamise peatamise funktsiooni, mis k\u00f5ik aitavad tagada, et mitme lainekuju vaatamine ei ole mitte ainult lihtne,&#8230;<\/p>\n","protected":false},"featured_media":42320,"comment_status":"open","ping_status":"closed","template":"","meta":{"_acf_changed":false},"product_brand":[],"product_cat":[17823],"product_tag":[],"class_list":{"0":"post-40399","1":"product","2":"type-product","3":"status-publish","4":"has-post-thumbnail","6":"product_cat-generaatorid-toiteallikad-ostsillograafid-rcl-mooturid","8":"first","9":"instock","10":"taxable","11":"shipping-taxable","12":"product-type-simple"},"acf":[],"yoast_head":"<!-- This site is optimized with the Yoast SEO plugin v27.0 - https:\/\/yoast.com\/product\/yoast-seo-wordpress\/ -->\n<title>Owon HDS2062M-N ostsilloskoop - AXIOMA MS<\/title>\n<meta name=\"robots\" content=\"index, follow, max-snippet:-1, max-image-preview:large, max-video-preview:-1\" \/>\n<link rel=\"canonical\" href=\"https:\/\/www.axiomams.eu\/et\/produktas\/owon-hds2062m-n-ostsilloskoop\" \/>\n<meta property=\"og:locale\" content=\"et_EE\" \/>\n<meta property=\"og:type\" content=\"article\" \/>\n<meta property=\"og:title\" content=\"Owon HDS2062M-N ostsilloskoop - AXIOMA MS\" \/>\n<meta property=\"og:description\" content=\"Owon HDS2062M-N 60Mhz 2-kanalilise digitaalse ostsilloskoobi abil saate kiiresti ja lihtsalt tuvastada, anal\u00fc\u00fcsida ja arvutada lainekujude sagedust. Digitaalsel ostsilloskoobil on 94 mm v\u00e4rviline LCD-ekraan ja automaatne seadistusfunktsioon. See konkreetne funktsioon optimeerib vahemikku, ajap\u00f5hja, asendit ja vallandamist ning sisaldab ka vallandamise peatamise funktsiooni, mis k\u00f5ik aitavad tagada, et mitme lainekuju vaatamine ei ole mitte ainult lihtne,...\" \/>\n<meta property=\"og:url\" content=\"https:\/\/www.axiomams.eu\/et\/produktas\/owon-hds2062m-n-ostsilloskoop\" \/>\n<meta property=\"og:site_name\" content=\"AXIOMA MS\" \/>\n<meta property=\"article:publisher\" content=\"https:\/\/www.facebook.com\/AxiomaMS\" \/>\n<meta property=\"article:modified_time\" content=\"2026-02-02T12:32:06+00:00\" \/>\n<meta property=\"og:image\" content=\"https:\/\/www.axiomams.eu\/wp-content\/uploads\/2025\/07\/685-721.jpg\" \/>\n\t<meta property=\"og:image:width\" content=\"800\" \/>\n\t<meta property=\"og:image:height\" content=\"800\" \/>\n\t<meta property=\"og:image:type\" content=\"image\/jpeg\" \/>\n<meta name=\"twitter:card\" content=\"summary_large_image\" \/>\n<script type=\"application\/ld+json\" class=\"yoast-schema-graph\">{\"@context\":\"https:\/\/schema.org\",\"@graph\":[{\"@type\":\"WebPage\",\"@id\":\"https:\/\/www.axiomams.eu\/et\/produktas\/owon-hds2062m-n-ostsilloskoop\",\"url\":\"https:\/\/www.axiomams.eu\/et\/produktas\/owon-hds2062m-n-ostsilloskoop\",\"name\":\"Owon HDS2062M-N ostsilloskoop - AXIOMA MS\",\"isPartOf\":{\"@id\":\"https:\/\/www.axiomams.eu\/et#website\"},\"primaryImageOfPage\":{\"@id\":\"https:\/\/www.axiomams.eu\/et\/produktas\/owon-hds2062m-n-ostsilloskoop#primaryimage\"},\"image\":{\"@id\":\"https:\/\/www.axiomams.eu\/et\/produktas\/owon-hds2062m-n-ostsilloskoop#primaryimage\"},\"thumbnailUrl\":\"https:\/\/www.axiomams.eu\/wp-content\/uploads\/2025\/07\/685-721.jpg\",\"datePublished\":\"2025-05-15T16:05:06+00:00\",\"dateModified\":\"2026-02-02T12:32:06+00:00\",\"breadcrumb\":{\"@id\":\"https:\/\/www.axiomams.eu\/et\/produktas\/owon-hds2062m-n-ostsilloskoop#breadcrumb\"},\"inLanguage\":\"et\",\"potentialAction\":[{\"@type\":\"ReadAction\",\"target\":[\"https:\/\/www.axiomams.eu\/et\/produktas\/owon-hds2062m-n-ostsilloskoop\"]}]},{\"@type\":\"ImageObject\",\"inLanguage\":\"et\",\"@id\":\"https:\/\/www.axiomams.eu\/et\/produktas\/owon-hds2062m-n-ostsilloskoop#primaryimage\",\"url\":\"https:\/\/www.axiomams.eu\/wp-content\/uploads\/2025\/07\/685-721.jpg\",\"contentUrl\":\"https:\/\/www.axiomams.eu\/wp-content\/uploads\/2025\/07\/685-721.jpg\",\"width\":800,\"height\":800},{\"@type\":\"BreadcrumbList\",\"@id\":\"https:\/\/www.axiomams.eu\/et\/produktas\/owon-hds2062m-n-ostsilloskoop#breadcrumb\",\"itemListElement\":[{\"@type\":\"ListItem\",\"position\":1,\"name\":\"Home\",\"item\":\"https:\/\/www.axiomams.eu\/et\"},{\"@type\":\"ListItem\",\"position\":2,\"name\":\"Tooted\",\"item\":\"https:\/\/www.axiomams.eu\/et\/tooted\"},{\"@type\":\"ListItem\",\"position\":3,\"name\":\"Owon HDS2062M-N ostsilloskoop\"}]},{\"@type\":\"WebSite\",\"@id\":\"https:\/\/www.axiomams.eu\/et#website\",\"url\":\"https:\/\/www.axiomams.eu\/et\",\"name\":\"AXIOMA MS\",\"description\":\"Terrmovizoriai ir matavimo \u012franga\",\"publisher\":{\"@id\":\"https:\/\/www.axiomams.eu\/et#organization\"},\"potentialAction\":[{\"@type\":\"SearchAction\",\"target\":{\"@type\":\"EntryPoint\",\"urlTemplate\":\"https:\/\/www.axiomams.eu\/et?s={search_term_string}\"},\"query-input\":{\"@type\":\"PropertyValueSpecification\",\"valueRequired\":true,\"valueName\":\"search_term_string\"}}],\"inLanguage\":\"et\"},{\"@type\":\"Organization\",\"@id\":\"https:\/\/www.axiomams.eu\/et#organization\",\"name\":\"AXIOMA MS\",\"url\":\"https:\/\/www.axiomams.eu\/et\",\"logo\":{\"@type\":\"ImageObject\",\"inLanguage\":\"et\",\"@id\":\"https:\/\/www.axiomams.eu\/et#\/schema\/logo\/image\/\",\"url\":\"https:\/\/www.axiomams.eu\/wp-content\/uploads\/2025\/06\/axioma-logo-2.png\",\"contentUrl\":\"https:\/\/www.axiomams.eu\/wp-content\/uploads\/2025\/06\/axioma-logo-2.png\",\"width\":1200,\"height\":1200,\"caption\":\"AXIOMA MS\"},\"image\":{\"@id\":\"https:\/\/www.axiomams.eu\/et#\/schema\/logo\/image\/\"},\"sameAs\":[\"https:\/\/www.facebook.com\/AxiomaMS\",\"https:\/\/www.linkedin.com\/company\/axiomams\/\"]}]}<\/script>\n<!-- \/ Yoast SEO plugin. -->","yoast_head_json":{"title":"Owon HDS2062M-N ostsilloskoop - AXIOMA MS","robots":{"index":"index","follow":"follow","max-snippet":"max-snippet:-1","max-image-preview":"max-image-preview:large","max-video-preview":"max-video-preview:-1"},"canonical":"https:\/\/www.axiomams.eu\/et\/produktas\/owon-hds2062m-n-ostsilloskoop","og_locale":"et_EE","og_type":"article","og_title":"Owon HDS2062M-N ostsilloskoop - AXIOMA MS","og_description":"Owon HDS2062M-N 60Mhz 2-kanalilise digitaalse ostsilloskoobi abil saate kiiresti ja lihtsalt tuvastada, anal\u00fc\u00fcsida ja arvutada lainekujude sagedust. Digitaalsel ostsilloskoobil on 94 mm v\u00e4rviline LCD-ekraan ja automaatne seadistusfunktsioon. See konkreetne funktsioon optimeerib vahemikku, ajap\u00f5hja, asendit ja vallandamist ning sisaldab ka vallandamise peatamise funktsiooni, mis k\u00f5ik aitavad tagada, et mitme lainekuju vaatamine ei ole mitte ainult lihtne,...","og_url":"https:\/\/www.axiomams.eu\/et\/produktas\/owon-hds2062m-n-ostsilloskoop","og_site_name":"AXIOMA MS","article_publisher":"https:\/\/www.facebook.com\/AxiomaMS","article_modified_time":"2026-02-02T12:32:06+00:00","og_image":[{"width":800,"height":800,"url":"https:\/\/www.axiomams.eu\/wp-content\/uploads\/2025\/07\/685-721.jpg","type":"image\/jpeg"}],"twitter_card":"summary_large_image","schema":{"@context":"https:\/\/schema.org","@graph":[{"@type":"WebPage","@id":"https:\/\/www.axiomams.eu\/et\/produktas\/owon-hds2062m-n-ostsilloskoop","url":"https:\/\/www.axiomams.eu\/et\/produktas\/owon-hds2062m-n-ostsilloskoop","name":"Owon HDS2062M-N ostsilloskoop - AXIOMA MS","isPartOf":{"@id":"https:\/\/www.axiomams.eu\/et#website"},"primaryImageOfPage":{"@id":"https:\/\/www.axiomams.eu\/et\/produktas\/owon-hds2062m-n-ostsilloskoop#primaryimage"},"image":{"@id":"https:\/\/www.axiomams.eu\/et\/produktas\/owon-hds2062m-n-ostsilloskoop#primaryimage"},"thumbnailUrl":"https:\/\/www.axiomams.eu\/wp-content\/uploads\/2025\/07\/685-721.jpg","datePublished":"2025-05-15T16:05:06+00:00","dateModified":"2026-02-02T12:32:06+00:00","breadcrumb":{"@id":"https:\/\/www.axiomams.eu\/et\/produktas\/owon-hds2062m-n-ostsilloskoop#breadcrumb"},"inLanguage":"et","potentialAction":[{"@type":"ReadAction","target":["https:\/\/www.axiomams.eu\/et\/produktas\/owon-hds2062m-n-ostsilloskoop"]}]},{"@type":"ImageObject","inLanguage":"et","@id":"https:\/\/www.axiomams.eu\/et\/produktas\/owon-hds2062m-n-ostsilloskoop#primaryimage","url":"https:\/\/www.axiomams.eu\/wp-content\/uploads\/2025\/07\/685-721.jpg","contentUrl":"https:\/\/www.axiomams.eu\/wp-content\/uploads\/2025\/07\/685-721.jpg","width":800,"height":800},{"@type":"BreadcrumbList","@id":"https:\/\/www.axiomams.eu\/et\/produktas\/owon-hds2062m-n-ostsilloskoop#breadcrumb","itemListElement":[{"@type":"ListItem","position":1,"name":"Home","item":"https:\/\/www.axiomams.eu\/et"},{"@type":"ListItem","position":2,"name":"Tooted","item":"https:\/\/www.axiomams.eu\/et\/tooted"},{"@type":"ListItem","position":3,"name":"Owon HDS2062M-N ostsilloskoop"}]},{"@type":"WebSite","@id":"https:\/\/www.axiomams.eu\/et#website","url":"https:\/\/www.axiomams.eu\/et","name":"AXIOMA MS","description":"Terrmovizoriai ir matavimo \u012franga","publisher":{"@id":"https:\/\/www.axiomams.eu\/et#organization"},"potentialAction":[{"@type":"SearchAction","target":{"@type":"EntryPoint","urlTemplate":"https:\/\/www.axiomams.eu\/et?s={search_term_string}"},"query-input":{"@type":"PropertyValueSpecification","valueRequired":true,"valueName":"search_term_string"}}],"inLanguage":"et"},{"@type":"Organization","@id":"https:\/\/www.axiomams.eu\/et#organization","name":"AXIOMA MS","url":"https:\/\/www.axiomams.eu\/et","logo":{"@type":"ImageObject","inLanguage":"et","@id":"https:\/\/www.axiomams.eu\/et#\/schema\/logo\/image\/","url":"https:\/\/www.axiomams.eu\/wp-content\/uploads\/2025\/06\/axioma-logo-2.png","contentUrl":"https:\/\/www.axiomams.eu\/wp-content\/uploads\/2025\/06\/axioma-logo-2.png","width":1200,"height":1200,"caption":"AXIOMA MS"},"image":{"@id":"https:\/\/www.axiomams.eu\/et#\/schema\/logo\/image\/"},"sameAs":["https:\/\/www.facebook.com\/AxiomaMS","https:\/\/www.linkedin.com\/company\/axiomams\/"]}]}},"_links":{"self":[{"href":"https:\/\/www.axiomams.eu\/et\/wp-json\/wp\/v2\/product\/40399","targetHints":{"allow":["GET"]}}],"collection":[{"href":"https:\/\/www.axiomams.eu\/et\/wp-json\/wp\/v2\/product"}],"about":[{"href":"https:\/\/www.axiomams.eu\/et\/wp-json\/wp\/v2\/types\/product"}],"replies":[{"embeddable":true,"href":"https:\/\/www.axiomams.eu\/et\/wp-json\/wp\/v2\/comments?post=40399"}],"wp:featuredmedia":[{"embeddable":true,"href":"https:\/\/www.axiomams.eu\/et\/wp-json\/wp\/v2\/media\/42320"}],"wp:attachment":[{"href":"https:\/\/www.axiomams.eu\/et\/wp-json\/wp\/v2\/media?parent=40399"}],"wp:term":[{"taxonomy":"product_brand","embeddable":true,"href":"https:\/\/www.axiomams.eu\/et\/wp-json\/wp\/v2\/product_brand?post=40399"},{"taxonomy":"product_cat","embeddable":true,"href":"https:\/\/www.axiomams.eu\/et\/wp-json\/wp\/v2\/product_cat?post=40399"},{"taxonomy":"product_tag","embeddable":true,"href":"https:\/\/www.axiomams.eu\/et\/wp-json\/wp\/v2\/product_tag?post=40399"}],"curies":[{"name":"wp","href":"https:\/\/api.w.org\/{rel}","templated":true}]}}