{"id":40402,"date":"2025-05-15T18:05:10","date_gmt":"2025-05-15T16:05:10","guid":{"rendered":"https:\/\/www.axiomams.eu\/produktas\/chauvin-arnoux-ox-9302-ostsilloskoop"},"modified":"2026-02-02T14:32:07","modified_gmt":"2026-02-02T12:32:07","slug":"chauvin-arnoux-ox-9302-ostsilloskoop","status":"publish","type":"product","link":"https:\/\/www.axiomams.eu\/et\/produktas\/chauvin-arnoux-ox-9302-ostsilloskoop","title":{"rendered":"Chauvin Arnoux OX 9302 ostsilloskoop"},"content":{"rendered":"<p>Chauvin Arnoux OX9302 BUS on kaasaskantav, eraldiseisev, &#8220;tahvelarvuti-ikooni p\u00f5lvkonna&#8221; Metrixi ostsilloskoop. T\u00e4nu taustavalgustusega 7-tollisele v\u00e4rvilisele puuteekraanile mustal taustal, mis h\u00f5lbustab lugemist, ning klaviatuuri ja korpuse disainile on SCOPIX IV eriti mugav kasutada. Lisaks t\u00e4iustatud p\u00e4\u00e4stikufunktsioonidele (impulsi laius, loendus, viivitus) pakub SCOPIX IV 20 automaatset m\u00f5\u00f5tmist kanali kohta, mis on seotud kursoritega, et teha p\u00f5hjalikku anal\u00fc\u00fcsi. Igas re\u017eiimis on v\u00f5imalik teha .png ekraanipilt, samuti on v\u00f5imalik printida v\u00f5rguprinterile ning k\u00f5igi teie salvestuste meeldetuletus pakub enneolematut mugavust teie diagnostika jaoks. Funktsiooni SCOPIX IV BUS saab kasutada elektriliste m\u00f5\u00f5tmiste tegemiseks, mis on vajalikud p\u00f5randabusside terviklikkuse hindamiseks.<\/p>\n<p>Standardne komplekt: Chauvin Arnoux OX 9302 BUS, vahelduvvooluadapter\/laadija, akud, pliiats, jutiklis, banaaniadapter, kaablikomplekt + banaanitesti sond, Ethernet-kaabel, USB-kaabel, mikro SD-kaart ja SD-kaardi adapter, CD-ROM kasutusjuhendiga, programmeerimisjuhend, draiverid.<\/p>\n<h3>Tehniline teave:<\/h3>\n<ul>\n<li><a href=\"https:\/\/axiomams.eu\/importer\/export\/attachments\/en\/chauvin-arnoux-ox-9302-bus.pdf\" target=\"_blank\">Chauvin Arnoux OX 9302 BUS.PDF<\/a><\/li>\n<\/ul>\n","protected":false},"excerpt":{"rendered":"<p>Chauvin Arnoux OX9302 BUS on kaasaskantav, eraldiseisev, &#8220;tahvelarvuti-ikooni p\u00f5lvkonna&#8221; Metrixi ostsilloskoop. T\u00e4nu taustavalgustusega 7-tollisele v\u00e4rvilisele puuteekraanile mustal taustal, mis h\u00f5lbustab lugemist, ning klaviatuuri ja korpuse disainile on SCOPIX IV eriti mugav kasutada. Lisaks t\u00e4iustatud p\u00e4\u00e4stikufunktsioonidele (impulsi laius, loendus, viivitus) pakub SCOPIX IV 20 automaatset m\u00f5\u00f5tmist kanali kohta, mis on seotud kursoritega, et teha p\u00f5hjalikku anal\u00fc\u00fcsi&#8230;.<\/p>\n","protected":false},"featured_media":42326,"comment_status":"open","ping_status":"closed","template":"","meta":{"_acf_changed":false},"product_brand":[729],"product_cat":[17823],"product_tag":[],"class_list":{"0":"post-40402","1":"product","2":"type-product","3":"status-publish","4":"has-post-thumbnail","6":"product_brand-chauvin-arnoux","7":"product_cat-generaatorid-toiteallikad-ostsillograafid-rcl-mooturid","9":"first","10":"instock","11":"taxable","12":"shipping-taxable","13":"product-type-simple"},"acf":[],"yoast_head":"<!-- This site is optimized with the Yoast SEO plugin v27.0 - https:\/\/yoast.com\/product\/yoast-seo-wordpress\/ -->\n<title>Chauvin Arnoux OX 9302 ostsilloskoop - AXIOMA MS<\/title>\n<meta name=\"robots\" content=\"index, follow, max-snippet:-1, max-image-preview:large, max-video-preview:-1\" \/>\n<link rel=\"canonical\" href=\"https:\/\/www.axiomams.eu\/et\/produktas\/chauvin-arnoux-ox-9302-ostsilloskoop\" \/>\n<meta property=\"og:locale\" content=\"et_EE\" \/>\n<meta property=\"og:type\" content=\"article\" \/>\n<meta property=\"og:title\" content=\"Chauvin Arnoux OX 9302 ostsilloskoop - AXIOMA MS\" \/>\n<meta property=\"og:description\" content=\"Chauvin Arnoux OX9302 BUS on kaasaskantav, eraldiseisev, &#8220;tahvelarvuti-ikooni p\u00f5lvkonna&#8221; Metrixi ostsilloskoop. T\u00e4nu taustavalgustusega 7-tollisele v\u00e4rvilisele puuteekraanile mustal taustal, mis h\u00f5lbustab lugemist, ning klaviatuuri ja korpuse disainile on SCOPIX IV eriti mugav kasutada. Lisaks t\u00e4iustatud p\u00e4\u00e4stikufunktsioonidele (impulsi laius, loendus, viivitus) pakub SCOPIX IV 20 automaatset m\u00f5\u00f5tmist kanali kohta, mis on seotud kursoritega, et teha p\u00f5hjalikku anal\u00fc\u00fcsi....\" \/>\n<meta property=\"og:url\" content=\"https:\/\/www.axiomams.eu\/et\/produktas\/chauvin-arnoux-ox-9302-ostsilloskoop\" \/>\n<meta property=\"og:site_name\" content=\"AXIOMA MS\" \/>\n<meta property=\"article:publisher\" content=\"https:\/\/www.facebook.com\/AxiomaMS\" \/>\n<meta property=\"article:modified_time\" content=\"2026-02-02T12:32:07+00:00\" \/>\n<meta property=\"og:image\" content=\"https:\/\/www.axiomams.eu\/wp-content\/uploads\/2025\/07\/2753-3583.jpg\" \/>\n\t<meta property=\"og:image:width\" content=\"700\" \/>\n\t<meta property=\"og:image:height\" content=\"683\" \/>\n\t<meta property=\"og:image:type\" content=\"image\/jpeg\" \/>\n<meta name=\"twitter:card\" content=\"summary_large_image\" \/>\n<meta name=\"twitter:label1\" content=\"Est. reading time\" \/>\n\t<meta name=\"twitter:data1\" content=\"1 minut\" \/>\n<script type=\"application\/ld+json\" class=\"yoast-schema-graph\">{\"@context\":\"https:\/\/schema.org\",\"@graph\":[{\"@type\":\"WebPage\",\"@id\":\"https:\/\/www.axiomams.eu\/et\/produktas\/chauvin-arnoux-ox-9302-ostsilloskoop\",\"url\":\"https:\/\/www.axiomams.eu\/et\/produktas\/chauvin-arnoux-ox-9302-ostsilloskoop\",\"name\":\"Chauvin Arnoux OX 9302 ostsilloskoop - AXIOMA MS\",\"isPartOf\":{\"@id\":\"https:\/\/www.axiomams.eu\/et#website\"},\"primaryImageOfPage\":{\"@id\":\"https:\/\/www.axiomams.eu\/et\/produktas\/chauvin-arnoux-ox-9302-ostsilloskoop#primaryimage\"},\"image\":{\"@id\":\"https:\/\/www.axiomams.eu\/et\/produktas\/chauvin-arnoux-ox-9302-ostsilloskoop#primaryimage\"},\"thumbnailUrl\":\"https:\/\/www.axiomams.eu\/wp-content\/uploads\/2025\/07\/2753-3583.jpg\",\"datePublished\":\"2025-05-15T16:05:10+00:00\",\"dateModified\":\"2026-02-02T12:32:07+00:00\",\"breadcrumb\":{\"@id\":\"https:\/\/www.axiomams.eu\/et\/produktas\/chauvin-arnoux-ox-9302-ostsilloskoop#breadcrumb\"},\"inLanguage\":\"et\",\"potentialAction\":[{\"@type\":\"ReadAction\",\"target\":[\"https:\/\/www.axiomams.eu\/et\/produktas\/chauvin-arnoux-ox-9302-ostsilloskoop\"]}]},{\"@type\":\"ImageObject\",\"inLanguage\":\"et\",\"@id\":\"https:\/\/www.axiomams.eu\/et\/produktas\/chauvin-arnoux-ox-9302-ostsilloskoop#primaryimage\",\"url\":\"https:\/\/www.axiomams.eu\/wp-content\/uploads\/2025\/07\/2753-3583.jpg\",\"contentUrl\":\"https:\/\/www.axiomams.eu\/wp-content\/uploads\/2025\/07\/2753-3583.jpg\",\"width\":700,\"height\":683},{\"@type\":\"BreadcrumbList\",\"@id\":\"https:\/\/www.axiomams.eu\/et\/produktas\/chauvin-arnoux-ox-9302-ostsilloskoop#breadcrumb\",\"itemListElement\":[{\"@type\":\"ListItem\",\"position\":1,\"name\":\"Home\",\"item\":\"https:\/\/www.axiomams.eu\/et\"},{\"@type\":\"ListItem\",\"position\":2,\"name\":\"Tooted\",\"item\":\"https:\/\/www.axiomams.eu\/et\/tooted\"},{\"@type\":\"ListItem\",\"position\":3,\"name\":\"Chauvin Arnoux OX 9302 ostsilloskoop\"}]},{\"@type\":\"WebSite\",\"@id\":\"https:\/\/www.axiomams.eu\/et#website\",\"url\":\"https:\/\/www.axiomams.eu\/et\",\"name\":\"AXIOMA MS\",\"description\":\"Terrmovizoriai ir matavimo \u012franga\",\"publisher\":{\"@id\":\"https:\/\/www.axiomams.eu\/et#organization\"},\"potentialAction\":[{\"@type\":\"SearchAction\",\"target\":{\"@type\":\"EntryPoint\",\"urlTemplate\":\"https:\/\/www.axiomams.eu\/et?s={search_term_string}\"},\"query-input\":{\"@type\":\"PropertyValueSpecification\",\"valueRequired\":true,\"valueName\":\"search_term_string\"}}],\"inLanguage\":\"et\"},{\"@type\":\"Organization\",\"@id\":\"https:\/\/www.axiomams.eu\/et#organization\",\"name\":\"AXIOMA MS\",\"url\":\"https:\/\/www.axiomams.eu\/et\",\"logo\":{\"@type\":\"ImageObject\",\"inLanguage\":\"et\",\"@id\":\"https:\/\/www.axiomams.eu\/et#\/schema\/logo\/image\/\",\"url\":\"https:\/\/www.axiomams.eu\/wp-content\/uploads\/2025\/06\/axioma-logo-2.png\",\"contentUrl\":\"https:\/\/www.axiomams.eu\/wp-content\/uploads\/2025\/06\/axioma-logo-2.png\",\"width\":1200,\"height\":1200,\"caption\":\"AXIOMA MS\"},\"image\":{\"@id\":\"https:\/\/www.axiomams.eu\/et#\/schema\/logo\/image\/\"},\"sameAs\":[\"https:\/\/www.facebook.com\/AxiomaMS\",\"https:\/\/www.linkedin.com\/company\/axiomams\/\"]}]}<\/script>\n<!-- \/ Yoast SEO plugin. -->","yoast_head_json":{"title":"Chauvin Arnoux OX 9302 ostsilloskoop - AXIOMA MS","robots":{"index":"index","follow":"follow","max-snippet":"max-snippet:-1","max-image-preview":"max-image-preview:large","max-video-preview":"max-video-preview:-1"},"canonical":"https:\/\/www.axiomams.eu\/et\/produktas\/chauvin-arnoux-ox-9302-ostsilloskoop","og_locale":"et_EE","og_type":"article","og_title":"Chauvin Arnoux OX 9302 ostsilloskoop - AXIOMA MS","og_description":"Chauvin Arnoux OX9302 BUS on kaasaskantav, eraldiseisev, &#8220;tahvelarvuti-ikooni p\u00f5lvkonna&#8221; Metrixi ostsilloskoop. T\u00e4nu taustavalgustusega 7-tollisele v\u00e4rvilisele puuteekraanile mustal taustal, mis h\u00f5lbustab lugemist, ning klaviatuuri ja korpuse disainile on SCOPIX IV eriti mugav kasutada. Lisaks t\u00e4iustatud p\u00e4\u00e4stikufunktsioonidele (impulsi laius, loendus, viivitus) pakub SCOPIX IV 20 automaatset m\u00f5\u00f5tmist kanali kohta, mis on seotud kursoritega, et teha p\u00f5hjalikku anal\u00fc\u00fcsi....","og_url":"https:\/\/www.axiomams.eu\/et\/produktas\/chauvin-arnoux-ox-9302-ostsilloskoop","og_site_name":"AXIOMA MS","article_publisher":"https:\/\/www.facebook.com\/AxiomaMS","article_modified_time":"2026-02-02T12:32:07+00:00","og_image":[{"width":700,"height":683,"url":"https:\/\/www.axiomams.eu\/wp-content\/uploads\/2025\/07\/2753-3583.jpg","type":"image\/jpeg"}],"twitter_card":"summary_large_image","twitter_misc":{"Est. reading time":"1 minut"},"schema":{"@context":"https:\/\/schema.org","@graph":[{"@type":"WebPage","@id":"https:\/\/www.axiomams.eu\/et\/produktas\/chauvin-arnoux-ox-9302-ostsilloskoop","url":"https:\/\/www.axiomams.eu\/et\/produktas\/chauvin-arnoux-ox-9302-ostsilloskoop","name":"Chauvin Arnoux OX 9302 ostsilloskoop - AXIOMA MS","isPartOf":{"@id":"https:\/\/www.axiomams.eu\/et#website"},"primaryImageOfPage":{"@id":"https:\/\/www.axiomams.eu\/et\/produktas\/chauvin-arnoux-ox-9302-ostsilloskoop#primaryimage"},"image":{"@id":"https:\/\/www.axiomams.eu\/et\/produktas\/chauvin-arnoux-ox-9302-ostsilloskoop#primaryimage"},"thumbnailUrl":"https:\/\/www.axiomams.eu\/wp-content\/uploads\/2025\/07\/2753-3583.jpg","datePublished":"2025-05-15T16:05:10+00:00","dateModified":"2026-02-02T12:32:07+00:00","breadcrumb":{"@id":"https:\/\/www.axiomams.eu\/et\/produktas\/chauvin-arnoux-ox-9302-ostsilloskoop#breadcrumb"},"inLanguage":"et","potentialAction":[{"@type":"ReadAction","target":["https:\/\/www.axiomams.eu\/et\/produktas\/chauvin-arnoux-ox-9302-ostsilloskoop"]}]},{"@type":"ImageObject","inLanguage":"et","@id":"https:\/\/www.axiomams.eu\/et\/produktas\/chauvin-arnoux-ox-9302-ostsilloskoop#primaryimage","url":"https:\/\/www.axiomams.eu\/wp-content\/uploads\/2025\/07\/2753-3583.jpg","contentUrl":"https:\/\/www.axiomams.eu\/wp-content\/uploads\/2025\/07\/2753-3583.jpg","width":700,"height":683},{"@type":"BreadcrumbList","@id":"https:\/\/www.axiomams.eu\/et\/produktas\/chauvin-arnoux-ox-9302-ostsilloskoop#breadcrumb","itemListElement":[{"@type":"ListItem","position":1,"name":"Home","item":"https:\/\/www.axiomams.eu\/et"},{"@type":"ListItem","position":2,"name":"Tooted","item":"https:\/\/www.axiomams.eu\/et\/tooted"},{"@type":"ListItem","position":3,"name":"Chauvin Arnoux OX 9302 ostsilloskoop"}]},{"@type":"WebSite","@id":"https:\/\/www.axiomams.eu\/et#website","url":"https:\/\/www.axiomams.eu\/et","name":"AXIOMA MS","description":"Terrmovizoriai ir matavimo \u012franga","publisher":{"@id":"https:\/\/www.axiomams.eu\/et#organization"},"potentialAction":[{"@type":"SearchAction","target":{"@type":"EntryPoint","urlTemplate":"https:\/\/www.axiomams.eu\/et?s={search_term_string}"},"query-input":{"@type":"PropertyValueSpecification","valueRequired":true,"valueName":"search_term_string"}}],"inLanguage":"et"},{"@type":"Organization","@id":"https:\/\/www.axiomams.eu\/et#organization","name":"AXIOMA MS","url":"https:\/\/www.axiomams.eu\/et","logo":{"@type":"ImageObject","inLanguage":"et","@id":"https:\/\/www.axiomams.eu\/et#\/schema\/logo\/image\/","url":"https:\/\/www.axiomams.eu\/wp-content\/uploads\/2025\/06\/axioma-logo-2.png","contentUrl":"https:\/\/www.axiomams.eu\/wp-content\/uploads\/2025\/06\/axioma-logo-2.png","width":1200,"height":1200,"caption":"AXIOMA MS"},"image":{"@id":"https:\/\/www.axiomams.eu\/et#\/schema\/logo\/image\/"},"sameAs":["https:\/\/www.facebook.com\/AxiomaMS","https:\/\/www.linkedin.com\/company\/axiomams\/"]}]}},"_links":{"self":[{"href":"https:\/\/www.axiomams.eu\/et\/wp-json\/wp\/v2\/product\/40402","targetHints":{"allow":["GET"]}}],"collection":[{"href":"https:\/\/www.axiomams.eu\/et\/wp-json\/wp\/v2\/product"}],"about":[{"href":"https:\/\/www.axiomams.eu\/et\/wp-json\/wp\/v2\/types\/product"}],"replies":[{"embeddable":true,"href":"https:\/\/www.axiomams.eu\/et\/wp-json\/wp\/v2\/comments?post=40402"}],"wp:featuredmedia":[{"embeddable":true,"href":"https:\/\/www.axiomams.eu\/et\/wp-json\/wp\/v2\/media\/42326"}],"wp:attachment":[{"href":"https:\/\/www.axiomams.eu\/et\/wp-json\/wp\/v2\/media?parent=40402"}],"wp:term":[{"taxonomy":"product_brand","embeddable":true,"href":"https:\/\/www.axiomams.eu\/et\/wp-json\/wp\/v2\/product_brand?post=40402"},{"taxonomy":"product_cat","embeddable":true,"href":"https:\/\/www.axiomams.eu\/et\/wp-json\/wp\/v2\/product_cat?post=40402"},{"taxonomy":"product_tag","embeddable":true,"href":"https:\/\/www.axiomams.eu\/et\/wp-json\/wp\/v2\/product_tag?post=40402"}],"curies":[{"name":"wp","href":"https:\/\/api.w.org\/{rel}","templated":true}]}}