{"id":40404,"date":"2025-05-15T18:05:11","date_gmt":"2025-05-15T16:05:11","guid":{"rendered":"https:\/\/www.axiomams.eu\/produktas\/pce-instruments-pce-btm-2000-rihmapingemootur"},"modified":"2026-02-02T14:32:10","modified_gmt":"2026-02-02T12:32:10","slug":"pce-instruments-pce-btm-2000-rihmapingemootur","status":"publish","type":"product","link":"https:\/\/www.axiomams.eu\/et\/produktas\/pce-instruments-pce-btm-2000-rihmapingemootur","title":{"rendered":"PCE Instruments PCE-BTM 2000 Rihmapingem\u00f5\u00f5tur"},"content":{"rendered":"<p>Rihmapingutusm\u00f5\u00f5tur on optiline m\u00f5\u00f5tevahend rihmapingutusj\u00f5u m\u00e4\u00e4ramiseks. See rihmapinge m\u00f5\u00f5tmisseade koosneb n\u00e4idiku\u00fcksusest ja andurijuhikust, mis on kinnitatud liblikkaela k\u00fclge. V\u00f6\u00f6pinge m\u00f5\u00f5teseadmega m\u00f5\u00f5detakse v\u00f6\u00f6pinget ja v\u00f6\u00f6 sagedust, kui v\u00f6\u00f6 on paigal. Rihma vibreerimiseks piisab v\u00e4ikesest impulsist, mis on vertikaalne pingesuunaga, ja see paneb rihma vibreerima. V\u00f6\u00f6pinge m\u00f5\u00f5tmise seade m\u00f5\u00f5dab anduriga rihma loomulikku sagedust ja kuvab selle ekraanil. Rihmapingem\u00f5\u00f5turiga saab rihma tegeliku pingutusj\u00f5u otse m\u00e4\u00e4rata rihma sageduse ja valikuliselt sisestatud rihmapikkuse ja rihmamassi p\u00f5hjal. Siiski ei ole nende andmete sisestamine tingimata vajalik, et teha m\u00f5\u00f5tmisi otse rihmapingem\u00f5\u00f5turiga. Rihmapingem\u00f5\u00f5turi graafilisel ekraanil kuvatakse m\u00f5\u00f5detud v\u00e4\u00e4rtus alati rihma sageduse kujul (Hz). Kui rihma mass ja pikkus on seadmesse sisestatud, kuvatakse ka rihma pinge njuutonites. T\u00e4iendava anal\u00fc\u00fcsi ja kvaliteedi tagamise eesm\u00e4rgil on rihmapingem\u00f5\u00f5tur varustatud m\u00e4luga. Rihmapingem\u00f5\u00f5turi m\u00e4llu saab salvestada kuni 750 andmesalvestust 15 50 m\u00f5\u00f5tmisv\u00e4\u00e4rtuse komplektina.<\/p>\n<p>Tehnilised andmed<br \/>\nM\u00f5\u00f5tepiirkond: 10 Hz &#8230; 900 Hz<br \/>\nT\u00e4psus: \u00b1 (1 % rdg. + 4 numbrikohta)<br \/>\nKorratavuse t\u00e4psus: \u00b1 1 Hz<br \/>\nEraldusv\u00f5ime: <100 Hz: 0,1 Hz, >100 Hz: 1 Hz<br \/>\nRihma pikkus: max. 9.999 m<br \/>\nRihma mass: max. 9,999 kg\/m<br \/>\nM\u00e4lu: 750 m\u00f5\u00f5detud v\u00e4\u00e4rtust, 15 komplekti 50 m\u00f5\u00f5tepunktist<br \/>\nToiteallikas: 3 x 1,5 V AAA patareid<br \/>\nT\u00f6\u00f6tingimused: 0 &#8230; 50 \u00b0C, max. 95% R.H.<br \/>\nM\u00f5\u00f5tmed: 150 x 80 x 38 mm<br \/>\nKaal: 200 g koos patareidega<\/p>\n<p>Standardne komplekt: PCE-BTM 2000, magnetiline hoidik, patareid ja kasutusjuhend.<\/p>\n<h3>Tehniline teave:<\/h3>\n<ul>\n<li><a href=\"https:\/\/axiomams.eu\/importer\/export\/attachments\/en\/pce-instruments-pce-btm-2000.pdf\" target=\"_blank\">PCE INSTRUMENTS PCE-BTM 2000.pdf<\/a><\/li>\n<\/ul>\n","protected":false},"excerpt":{"rendered":"<p>Rihmapingutusm\u00f5\u00f5tur on optiline m\u00f5\u00f5tevahend rihmapingutusj\u00f5u m\u00e4\u00e4ramiseks. See rihmapinge m\u00f5\u00f5tmisseade koosneb n\u00e4idiku\u00fcksusest ja andurijuhikust, mis on kinnitatud liblikkaela k\u00fclge. V\u00f6\u00f6pinge m\u00f5\u00f5teseadmega m\u00f5\u00f5detakse v\u00f6\u00f6pinget ja v\u00f6\u00f6 sagedust, kui v\u00f6\u00f6 on paigal. Rihma vibreerimiseks piisab v\u00e4ikesest impulsist, mis on vertikaalne pingesuunaga, ja see paneb rihma vibreerima. V\u00f6\u00f6pinge m\u00f5\u00f5tmise seade m\u00f5\u00f5dab anduriga rihma loomulikku sagedust ja kuvab selle ekraanil&#8230;.<\/p>\n","protected":false},"featured_media":42330,"comment_status":"open","ping_status":"closed","template":"","meta":{"_acf_changed":false},"product_brand":[742],"product_cat":[17831],"product_tag":[],"class_list":{"0":"post-40404","1":"product","2":"type-product","3":"status-publish","4":"has-post-thumbnail","6":"product_brand-pce-instruments","7":"product_cat-tsentreerimissolmede-ja-rihmavollide-tsentreerimiseks","9":"first","10":"instock","11":"taxable","12":"shipping-taxable","13":"product-type-simple"},"acf":[],"yoast_head":"<!-- This site is optimized with the Yoast SEO plugin v27.0 - https:\/\/yoast.com\/product\/yoast-seo-wordpress\/ -->\n<title>PCE Instruments PCE-BTM 2000 Rihmapingem\u00f5\u00f5tur - AXIOMA MS<\/title>\n<meta name=\"robots\" content=\"index, follow, max-snippet:-1, max-image-preview:large, max-video-preview:-1\" \/>\n<link rel=\"canonical\" href=\"https:\/\/www.axiomams.eu\/et\/produktas\/pce-instruments-pce-btm-2000-rihmapingemootur\" \/>\n<meta property=\"og:locale\" content=\"et_EE\" \/>\n<meta property=\"og:type\" content=\"article\" \/>\n<meta property=\"og:title\" content=\"PCE Instruments PCE-BTM 2000 Rihmapingem\u00f5\u00f5tur - AXIOMA MS\" \/>\n<meta property=\"og:description\" content=\"Rihmapingutusm\u00f5\u00f5tur on optiline m\u00f5\u00f5tevahend rihmapingutusj\u00f5u m\u00e4\u00e4ramiseks. See rihmapinge m\u00f5\u00f5tmisseade koosneb n\u00e4idiku\u00fcksusest ja andurijuhikust, mis on kinnitatud liblikkaela k\u00fclge. V\u00f6\u00f6pinge m\u00f5\u00f5teseadmega m\u00f5\u00f5detakse v\u00f6\u00f6pinget ja v\u00f6\u00f6 sagedust, kui v\u00f6\u00f6 on paigal. Rihma vibreerimiseks piisab v\u00e4ikesest impulsist, mis on vertikaalne pingesuunaga, ja see paneb rihma vibreerima. V\u00f6\u00f6pinge m\u00f5\u00f5tmise seade m\u00f5\u00f5dab anduriga rihma loomulikku sagedust ja kuvab selle ekraanil....\" \/>\n<meta property=\"og:url\" content=\"https:\/\/www.axiomams.eu\/et\/produktas\/pce-instruments-pce-btm-2000-rihmapingemootur\" \/>\n<meta property=\"og:site_name\" content=\"AXIOMA MS\" \/>\n<meta property=\"article:publisher\" content=\"https:\/\/www.facebook.com\/AxiomaMS\" \/>\n<meta property=\"article:modified_time\" content=\"2026-02-02T12:32:10+00:00\" \/>\n<meta property=\"og:image\" content=\"https:\/\/www.axiomams.eu\/wp-content\/uploads\/2025\/07\/2955-3893.jpg\" \/>\n\t<meta property=\"og:image:width\" content=\"800\" \/>\n\t<meta property=\"og:image:height\" content=\"800\" \/>\n\t<meta property=\"og:image:type\" content=\"image\/jpeg\" \/>\n<meta name=\"twitter:card\" content=\"summary_large_image\" \/>\n<meta name=\"twitter:label1\" content=\"Est. reading time\" \/>\n\t<meta name=\"twitter:data1\" content=\"1 minut\" \/>\n<script type=\"application\/ld+json\" class=\"yoast-schema-graph\">{\"@context\":\"https:\/\/schema.org\",\"@graph\":[{\"@type\":\"WebPage\",\"@id\":\"https:\/\/www.axiomams.eu\/et\/produktas\/pce-instruments-pce-btm-2000-rihmapingemootur\",\"url\":\"https:\/\/www.axiomams.eu\/et\/produktas\/pce-instruments-pce-btm-2000-rihmapingemootur\",\"name\":\"PCE Instruments PCE-BTM 2000 Rihmapingem\u00f5\u00f5tur - AXIOMA MS\",\"isPartOf\":{\"@id\":\"https:\/\/www.axiomams.eu\/et#website\"},\"primaryImageOfPage\":{\"@id\":\"https:\/\/www.axiomams.eu\/et\/produktas\/pce-instruments-pce-btm-2000-rihmapingemootur#primaryimage\"},\"image\":{\"@id\":\"https:\/\/www.axiomams.eu\/et\/produktas\/pce-instruments-pce-btm-2000-rihmapingemootur#primaryimage\"},\"thumbnailUrl\":\"https:\/\/www.axiomams.eu\/wp-content\/uploads\/2025\/07\/2955-3893.jpg\",\"datePublished\":\"2025-05-15T16:05:11+00:00\",\"dateModified\":\"2026-02-02T12:32:10+00:00\",\"breadcrumb\":{\"@id\":\"https:\/\/www.axiomams.eu\/et\/produktas\/pce-instruments-pce-btm-2000-rihmapingemootur#breadcrumb\"},\"inLanguage\":\"et\",\"potentialAction\":[{\"@type\":\"ReadAction\",\"target\":[\"https:\/\/www.axiomams.eu\/et\/produktas\/pce-instruments-pce-btm-2000-rihmapingemootur\"]}]},{\"@type\":\"ImageObject\",\"inLanguage\":\"et\",\"@id\":\"https:\/\/www.axiomams.eu\/et\/produktas\/pce-instruments-pce-btm-2000-rihmapingemootur#primaryimage\",\"url\":\"https:\/\/www.axiomams.eu\/wp-content\/uploads\/2025\/07\/2955-3893.jpg\",\"contentUrl\":\"https:\/\/www.axiomams.eu\/wp-content\/uploads\/2025\/07\/2955-3893.jpg\",\"width\":800,\"height\":800},{\"@type\":\"BreadcrumbList\",\"@id\":\"https:\/\/www.axiomams.eu\/et\/produktas\/pce-instruments-pce-btm-2000-rihmapingemootur#breadcrumb\",\"itemListElement\":[{\"@type\":\"ListItem\",\"position\":1,\"name\":\"Home\",\"item\":\"https:\/\/www.axiomams.eu\/et\"},{\"@type\":\"ListItem\",\"position\":2,\"name\":\"Tooted\",\"item\":\"https:\/\/www.axiomams.eu\/et\/tooted\"},{\"@type\":\"ListItem\",\"position\":3,\"name\":\"PCE Instruments PCE-BTM 2000 Rihmapingem\u00f5\u00f5tur\"}]},{\"@type\":\"WebSite\",\"@id\":\"https:\/\/www.axiomams.eu\/et#website\",\"url\":\"https:\/\/www.axiomams.eu\/et\",\"name\":\"AXIOMA MS\",\"description\":\"Terrmovizoriai ir matavimo \u012franga\",\"publisher\":{\"@id\":\"https:\/\/www.axiomams.eu\/et#organization\"},\"potentialAction\":[{\"@type\":\"SearchAction\",\"target\":{\"@type\":\"EntryPoint\",\"urlTemplate\":\"https:\/\/www.axiomams.eu\/et?s={search_term_string}\"},\"query-input\":{\"@type\":\"PropertyValueSpecification\",\"valueRequired\":true,\"valueName\":\"search_term_string\"}}],\"inLanguage\":\"et\"},{\"@type\":\"Organization\",\"@id\":\"https:\/\/www.axiomams.eu\/et#organization\",\"name\":\"AXIOMA MS\",\"url\":\"https:\/\/www.axiomams.eu\/et\",\"logo\":{\"@type\":\"ImageObject\",\"inLanguage\":\"et\",\"@id\":\"https:\/\/www.axiomams.eu\/et#\/schema\/logo\/image\/\",\"url\":\"https:\/\/www.axiomams.eu\/wp-content\/uploads\/2025\/06\/axioma-logo-2.png\",\"contentUrl\":\"https:\/\/www.axiomams.eu\/wp-content\/uploads\/2025\/06\/axioma-logo-2.png\",\"width\":1200,\"height\":1200,\"caption\":\"AXIOMA MS\"},\"image\":{\"@id\":\"https:\/\/www.axiomams.eu\/et#\/schema\/logo\/image\/\"},\"sameAs\":[\"https:\/\/www.facebook.com\/AxiomaMS\",\"https:\/\/www.linkedin.com\/company\/axiomams\/\"]}]}<\/script>\n<!-- \/ Yoast SEO plugin. -->","yoast_head_json":{"title":"PCE Instruments PCE-BTM 2000 Rihmapingem\u00f5\u00f5tur - AXIOMA MS","robots":{"index":"index","follow":"follow","max-snippet":"max-snippet:-1","max-image-preview":"max-image-preview:large","max-video-preview":"max-video-preview:-1"},"canonical":"https:\/\/www.axiomams.eu\/et\/produktas\/pce-instruments-pce-btm-2000-rihmapingemootur","og_locale":"et_EE","og_type":"article","og_title":"PCE Instruments PCE-BTM 2000 Rihmapingem\u00f5\u00f5tur - AXIOMA MS","og_description":"Rihmapingutusm\u00f5\u00f5tur on optiline m\u00f5\u00f5tevahend rihmapingutusj\u00f5u m\u00e4\u00e4ramiseks. See rihmapinge m\u00f5\u00f5tmisseade koosneb n\u00e4idiku\u00fcksusest ja andurijuhikust, mis on kinnitatud liblikkaela k\u00fclge. V\u00f6\u00f6pinge m\u00f5\u00f5teseadmega m\u00f5\u00f5detakse v\u00f6\u00f6pinget ja v\u00f6\u00f6 sagedust, kui v\u00f6\u00f6 on paigal. Rihma vibreerimiseks piisab v\u00e4ikesest impulsist, mis on vertikaalne pingesuunaga, ja see paneb rihma vibreerima. V\u00f6\u00f6pinge m\u00f5\u00f5tmise seade m\u00f5\u00f5dab anduriga rihma loomulikku sagedust ja kuvab selle ekraanil....","og_url":"https:\/\/www.axiomams.eu\/et\/produktas\/pce-instruments-pce-btm-2000-rihmapingemootur","og_site_name":"AXIOMA MS","article_publisher":"https:\/\/www.facebook.com\/AxiomaMS","article_modified_time":"2026-02-02T12:32:10+00:00","og_image":[{"width":800,"height":800,"url":"https:\/\/www.axiomams.eu\/wp-content\/uploads\/2025\/07\/2955-3893.jpg","type":"image\/jpeg"}],"twitter_card":"summary_large_image","twitter_misc":{"Est. reading time":"1 minut"},"schema":{"@context":"https:\/\/schema.org","@graph":[{"@type":"WebPage","@id":"https:\/\/www.axiomams.eu\/et\/produktas\/pce-instruments-pce-btm-2000-rihmapingemootur","url":"https:\/\/www.axiomams.eu\/et\/produktas\/pce-instruments-pce-btm-2000-rihmapingemootur","name":"PCE Instruments PCE-BTM 2000 Rihmapingem\u00f5\u00f5tur - AXIOMA MS","isPartOf":{"@id":"https:\/\/www.axiomams.eu\/et#website"},"primaryImageOfPage":{"@id":"https:\/\/www.axiomams.eu\/et\/produktas\/pce-instruments-pce-btm-2000-rihmapingemootur#primaryimage"},"image":{"@id":"https:\/\/www.axiomams.eu\/et\/produktas\/pce-instruments-pce-btm-2000-rihmapingemootur#primaryimage"},"thumbnailUrl":"https:\/\/www.axiomams.eu\/wp-content\/uploads\/2025\/07\/2955-3893.jpg","datePublished":"2025-05-15T16:05:11+00:00","dateModified":"2026-02-02T12:32:10+00:00","breadcrumb":{"@id":"https:\/\/www.axiomams.eu\/et\/produktas\/pce-instruments-pce-btm-2000-rihmapingemootur#breadcrumb"},"inLanguage":"et","potentialAction":[{"@type":"ReadAction","target":["https:\/\/www.axiomams.eu\/et\/produktas\/pce-instruments-pce-btm-2000-rihmapingemootur"]}]},{"@type":"ImageObject","inLanguage":"et","@id":"https:\/\/www.axiomams.eu\/et\/produktas\/pce-instruments-pce-btm-2000-rihmapingemootur#primaryimage","url":"https:\/\/www.axiomams.eu\/wp-content\/uploads\/2025\/07\/2955-3893.jpg","contentUrl":"https:\/\/www.axiomams.eu\/wp-content\/uploads\/2025\/07\/2955-3893.jpg","width":800,"height":800},{"@type":"BreadcrumbList","@id":"https:\/\/www.axiomams.eu\/et\/produktas\/pce-instruments-pce-btm-2000-rihmapingemootur#breadcrumb","itemListElement":[{"@type":"ListItem","position":1,"name":"Home","item":"https:\/\/www.axiomams.eu\/et"},{"@type":"ListItem","position":2,"name":"Tooted","item":"https:\/\/www.axiomams.eu\/et\/tooted"},{"@type":"ListItem","position":3,"name":"PCE Instruments PCE-BTM 2000 Rihmapingem\u00f5\u00f5tur"}]},{"@type":"WebSite","@id":"https:\/\/www.axiomams.eu\/et#website","url":"https:\/\/www.axiomams.eu\/et","name":"AXIOMA MS","description":"Terrmovizoriai ir matavimo \u012franga","publisher":{"@id":"https:\/\/www.axiomams.eu\/et#organization"},"potentialAction":[{"@type":"SearchAction","target":{"@type":"EntryPoint","urlTemplate":"https:\/\/www.axiomams.eu\/et?s={search_term_string}"},"query-input":{"@type":"PropertyValueSpecification","valueRequired":true,"valueName":"search_term_string"}}],"inLanguage":"et"},{"@type":"Organization","@id":"https:\/\/www.axiomams.eu\/et#organization","name":"AXIOMA MS","url":"https:\/\/www.axiomams.eu\/et","logo":{"@type":"ImageObject","inLanguage":"et","@id":"https:\/\/www.axiomams.eu\/et#\/schema\/logo\/image\/","url":"https:\/\/www.axiomams.eu\/wp-content\/uploads\/2025\/06\/axioma-logo-2.png","contentUrl":"https:\/\/www.axiomams.eu\/wp-content\/uploads\/2025\/06\/axioma-logo-2.png","width":1200,"height":1200,"caption":"AXIOMA MS"},"image":{"@id":"https:\/\/www.axiomams.eu\/et#\/schema\/logo\/image\/"},"sameAs":["https:\/\/www.facebook.com\/AxiomaMS","https:\/\/www.linkedin.com\/company\/axiomams\/"]}]}},"_links":{"self":[{"href":"https:\/\/www.axiomams.eu\/et\/wp-json\/wp\/v2\/product\/40404","targetHints":{"allow":["GET"]}}],"collection":[{"href":"https:\/\/www.axiomams.eu\/et\/wp-json\/wp\/v2\/product"}],"about":[{"href":"https:\/\/www.axiomams.eu\/et\/wp-json\/wp\/v2\/types\/product"}],"replies":[{"embeddable":true,"href":"https:\/\/www.axiomams.eu\/et\/wp-json\/wp\/v2\/comments?post=40404"}],"wp:featuredmedia":[{"embeddable":true,"href":"https:\/\/www.axiomams.eu\/et\/wp-json\/wp\/v2\/media\/42330"}],"wp:attachment":[{"href":"https:\/\/www.axiomams.eu\/et\/wp-json\/wp\/v2\/media?parent=40404"}],"wp:term":[{"taxonomy":"product_brand","embeddable":true,"href":"https:\/\/www.axiomams.eu\/et\/wp-json\/wp\/v2\/product_brand?post=40404"},{"taxonomy":"product_cat","embeddable":true,"href":"https:\/\/www.axiomams.eu\/et\/wp-json\/wp\/v2\/product_cat?post=40404"},{"taxonomy":"product_tag","embeddable":true,"href":"https:\/\/www.axiomams.eu\/et\/wp-json\/wp\/v2\/product_tag?post=40404"}],"curies":[{"name":"wp","href":"https:\/\/api.w.org\/{rel}","templated":true}]}}