{"id":40405,"date":"2025-05-15T18:05:13","date_gmt":"2025-05-15T16:05:13","guid":{"rendered":"https:\/\/www.axiomams.eu\/produktas\/pce-instruments-pce-emf-40-gaussi-mootur"},"modified":"2026-02-02T14:32:11","modified_gmt":"2026-02-02T12:32:11","slug":"pce-instruments-pce-emf-40-gaussi-mootur","status":"publish","type":"product","link":"https:\/\/www.axiomams.eu\/et\/produktas\/pce-instruments-pce-emf-40-gaussi-mootur","title":{"rendered":"PCE Instruments PCE-EMF 40 gauss&#8217;i m\u00f5\u00f5tur"},"content":{"rendered":"<p>PCE Instruments PCE-EMF 40 gauss&#8217;i m\u00f5\u00f5tur m\u00f5\u00f5dab otse kuni 2000 mG magnetv\u00e4lja ja n\u00e4itab samal ajal magnetv\u00e4lja tugevust numbriliselt X-, Y- ja Z-telje abil. Gaussi m\u00f5\u00f5turi teine m\u00f5\u00f5tefunktsioon on elektromagnetv\u00e4lja tugevuse m\u00f5\u00f5tmine. Selle m\u00f5\u00f5tmisfunktsiooni abil saab gaussi m\u00f5\u00f5teseadmes m\u00e4\u00e4rata elektromagnetv\u00e4lja tugevust toiteliinidel sagedusel 50 Hz\/60 Hz. Gauss-m\u00f5\u00f5turiga on v\u00f5imalik teostada m\u00f5\u00f5tmisi ka k\u00f5rgsagedusvahemikus.<\/p>\n<p><b>Standardkomplekt:<\/b> PCE Instruments PCE-EMF 40 elektromagnetv\u00e4lja m\u00f5\u00f5tja, patareid, kasutusjuhend.<\/p>\n<p><iframe loading=\"lazy\" width=\"560\" height=\"315\" src=\"https:\/\/www.youtube.com\/embed\/s4bO9vxO1LY?si=vZXYa8CMFEtWlqQ8\" title=\"YouTube video player\" frameborder=\"0\" allow=\"accelerometer; autoplay; clipboard-write; encrypted-media; gyroscope; picture-in-picture; web-share\" allowfullscreen><\/iframe><\/p>\n<h3>Tehniline teave:<\/h3>\n<ul>\n<li><a href=\"https:\/\/axiomams.eu\/importer\/export\/attachments\/en\/pce-instruments-pce-emf-40.pdf\" target=\"_blank\">PCE Instruments PCE-EMF 40.pdf<\/a><\/li>\n<\/ul>\n","protected":false},"excerpt":{"rendered":"<p>PCE Instruments PCE-EMF 40 gauss&#8217;i m\u00f5\u00f5tur m\u00f5\u00f5dab otse kuni 2000 mG magnetv\u00e4lja ja n\u00e4itab samal ajal magnetv\u00e4lja tugevust numbriliselt X-, Y- ja Z-telje abil. Gaussi m\u00f5\u00f5turi teine m\u00f5\u00f5tefunktsioon on elektromagnetv\u00e4lja tugevuse m\u00f5\u00f5tmine. Selle m\u00f5\u00f5tmisfunktsiooni abil saab gaussi m\u00f5\u00f5teseadmes m\u00e4\u00e4rata elektromagnetv\u00e4lja tugevust toiteliinidel sagedusel 50 Hz\/60 Hz. Gauss-m\u00f5\u00f5turiga on v\u00f5imalik teostada m\u00f5\u00f5tmisi ka k\u00f5rgsagedusvahemikus. Standardkomplekt: PCE&#8230;<\/p>\n","protected":false},"featured_media":42332,"comment_status":"open","ping_status":"closed","template":"","meta":{"_acf_changed":false},"product_brand":[742],"product_cat":[17789],"product_tag":[],"class_list":{"0":"post-40405","1":"product","2":"type-product","3":"status-publish","4":"has-post-thumbnail","6":"product_brand-pce-instruments","7":"product_cat-tolmu-elektromagnetvalja-mootmine","9":"first","10":"instock","11":"taxable","12":"shipping-taxable","13":"purchasable","14":"product-type-simple"},"acf":[],"yoast_head":"<!-- This site is optimized with the Yoast SEO plugin v27.0 - https:\/\/yoast.com\/product\/yoast-seo-wordpress\/ -->\n<title>PCE Instruments PCE-EMF 40 gauss&#039;i m\u00f5\u00f5tur - AXIOMA MS<\/title>\n<meta name=\"robots\" content=\"index, follow, max-snippet:-1, max-image-preview:large, max-video-preview:-1\" \/>\n<link rel=\"canonical\" href=\"https:\/\/www.axiomams.eu\/et\/produktas\/pce-instruments-pce-emf-40-gaussi-mootur\" \/>\n<meta property=\"og:locale\" content=\"et_EE\" \/>\n<meta property=\"og:type\" content=\"article\" \/>\n<meta property=\"og:title\" content=\"PCE Instruments PCE-EMF 40 gauss&#039;i m\u00f5\u00f5tur - AXIOMA MS\" \/>\n<meta property=\"og:description\" content=\"PCE Instruments PCE-EMF 40 gauss&#8217;i m\u00f5\u00f5tur m\u00f5\u00f5dab otse kuni 2000 mG magnetv\u00e4lja ja n\u00e4itab samal ajal magnetv\u00e4lja tugevust numbriliselt X-, Y- ja Z-telje abil. Gaussi m\u00f5\u00f5turi teine m\u00f5\u00f5tefunktsioon on elektromagnetv\u00e4lja tugevuse m\u00f5\u00f5tmine. Selle m\u00f5\u00f5tmisfunktsiooni abil saab gaussi m\u00f5\u00f5teseadmes m\u00e4\u00e4rata elektromagnetv\u00e4lja tugevust toiteliinidel sagedusel 50 Hz\/60 Hz. Gauss-m\u00f5\u00f5turiga on v\u00f5imalik teostada m\u00f5\u00f5tmisi ka k\u00f5rgsagedusvahemikus. Standardkomplekt: PCE...\" \/>\n<meta property=\"og:url\" content=\"https:\/\/www.axiomams.eu\/et\/produktas\/pce-instruments-pce-emf-40-gaussi-mootur\" \/>\n<meta property=\"og:site_name\" content=\"AXIOMA MS\" \/>\n<meta property=\"article:publisher\" content=\"https:\/\/www.facebook.com\/AxiomaMS\" \/>\n<meta property=\"article:modified_time\" content=\"2026-02-02T12:32:11+00:00\" \/>\n<meta property=\"og:image\" content=\"https:\/\/www.axiomams.eu\/wp-content\/uploads\/2025\/07\/3514-4744.jpg\" \/>\n\t<meta property=\"og:image:width\" content=\"800\" \/>\n\t<meta property=\"og:image:height\" content=\"800\" \/>\n\t<meta property=\"og:image:type\" content=\"image\/jpeg\" \/>\n<meta name=\"twitter:card\" content=\"summary_large_image\" \/>\n<script type=\"application\/ld+json\" class=\"yoast-schema-graph\">{\"@context\":\"https:\/\/schema.org\",\"@graph\":[{\"@type\":\"WebPage\",\"@id\":\"https:\/\/www.axiomams.eu\/et\/produktas\/pce-instruments-pce-emf-40-gaussi-mootur\",\"url\":\"https:\/\/www.axiomams.eu\/et\/produktas\/pce-instruments-pce-emf-40-gaussi-mootur\",\"name\":\"PCE Instruments PCE-EMF 40 gauss'i m\u00f5\u00f5tur - AXIOMA MS\",\"isPartOf\":{\"@id\":\"https:\/\/www.axiomams.eu\/et#website\"},\"primaryImageOfPage\":{\"@id\":\"https:\/\/www.axiomams.eu\/et\/produktas\/pce-instruments-pce-emf-40-gaussi-mootur#primaryimage\"},\"image\":{\"@id\":\"https:\/\/www.axiomams.eu\/et\/produktas\/pce-instruments-pce-emf-40-gaussi-mootur#primaryimage\"},\"thumbnailUrl\":\"https:\/\/www.axiomams.eu\/wp-content\/uploads\/2025\/07\/3514-4744.jpg\",\"datePublished\":\"2025-05-15T16:05:13+00:00\",\"dateModified\":\"2026-02-02T12:32:11+00:00\",\"breadcrumb\":{\"@id\":\"https:\/\/www.axiomams.eu\/et\/produktas\/pce-instruments-pce-emf-40-gaussi-mootur#breadcrumb\"},\"inLanguage\":\"et\",\"potentialAction\":[{\"@type\":\"ReadAction\",\"target\":[\"https:\/\/www.axiomams.eu\/et\/produktas\/pce-instruments-pce-emf-40-gaussi-mootur\"]}]},{\"@type\":\"ImageObject\",\"inLanguage\":\"et\",\"@id\":\"https:\/\/www.axiomams.eu\/et\/produktas\/pce-instruments-pce-emf-40-gaussi-mootur#primaryimage\",\"url\":\"https:\/\/www.axiomams.eu\/wp-content\/uploads\/2025\/07\/3514-4744.jpg\",\"contentUrl\":\"https:\/\/www.axiomams.eu\/wp-content\/uploads\/2025\/07\/3514-4744.jpg\",\"width\":800,\"height\":800},{\"@type\":\"BreadcrumbList\",\"@id\":\"https:\/\/www.axiomams.eu\/et\/produktas\/pce-instruments-pce-emf-40-gaussi-mootur#breadcrumb\",\"itemListElement\":[{\"@type\":\"ListItem\",\"position\":1,\"name\":\"Home\",\"item\":\"https:\/\/www.axiomams.eu\/et\"},{\"@type\":\"ListItem\",\"position\":2,\"name\":\"Tooted\",\"item\":\"https:\/\/www.axiomams.eu\/et\/tooted\"},{\"@type\":\"ListItem\",\"position\":3,\"name\":\"PCE Instruments PCE-EMF 40 gauss&#8217;i m\u00f5\u00f5tur\"}]},{\"@type\":\"WebSite\",\"@id\":\"https:\/\/www.axiomams.eu\/et#website\",\"url\":\"https:\/\/www.axiomams.eu\/et\",\"name\":\"AXIOMA MS\",\"description\":\"Terrmovizoriai ir matavimo \u012franga\",\"publisher\":{\"@id\":\"https:\/\/www.axiomams.eu\/et#organization\"},\"potentialAction\":[{\"@type\":\"SearchAction\",\"target\":{\"@type\":\"EntryPoint\",\"urlTemplate\":\"https:\/\/www.axiomams.eu\/et?s={search_term_string}\"},\"query-input\":{\"@type\":\"PropertyValueSpecification\",\"valueRequired\":true,\"valueName\":\"search_term_string\"}}],\"inLanguage\":\"et\"},{\"@type\":\"Organization\",\"@id\":\"https:\/\/www.axiomams.eu\/et#organization\",\"name\":\"AXIOMA MS\",\"url\":\"https:\/\/www.axiomams.eu\/et\",\"logo\":{\"@type\":\"ImageObject\",\"inLanguage\":\"et\",\"@id\":\"https:\/\/www.axiomams.eu\/et#\/schema\/logo\/image\/\",\"url\":\"https:\/\/www.axiomams.eu\/wp-content\/uploads\/2025\/06\/axioma-logo-2.png\",\"contentUrl\":\"https:\/\/www.axiomams.eu\/wp-content\/uploads\/2025\/06\/axioma-logo-2.png\",\"width\":1200,\"height\":1200,\"caption\":\"AXIOMA MS\"},\"image\":{\"@id\":\"https:\/\/www.axiomams.eu\/et#\/schema\/logo\/image\/\"},\"sameAs\":[\"https:\/\/www.facebook.com\/AxiomaMS\",\"https:\/\/www.linkedin.com\/company\/axiomams\/\"]}]}<\/script>\n<!-- \/ Yoast SEO plugin. -->","yoast_head_json":{"title":"PCE Instruments PCE-EMF 40 gauss'i m\u00f5\u00f5tur - AXIOMA MS","robots":{"index":"index","follow":"follow","max-snippet":"max-snippet:-1","max-image-preview":"max-image-preview:large","max-video-preview":"max-video-preview:-1"},"canonical":"https:\/\/www.axiomams.eu\/et\/produktas\/pce-instruments-pce-emf-40-gaussi-mootur","og_locale":"et_EE","og_type":"article","og_title":"PCE Instruments PCE-EMF 40 gauss'i m\u00f5\u00f5tur - AXIOMA MS","og_description":"PCE Instruments PCE-EMF 40 gauss&#8217;i m\u00f5\u00f5tur m\u00f5\u00f5dab otse kuni 2000 mG magnetv\u00e4lja ja n\u00e4itab samal ajal magnetv\u00e4lja tugevust numbriliselt X-, Y- ja Z-telje abil. Gaussi m\u00f5\u00f5turi teine m\u00f5\u00f5tefunktsioon on elektromagnetv\u00e4lja tugevuse m\u00f5\u00f5tmine. Selle m\u00f5\u00f5tmisfunktsiooni abil saab gaussi m\u00f5\u00f5teseadmes m\u00e4\u00e4rata elektromagnetv\u00e4lja tugevust toiteliinidel sagedusel 50 Hz\/60 Hz. Gauss-m\u00f5\u00f5turiga on v\u00f5imalik teostada m\u00f5\u00f5tmisi ka k\u00f5rgsagedusvahemikus. Standardkomplekt: PCE...","og_url":"https:\/\/www.axiomams.eu\/et\/produktas\/pce-instruments-pce-emf-40-gaussi-mootur","og_site_name":"AXIOMA MS","article_publisher":"https:\/\/www.facebook.com\/AxiomaMS","article_modified_time":"2026-02-02T12:32:11+00:00","og_image":[{"width":800,"height":800,"url":"https:\/\/www.axiomams.eu\/wp-content\/uploads\/2025\/07\/3514-4744.jpg","type":"image\/jpeg"}],"twitter_card":"summary_large_image","schema":{"@context":"https:\/\/schema.org","@graph":[{"@type":"WebPage","@id":"https:\/\/www.axiomams.eu\/et\/produktas\/pce-instruments-pce-emf-40-gaussi-mootur","url":"https:\/\/www.axiomams.eu\/et\/produktas\/pce-instruments-pce-emf-40-gaussi-mootur","name":"PCE Instruments PCE-EMF 40 gauss'i m\u00f5\u00f5tur - AXIOMA MS","isPartOf":{"@id":"https:\/\/www.axiomams.eu\/et#website"},"primaryImageOfPage":{"@id":"https:\/\/www.axiomams.eu\/et\/produktas\/pce-instruments-pce-emf-40-gaussi-mootur#primaryimage"},"image":{"@id":"https:\/\/www.axiomams.eu\/et\/produktas\/pce-instruments-pce-emf-40-gaussi-mootur#primaryimage"},"thumbnailUrl":"https:\/\/www.axiomams.eu\/wp-content\/uploads\/2025\/07\/3514-4744.jpg","datePublished":"2025-05-15T16:05:13+00:00","dateModified":"2026-02-02T12:32:11+00:00","breadcrumb":{"@id":"https:\/\/www.axiomams.eu\/et\/produktas\/pce-instruments-pce-emf-40-gaussi-mootur#breadcrumb"},"inLanguage":"et","potentialAction":[{"@type":"ReadAction","target":["https:\/\/www.axiomams.eu\/et\/produktas\/pce-instruments-pce-emf-40-gaussi-mootur"]}]},{"@type":"ImageObject","inLanguage":"et","@id":"https:\/\/www.axiomams.eu\/et\/produktas\/pce-instruments-pce-emf-40-gaussi-mootur#primaryimage","url":"https:\/\/www.axiomams.eu\/wp-content\/uploads\/2025\/07\/3514-4744.jpg","contentUrl":"https:\/\/www.axiomams.eu\/wp-content\/uploads\/2025\/07\/3514-4744.jpg","width":800,"height":800},{"@type":"BreadcrumbList","@id":"https:\/\/www.axiomams.eu\/et\/produktas\/pce-instruments-pce-emf-40-gaussi-mootur#breadcrumb","itemListElement":[{"@type":"ListItem","position":1,"name":"Home","item":"https:\/\/www.axiomams.eu\/et"},{"@type":"ListItem","position":2,"name":"Tooted","item":"https:\/\/www.axiomams.eu\/et\/tooted"},{"@type":"ListItem","position":3,"name":"PCE Instruments PCE-EMF 40 gauss&#8217;i m\u00f5\u00f5tur"}]},{"@type":"WebSite","@id":"https:\/\/www.axiomams.eu\/et#website","url":"https:\/\/www.axiomams.eu\/et","name":"AXIOMA MS","description":"Terrmovizoriai ir matavimo \u012franga","publisher":{"@id":"https:\/\/www.axiomams.eu\/et#organization"},"potentialAction":[{"@type":"SearchAction","target":{"@type":"EntryPoint","urlTemplate":"https:\/\/www.axiomams.eu\/et?s={search_term_string}"},"query-input":{"@type":"PropertyValueSpecification","valueRequired":true,"valueName":"search_term_string"}}],"inLanguage":"et"},{"@type":"Organization","@id":"https:\/\/www.axiomams.eu\/et#organization","name":"AXIOMA MS","url":"https:\/\/www.axiomams.eu\/et","logo":{"@type":"ImageObject","inLanguage":"et","@id":"https:\/\/www.axiomams.eu\/et#\/schema\/logo\/image\/","url":"https:\/\/www.axiomams.eu\/wp-content\/uploads\/2025\/06\/axioma-logo-2.png","contentUrl":"https:\/\/www.axiomams.eu\/wp-content\/uploads\/2025\/06\/axioma-logo-2.png","width":1200,"height":1200,"caption":"AXIOMA MS"},"image":{"@id":"https:\/\/www.axiomams.eu\/et#\/schema\/logo\/image\/"},"sameAs":["https:\/\/www.facebook.com\/AxiomaMS","https:\/\/www.linkedin.com\/company\/axiomams\/"]}]}},"_links":{"self":[{"href":"https:\/\/www.axiomams.eu\/et\/wp-json\/wp\/v2\/product\/40405","targetHints":{"allow":["GET"]}}],"collection":[{"href":"https:\/\/www.axiomams.eu\/et\/wp-json\/wp\/v2\/product"}],"about":[{"href":"https:\/\/www.axiomams.eu\/et\/wp-json\/wp\/v2\/types\/product"}],"replies":[{"embeddable":true,"href":"https:\/\/www.axiomams.eu\/et\/wp-json\/wp\/v2\/comments?post=40405"}],"wp:featuredmedia":[{"embeddable":true,"href":"https:\/\/www.axiomams.eu\/et\/wp-json\/wp\/v2\/media\/42332"}],"wp:attachment":[{"href":"https:\/\/www.axiomams.eu\/et\/wp-json\/wp\/v2\/media?parent=40405"}],"wp:term":[{"taxonomy":"product_brand","embeddable":true,"href":"https:\/\/www.axiomams.eu\/et\/wp-json\/wp\/v2\/product_brand?post=40405"},{"taxonomy":"product_cat","embeddable":true,"href":"https:\/\/www.axiomams.eu\/et\/wp-json\/wp\/v2\/product_cat?post=40405"},{"taxonomy":"product_tag","embeddable":true,"href":"https:\/\/www.axiomams.eu\/et\/wp-json\/wp\/v2\/product_tag?post=40405"}],"curies":[{"name":"wp","href":"https:\/\/api.w.org\/{rel}","templated":true}]}}