{"id":40406,"date":"2025-05-15T18:05:14","date_gmt":"2025-05-15T16:05:14","guid":{"rendered":"https:\/\/www.axiomams.eu\/produktas\/pce-instruments-pce-pqc-10eu-osakeste-loendur"},"modified":"2026-02-02T14:32:11","modified_gmt":"2026-02-02T12:32:11","slug":"pce-instruments-pce-pqc-10eu-osakeste-loendur","status":"publish","type":"product","link":"https:\/\/www.axiomams.eu\/et\/produktas\/pce-instruments-pce-pqc-10eu-osakeste-loendur","title":{"rendered":"PCE Instruments PCE-PQC 10EU osakeste loendur"},"content":{"rendered":"<p>M\u00f5\u00f5tepiirkond 0,3 &#8230; 25 \u03bcm<br \/>\nM\u00f5\u00f5tekanali suurused Tehases kalibreeritud 0,3, 0,5, 1,0, 2,5, 5,0, 10,0 \u03bcm.<br \/>\nLoendust\u00f5husus 50% 0,3 \u03bcm juures 100% > 0,45 \u03bcm juures vastavalt JIS-le<\/p>\n<p>Vooluhulk 2,83 l \/ min (0,1 ft3 \/ min)<br \/>\nJuhuslik kadu 5% 4 000 000 osakese \/ ft\u00b3 juures<br \/>\nAku 10 h<br \/>\nValgusallikas Pikaajaline laserdiood<br \/>\nNullarv < 1 arv \/ 5 min (< 2 osakest \/ ft\u00b3)\n \tVastavalt ISO 21501-4 ja JIS\nLoendusre\u017eiimid Automaatne, k\u00e4sitsi, reaalajas, kumulatiivne \/\n \tDiferentsiaalne, massikontsentratsioon\nAlarmsignaalid 1 ... 9999999 loendust, reguleeritav\nKalibreerimine J\u00e4lgitav NISTi j\u00e4rgi\nEkraan 4,3\" WQVGA v\u00e4rviline puutetundlik ekraan, 480x272 px\nPrinter V\u00e4line termoprinter\nAspiratsioon Sisemine pump automaatse\n \tVooluhulga reguleerimine\n\u00d5huv\u00e4ljund Sisemine HEPA-filter\nAkupakett Vahetatav Li-Ioon aku\nLaadimisaeg Umbes 4 tundi\nAruanded ISO 14644-1\n \tELi GMP 1. lisa\n \tFS 209E\nKonfigureerimism\u00e4lu 50 kohandatud konfiguratsiooni jaoks\nStandardid ISO 21501-4 ja JIS B9921\nM\u00f5\u00f5tmed 25,4 x 12,9 x 11,4 cm\nKaal 1,0 kg\nSalvestusruum 45000 andmekomplekti (r\u00f5ngam\u00e4lu), mis koosneb j\u00e4rgmistest elementidest\n \tosakeste arv, temperatuur ja niiskus, asukohad ja ajad\nProoviv\u00f5tukohtade arv Kuni 1000 kohta saab salvestada\nProovide kestus 1 s ... 99 h reguleeritav\nToide 110 ... 240 V AC 50\/60 Hz\nT\u00f6\u00f6tingimused 5 ... 40\u00b0C \/ 41 ... 104\u00b0F\n \tKuni 95% suhteline \u00f5huniiskus, ei kondenseeru\nS\u00e4ilitustingimused 0 ... 50\u00b0C \/ 32 ... 122\u00b0F\n \tKuni 98% suhteline \u00f5huniiskus, ei kondenseeru\n\n\nTemperatuuri-\/ niiskusandur 0 ... +50 \u00b0C (32 ... +122 \u00b0F), 15 ... 90 % r.H.\nSisemine\n\nEraldusv\u00f5ime 0,5 \u00b0C\nT\u00e4psus \u00b10,5 \u00b0C (\u00b11 \u00b0F), \u00b12 % r.H.\n \t\nLiides Ethernet, USB\nValikulised liidesed WiFi 802.11 b\/g, RS485 v\u00f5i RS232\nM\u00f5\u00f5tekanalite arv 6\n<\/p>\n","protected":false},"excerpt":{"rendered":"<p>M\u00f5\u00f5tepiirkond 0,3 &#8230; 25 \u03bcm M\u00f5\u00f5tekanali suurused Tehases kalibreeritud 0,3, 0,5, 1,0, 2,5, 5,0, 10,0 \u03bcm. Loendust\u00f5husus 50% 0,3 \u03bcm juures 100% > 0,45 \u03bcm juures vastavalt JIS-le Vooluhulk 2,83 l \/ min (0,1 ft3 \/ min) Juhuslik kadu 5% 4 000 000 osakese \/ ft\u00b3 juures Aku 10 h Valgusallikas Pikaajaline laserdiood Nullarv <...\n<\/p>\n","protected":false},"featured_media":42334,"comment_status":"open","ping_status":"closed","template":"","meta":{"_acf_changed":false},"product_brand":[742],"product_cat":[17789],"product_tag":[],"class_list":{"0":"post-40406","1":"product","2":"type-product","3":"status-publish","4":"has-post-thumbnail","6":"product_brand-pce-instruments","7":"product_cat-tolmu-elektromagnetvalja-mootmine","9":"first","10":"instock","11":"taxable","12":"shipping-taxable","13":"purchasable","14":"product-type-simple"},"acf":[],"yoast_head":"<!-- This site is optimized with the Yoast SEO plugin v27.0 - https:\/\/yoast.com\/product\/yoast-seo-wordpress\/ -->\n<title>PCE Instruments PCE-PQC 10EU osakeste loendur - AXIOMA MS<\/title>\n<meta name=\"robots\" content=\"index, follow, max-snippet:-1, max-image-preview:large, max-video-preview:-1\" \/>\n<link rel=\"canonical\" href=\"https:\/\/www.axiomams.eu\/et\/produktas\/pce-instruments-pce-pqc-10eu-osakeste-loendur\" \/>\n<meta property=\"og:locale\" content=\"et_EE\" \/>\n<meta property=\"og:type\" content=\"article\" \/>\n<meta property=\"og:title\" content=\"PCE Instruments PCE-PQC 10EU osakeste loendur - AXIOMA MS\" \/>\n<meta property=\"og:description\" content=\"M\u00f5\u00f5tepiirkond 0,3 &#8230; 25 \u03bcm M\u00f5\u00f5tekanali suurused Tehases kalibreeritud 0,3, 0,5, 1,0, 2,5, 5,0, 10,0 \u03bcm. Loendust\u00f5husus 50% 0,3 \u03bcm juures 100% &gt; 0,45 \u03bcm juures vastavalt JIS-le Vooluhulk 2,83 l \/ min (0,1 ft3 \/ min) Juhuslik kadu 5% 4 000 000 osakese \/ ft\u00b3 juures Aku 10 h Valgusallikas Pikaajaline laserdiood Nullarv\" \/>\n<meta property=\"og:url\" content=\"https:\/\/www.axiomams.eu\/et\/produktas\/pce-instruments-pce-pqc-10eu-osakeste-loendur\" \/>\n<meta property=\"og:site_name\" content=\"AXIOMA MS\" \/>\n<meta property=\"article:publisher\" content=\"https:\/\/www.facebook.com\/AxiomaMS\" \/>\n<meta property=\"article:modified_time\" content=\"2026-02-02T12:32:11+00:00\" \/>\n<meta property=\"og:image\" content=\"https:\/\/www.axiomams.eu\/wp-content\/uploads\/2025\/07\/2966-3915.jpg\" \/>\n\t<meta property=\"og:image:width\" content=\"250\" \/>\n\t<meta property=\"og:image:height\" content=\"250\" \/>\n\t<meta property=\"og:image:type\" content=\"image\/jpeg\" \/>\n<meta name=\"twitter:card\" content=\"summary_large_image\" \/>\n<meta name=\"twitter:label1\" content=\"Est. reading time\" \/>\n\t<meta name=\"twitter:data1\" content=\"1 minut\" \/>\n<script type=\"application\/ld+json\" class=\"yoast-schema-graph\">{\"@context\":\"https:\/\/schema.org\",\"@graph\":[{\"@type\":\"WebPage\",\"@id\":\"https:\/\/www.axiomams.eu\/et\/produktas\/pce-instruments-pce-pqc-10eu-osakeste-loendur\",\"url\":\"https:\/\/www.axiomams.eu\/et\/produktas\/pce-instruments-pce-pqc-10eu-osakeste-loendur\",\"name\":\"PCE Instruments PCE-PQC 10EU osakeste loendur - AXIOMA MS\",\"isPartOf\":{\"@id\":\"https:\/\/www.axiomams.eu\/et#website\"},\"primaryImageOfPage\":{\"@id\":\"https:\/\/www.axiomams.eu\/et\/produktas\/pce-instruments-pce-pqc-10eu-osakeste-loendur#primaryimage\"},\"image\":{\"@id\":\"https:\/\/www.axiomams.eu\/et\/produktas\/pce-instruments-pce-pqc-10eu-osakeste-loendur#primaryimage\"},\"thumbnailUrl\":\"https:\/\/www.axiomams.eu\/wp-content\/uploads\/2025\/07\/2966-3915.jpg\",\"datePublished\":\"2025-05-15T16:05:14+00:00\",\"dateModified\":\"2026-02-02T12:32:11+00:00\",\"breadcrumb\":{\"@id\":\"https:\/\/www.axiomams.eu\/et\/produktas\/pce-instruments-pce-pqc-10eu-osakeste-loendur#breadcrumb\"},\"inLanguage\":\"et\",\"potentialAction\":[{\"@type\":\"ReadAction\",\"target\":[\"https:\/\/www.axiomams.eu\/et\/produktas\/pce-instruments-pce-pqc-10eu-osakeste-loendur\"]}]},{\"@type\":\"ImageObject\",\"inLanguage\":\"et\",\"@id\":\"https:\/\/www.axiomams.eu\/et\/produktas\/pce-instruments-pce-pqc-10eu-osakeste-loendur#primaryimage\",\"url\":\"https:\/\/www.axiomams.eu\/wp-content\/uploads\/2025\/07\/2966-3915.jpg\",\"contentUrl\":\"https:\/\/www.axiomams.eu\/wp-content\/uploads\/2025\/07\/2966-3915.jpg\",\"width\":250,\"height\":250},{\"@type\":\"BreadcrumbList\",\"@id\":\"https:\/\/www.axiomams.eu\/et\/produktas\/pce-instruments-pce-pqc-10eu-osakeste-loendur#breadcrumb\",\"itemListElement\":[{\"@type\":\"ListItem\",\"position\":1,\"name\":\"Home\",\"item\":\"https:\/\/www.axiomams.eu\/et\"},{\"@type\":\"ListItem\",\"position\":2,\"name\":\"Tooted\",\"item\":\"https:\/\/www.axiomams.eu\/et\/tooted\"},{\"@type\":\"ListItem\",\"position\":3,\"name\":\"PCE Instruments PCE-PQC 10EU osakeste loendur\"}]},{\"@type\":\"WebSite\",\"@id\":\"https:\/\/www.axiomams.eu\/et#website\",\"url\":\"https:\/\/www.axiomams.eu\/et\",\"name\":\"AXIOMA MS\",\"description\":\"Terrmovizoriai ir matavimo \u012franga\",\"publisher\":{\"@id\":\"https:\/\/www.axiomams.eu\/et#organization\"},\"potentialAction\":[{\"@type\":\"SearchAction\",\"target\":{\"@type\":\"EntryPoint\",\"urlTemplate\":\"https:\/\/www.axiomams.eu\/et?s={search_term_string}\"},\"query-input\":{\"@type\":\"PropertyValueSpecification\",\"valueRequired\":true,\"valueName\":\"search_term_string\"}}],\"inLanguage\":\"et\"},{\"@type\":\"Organization\",\"@id\":\"https:\/\/www.axiomams.eu\/et#organization\",\"name\":\"AXIOMA MS\",\"url\":\"https:\/\/www.axiomams.eu\/et\",\"logo\":{\"@type\":\"ImageObject\",\"inLanguage\":\"et\",\"@id\":\"https:\/\/www.axiomams.eu\/et#\/schema\/logo\/image\/\",\"url\":\"https:\/\/www.axiomams.eu\/wp-content\/uploads\/2025\/06\/axioma-logo-2.png\",\"contentUrl\":\"https:\/\/www.axiomams.eu\/wp-content\/uploads\/2025\/06\/axioma-logo-2.png\",\"width\":1200,\"height\":1200,\"caption\":\"AXIOMA MS\"},\"image\":{\"@id\":\"https:\/\/www.axiomams.eu\/et#\/schema\/logo\/image\/\"},\"sameAs\":[\"https:\/\/www.facebook.com\/AxiomaMS\",\"https:\/\/www.linkedin.com\/company\/axiomams\/\"]}]}<\/script>\n<!-- \/ Yoast SEO plugin. -->","yoast_head_json":{"title":"PCE Instruments PCE-PQC 10EU osakeste loendur - AXIOMA MS","robots":{"index":"index","follow":"follow","max-snippet":"max-snippet:-1","max-image-preview":"max-image-preview:large","max-video-preview":"max-video-preview:-1"},"canonical":"https:\/\/www.axiomams.eu\/et\/produktas\/pce-instruments-pce-pqc-10eu-osakeste-loendur","og_locale":"et_EE","og_type":"article","og_title":"PCE Instruments PCE-PQC 10EU osakeste loendur - AXIOMA MS","og_description":"M\u00f5\u00f5tepiirkond 0,3 &#8230; 25 \u03bcm M\u00f5\u00f5tekanali suurused Tehases kalibreeritud 0,3, 0,5, 1,0, 2,5, 5,0, 10,0 \u03bcm. Loendust\u00f5husus 50% 0,3 \u03bcm juures 100% > 0,45 \u03bcm juures vastavalt JIS-le Vooluhulk 2,83 l \/ min (0,1 ft3 \/ min) Juhuslik kadu 5% 4 000 000 osakese \/ ft\u00b3 juures Aku 10 h Valgusallikas Pikaajaline laserdiood Nullarv","og_url":"https:\/\/www.axiomams.eu\/et\/produktas\/pce-instruments-pce-pqc-10eu-osakeste-loendur","og_site_name":"AXIOMA MS","article_publisher":"https:\/\/www.facebook.com\/AxiomaMS","article_modified_time":"2026-02-02T12:32:11+00:00","og_image":[{"width":250,"height":250,"url":"https:\/\/www.axiomams.eu\/wp-content\/uploads\/2025\/07\/2966-3915.jpg","type":"image\/jpeg"}],"twitter_card":"summary_large_image","twitter_misc":{"Est. reading time":"1 minut"},"schema":{"@context":"https:\/\/schema.org","@graph":[{"@type":"WebPage","@id":"https:\/\/www.axiomams.eu\/et\/produktas\/pce-instruments-pce-pqc-10eu-osakeste-loendur","url":"https:\/\/www.axiomams.eu\/et\/produktas\/pce-instruments-pce-pqc-10eu-osakeste-loendur","name":"PCE Instruments PCE-PQC 10EU osakeste loendur - AXIOMA MS","isPartOf":{"@id":"https:\/\/www.axiomams.eu\/et#website"},"primaryImageOfPage":{"@id":"https:\/\/www.axiomams.eu\/et\/produktas\/pce-instruments-pce-pqc-10eu-osakeste-loendur#primaryimage"},"image":{"@id":"https:\/\/www.axiomams.eu\/et\/produktas\/pce-instruments-pce-pqc-10eu-osakeste-loendur#primaryimage"},"thumbnailUrl":"https:\/\/www.axiomams.eu\/wp-content\/uploads\/2025\/07\/2966-3915.jpg","datePublished":"2025-05-15T16:05:14+00:00","dateModified":"2026-02-02T12:32:11+00:00","breadcrumb":{"@id":"https:\/\/www.axiomams.eu\/et\/produktas\/pce-instruments-pce-pqc-10eu-osakeste-loendur#breadcrumb"},"inLanguage":"et","potentialAction":[{"@type":"ReadAction","target":["https:\/\/www.axiomams.eu\/et\/produktas\/pce-instruments-pce-pqc-10eu-osakeste-loendur"]}]},{"@type":"ImageObject","inLanguage":"et","@id":"https:\/\/www.axiomams.eu\/et\/produktas\/pce-instruments-pce-pqc-10eu-osakeste-loendur#primaryimage","url":"https:\/\/www.axiomams.eu\/wp-content\/uploads\/2025\/07\/2966-3915.jpg","contentUrl":"https:\/\/www.axiomams.eu\/wp-content\/uploads\/2025\/07\/2966-3915.jpg","width":250,"height":250},{"@type":"BreadcrumbList","@id":"https:\/\/www.axiomams.eu\/et\/produktas\/pce-instruments-pce-pqc-10eu-osakeste-loendur#breadcrumb","itemListElement":[{"@type":"ListItem","position":1,"name":"Home","item":"https:\/\/www.axiomams.eu\/et"},{"@type":"ListItem","position":2,"name":"Tooted","item":"https:\/\/www.axiomams.eu\/et\/tooted"},{"@type":"ListItem","position":3,"name":"PCE Instruments PCE-PQC 10EU osakeste loendur"}]},{"@type":"WebSite","@id":"https:\/\/www.axiomams.eu\/et#website","url":"https:\/\/www.axiomams.eu\/et","name":"AXIOMA MS","description":"Terrmovizoriai ir matavimo \u012franga","publisher":{"@id":"https:\/\/www.axiomams.eu\/et#organization"},"potentialAction":[{"@type":"SearchAction","target":{"@type":"EntryPoint","urlTemplate":"https:\/\/www.axiomams.eu\/et?s={search_term_string}"},"query-input":{"@type":"PropertyValueSpecification","valueRequired":true,"valueName":"search_term_string"}}],"inLanguage":"et"},{"@type":"Organization","@id":"https:\/\/www.axiomams.eu\/et#organization","name":"AXIOMA MS","url":"https:\/\/www.axiomams.eu\/et","logo":{"@type":"ImageObject","inLanguage":"et","@id":"https:\/\/www.axiomams.eu\/et#\/schema\/logo\/image\/","url":"https:\/\/www.axiomams.eu\/wp-content\/uploads\/2025\/06\/axioma-logo-2.png","contentUrl":"https:\/\/www.axiomams.eu\/wp-content\/uploads\/2025\/06\/axioma-logo-2.png","width":1200,"height":1200,"caption":"AXIOMA MS"},"image":{"@id":"https:\/\/www.axiomams.eu\/et#\/schema\/logo\/image\/"},"sameAs":["https:\/\/www.facebook.com\/AxiomaMS","https:\/\/www.linkedin.com\/company\/axiomams\/"]}]}},"_links":{"self":[{"href":"https:\/\/www.axiomams.eu\/et\/wp-json\/wp\/v2\/product\/40406","targetHints":{"allow":["GET"]}}],"collection":[{"href":"https:\/\/www.axiomams.eu\/et\/wp-json\/wp\/v2\/product"}],"about":[{"href":"https:\/\/www.axiomams.eu\/et\/wp-json\/wp\/v2\/types\/product"}],"replies":[{"embeddable":true,"href":"https:\/\/www.axiomams.eu\/et\/wp-json\/wp\/v2\/comments?post=40406"}],"wp:featuredmedia":[{"embeddable":true,"href":"https:\/\/www.axiomams.eu\/et\/wp-json\/wp\/v2\/media\/42334"}],"wp:attachment":[{"href":"https:\/\/www.axiomams.eu\/et\/wp-json\/wp\/v2\/media?parent=40406"}],"wp:term":[{"taxonomy":"product_brand","embeddable":true,"href":"https:\/\/www.axiomams.eu\/et\/wp-json\/wp\/v2\/product_brand?post=40406"},{"taxonomy":"product_cat","embeddable":true,"href":"https:\/\/www.axiomams.eu\/et\/wp-json\/wp\/v2\/product_cat?post=40406"},{"taxonomy":"product_tag","embeddable":true,"href":"https:\/\/www.axiomams.eu\/et\/wp-json\/wp\/v2\/product_tag?post=40406"}],"curies":[{"name":"wp","href":"https:\/\/api.w.org\/{rel}","templated":true}]}}