{"id":40407,"date":"2025-05-15T18:05:15","date_gmt":"2025-05-15T16:05:15","guid":{"rendered":"https:\/\/www.axiomams.eu\/produktas\/pce-instruments-pce-pst-1-dunamomeeter"},"modified":"2026-02-02T14:32:11","modified_gmt":"2026-02-02T12:32:11","slug":"pce-instruments-pce-pst-1-dunamomeeter","status":"publish","type":"product","link":"https:\/\/www.axiomams.eu\/et\/produktas\/pce-instruments-pce-pst-1-dunamomeeter","title":{"rendered":"PCE Instruments PCE-PST 1 d\u00fcnamomeeter"},"content":{"rendered":"<p>D\u00fcnamomeeter PCE-PST 1 on ette n\u00e4htud servade liimimisj\u00f5u kontrollimiseks tugimaterjalidel. D\u00fcnamomeetri abil saab kontrollida t\u00f6\u00f6 kvaliteeti. Etteandmiskiirus, liikumisdistants, pinge ja t\u00f5mbenurk on fikseeritud. Katsestendi juhtpinnal olevad kuulide \u00fclekandeseadmed v\u00e4hendavad h\u00f5\u00f5rdetegurit. Samuti tagavad iselukustuvad l\u00f5uad ja sujuvad juhtrullid alati korratavad ja v\u00f5rreldavad tulemused. Inimtegurist p\u00f5hjustatud m\u00f5\u00f5tmisvead on viidud miinimumini.<\/p>\n<p>Standardkomplekt: PCE-PST 1, 2 x toiteallikas, 1 x USB-kaabel, tarkvara, kasutusjuhend.<\/p>\n<p>M\u00f5\u00f5tepiirkond: 0 N &#8230; 500 N \/ 0 kg &#8230; 50 kg<br \/>\nM\u00f5\u00f5detav servapaksus: 0,4 mm &#8230; 3,5 mm<br \/>\nM\u00f5\u00f5detavad plaadi paksused: 10 mm &#8230; 64 mm<br \/>\nLiikumiskiirus: 0,3 m\/min<br \/>\nLiikumine: 100 mm<br \/>\nM\u00f5\u00f5tmist\u00e4psus: \u00b1 0,1% m\u00f5\u00f5tepiirkonnast<br \/>\nEraldusv\u00f5ime: 0,1 N \/ 0,010 kg<br \/>\nMaksimaalne \u00fclekoormus: \u00b1 20%<br \/>\nGraafiline ekraan taustavalgustusega, suurus: 61 mm x 34 mm<br \/>\nT\u00f6\u00f6re\u017eiimid: K\u00e4sitsi \/ automaatne<br \/>\nLiides: USB<br \/>\nKeskkonnatingimused: -10\u00b0C &#8230; 40\u00b0C<br \/>\nKaal: 9 kg<br \/>\nToiteallikas: 230V \/ 110V \/ 12V; 1,2 A<br \/>\nM\u00f5\u00f5dud: 490 x 210 x 150 mm<\/p>\n","protected":false},"excerpt":{"rendered":"<p>D\u00fcnamomeeter PCE-PST 1 on ette n\u00e4htud servade liimimisj\u00f5u kontrollimiseks tugimaterjalidel. D\u00fcnamomeetri abil saab kontrollida t\u00f6\u00f6 kvaliteeti. Etteandmiskiirus, liikumisdistants, pinge ja t\u00f5mbenurk on fikseeritud. Katsestendi juhtpinnal olevad kuulide \u00fclekandeseadmed v\u00e4hendavad h\u00f5\u00f5rdetegurit. Samuti tagavad iselukustuvad l\u00f5uad ja sujuvad juhtrullid alati korratavad ja v\u00f5rreldavad tulemused. Inimtegurist p\u00f5hjustatud m\u00f5\u00f5tmisvead on viidud miinimumini. Standardkomplekt: PCE-PST 1, 2 x toiteallikas, 1&#8230;<\/p>\n","protected":false},"featured_media":42336,"comment_status":"open","ping_status":"closed","template":"","meta":{"_acf_changed":false},"product_brand":[742],"product_cat":[17825],"product_tag":[],"class_list":{"0":"post-40407","1":"product","2":"type-product","3":"status-publish","4":"has-post-thumbnail","6":"product_brand-pce-instruments","7":"product_cat-analuusitavad-materjalid","9":"first","10":"instock","11":"taxable","12":"shipping-taxable","13":"product-type-simple"},"acf":[],"yoast_head":"<!-- This site is optimized with the Yoast SEO plugin v27.0 - https:\/\/yoast.com\/product\/yoast-seo-wordpress\/ -->\n<title>PCE Instruments PCE-PST 1 d\u00fcnamomeeter - AXIOMA MS<\/title>\n<meta name=\"robots\" content=\"index, follow, max-snippet:-1, max-image-preview:large, max-video-preview:-1\" \/>\n<link rel=\"canonical\" href=\"https:\/\/www.axiomams.eu\/et\/produktas\/pce-instruments-pce-pst-1-dunamomeeter\" \/>\n<meta property=\"og:locale\" content=\"et_EE\" \/>\n<meta property=\"og:type\" content=\"article\" \/>\n<meta property=\"og:title\" content=\"PCE Instruments PCE-PST 1 d\u00fcnamomeeter - AXIOMA MS\" \/>\n<meta property=\"og:description\" content=\"D\u00fcnamomeeter PCE-PST 1 on ette n\u00e4htud servade liimimisj\u00f5u kontrollimiseks tugimaterjalidel. D\u00fcnamomeetri abil saab kontrollida t\u00f6\u00f6 kvaliteeti. Etteandmiskiirus, liikumisdistants, pinge ja t\u00f5mbenurk on fikseeritud. Katsestendi juhtpinnal olevad kuulide \u00fclekandeseadmed v\u00e4hendavad h\u00f5\u00f5rdetegurit. Samuti tagavad iselukustuvad l\u00f5uad ja sujuvad juhtrullid alati korratavad ja v\u00f5rreldavad tulemused. Inimtegurist p\u00f5hjustatud m\u00f5\u00f5tmisvead on viidud miinimumini. Standardkomplekt: PCE-PST 1, 2 x toiteallikas, 1...\" \/>\n<meta property=\"og:url\" content=\"https:\/\/www.axiomams.eu\/et\/produktas\/pce-instruments-pce-pst-1-dunamomeeter\" \/>\n<meta property=\"og:site_name\" content=\"AXIOMA MS\" \/>\n<meta property=\"article:publisher\" content=\"https:\/\/www.facebook.com\/AxiomaMS\" \/>\n<meta property=\"article:modified_time\" content=\"2026-02-02T12:32:11+00:00\" \/>\n<meta property=\"og:image\" content=\"https:\/\/www.axiomams.eu\/wp-content\/uploads\/2025\/07\/2674-3445.jpg\" \/>\n\t<meta property=\"og:image:width\" content=\"500\" \/>\n\t<meta property=\"og:image:height\" content=\"500\" \/>\n\t<meta property=\"og:image:type\" content=\"image\/jpeg\" \/>\n<meta name=\"twitter:card\" content=\"summary_large_image\" \/>\n<meta name=\"twitter:label1\" content=\"Est. reading time\" \/>\n\t<meta name=\"twitter:data1\" content=\"1 minut\" \/>\n<script type=\"application\/ld+json\" class=\"yoast-schema-graph\">{\"@context\":\"https:\/\/schema.org\",\"@graph\":[{\"@type\":\"WebPage\",\"@id\":\"https:\/\/www.axiomams.eu\/et\/produktas\/pce-instruments-pce-pst-1-dunamomeeter\",\"url\":\"https:\/\/www.axiomams.eu\/et\/produktas\/pce-instruments-pce-pst-1-dunamomeeter\",\"name\":\"PCE Instruments PCE-PST 1 d\u00fcnamomeeter - AXIOMA MS\",\"isPartOf\":{\"@id\":\"https:\/\/www.axiomams.eu\/et#website\"},\"primaryImageOfPage\":{\"@id\":\"https:\/\/www.axiomams.eu\/et\/produktas\/pce-instruments-pce-pst-1-dunamomeeter#primaryimage\"},\"image\":{\"@id\":\"https:\/\/www.axiomams.eu\/et\/produktas\/pce-instruments-pce-pst-1-dunamomeeter#primaryimage\"},\"thumbnailUrl\":\"https:\/\/www.axiomams.eu\/wp-content\/uploads\/2025\/07\/2674-3445.jpg\",\"datePublished\":\"2025-05-15T16:05:15+00:00\",\"dateModified\":\"2026-02-02T12:32:11+00:00\",\"breadcrumb\":{\"@id\":\"https:\/\/www.axiomams.eu\/et\/produktas\/pce-instruments-pce-pst-1-dunamomeeter#breadcrumb\"},\"inLanguage\":\"et\",\"potentialAction\":[{\"@type\":\"ReadAction\",\"target\":[\"https:\/\/www.axiomams.eu\/et\/produktas\/pce-instruments-pce-pst-1-dunamomeeter\"]}]},{\"@type\":\"ImageObject\",\"inLanguage\":\"et\",\"@id\":\"https:\/\/www.axiomams.eu\/et\/produktas\/pce-instruments-pce-pst-1-dunamomeeter#primaryimage\",\"url\":\"https:\/\/www.axiomams.eu\/wp-content\/uploads\/2025\/07\/2674-3445.jpg\",\"contentUrl\":\"https:\/\/www.axiomams.eu\/wp-content\/uploads\/2025\/07\/2674-3445.jpg\",\"width\":500,\"height\":500},{\"@type\":\"BreadcrumbList\",\"@id\":\"https:\/\/www.axiomams.eu\/et\/produktas\/pce-instruments-pce-pst-1-dunamomeeter#breadcrumb\",\"itemListElement\":[{\"@type\":\"ListItem\",\"position\":1,\"name\":\"Home\",\"item\":\"https:\/\/www.axiomams.eu\/et\"},{\"@type\":\"ListItem\",\"position\":2,\"name\":\"Tooted\",\"item\":\"https:\/\/www.axiomams.eu\/et\/tooted\"},{\"@type\":\"ListItem\",\"position\":3,\"name\":\"PCE Instruments PCE-PST 1 d\u00fcnamomeeter\"}]},{\"@type\":\"WebSite\",\"@id\":\"https:\/\/www.axiomams.eu\/et#website\",\"url\":\"https:\/\/www.axiomams.eu\/et\",\"name\":\"AXIOMA MS\",\"description\":\"Terrmovizoriai ir matavimo \u012franga\",\"publisher\":{\"@id\":\"https:\/\/www.axiomams.eu\/et#organization\"},\"potentialAction\":[{\"@type\":\"SearchAction\",\"target\":{\"@type\":\"EntryPoint\",\"urlTemplate\":\"https:\/\/www.axiomams.eu\/et?s={search_term_string}\"},\"query-input\":{\"@type\":\"PropertyValueSpecification\",\"valueRequired\":true,\"valueName\":\"search_term_string\"}}],\"inLanguage\":\"et\"},{\"@type\":\"Organization\",\"@id\":\"https:\/\/www.axiomams.eu\/et#organization\",\"name\":\"AXIOMA MS\",\"url\":\"https:\/\/www.axiomams.eu\/et\",\"logo\":{\"@type\":\"ImageObject\",\"inLanguage\":\"et\",\"@id\":\"https:\/\/www.axiomams.eu\/et#\/schema\/logo\/image\/\",\"url\":\"https:\/\/www.axiomams.eu\/wp-content\/uploads\/2025\/06\/axioma-logo-2.png\",\"contentUrl\":\"https:\/\/www.axiomams.eu\/wp-content\/uploads\/2025\/06\/axioma-logo-2.png\",\"width\":1200,\"height\":1200,\"caption\":\"AXIOMA MS\"},\"image\":{\"@id\":\"https:\/\/www.axiomams.eu\/et#\/schema\/logo\/image\/\"},\"sameAs\":[\"https:\/\/www.facebook.com\/AxiomaMS\",\"https:\/\/www.linkedin.com\/company\/axiomams\/\"]}]}<\/script>\n<!-- \/ Yoast SEO plugin. -->","yoast_head_json":{"title":"PCE Instruments PCE-PST 1 d\u00fcnamomeeter - AXIOMA MS","robots":{"index":"index","follow":"follow","max-snippet":"max-snippet:-1","max-image-preview":"max-image-preview:large","max-video-preview":"max-video-preview:-1"},"canonical":"https:\/\/www.axiomams.eu\/et\/produktas\/pce-instruments-pce-pst-1-dunamomeeter","og_locale":"et_EE","og_type":"article","og_title":"PCE Instruments PCE-PST 1 d\u00fcnamomeeter - AXIOMA MS","og_description":"D\u00fcnamomeeter PCE-PST 1 on ette n\u00e4htud servade liimimisj\u00f5u kontrollimiseks tugimaterjalidel. D\u00fcnamomeetri abil saab kontrollida t\u00f6\u00f6 kvaliteeti. Etteandmiskiirus, liikumisdistants, pinge ja t\u00f5mbenurk on fikseeritud. Katsestendi juhtpinnal olevad kuulide \u00fclekandeseadmed v\u00e4hendavad h\u00f5\u00f5rdetegurit. Samuti tagavad iselukustuvad l\u00f5uad ja sujuvad juhtrullid alati korratavad ja v\u00f5rreldavad tulemused. Inimtegurist p\u00f5hjustatud m\u00f5\u00f5tmisvead on viidud miinimumini. Standardkomplekt: PCE-PST 1, 2 x toiteallikas, 1...","og_url":"https:\/\/www.axiomams.eu\/et\/produktas\/pce-instruments-pce-pst-1-dunamomeeter","og_site_name":"AXIOMA MS","article_publisher":"https:\/\/www.facebook.com\/AxiomaMS","article_modified_time":"2026-02-02T12:32:11+00:00","og_image":[{"width":500,"height":500,"url":"https:\/\/www.axiomams.eu\/wp-content\/uploads\/2025\/07\/2674-3445.jpg","type":"image\/jpeg"}],"twitter_card":"summary_large_image","twitter_misc":{"Est. reading time":"1 minut"},"schema":{"@context":"https:\/\/schema.org","@graph":[{"@type":"WebPage","@id":"https:\/\/www.axiomams.eu\/et\/produktas\/pce-instruments-pce-pst-1-dunamomeeter","url":"https:\/\/www.axiomams.eu\/et\/produktas\/pce-instruments-pce-pst-1-dunamomeeter","name":"PCE Instruments PCE-PST 1 d\u00fcnamomeeter - AXIOMA MS","isPartOf":{"@id":"https:\/\/www.axiomams.eu\/et#website"},"primaryImageOfPage":{"@id":"https:\/\/www.axiomams.eu\/et\/produktas\/pce-instruments-pce-pst-1-dunamomeeter#primaryimage"},"image":{"@id":"https:\/\/www.axiomams.eu\/et\/produktas\/pce-instruments-pce-pst-1-dunamomeeter#primaryimage"},"thumbnailUrl":"https:\/\/www.axiomams.eu\/wp-content\/uploads\/2025\/07\/2674-3445.jpg","datePublished":"2025-05-15T16:05:15+00:00","dateModified":"2026-02-02T12:32:11+00:00","breadcrumb":{"@id":"https:\/\/www.axiomams.eu\/et\/produktas\/pce-instruments-pce-pst-1-dunamomeeter#breadcrumb"},"inLanguage":"et","potentialAction":[{"@type":"ReadAction","target":["https:\/\/www.axiomams.eu\/et\/produktas\/pce-instruments-pce-pst-1-dunamomeeter"]}]},{"@type":"ImageObject","inLanguage":"et","@id":"https:\/\/www.axiomams.eu\/et\/produktas\/pce-instruments-pce-pst-1-dunamomeeter#primaryimage","url":"https:\/\/www.axiomams.eu\/wp-content\/uploads\/2025\/07\/2674-3445.jpg","contentUrl":"https:\/\/www.axiomams.eu\/wp-content\/uploads\/2025\/07\/2674-3445.jpg","width":500,"height":500},{"@type":"BreadcrumbList","@id":"https:\/\/www.axiomams.eu\/et\/produktas\/pce-instruments-pce-pst-1-dunamomeeter#breadcrumb","itemListElement":[{"@type":"ListItem","position":1,"name":"Home","item":"https:\/\/www.axiomams.eu\/et"},{"@type":"ListItem","position":2,"name":"Tooted","item":"https:\/\/www.axiomams.eu\/et\/tooted"},{"@type":"ListItem","position":3,"name":"PCE Instruments PCE-PST 1 d\u00fcnamomeeter"}]},{"@type":"WebSite","@id":"https:\/\/www.axiomams.eu\/et#website","url":"https:\/\/www.axiomams.eu\/et","name":"AXIOMA MS","description":"Terrmovizoriai ir matavimo \u012franga","publisher":{"@id":"https:\/\/www.axiomams.eu\/et#organization"},"potentialAction":[{"@type":"SearchAction","target":{"@type":"EntryPoint","urlTemplate":"https:\/\/www.axiomams.eu\/et?s={search_term_string}"},"query-input":{"@type":"PropertyValueSpecification","valueRequired":true,"valueName":"search_term_string"}}],"inLanguage":"et"},{"@type":"Organization","@id":"https:\/\/www.axiomams.eu\/et#organization","name":"AXIOMA MS","url":"https:\/\/www.axiomams.eu\/et","logo":{"@type":"ImageObject","inLanguage":"et","@id":"https:\/\/www.axiomams.eu\/et#\/schema\/logo\/image\/","url":"https:\/\/www.axiomams.eu\/wp-content\/uploads\/2025\/06\/axioma-logo-2.png","contentUrl":"https:\/\/www.axiomams.eu\/wp-content\/uploads\/2025\/06\/axioma-logo-2.png","width":1200,"height":1200,"caption":"AXIOMA MS"},"image":{"@id":"https:\/\/www.axiomams.eu\/et#\/schema\/logo\/image\/"},"sameAs":["https:\/\/www.facebook.com\/AxiomaMS","https:\/\/www.linkedin.com\/company\/axiomams\/"]}]}},"_links":{"self":[{"href":"https:\/\/www.axiomams.eu\/et\/wp-json\/wp\/v2\/product\/40407","targetHints":{"allow":["GET"]}}],"collection":[{"href":"https:\/\/www.axiomams.eu\/et\/wp-json\/wp\/v2\/product"}],"about":[{"href":"https:\/\/www.axiomams.eu\/et\/wp-json\/wp\/v2\/types\/product"}],"replies":[{"embeddable":true,"href":"https:\/\/www.axiomams.eu\/et\/wp-json\/wp\/v2\/comments?post=40407"}],"wp:featuredmedia":[{"embeddable":true,"href":"https:\/\/www.axiomams.eu\/et\/wp-json\/wp\/v2\/media\/42336"}],"wp:attachment":[{"href":"https:\/\/www.axiomams.eu\/et\/wp-json\/wp\/v2\/media?parent=40407"}],"wp:term":[{"taxonomy":"product_brand","embeddable":true,"href":"https:\/\/www.axiomams.eu\/et\/wp-json\/wp\/v2\/product_brand?post=40407"},{"taxonomy":"product_cat","embeddable":true,"href":"https:\/\/www.axiomams.eu\/et\/wp-json\/wp\/v2\/product_cat?post=40407"},{"taxonomy":"product_tag","embeddable":true,"href":"https:\/\/www.axiomams.eu\/et\/wp-json\/wp\/v2\/product_tag?post=40407"}],"curies":[{"name":"wp","href":"https:\/\/api.w.org\/{rel}","templated":true}]}}