{"id":40409,"date":"2025-05-15T18:05:16","date_gmt":"2025-05-15T16:05:16","guid":{"rendered":"https:\/\/www.axiomams.eu\/produktas\/pce-instruments-pce-ve-1034n-f-puurskoop"},"modified":"2026-02-02T14:32:11","modified_gmt":"2026-02-02T12:32:11","slug":"pce-instruments-pce-ve-1034n-f-puurskoop","status":"publish","type":"product","link":"https:\/\/www.axiomams.eu\/et\/produktas\/pce-instruments-pce-ve-1034n-f-puurskoop","title":{"rendered":"PCE Instruments PCE-VE 1034N-F puurskoop"},"content":{"rendered":"<p>T\u00f6\u00f6stuslik boreskoop PCE-VE 1034N-F on mitmek\u00fclgne kontrollinstrument. Borskoobi k\u00fclge saab \u00fchendada erinevaid t\u00f6\u00f6stuslike borskoopiakaableid, millel on erinevad omadused. Boreskoobi eriline eelis on suur ekraan, mis t\u00e4nu oma m\u00f5\u00f5tmetele ja lahutusv\u00f5imele pakub kasutajale parimat v\u00f5imalikku \u00fclevaadet vaadeldavast piirkonnast. Boreskoop v\u00f5imaldab salvestada pilte ja videoid ning videod salvestatakse t\u00e4iendavalt koos helisalvestusega. Selge resolutsioon ilmneb piltide vaatamisel, mida saab klahvivajutusega salvestada puureskoobi SD-kaardile. Kui SD-kaarti loetakse arvutist, kuvatakse salvestatud pildid ja videod selgelt. T\u00e4nu sellele, et salvestused salvestatakse v\u00e4lisele massim\u00e4luseadmele, on v\u00f5imalik valida, milline SD-kaart on sisestatud puurskoopi. Maksimaalne maht peaks siiski olema 32 GB. 8 GB m\u00e4lukaart v\u00f5imaldab salvestada \u00fcle 60 000 pildi v\u00f5i \u00fcle 530 minuti videomaterjali.<\/p>\n<p>Standardne komplekt: PCE-VE 1034N-F, 3 m. puurskoobi kaabel koos 2-suunalise kaamerapeaga, v\u00f5rguadapter, SD-m\u00e4lukaart, patareid, videokaabel, puhastuskomplekt, kasutusjuhend, kandekott.<\/p>\n<h3>Tehniline teave:<\/h3>\n<ul>\n<li><a href=\"https:\/\/axiomams.eu\/importer\/export\/attachments\/en\/pce-ve-1034n-f.pdf\" target=\"_blank\">pce-ve-1034n-f.pdf<\/a><\/li>\n<li><a href=\"https:\/\/axiomams.eu\/importer\/export\/attachments\/en\/manual-borescope-pce-ve-1000.pdf\" target=\"_blank\">manual-borescope-pce-ve-1000.pdf<\/a><\/li>\n<\/ul>\n","protected":false},"excerpt":{"rendered":"<p>T\u00f6\u00f6stuslik boreskoop PCE-VE 1034N-F on mitmek\u00fclgne kontrollinstrument. Borskoobi k\u00fclge saab \u00fchendada erinevaid t\u00f6\u00f6stuslike borskoopiakaableid, millel on erinevad omadused. Boreskoobi eriline eelis on suur ekraan, mis t\u00e4nu oma m\u00f5\u00f5tmetele ja lahutusv\u00f5imele pakub kasutajale parimat v\u00f5imalikku \u00fclevaadet vaadeldavast piirkonnast. Boreskoop v\u00f5imaldab salvestada pilte ja videoid ning videod salvestatakse t\u00e4iendavalt koos helisalvestusega. Selge resolutsioon ilmneb piltide vaatamisel, mida&#8230;<\/p>\n","protected":false},"featured_media":42340,"comment_status":"open","ping_status":"closed","template":"","meta":{"_acf_changed":false},"product_brand":[742],"product_cat":[17841],"product_tag":[],"class_list":{"0":"post-40409","1":"product","2":"type-product","3":"status-publish","4":"has-post-thumbnail","6":"product_brand-pce-instruments","7":"product_cat-visuaalne-kontroll","9":"first","10":"instock","11":"taxable","12":"shipping-taxable","13":"purchasable","14":"product-type-simple"},"acf":[],"yoast_head":"<!-- This site is optimized with the Yoast SEO plugin v27.0 - https:\/\/yoast.com\/product\/yoast-seo-wordpress\/ -->\n<title>PCE Instruments PCE-VE 1034N-F puurskoop - AXIOMA MS<\/title>\n<meta name=\"robots\" content=\"index, follow, max-snippet:-1, max-image-preview:large, max-video-preview:-1\" \/>\n<link rel=\"canonical\" href=\"https:\/\/www.axiomams.eu\/et\/produktas\/pce-instruments-pce-ve-1034n-f-puurskoop\" \/>\n<meta property=\"og:locale\" content=\"et_EE\" \/>\n<meta property=\"og:type\" content=\"article\" \/>\n<meta property=\"og:title\" content=\"PCE Instruments PCE-VE 1034N-F puurskoop - AXIOMA MS\" \/>\n<meta property=\"og:description\" content=\"T\u00f6\u00f6stuslik boreskoop PCE-VE 1034N-F on mitmek\u00fclgne kontrollinstrument. Borskoobi k\u00fclge saab \u00fchendada erinevaid t\u00f6\u00f6stuslike borskoopiakaableid, millel on erinevad omadused. Boreskoobi eriline eelis on suur ekraan, mis t\u00e4nu oma m\u00f5\u00f5tmetele ja lahutusv\u00f5imele pakub kasutajale parimat v\u00f5imalikku \u00fclevaadet vaadeldavast piirkonnast. Boreskoop v\u00f5imaldab salvestada pilte ja videoid ning videod salvestatakse t\u00e4iendavalt koos helisalvestusega. Selge resolutsioon ilmneb piltide vaatamisel, mida...\" \/>\n<meta property=\"og:url\" content=\"https:\/\/www.axiomams.eu\/et\/produktas\/pce-instruments-pce-ve-1034n-f-puurskoop\" \/>\n<meta property=\"og:site_name\" content=\"AXIOMA MS\" \/>\n<meta property=\"article:publisher\" content=\"https:\/\/www.facebook.com\/AxiomaMS\" \/>\n<meta property=\"article:modified_time\" content=\"2026-02-02T12:32:11+00:00\" \/>\n<meta property=\"og:image\" content=\"https:\/\/www.axiomams.eu\/wp-content\/uploads\/2025\/07\/3235-4285.jpg\" \/>\n\t<meta property=\"og:image:width\" content=\"490\" \/>\n\t<meta property=\"og:image:height\" content=\"490\" \/>\n\t<meta property=\"og:image:type\" content=\"image\/jpeg\" \/>\n<meta name=\"twitter:card\" content=\"summary_large_image\" \/>\n<meta name=\"twitter:label1\" content=\"Est. reading time\" \/>\n\t<meta name=\"twitter:data1\" content=\"1 minut\" \/>\n<script type=\"application\/ld+json\" class=\"yoast-schema-graph\">{\"@context\":\"https:\/\/schema.org\",\"@graph\":[{\"@type\":\"WebPage\",\"@id\":\"https:\/\/www.axiomams.eu\/et\/produktas\/pce-instruments-pce-ve-1034n-f-puurskoop\",\"url\":\"https:\/\/www.axiomams.eu\/et\/produktas\/pce-instruments-pce-ve-1034n-f-puurskoop\",\"name\":\"PCE Instruments PCE-VE 1034N-F puurskoop - AXIOMA MS\",\"isPartOf\":{\"@id\":\"https:\/\/www.axiomams.eu\/et#website\"},\"primaryImageOfPage\":{\"@id\":\"https:\/\/www.axiomams.eu\/et\/produktas\/pce-instruments-pce-ve-1034n-f-puurskoop#primaryimage\"},\"image\":{\"@id\":\"https:\/\/www.axiomams.eu\/et\/produktas\/pce-instruments-pce-ve-1034n-f-puurskoop#primaryimage\"},\"thumbnailUrl\":\"https:\/\/www.axiomams.eu\/wp-content\/uploads\/2025\/07\/3235-4285.jpg\",\"datePublished\":\"2025-05-15T16:05:16+00:00\",\"dateModified\":\"2026-02-02T12:32:11+00:00\",\"breadcrumb\":{\"@id\":\"https:\/\/www.axiomams.eu\/et\/produktas\/pce-instruments-pce-ve-1034n-f-puurskoop#breadcrumb\"},\"inLanguage\":\"et\",\"potentialAction\":[{\"@type\":\"ReadAction\",\"target\":[\"https:\/\/www.axiomams.eu\/et\/produktas\/pce-instruments-pce-ve-1034n-f-puurskoop\"]}]},{\"@type\":\"ImageObject\",\"inLanguage\":\"et\",\"@id\":\"https:\/\/www.axiomams.eu\/et\/produktas\/pce-instruments-pce-ve-1034n-f-puurskoop#primaryimage\",\"url\":\"https:\/\/www.axiomams.eu\/wp-content\/uploads\/2025\/07\/3235-4285.jpg\",\"contentUrl\":\"https:\/\/www.axiomams.eu\/wp-content\/uploads\/2025\/07\/3235-4285.jpg\",\"width\":490,\"height\":490},{\"@type\":\"BreadcrumbList\",\"@id\":\"https:\/\/www.axiomams.eu\/et\/produktas\/pce-instruments-pce-ve-1034n-f-puurskoop#breadcrumb\",\"itemListElement\":[{\"@type\":\"ListItem\",\"position\":1,\"name\":\"Home\",\"item\":\"https:\/\/www.axiomams.eu\/et\"},{\"@type\":\"ListItem\",\"position\":2,\"name\":\"Tooted\",\"item\":\"https:\/\/www.axiomams.eu\/et\/tooted\"},{\"@type\":\"ListItem\",\"position\":3,\"name\":\"PCE Instruments PCE-VE 1034N-F puurskoop\"}]},{\"@type\":\"WebSite\",\"@id\":\"https:\/\/www.axiomams.eu\/et#website\",\"url\":\"https:\/\/www.axiomams.eu\/et\",\"name\":\"AXIOMA MS\",\"description\":\"Terrmovizoriai ir matavimo \u012franga\",\"publisher\":{\"@id\":\"https:\/\/www.axiomams.eu\/et#organization\"},\"potentialAction\":[{\"@type\":\"SearchAction\",\"target\":{\"@type\":\"EntryPoint\",\"urlTemplate\":\"https:\/\/www.axiomams.eu\/et?s={search_term_string}\"},\"query-input\":{\"@type\":\"PropertyValueSpecification\",\"valueRequired\":true,\"valueName\":\"search_term_string\"}}],\"inLanguage\":\"et\"},{\"@type\":\"Organization\",\"@id\":\"https:\/\/www.axiomams.eu\/et#organization\",\"name\":\"AXIOMA MS\",\"url\":\"https:\/\/www.axiomams.eu\/et\",\"logo\":{\"@type\":\"ImageObject\",\"inLanguage\":\"et\",\"@id\":\"https:\/\/www.axiomams.eu\/et#\/schema\/logo\/image\/\",\"url\":\"https:\/\/www.axiomams.eu\/wp-content\/uploads\/2025\/06\/axioma-logo-2.png\",\"contentUrl\":\"https:\/\/www.axiomams.eu\/wp-content\/uploads\/2025\/06\/axioma-logo-2.png\",\"width\":1200,\"height\":1200,\"caption\":\"AXIOMA MS\"},\"image\":{\"@id\":\"https:\/\/www.axiomams.eu\/et#\/schema\/logo\/image\/\"},\"sameAs\":[\"https:\/\/www.facebook.com\/AxiomaMS\",\"https:\/\/www.linkedin.com\/company\/axiomams\/\"]}]}<\/script>\n<!-- \/ Yoast SEO plugin. -->","yoast_head_json":{"title":"PCE Instruments PCE-VE 1034N-F puurskoop - AXIOMA MS","robots":{"index":"index","follow":"follow","max-snippet":"max-snippet:-1","max-image-preview":"max-image-preview:large","max-video-preview":"max-video-preview:-1"},"canonical":"https:\/\/www.axiomams.eu\/et\/produktas\/pce-instruments-pce-ve-1034n-f-puurskoop","og_locale":"et_EE","og_type":"article","og_title":"PCE Instruments PCE-VE 1034N-F puurskoop - AXIOMA MS","og_description":"T\u00f6\u00f6stuslik boreskoop PCE-VE 1034N-F on mitmek\u00fclgne kontrollinstrument. Borskoobi k\u00fclge saab \u00fchendada erinevaid t\u00f6\u00f6stuslike borskoopiakaableid, millel on erinevad omadused. Boreskoobi eriline eelis on suur ekraan, mis t\u00e4nu oma m\u00f5\u00f5tmetele ja lahutusv\u00f5imele pakub kasutajale parimat v\u00f5imalikku \u00fclevaadet vaadeldavast piirkonnast. Boreskoop v\u00f5imaldab salvestada pilte ja videoid ning videod salvestatakse t\u00e4iendavalt koos helisalvestusega. Selge resolutsioon ilmneb piltide vaatamisel, mida...","og_url":"https:\/\/www.axiomams.eu\/et\/produktas\/pce-instruments-pce-ve-1034n-f-puurskoop","og_site_name":"AXIOMA MS","article_publisher":"https:\/\/www.facebook.com\/AxiomaMS","article_modified_time":"2026-02-02T12:32:11+00:00","og_image":[{"width":490,"height":490,"url":"https:\/\/www.axiomams.eu\/wp-content\/uploads\/2025\/07\/3235-4285.jpg","type":"image\/jpeg"}],"twitter_card":"summary_large_image","twitter_misc":{"Est. reading time":"1 minut"},"schema":{"@context":"https:\/\/schema.org","@graph":[{"@type":"WebPage","@id":"https:\/\/www.axiomams.eu\/et\/produktas\/pce-instruments-pce-ve-1034n-f-puurskoop","url":"https:\/\/www.axiomams.eu\/et\/produktas\/pce-instruments-pce-ve-1034n-f-puurskoop","name":"PCE Instruments PCE-VE 1034N-F puurskoop - AXIOMA MS","isPartOf":{"@id":"https:\/\/www.axiomams.eu\/et#website"},"primaryImageOfPage":{"@id":"https:\/\/www.axiomams.eu\/et\/produktas\/pce-instruments-pce-ve-1034n-f-puurskoop#primaryimage"},"image":{"@id":"https:\/\/www.axiomams.eu\/et\/produktas\/pce-instruments-pce-ve-1034n-f-puurskoop#primaryimage"},"thumbnailUrl":"https:\/\/www.axiomams.eu\/wp-content\/uploads\/2025\/07\/3235-4285.jpg","datePublished":"2025-05-15T16:05:16+00:00","dateModified":"2026-02-02T12:32:11+00:00","breadcrumb":{"@id":"https:\/\/www.axiomams.eu\/et\/produktas\/pce-instruments-pce-ve-1034n-f-puurskoop#breadcrumb"},"inLanguage":"et","potentialAction":[{"@type":"ReadAction","target":["https:\/\/www.axiomams.eu\/et\/produktas\/pce-instruments-pce-ve-1034n-f-puurskoop"]}]},{"@type":"ImageObject","inLanguage":"et","@id":"https:\/\/www.axiomams.eu\/et\/produktas\/pce-instruments-pce-ve-1034n-f-puurskoop#primaryimage","url":"https:\/\/www.axiomams.eu\/wp-content\/uploads\/2025\/07\/3235-4285.jpg","contentUrl":"https:\/\/www.axiomams.eu\/wp-content\/uploads\/2025\/07\/3235-4285.jpg","width":490,"height":490},{"@type":"BreadcrumbList","@id":"https:\/\/www.axiomams.eu\/et\/produktas\/pce-instruments-pce-ve-1034n-f-puurskoop#breadcrumb","itemListElement":[{"@type":"ListItem","position":1,"name":"Home","item":"https:\/\/www.axiomams.eu\/et"},{"@type":"ListItem","position":2,"name":"Tooted","item":"https:\/\/www.axiomams.eu\/et\/tooted"},{"@type":"ListItem","position":3,"name":"PCE Instruments PCE-VE 1034N-F puurskoop"}]},{"@type":"WebSite","@id":"https:\/\/www.axiomams.eu\/et#website","url":"https:\/\/www.axiomams.eu\/et","name":"AXIOMA MS","description":"Terrmovizoriai ir matavimo \u012franga","publisher":{"@id":"https:\/\/www.axiomams.eu\/et#organization"},"potentialAction":[{"@type":"SearchAction","target":{"@type":"EntryPoint","urlTemplate":"https:\/\/www.axiomams.eu\/et?s={search_term_string}"},"query-input":{"@type":"PropertyValueSpecification","valueRequired":true,"valueName":"search_term_string"}}],"inLanguage":"et"},{"@type":"Organization","@id":"https:\/\/www.axiomams.eu\/et#organization","name":"AXIOMA MS","url":"https:\/\/www.axiomams.eu\/et","logo":{"@type":"ImageObject","inLanguage":"et","@id":"https:\/\/www.axiomams.eu\/et#\/schema\/logo\/image\/","url":"https:\/\/www.axiomams.eu\/wp-content\/uploads\/2025\/06\/axioma-logo-2.png","contentUrl":"https:\/\/www.axiomams.eu\/wp-content\/uploads\/2025\/06\/axioma-logo-2.png","width":1200,"height":1200,"caption":"AXIOMA MS"},"image":{"@id":"https:\/\/www.axiomams.eu\/et#\/schema\/logo\/image\/"},"sameAs":["https:\/\/www.facebook.com\/AxiomaMS","https:\/\/www.linkedin.com\/company\/axiomams\/"]}]}},"_links":{"self":[{"href":"https:\/\/www.axiomams.eu\/et\/wp-json\/wp\/v2\/product\/40409","targetHints":{"allow":["GET"]}}],"collection":[{"href":"https:\/\/www.axiomams.eu\/et\/wp-json\/wp\/v2\/product"}],"about":[{"href":"https:\/\/www.axiomams.eu\/et\/wp-json\/wp\/v2\/types\/product"}],"replies":[{"embeddable":true,"href":"https:\/\/www.axiomams.eu\/et\/wp-json\/wp\/v2\/comments?post=40409"}],"wp:featuredmedia":[{"embeddable":true,"href":"https:\/\/www.axiomams.eu\/et\/wp-json\/wp\/v2\/media\/42340"}],"wp:attachment":[{"href":"https:\/\/www.axiomams.eu\/et\/wp-json\/wp\/v2\/media?parent=40409"}],"wp:term":[{"taxonomy":"product_brand","embeddable":true,"href":"https:\/\/www.axiomams.eu\/et\/wp-json\/wp\/v2\/product_brand?post=40409"},{"taxonomy":"product_cat","embeddable":true,"href":"https:\/\/www.axiomams.eu\/et\/wp-json\/wp\/v2\/product_cat?post=40409"},{"taxonomy":"product_tag","embeddable":true,"href":"https:\/\/www.axiomams.eu\/et\/wp-json\/wp\/v2\/product_tag?post=40409"}],"curies":[{"name":"wp","href":"https:\/\/api.w.org\/{rel}","templated":true}]}}