{"id":40410,"date":"2025-05-15T18:05:17","date_gmt":"2025-05-15T16:05:17","guid":{"rendered":"https:\/\/www.axiomams.eu\/produktas\/pce-instruments-pce-ve-350hr3-videoskoop"},"modified":"2026-02-02T14:32:12","modified_gmt":"2026-02-02T12:32:12","slug":"pce-instruments-pce-ve-350hr3-videoskoop","status":"publish","type":"product","link":"https:\/\/www.axiomams.eu\/et\/produktas\/pce-instruments-pce-ve-350hr3-videoskoop","title":{"rendered":"PCE Instruments PCE-VE 350HR3 videoskoop"},"content":{"rendered":"<p>PCE-VE 350HR3 on kahesuunaline liigendatav t\u00f6\u00f6stuslik puurskoop, inspekteerimiskaamera, t\u00f6\u00f6stuslik endoskoop v\u00f5i videoskoop masinate, seadmete ja muude seadmete mittepurustavaks kontrolliks (NDI). See t\u00f6\u00f6stuslik puurskoop on ideaalne vahend raskesti ligip\u00e4\u00e4setavate kohtade probleemide diagnoosimiseks. Veekindlal kaamerapeal on optimaalse valgustuse tagamiseks 6 LED-valgustit (4 ees, 2 k\u00fcljel). Lisaks on saadaval digitaalne pildi suurendamine v\u00f5i kuni 2-kordne suum, lisaks on olemas v\u00f5imendusfunktsioon, mis parandab pildikvaliteeti pimedas.<\/p>\n<p>Puurkaamera salvestab salvestatud pildid ja videod otse SD-kaardi m\u00e4llu (kaasas), mis v\u00f5imaldab lihtsat \u00fclekandmist arvutisse.<\/p>\n<p>Standardkomplekt: T\u00f6\u00f6stuslik boreskoop PCE-VE 350HR3, 8 GB SD-m\u00e4lukaart, 8 GB SD-m\u00e4lukaart, v\u00f5rguadapter, kandekott, kasutusjuhend.<\/p>\n<h3>Tehniline teave:<\/h3>\n<ul>\n<li><a href=\"https:\/\/axiomams.eu\/importer\/export\/attachments\/en\/pce-ve-350hr3.pdf\" target=\"_blank\">PCE-VE 350HR3.pdf<\/a><\/li>\n<\/ul>\n","protected":false},"excerpt":{"rendered":"<p>PCE-VE 350HR3 on kahesuunaline liigendatav t\u00f6\u00f6stuslik puurskoop, inspekteerimiskaamera, t\u00f6\u00f6stuslik endoskoop v\u00f5i videoskoop masinate, seadmete ja muude seadmete mittepurustavaks kontrolliks (NDI). See t\u00f6\u00f6stuslik puurskoop on ideaalne vahend raskesti ligip\u00e4\u00e4setavate kohtade probleemide diagnoosimiseks. Veekindlal kaamerapeal on optimaalse valgustuse tagamiseks 6 LED-valgustit (4 ees, 2 k\u00fcljel). Lisaks on saadaval digitaalne pildi suurendamine v\u00f5i kuni 2-kordne suum, lisaks on&#8230;<\/p>\n","protected":false},"featured_media":42342,"comment_status":"open","ping_status":"closed","template":"","meta":{"_acf_changed":false},"product_brand":[742],"product_cat":[17841],"product_tag":[],"class_list":{"0":"post-40410","1":"product","2":"type-product","3":"status-publish","4":"has-post-thumbnail","6":"product_brand-pce-instruments","7":"product_cat-visuaalne-kontroll","9":"first","10":"instock","11":"taxable","12":"shipping-taxable","13":"purchasable","14":"product-type-simple"},"acf":[],"yoast_head":"<!-- This site is optimized with the Yoast SEO plugin v27.0 - https:\/\/yoast.com\/product\/yoast-seo-wordpress\/ -->\n<title>PCE Instruments PCE-VE 350HR3 videoskoop - AXIOMA MS<\/title>\n<meta name=\"robots\" content=\"index, follow, max-snippet:-1, max-image-preview:large, max-video-preview:-1\" \/>\n<link rel=\"canonical\" href=\"https:\/\/www.axiomams.eu\/et\/produktas\/pce-instruments-pce-ve-350hr3-videoskoop\" \/>\n<meta property=\"og:locale\" content=\"et_EE\" \/>\n<meta property=\"og:type\" content=\"article\" \/>\n<meta property=\"og:title\" content=\"PCE Instruments PCE-VE 350HR3 videoskoop - AXIOMA MS\" \/>\n<meta property=\"og:description\" content=\"PCE-VE 350HR3 on kahesuunaline liigendatav t\u00f6\u00f6stuslik puurskoop, inspekteerimiskaamera, t\u00f6\u00f6stuslik endoskoop v\u00f5i videoskoop masinate, seadmete ja muude seadmete mittepurustavaks kontrolliks (NDI). See t\u00f6\u00f6stuslik puurskoop on ideaalne vahend raskesti ligip\u00e4\u00e4setavate kohtade probleemide diagnoosimiseks. Veekindlal kaamerapeal on optimaalse valgustuse tagamiseks 6 LED-valgustit (4 ees, 2 k\u00fcljel). Lisaks on saadaval digitaalne pildi suurendamine v\u00f5i kuni 2-kordne suum, lisaks on...\" \/>\n<meta property=\"og:url\" content=\"https:\/\/www.axiomams.eu\/et\/produktas\/pce-instruments-pce-ve-350hr3-videoskoop\" \/>\n<meta property=\"og:site_name\" content=\"AXIOMA MS\" \/>\n<meta property=\"article:publisher\" content=\"https:\/\/www.facebook.com\/AxiomaMS\" \/>\n<meta property=\"article:modified_time\" content=\"2026-02-02T12:32:12+00:00\" \/>\n<meta property=\"og:image\" content=\"https:\/\/www.axiomams.eu\/wp-content\/uploads\/2025\/07\/3006-3979.jpg\" \/>\n\t<meta property=\"og:image:width\" content=\"500\" \/>\n\t<meta property=\"og:image:height\" content=\"500\" \/>\n\t<meta property=\"og:image:type\" content=\"image\/jpeg\" \/>\n<meta name=\"twitter:card\" content=\"summary_large_image\" \/>\n<meta name=\"twitter:label1\" content=\"Est. reading time\" \/>\n\t<meta name=\"twitter:data1\" content=\"1 minut\" \/>\n<script type=\"application\/ld+json\" class=\"yoast-schema-graph\">{\"@context\":\"https:\/\/schema.org\",\"@graph\":[{\"@type\":\"WebPage\",\"@id\":\"https:\/\/www.axiomams.eu\/et\/produktas\/pce-instruments-pce-ve-350hr3-videoskoop\",\"url\":\"https:\/\/www.axiomams.eu\/et\/produktas\/pce-instruments-pce-ve-350hr3-videoskoop\",\"name\":\"PCE Instruments PCE-VE 350HR3 videoskoop - AXIOMA MS\",\"isPartOf\":{\"@id\":\"https:\/\/www.axiomams.eu\/et#website\"},\"primaryImageOfPage\":{\"@id\":\"https:\/\/www.axiomams.eu\/et\/produktas\/pce-instruments-pce-ve-350hr3-videoskoop#primaryimage\"},\"image\":{\"@id\":\"https:\/\/www.axiomams.eu\/et\/produktas\/pce-instruments-pce-ve-350hr3-videoskoop#primaryimage\"},\"thumbnailUrl\":\"https:\/\/www.axiomams.eu\/wp-content\/uploads\/2025\/07\/3006-3979.jpg\",\"datePublished\":\"2025-05-15T16:05:17+00:00\",\"dateModified\":\"2026-02-02T12:32:12+00:00\",\"breadcrumb\":{\"@id\":\"https:\/\/www.axiomams.eu\/et\/produktas\/pce-instruments-pce-ve-350hr3-videoskoop#breadcrumb\"},\"inLanguage\":\"et\",\"potentialAction\":[{\"@type\":\"ReadAction\",\"target\":[\"https:\/\/www.axiomams.eu\/et\/produktas\/pce-instruments-pce-ve-350hr3-videoskoop\"]}]},{\"@type\":\"ImageObject\",\"inLanguage\":\"et\",\"@id\":\"https:\/\/www.axiomams.eu\/et\/produktas\/pce-instruments-pce-ve-350hr3-videoskoop#primaryimage\",\"url\":\"https:\/\/www.axiomams.eu\/wp-content\/uploads\/2025\/07\/3006-3979.jpg\",\"contentUrl\":\"https:\/\/www.axiomams.eu\/wp-content\/uploads\/2025\/07\/3006-3979.jpg\",\"width\":500,\"height\":500},{\"@type\":\"BreadcrumbList\",\"@id\":\"https:\/\/www.axiomams.eu\/et\/produktas\/pce-instruments-pce-ve-350hr3-videoskoop#breadcrumb\",\"itemListElement\":[{\"@type\":\"ListItem\",\"position\":1,\"name\":\"Home\",\"item\":\"https:\/\/www.axiomams.eu\/et\"},{\"@type\":\"ListItem\",\"position\":2,\"name\":\"Tooted\",\"item\":\"https:\/\/www.axiomams.eu\/et\/tooted\"},{\"@type\":\"ListItem\",\"position\":3,\"name\":\"PCE Instruments PCE-VE 350HR3 videoskoop\"}]},{\"@type\":\"WebSite\",\"@id\":\"https:\/\/www.axiomams.eu\/et#website\",\"url\":\"https:\/\/www.axiomams.eu\/et\",\"name\":\"AXIOMA MS\",\"description\":\"Terrmovizoriai ir matavimo \u012franga\",\"publisher\":{\"@id\":\"https:\/\/www.axiomams.eu\/et#organization\"},\"potentialAction\":[{\"@type\":\"SearchAction\",\"target\":{\"@type\":\"EntryPoint\",\"urlTemplate\":\"https:\/\/www.axiomams.eu\/et?s={search_term_string}\"},\"query-input\":{\"@type\":\"PropertyValueSpecification\",\"valueRequired\":true,\"valueName\":\"search_term_string\"}}],\"inLanguage\":\"et\"},{\"@type\":\"Organization\",\"@id\":\"https:\/\/www.axiomams.eu\/et#organization\",\"name\":\"AXIOMA MS\",\"url\":\"https:\/\/www.axiomams.eu\/et\",\"logo\":{\"@type\":\"ImageObject\",\"inLanguage\":\"et\",\"@id\":\"https:\/\/www.axiomams.eu\/et#\/schema\/logo\/image\/\",\"url\":\"https:\/\/www.axiomams.eu\/wp-content\/uploads\/2025\/06\/axioma-logo-2.png\",\"contentUrl\":\"https:\/\/www.axiomams.eu\/wp-content\/uploads\/2025\/06\/axioma-logo-2.png\",\"width\":1200,\"height\":1200,\"caption\":\"AXIOMA MS\"},\"image\":{\"@id\":\"https:\/\/www.axiomams.eu\/et#\/schema\/logo\/image\/\"},\"sameAs\":[\"https:\/\/www.facebook.com\/AxiomaMS\",\"https:\/\/www.linkedin.com\/company\/axiomams\/\"]}]}<\/script>\n<!-- \/ Yoast SEO plugin. -->","yoast_head_json":{"title":"PCE Instruments PCE-VE 350HR3 videoskoop - AXIOMA MS","robots":{"index":"index","follow":"follow","max-snippet":"max-snippet:-1","max-image-preview":"max-image-preview:large","max-video-preview":"max-video-preview:-1"},"canonical":"https:\/\/www.axiomams.eu\/et\/produktas\/pce-instruments-pce-ve-350hr3-videoskoop","og_locale":"et_EE","og_type":"article","og_title":"PCE Instruments PCE-VE 350HR3 videoskoop - AXIOMA MS","og_description":"PCE-VE 350HR3 on kahesuunaline liigendatav t\u00f6\u00f6stuslik puurskoop, inspekteerimiskaamera, t\u00f6\u00f6stuslik endoskoop v\u00f5i videoskoop masinate, seadmete ja muude seadmete mittepurustavaks kontrolliks (NDI). See t\u00f6\u00f6stuslik puurskoop on ideaalne vahend raskesti ligip\u00e4\u00e4setavate kohtade probleemide diagnoosimiseks. Veekindlal kaamerapeal on optimaalse valgustuse tagamiseks 6 LED-valgustit (4 ees, 2 k\u00fcljel). Lisaks on saadaval digitaalne pildi suurendamine v\u00f5i kuni 2-kordne suum, lisaks on...","og_url":"https:\/\/www.axiomams.eu\/et\/produktas\/pce-instruments-pce-ve-350hr3-videoskoop","og_site_name":"AXIOMA MS","article_publisher":"https:\/\/www.facebook.com\/AxiomaMS","article_modified_time":"2026-02-02T12:32:12+00:00","og_image":[{"width":500,"height":500,"url":"https:\/\/www.axiomams.eu\/wp-content\/uploads\/2025\/07\/3006-3979.jpg","type":"image\/jpeg"}],"twitter_card":"summary_large_image","twitter_misc":{"Est. reading time":"1 minut"},"schema":{"@context":"https:\/\/schema.org","@graph":[{"@type":"WebPage","@id":"https:\/\/www.axiomams.eu\/et\/produktas\/pce-instruments-pce-ve-350hr3-videoskoop","url":"https:\/\/www.axiomams.eu\/et\/produktas\/pce-instruments-pce-ve-350hr3-videoskoop","name":"PCE Instruments PCE-VE 350HR3 videoskoop - AXIOMA MS","isPartOf":{"@id":"https:\/\/www.axiomams.eu\/et#website"},"primaryImageOfPage":{"@id":"https:\/\/www.axiomams.eu\/et\/produktas\/pce-instruments-pce-ve-350hr3-videoskoop#primaryimage"},"image":{"@id":"https:\/\/www.axiomams.eu\/et\/produktas\/pce-instruments-pce-ve-350hr3-videoskoop#primaryimage"},"thumbnailUrl":"https:\/\/www.axiomams.eu\/wp-content\/uploads\/2025\/07\/3006-3979.jpg","datePublished":"2025-05-15T16:05:17+00:00","dateModified":"2026-02-02T12:32:12+00:00","breadcrumb":{"@id":"https:\/\/www.axiomams.eu\/et\/produktas\/pce-instruments-pce-ve-350hr3-videoskoop#breadcrumb"},"inLanguage":"et","potentialAction":[{"@type":"ReadAction","target":["https:\/\/www.axiomams.eu\/et\/produktas\/pce-instruments-pce-ve-350hr3-videoskoop"]}]},{"@type":"ImageObject","inLanguage":"et","@id":"https:\/\/www.axiomams.eu\/et\/produktas\/pce-instruments-pce-ve-350hr3-videoskoop#primaryimage","url":"https:\/\/www.axiomams.eu\/wp-content\/uploads\/2025\/07\/3006-3979.jpg","contentUrl":"https:\/\/www.axiomams.eu\/wp-content\/uploads\/2025\/07\/3006-3979.jpg","width":500,"height":500},{"@type":"BreadcrumbList","@id":"https:\/\/www.axiomams.eu\/et\/produktas\/pce-instruments-pce-ve-350hr3-videoskoop#breadcrumb","itemListElement":[{"@type":"ListItem","position":1,"name":"Home","item":"https:\/\/www.axiomams.eu\/et"},{"@type":"ListItem","position":2,"name":"Tooted","item":"https:\/\/www.axiomams.eu\/et\/tooted"},{"@type":"ListItem","position":3,"name":"PCE Instruments PCE-VE 350HR3 videoskoop"}]},{"@type":"WebSite","@id":"https:\/\/www.axiomams.eu\/et#website","url":"https:\/\/www.axiomams.eu\/et","name":"AXIOMA MS","description":"Terrmovizoriai ir matavimo \u012franga","publisher":{"@id":"https:\/\/www.axiomams.eu\/et#organization"},"potentialAction":[{"@type":"SearchAction","target":{"@type":"EntryPoint","urlTemplate":"https:\/\/www.axiomams.eu\/et?s={search_term_string}"},"query-input":{"@type":"PropertyValueSpecification","valueRequired":true,"valueName":"search_term_string"}}],"inLanguage":"et"},{"@type":"Organization","@id":"https:\/\/www.axiomams.eu\/et#organization","name":"AXIOMA MS","url":"https:\/\/www.axiomams.eu\/et","logo":{"@type":"ImageObject","inLanguage":"et","@id":"https:\/\/www.axiomams.eu\/et#\/schema\/logo\/image\/","url":"https:\/\/www.axiomams.eu\/wp-content\/uploads\/2025\/06\/axioma-logo-2.png","contentUrl":"https:\/\/www.axiomams.eu\/wp-content\/uploads\/2025\/06\/axioma-logo-2.png","width":1200,"height":1200,"caption":"AXIOMA MS"},"image":{"@id":"https:\/\/www.axiomams.eu\/et#\/schema\/logo\/image\/"},"sameAs":["https:\/\/www.facebook.com\/AxiomaMS","https:\/\/www.linkedin.com\/company\/axiomams\/"]}]}},"_links":{"self":[{"href":"https:\/\/www.axiomams.eu\/et\/wp-json\/wp\/v2\/product\/40410","targetHints":{"allow":["GET"]}}],"collection":[{"href":"https:\/\/www.axiomams.eu\/et\/wp-json\/wp\/v2\/product"}],"about":[{"href":"https:\/\/www.axiomams.eu\/et\/wp-json\/wp\/v2\/types\/product"}],"replies":[{"embeddable":true,"href":"https:\/\/www.axiomams.eu\/et\/wp-json\/wp\/v2\/comments?post=40410"}],"wp:featuredmedia":[{"embeddable":true,"href":"https:\/\/www.axiomams.eu\/et\/wp-json\/wp\/v2\/media\/42342"}],"wp:attachment":[{"href":"https:\/\/www.axiomams.eu\/et\/wp-json\/wp\/v2\/media?parent=40410"}],"wp:term":[{"taxonomy":"product_brand","embeddable":true,"href":"https:\/\/www.axiomams.eu\/et\/wp-json\/wp\/v2\/product_brand?post=40410"},{"taxonomy":"product_cat","embeddable":true,"href":"https:\/\/www.axiomams.eu\/et\/wp-json\/wp\/v2\/product_cat?post=40410"},{"taxonomy":"product_tag","embeddable":true,"href":"https:\/\/www.axiomams.eu\/et\/wp-json\/wp\/v2\/product_tag?post=40410"}],"curies":[{"name":"wp","href":"https:\/\/api.w.org\/{rel}","templated":true}]}}