{"id":40411,"date":"2025-05-15T18:05:17","date_gmt":"2025-05-15T16:05:17","guid":{"rendered":"https:\/\/www.axiomams.eu\/produktas\/pce-instruments-pce-ve-400n4-borreskoop"},"modified":"2026-02-02T14:32:12","modified_gmt":"2026-02-02T12:32:12","slug":"pce-instruments-pce-ve-400n4-borreskoop","status":"publish","type":"product","link":"https:\/\/www.axiomams.eu\/et\/produktas\/pce-instruments-pce-ve-400n4-borreskoop","title":{"rendered":"PCE Instruments PCE-VE 400N4 borreskoop"},"content":{"rendered":"<p>PCE-VE 400N4 T\u00f6\u00f6stuslikul puurskoobil on 1,5 m pikkune endoskoobi kaabel. Selle kontrollkaamera abil saab vaadelda k\u00f5ige v\u00e4iksema juurdep\u00e4\u00e4suga \u00f5\u00f5nsusi, mille l\u00e4bim\u00f5\u00f5t on vaid 4 mm. Kontrollkaamera kaamerapea saab vabalt liikuda 4 suunas. Eriti mootorite, turbiinide jne hooldamisel pakub inspekteerimiskaamera suure eraldusv\u00f5imega ekraan hea \u00fclevaate \u00f5\u00f5nsustest ja raskesti ligip\u00e4\u00e4setavatest kohtadest. Liikuva kaamera lahutusv\u00f5ime on 1 000 000 pikslit. Vaatev\u00e4lja ulatus on 90\u00b0, mis t\u00e4hendab, et suhteliselt l\u00fchikese vahemaa korral kontrollitavast objektist saab inspekteerimiskaameraga teha v\u00e4ga suuri pilte. K\u00f5iki inspekteerimiskaamera salvestusi saab salvestada pildi v\u00f5i videona. See aitab komponentide kahjustusi t\u00e4pselt dokumenteerida.<\/p>\n<p>Standardne komplekt: PCE-VE 400N4, v\u00f5rguadapter koos laadijaga, kaardilugeja, m\u00e4lukaart, 2 Li-Ioon aku komplekt, HDMI-kaabel, puhastuskomplekt, kasutusjuhend, kandekott.<\/p>\n<h3>Tehniline teave:<\/h3>\n<ul>\n<li><a href=\"https:\/\/axiomams.eu\/importer\/export\/attachments\/en\/pce-pce-ve-400n4.pdf\" target=\"_blank\">PCE PCE-VE 400N4.pdf<\/a><\/li>\n<\/ul>\n","protected":false},"excerpt":{"rendered":"<p>PCE-VE 400N4 T\u00f6\u00f6stuslikul puurskoobil on 1,5 m pikkune endoskoobi kaabel. Selle kontrollkaamera abil saab vaadelda k\u00f5ige v\u00e4iksema juurdep\u00e4\u00e4suga \u00f5\u00f5nsusi, mille l\u00e4bim\u00f5\u00f5t on vaid 4 mm. Kontrollkaamera kaamerapea saab vabalt liikuda 4 suunas. Eriti mootorite, turbiinide jne hooldamisel pakub inspekteerimiskaamera suure eraldusv\u00f5imega ekraan hea \u00fclevaate \u00f5\u00f5nsustest ja raskesti ligip\u00e4\u00e4setavatest kohtadest. Liikuva kaamera lahutusv\u00f5ime on 1 000&#8230;<\/p>\n","protected":false},"featured_media":42344,"comment_status":"open","ping_status":"closed","template":"","meta":{"_acf_changed":false},"product_brand":[742],"product_cat":[17841],"product_tag":[],"class_list":{"0":"post-40411","1":"product","2":"type-product","3":"status-publish","4":"has-post-thumbnail","6":"product_brand-pce-instruments","7":"product_cat-visuaalne-kontroll","9":"first","10":"instock","11":"taxable","12":"shipping-taxable","13":"product-type-simple"},"acf":[],"yoast_head":"<!-- This site is optimized with the Yoast SEO plugin v27.0 - https:\/\/yoast.com\/product\/yoast-seo-wordpress\/ -->\n<title>PCE Instruments PCE-VE 400N4 borreskoop - AXIOMA MS<\/title>\n<meta name=\"robots\" content=\"index, follow, max-snippet:-1, max-image-preview:large, max-video-preview:-1\" \/>\n<link rel=\"canonical\" href=\"https:\/\/www.axiomams.eu\/et\/produktas\/pce-instruments-pce-ve-400n4-borreskoop\" \/>\n<meta property=\"og:locale\" content=\"et_EE\" \/>\n<meta property=\"og:type\" content=\"article\" \/>\n<meta property=\"og:title\" content=\"PCE Instruments PCE-VE 400N4 borreskoop - AXIOMA MS\" \/>\n<meta property=\"og:description\" content=\"PCE-VE 400N4 T\u00f6\u00f6stuslikul puurskoobil on 1,5 m pikkune endoskoobi kaabel. Selle kontrollkaamera abil saab vaadelda k\u00f5ige v\u00e4iksema juurdep\u00e4\u00e4suga \u00f5\u00f5nsusi, mille l\u00e4bim\u00f5\u00f5t on vaid 4 mm. Kontrollkaamera kaamerapea saab vabalt liikuda 4 suunas. Eriti mootorite, turbiinide jne hooldamisel pakub inspekteerimiskaamera suure eraldusv\u00f5imega ekraan hea \u00fclevaate \u00f5\u00f5nsustest ja raskesti ligip\u00e4\u00e4setavatest kohtadest. Liikuva kaamera lahutusv\u00f5ime on 1 000...\" \/>\n<meta property=\"og:url\" content=\"https:\/\/www.axiomams.eu\/et\/produktas\/pce-instruments-pce-ve-400n4-borreskoop\" \/>\n<meta property=\"og:site_name\" content=\"AXIOMA MS\" \/>\n<meta property=\"article:publisher\" content=\"https:\/\/www.facebook.com\/AxiomaMS\" \/>\n<meta property=\"article:modified_time\" content=\"2026-02-02T12:32:12+00:00\" \/>\n<meta property=\"og:image\" content=\"https:\/\/www.axiomams.eu\/wp-content\/uploads\/2025\/07\/3228-4277.jpg\" \/>\n\t<meta property=\"og:image:width\" content=\"800\" \/>\n\t<meta property=\"og:image:height\" content=\"800\" \/>\n\t<meta property=\"og:image:type\" content=\"image\/jpeg\" \/>\n<meta name=\"twitter:card\" content=\"summary_large_image\" \/>\n<meta name=\"twitter:label1\" content=\"Est. reading time\" \/>\n\t<meta name=\"twitter:data1\" content=\"1 minut\" \/>\n<script type=\"application\/ld+json\" class=\"yoast-schema-graph\">{\"@context\":\"https:\/\/schema.org\",\"@graph\":[{\"@type\":\"WebPage\",\"@id\":\"https:\/\/www.axiomams.eu\/et\/produktas\/pce-instruments-pce-ve-400n4-borreskoop\",\"url\":\"https:\/\/www.axiomams.eu\/et\/produktas\/pce-instruments-pce-ve-400n4-borreskoop\",\"name\":\"PCE Instruments PCE-VE 400N4 borreskoop - AXIOMA MS\",\"isPartOf\":{\"@id\":\"https:\/\/www.axiomams.eu\/et#website\"},\"primaryImageOfPage\":{\"@id\":\"https:\/\/www.axiomams.eu\/et\/produktas\/pce-instruments-pce-ve-400n4-borreskoop#primaryimage\"},\"image\":{\"@id\":\"https:\/\/www.axiomams.eu\/et\/produktas\/pce-instruments-pce-ve-400n4-borreskoop#primaryimage\"},\"thumbnailUrl\":\"https:\/\/www.axiomams.eu\/wp-content\/uploads\/2025\/07\/3228-4277.jpg\",\"datePublished\":\"2025-05-15T16:05:17+00:00\",\"dateModified\":\"2026-02-02T12:32:12+00:00\",\"breadcrumb\":{\"@id\":\"https:\/\/www.axiomams.eu\/et\/produktas\/pce-instruments-pce-ve-400n4-borreskoop#breadcrumb\"},\"inLanguage\":\"et\",\"potentialAction\":[{\"@type\":\"ReadAction\",\"target\":[\"https:\/\/www.axiomams.eu\/et\/produktas\/pce-instruments-pce-ve-400n4-borreskoop\"]}]},{\"@type\":\"ImageObject\",\"inLanguage\":\"et\",\"@id\":\"https:\/\/www.axiomams.eu\/et\/produktas\/pce-instruments-pce-ve-400n4-borreskoop#primaryimage\",\"url\":\"https:\/\/www.axiomams.eu\/wp-content\/uploads\/2025\/07\/3228-4277.jpg\",\"contentUrl\":\"https:\/\/www.axiomams.eu\/wp-content\/uploads\/2025\/07\/3228-4277.jpg\",\"width\":800,\"height\":800},{\"@type\":\"BreadcrumbList\",\"@id\":\"https:\/\/www.axiomams.eu\/et\/produktas\/pce-instruments-pce-ve-400n4-borreskoop#breadcrumb\",\"itemListElement\":[{\"@type\":\"ListItem\",\"position\":1,\"name\":\"Home\",\"item\":\"https:\/\/www.axiomams.eu\/et\"},{\"@type\":\"ListItem\",\"position\":2,\"name\":\"Tooted\",\"item\":\"https:\/\/www.axiomams.eu\/et\/tooted\"},{\"@type\":\"ListItem\",\"position\":3,\"name\":\"PCE Instruments PCE-VE 400N4 borreskoop\"}]},{\"@type\":\"WebSite\",\"@id\":\"https:\/\/www.axiomams.eu\/et#website\",\"url\":\"https:\/\/www.axiomams.eu\/et\",\"name\":\"AXIOMA MS\",\"description\":\"Terrmovizoriai ir matavimo \u012franga\",\"publisher\":{\"@id\":\"https:\/\/www.axiomams.eu\/et#organization\"},\"potentialAction\":[{\"@type\":\"SearchAction\",\"target\":{\"@type\":\"EntryPoint\",\"urlTemplate\":\"https:\/\/www.axiomams.eu\/et?s={search_term_string}\"},\"query-input\":{\"@type\":\"PropertyValueSpecification\",\"valueRequired\":true,\"valueName\":\"search_term_string\"}}],\"inLanguage\":\"et\"},{\"@type\":\"Organization\",\"@id\":\"https:\/\/www.axiomams.eu\/et#organization\",\"name\":\"AXIOMA MS\",\"url\":\"https:\/\/www.axiomams.eu\/et\",\"logo\":{\"@type\":\"ImageObject\",\"inLanguage\":\"et\",\"@id\":\"https:\/\/www.axiomams.eu\/et#\/schema\/logo\/image\/\",\"url\":\"https:\/\/www.axiomams.eu\/wp-content\/uploads\/2025\/06\/axioma-logo-2.png\",\"contentUrl\":\"https:\/\/www.axiomams.eu\/wp-content\/uploads\/2025\/06\/axioma-logo-2.png\",\"width\":1200,\"height\":1200,\"caption\":\"AXIOMA MS\"},\"image\":{\"@id\":\"https:\/\/www.axiomams.eu\/et#\/schema\/logo\/image\/\"},\"sameAs\":[\"https:\/\/www.facebook.com\/AxiomaMS\",\"https:\/\/www.linkedin.com\/company\/axiomams\/\"]}]}<\/script>\n<!-- \/ Yoast SEO plugin. -->","yoast_head_json":{"title":"PCE Instruments PCE-VE 400N4 borreskoop - AXIOMA MS","robots":{"index":"index","follow":"follow","max-snippet":"max-snippet:-1","max-image-preview":"max-image-preview:large","max-video-preview":"max-video-preview:-1"},"canonical":"https:\/\/www.axiomams.eu\/et\/produktas\/pce-instruments-pce-ve-400n4-borreskoop","og_locale":"et_EE","og_type":"article","og_title":"PCE Instruments PCE-VE 400N4 borreskoop - AXIOMA MS","og_description":"PCE-VE 400N4 T\u00f6\u00f6stuslikul puurskoobil on 1,5 m pikkune endoskoobi kaabel. Selle kontrollkaamera abil saab vaadelda k\u00f5ige v\u00e4iksema juurdep\u00e4\u00e4suga \u00f5\u00f5nsusi, mille l\u00e4bim\u00f5\u00f5t on vaid 4 mm. Kontrollkaamera kaamerapea saab vabalt liikuda 4 suunas. Eriti mootorite, turbiinide jne hooldamisel pakub inspekteerimiskaamera suure eraldusv\u00f5imega ekraan hea \u00fclevaate \u00f5\u00f5nsustest ja raskesti ligip\u00e4\u00e4setavatest kohtadest. Liikuva kaamera lahutusv\u00f5ime on 1 000...","og_url":"https:\/\/www.axiomams.eu\/et\/produktas\/pce-instruments-pce-ve-400n4-borreskoop","og_site_name":"AXIOMA MS","article_publisher":"https:\/\/www.facebook.com\/AxiomaMS","article_modified_time":"2026-02-02T12:32:12+00:00","og_image":[{"width":800,"height":800,"url":"https:\/\/www.axiomams.eu\/wp-content\/uploads\/2025\/07\/3228-4277.jpg","type":"image\/jpeg"}],"twitter_card":"summary_large_image","twitter_misc":{"Est. reading time":"1 minut"},"schema":{"@context":"https:\/\/schema.org","@graph":[{"@type":"WebPage","@id":"https:\/\/www.axiomams.eu\/et\/produktas\/pce-instruments-pce-ve-400n4-borreskoop","url":"https:\/\/www.axiomams.eu\/et\/produktas\/pce-instruments-pce-ve-400n4-borreskoop","name":"PCE Instruments PCE-VE 400N4 borreskoop - AXIOMA MS","isPartOf":{"@id":"https:\/\/www.axiomams.eu\/et#website"},"primaryImageOfPage":{"@id":"https:\/\/www.axiomams.eu\/et\/produktas\/pce-instruments-pce-ve-400n4-borreskoop#primaryimage"},"image":{"@id":"https:\/\/www.axiomams.eu\/et\/produktas\/pce-instruments-pce-ve-400n4-borreskoop#primaryimage"},"thumbnailUrl":"https:\/\/www.axiomams.eu\/wp-content\/uploads\/2025\/07\/3228-4277.jpg","datePublished":"2025-05-15T16:05:17+00:00","dateModified":"2026-02-02T12:32:12+00:00","breadcrumb":{"@id":"https:\/\/www.axiomams.eu\/et\/produktas\/pce-instruments-pce-ve-400n4-borreskoop#breadcrumb"},"inLanguage":"et","potentialAction":[{"@type":"ReadAction","target":["https:\/\/www.axiomams.eu\/et\/produktas\/pce-instruments-pce-ve-400n4-borreskoop"]}]},{"@type":"ImageObject","inLanguage":"et","@id":"https:\/\/www.axiomams.eu\/et\/produktas\/pce-instruments-pce-ve-400n4-borreskoop#primaryimage","url":"https:\/\/www.axiomams.eu\/wp-content\/uploads\/2025\/07\/3228-4277.jpg","contentUrl":"https:\/\/www.axiomams.eu\/wp-content\/uploads\/2025\/07\/3228-4277.jpg","width":800,"height":800},{"@type":"BreadcrumbList","@id":"https:\/\/www.axiomams.eu\/et\/produktas\/pce-instruments-pce-ve-400n4-borreskoop#breadcrumb","itemListElement":[{"@type":"ListItem","position":1,"name":"Home","item":"https:\/\/www.axiomams.eu\/et"},{"@type":"ListItem","position":2,"name":"Tooted","item":"https:\/\/www.axiomams.eu\/et\/tooted"},{"@type":"ListItem","position":3,"name":"PCE Instruments PCE-VE 400N4 borreskoop"}]},{"@type":"WebSite","@id":"https:\/\/www.axiomams.eu\/et#website","url":"https:\/\/www.axiomams.eu\/et","name":"AXIOMA MS","description":"Terrmovizoriai ir matavimo \u012franga","publisher":{"@id":"https:\/\/www.axiomams.eu\/et#organization"},"potentialAction":[{"@type":"SearchAction","target":{"@type":"EntryPoint","urlTemplate":"https:\/\/www.axiomams.eu\/et?s={search_term_string}"},"query-input":{"@type":"PropertyValueSpecification","valueRequired":true,"valueName":"search_term_string"}}],"inLanguage":"et"},{"@type":"Organization","@id":"https:\/\/www.axiomams.eu\/et#organization","name":"AXIOMA MS","url":"https:\/\/www.axiomams.eu\/et","logo":{"@type":"ImageObject","inLanguage":"et","@id":"https:\/\/www.axiomams.eu\/et#\/schema\/logo\/image\/","url":"https:\/\/www.axiomams.eu\/wp-content\/uploads\/2025\/06\/axioma-logo-2.png","contentUrl":"https:\/\/www.axiomams.eu\/wp-content\/uploads\/2025\/06\/axioma-logo-2.png","width":1200,"height":1200,"caption":"AXIOMA MS"},"image":{"@id":"https:\/\/www.axiomams.eu\/et#\/schema\/logo\/image\/"},"sameAs":["https:\/\/www.facebook.com\/AxiomaMS","https:\/\/www.linkedin.com\/company\/axiomams\/"]}]}},"_links":{"self":[{"href":"https:\/\/www.axiomams.eu\/et\/wp-json\/wp\/v2\/product\/40411","targetHints":{"allow":["GET"]}}],"collection":[{"href":"https:\/\/www.axiomams.eu\/et\/wp-json\/wp\/v2\/product"}],"about":[{"href":"https:\/\/www.axiomams.eu\/et\/wp-json\/wp\/v2\/types\/product"}],"replies":[{"embeddable":true,"href":"https:\/\/www.axiomams.eu\/et\/wp-json\/wp\/v2\/comments?post=40411"}],"wp:featuredmedia":[{"embeddable":true,"href":"https:\/\/www.axiomams.eu\/et\/wp-json\/wp\/v2\/media\/42344"}],"wp:attachment":[{"href":"https:\/\/www.axiomams.eu\/et\/wp-json\/wp\/v2\/media?parent=40411"}],"wp:term":[{"taxonomy":"product_brand","embeddable":true,"href":"https:\/\/www.axiomams.eu\/et\/wp-json\/wp\/v2\/product_brand?post=40411"},{"taxonomy":"product_cat","embeddable":true,"href":"https:\/\/www.axiomams.eu\/et\/wp-json\/wp\/v2\/product_cat?post=40411"},{"taxonomy":"product_tag","embeddable":true,"href":"https:\/\/www.axiomams.eu\/et\/wp-json\/wp\/v2\/product_tag?post=40411"}],"curies":[{"name":"wp","href":"https:\/\/api.w.org\/{rel}","templated":true}]}}