{"id":40413,"date":"2025-06-12T14:26:58","date_gmt":"2025-06-12T12:26:58","guid":{"rendered":"https:\/\/www.axiomams.eu\/produktas\/hioki-pd3129-faasijarjestuse-tester"},"modified":"2026-02-02T14:32:12","modified_gmt":"2026-02-02T12:32:12","slug":"hioki-pd3129-faasijarjestuse-tester","status":"publish","type":"product","link":"https:\/\/www.axiomams.eu\/et\/produktas\/hioki-pd3129-faasijarjestuse-tester","title":{"rendered":"HIOKI PD3129 faasij\u00e4rjestuse tester"},"content":{"rendered":"<p>Hioki PD3129 faasi p\u00f6\u00f6rlemise m\u00f5\u00f5tja pakub kontaktivaba meetodit voolu faaside j\u00e4rjestuse tuvastamiseks isoleeritud juhtmetes &#8211; see v\u00e4listab vajaduse metallist kontaktklambrite j\u00e4rele. Roheline nool n\u00e4itab selgelt \u00f5iget faaside p\u00f6\u00f6rlemist, pakkudes visuaalset kinnitust, mida saab h\u00f5lpsasti lisada dokumentatsiooni ja \u00fclevaatusaruannetesse, et kontrollida n\u00f5uetekohast elektripaigaldust.<br \/>\nHioki kontaktivaba pinge tuvastamise ja m\u00f5\u00f5tmise tehnoloogia on loodud t\u00f5hususele ja ohutusele keskendudes, eesm\u00e4rgiga kaitsta kohapeal elektrit\u00f6id teostavaid spetsialiste tootmisrajatiste ja hoonete renoveerimise ja laiendamise ajal.<\/p>\n<p>Standardkomplekt: Hioki PD3129 faasij\u00e4rjestuse tester, kandekott, rihm, spiraaltoru, kasutusjuhend, patareid.<\/p>\n<p><iframe loading=\"lazy\" width=\"560\" height=\"315\" src=\"https:\/\/www.youtube.com\/embed\/RWIqF_rOMpA?si=bD9n7knXPzzgEXXg\" title=\"YouTube videopleier\" frameborder=\"0\" allow=\"accelerometer; autoplay; clipboard-write; encrypted-media; gyroscope; picture-in-picture; web-share\" referrerpolicy=\"strict-origin-when-cross-origin\" allowfullscreen><\/iframe><\/p>\n<h3>Tehniline teave:<\/h3>\n<ul>\n<li><a href=\"https:\/\/axiomams.eu\/importer\/export\/attachments\/en\/hioki-pd3129.pdf\" target=\"_blank\">Hioki PD3129.pdf<\/a><\/li>\n<\/ul>\n","protected":false},"excerpt":{"rendered":"<p>Hioki PD3129 faasi p\u00f6\u00f6rlemise m\u00f5\u00f5tja pakub kontaktivaba meetodit voolu faaside j\u00e4rjestuse tuvastamiseks isoleeritud juhtmetes &#8211; see v\u00e4listab vajaduse metallist kontaktklambrite j\u00e4rele. Roheline nool n\u00e4itab selgelt \u00f5iget faaside p\u00f6\u00f6rlemist, pakkudes visuaalset kinnitust, mida saab h\u00f5lpsasti lisada dokumentatsiooni ja \u00fclevaatusaruannetesse, et kontrollida n\u00f5uetekohast elektripaigaldust. Hioki kontaktivaba pinge tuvastamise ja m\u00f5\u00f5tmise tehnoloogia on loodud t\u00f5hususele ja ohutusele keskendudes,&#8230;<\/p>\n","protected":false},"featured_media":36692,"comment_status":"open","ping_status":"closed","template":"","meta":{"_acf_changed":false},"product_brand":[1112],"product_cat":[17785],"product_tag":[],"class_list":{"0":"post-40413","1":"product","2":"type-product","3":"status-publish","4":"has-post-thumbnail","6":"product_brand-hioki","7":"product_cat-elektrikutele-ja-energeetikainseneridele","9":"first","10":"instock","11":"taxable","12":"shipping-taxable","13":"purchasable","14":"product-type-simple"},"acf":[],"yoast_head":"<!-- This site is optimized with the Yoast SEO plugin v27.0 - https:\/\/yoast.com\/product\/yoast-seo-wordpress\/ -->\n<title>HIOKI PD3129 faasij\u00e4rjestuse tester - AXIOMA MS<\/title>\n<meta name=\"robots\" content=\"index, follow, max-snippet:-1, max-image-preview:large, max-video-preview:-1\" \/>\n<link rel=\"canonical\" href=\"https:\/\/www.axiomams.eu\/et\/produktas\/hioki-pd3129-faasijarjestuse-tester\" \/>\n<meta property=\"og:locale\" content=\"et_EE\" \/>\n<meta property=\"og:type\" content=\"article\" \/>\n<meta property=\"og:title\" content=\"HIOKI PD3129 faasij\u00e4rjestuse tester - AXIOMA MS\" \/>\n<meta property=\"og:description\" content=\"Hioki PD3129 faasi p\u00f6\u00f6rlemise m\u00f5\u00f5tja pakub kontaktivaba meetodit voolu faaside j\u00e4rjestuse tuvastamiseks isoleeritud juhtmetes &#8211; see v\u00e4listab vajaduse metallist kontaktklambrite j\u00e4rele. Roheline nool n\u00e4itab selgelt \u00f5iget faaside p\u00f6\u00f6rlemist, pakkudes visuaalset kinnitust, mida saab h\u00f5lpsasti lisada dokumentatsiooni ja \u00fclevaatusaruannetesse, et kontrollida n\u00f5uetekohast elektripaigaldust. Hioki kontaktivaba pinge tuvastamise ja m\u00f5\u00f5tmise tehnoloogia on loodud t\u00f5hususele ja ohutusele keskendudes,...\" \/>\n<meta property=\"og:url\" content=\"https:\/\/www.axiomams.eu\/et\/produktas\/hioki-pd3129-faasijarjestuse-tester\" \/>\n<meta property=\"og:site_name\" content=\"AXIOMA MS\" \/>\n<meta property=\"article:publisher\" content=\"https:\/\/www.facebook.com\/AxiomaMS\" \/>\n<meta property=\"article:modified_time\" content=\"2026-02-02T12:32:12+00:00\" \/>\n<meta property=\"og:image\" content=\"https:\/\/www.axiomams.eu\/wp-content\/uploads\/2025\/07\/4634-5962.jpg\" \/>\n\t<meta property=\"og:image:width\" content=\"1040\" \/>\n\t<meta property=\"og:image:height\" content=\"694\" \/>\n\t<meta property=\"og:image:type\" content=\"image\/jpeg\" \/>\n<meta name=\"twitter:card\" content=\"summary_large_image\" \/>\n<script type=\"application\/ld+json\" class=\"yoast-schema-graph\">{\"@context\":\"https:\/\/schema.org\",\"@graph\":[{\"@type\":\"WebPage\",\"@id\":\"https:\/\/www.axiomams.eu\/et\/produktas\/hioki-pd3129-faasijarjestuse-tester\",\"url\":\"https:\/\/www.axiomams.eu\/et\/produktas\/hioki-pd3129-faasijarjestuse-tester\",\"name\":\"HIOKI PD3129 faasij\u00e4rjestuse tester - AXIOMA MS\",\"isPartOf\":{\"@id\":\"https:\/\/www.axiomams.eu\/et#website\"},\"primaryImageOfPage\":{\"@id\":\"https:\/\/www.axiomams.eu\/et\/produktas\/hioki-pd3129-faasijarjestuse-tester#primaryimage\"},\"image\":{\"@id\":\"https:\/\/www.axiomams.eu\/et\/produktas\/hioki-pd3129-faasijarjestuse-tester#primaryimage\"},\"thumbnailUrl\":\"https:\/\/www.axiomams.eu\/wp-content\/uploads\/2025\/07\/4634-5962.jpg\",\"datePublished\":\"2025-06-12T12:26:58+00:00\",\"dateModified\":\"2026-02-02T12:32:12+00:00\",\"breadcrumb\":{\"@id\":\"https:\/\/www.axiomams.eu\/et\/produktas\/hioki-pd3129-faasijarjestuse-tester#breadcrumb\"},\"inLanguage\":\"et\",\"potentialAction\":[{\"@type\":\"ReadAction\",\"target\":[\"https:\/\/www.axiomams.eu\/et\/produktas\/hioki-pd3129-faasijarjestuse-tester\"]}]},{\"@type\":\"ImageObject\",\"inLanguage\":\"et\",\"@id\":\"https:\/\/www.axiomams.eu\/et\/produktas\/hioki-pd3129-faasijarjestuse-tester#primaryimage\",\"url\":\"https:\/\/www.axiomams.eu\/wp-content\/uploads\/2025\/07\/4634-5962.jpg\",\"contentUrl\":\"https:\/\/www.axiomams.eu\/wp-content\/uploads\/2025\/07\/4634-5962.jpg\",\"width\":1040,\"height\":694},{\"@type\":\"BreadcrumbList\",\"@id\":\"https:\/\/www.axiomams.eu\/et\/produktas\/hioki-pd3129-faasijarjestuse-tester#breadcrumb\",\"itemListElement\":[{\"@type\":\"ListItem\",\"position\":1,\"name\":\"Home\",\"item\":\"https:\/\/www.axiomams.eu\/et\"},{\"@type\":\"ListItem\",\"position\":2,\"name\":\"Tooted\",\"item\":\"https:\/\/www.axiomams.eu\/et\/tooted\"},{\"@type\":\"ListItem\",\"position\":3,\"name\":\"HIOKI PD3129 faasij\u00e4rjestuse tester\"}]},{\"@type\":\"WebSite\",\"@id\":\"https:\/\/www.axiomams.eu\/et#website\",\"url\":\"https:\/\/www.axiomams.eu\/et\",\"name\":\"AXIOMA MS\",\"description\":\"Terrmovizoriai ir matavimo \u012franga\",\"publisher\":{\"@id\":\"https:\/\/www.axiomams.eu\/et#organization\"},\"potentialAction\":[{\"@type\":\"SearchAction\",\"target\":{\"@type\":\"EntryPoint\",\"urlTemplate\":\"https:\/\/www.axiomams.eu\/et?s={search_term_string}\"},\"query-input\":{\"@type\":\"PropertyValueSpecification\",\"valueRequired\":true,\"valueName\":\"search_term_string\"}}],\"inLanguage\":\"et\"},{\"@type\":\"Organization\",\"@id\":\"https:\/\/www.axiomams.eu\/et#organization\",\"name\":\"AXIOMA MS\",\"url\":\"https:\/\/www.axiomams.eu\/et\",\"logo\":{\"@type\":\"ImageObject\",\"inLanguage\":\"et\",\"@id\":\"https:\/\/www.axiomams.eu\/et#\/schema\/logo\/image\/\",\"url\":\"https:\/\/www.axiomams.eu\/wp-content\/uploads\/2025\/06\/axioma-logo-2.png\",\"contentUrl\":\"https:\/\/www.axiomams.eu\/wp-content\/uploads\/2025\/06\/axioma-logo-2.png\",\"width\":1200,\"height\":1200,\"caption\":\"AXIOMA MS\"},\"image\":{\"@id\":\"https:\/\/www.axiomams.eu\/et#\/schema\/logo\/image\/\"},\"sameAs\":[\"https:\/\/www.facebook.com\/AxiomaMS\",\"https:\/\/www.linkedin.com\/company\/axiomams\/\"]}]}<\/script>\n<!-- \/ Yoast SEO plugin. -->","yoast_head_json":{"title":"HIOKI PD3129 faasij\u00e4rjestuse tester - AXIOMA MS","robots":{"index":"index","follow":"follow","max-snippet":"max-snippet:-1","max-image-preview":"max-image-preview:large","max-video-preview":"max-video-preview:-1"},"canonical":"https:\/\/www.axiomams.eu\/et\/produktas\/hioki-pd3129-faasijarjestuse-tester","og_locale":"et_EE","og_type":"article","og_title":"HIOKI PD3129 faasij\u00e4rjestuse tester - AXIOMA MS","og_description":"Hioki PD3129 faasi p\u00f6\u00f6rlemise m\u00f5\u00f5tja pakub kontaktivaba meetodit voolu faaside j\u00e4rjestuse tuvastamiseks isoleeritud juhtmetes &#8211; see v\u00e4listab vajaduse metallist kontaktklambrite j\u00e4rele. Roheline nool n\u00e4itab selgelt \u00f5iget faaside p\u00f6\u00f6rlemist, pakkudes visuaalset kinnitust, mida saab h\u00f5lpsasti lisada dokumentatsiooni ja \u00fclevaatusaruannetesse, et kontrollida n\u00f5uetekohast elektripaigaldust. Hioki kontaktivaba pinge tuvastamise ja m\u00f5\u00f5tmise tehnoloogia on loodud t\u00f5hususele ja ohutusele keskendudes,...","og_url":"https:\/\/www.axiomams.eu\/et\/produktas\/hioki-pd3129-faasijarjestuse-tester","og_site_name":"AXIOMA MS","article_publisher":"https:\/\/www.facebook.com\/AxiomaMS","article_modified_time":"2026-02-02T12:32:12+00:00","og_image":[{"width":1040,"height":694,"url":"https:\/\/www.axiomams.eu\/wp-content\/uploads\/2025\/07\/4634-5962.jpg","type":"image\/jpeg"}],"twitter_card":"summary_large_image","schema":{"@context":"https:\/\/schema.org","@graph":[{"@type":"WebPage","@id":"https:\/\/www.axiomams.eu\/et\/produktas\/hioki-pd3129-faasijarjestuse-tester","url":"https:\/\/www.axiomams.eu\/et\/produktas\/hioki-pd3129-faasijarjestuse-tester","name":"HIOKI PD3129 faasij\u00e4rjestuse tester - AXIOMA MS","isPartOf":{"@id":"https:\/\/www.axiomams.eu\/et#website"},"primaryImageOfPage":{"@id":"https:\/\/www.axiomams.eu\/et\/produktas\/hioki-pd3129-faasijarjestuse-tester#primaryimage"},"image":{"@id":"https:\/\/www.axiomams.eu\/et\/produktas\/hioki-pd3129-faasijarjestuse-tester#primaryimage"},"thumbnailUrl":"https:\/\/www.axiomams.eu\/wp-content\/uploads\/2025\/07\/4634-5962.jpg","datePublished":"2025-06-12T12:26:58+00:00","dateModified":"2026-02-02T12:32:12+00:00","breadcrumb":{"@id":"https:\/\/www.axiomams.eu\/et\/produktas\/hioki-pd3129-faasijarjestuse-tester#breadcrumb"},"inLanguage":"et","potentialAction":[{"@type":"ReadAction","target":["https:\/\/www.axiomams.eu\/et\/produktas\/hioki-pd3129-faasijarjestuse-tester"]}]},{"@type":"ImageObject","inLanguage":"et","@id":"https:\/\/www.axiomams.eu\/et\/produktas\/hioki-pd3129-faasijarjestuse-tester#primaryimage","url":"https:\/\/www.axiomams.eu\/wp-content\/uploads\/2025\/07\/4634-5962.jpg","contentUrl":"https:\/\/www.axiomams.eu\/wp-content\/uploads\/2025\/07\/4634-5962.jpg","width":1040,"height":694},{"@type":"BreadcrumbList","@id":"https:\/\/www.axiomams.eu\/et\/produktas\/hioki-pd3129-faasijarjestuse-tester#breadcrumb","itemListElement":[{"@type":"ListItem","position":1,"name":"Home","item":"https:\/\/www.axiomams.eu\/et"},{"@type":"ListItem","position":2,"name":"Tooted","item":"https:\/\/www.axiomams.eu\/et\/tooted"},{"@type":"ListItem","position":3,"name":"HIOKI PD3129 faasij\u00e4rjestuse tester"}]},{"@type":"WebSite","@id":"https:\/\/www.axiomams.eu\/et#website","url":"https:\/\/www.axiomams.eu\/et","name":"AXIOMA MS","description":"Terrmovizoriai ir matavimo \u012franga","publisher":{"@id":"https:\/\/www.axiomams.eu\/et#organization"},"potentialAction":[{"@type":"SearchAction","target":{"@type":"EntryPoint","urlTemplate":"https:\/\/www.axiomams.eu\/et?s={search_term_string}"},"query-input":{"@type":"PropertyValueSpecification","valueRequired":true,"valueName":"search_term_string"}}],"inLanguage":"et"},{"@type":"Organization","@id":"https:\/\/www.axiomams.eu\/et#organization","name":"AXIOMA MS","url":"https:\/\/www.axiomams.eu\/et","logo":{"@type":"ImageObject","inLanguage":"et","@id":"https:\/\/www.axiomams.eu\/et#\/schema\/logo\/image\/","url":"https:\/\/www.axiomams.eu\/wp-content\/uploads\/2025\/06\/axioma-logo-2.png","contentUrl":"https:\/\/www.axiomams.eu\/wp-content\/uploads\/2025\/06\/axioma-logo-2.png","width":1200,"height":1200,"caption":"AXIOMA MS"},"image":{"@id":"https:\/\/www.axiomams.eu\/et#\/schema\/logo\/image\/"},"sameAs":["https:\/\/www.facebook.com\/AxiomaMS","https:\/\/www.linkedin.com\/company\/axiomams\/"]}]}},"_links":{"self":[{"href":"https:\/\/www.axiomams.eu\/et\/wp-json\/wp\/v2\/product\/40413","targetHints":{"allow":["GET"]}}],"collection":[{"href":"https:\/\/www.axiomams.eu\/et\/wp-json\/wp\/v2\/product"}],"about":[{"href":"https:\/\/www.axiomams.eu\/et\/wp-json\/wp\/v2\/types\/product"}],"replies":[{"embeddable":true,"href":"https:\/\/www.axiomams.eu\/et\/wp-json\/wp\/v2\/comments?post=40413"}],"wp:featuredmedia":[{"embeddable":true,"href":"https:\/\/www.axiomams.eu\/et\/wp-json\/wp\/v2\/media\/36692"}],"wp:attachment":[{"href":"https:\/\/www.axiomams.eu\/et\/wp-json\/wp\/v2\/media?parent=40413"}],"wp:term":[{"taxonomy":"product_brand","embeddable":true,"href":"https:\/\/www.axiomams.eu\/et\/wp-json\/wp\/v2\/product_brand?post=40413"},{"taxonomy":"product_cat","embeddable":true,"href":"https:\/\/www.axiomams.eu\/et\/wp-json\/wp\/v2\/product_cat?post=40413"},{"taxonomy":"product_tag","embeddable":true,"href":"https:\/\/www.axiomams.eu\/et\/wp-json\/wp\/v2\/product_tag?post=40413"}],"curies":[{"name":"wp","href":"https:\/\/api.w.org\/{rel}","templated":true}]}}