{"id":40418,"date":"2025-05-15T18:05:28","date_gmt":"2025-05-15T16:05:28","guid":{"rendered":"https:\/\/www.axiomams.eu\/produktas\/vision-research-phantom-tmx-5010-kiirkaamera"},"modified":"2026-02-02T14:32:16","modified_gmt":"2026-02-02T12:32:16","slug":"vision-research-phantom-tmx-5010-kiirkaamera","status":"publish","type":"product","link":"https:\/\/www.axiomams.eu\/et\/produktas\/vision-research-phantom-tmx-5010-kiirkaamera","title":{"rendered":"Vision Research Phantom TMX 5010 kiirkaamera"},"content":{"rendered":"<p>Vision Research Phantom TMX 5010 kiirkaamera pakub \u00e4\u00e4rmuslikke kaadrisagedusi, kasutades meie uusimat tehnoloogiat, tagantj\u00e4rele valgustatud kiiret sensorit. See on \u00fcks meie k\u00f5ige mitmek\u00fclgsematest, t\u00e4isfunktsionaalsetest kaameratest, mis muudab selle ideaalseks paljude erinevate rakenduste jaoks.<\/p>\n<h3>Tehniline teave:<\/h3>\n<ul>\n<li><a href=\"https:\/\/axiomams.eu\/importer\/export\/attachments\/en\/vision-research-tmx-5010.pdf\" target=\"_blank\">Vision Research TMX 5010.pdf<\/a><\/li>\n<\/ul>\n","protected":false},"excerpt":{"rendered":"<p>Vision Research Phantom TMX 5010 kiirkaamera pakub \u00e4\u00e4rmuslikke kaadrisagedusi, kasutades meie uusimat tehnoloogiat, tagantj\u00e4rele valgustatud kiiret sensorit. See on \u00fcks meie k\u00f5ige mitmek\u00fclgsematest, t\u00e4isfunktsionaalsetest kaameratest, mis muudab selle ideaalseks paljude erinevate rakenduste jaoks. Tehniline teave: Vision Research TMX 5010.pdf<\/p>\n","protected":false},"featured_media":42356,"comment_status":"open","ping_status":"closed","template":"","meta":{"_acf_changed":false},"product_brand":[8064],"product_cat":[17819],"product_tag":[],"class_list":{"0":"post-40418","1":"product","2":"type-product","3":"status-publish","4":"has-post-thumbnail","6":"product_brand-vision-research","7":"product_cat-kiirkaamerad","9":"first","10":"instock","11":"taxable","12":"shipping-taxable","13":"product-type-simple"},"acf":[],"yoast_head":"<!-- This site is optimized with the Yoast SEO plugin v27.0 - https:\/\/yoast.com\/product\/yoast-seo-wordpress\/ -->\n<title>Vision Research Phantom TMX 5010 kiirkaamera - AXIOMA MS<\/title>\n<meta name=\"robots\" content=\"index, follow, max-snippet:-1, max-image-preview:large, max-video-preview:-1\" \/>\n<link rel=\"canonical\" href=\"https:\/\/www.axiomams.eu\/et\/produktas\/vision-research-phantom-tmx-5010-kiirkaamera\" \/>\n<meta property=\"og:locale\" content=\"et_EE\" \/>\n<meta property=\"og:type\" content=\"article\" \/>\n<meta property=\"og:title\" content=\"Vision Research Phantom TMX 5010 kiirkaamera - AXIOMA MS\" \/>\n<meta property=\"og:description\" content=\"Vision Research Phantom TMX 5010 kiirkaamera pakub \u00e4\u00e4rmuslikke kaadrisagedusi, kasutades meie uusimat tehnoloogiat, tagantj\u00e4rele valgustatud kiiret sensorit. See on \u00fcks meie k\u00f5ige mitmek\u00fclgsematest, t\u00e4isfunktsionaalsetest kaameratest, mis muudab selle ideaalseks paljude erinevate rakenduste jaoks. Tehniline teave: Vision Research TMX 5010.pdf\" \/>\n<meta property=\"og:url\" content=\"https:\/\/www.axiomams.eu\/et\/produktas\/vision-research-phantom-tmx-5010-kiirkaamera\" \/>\n<meta property=\"og:site_name\" content=\"AXIOMA MS\" \/>\n<meta property=\"article:publisher\" content=\"https:\/\/www.facebook.com\/AxiomaMS\" \/>\n<meta property=\"article:modified_time\" content=\"2026-02-02T12:32:16+00:00\" \/>\n<meta property=\"og:image\" content=\"https:\/\/www.axiomams.eu\/wp-content\/uploads\/2025\/07\/3304-4383.jpg\" \/>\n\t<meta property=\"og:image:width\" content=\"525\" \/>\n\t<meta property=\"og:image:height\" content=\"402\" \/>\n\t<meta property=\"og:image:type\" content=\"image\/jpeg\" \/>\n<meta name=\"twitter:card\" content=\"summary_large_image\" \/>\n<script type=\"application\/ld+json\" class=\"yoast-schema-graph\">{\"@context\":\"https:\/\/schema.org\",\"@graph\":[{\"@type\":\"WebPage\",\"@id\":\"https:\/\/www.axiomams.eu\/et\/produktas\/vision-research-phantom-tmx-5010-kiirkaamera\",\"url\":\"https:\/\/www.axiomams.eu\/et\/produktas\/vision-research-phantom-tmx-5010-kiirkaamera\",\"name\":\"Vision Research Phantom TMX 5010 kiirkaamera - AXIOMA MS\",\"isPartOf\":{\"@id\":\"https:\/\/www.axiomams.eu\/et#website\"},\"primaryImageOfPage\":{\"@id\":\"https:\/\/www.axiomams.eu\/et\/produktas\/vision-research-phantom-tmx-5010-kiirkaamera#primaryimage\"},\"image\":{\"@id\":\"https:\/\/www.axiomams.eu\/et\/produktas\/vision-research-phantom-tmx-5010-kiirkaamera#primaryimage\"},\"thumbnailUrl\":\"https:\/\/www.axiomams.eu\/wp-content\/uploads\/2025\/07\/3304-4383.jpg\",\"datePublished\":\"2025-05-15T16:05:28+00:00\",\"dateModified\":\"2026-02-02T12:32:16+00:00\",\"breadcrumb\":{\"@id\":\"https:\/\/www.axiomams.eu\/et\/produktas\/vision-research-phantom-tmx-5010-kiirkaamera#breadcrumb\"},\"inLanguage\":\"et\",\"potentialAction\":[{\"@type\":\"ReadAction\",\"target\":[\"https:\/\/www.axiomams.eu\/et\/produktas\/vision-research-phantom-tmx-5010-kiirkaamera\"]}]},{\"@type\":\"ImageObject\",\"inLanguage\":\"et\",\"@id\":\"https:\/\/www.axiomams.eu\/et\/produktas\/vision-research-phantom-tmx-5010-kiirkaamera#primaryimage\",\"url\":\"https:\/\/www.axiomams.eu\/wp-content\/uploads\/2025\/07\/3304-4383.jpg\",\"contentUrl\":\"https:\/\/www.axiomams.eu\/wp-content\/uploads\/2025\/07\/3304-4383.jpg\",\"width\":525,\"height\":402},{\"@type\":\"BreadcrumbList\",\"@id\":\"https:\/\/www.axiomams.eu\/et\/produktas\/vision-research-phantom-tmx-5010-kiirkaamera#breadcrumb\",\"itemListElement\":[{\"@type\":\"ListItem\",\"position\":1,\"name\":\"Home\",\"item\":\"https:\/\/www.axiomams.eu\/et\"},{\"@type\":\"ListItem\",\"position\":2,\"name\":\"Tooted\",\"item\":\"https:\/\/www.axiomams.eu\/et\/tooted\"},{\"@type\":\"ListItem\",\"position\":3,\"name\":\"Vision Research Phantom TMX 5010 kiirkaamera\"}]},{\"@type\":\"WebSite\",\"@id\":\"https:\/\/www.axiomams.eu\/et#website\",\"url\":\"https:\/\/www.axiomams.eu\/et\",\"name\":\"AXIOMA MS\",\"description\":\"Terrmovizoriai ir matavimo \u012franga\",\"publisher\":{\"@id\":\"https:\/\/www.axiomams.eu\/et#organization\"},\"potentialAction\":[{\"@type\":\"SearchAction\",\"target\":{\"@type\":\"EntryPoint\",\"urlTemplate\":\"https:\/\/www.axiomams.eu\/et?s={search_term_string}\"},\"query-input\":{\"@type\":\"PropertyValueSpecification\",\"valueRequired\":true,\"valueName\":\"search_term_string\"}}],\"inLanguage\":\"et\"},{\"@type\":\"Organization\",\"@id\":\"https:\/\/www.axiomams.eu\/et#organization\",\"name\":\"AXIOMA MS\",\"url\":\"https:\/\/www.axiomams.eu\/et\",\"logo\":{\"@type\":\"ImageObject\",\"inLanguage\":\"et\",\"@id\":\"https:\/\/www.axiomams.eu\/et#\/schema\/logo\/image\/\",\"url\":\"https:\/\/www.axiomams.eu\/wp-content\/uploads\/2025\/06\/axioma-logo-2.png\",\"contentUrl\":\"https:\/\/www.axiomams.eu\/wp-content\/uploads\/2025\/06\/axioma-logo-2.png\",\"width\":1200,\"height\":1200,\"caption\":\"AXIOMA MS\"},\"image\":{\"@id\":\"https:\/\/www.axiomams.eu\/et#\/schema\/logo\/image\/\"},\"sameAs\":[\"https:\/\/www.facebook.com\/AxiomaMS\",\"https:\/\/www.linkedin.com\/company\/axiomams\/\"]}]}<\/script>\n<!-- \/ Yoast SEO plugin. -->","yoast_head_json":{"title":"Vision Research Phantom TMX 5010 kiirkaamera - AXIOMA MS","robots":{"index":"index","follow":"follow","max-snippet":"max-snippet:-1","max-image-preview":"max-image-preview:large","max-video-preview":"max-video-preview:-1"},"canonical":"https:\/\/www.axiomams.eu\/et\/produktas\/vision-research-phantom-tmx-5010-kiirkaamera","og_locale":"et_EE","og_type":"article","og_title":"Vision Research Phantom TMX 5010 kiirkaamera - AXIOMA MS","og_description":"Vision Research Phantom TMX 5010 kiirkaamera pakub \u00e4\u00e4rmuslikke kaadrisagedusi, kasutades meie uusimat tehnoloogiat, tagantj\u00e4rele valgustatud kiiret sensorit. See on \u00fcks meie k\u00f5ige mitmek\u00fclgsematest, t\u00e4isfunktsionaalsetest kaameratest, mis muudab selle ideaalseks paljude erinevate rakenduste jaoks. Tehniline teave: Vision Research TMX 5010.pdf","og_url":"https:\/\/www.axiomams.eu\/et\/produktas\/vision-research-phantom-tmx-5010-kiirkaamera","og_site_name":"AXIOMA MS","article_publisher":"https:\/\/www.facebook.com\/AxiomaMS","article_modified_time":"2026-02-02T12:32:16+00:00","og_image":[{"width":525,"height":402,"url":"https:\/\/www.axiomams.eu\/wp-content\/uploads\/2025\/07\/3304-4383.jpg","type":"image\/jpeg"}],"twitter_card":"summary_large_image","schema":{"@context":"https:\/\/schema.org","@graph":[{"@type":"WebPage","@id":"https:\/\/www.axiomams.eu\/et\/produktas\/vision-research-phantom-tmx-5010-kiirkaamera","url":"https:\/\/www.axiomams.eu\/et\/produktas\/vision-research-phantom-tmx-5010-kiirkaamera","name":"Vision Research Phantom TMX 5010 kiirkaamera - AXIOMA MS","isPartOf":{"@id":"https:\/\/www.axiomams.eu\/et#website"},"primaryImageOfPage":{"@id":"https:\/\/www.axiomams.eu\/et\/produktas\/vision-research-phantom-tmx-5010-kiirkaamera#primaryimage"},"image":{"@id":"https:\/\/www.axiomams.eu\/et\/produktas\/vision-research-phantom-tmx-5010-kiirkaamera#primaryimage"},"thumbnailUrl":"https:\/\/www.axiomams.eu\/wp-content\/uploads\/2025\/07\/3304-4383.jpg","datePublished":"2025-05-15T16:05:28+00:00","dateModified":"2026-02-02T12:32:16+00:00","breadcrumb":{"@id":"https:\/\/www.axiomams.eu\/et\/produktas\/vision-research-phantom-tmx-5010-kiirkaamera#breadcrumb"},"inLanguage":"et","potentialAction":[{"@type":"ReadAction","target":["https:\/\/www.axiomams.eu\/et\/produktas\/vision-research-phantom-tmx-5010-kiirkaamera"]}]},{"@type":"ImageObject","inLanguage":"et","@id":"https:\/\/www.axiomams.eu\/et\/produktas\/vision-research-phantom-tmx-5010-kiirkaamera#primaryimage","url":"https:\/\/www.axiomams.eu\/wp-content\/uploads\/2025\/07\/3304-4383.jpg","contentUrl":"https:\/\/www.axiomams.eu\/wp-content\/uploads\/2025\/07\/3304-4383.jpg","width":525,"height":402},{"@type":"BreadcrumbList","@id":"https:\/\/www.axiomams.eu\/et\/produktas\/vision-research-phantom-tmx-5010-kiirkaamera#breadcrumb","itemListElement":[{"@type":"ListItem","position":1,"name":"Home","item":"https:\/\/www.axiomams.eu\/et"},{"@type":"ListItem","position":2,"name":"Tooted","item":"https:\/\/www.axiomams.eu\/et\/tooted"},{"@type":"ListItem","position":3,"name":"Vision Research Phantom TMX 5010 kiirkaamera"}]},{"@type":"WebSite","@id":"https:\/\/www.axiomams.eu\/et#website","url":"https:\/\/www.axiomams.eu\/et","name":"AXIOMA MS","description":"Terrmovizoriai ir matavimo \u012franga","publisher":{"@id":"https:\/\/www.axiomams.eu\/et#organization"},"potentialAction":[{"@type":"SearchAction","target":{"@type":"EntryPoint","urlTemplate":"https:\/\/www.axiomams.eu\/et?s={search_term_string}"},"query-input":{"@type":"PropertyValueSpecification","valueRequired":true,"valueName":"search_term_string"}}],"inLanguage":"et"},{"@type":"Organization","@id":"https:\/\/www.axiomams.eu\/et#organization","name":"AXIOMA MS","url":"https:\/\/www.axiomams.eu\/et","logo":{"@type":"ImageObject","inLanguage":"et","@id":"https:\/\/www.axiomams.eu\/et#\/schema\/logo\/image\/","url":"https:\/\/www.axiomams.eu\/wp-content\/uploads\/2025\/06\/axioma-logo-2.png","contentUrl":"https:\/\/www.axiomams.eu\/wp-content\/uploads\/2025\/06\/axioma-logo-2.png","width":1200,"height":1200,"caption":"AXIOMA MS"},"image":{"@id":"https:\/\/www.axiomams.eu\/et#\/schema\/logo\/image\/"},"sameAs":["https:\/\/www.facebook.com\/AxiomaMS","https:\/\/www.linkedin.com\/company\/axiomams\/"]}]}},"_links":{"self":[{"href":"https:\/\/www.axiomams.eu\/et\/wp-json\/wp\/v2\/product\/40418","targetHints":{"allow":["GET"]}}],"collection":[{"href":"https:\/\/www.axiomams.eu\/et\/wp-json\/wp\/v2\/product"}],"about":[{"href":"https:\/\/www.axiomams.eu\/et\/wp-json\/wp\/v2\/types\/product"}],"replies":[{"embeddable":true,"href":"https:\/\/www.axiomams.eu\/et\/wp-json\/wp\/v2\/comments?post=40418"}],"wp:featuredmedia":[{"embeddable":true,"href":"https:\/\/www.axiomams.eu\/et\/wp-json\/wp\/v2\/media\/42356"}],"wp:attachment":[{"href":"https:\/\/www.axiomams.eu\/et\/wp-json\/wp\/v2\/media?parent=40418"}],"wp:term":[{"taxonomy":"product_brand","embeddable":true,"href":"https:\/\/www.axiomams.eu\/et\/wp-json\/wp\/v2\/product_brand?post=40418"},{"taxonomy":"product_cat","embeddable":true,"href":"https:\/\/www.axiomams.eu\/et\/wp-json\/wp\/v2\/product_cat?post=40418"},{"taxonomy":"product_tag","embeddable":true,"href":"https:\/\/www.axiomams.eu\/et\/wp-json\/wp\/v2\/product_tag?post=40418"}],"curies":[{"name":"wp","href":"https:\/\/api.w.org\/{rel}","templated":true}]}}