{"id":40420,"date":"2025-05-15T18:05:33","date_gmt":"2025-05-15T16:05:33","guid":{"rendered":"https:\/\/www.axiomams.eu\/produktas\/vision-research-phantom-veo-e-310l-kiirkaamera"},"modified":"2026-02-02T14:32:16","modified_gmt":"2026-02-02T12:32:16","slug":"vision-research-phantom-veo-e-310l-kiirkaamera","status":"publish","type":"product","link":"https:\/\/www.axiomams.eu\/et\/produktas\/vision-research-phantom-veo-e-310l-kiirkaamera","title":{"rendered":"Vision Research Phantom VEO E-310L kiirkaamera"},"content":{"rendered":"<p>Vision Research Phantom VEO E-310L kiirkaamera &#8211; suudab filmida kuni 3 Gpx\/sekundis, 1 Mpx sensoriga, mis on tarnitud 35 mm formaadis.<br \/>\nPaindlikkus on iga uurimisvahendi puhul kriitilise t\u00e4htsusega.  Vahetatavad objektiivi kinnitused suurendavad kaamera paindlikkust, v\u00f5imaldades kasutajatel otsustada, milline objektiiv millise tegevuse jaoks k\u00f5ige paremini sobib. Nikon, PL, C ja Canon EF (elektroonilise juhtimisega) objektiivid \u00fchilduvad VEO-E ja vaheldumisi<br \/>\nVEO-E kaamera korpus on valmistatud freesitud alumiiniumist ja on disainitud \u00e4\u00e4rmiselt kergeks.  VEO-seeria kaamerate k\u00f5ige kergem, E-korpusmudel on vaid 1,8 kg ja ehitatud nii, et kaamera k\u00f5ige tundlikumad sisemised osad on kaitstud. Elektroonika on suletud, et kaitsta \u00f5huvoolu eest, v\u00e4hendades seel\u00e4bi v\u00f5imalust, et sensorile koguneb tolmu.<\/p>\n<p><b>Standardkomplekt:<\/b> Vision Research Phantom VEO E-310L kiirkaamera, toiteallikas, ethernetkaabel.<\/p>\n<p><iframe loading=\"lazy\" width=\"560\" height=\"315\" src=\"https:\/\/www.youtube.com\/embed\/oA4fC9q87ko?si=6ePXsbhFGNUwKF17\" title=\"YouTube videopleier\" frameborder=\"0\" allow=\"accelerometer; autoplay; clipboard-write; encrypted-media; gyroscope; picture-in-picture; web-share\" referrerpolicy=\"strict-origin-when-cross-origin\" allowfullscreen><\/iframe><\/p>\n<h3>Tehniline teave:<\/h3>\n<ul>\n<li><a href=\"https:\/\/axiomams.eu\/importer\/export\/attachments\/en\/vision-research-phantom-veo-1310.pdf\" target=\"_blank\">Vision Research Phantom VEO 1310.pdf<\/a><\/li>\n<\/ul>\n","protected":false},"excerpt":{"rendered":"<p>Vision Research Phantom VEO E-310L kiirkaamera &#8211; suudab filmida kuni 3 Gpx\/sekundis, 1 Mpx sensoriga, mis on tarnitud 35 mm formaadis. Paindlikkus on iga uurimisvahendi puhul kriitilise t\u00e4htsusega. Vahetatavad objektiivi kinnitused suurendavad kaamera paindlikkust, v\u00f5imaldades kasutajatel otsustada, milline objektiiv millise tegevuse jaoks k\u00f5ige paremini sobib. Nikon, PL, C ja Canon EF (elektroonilise juhtimisega) objektiivid \u00fchilduvad&#8230;<\/p>\n","protected":false},"featured_media":42360,"comment_status":"open","ping_status":"closed","template":"","meta":{"_acf_changed":false},"product_brand":[8064],"product_cat":[17819],"product_tag":[],"class_list":{"0":"post-40420","1":"product","2":"type-product","3":"status-publish","4":"has-post-thumbnail","6":"product_brand-vision-research","7":"product_cat-kiirkaamerad","9":"first","10":"instock","11":"taxable","12":"shipping-taxable","13":"product-type-simple"},"acf":[],"yoast_head":"<!-- This site is optimized with the Yoast SEO plugin v27.0 - https:\/\/yoast.com\/product\/yoast-seo-wordpress\/ -->\n<title>Vision Research Phantom VEO E-310L kiirkaamera - AXIOMA MS<\/title>\n<meta name=\"robots\" content=\"index, follow, max-snippet:-1, max-image-preview:large, max-video-preview:-1\" \/>\n<link rel=\"canonical\" href=\"https:\/\/www.axiomams.eu\/et\/produktas\/vision-research-phantom-veo-e-310l-kiirkaamera\" \/>\n<meta property=\"og:locale\" content=\"et_EE\" \/>\n<meta property=\"og:type\" content=\"article\" \/>\n<meta property=\"og:title\" content=\"Vision Research Phantom VEO E-310L kiirkaamera - AXIOMA MS\" \/>\n<meta property=\"og:description\" content=\"Vision Research Phantom VEO E-310L kiirkaamera &#8211; suudab filmida kuni 3 Gpx\/sekundis, 1 Mpx sensoriga, mis on tarnitud 35 mm formaadis. Paindlikkus on iga uurimisvahendi puhul kriitilise t\u00e4htsusega. Vahetatavad objektiivi kinnitused suurendavad kaamera paindlikkust, v\u00f5imaldades kasutajatel otsustada, milline objektiiv millise tegevuse jaoks k\u00f5ige paremini sobib. Nikon, PL, C ja Canon EF (elektroonilise juhtimisega) objektiivid \u00fchilduvad...\" \/>\n<meta property=\"og:url\" content=\"https:\/\/www.axiomams.eu\/et\/produktas\/vision-research-phantom-veo-e-310l-kiirkaamera\" \/>\n<meta property=\"og:site_name\" content=\"AXIOMA MS\" \/>\n<meta property=\"article:publisher\" content=\"https:\/\/www.facebook.com\/AxiomaMS\" \/>\n<meta property=\"article:modified_time\" content=\"2026-02-02T12:32:16+00:00\" \/>\n<meta property=\"og:image\" content=\"https:\/\/www.axiomams.eu\/wp-content\/uploads\/2025\/07\/3303-4845.jpg\" \/>\n\t<meta property=\"og:image:width\" content=\"525\" \/>\n\t<meta property=\"og:image:height\" content=\"402\" \/>\n\t<meta property=\"og:image:type\" content=\"image\/jpeg\" \/>\n<meta name=\"twitter:card\" content=\"summary_large_image\" \/>\n<meta name=\"twitter:label1\" content=\"Est. reading time\" \/>\n\t<meta name=\"twitter:data1\" content=\"1 minut\" \/>\n<script type=\"application\/ld+json\" class=\"yoast-schema-graph\">{\"@context\":\"https:\/\/schema.org\",\"@graph\":[{\"@type\":\"WebPage\",\"@id\":\"https:\/\/www.axiomams.eu\/et\/produktas\/vision-research-phantom-veo-e-310l-kiirkaamera\",\"url\":\"https:\/\/www.axiomams.eu\/et\/produktas\/vision-research-phantom-veo-e-310l-kiirkaamera\",\"name\":\"Vision Research Phantom VEO E-310L kiirkaamera - AXIOMA MS\",\"isPartOf\":{\"@id\":\"https:\/\/www.axiomams.eu\/et#website\"},\"primaryImageOfPage\":{\"@id\":\"https:\/\/www.axiomams.eu\/et\/produktas\/vision-research-phantom-veo-e-310l-kiirkaamera#primaryimage\"},\"image\":{\"@id\":\"https:\/\/www.axiomams.eu\/et\/produktas\/vision-research-phantom-veo-e-310l-kiirkaamera#primaryimage\"},\"thumbnailUrl\":\"https:\/\/www.axiomams.eu\/wp-content\/uploads\/2025\/07\/3303-4845.jpg\",\"datePublished\":\"2025-05-15T16:05:33+00:00\",\"dateModified\":\"2026-02-02T12:32:16+00:00\",\"breadcrumb\":{\"@id\":\"https:\/\/www.axiomams.eu\/et\/produktas\/vision-research-phantom-veo-e-310l-kiirkaamera#breadcrumb\"},\"inLanguage\":\"et\",\"potentialAction\":[{\"@type\":\"ReadAction\",\"target\":[\"https:\/\/www.axiomams.eu\/et\/produktas\/vision-research-phantom-veo-e-310l-kiirkaamera\"]}]},{\"@type\":\"ImageObject\",\"inLanguage\":\"et\",\"@id\":\"https:\/\/www.axiomams.eu\/et\/produktas\/vision-research-phantom-veo-e-310l-kiirkaamera#primaryimage\",\"url\":\"https:\/\/www.axiomams.eu\/wp-content\/uploads\/2025\/07\/3303-4845.jpg\",\"contentUrl\":\"https:\/\/www.axiomams.eu\/wp-content\/uploads\/2025\/07\/3303-4845.jpg\",\"width\":525,\"height\":402},{\"@type\":\"BreadcrumbList\",\"@id\":\"https:\/\/www.axiomams.eu\/et\/produktas\/vision-research-phantom-veo-e-310l-kiirkaamera#breadcrumb\",\"itemListElement\":[{\"@type\":\"ListItem\",\"position\":1,\"name\":\"Home\",\"item\":\"https:\/\/www.axiomams.eu\/et\"},{\"@type\":\"ListItem\",\"position\":2,\"name\":\"Tooted\",\"item\":\"https:\/\/www.axiomams.eu\/et\/tooted\"},{\"@type\":\"ListItem\",\"position\":3,\"name\":\"Vision Research Phantom VEO E-310L kiirkaamera\"}]},{\"@type\":\"WebSite\",\"@id\":\"https:\/\/www.axiomams.eu\/et#website\",\"url\":\"https:\/\/www.axiomams.eu\/et\",\"name\":\"AXIOMA MS\",\"description\":\"Terrmovizoriai ir matavimo \u012franga\",\"publisher\":{\"@id\":\"https:\/\/www.axiomams.eu\/et#organization\"},\"potentialAction\":[{\"@type\":\"SearchAction\",\"target\":{\"@type\":\"EntryPoint\",\"urlTemplate\":\"https:\/\/www.axiomams.eu\/et?s={search_term_string}\"},\"query-input\":{\"@type\":\"PropertyValueSpecification\",\"valueRequired\":true,\"valueName\":\"search_term_string\"}}],\"inLanguage\":\"et\"},{\"@type\":\"Organization\",\"@id\":\"https:\/\/www.axiomams.eu\/et#organization\",\"name\":\"AXIOMA MS\",\"url\":\"https:\/\/www.axiomams.eu\/et\",\"logo\":{\"@type\":\"ImageObject\",\"inLanguage\":\"et\",\"@id\":\"https:\/\/www.axiomams.eu\/et#\/schema\/logo\/image\/\",\"url\":\"https:\/\/www.axiomams.eu\/wp-content\/uploads\/2025\/06\/axioma-logo-2.png\",\"contentUrl\":\"https:\/\/www.axiomams.eu\/wp-content\/uploads\/2025\/06\/axioma-logo-2.png\",\"width\":1200,\"height\":1200,\"caption\":\"AXIOMA MS\"},\"image\":{\"@id\":\"https:\/\/www.axiomams.eu\/et#\/schema\/logo\/image\/\"},\"sameAs\":[\"https:\/\/www.facebook.com\/AxiomaMS\",\"https:\/\/www.linkedin.com\/company\/axiomams\/\"]}]}<\/script>\n<!-- \/ Yoast SEO plugin. -->","yoast_head_json":{"title":"Vision Research Phantom VEO E-310L kiirkaamera - AXIOMA MS","robots":{"index":"index","follow":"follow","max-snippet":"max-snippet:-1","max-image-preview":"max-image-preview:large","max-video-preview":"max-video-preview:-1"},"canonical":"https:\/\/www.axiomams.eu\/et\/produktas\/vision-research-phantom-veo-e-310l-kiirkaamera","og_locale":"et_EE","og_type":"article","og_title":"Vision Research Phantom VEO E-310L kiirkaamera - AXIOMA MS","og_description":"Vision Research Phantom VEO E-310L kiirkaamera &#8211; suudab filmida kuni 3 Gpx\/sekundis, 1 Mpx sensoriga, mis on tarnitud 35 mm formaadis. Paindlikkus on iga uurimisvahendi puhul kriitilise t\u00e4htsusega. Vahetatavad objektiivi kinnitused suurendavad kaamera paindlikkust, v\u00f5imaldades kasutajatel otsustada, milline objektiiv millise tegevuse jaoks k\u00f5ige paremini sobib. Nikon, PL, C ja Canon EF (elektroonilise juhtimisega) objektiivid \u00fchilduvad...","og_url":"https:\/\/www.axiomams.eu\/et\/produktas\/vision-research-phantom-veo-e-310l-kiirkaamera","og_site_name":"AXIOMA MS","article_publisher":"https:\/\/www.facebook.com\/AxiomaMS","article_modified_time":"2026-02-02T12:32:16+00:00","og_image":[{"width":525,"height":402,"url":"https:\/\/www.axiomams.eu\/wp-content\/uploads\/2025\/07\/3303-4845.jpg","type":"image\/jpeg"}],"twitter_card":"summary_large_image","twitter_misc":{"Est. reading time":"1 minut"},"schema":{"@context":"https:\/\/schema.org","@graph":[{"@type":"WebPage","@id":"https:\/\/www.axiomams.eu\/et\/produktas\/vision-research-phantom-veo-e-310l-kiirkaamera","url":"https:\/\/www.axiomams.eu\/et\/produktas\/vision-research-phantom-veo-e-310l-kiirkaamera","name":"Vision Research Phantom VEO E-310L kiirkaamera - AXIOMA MS","isPartOf":{"@id":"https:\/\/www.axiomams.eu\/et#website"},"primaryImageOfPage":{"@id":"https:\/\/www.axiomams.eu\/et\/produktas\/vision-research-phantom-veo-e-310l-kiirkaamera#primaryimage"},"image":{"@id":"https:\/\/www.axiomams.eu\/et\/produktas\/vision-research-phantom-veo-e-310l-kiirkaamera#primaryimage"},"thumbnailUrl":"https:\/\/www.axiomams.eu\/wp-content\/uploads\/2025\/07\/3303-4845.jpg","datePublished":"2025-05-15T16:05:33+00:00","dateModified":"2026-02-02T12:32:16+00:00","breadcrumb":{"@id":"https:\/\/www.axiomams.eu\/et\/produktas\/vision-research-phantom-veo-e-310l-kiirkaamera#breadcrumb"},"inLanguage":"et","potentialAction":[{"@type":"ReadAction","target":["https:\/\/www.axiomams.eu\/et\/produktas\/vision-research-phantom-veo-e-310l-kiirkaamera"]}]},{"@type":"ImageObject","inLanguage":"et","@id":"https:\/\/www.axiomams.eu\/et\/produktas\/vision-research-phantom-veo-e-310l-kiirkaamera#primaryimage","url":"https:\/\/www.axiomams.eu\/wp-content\/uploads\/2025\/07\/3303-4845.jpg","contentUrl":"https:\/\/www.axiomams.eu\/wp-content\/uploads\/2025\/07\/3303-4845.jpg","width":525,"height":402},{"@type":"BreadcrumbList","@id":"https:\/\/www.axiomams.eu\/et\/produktas\/vision-research-phantom-veo-e-310l-kiirkaamera#breadcrumb","itemListElement":[{"@type":"ListItem","position":1,"name":"Home","item":"https:\/\/www.axiomams.eu\/et"},{"@type":"ListItem","position":2,"name":"Tooted","item":"https:\/\/www.axiomams.eu\/et\/tooted"},{"@type":"ListItem","position":3,"name":"Vision Research Phantom VEO E-310L kiirkaamera"}]},{"@type":"WebSite","@id":"https:\/\/www.axiomams.eu\/et#website","url":"https:\/\/www.axiomams.eu\/et","name":"AXIOMA MS","description":"Terrmovizoriai ir matavimo \u012franga","publisher":{"@id":"https:\/\/www.axiomams.eu\/et#organization"},"potentialAction":[{"@type":"SearchAction","target":{"@type":"EntryPoint","urlTemplate":"https:\/\/www.axiomams.eu\/et?s={search_term_string}"},"query-input":{"@type":"PropertyValueSpecification","valueRequired":true,"valueName":"search_term_string"}}],"inLanguage":"et"},{"@type":"Organization","@id":"https:\/\/www.axiomams.eu\/et#organization","name":"AXIOMA MS","url":"https:\/\/www.axiomams.eu\/et","logo":{"@type":"ImageObject","inLanguage":"et","@id":"https:\/\/www.axiomams.eu\/et#\/schema\/logo\/image\/","url":"https:\/\/www.axiomams.eu\/wp-content\/uploads\/2025\/06\/axioma-logo-2.png","contentUrl":"https:\/\/www.axiomams.eu\/wp-content\/uploads\/2025\/06\/axioma-logo-2.png","width":1200,"height":1200,"caption":"AXIOMA MS"},"image":{"@id":"https:\/\/www.axiomams.eu\/et#\/schema\/logo\/image\/"},"sameAs":["https:\/\/www.facebook.com\/AxiomaMS","https:\/\/www.linkedin.com\/company\/axiomams\/"]}]}},"_links":{"self":[{"href":"https:\/\/www.axiomams.eu\/et\/wp-json\/wp\/v2\/product\/40420","targetHints":{"allow":["GET"]}}],"collection":[{"href":"https:\/\/www.axiomams.eu\/et\/wp-json\/wp\/v2\/product"}],"about":[{"href":"https:\/\/www.axiomams.eu\/et\/wp-json\/wp\/v2\/types\/product"}],"replies":[{"embeddable":true,"href":"https:\/\/www.axiomams.eu\/et\/wp-json\/wp\/v2\/comments?post=40420"}],"wp:featuredmedia":[{"embeddable":true,"href":"https:\/\/www.axiomams.eu\/et\/wp-json\/wp\/v2\/media\/42360"}],"wp:attachment":[{"href":"https:\/\/www.axiomams.eu\/et\/wp-json\/wp\/v2\/media?parent=40420"}],"wp:term":[{"taxonomy":"product_brand","embeddable":true,"href":"https:\/\/www.axiomams.eu\/et\/wp-json\/wp\/v2\/product_brand?post=40420"},{"taxonomy":"product_cat","embeddable":true,"href":"https:\/\/www.axiomams.eu\/et\/wp-json\/wp\/v2\/product_cat?post=40420"},{"taxonomy":"product_tag","embeddable":true,"href":"https:\/\/www.axiomams.eu\/et\/wp-json\/wp\/v2\/product_tag?post=40420"}],"curies":[{"name":"wp","href":"https:\/\/api.w.org\/{rel}","templated":true}]}}