{"id":40426,"date":"2025-05-15T18:06:24","date_gmt":"2025-05-15T16:06:24","guid":{"rendered":"https:\/\/www.axiomams.eu\/produktas\/hioki-pq3100-elektrienergia-kvaliteedi-analusaator"},"modified":"2026-02-02T14:32:21","modified_gmt":"2026-02-02T12:32:21","slug":"hioki-pq3100-elektrienergia-kvaliteedi-analusaator","status":"publish","type":"product","link":"https:\/\/www.axiomams.eu\/et\/produktas\/hioki-pq3100-elektrienergia-kvaliteedi-analusaator","title":{"rendered":"HIOKI PQ3100 elektrienergia kvaliteedi anal\u00fcsaator"},"content":{"rendered":"<p>M\u00f5\u00f5tmisliini t\u00fc\u00fcp: \u00dchefaasiline 2-juhtmeline, \u00fchefaasiline 3-juhtmeline, kolmefaasiline 3-juhtmeline v\u00f5i kolmefaasiline 4-juhtmeline pluss \u00fcks t\u00e4iendav sisendkanal CH4 pinge\/voolu jaoks.<\/p>\n<p>Pingevahemikud: Pinge m\u00f5\u00f5tmine: 1000,0 V rms v\u00f5i alalisvool, transientne m\u00f5\u00f5tmine 2,200 kV piik.<\/p>\n<p>Vooluvahemikud: 50,000 mA &#8230; 5,0000 kA vahelduvvool, 10,000 A &#8230; 2,0000 kA alalisvool (s\u00f5ltub kasutatavast vooluandurist).<\/p>\n<p>V\u00f5imsusvahemikud: 50.000 W &#8230; 6,0000 MW (m\u00e4\u00e4ratakse automaatselt vastavalt kasutatavale voolu vahemikule).<\/p>\n<p>P\u00f5hiline t\u00e4psus:<br \/>\n\u00b10,2% nimipingest.<br \/>\nVool: \u00b10,1 % rdg. \u00b10,1 % f.s. + vooluanduri t\u00e4psus.<br \/>\nAktiivv\u00f5imsus: \u00b10,5 % rdg. \u00b10,5 % f.s. + vooluanduri t\u00e4psus, vahelduvvool \u00b10,2 % rdg. \u00b10,1 % f.s. + vooluanduri t\u00e4psus.<\/p>\n<p>M\u00f5\u00f5tmisobjektid:<br \/>\n\u00dcleminekuline \u00fclepinge: 200 kHz prooviv\u00f5tmine<br \/>\nSagedusts\u00fckkel : Arvutatakse \u00fche ts\u00fcklina<br \/>\nPinge (1\/2) RMS, voolu (1\/2) RMS: \u00fche ts\u00fckli arvutus, mida uuendatakse iga poole ts\u00fckli j\u00e4rel.<br \/>\nPinge paisumine, pinge langus, pinge katkestus, RVC (Ver.2.0 v\u00f5i uuem) : Pinge (1\/2) RMS arvutamine<br \/>\nSissevool: poolts\u00fckliline arvutus: Arvutatakse voolu RMS-v\u00e4\u00e4rtusena voolu lainekuju andmete jaoks, mida v\u00f5etakse proovi iga poolts\u00fckli j\u00e4rel.<br \/>\nSagedus 200 ms: Arvutatakse 10 v\u00f5i 12 ts\u00fcklina.<br \/>\n10-sekundiline sagedus: Arvutatakse kui kogu ts\u00fckli aeg m\u00e4\u00e4ratud 10 s pikkuse ajavahemiku jooksul.<br \/>\nPinge lainekuju tipp, voolu lainekuju tipp<br \/>\nPinge, vool, aktiivv\u00f5imsus, n\u00e4ivv\u00f5imsus, reaktiivv\u00f5imsus, aktiivenergia, n\u00e4ivenergia, reaktiivenergia, energiakulu, v\u00f5imsustegur, nihketegur, pinge tasakaalustamatuse tegur, voolu tasakaalustamatuse tegur.<br \/>\nPinge tipptegur, voolu tipptegur, pinge tipptegur.<br \/>\nHarmooniline\/ harmooniline faasinurk (pinge\/vool), harmooniline v\u00f5imsus: 0. kuni 50. j\u00e4rku<br \/>\nHarmooniline pinge-voolu faasinurk: 1. kuni 50. j\u00e4rku<br \/>\nHarmooniliste harmooniliste moonutuste summaarne tegur (pinge\/vool)<br \/>\nHarmooniliste vahel (pinge\/vool): 0,5. kuni 49,5. j\u00e4rku<br \/>\nK-faktor (korrutustegur)<br \/>\nIEC v\u00e4relus, \u0394 V10 v\u00e4relus<\/p>\n<p>Salvesta: Maksimaalne salvestusintervall: 1 aasta, Maksimaalne salvestatavate s\u00fcndmuste arv: 9999 x 365 p\u00e4eva<\/p>\n<p>Liidesed: SD\/SDHC m\u00e4lukaart, RS-232C, LAN, USB 2.0, Bluetooth.<\/p>\n<p>Ekraan: 6,5-tolline TFT v\u00e4rviline LCD ekraan (640 x 480 punkti).<\/p>\n<p>Toiteallikas: AC adapter, akupakett<br \/>\nPidev kasutamine: 8 tundi<br \/>\nLaadimisaeg:  Maks. 5 tundi 30 m vahelduvvooluadapteriga<\/p>\n<p>M\u00f5\u00f5dud: 300 x 211 x 68 mm<br \/>\nKaal: 2,5 kg<\/p>\n<p>Standardne komplekt: Kasutusjuhend, m\u00f5\u00f5tmisjuhend, pingejuhe L1000-05 komplekt (punane\/kollane\/sinine\/hall\/must, Alligatorklamber \u00d75, spiraaltoru \u00d75), v\u00e4rviklambrite komplekt, spiraaltoru x5, vahetusadapter, rihm, USB-kaabel (1 m 3,28 jalga), akupakett Z1003, PQ ONE (tarkvara, CD).<\/p>\n<h3>Tehniline teave:<\/h3>\n<ul>\n<li><a href=\"https:\/\/axiomams.eu\/importer\/export\/attachments\/en\/hioki-pq3100.pdf\" target=\"_blank\">Hioki PQ3100.pdf<\/a><\/li>\n<\/ul>\n","protected":false},"excerpt":{"rendered":"<p>M\u00f5\u00f5tmisliini t\u00fc\u00fcp: \u00dchefaasiline 2-juhtmeline, \u00fchefaasiline 3-juhtmeline, kolmefaasiline 3-juhtmeline v\u00f5i kolmefaasiline 4-juhtmeline pluss \u00fcks t\u00e4iendav sisendkanal CH4 pinge\/voolu jaoks. Pingevahemikud: Pinge m\u00f5\u00f5tmine: 1000,0 V rms v\u00f5i alalisvool, transientne m\u00f5\u00f5tmine 2,200 kV piik. Vooluvahemikud: 50,000 mA &#8230; 5,0000 kA vahelduvvool, 10,000 A &#8230; 2,0000 kA alalisvool (s\u00f5ltub kasutatavast vooluandurist). V\u00f5imsusvahemikud: 50.000 W &#8230; 6,0000 MW (m\u00e4\u00e4ratakse automaatselt&#8230;<\/p>\n","protected":false},"featured_media":42372,"comment_status":"open","ping_status":"closed","template":"","meta":{"_acf_changed":false},"product_brand":[1112],"product_cat":[17780],"product_tag":[],"class_list":{"0":"post-40426","1":"product","2":"type-product","3":"status-publish","4":"has-post-thumbnail","6":"product_brand-hioki","7":"product_cat-elektrivorgu-analuus-ja-raamatupidamine","9":"first","10":"instock","11":"taxable","12":"shipping-taxable","13":"product-type-simple"},"acf":[],"yoast_head":"<!-- This site is optimized with the Yoast SEO plugin v27.0 - https:\/\/yoast.com\/product\/yoast-seo-wordpress\/ -->\n<title>HIOKI PQ3100 elektrienergia kvaliteedi anal\u00fcsaator - AXIOMA MS<\/title>\n<meta name=\"robots\" content=\"index, follow, max-snippet:-1, max-image-preview:large, max-video-preview:-1\" \/>\n<link rel=\"canonical\" href=\"https:\/\/www.axiomams.eu\/et\/produktas\/hioki-pq3100-elektrienergia-kvaliteedi-analusaator\" \/>\n<meta property=\"og:locale\" content=\"et_EE\" \/>\n<meta property=\"og:type\" content=\"article\" \/>\n<meta property=\"og:title\" content=\"HIOKI PQ3100 elektrienergia kvaliteedi anal\u00fcsaator - AXIOMA MS\" \/>\n<meta property=\"og:description\" content=\"M\u00f5\u00f5tmisliini t\u00fc\u00fcp: \u00dchefaasiline 2-juhtmeline, \u00fchefaasiline 3-juhtmeline, kolmefaasiline 3-juhtmeline v\u00f5i kolmefaasiline 4-juhtmeline pluss \u00fcks t\u00e4iendav sisendkanal CH4 pinge\/voolu jaoks. Pingevahemikud: Pinge m\u00f5\u00f5tmine: 1000,0 V rms v\u00f5i alalisvool, transientne m\u00f5\u00f5tmine 2,200 kV piik. Vooluvahemikud: 50,000 mA &#8230; 5,0000 kA vahelduvvool, 10,000 A &#8230; 2,0000 kA alalisvool (s\u00f5ltub kasutatavast vooluandurist). V\u00f5imsusvahemikud: 50.000 W &#8230; 6,0000 MW (m\u00e4\u00e4ratakse automaatselt...\" \/>\n<meta property=\"og:url\" content=\"https:\/\/www.axiomams.eu\/et\/produktas\/hioki-pq3100-elektrienergia-kvaliteedi-analusaator\" \/>\n<meta property=\"og:site_name\" content=\"AXIOMA MS\" \/>\n<meta property=\"article:publisher\" content=\"https:\/\/www.facebook.com\/AxiomaMS\" \/>\n<meta property=\"article:modified_time\" content=\"2026-02-02T12:32:21+00:00\" \/>\n<meta property=\"og:image\" content=\"https:\/\/www.axiomams.eu\/wp-content\/uploads\/2025\/07\/3046-4040.jpg\" \/>\n\t<meta property=\"og:image:width\" content=\"1275\" \/>\n\t<meta property=\"og:image:height\" content=\"1020\" \/>\n\t<meta property=\"og:image:type\" content=\"image\/jpeg\" \/>\n<meta name=\"twitter:card\" content=\"summary_large_image\" \/>\n<meta name=\"twitter:label1\" content=\"Est. reading time\" \/>\n\t<meta name=\"twitter:data1\" content=\"2 minut\" \/>\n<script type=\"application\/ld+json\" class=\"yoast-schema-graph\">{\"@context\":\"https:\/\/schema.org\",\"@graph\":[{\"@type\":\"WebPage\",\"@id\":\"https:\/\/www.axiomams.eu\/et\/produktas\/hioki-pq3100-elektrienergia-kvaliteedi-analusaator\",\"url\":\"https:\/\/www.axiomams.eu\/et\/produktas\/hioki-pq3100-elektrienergia-kvaliteedi-analusaator\",\"name\":\"HIOKI PQ3100 elektrienergia kvaliteedi anal\u00fcsaator - AXIOMA MS\",\"isPartOf\":{\"@id\":\"https:\/\/www.axiomams.eu\/et#website\"},\"primaryImageOfPage\":{\"@id\":\"https:\/\/www.axiomams.eu\/et\/produktas\/hioki-pq3100-elektrienergia-kvaliteedi-analusaator#primaryimage\"},\"image\":{\"@id\":\"https:\/\/www.axiomams.eu\/et\/produktas\/hioki-pq3100-elektrienergia-kvaliteedi-analusaator#primaryimage\"},\"thumbnailUrl\":\"https:\/\/www.axiomams.eu\/wp-content\/uploads\/2025\/07\/3046-4040.jpg\",\"datePublished\":\"2025-05-15T16:06:24+00:00\",\"dateModified\":\"2026-02-02T12:32:21+00:00\",\"breadcrumb\":{\"@id\":\"https:\/\/www.axiomams.eu\/et\/produktas\/hioki-pq3100-elektrienergia-kvaliteedi-analusaator#breadcrumb\"},\"inLanguage\":\"et\",\"potentialAction\":[{\"@type\":\"ReadAction\",\"target\":[\"https:\/\/www.axiomams.eu\/et\/produktas\/hioki-pq3100-elektrienergia-kvaliteedi-analusaator\"]}]},{\"@type\":\"ImageObject\",\"inLanguage\":\"et\",\"@id\":\"https:\/\/www.axiomams.eu\/et\/produktas\/hioki-pq3100-elektrienergia-kvaliteedi-analusaator#primaryimage\",\"url\":\"https:\/\/www.axiomams.eu\/wp-content\/uploads\/2025\/07\/3046-4040.jpg\",\"contentUrl\":\"https:\/\/www.axiomams.eu\/wp-content\/uploads\/2025\/07\/3046-4040.jpg\",\"width\":1275,\"height\":1020},{\"@type\":\"BreadcrumbList\",\"@id\":\"https:\/\/www.axiomams.eu\/et\/produktas\/hioki-pq3100-elektrienergia-kvaliteedi-analusaator#breadcrumb\",\"itemListElement\":[{\"@type\":\"ListItem\",\"position\":1,\"name\":\"Home\",\"item\":\"https:\/\/www.axiomams.eu\/et\"},{\"@type\":\"ListItem\",\"position\":2,\"name\":\"Tooted\",\"item\":\"https:\/\/www.axiomams.eu\/et\/tooted\"},{\"@type\":\"ListItem\",\"position\":3,\"name\":\"HIOKI PQ3100 elektrienergia kvaliteedi anal\u00fcsaator\"}]},{\"@type\":\"WebSite\",\"@id\":\"https:\/\/www.axiomams.eu\/et#website\",\"url\":\"https:\/\/www.axiomams.eu\/et\",\"name\":\"AXIOMA MS\",\"description\":\"Terrmovizoriai ir matavimo \u012franga\",\"publisher\":{\"@id\":\"https:\/\/www.axiomams.eu\/et#organization\"},\"potentialAction\":[{\"@type\":\"SearchAction\",\"target\":{\"@type\":\"EntryPoint\",\"urlTemplate\":\"https:\/\/www.axiomams.eu\/et?s={search_term_string}\"},\"query-input\":{\"@type\":\"PropertyValueSpecification\",\"valueRequired\":true,\"valueName\":\"search_term_string\"}}],\"inLanguage\":\"et\"},{\"@type\":\"Organization\",\"@id\":\"https:\/\/www.axiomams.eu\/et#organization\",\"name\":\"AXIOMA MS\",\"url\":\"https:\/\/www.axiomams.eu\/et\",\"logo\":{\"@type\":\"ImageObject\",\"inLanguage\":\"et\",\"@id\":\"https:\/\/www.axiomams.eu\/et#\/schema\/logo\/image\/\",\"url\":\"https:\/\/www.axiomams.eu\/wp-content\/uploads\/2025\/06\/axioma-logo-2.png\",\"contentUrl\":\"https:\/\/www.axiomams.eu\/wp-content\/uploads\/2025\/06\/axioma-logo-2.png\",\"width\":1200,\"height\":1200,\"caption\":\"AXIOMA MS\"},\"image\":{\"@id\":\"https:\/\/www.axiomams.eu\/et#\/schema\/logo\/image\/\"},\"sameAs\":[\"https:\/\/www.facebook.com\/AxiomaMS\",\"https:\/\/www.linkedin.com\/company\/axiomams\/\"]}]}<\/script>\n<!-- \/ Yoast SEO plugin. -->","yoast_head_json":{"title":"HIOKI PQ3100 elektrienergia kvaliteedi anal\u00fcsaator - AXIOMA MS","robots":{"index":"index","follow":"follow","max-snippet":"max-snippet:-1","max-image-preview":"max-image-preview:large","max-video-preview":"max-video-preview:-1"},"canonical":"https:\/\/www.axiomams.eu\/et\/produktas\/hioki-pq3100-elektrienergia-kvaliteedi-analusaator","og_locale":"et_EE","og_type":"article","og_title":"HIOKI PQ3100 elektrienergia kvaliteedi anal\u00fcsaator - AXIOMA MS","og_description":"M\u00f5\u00f5tmisliini t\u00fc\u00fcp: \u00dchefaasiline 2-juhtmeline, \u00fchefaasiline 3-juhtmeline, kolmefaasiline 3-juhtmeline v\u00f5i kolmefaasiline 4-juhtmeline pluss \u00fcks t\u00e4iendav sisendkanal CH4 pinge\/voolu jaoks. Pingevahemikud: Pinge m\u00f5\u00f5tmine: 1000,0 V rms v\u00f5i alalisvool, transientne m\u00f5\u00f5tmine 2,200 kV piik. Vooluvahemikud: 50,000 mA &#8230; 5,0000 kA vahelduvvool, 10,000 A &#8230; 2,0000 kA alalisvool (s\u00f5ltub kasutatavast vooluandurist). V\u00f5imsusvahemikud: 50.000 W &#8230; 6,0000 MW (m\u00e4\u00e4ratakse automaatselt...","og_url":"https:\/\/www.axiomams.eu\/et\/produktas\/hioki-pq3100-elektrienergia-kvaliteedi-analusaator","og_site_name":"AXIOMA MS","article_publisher":"https:\/\/www.facebook.com\/AxiomaMS","article_modified_time":"2026-02-02T12:32:21+00:00","og_image":[{"width":1275,"height":1020,"url":"https:\/\/www.axiomams.eu\/wp-content\/uploads\/2025\/07\/3046-4040.jpg","type":"image\/jpeg"}],"twitter_card":"summary_large_image","twitter_misc":{"Est. reading time":"2 minut"},"schema":{"@context":"https:\/\/schema.org","@graph":[{"@type":"WebPage","@id":"https:\/\/www.axiomams.eu\/et\/produktas\/hioki-pq3100-elektrienergia-kvaliteedi-analusaator","url":"https:\/\/www.axiomams.eu\/et\/produktas\/hioki-pq3100-elektrienergia-kvaliteedi-analusaator","name":"HIOKI PQ3100 elektrienergia kvaliteedi anal\u00fcsaator - AXIOMA MS","isPartOf":{"@id":"https:\/\/www.axiomams.eu\/et#website"},"primaryImageOfPage":{"@id":"https:\/\/www.axiomams.eu\/et\/produktas\/hioki-pq3100-elektrienergia-kvaliteedi-analusaator#primaryimage"},"image":{"@id":"https:\/\/www.axiomams.eu\/et\/produktas\/hioki-pq3100-elektrienergia-kvaliteedi-analusaator#primaryimage"},"thumbnailUrl":"https:\/\/www.axiomams.eu\/wp-content\/uploads\/2025\/07\/3046-4040.jpg","datePublished":"2025-05-15T16:06:24+00:00","dateModified":"2026-02-02T12:32:21+00:00","breadcrumb":{"@id":"https:\/\/www.axiomams.eu\/et\/produktas\/hioki-pq3100-elektrienergia-kvaliteedi-analusaator#breadcrumb"},"inLanguage":"et","potentialAction":[{"@type":"ReadAction","target":["https:\/\/www.axiomams.eu\/et\/produktas\/hioki-pq3100-elektrienergia-kvaliteedi-analusaator"]}]},{"@type":"ImageObject","inLanguage":"et","@id":"https:\/\/www.axiomams.eu\/et\/produktas\/hioki-pq3100-elektrienergia-kvaliteedi-analusaator#primaryimage","url":"https:\/\/www.axiomams.eu\/wp-content\/uploads\/2025\/07\/3046-4040.jpg","contentUrl":"https:\/\/www.axiomams.eu\/wp-content\/uploads\/2025\/07\/3046-4040.jpg","width":1275,"height":1020},{"@type":"BreadcrumbList","@id":"https:\/\/www.axiomams.eu\/et\/produktas\/hioki-pq3100-elektrienergia-kvaliteedi-analusaator#breadcrumb","itemListElement":[{"@type":"ListItem","position":1,"name":"Home","item":"https:\/\/www.axiomams.eu\/et"},{"@type":"ListItem","position":2,"name":"Tooted","item":"https:\/\/www.axiomams.eu\/et\/tooted"},{"@type":"ListItem","position":3,"name":"HIOKI PQ3100 elektrienergia kvaliteedi anal\u00fcsaator"}]},{"@type":"WebSite","@id":"https:\/\/www.axiomams.eu\/et#website","url":"https:\/\/www.axiomams.eu\/et","name":"AXIOMA MS","description":"Terrmovizoriai ir matavimo \u012franga","publisher":{"@id":"https:\/\/www.axiomams.eu\/et#organization"},"potentialAction":[{"@type":"SearchAction","target":{"@type":"EntryPoint","urlTemplate":"https:\/\/www.axiomams.eu\/et?s={search_term_string}"},"query-input":{"@type":"PropertyValueSpecification","valueRequired":true,"valueName":"search_term_string"}}],"inLanguage":"et"},{"@type":"Organization","@id":"https:\/\/www.axiomams.eu\/et#organization","name":"AXIOMA MS","url":"https:\/\/www.axiomams.eu\/et","logo":{"@type":"ImageObject","inLanguage":"et","@id":"https:\/\/www.axiomams.eu\/et#\/schema\/logo\/image\/","url":"https:\/\/www.axiomams.eu\/wp-content\/uploads\/2025\/06\/axioma-logo-2.png","contentUrl":"https:\/\/www.axiomams.eu\/wp-content\/uploads\/2025\/06\/axioma-logo-2.png","width":1200,"height":1200,"caption":"AXIOMA MS"},"image":{"@id":"https:\/\/www.axiomams.eu\/et#\/schema\/logo\/image\/"},"sameAs":["https:\/\/www.facebook.com\/AxiomaMS","https:\/\/www.linkedin.com\/company\/axiomams\/"]}]}},"_links":{"self":[{"href":"https:\/\/www.axiomams.eu\/et\/wp-json\/wp\/v2\/product\/40426","targetHints":{"allow":["GET"]}}],"collection":[{"href":"https:\/\/www.axiomams.eu\/et\/wp-json\/wp\/v2\/product"}],"about":[{"href":"https:\/\/www.axiomams.eu\/et\/wp-json\/wp\/v2\/types\/product"}],"replies":[{"embeddable":true,"href":"https:\/\/www.axiomams.eu\/et\/wp-json\/wp\/v2\/comments?post=40426"}],"wp:featuredmedia":[{"embeddable":true,"href":"https:\/\/www.axiomams.eu\/et\/wp-json\/wp\/v2\/media\/42372"}],"wp:attachment":[{"href":"https:\/\/www.axiomams.eu\/et\/wp-json\/wp\/v2\/media?parent=40426"}],"wp:term":[{"taxonomy":"product_brand","embeddable":true,"href":"https:\/\/www.axiomams.eu\/et\/wp-json\/wp\/v2\/product_brand?post=40426"},{"taxonomy":"product_cat","embeddable":true,"href":"https:\/\/www.axiomams.eu\/et\/wp-json\/wp\/v2\/product_cat?post=40426"},{"taxonomy":"product_tag","embeddable":true,"href":"https:\/\/www.axiomams.eu\/et\/wp-json\/wp\/v2\/product_tag?post=40426"}],"curies":[{"name":"wp","href":"https:\/\/api.w.org\/{rel}","templated":true}]}}