{"id":40436,"date":"2025-05-15T18:06:43","date_gmt":"2025-05-15T16:06:43","guid":{"rendered":"https:\/\/www.axiomams.eu\/produktas\/hioki-pw3390-voimsusanalusaator"},"modified":"2026-02-02T14:32:25","modified_gmt":"2026-02-02T12:32:25","slug":"hioki-pw3390-voimsusanalusaator","status":"publish","type":"product","link":"https:\/\/www.axiomams.eu\/et\/produktas\/hioki-pw3390-voimsusanalusaator","title":{"rendered":"HIOKI PW3390 v\u00f5imsusanal\u00fcsaator"},"content":{"rendered":"<p>Hioki PW 3390 v\u00f5imsusm\u00f5\u00f5tja on suure t\u00e4psusega laiaulatuslik v\u00f5imsusanal\u00fcsaator elektrilise v\u00f5imsuse m\u00f5\u00f5tmiseks alalisvoolust kuni inverteri sagedusteni, pakkudes nelja sisendkanalit \u00fche- ja kolmefaasiliste inverterimootorite s\u00fcsteemide toetamiseks.<\/p>\n<p>M\u00f5\u00f5tmisliini t\u00fc\u00fcp: \u00dchefaasiline 2-juhe, \u00fchefaasiline 3-juhe, kolmefaasiline 3-juhe, kolmefaasiline 4-juhe, pinge 4 kanalit, vool 4 kanalit, isoleeritud iga kanali vahel.<\/p>\n<p>M\u00f5\u00f5tmisobjektid: Sagedus, RMS-pinge, pinge keskv\u00e4\u00e4rtuse ekvivalentne RMS-\u00fchendus, pinge vahelduvvoolukomponent, pinge lihtkeskmine, pinge p\u00f5hilainekomponent, pinge lainekuju tipp +, pinge lainekuju tipp -, pinge harmooniliste moonutuste summa, pinge lainetuse tegur, pinge tasakaalustamatuse tegur, voolu RMS, voolu keskv\u00e4\u00e4rtuse ekvivalentne RMS-\u00fchendus, voolu vahelduvvoolukomponent, voolu lihtkeskmine, voolu p\u00f5hilainekomponent, voolu lainekuju tipp +, voolu lainekuju tipp -, voolu harmooniliste moonutuste summa, voolu lainetuse tegur, voolu tasakaalustamatuse tegur, aktiivv\u00f5imsus, n\u00e4ivv\u00f5imsus, reaktiivv\u00f5imsus, v\u00f5imsustegur, pinge faasinurk voolu faasinurk, v\u00f5imsuse faasinurk, voolu positiivse suunaga suurus, voolu negatiivse suunaga suurus, voolu positiivse ja negatiivse suunaga suuruse summa, v\u00f5imsuse positiivse suunaga suurus, v\u00f5imsuse negatiivse suunaga suurus, v\u00f5imsuse positiivse ja negatiivse suunaga suuruse summa, kasutegur, kaod, voolu integreerimine, aktiivv\u00f5imsuse integreerimine.<\/p>\n<p>Ainult PW3390-03: P\u00f6\u00f6rdemoment, p\u00f6\u00f6rlemissagedus, sagedus, libisemine v\u00f5i mootori v\u00f5imsus.<\/p>\n<p>Harmooniliste v\u00e4\u00e4rtuste m\u00f5\u00f5tmine<br \/>\nSisend: 4 ch, s\u00fcnkroniseerimissageduse vahemik: 0,5 Hz &#8230; 5 kHz<br \/>\nHarmooniliste j\u00e4rjestuste arv: Max. 100. j\u00e4rjestus<\/p>\n<p>M\u00fcra m\u00f5\u00f5tmine:<br \/>\nKanalite arv: (valige \u00fcks kanal CH1 kuni CH4).<br \/>\nMaksimaalne anal\u00fc\u00fcsisagedus: 200 k\/ 50 k\/ 20 k\/ 10 k\/ 5 k\/ 2 kHz<\/p>\n<p>Mootori anal\u00fc\u00fcs (ainult PW3390-03):<br \/>\nSisend: 3 ch (CH A, CH B, CH Z).<br \/>\nM\u00f5\u00f5tmisparameetrid: Pinge, p\u00f6\u00f6rdemoment, p\u00f6\u00f6rlemiskiirus, sagedus, libisemine ja mootori v\u00f5imsus.<\/p>\n<p>M\u00f5\u00f5tmisvahemik:<br \/>\nPinge vahemik: 15 V &#8230; 1500 V, 7 vahemikku<br \/>\nVooluvahemik: 0,1 A &#8230; 20 kA (s\u00f5ltub vooluandurist).<\/p>\n<p>Efektiivne m\u00f5\u00f5tev\u00f5imsuse vahemik: 0,0150 W &#8230; 39,600 MW (m\u00e4\u00e4ratakse automaatselt pingevahemiku, vooluvahemiku ja m\u00f5\u00f5tmisliini kombinatsiooniga).<\/p>\n<p>P\u00f5hit\u00e4psus (45 Hz &#8230; 66 Hz)<br \/>\nPinge: \u00b10,04 % rdg. \u00b10,05 % f.s.<br \/>\nVool: \u00b10,04 % rdg. \u00b10,05 % f.s. + vooluanduri t\u00e4psus.<br \/>\nV\u00f5imsus: \u00b10,04 % rdg. \u00b10,05 % f.s. + vooluanduri t\u00e4psus<\/p>\n<p>S\u00fcnkroniseerimissageduse vahemik: 0,5 Hz &#8230; 5 kHz<br \/>\nSagedusala: DC, 0,5 Hz &#8230; 200 kHz<br \/>\nAndmete uuendamise kiirus: 50 ms<br \/>\nEkraani v\u00e4rskendussagedus: 200 ms<br \/>\nAutomaatne salvestusfunktsioon: Iga v\u00e4\u00e4rtus salvestatakse CF-kaardile iga m\u00f5\u00f5tmisintervalli ajal (USB-salvestus ei ole saadaval), OFF, 50 msec &#8230; 500 msec, 1 sek &#8230; 30 sek, 1 minut &#8230; 60 minutit, 15 seadistust<br \/>\nV\u00e4lised liidesed: LAN, USB (side\/m\u00e4lu jaoks), RS-232C (side\/LR8410 \u00fchendus), CF-kaart, s\u00fcnkroonimisjuhtimine, v\u00e4line juhtimine.<br \/>\nLogeri \u00fchenduvus: Saadab m\u00f5\u00f5detud v\u00e4\u00e4rtused traadita loggerisse, kasutades Bluetooth traadita tehnoloogia jada muundamise adapterit.<br \/>\nToiteallikas: 100 V &#8230; 240 V AC, 50\/60 Hz, 140 VA max.<br \/>\nM\u00f5\u00f5dud: m\u00f5\u00f5tmed: 340 x 170x 156 mm<br \/>\nKaal: 4,6 kg<\/p>\n<p>Standardkomplekt: Hioki PW3390, kasutusjuhend, toitejuhe, m\u00f5\u00f5tmisjuhend, USB-kaabel, sisendjuhtme silt, D-sub pistik (PW3390-02, PW3390-03).<\/p>\n<h3>Tehniline teave:<\/h3>\n<ul>\n<li><a href=\"https:\/\/axiomams.eu\/importer\/export\/attachments\/en\/hioki-pw3390.pdf\" target=\"_blank\">Hioki PW3390.pdf<\/a><\/li>\n<\/ul>\n","protected":false},"excerpt":{"rendered":"<p>Hioki PW 3390 v\u00f5imsusm\u00f5\u00f5tja on suure t\u00e4psusega laiaulatuslik v\u00f5imsusanal\u00fcsaator elektrilise v\u00f5imsuse m\u00f5\u00f5tmiseks alalisvoolust kuni inverteri sagedusteni, pakkudes nelja sisendkanalit \u00fche- ja kolmefaasiliste inverterimootorite s\u00fcsteemide toetamiseks. M\u00f5\u00f5tmisliini t\u00fc\u00fcp: \u00dchefaasiline 2-juhe, \u00fchefaasiline 3-juhe, kolmefaasiline 3-juhe, kolmefaasiline 4-juhe, pinge 4 kanalit, vool 4 kanalit, isoleeritud iga kanali vahel. M\u00f5\u00f5tmisobjektid: Sagedus, RMS-pinge, pinge keskv\u00e4\u00e4rtuse ekvivalentne RMS-\u00fchendus, pinge vahelduvvoolukomponent, pinge&#8230;<\/p>\n","protected":false},"featured_media":42392,"comment_status":"open","ping_status":"closed","template":"","meta":{"_acf_changed":false},"product_brand":[1112],"product_cat":[17824],"product_tag":[],"class_list":{"0":"post-40436","1":"product","2":"type-product","3":"status-publish","4":"has-post-thumbnail","6":"product_brand-hioki","7":"product_cat-voimsus-analuusiks","9":"first","10":"instock","11":"taxable","12":"shipping-taxable","13":"product-type-simple"},"acf":[],"yoast_head":"<!-- This site is optimized with the Yoast SEO plugin v27.0 - https:\/\/yoast.com\/product\/yoast-seo-wordpress\/ -->\n<title>HIOKI PW3390 v\u00f5imsusanal\u00fcsaator - AXIOMA MS<\/title>\n<meta name=\"robots\" content=\"index, follow, max-snippet:-1, max-image-preview:large, max-video-preview:-1\" \/>\n<link rel=\"canonical\" href=\"https:\/\/www.axiomams.eu\/et\/produktas\/hioki-pw3390-voimsusanalusaator\" \/>\n<meta property=\"og:locale\" content=\"et_EE\" \/>\n<meta property=\"og:type\" content=\"article\" \/>\n<meta property=\"og:title\" content=\"HIOKI PW3390 v\u00f5imsusanal\u00fcsaator - AXIOMA MS\" \/>\n<meta property=\"og:description\" content=\"Hioki PW 3390 v\u00f5imsusm\u00f5\u00f5tja on suure t\u00e4psusega laiaulatuslik v\u00f5imsusanal\u00fcsaator elektrilise v\u00f5imsuse m\u00f5\u00f5tmiseks alalisvoolust kuni inverteri sagedusteni, pakkudes nelja sisendkanalit \u00fche- ja kolmefaasiliste inverterimootorite s\u00fcsteemide toetamiseks. M\u00f5\u00f5tmisliini t\u00fc\u00fcp: \u00dchefaasiline 2-juhe, \u00fchefaasiline 3-juhe, kolmefaasiline 3-juhe, kolmefaasiline 4-juhe, pinge 4 kanalit, vool 4 kanalit, isoleeritud iga kanali vahel. M\u00f5\u00f5tmisobjektid: Sagedus, RMS-pinge, pinge keskv\u00e4\u00e4rtuse ekvivalentne RMS-\u00fchendus, pinge vahelduvvoolukomponent, pinge...\" \/>\n<meta property=\"og:url\" content=\"https:\/\/www.axiomams.eu\/et\/produktas\/hioki-pw3390-voimsusanalusaator\" \/>\n<meta property=\"og:site_name\" content=\"AXIOMA MS\" \/>\n<meta property=\"article:publisher\" content=\"https:\/\/www.facebook.com\/AxiomaMS\" \/>\n<meta property=\"article:modified_time\" content=\"2026-02-02T12:32:25+00:00\" \/>\n<meta property=\"og:image\" content=\"https:\/\/www.axiomams.eu\/wp-content\/uploads\/2025\/07\/2761-3592.jpg\" \/>\n\t<meta property=\"og:image:width\" content=\"1275\" \/>\n\t<meta property=\"og:image:height\" content=\"1020\" \/>\n\t<meta property=\"og:image:type\" content=\"image\/jpeg\" \/>\n<meta name=\"twitter:card\" content=\"summary_large_image\" \/>\n<meta name=\"twitter:label1\" content=\"Est. reading time\" \/>\n\t<meta name=\"twitter:data1\" content=\"2 minut\" \/>\n<script type=\"application\/ld+json\" class=\"yoast-schema-graph\">{\"@context\":\"https:\/\/schema.org\",\"@graph\":[{\"@type\":\"WebPage\",\"@id\":\"https:\/\/www.axiomams.eu\/et\/produktas\/hioki-pw3390-voimsusanalusaator\",\"url\":\"https:\/\/www.axiomams.eu\/et\/produktas\/hioki-pw3390-voimsusanalusaator\",\"name\":\"HIOKI PW3390 v\u00f5imsusanal\u00fcsaator - AXIOMA MS\",\"isPartOf\":{\"@id\":\"https:\/\/www.axiomams.eu\/et#website\"},\"primaryImageOfPage\":{\"@id\":\"https:\/\/www.axiomams.eu\/et\/produktas\/hioki-pw3390-voimsusanalusaator#primaryimage\"},\"image\":{\"@id\":\"https:\/\/www.axiomams.eu\/et\/produktas\/hioki-pw3390-voimsusanalusaator#primaryimage\"},\"thumbnailUrl\":\"https:\/\/www.axiomams.eu\/wp-content\/uploads\/2025\/07\/2761-3592.jpg\",\"datePublished\":\"2025-05-15T16:06:43+00:00\",\"dateModified\":\"2026-02-02T12:32:25+00:00\",\"breadcrumb\":{\"@id\":\"https:\/\/www.axiomams.eu\/et\/produktas\/hioki-pw3390-voimsusanalusaator#breadcrumb\"},\"inLanguage\":\"et\",\"potentialAction\":[{\"@type\":\"ReadAction\",\"target\":[\"https:\/\/www.axiomams.eu\/et\/produktas\/hioki-pw3390-voimsusanalusaator\"]}]},{\"@type\":\"ImageObject\",\"inLanguage\":\"et\",\"@id\":\"https:\/\/www.axiomams.eu\/et\/produktas\/hioki-pw3390-voimsusanalusaator#primaryimage\",\"url\":\"https:\/\/www.axiomams.eu\/wp-content\/uploads\/2025\/07\/2761-3592.jpg\",\"contentUrl\":\"https:\/\/www.axiomams.eu\/wp-content\/uploads\/2025\/07\/2761-3592.jpg\",\"width\":1275,\"height\":1020},{\"@type\":\"BreadcrumbList\",\"@id\":\"https:\/\/www.axiomams.eu\/et\/produktas\/hioki-pw3390-voimsusanalusaator#breadcrumb\",\"itemListElement\":[{\"@type\":\"ListItem\",\"position\":1,\"name\":\"Home\",\"item\":\"https:\/\/www.axiomams.eu\/et\"},{\"@type\":\"ListItem\",\"position\":2,\"name\":\"Tooted\",\"item\":\"https:\/\/www.axiomams.eu\/et\/tooted\"},{\"@type\":\"ListItem\",\"position\":3,\"name\":\"HIOKI PW3390 v\u00f5imsusanal\u00fcsaator\"}]},{\"@type\":\"WebSite\",\"@id\":\"https:\/\/www.axiomams.eu\/et#website\",\"url\":\"https:\/\/www.axiomams.eu\/et\",\"name\":\"AXIOMA MS\",\"description\":\"Terrmovizoriai ir matavimo \u012franga\",\"publisher\":{\"@id\":\"https:\/\/www.axiomams.eu\/et#organization\"},\"potentialAction\":[{\"@type\":\"SearchAction\",\"target\":{\"@type\":\"EntryPoint\",\"urlTemplate\":\"https:\/\/www.axiomams.eu\/et?s={search_term_string}\"},\"query-input\":{\"@type\":\"PropertyValueSpecification\",\"valueRequired\":true,\"valueName\":\"search_term_string\"}}],\"inLanguage\":\"et\"},{\"@type\":\"Organization\",\"@id\":\"https:\/\/www.axiomams.eu\/et#organization\",\"name\":\"AXIOMA MS\",\"url\":\"https:\/\/www.axiomams.eu\/et\",\"logo\":{\"@type\":\"ImageObject\",\"inLanguage\":\"et\",\"@id\":\"https:\/\/www.axiomams.eu\/et#\/schema\/logo\/image\/\",\"url\":\"https:\/\/www.axiomams.eu\/wp-content\/uploads\/2025\/06\/axioma-logo-2.png\",\"contentUrl\":\"https:\/\/www.axiomams.eu\/wp-content\/uploads\/2025\/06\/axioma-logo-2.png\",\"width\":1200,\"height\":1200,\"caption\":\"AXIOMA MS\"},\"image\":{\"@id\":\"https:\/\/www.axiomams.eu\/et#\/schema\/logo\/image\/\"},\"sameAs\":[\"https:\/\/www.facebook.com\/AxiomaMS\",\"https:\/\/www.linkedin.com\/company\/axiomams\/\"]}]}<\/script>\n<!-- \/ Yoast SEO plugin. -->","yoast_head_json":{"title":"HIOKI PW3390 v\u00f5imsusanal\u00fcsaator - AXIOMA MS","robots":{"index":"index","follow":"follow","max-snippet":"max-snippet:-1","max-image-preview":"max-image-preview:large","max-video-preview":"max-video-preview:-1"},"canonical":"https:\/\/www.axiomams.eu\/et\/produktas\/hioki-pw3390-voimsusanalusaator","og_locale":"et_EE","og_type":"article","og_title":"HIOKI PW3390 v\u00f5imsusanal\u00fcsaator - AXIOMA MS","og_description":"Hioki PW 3390 v\u00f5imsusm\u00f5\u00f5tja on suure t\u00e4psusega laiaulatuslik v\u00f5imsusanal\u00fcsaator elektrilise v\u00f5imsuse m\u00f5\u00f5tmiseks alalisvoolust kuni inverteri sagedusteni, pakkudes nelja sisendkanalit \u00fche- ja kolmefaasiliste inverterimootorite s\u00fcsteemide toetamiseks. M\u00f5\u00f5tmisliini t\u00fc\u00fcp: \u00dchefaasiline 2-juhe, \u00fchefaasiline 3-juhe, kolmefaasiline 3-juhe, kolmefaasiline 4-juhe, pinge 4 kanalit, vool 4 kanalit, isoleeritud iga kanali vahel. M\u00f5\u00f5tmisobjektid: Sagedus, RMS-pinge, pinge keskv\u00e4\u00e4rtuse ekvivalentne RMS-\u00fchendus, pinge vahelduvvoolukomponent, pinge...","og_url":"https:\/\/www.axiomams.eu\/et\/produktas\/hioki-pw3390-voimsusanalusaator","og_site_name":"AXIOMA MS","article_publisher":"https:\/\/www.facebook.com\/AxiomaMS","article_modified_time":"2026-02-02T12:32:25+00:00","og_image":[{"width":1275,"height":1020,"url":"https:\/\/www.axiomams.eu\/wp-content\/uploads\/2025\/07\/2761-3592.jpg","type":"image\/jpeg"}],"twitter_card":"summary_large_image","twitter_misc":{"Est. reading time":"2 minut"},"schema":{"@context":"https:\/\/schema.org","@graph":[{"@type":"WebPage","@id":"https:\/\/www.axiomams.eu\/et\/produktas\/hioki-pw3390-voimsusanalusaator","url":"https:\/\/www.axiomams.eu\/et\/produktas\/hioki-pw3390-voimsusanalusaator","name":"HIOKI PW3390 v\u00f5imsusanal\u00fcsaator - AXIOMA MS","isPartOf":{"@id":"https:\/\/www.axiomams.eu\/et#website"},"primaryImageOfPage":{"@id":"https:\/\/www.axiomams.eu\/et\/produktas\/hioki-pw3390-voimsusanalusaator#primaryimage"},"image":{"@id":"https:\/\/www.axiomams.eu\/et\/produktas\/hioki-pw3390-voimsusanalusaator#primaryimage"},"thumbnailUrl":"https:\/\/www.axiomams.eu\/wp-content\/uploads\/2025\/07\/2761-3592.jpg","datePublished":"2025-05-15T16:06:43+00:00","dateModified":"2026-02-02T12:32:25+00:00","breadcrumb":{"@id":"https:\/\/www.axiomams.eu\/et\/produktas\/hioki-pw3390-voimsusanalusaator#breadcrumb"},"inLanguage":"et","potentialAction":[{"@type":"ReadAction","target":["https:\/\/www.axiomams.eu\/et\/produktas\/hioki-pw3390-voimsusanalusaator"]}]},{"@type":"ImageObject","inLanguage":"et","@id":"https:\/\/www.axiomams.eu\/et\/produktas\/hioki-pw3390-voimsusanalusaator#primaryimage","url":"https:\/\/www.axiomams.eu\/wp-content\/uploads\/2025\/07\/2761-3592.jpg","contentUrl":"https:\/\/www.axiomams.eu\/wp-content\/uploads\/2025\/07\/2761-3592.jpg","width":1275,"height":1020},{"@type":"BreadcrumbList","@id":"https:\/\/www.axiomams.eu\/et\/produktas\/hioki-pw3390-voimsusanalusaator#breadcrumb","itemListElement":[{"@type":"ListItem","position":1,"name":"Home","item":"https:\/\/www.axiomams.eu\/et"},{"@type":"ListItem","position":2,"name":"Tooted","item":"https:\/\/www.axiomams.eu\/et\/tooted"},{"@type":"ListItem","position":3,"name":"HIOKI PW3390 v\u00f5imsusanal\u00fcsaator"}]},{"@type":"WebSite","@id":"https:\/\/www.axiomams.eu\/et#website","url":"https:\/\/www.axiomams.eu\/et","name":"AXIOMA MS","description":"Terrmovizoriai ir matavimo \u012franga","publisher":{"@id":"https:\/\/www.axiomams.eu\/et#organization"},"potentialAction":[{"@type":"SearchAction","target":{"@type":"EntryPoint","urlTemplate":"https:\/\/www.axiomams.eu\/et?s={search_term_string}"},"query-input":{"@type":"PropertyValueSpecification","valueRequired":true,"valueName":"search_term_string"}}],"inLanguage":"et"},{"@type":"Organization","@id":"https:\/\/www.axiomams.eu\/et#organization","name":"AXIOMA MS","url":"https:\/\/www.axiomams.eu\/et","logo":{"@type":"ImageObject","inLanguage":"et","@id":"https:\/\/www.axiomams.eu\/et#\/schema\/logo\/image\/","url":"https:\/\/www.axiomams.eu\/wp-content\/uploads\/2025\/06\/axioma-logo-2.png","contentUrl":"https:\/\/www.axiomams.eu\/wp-content\/uploads\/2025\/06\/axioma-logo-2.png","width":1200,"height":1200,"caption":"AXIOMA MS"},"image":{"@id":"https:\/\/www.axiomams.eu\/et#\/schema\/logo\/image\/"},"sameAs":["https:\/\/www.facebook.com\/AxiomaMS","https:\/\/www.linkedin.com\/company\/axiomams\/"]}]}},"_links":{"self":[{"href":"https:\/\/www.axiomams.eu\/et\/wp-json\/wp\/v2\/product\/40436","targetHints":{"allow":["GET"]}}],"collection":[{"href":"https:\/\/www.axiomams.eu\/et\/wp-json\/wp\/v2\/product"}],"about":[{"href":"https:\/\/www.axiomams.eu\/et\/wp-json\/wp\/v2\/types\/product"}],"replies":[{"embeddable":true,"href":"https:\/\/www.axiomams.eu\/et\/wp-json\/wp\/v2\/comments?post=40436"}],"wp:featuredmedia":[{"embeddable":true,"href":"https:\/\/www.axiomams.eu\/et\/wp-json\/wp\/v2\/media\/42392"}],"wp:attachment":[{"href":"https:\/\/www.axiomams.eu\/et\/wp-json\/wp\/v2\/media?parent=40436"}],"wp:term":[{"taxonomy":"product_brand","embeddable":true,"href":"https:\/\/www.axiomams.eu\/et\/wp-json\/wp\/v2\/product_brand?post=40436"},{"taxonomy":"product_cat","embeddable":true,"href":"https:\/\/www.axiomams.eu\/et\/wp-json\/wp\/v2\/product_cat?post=40436"},{"taxonomy":"product_tag","embeddable":true,"href":"https:\/\/www.axiomams.eu\/et\/wp-json\/wp\/v2\/product_tag?post=40436"}],"curies":[{"name":"wp","href":"https:\/\/api.w.org\/{rel}","templated":true}]}}