{"id":40438,"date":"2025-05-15T18:07:06","date_gmt":"2025-05-15T16:07:06","guid":{"rendered":"https:\/\/www.axiomams.eu\/produktas\/hioki-pw6001-voimsusanalusaator"},"modified":"2026-02-02T14:32:25","modified_gmt":"2026-02-02T12:32:25","slug":"hioki-pw6001-voimsusanalusaator","status":"publish","type":"product","link":"https:\/\/www.axiomams.eu\/et\/produktas\/hioki-pw6001-voimsusanalusaator","title":{"rendered":"HIOKI PW6001 v\u00f5imsusanal\u00fcsaator"},"content":{"rendered":"<p>Hioki PW6001 lauat\u00f6\u00f6laua v\u00f5imsusm\u00f5\u00f5turid ja v\u00f5imsusanal\u00fcsaatorid on oma klassi parimad v\u00f5imsusm\u00f5\u00f5teseadmed \u00fche- kuni kolmefaasiliste liinide m\u00f5\u00f5tmiseks suure t\u00e4psuse ja t\u00e4psusega. PW6001 on Hioki tipptasemel v\u00f5imsusanal\u00fcsaator, millel on k\u00f5rge t\u00e4psus, lai sagedusala ja suur stabiilsus elektrilise v\u00f5imsuse m\u00f5\u00f5tmiseks alalisvoolust kuni inverteri sagedusteni, pakkudes maksimaalselt 12 kanalit*, et toetada \u00fche- ja kolmefaasiliste inverterite mootoris\u00fcsteemide m\u00f5\u00f5tmisi ja j\u00e4rgmise p\u00f5lvkonna seadmeid, nagu r\u00e4nikarbiidist (SiC) inverterid. *Kahe 6-kanalilise mudeli s\u00fcnkroniseerimisel, mis on \u00fchendatud optilise \u00fchenduse kaudu.<\/p>\n<p>M\u00f5\u00f5tmisliini t\u00fc\u00fcp: \u00dchefaasiline 2-juhtmeline, \u00fchefaasiline 3-juhtmeline, kolmefaasiline 3-juhtmeline, kolmefaasiline 4-juhtmeline.<\/p>\n<p>Sisendkanalite arv: Maks. 6 kanalit; iga sisend\u00fcksus pakub 1 kanalit samaaegseks pinge ja voolu sisestamiseks (Pinge m\u00f5\u00f5tmis\u00fcksus: Fotoisoleeritud sisend, takistuse pingejagur, voolu m\u00f5\u00f5tmise \u00fcksus: Isoleeritud sisend vooluandurist)<\/p>\n<p>M\u00f5\u00f5tmisobjektid:<br \/>\nPinge (U), vool (I), aktiivv\u00f5imsus (P), n\u00e4ivv\u00f5imsus (S), reaktiivv\u00f5imsus (Q), v\u00f5imsustegur (\u03bb), faasinurk (\u03c6), sagedus (f), kasutegur (\u03b7), kaod (Loss), pinge lainetuse tegur (Urf), voolu lainetuse tegur (Irf), voolu integreerimine (Ih), v\u00f5imsuse integreerimine (WP), pinge tipp (Upk), voolu tipp (Ipk).<br \/>\nHarmooniliste v\u00e4\u00e4rtuste m\u00f5\u00f5tmine: Harmooniline aktiivv\u00f5imsus, arvutuskorra valimine 2. kuni 100. j\u00e4rjekorrani.<br \/>\nlainekuju salvestamine: Pinge- ja voolu lainekuju\/ mootori impulss: alati 5 MS\/s<br \/>\nMootori lainekuju: Alati 50 kS\/s, 16 bitti<br \/>\nSalvestusmaht: 1 Mword x ((pinge + vool) x kanalite arv + mootori lainekuju)<br \/>\nMootori anal\u00fc\u00fcs (ainult PW6001-11 kuni -16): Pinge, p\u00f6\u00f6rdemoment, p\u00f6\u00f6rlemissagedus, sagedus, libisemine v\u00f5i mootori v\u00e4ljund<\/p>\n<p>M\u00f5\u00f5tmisvahemik:<br \/>\nPinge vahemik: 6 V &#8230; 1500 V, 8 vahemikku<br \/>\nVooluvahemik (andur 1): 400 mA &#8230; 1 kA (s\u00f5ltub vooluandurist).<br \/>\nVooluvahemik (andur 2): 100 mA &#8230; 50 kA (s\u00f5ltub vooluandurist)<br \/>\nV\u00f5imsusvahemik: 2,40000 W &#8230; 4,50000 MW (s\u00f5ltub pinge- ja vooluvahemiku kombinatsioonist).<br \/>\nSagedusvahemik: 0,1 Hz &#8230; 2 MHz<\/p>\n<p>P\u00f5hiline t\u00e4psus:<br \/>\n\u00b10,02 % rdg. \u00b10,02 % f.s.<br \/>\nVool: \u00b10,02 % rdg. \u00b10,02 % f.s. + vooluanduri t\u00e4psus: \u00b10,02 % rdg. \u00b10,02 % f.s. + vooluanduri t\u00e4psus<br \/>\nAktiivv\u00f5imsus: \u00b10,02 % rdg. \u00b10,03 % f.s. + vooluanduri t\u00e4psus: \u00b10,02 % rdg. \u00b10,03 % f.s. + vooluanduri t\u00e4psus<\/p>\n<p>S\u00fcnkroniseerimissageduse vahemik:<br \/>\nV\u00f5imsuse m\u00f5\u00f5tmine: 0,1 Hz &#8230; 2 MHz<br \/>\nHarmooniliste m\u00f5\u00f5tmine: 45 Hz &#8230; 66 Hz (IEC standardre\u017eiim), 0,1 Hz &#8230; 300 kHz (lairibare\u017eiim)<\/p>\n<p>Sagedusala: DC, 0,1 Hz &#8230; 2 MHz<\/p>\n<p>Andmete uuendamise kiirus:<br \/>\nV\u00f5imsuse m\u00f5\u00f5tmine: 10 ms\/ 50 ms\/ 200 ms<br \/>\nHarmooniliste m\u00f5\u00f5tmine: 200 ms (IEC standardre\u017eiim), 50 ms (lairiba re\u017eiim).<\/p>\n<p>Andmete salvestamise intervall:<br \/>\n&#8230; 500 msec, 1 sek &#8230; 30 sek, 1 minut &#8230; 60 minutit<br \/>\nKasutaja valitud k\u00f5ikidest m\u00f5\u00f5tmisv\u00e4\u00e4rtustest, sealhulgas harmoonilised m\u00f5\u00f5tmisv\u00e4\u00e4rtused,<br \/>\nM\u00e4\u00e4ratud m\u00f5\u00f5tev\u00e4\u00e4rtusi saab salvestada sisem\u00e4llu v\u00f5i USB-m\u00e4lupulgale<\/p>\n<p>V\u00e4lised liidesed: USB (m\u00e4lu), LAN, GP-IB, RS-232C (side\/LR8410 \u00fchendus), v\u00e4line juhtimine, s\u00fcnkroniseerimise juhtimine.<\/p>\n<p>Logeri \u00fchenduvus: Saadab m\u00f5\u00f5detud v\u00e4\u00e4rtused traadita loggerisse, kasutades Bluetooth\u00ae traadita tehnoloogia jada muundamise adapterit.<br \/>\nToiteallikas: 100-240 V AC, 50\/60 Hz, 200 VA max.<br \/>\nM\u00f5\u00f5dud: 430 x 177 x 450 mm<br \/>\nKaal: 14 kg.<\/p>\n<h3>Tehniline teave:<\/h3>\n<ul>\n<li><a href=\"https:\/\/axiomams.eu\/importer\/export\/attachments\/en\/hioki-pw6001.pdf\" target=\"_blank\">Hioki PW6001.pdf<\/a><\/li>\n<\/ul>\n","protected":false},"excerpt":{"rendered":"<p>Hioki PW6001 lauat\u00f6\u00f6laua v\u00f5imsusm\u00f5\u00f5turid ja v\u00f5imsusanal\u00fcsaatorid on oma klassi parimad v\u00f5imsusm\u00f5\u00f5teseadmed \u00fche- kuni kolmefaasiliste liinide m\u00f5\u00f5tmiseks suure t\u00e4psuse ja t\u00e4psusega. PW6001 on Hioki tipptasemel v\u00f5imsusanal\u00fcsaator, millel on k\u00f5rge t\u00e4psus, lai sagedusala ja suur stabiilsus elektrilise v\u00f5imsuse m\u00f5\u00f5tmiseks alalisvoolust kuni inverteri sagedusteni, pakkudes maksimaalselt 12 kanalit*, et toetada \u00fche- ja kolmefaasiliste inverterite mootoris\u00fcsteemide m\u00f5\u00f5tmisi ja j\u00e4rgmise&#8230;<\/p>\n","protected":false},"featured_media":42396,"comment_status":"open","ping_status":"closed","template":"","meta":{"_acf_changed":false},"product_brand":[1112],"product_cat":[17824],"product_tag":[],"class_list":{"0":"post-40438","1":"product","2":"type-product","3":"status-publish","4":"has-post-thumbnail","6":"product_brand-hioki","7":"product_cat-voimsus-analuusiks","9":"first","10":"instock","11":"taxable","12":"shipping-taxable","13":"product-type-simple"},"acf":[],"yoast_head":"<!-- This site is optimized with the Yoast SEO plugin v27.0 - https:\/\/yoast.com\/product\/yoast-seo-wordpress\/ -->\n<title>HIOKI PW6001 v\u00f5imsusanal\u00fcsaator - AXIOMA MS<\/title>\n<meta name=\"robots\" content=\"index, follow, max-snippet:-1, max-image-preview:large, max-video-preview:-1\" \/>\n<link rel=\"canonical\" href=\"https:\/\/www.axiomams.eu\/et\/produktas\/hioki-pw6001-voimsusanalusaator\" \/>\n<meta property=\"og:locale\" content=\"et_EE\" \/>\n<meta property=\"og:type\" content=\"article\" \/>\n<meta property=\"og:title\" content=\"HIOKI PW6001 v\u00f5imsusanal\u00fcsaator - AXIOMA MS\" \/>\n<meta property=\"og:description\" content=\"Hioki PW6001 lauat\u00f6\u00f6laua v\u00f5imsusm\u00f5\u00f5turid ja v\u00f5imsusanal\u00fcsaatorid on oma klassi parimad v\u00f5imsusm\u00f5\u00f5teseadmed \u00fche- kuni kolmefaasiliste liinide m\u00f5\u00f5tmiseks suure t\u00e4psuse ja t\u00e4psusega. PW6001 on Hioki tipptasemel v\u00f5imsusanal\u00fcsaator, millel on k\u00f5rge t\u00e4psus, lai sagedusala ja suur stabiilsus elektrilise v\u00f5imsuse m\u00f5\u00f5tmiseks alalisvoolust kuni inverteri sagedusteni, pakkudes maksimaalselt 12 kanalit*, et toetada \u00fche- ja kolmefaasiliste inverterite mootoris\u00fcsteemide m\u00f5\u00f5tmisi ja j\u00e4rgmise...\" \/>\n<meta property=\"og:url\" content=\"https:\/\/www.axiomams.eu\/et\/produktas\/hioki-pw6001-voimsusanalusaator\" \/>\n<meta property=\"og:site_name\" content=\"AXIOMA MS\" \/>\n<meta property=\"article:publisher\" content=\"https:\/\/www.facebook.com\/AxiomaMS\" \/>\n<meta property=\"article:modified_time\" content=\"2026-02-02T12:32:25+00:00\" \/>\n<meta property=\"og:image\" content=\"https:\/\/www.axiomams.eu\/wp-content\/uploads\/2025\/07\/2760-3591.jpg\" \/>\n\t<meta property=\"og:image:width\" content=\"1137\" \/>\n\t<meta property=\"og:image:height\" content=\"1020\" \/>\n\t<meta property=\"og:image:type\" content=\"image\/jpeg\" \/>\n<meta name=\"twitter:card\" content=\"summary_large_image\" \/>\n<meta name=\"twitter:label1\" content=\"Est. reading time\" \/>\n\t<meta name=\"twitter:data1\" content=\"2 minut\" \/>\n<script type=\"application\/ld+json\" class=\"yoast-schema-graph\">{\"@context\":\"https:\/\/schema.org\",\"@graph\":[{\"@type\":\"WebPage\",\"@id\":\"https:\/\/www.axiomams.eu\/et\/produktas\/hioki-pw6001-voimsusanalusaator\",\"url\":\"https:\/\/www.axiomams.eu\/et\/produktas\/hioki-pw6001-voimsusanalusaator\",\"name\":\"HIOKI PW6001 v\u00f5imsusanal\u00fcsaator - AXIOMA MS\",\"isPartOf\":{\"@id\":\"https:\/\/www.axiomams.eu\/et#website\"},\"primaryImageOfPage\":{\"@id\":\"https:\/\/www.axiomams.eu\/et\/produktas\/hioki-pw6001-voimsusanalusaator#primaryimage\"},\"image\":{\"@id\":\"https:\/\/www.axiomams.eu\/et\/produktas\/hioki-pw6001-voimsusanalusaator#primaryimage\"},\"thumbnailUrl\":\"https:\/\/www.axiomams.eu\/wp-content\/uploads\/2025\/07\/2760-3591.jpg\",\"datePublished\":\"2025-05-15T16:07:06+00:00\",\"dateModified\":\"2026-02-02T12:32:25+00:00\",\"breadcrumb\":{\"@id\":\"https:\/\/www.axiomams.eu\/et\/produktas\/hioki-pw6001-voimsusanalusaator#breadcrumb\"},\"inLanguage\":\"et\",\"potentialAction\":[{\"@type\":\"ReadAction\",\"target\":[\"https:\/\/www.axiomams.eu\/et\/produktas\/hioki-pw6001-voimsusanalusaator\"]}]},{\"@type\":\"ImageObject\",\"inLanguage\":\"et\",\"@id\":\"https:\/\/www.axiomams.eu\/et\/produktas\/hioki-pw6001-voimsusanalusaator#primaryimage\",\"url\":\"https:\/\/www.axiomams.eu\/wp-content\/uploads\/2025\/07\/2760-3591.jpg\",\"contentUrl\":\"https:\/\/www.axiomams.eu\/wp-content\/uploads\/2025\/07\/2760-3591.jpg\",\"width\":1137,\"height\":1020},{\"@type\":\"BreadcrumbList\",\"@id\":\"https:\/\/www.axiomams.eu\/et\/produktas\/hioki-pw6001-voimsusanalusaator#breadcrumb\",\"itemListElement\":[{\"@type\":\"ListItem\",\"position\":1,\"name\":\"Home\",\"item\":\"https:\/\/www.axiomams.eu\/et\"},{\"@type\":\"ListItem\",\"position\":2,\"name\":\"Tooted\",\"item\":\"https:\/\/www.axiomams.eu\/et\/tooted\"},{\"@type\":\"ListItem\",\"position\":3,\"name\":\"HIOKI PW6001 v\u00f5imsusanal\u00fcsaator\"}]},{\"@type\":\"WebSite\",\"@id\":\"https:\/\/www.axiomams.eu\/et#website\",\"url\":\"https:\/\/www.axiomams.eu\/et\",\"name\":\"AXIOMA MS\",\"description\":\"Terrmovizoriai ir matavimo \u012franga\",\"publisher\":{\"@id\":\"https:\/\/www.axiomams.eu\/et#organization\"},\"potentialAction\":[{\"@type\":\"SearchAction\",\"target\":{\"@type\":\"EntryPoint\",\"urlTemplate\":\"https:\/\/www.axiomams.eu\/et?s={search_term_string}\"},\"query-input\":{\"@type\":\"PropertyValueSpecification\",\"valueRequired\":true,\"valueName\":\"search_term_string\"}}],\"inLanguage\":\"et\"},{\"@type\":\"Organization\",\"@id\":\"https:\/\/www.axiomams.eu\/et#organization\",\"name\":\"AXIOMA MS\",\"url\":\"https:\/\/www.axiomams.eu\/et\",\"logo\":{\"@type\":\"ImageObject\",\"inLanguage\":\"et\",\"@id\":\"https:\/\/www.axiomams.eu\/et#\/schema\/logo\/image\/\",\"url\":\"https:\/\/www.axiomams.eu\/wp-content\/uploads\/2025\/06\/axioma-logo-2.png\",\"contentUrl\":\"https:\/\/www.axiomams.eu\/wp-content\/uploads\/2025\/06\/axioma-logo-2.png\",\"width\":1200,\"height\":1200,\"caption\":\"AXIOMA MS\"},\"image\":{\"@id\":\"https:\/\/www.axiomams.eu\/et#\/schema\/logo\/image\/\"},\"sameAs\":[\"https:\/\/www.facebook.com\/AxiomaMS\",\"https:\/\/www.linkedin.com\/company\/axiomams\/\"]}]}<\/script>\n<!-- \/ Yoast SEO plugin. -->","yoast_head_json":{"title":"HIOKI PW6001 v\u00f5imsusanal\u00fcsaator - AXIOMA MS","robots":{"index":"index","follow":"follow","max-snippet":"max-snippet:-1","max-image-preview":"max-image-preview:large","max-video-preview":"max-video-preview:-1"},"canonical":"https:\/\/www.axiomams.eu\/et\/produktas\/hioki-pw6001-voimsusanalusaator","og_locale":"et_EE","og_type":"article","og_title":"HIOKI PW6001 v\u00f5imsusanal\u00fcsaator - AXIOMA MS","og_description":"Hioki PW6001 lauat\u00f6\u00f6laua v\u00f5imsusm\u00f5\u00f5turid ja v\u00f5imsusanal\u00fcsaatorid on oma klassi parimad v\u00f5imsusm\u00f5\u00f5teseadmed \u00fche- kuni kolmefaasiliste liinide m\u00f5\u00f5tmiseks suure t\u00e4psuse ja t\u00e4psusega. PW6001 on Hioki tipptasemel v\u00f5imsusanal\u00fcsaator, millel on k\u00f5rge t\u00e4psus, lai sagedusala ja suur stabiilsus elektrilise v\u00f5imsuse m\u00f5\u00f5tmiseks alalisvoolust kuni inverteri sagedusteni, pakkudes maksimaalselt 12 kanalit*, et toetada \u00fche- ja kolmefaasiliste inverterite mootoris\u00fcsteemide m\u00f5\u00f5tmisi ja j\u00e4rgmise...","og_url":"https:\/\/www.axiomams.eu\/et\/produktas\/hioki-pw6001-voimsusanalusaator","og_site_name":"AXIOMA MS","article_publisher":"https:\/\/www.facebook.com\/AxiomaMS","article_modified_time":"2026-02-02T12:32:25+00:00","og_image":[{"width":1137,"height":1020,"url":"https:\/\/www.axiomams.eu\/wp-content\/uploads\/2025\/07\/2760-3591.jpg","type":"image\/jpeg"}],"twitter_card":"summary_large_image","twitter_misc":{"Est. reading time":"2 minut"},"schema":{"@context":"https:\/\/schema.org","@graph":[{"@type":"WebPage","@id":"https:\/\/www.axiomams.eu\/et\/produktas\/hioki-pw6001-voimsusanalusaator","url":"https:\/\/www.axiomams.eu\/et\/produktas\/hioki-pw6001-voimsusanalusaator","name":"HIOKI PW6001 v\u00f5imsusanal\u00fcsaator - AXIOMA MS","isPartOf":{"@id":"https:\/\/www.axiomams.eu\/et#website"},"primaryImageOfPage":{"@id":"https:\/\/www.axiomams.eu\/et\/produktas\/hioki-pw6001-voimsusanalusaator#primaryimage"},"image":{"@id":"https:\/\/www.axiomams.eu\/et\/produktas\/hioki-pw6001-voimsusanalusaator#primaryimage"},"thumbnailUrl":"https:\/\/www.axiomams.eu\/wp-content\/uploads\/2025\/07\/2760-3591.jpg","datePublished":"2025-05-15T16:07:06+00:00","dateModified":"2026-02-02T12:32:25+00:00","breadcrumb":{"@id":"https:\/\/www.axiomams.eu\/et\/produktas\/hioki-pw6001-voimsusanalusaator#breadcrumb"},"inLanguage":"et","potentialAction":[{"@type":"ReadAction","target":["https:\/\/www.axiomams.eu\/et\/produktas\/hioki-pw6001-voimsusanalusaator"]}]},{"@type":"ImageObject","inLanguage":"et","@id":"https:\/\/www.axiomams.eu\/et\/produktas\/hioki-pw6001-voimsusanalusaator#primaryimage","url":"https:\/\/www.axiomams.eu\/wp-content\/uploads\/2025\/07\/2760-3591.jpg","contentUrl":"https:\/\/www.axiomams.eu\/wp-content\/uploads\/2025\/07\/2760-3591.jpg","width":1137,"height":1020},{"@type":"BreadcrumbList","@id":"https:\/\/www.axiomams.eu\/et\/produktas\/hioki-pw6001-voimsusanalusaator#breadcrumb","itemListElement":[{"@type":"ListItem","position":1,"name":"Home","item":"https:\/\/www.axiomams.eu\/et"},{"@type":"ListItem","position":2,"name":"Tooted","item":"https:\/\/www.axiomams.eu\/et\/tooted"},{"@type":"ListItem","position":3,"name":"HIOKI PW6001 v\u00f5imsusanal\u00fcsaator"}]},{"@type":"WebSite","@id":"https:\/\/www.axiomams.eu\/et#website","url":"https:\/\/www.axiomams.eu\/et","name":"AXIOMA MS","description":"Terrmovizoriai ir matavimo \u012franga","publisher":{"@id":"https:\/\/www.axiomams.eu\/et#organization"},"potentialAction":[{"@type":"SearchAction","target":{"@type":"EntryPoint","urlTemplate":"https:\/\/www.axiomams.eu\/et?s={search_term_string}"},"query-input":{"@type":"PropertyValueSpecification","valueRequired":true,"valueName":"search_term_string"}}],"inLanguage":"et"},{"@type":"Organization","@id":"https:\/\/www.axiomams.eu\/et#organization","name":"AXIOMA MS","url":"https:\/\/www.axiomams.eu\/et","logo":{"@type":"ImageObject","inLanguage":"et","@id":"https:\/\/www.axiomams.eu\/et#\/schema\/logo\/image\/","url":"https:\/\/www.axiomams.eu\/wp-content\/uploads\/2025\/06\/axioma-logo-2.png","contentUrl":"https:\/\/www.axiomams.eu\/wp-content\/uploads\/2025\/06\/axioma-logo-2.png","width":1200,"height":1200,"caption":"AXIOMA MS"},"image":{"@id":"https:\/\/www.axiomams.eu\/et#\/schema\/logo\/image\/"},"sameAs":["https:\/\/www.facebook.com\/AxiomaMS","https:\/\/www.linkedin.com\/company\/axiomams\/"]}]}},"_links":{"self":[{"href":"https:\/\/www.axiomams.eu\/et\/wp-json\/wp\/v2\/product\/40438","targetHints":{"allow":["GET"]}}],"collection":[{"href":"https:\/\/www.axiomams.eu\/et\/wp-json\/wp\/v2\/product"}],"about":[{"href":"https:\/\/www.axiomams.eu\/et\/wp-json\/wp\/v2\/types\/product"}],"replies":[{"embeddable":true,"href":"https:\/\/www.axiomams.eu\/et\/wp-json\/wp\/v2\/comments?post=40438"}],"wp:featuredmedia":[{"embeddable":true,"href":"https:\/\/www.axiomams.eu\/et\/wp-json\/wp\/v2\/media\/42396"}],"wp:attachment":[{"href":"https:\/\/www.axiomams.eu\/et\/wp-json\/wp\/v2\/media?parent=40438"}],"wp:term":[{"taxonomy":"product_brand","embeddable":true,"href":"https:\/\/www.axiomams.eu\/et\/wp-json\/wp\/v2\/product_brand?post=40438"},{"taxonomy":"product_cat","embeddable":true,"href":"https:\/\/www.axiomams.eu\/et\/wp-json\/wp\/v2\/product_cat?post=40438"},{"taxonomy":"product_tag","embeddable":true,"href":"https:\/\/www.axiomams.eu\/et\/wp-json\/wp\/v2\/product_tag?post=40438"}],"curies":[{"name":"wp","href":"https:\/\/api.w.org\/{rel}","templated":true}]}}