{"id":40439,"date":"2025-06-12T14:27:13","date_gmt":"2025-06-12T12:27:13","guid":{"rendered":"https:\/\/www.axiomams.eu\/produktas\/hioki-pw8001-voimsusanalusaator"},"modified":"2026-02-02T14:32:26","modified_gmt":"2026-02-02T12:32:26","slug":"hioki-pw8001-voimsusanalusaator","status":"publish","type":"product","link":"https:\/\/www.axiomams.eu\/et\/produktas\/hioki-pw8001-voimsusanalusaator","title":{"rendered":"HIOKI PW8001 v\u00f5imsusanal\u00fcsaator"},"content":{"rendered":"<p>Hioki PW8001 pakub terviklikku v\u00f5imsusanal\u00fc\u00fcsi s\u00fcsteemi, kusjuures Hioki pakub ainulaadselt nii tipptasemel v\u00f5imsusanal\u00fcsaatoreid kui ka laia valikut \u00fclit\u00e4pseid vooluandureid. See kombinatsioon tagab \u00fchtlustatud j\u00f5udluse, mille tulemuseks on t\u00e4psemad ja stabiilsemad m\u00f5\u00f5tmised alalisvoolu, k\u00f5rgsageduse ja madala v\u00f5imsusteguri tingimustes, mida toetavad sellised funktsioonid nagu automaatne faasinihke korrigeerimine.<\/p>\n<p>T\u00f6\u00f6stuse tulevaste n\u00f5udmiste rahuldamiseks on v\u00f5imalik m\u00f5\u00f5ta suuri voolusid kuni 1500 V pingel, 15 MS\/s prooviv\u00f5tusagedusega ja mitmekanaliliste m\u00f5\u00f5tmistega. See toetab SiC\/GaN pooljuhtidega seotud rakendusi sellistes valdkondades nagu s\u00f5idukite elektrifitseerimine, arukad v\u00f5rgud, reaktorid ja taastuvenergias\u00fcsteemid.<\/p>\n<p>Peamised omadused:<br \/>\n&#8211; Erakordne m\u00f5\u00f5tet\u00e4psus: baast\u00e4psus \u00b10,03%, alalisvoolu t\u00e4psus \u00b10,05% ja 0,2% t\u00e4psus 50 kHz juures.<br \/>\n&#8211; Kiirest l\u00fclitamisest tulenevate v\u00f5imsuse muutuste usaldusv\u00e4\u00e4rne tuvastamine: 18-bitine eraldusv\u00f5ime, 15 MHz prooviv\u00f5tusagedus, 110 dB m\u00fcra t\u00f5rjumine (CMRR) 100 kHz juures.<br \/>\n&#8211; Toetab kuni 8 v\u00f5imsuskanalit, et suurendada m\u00f5\u00f5tmisv\u00f5imalusi.<br \/>\n&#8211; V\u00f5imaldab t\u00e4pset k\u00f5rgsagedusliku v\u00f5imsuse m\u00f5\u00f5tmist madalate v\u00f5imsustegurite juures automaatse faasikorrektsiooni abil vooluandurites<br \/>\n&#8211; V\u00f5imaldab samaaegset anal\u00fc\u00fcsi 4-mootoriliste ja 2-mootoriliste konfiguratsioonide puhul<br \/>\n&#8211; V\u00f5imaldab andmete sujuvat integreerimist CAN-sidev\u00f5rkudesse<br \/>\n&#8211; M\u00f5eldud k\u00f5rgepinge p\u00e4ikeseenverterite ohutuks testimiseks, mille nimiv\u00e4\u00e4rtus on 1500 V DC CAT II \/ 1000 V DC CAT III<\/p>\n<p><iframe loading=\"lazy\" width=\"560\" height=\"315\" src=\"https:\/\/www.youtube.com\/embed\/Sr7W8Da2efY?si=i53UaUaPLjOFdUYx\" title=\"YouTube videopleier\" frameborder=\"0\" allow=\"accelerometer; autoplay; clipboard-write; encrypted-media; gyroscope; picture-in-picture; web-share\" referrerpolicy=\"strict-origin-when-cross-origin\" allowfullscreen><\/iframe><\/p>\n<h3>Tehniline teave:<\/h3>\n<ul>\n<li><a href=\"https:\/\/axiomams.eu\/importer\/export\/attachments\/en\/hioki-pw8001-power-analyzer.pdf\" target=\"_blank\">HIOKI PW8001 power analyzer.pdf<\/a><\/li>\n<\/ul>\n","protected":false},"excerpt":{"rendered":"<p>Hioki PW8001 pakub terviklikku v\u00f5imsusanal\u00fc\u00fcsi s\u00fcsteemi, kusjuures Hioki pakub ainulaadselt nii tipptasemel v\u00f5imsusanal\u00fcsaatoreid kui ka laia valikut \u00fclit\u00e4pseid vooluandureid. See kombinatsioon tagab \u00fchtlustatud j\u00f5udluse, mille tulemuseks on t\u00e4psemad ja stabiilsemad m\u00f5\u00f5tmised alalisvoolu, k\u00f5rgsageduse ja madala v\u00f5imsusteguri tingimustes, mida toetavad sellised funktsioonid nagu automaatne faasinihke korrigeerimine. T\u00f6\u00f6stuse tulevaste n\u00f5udmiste rahuldamiseks on v\u00f5imalik m\u00f5\u00f5ta suuri voolusid kuni&#8230;<\/p>\n","protected":false},"featured_media":42398,"comment_status":"open","ping_status":"closed","template":"","meta":{"_acf_changed":false},"product_brand":[1112],"product_cat":[17824],"product_tag":[],"class_list":{"0":"post-40439","1":"product","2":"type-product","3":"status-publish","4":"has-post-thumbnail","6":"product_brand-hioki","7":"product_cat-voimsus-analuusiks","9":"first","10":"instock","11":"taxable","12":"shipping-taxable","13":"product-type-simple"},"acf":[],"yoast_head":"<!-- This site is optimized with the Yoast SEO plugin v27.0 - https:\/\/yoast.com\/product\/yoast-seo-wordpress\/ -->\n<title>HIOKI PW8001 v\u00f5imsusanal\u00fcsaator - AXIOMA MS<\/title>\n<meta name=\"robots\" content=\"index, follow, max-snippet:-1, max-image-preview:large, max-video-preview:-1\" \/>\n<link rel=\"canonical\" href=\"https:\/\/www.axiomams.eu\/et\/produktas\/hioki-pw8001-voimsusanalusaator\" \/>\n<meta property=\"og:locale\" content=\"et_EE\" \/>\n<meta property=\"og:type\" content=\"article\" \/>\n<meta property=\"og:title\" content=\"HIOKI PW8001 v\u00f5imsusanal\u00fcsaator - AXIOMA MS\" \/>\n<meta property=\"og:description\" content=\"Hioki PW8001 pakub terviklikku v\u00f5imsusanal\u00fc\u00fcsi s\u00fcsteemi, kusjuures Hioki pakub ainulaadselt nii tipptasemel v\u00f5imsusanal\u00fcsaatoreid kui ka laia valikut \u00fclit\u00e4pseid vooluandureid. See kombinatsioon tagab \u00fchtlustatud j\u00f5udluse, mille tulemuseks on t\u00e4psemad ja stabiilsemad m\u00f5\u00f5tmised alalisvoolu, k\u00f5rgsageduse ja madala v\u00f5imsusteguri tingimustes, mida toetavad sellised funktsioonid nagu automaatne faasinihke korrigeerimine. T\u00f6\u00f6stuse tulevaste n\u00f5udmiste rahuldamiseks on v\u00f5imalik m\u00f5\u00f5ta suuri voolusid kuni...\" \/>\n<meta property=\"og:url\" content=\"https:\/\/www.axiomams.eu\/et\/produktas\/hioki-pw8001-voimsusanalusaator\" \/>\n<meta property=\"og:site_name\" content=\"AXIOMA MS\" \/>\n<meta property=\"article:publisher\" content=\"https:\/\/www.facebook.com\/AxiomaMS\" \/>\n<meta property=\"article:modified_time\" content=\"2026-02-02T12:32:26+00:00\" \/>\n<meta property=\"og:image\" content=\"https:\/\/www.axiomams.eu\/wp-content\/uploads\/2025\/07\/4635-5963.jpg\" \/>\n\t<meta property=\"og:image:width\" content=\"1080\" \/>\n\t<meta property=\"og:image:height\" content=\"694\" \/>\n\t<meta property=\"og:image:type\" content=\"image\/jpeg\" \/>\n<meta name=\"twitter:card\" content=\"summary_large_image\" \/>\n<meta name=\"twitter:label1\" content=\"Est. reading time\" \/>\n\t<meta name=\"twitter:data1\" content=\"1 minut\" \/>\n<script type=\"application\/ld+json\" class=\"yoast-schema-graph\">{\"@context\":\"https:\/\/schema.org\",\"@graph\":[{\"@type\":\"WebPage\",\"@id\":\"https:\/\/www.axiomams.eu\/et\/produktas\/hioki-pw8001-voimsusanalusaator\",\"url\":\"https:\/\/www.axiomams.eu\/et\/produktas\/hioki-pw8001-voimsusanalusaator\",\"name\":\"HIOKI PW8001 v\u00f5imsusanal\u00fcsaator - AXIOMA MS\",\"isPartOf\":{\"@id\":\"https:\/\/www.axiomams.eu\/et#website\"},\"primaryImageOfPage\":{\"@id\":\"https:\/\/www.axiomams.eu\/et\/produktas\/hioki-pw8001-voimsusanalusaator#primaryimage\"},\"image\":{\"@id\":\"https:\/\/www.axiomams.eu\/et\/produktas\/hioki-pw8001-voimsusanalusaator#primaryimage\"},\"thumbnailUrl\":\"https:\/\/www.axiomams.eu\/wp-content\/uploads\/2025\/07\/4635-5963.jpg\",\"datePublished\":\"2025-06-12T12:27:13+00:00\",\"dateModified\":\"2026-02-02T12:32:26+00:00\",\"breadcrumb\":{\"@id\":\"https:\/\/www.axiomams.eu\/et\/produktas\/hioki-pw8001-voimsusanalusaator#breadcrumb\"},\"inLanguage\":\"et\",\"potentialAction\":[{\"@type\":\"ReadAction\",\"target\":[\"https:\/\/www.axiomams.eu\/et\/produktas\/hioki-pw8001-voimsusanalusaator\"]}]},{\"@type\":\"ImageObject\",\"inLanguage\":\"et\",\"@id\":\"https:\/\/www.axiomams.eu\/et\/produktas\/hioki-pw8001-voimsusanalusaator#primaryimage\",\"url\":\"https:\/\/www.axiomams.eu\/wp-content\/uploads\/2025\/07\/4635-5963.jpg\",\"contentUrl\":\"https:\/\/www.axiomams.eu\/wp-content\/uploads\/2025\/07\/4635-5963.jpg\",\"width\":1080,\"height\":694},{\"@type\":\"BreadcrumbList\",\"@id\":\"https:\/\/www.axiomams.eu\/et\/produktas\/hioki-pw8001-voimsusanalusaator#breadcrumb\",\"itemListElement\":[{\"@type\":\"ListItem\",\"position\":1,\"name\":\"Home\",\"item\":\"https:\/\/www.axiomams.eu\/et\"},{\"@type\":\"ListItem\",\"position\":2,\"name\":\"Tooted\",\"item\":\"https:\/\/www.axiomams.eu\/et\/tooted\"},{\"@type\":\"ListItem\",\"position\":3,\"name\":\"HIOKI PW8001 v\u00f5imsusanal\u00fcsaator\"}]},{\"@type\":\"WebSite\",\"@id\":\"https:\/\/www.axiomams.eu\/et#website\",\"url\":\"https:\/\/www.axiomams.eu\/et\",\"name\":\"AXIOMA MS\",\"description\":\"Terrmovizoriai ir matavimo \u012franga\",\"publisher\":{\"@id\":\"https:\/\/www.axiomams.eu\/et#organization\"},\"potentialAction\":[{\"@type\":\"SearchAction\",\"target\":{\"@type\":\"EntryPoint\",\"urlTemplate\":\"https:\/\/www.axiomams.eu\/et?s={search_term_string}\"},\"query-input\":{\"@type\":\"PropertyValueSpecification\",\"valueRequired\":true,\"valueName\":\"search_term_string\"}}],\"inLanguage\":\"et\"},{\"@type\":\"Organization\",\"@id\":\"https:\/\/www.axiomams.eu\/et#organization\",\"name\":\"AXIOMA MS\",\"url\":\"https:\/\/www.axiomams.eu\/et\",\"logo\":{\"@type\":\"ImageObject\",\"inLanguage\":\"et\",\"@id\":\"https:\/\/www.axiomams.eu\/et#\/schema\/logo\/image\/\",\"url\":\"https:\/\/www.axiomams.eu\/wp-content\/uploads\/2025\/06\/axioma-logo-2.png\",\"contentUrl\":\"https:\/\/www.axiomams.eu\/wp-content\/uploads\/2025\/06\/axioma-logo-2.png\",\"width\":1200,\"height\":1200,\"caption\":\"AXIOMA MS\"},\"image\":{\"@id\":\"https:\/\/www.axiomams.eu\/et#\/schema\/logo\/image\/\"},\"sameAs\":[\"https:\/\/www.facebook.com\/AxiomaMS\",\"https:\/\/www.linkedin.com\/company\/axiomams\/\"]}]}<\/script>\n<!-- \/ Yoast SEO plugin. -->","yoast_head_json":{"title":"HIOKI PW8001 v\u00f5imsusanal\u00fcsaator - AXIOMA MS","robots":{"index":"index","follow":"follow","max-snippet":"max-snippet:-1","max-image-preview":"max-image-preview:large","max-video-preview":"max-video-preview:-1"},"canonical":"https:\/\/www.axiomams.eu\/et\/produktas\/hioki-pw8001-voimsusanalusaator","og_locale":"et_EE","og_type":"article","og_title":"HIOKI PW8001 v\u00f5imsusanal\u00fcsaator - AXIOMA MS","og_description":"Hioki PW8001 pakub terviklikku v\u00f5imsusanal\u00fc\u00fcsi s\u00fcsteemi, kusjuures Hioki pakub ainulaadselt nii tipptasemel v\u00f5imsusanal\u00fcsaatoreid kui ka laia valikut \u00fclit\u00e4pseid vooluandureid. See kombinatsioon tagab \u00fchtlustatud j\u00f5udluse, mille tulemuseks on t\u00e4psemad ja stabiilsemad m\u00f5\u00f5tmised alalisvoolu, k\u00f5rgsageduse ja madala v\u00f5imsusteguri tingimustes, mida toetavad sellised funktsioonid nagu automaatne faasinihke korrigeerimine. T\u00f6\u00f6stuse tulevaste n\u00f5udmiste rahuldamiseks on v\u00f5imalik m\u00f5\u00f5ta suuri voolusid kuni...","og_url":"https:\/\/www.axiomams.eu\/et\/produktas\/hioki-pw8001-voimsusanalusaator","og_site_name":"AXIOMA MS","article_publisher":"https:\/\/www.facebook.com\/AxiomaMS","article_modified_time":"2026-02-02T12:32:26+00:00","og_image":[{"width":1080,"height":694,"url":"https:\/\/www.axiomams.eu\/wp-content\/uploads\/2025\/07\/4635-5963.jpg","type":"image\/jpeg"}],"twitter_card":"summary_large_image","twitter_misc":{"Est. reading time":"1 minut"},"schema":{"@context":"https:\/\/schema.org","@graph":[{"@type":"WebPage","@id":"https:\/\/www.axiomams.eu\/et\/produktas\/hioki-pw8001-voimsusanalusaator","url":"https:\/\/www.axiomams.eu\/et\/produktas\/hioki-pw8001-voimsusanalusaator","name":"HIOKI PW8001 v\u00f5imsusanal\u00fcsaator - AXIOMA MS","isPartOf":{"@id":"https:\/\/www.axiomams.eu\/et#website"},"primaryImageOfPage":{"@id":"https:\/\/www.axiomams.eu\/et\/produktas\/hioki-pw8001-voimsusanalusaator#primaryimage"},"image":{"@id":"https:\/\/www.axiomams.eu\/et\/produktas\/hioki-pw8001-voimsusanalusaator#primaryimage"},"thumbnailUrl":"https:\/\/www.axiomams.eu\/wp-content\/uploads\/2025\/07\/4635-5963.jpg","datePublished":"2025-06-12T12:27:13+00:00","dateModified":"2026-02-02T12:32:26+00:00","breadcrumb":{"@id":"https:\/\/www.axiomams.eu\/et\/produktas\/hioki-pw8001-voimsusanalusaator#breadcrumb"},"inLanguage":"et","potentialAction":[{"@type":"ReadAction","target":["https:\/\/www.axiomams.eu\/et\/produktas\/hioki-pw8001-voimsusanalusaator"]}]},{"@type":"ImageObject","inLanguage":"et","@id":"https:\/\/www.axiomams.eu\/et\/produktas\/hioki-pw8001-voimsusanalusaator#primaryimage","url":"https:\/\/www.axiomams.eu\/wp-content\/uploads\/2025\/07\/4635-5963.jpg","contentUrl":"https:\/\/www.axiomams.eu\/wp-content\/uploads\/2025\/07\/4635-5963.jpg","width":1080,"height":694},{"@type":"BreadcrumbList","@id":"https:\/\/www.axiomams.eu\/et\/produktas\/hioki-pw8001-voimsusanalusaator#breadcrumb","itemListElement":[{"@type":"ListItem","position":1,"name":"Home","item":"https:\/\/www.axiomams.eu\/et"},{"@type":"ListItem","position":2,"name":"Tooted","item":"https:\/\/www.axiomams.eu\/et\/tooted"},{"@type":"ListItem","position":3,"name":"HIOKI PW8001 v\u00f5imsusanal\u00fcsaator"}]},{"@type":"WebSite","@id":"https:\/\/www.axiomams.eu\/et#website","url":"https:\/\/www.axiomams.eu\/et","name":"AXIOMA MS","description":"Terrmovizoriai ir matavimo \u012franga","publisher":{"@id":"https:\/\/www.axiomams.eu\/et#organization"},"potentialAction":[{"@type":"SearchAction","target":{"@type":"EntryPoint","urlTemplate":"https:\/\/www.axiomams.eu\/et?s={search_term_string}"},"query-input":{"@type":"PropertyValueSpecification","valueRequired":true,"valueName":"search_term_string"}}],"inLanguage":"et"},{"@type":"Organization","@id":"https:\/\/www.axiomams.eu\/et#organization","name":"AXIOMA MS","url":"https:\/\/www.axiomams.eu\/et","logo":{"@type":"ImageObject","inLanguage":"et","@id":"https:\/\/www.axiomams.eu\/et#\/schema\/logo\/image\/","url":"https:\/\/www.axiomams.eu\/wp-content\/uploads\/2025\/06\/axioma-logo-2.png","contentUrl":"https:\/\/www.axiomams.eu\/wp-content\/uploads\/2025\/06\/axioma-logo-2.png","width":1200,"height":1200,"caption":"AXIOMA MS"},"image":{"@id":"https:\/\/www.axiomams.eu\/et#\/schema\/logo\/image\/"},"sameAs":["https:\/\/www.facebook.com\/AxiomaMS","https:\/\/www.linkedin.com\/company\/axiomams\/"]}]}},"_links":{"self":[{"href":"https:\/\/www.axiomams.eu\/et\/wp-json\/wp\/v2\/product\/40439","targetHints":{"allow":["GET"]}}],"collection":[{"href":"https:\/\/www.axiomams.eu\/et\/wp-json\/wp\/v2\/product"}],"about":[{"href":"https:\/\/www.axiomams.eu\/et\/wp-json\/wp\/v2\/types\/product"}],"replies":[{"embeddable":true,"href":"https:\/\/www.axiomams.eu\/et\/wp-json\/wp\/v2\/comments?post=40439"}],"wp:featuredmedia":[{"embeddable":true,"href":"https:\/\/www.axiomams.eu\/et\/wp-json\/wp\/v2\/media\/42398"}],"wp:attachment":[{"href":"https:\/\/www.axiomams.eu\/et\/wp-json\/wp\/v2\/media?parent=40439"}],"wp:term":[{"taxonomy":"product_brand","embeddable":true,"href":"https:\/\/www.axiomams.eu\/et\/wp-json\/wp\/v2\/product_brand?post=40439"},{"taxonomy":"product_cat","embeddable":true,"href":"https:\/\/www.axiomams.eu\/et\/wp-json\/wp\/v2\/product_cat?post=40439"},{"taxonomy":"product_tag","embeddable":true,"href":"https:\/\/www.axiomams.eu\/et\/wp-json\/wp\/v2\/product_tag?post=40439"}],"curies":[{"name":"wp","href":"https:\/\/api.w.org\/{rel}","templated":true}]}}