{"id":40441,"date":"2025-05-15T18:07:10","date_gmt":"2025-05-15T16:07:10","guid":{"rendered":"https:\/\/www.axiomams.eu\/produktas\/radiodetektor-rd312-magnetiline-positsioneerija"},"modified":"2026-02-02T14:32:26","modified_gmt":"2026-02-02T12:32:26","slug":"radiodetektor-rd312-magnetiline-positsioneerija","status":"publish","type":"product","link":"https:\/\/www.axiomams.eu\/et\/produktas\/radiodetektor-rd312-magnetiline-positsioneerija","title":{"rendered":"Radiodetektor RD312 magnetiline positsioneerija"},"content":{"rendered":"<p>Radiodetection RD312 on uus lihtsuse ja usaldusv\u00e4\u00e4rsuse standard ventiilikarpide, v\u00f5lvkaevude kaante, k\u00fctusepaakide, betoonist tugevdatud varraste (armatuurraudade) ja kaevukaante leidmiseks, mis on maetud teekatte, kruusa, muru v\u00f5i lume alla. Lihtne kahe nupuga juhtimine, ON\/RESET ja OFF.<\/p>\n<h3>Tehniline teave:<\/h3>\n<ul>\n<li><a href=\"https:\/\/axiomams.eu\/importer\/export\/attachments\/en\/radiodetection-rd312.pdf\" target=\"_blank\">Radiodetection RD312.pdf<\/a><\/li>\n<\/ul>\n","protected":false},"excerpt":{"rendered":"<p>Radiodetection RD312 on uus lihtsuse ja usaldusv\u00e4\u00e4rsuse standard ventiilikarpide, v\u00f5lvkaevude kaante, k\u00fctusepaakide, betoonist tugevdatud varraste (armatuurraudade) ja kaevukaante leidmiseks, mis on maetud teekatte, kruusa, muru v\u00f5i lume alla. Lihtne kahe nupuga juhtimine, ON\/RESET ja OFF. Tehniline teave: Radiodetection RD312.pdf<\/p>\n","protected":false},"featured_media":42400,"comment_status":"open","ping_status":"closed","template":"","meta":{"_acf_changed":false},"product_brand":[730],"product_cat":[17806],"product_tag":[],"class_list":{"0":"post-40441","1":"product","2":"type-product","3":"status-publish","4":"has-post-thumbnail","6":"product_brand-radiodetection","7":"product_cat-georadarid-ja-maa-alused-sideotsijad","9":"first","10":"instock","11":"taxable","12":"shipping-taxable","13":"purchasable","14":"product-type-simple"},"acf":[],"yoast_head":"<!-- This site is optimized with the Yoast SEO plugin v27.0 - https:\/\/yoast.com\/product\/yoast-seo-wordpress\/ -->\n<title>Radiodetektor RD312 magnetiline positsioneerija - AXIOMA MS<\/title>\n<meta name=\"robots\" content=\"index, follow, max-snippet:-1, max-image-preview:large, max-video-preview:-1\" \/>\n<link rel=\"canonical\" href=\"https:\/\/www.axiomams.eu\/et\/produktas\/radiodetektor-rd312-magnetiline-positsioneerija\" \/>\n<meta property=\"og:locale\" content=\"et_EE\" \/>\n<meta property=\"og:type\" content=\"article\" \/>\n<meta property=\"og:title\" content=\"Radiodetektor RD312 magnetiline positsioneerija - AXIOMA MS\" \/>\n<meta property=\"og:description\" content=\"Radiodetection RD312 on uus lihtsuse ja usaldusv\u00e4\u00e4rsuse standard ventiilikarpide, v\u00f5lvkaevude kaante, k\u00fctusepaakide, betoonist tugevdatud varraste (armatuurraudade) ja kaevukaante leidmiseks, mis on maetud teekatte, kruusa, muru v\u00f5i lume alla. Lihtne kahe nupuga juhtimine, ON\/RESET ja OFF. Tehniline teave: Radiodetection RD312.pdf\" \/>\n<meta property=\"og:url\" content=\"https:\/\/www.axiomams.eu\/et\/produktas\/radiodetektor-rd312-magnetiline-positsioneerija\" \/>\n<meta property=\"og:site_name\" content=\"AXIOMA MS\" \/>\n<meta property=\"article:publisher\" content=\"https:\/\/www.facebook.com\/AxiomaMS\" \/>\n<meta property=\"article:modified_time\" content=\"2026-02-02T12:32:26+00:00\" \/>\n<meta property=\"og:image\" content=\"https:\/\/www.axiomams.eu\/wp-content\/uploads\/2025\/07\/3059-6072.jpg\" \/>\n\t<meta property=\"og:image:width\" content=\"1020\" \/>\n\t<meta property=\"og:image:height\" content=\"1020\" \/>\n\t<meta property=\"og:image:type\" content=\"image\/jpeg\" \/>\n<meta name=\"twitter:card\" content=\"summary_large_image\" \/>\n<script type=\"application\/ld+json\" class=\"yoast-schema-graph\">{\"@context\":\"https:\/\/schema.org\",\"@graph\":[{\"@type\":\"WebPage\",\"@id\":\"https:\/\/www.axiomams.eu\/et\/produktas\/radiodetektor-rd312-magnetiline-positsioneerija\",\"url\":\"https:\/\/www.axiomams.eu\/et\/produktas\/radiodetektor-rd312-magnetiline-positsioneerija\",\"name\":\"Radiodetektor RD312 magnetiline positsioneerija - AXIOMA MS\",\"isPartOf\":{\"@id\":\"https:\/\/www.axiomams.eu\/et#website\"},\"primaryImageOfPage\":{\"@id\":\"https:\/\/www.axiomams.eu\/et\/produktas\/radiodetektor-rd312-magnetiline-positsioneerija#primaryimage\"},\"image\":{\"@id\":\"https:\/\/www.axiomams.eu\/et\/produktas\/radiodetektor-rd312-magnetiline-positsioneerija#primaryimage\"},\"thumbnailUrl\":\"https:\/\/www.axiomams.eu\/wp-content\/uploads\/2025\/07\/3059-6072.jpg\",\"datePublished\":\"2025-05-15T16:07:10+00:00\",\"dateModified\":\"2026-02-02T12:32:26+00:00\",\"breadcrumb\":{\"@id\":\"https:\/\/www.axiomams.eu\/et\/produktas\/radiodetektor-rd312-magnetiline-positsioneerija#breadcrumb\"},\"inLanguage\":\"et\",\"potentialAction\":[{\"@type\":\"ReadAction\",\"target\":[\"https:\/\/www.axiomams.eu\/et\/produktas\/radiodetektor-rd312-magnetiline-positsioneerija\"]}]},{\"@type\":\"ImageObject\",\"inLanguage\":\"et\",\"@id\":\"https:\/\/www.axiomams.eu\/et\/produktas\/radiodetektor-rd312-magnetiline-positsioneerija#primaryimage\",\"url\":\"https:\/\/www.axiomams.eu\/wp-content\/uploads\/2025\/07\/3059-6072.jpg\",\"contentUrl\":\"https:\/\/www.axiomams.eu\/wp-content\/uploads\/2025\/07\/3059-6072.jpg\",\"width\":1020,\"height\":1020},{\"@type\":\"BreadcrumbList\",\"@id\":\"https:\/\/www.axiomams.eu\/et\/produktas\/radiodetektor-rd312-magnetiline-positsioneerija#breadcrumb\",\"itemListElement\":[{\"@type\":\"ListItem\",\"position\":1,\"name\":\"Home\",\"item\":\"https:\/\/www.axiomams.eu\/et\"},{\"@type\":\"ListItem\",\"position\":2,\"name\":\"Tooted\",\"item\":\"https:\/\/www.axiomams.eu\/et\/tooted\"},{\"@type\":\"ListItem\",\"position\":3,\"name\":\"Radiodetektor RD312 magnetiline positsioneerija\"}]},{\"@type\":\"WebSite\",\"@id\":\"https:\/\/www.axiomams.eu\/et#website\",\"url\":\"https:\/\/www.axiomams.eu\/et\",\"name\":\"AXIOMA MS\",\"description\":\"Terrmovizoriai ir matavimo \u012franga\",\"publisher\":{\"@id\":\"https:\/\/www.axiomams.eu\/et#organization\"},\"potentialAction\":[{\"@type\":\"SearchAction\",\"target\":{\"@type\":\"EntryPoint\",\"urlTemplate\":\"https:\/\/www.axiomams.eu\/et?s={search_term_string}\"},\"query-input\":{\"@type\":\"PropertyValueSpecification\",\"valueRequired\":true,\"valueName\":\"search_term_string\"}}],\"inLanguage\":\"et\"},{\"@type\":\"Organization\",\"@id\":\"https:\/\/www.axiomams.eu\/et#organization\",\"name\":\"AXIOMA MS\",\"url\":\"https:\/\/www.axiomams.eu\/et\",\"logo\":{\"@type\":\"ImageObject\",\"inLanguage\":\"et\",\"@id\":\"https:\/\/www.axiomams.eu\/et#\/schema\/logo\/image\/\",\"url\":\"https:\/\/www.axiomams.eu\/wp-content\/uploads\/2025\/06\/axioma-logo-2.png\",\"contentUrl\":\"https:\/\/www.axiomams.eu\/wp-content\/uploads\/2025\/06\/axioma-logo-2.png\",\"width\":1200,\"height\":1200,\"caption\":\"AXIOMA MS\"},\"image\":{\"@id\":\"https:\/\/www.axiomams.eu\/et#\/schema\/logo\/image\/\"},\"sameAs\":[\"https:\/\/www.facebook.com\/AxiomaMS\",\"https:\/\/www.linkedin.com\/company\/axiomams\/\"]}]}<\/script>\n<!-- \/ Yoast SEO plugin. -->","yoast_head_json":{"title":"Radiodetektor RD312 magnetiline positsioneerija - AXIOMA MS","robots":{"index":"index","follow":"follow","max-snippet":"max-snippet:-1","max-image-preview":"max-image-preview:large","max-video-preview":"max-video-preview:-1"},"canonical":"https:\/\/www.axiomams.eu\/et\/produktas\/radiodetektor-rd312-magnetiline-positsioneerija","og_locale":"et_EE","og_type":"article","og_title":"Radiodetektor RD312 magnetiline positsioneerija - AXIOMA MS","og_description":"Radiodetection RD312 on uus lihtsuse ja usaldusv\u00e4\u00e4rsuse standard ventiilikarpide, v\u00f5lvkaevude kaante, k\u00fctusepaakide, betoonist tugevdatud varraste (armatuurraudade) ja kaevukaante leidmiseks, mis on maetud teekatte, kruusa, muru v\u00f5i lume alla. Lihtne kahe nupuga juhtimine, ON\/RESET ja OFF. Tehniline teave: Radiodetection RD312.pdf","og_url":"https:\/\/www.axiomams.eu\/et\/produktas\/radiodetektor-rd312-magnetiline-positsioneerija","og_site_name":"AXIOMA MS","article_publisher":"https:\/\/www.facebook.com\/AxiomaMS","article_modified_time":"2026-02-02T12:32:26+00:00","og_image":[{"width":1020,"height":1020,"url":"https:\/\/www.axiomams.eu\/wp-content\/uploads\/2025\/07\/3059-6072.jpg","type":"image\/jpeg"}],"twitter_card":"summary_large_image","schema":{"@context":"https:\/\/schema.org","@graph":[{"@type":"WebPage","@id":"https:\/\/www.axiomams.eu\/et\/produktas\/radiodetektor-rd312-magnetiline-positsioneerija","url":"https:\/\/www.axiomams.eu\/et\/produktas\/radiodetektor-rd312-magnetiline-positsioneerija","name":"Radiodetektor RD312 magnetiline positsioneerija - AXIOMA MS","isPartOf":{"@id":"https:\/\/www.axiomams.eu\/et#website"},"primaryImageOfPage":{"@id":"https:\/\/www.axiomams.eu\/et\/produktas\/radiodetektor-rd312-magnetiline-positsioneerija#primaryimage"},"image":{"@id":"https:\/\/www.axiomams.eu\/et\/produktas\/radiodetektor-rd312-magnetiline-positsioneerija#primaryimage"},"thumbnailUrl":"https:\/\/www.axiomams.eu\/wp-content\/uploads\/2025\/07\/3059-6072.jpg","datePublished":"2025-05-15T16:07:10+00:00","dateModified":"2026-02-02T12:32:26+00:00","breadcrumb":{"@id":"https:\/\/www.axiomams.eu\/et\/produktas\/radiodetektor-rd312-magnetiline-positsioneerija#breadcrumb"},"inLanguage":"et","potentialAction":[{"@type":"ReadAction","target":["https:\/\/www.axiomams.eu\/et\/produktas\/radiodetektor-rd312-magnetiline-positsioneerija"]}]},{"@type":"ImageObject","inLanguage":"et","@id":"https:\/\/www.axiomams.eu\/et\/produktas\/radiodetektor-rd312-magnetiline-positsioneerija#primaryimage","url":"https:\/\/www.axiomams.eu\/wp-content\/uploads\/2025\/07\/3059-6072.jpg","contentUrl":"https:\/\/www.axiomams.eu\/wp-content\/uploads\/2025\/07\/3059-6072.jpg","width":1020,"height":1020},{"@type":"BreadcrumbList","@id":"https:\/\/www.axiomams.eu\/et\/produktas\/radiodetektor-rd312-magnetiline-positsioneerija#breadcrumb","itemListElement":[{"@type":"ListItem","position":1,"name":"Home","item":"https:\/\/www.axiomams.eu\/et"},{"@type":"ListItem","position":2,"name":"Tooted","item":"https:\/\/www.axiomams.eu\/et\/tooted"},{"@type":"ListItem","position":3,"name":"Radiodetektor RD312 magnetiline positsioneerija"}]},{"@type":"WebSite","@id":"https:\/\/www.axiomams.eu\/et#website","url":"https:\/\/www.axiomams.eu\/et","name":"AXIOMA MS","description":"Terrmovizoriai ir matavimo \u012franga","publisher":{"@id":"https:\/\/www.axiomams.eu\/et#organization"},"potentialAction":[{"@type":"SearchAction","target":{"@type":"EntryPoint","urlTemplate":"https:\/\/www.axiomams.eu\/et?s={search_term_string}"},"query-input":{"@type":"PropertyValueSpecification","valueRequired":true,"valueName":"search_term_string"}}],"inLanguage":"et"},{"@type":"Organization","@id":"https:\/\/www.axiomams.eu\/et#organization","name":"AXIOMA MS","url":"https:\/\/www.axiomams.eu\/et","logo":{"@type":"ImageObject","inLanguage":"et","@id":"https:\/\/www.axiomams.eu\/et#\/schema\/logo\/image\/","url":"https:\/\/www.axiomams.eu\/wp-content\/uploads\/2025\/06\/axioma-logo-2.png","contentUrl":"https:\/\/www.axiomams.eu\/wp-content\/uploads\/2025\/06\/axioma-logo-2.png","width":1200,"height":1200,"caption":"AXIOMA MS"},"image":{"@id":"https:\/\/www.axiomams.eu\/et#\/schema\/logo\/image\/"},"sameAs":["https:\/\/www.facebook.com\/AxiomaMS","https:\/\/www.linkedin.com\/company\/axiomams\/"]}]}},"_links":{"self":[{"href":"https:\/\/www.axiomams.eu\/et\/wp-json\/wp\/v2\/product\/40441","targetHints":{"allow":["GET"]}}],"collection":[{"href":"https:\/\/www.axiomams.eu\/et\/wp-json\/wp\/v2\/product"}],"about":[{"href":"https:\/\/www.axiomams.eu\/et\/wp-json\/wp\/v2\/types\/product"}],"replies":[{"embeddable":true,"href":"https:\/\/www.axiomams.eu\/et\/wp-json\/wp\/v2\/comments?post=40441"}],"wp:featuredmedia":[{"embeddable":true,"href":"https:\/\/www.axiomams.eu\/et\/wp-json\/wp\/v2\/media\/42400"}],"wp:attachment":[{"href":"https:\/\/www.axiomams.eu\/et\/wp-json\/wp\/v2\/media?parent=40441"}],"wp:term":[{"taxonomy":"product_brand","embeddable":true,"href":"https:\/\/www.axiomams.eu\/et\/wp-json\/wp\/v2\/product_brand?post=40441"},{"taxonomy":"product_cat","embeddable":true,"href":"https:\/\/www.axiomams.eu\/et\/wp-json\/wp\/v2\/product_cat?post=40441"},{"taxonomy":"product_tag","embeddable":true,"href":"https:\/\/www.axiomams.eu\/et\/wp-json\/wp\/v2\/product_tag?post=40441"}],"curies":[{"name":"wp","href":"https:\/\/api.w.org\/{rel}","templated":true}]}}