{"id":40443,"date":"2025-05-15T18:07:11","date_gmt":"2025-05-15T16:07:11","guid":{"rendered":"https:\/\/www.axiomams.eu\/produktas\/radiodetection-rd7100-tlm-kaabliotsija"},"modified":"2026-02-02T14:32:29","modified_gmt":"2026-02-02T12:32:29","slug":"radiodetection-rd7100-tlm-kaabliotsija","status":"publish","type":"product","link":"https:\/\/www.axiomams.eu\/et\/produktas\/radiodetection-rd7100-tlm-kaabliotsija","title":{"rendered":"Radiodetection RD7100 TLM kaabliotsija"},"content":{"rendered":"<p>Radiodetection RD7100 PLM kaabliotsijat, mis koosneb saatjast ja vastuv\u00f5tjast, kasutatakse kaablite ja metalltorude t\u00e4pse asukoha m\u00e4\u00e4ramiseks. Kompass v\u00f5imaldab operaatoril kiiresti ja lihtsalt j\u00e4lgida sihtliini, n\u00e4idates visuaalselt sihtkaabli ja positsioneeri suhtelist orientatsiooni.<br \/>\nK\u00f5ik RF-markerlokaatori mudelid pakuvad kombineeritud liini- ja markerlokaatori re\u017eiimi koos automaatse markeri s\u00fcgavuse m\u00f5\u00f5tmisega, mis v\u00f5imaldab operaatoril teha oma t\u00f6\u00f6d kiiremini, tegemata kompromisse kvaliteedi osas.<\/p>\n<p>Standardkomplekt: vastuv\u00f5tja, vastuv\u00f5tja patareid, kasutusjuhend.<\/p>\n<h3>Tehniline teave:<\/h3>\n<ul>\n<li><a href=\"https:\/\/axiomams.eu\/importer\/export\/attachments\/en\/radiodetection-rd7100.pdf\" target=\"_blank\">Radiodetection RD7100.pdf<\/a><\/li>\n<\/ul>\n","protected":false},"excerpt":{"rendered":"<p>Radiodetection RD7100 PLM kaabliotsijat, mis koosneb saatjast ja vastuv\u00f5tjast, kasutatakse kaablite ja metalltorude t\u00e4pse asukoha m\u00e4\u00e4ramiseks. Kompass v\u00f5imaldab operaatoril kiiresti ja lihtsalt j\u00e4lgida sihtliini, n\u00e4idates visuaalselt sihtkaabli ja positsioneeri suhtelist orientatsiooni. K\u00f5ik RF-markerlokaatori mudelid pakuvad kombineeritud liini- ja markerlokaatori re\u017eiimi koos automaatse markeri s\u00fcgavuse m\u00f5\u00f5tmisega, mis v\u00f5imaldab operaatoril teha oma t\u00f6\u00f6d kiiremini, tegemata kompromisse kvaliteedi&#8230;<\/p>\n","protected":false},"featured_media":42404,"comment_status":"open","ping_status":"closed","template":"","meta":{"_acf_changed":false},"product_brand":[730],"product_cat":[17782],"product_tag":[],"class_list":{"0":"post-40443","1":"product","2":"type-product","3":"status-publish","4":"has-post-thumbnail","6":"product_brand-radiodetection","7":"product_cat-kaablite-otsimiseks-ja-valimiseks","9":"first","10":"instock","11":"taxable","12":"shipping-taxable","13":"product-type-simple"},"acf":[],"yoast_head":"<!-- This site is optimized with the Yoast SEO plugin v27.0 - https:\/\/yoast.com\/product\/yoast-seo-wordpress\/ -->\n<title>Radiodetection RD7100 TLM kaabliotsija - AXIOMA MS<\/title>\n<meta name=\"robots\" content=\"index, follow, max-snippet:-1, max-image-preview:large, max-video-preview:-1\" \/>\n<link rel=\"canonical\" href=\"https:\/\/www.axiomams.eu\/et\/produktas\/radiodetection-rd7100-tlm-kaabliotsija\" \/>\n<meta property=\"og:locale\" content=\"et_EE\" \/>\n<meta property=\"og:type\" content=\"article\" \/>\n<meta property=\"og:title\" content=\"Radiodetection RD7100 TLM kaabliotsija - AXIOMA MS\" \/>\n<meta property=\"og:description\" content=\"Radiodetection RD7100 PLM kaabliotsijat, mis koosneb saatjast ja vastuv\u00f5tjast, kasutatakse kaablite ja metalltorude t\u00e4pse asukoha m\u00e4\u00e4ramiseks. Kompass v\u00f5imaldab operaatoril kiiresti ja lihtsalt j\u00e4lgida sihtliini, n\u00e4idates visuaalselt sihtkaabli ja positsioneeri suhtelist orientatsiooni. K\u00f5ik RF-markerlokaatori mudelid pakuvad kombineeritud liini- ja markerlokaatori re\u017eiimi koos automaatse markeri s\u00fcgavuse m\u00f5\u00f5tmisega, mis v\u00f5imaldab operaatoril teha oma t\u00f6\u00f6d kiiremini, tegemata kompromisse kvaliteedi...\" \/>\n<meta property=\"og:url\" content=\"https:\/\/www.axiomams.eu\/et\/produktas\/radiodetection-rd7100-tlm-kaabliotsija\" \/>\n<meta property=\"og:site_name\" content=\"AXIOMA MS\" \/>\n<meta property=\"article:publisher\" content=\"https:\/\/www.facebook.com\/AxiomaMS\" \/>\n<meta property=\"article:modified_time\" content=\"2026-02-02T12:32:29+00:00\" \/>\n<meta property=\"og:image\" content=\"https:\/\/www.axiomams.eu\/wp-content\/uploads\/2025\/07\/3359-4485.jpg\" \/>\n\t<meta property=\"og:image:width\" content=\"746\" \/>\n\t<meta property=\"og:image:height\" content=\"746\" \/>\n\t<meta property=\"og:image:type\" content=\"image\/jpeg\" \/>\n<meta name=\"twitter:card\" content=\"summary_large_image\" \/>\n<script type=\"application\/ld+json\" class=\"yoast-schema-graph\">{\"@context\":\"https:\/\/schema.org\",\"@graph\":[{\"@type\":\"WebPage\",\"@id\":\"https:\/\/www.axiomams.eu\/et\/produktas\/radiodetection-rd7100-tlm-kaabliotsija\",\"url\":\"https:\/\/www.axiomams.eu\/et\/produktas\/radiodetection-rd7100-tlm-kaabliotsija\",\"name\":\"Radiodetection RD7100 TLM kaabliotsija - AXIOMA MS\",\"isPartOf\":{\"@id\":\"https:\/\/www.axiomams.eu\/et#website\"},\"primaryImageOfPage\":{\"@id\":\"https:\/\/www.axiomams.eu\/et\/produktas\/radiodetection-rd7100-tlm-kaabliotsija#primaryimage\"},\"image\":{\"@id\":\"https:\/\/www.axiomams.eu\/et\/produktas\/radiodetection-rd7100-tlm-kaabliotsija#primaryimage\"},\"thumbnailUrl\":\"https:\/\/www.axiomams.eu\/wp-content\/uploads\/2025\/07\/3359-4485.jpg\",\"datePublished\":\"2025-05-15T16:07:11+00:00\",\"dateModified\":\"2026-02-02T12:32:29+00:00\",\"breadcrumb\":{\"@id\":\"https:\/\/www.axiomams.eu\/et\/produktas\/radiodetection-rd7100-tlm-kaabliotsija#breadcrumb\"},\"inLanguage\":\"et\",\"potentialAction\":[{\"@type\":\"ReadAction\",\"target\":[\"https:\/\/www.axiomams.eu\/et\/produktas\/radiodetection-rd7100-tlm-kaabliotsija\"]}]},{\"@type\":\"ImageObject\",\"inLanguage\":\"et\",\"@id\":\"https:\/\/www.axiomams.eu\/et\/produktas\/radiodetection-rd7100-tlm-kaabliotsija#primaryimage\",\"url\":\"https:\/\/www.axiomams.eu\/wp-content\/uploads\/2025\/07\/3359-4485.jpg\",\"contentUrl\":\"https:\/\/www.axiomams.eu\/wp-content\/uploads\/2025\/07\/3359-4485.jpg\",\"width\":746,\"height\":746},{\"@type\":\"BreadcrumbList\",\"@id\":\"https:\/\/www.axiomams.eu\/et\/produktas\/radiodetection-rd7100-tlm-kaabliotsija#breadcrumb\",\"itemListElement\":[{\"@type\":\"ListItem\",\"position\":1,\"name\":\"Home\",\"item\":\"https:\/\/www.axiomams.eu\/et\"},{\"@type\":\"ListItem\",\"position\":2,\"name\":\"Tooted\",\"item\":\"https:\/\/www.axiomams.eu\/et\/tooted\"},{\"@type\":\"ListItem\",\"position\":3,\"name\":\"Radiodetection RD7100 TLM kaabliotsija\"}]},{\"@type\":\"WebSite\",\"@id\":\"https:\/\/www.axiomams.eu\/et#website\",\"url\":\"https:\/\/www.axiomams.eu\/et\",\"name\":\"AXIOMA MS\",\"description\":\"Terrmovizoriai ir matavimo \u012franga\",\"publisher\":{\"@id\":\"https:\/\/www.axiomams.eu\/et#organization\"},\"potentialAction\":[{\"@type\":\"SearchAction\",\"target\":{\"@type\":\"EntryPoint\",\"urlTemplate\":\"https:\/\/www.axiomams.eu\/et?s={search_term_string}\"},\"query-input\":{\"@type\":\"PropertyValueSpecification\",\"valueRequired\":true,\"valueName\":\"search_term_string\"}}],\"inLanguage\":\"et\"},{\"@type\":\"Organization\",\"@id\":\"https:\/\/www.axiomams.eu\/et#organization\",\"name\":\"AXIOMA MS\",\"url\":\"https:\/\/www.axiomams.eu\/et\",\"logo\":{\"@type\":\"ImageObject\",\"inLanguage\":\"et\",\"@id\":\"https:\/\/www.axiomams.eu\/et#\/schema\/logo\/image\/\",\"url\":\"https:\/\/www.axiomams.eu\/wp-content\/uploads\/2025\/06\/axioma-logo-2.png\",\"contentUrl\":\"https:\/\/www.axiomams.eu\/wp-content\/uploads\/2025\/06\/axioma-logo-2.png\",\"width\":1200,\"height\":1200,\"caption\":\"AXIOMA MS\"},\"image\":{\"@id\":\"https:\/\/www.axiomams.eu\/et#\/schema\/logo\/image\/\"},\"sameAs\":[\"https:\/\/www.facebook.com\/AxiomaMS\",\"https:\/\/www.linkedin.com\/company\/axiomams\/\"]}]}<\/script>\n<!-- \/ Yoast SEO plugin. -->","yoast_head_json":{"title":"Radiodetection RD7100 TLM kaabliotsija - AXIOMA MS","robots":{"index":"index","follow":"follow","max-snippet":"max-snippet:-1","max-image-preview":"max-image-preview:large","max-video-preview":"max-video-preview:-1"},"canonical":"https:\/\/www.axiomams.eu\/et\/produktas\/radiodetection-rd7100-tlm-kaabliotsija","og_locale":"et_EE","og_type":"article","og_title":"Radiodetection RD7100 TLM kaabliotsija - AXIOMA MS","og_description":"Radiodetection RD7100 PLM kaabliotsijat, mis koosneb saatjast ja vastuv\u00f5tjast, kasutatakse kaablite ja metalltorude t\u00e4pse asukoha m\u00e4\u00e4ramiseks. Kompass v\u00f5imaldab operaatoril kiiresti ja lihtsalt j\u00e4lgida sihtliini, n\u00e4idates visuaalselt sihtkaabli ja positsioneeri suhtelist orientatsiooni. K\u00f5ik RF-markerlokaatori mudelid pakuvad kombineeritud liini- ja markerlokaatori re\u017eiimi koos automaatse markeri s\u00fcgavuse m\u00f5\u00f5tmisega, mis v\u00f5imaldab operaatoril teha oma t\u00f6\u00f6d kiiremini, tegemata kompromisse kvaliteedi...","og_url":"https:\/\/www.axiomams.eu\/et\/produktas\/radiodetection-rd7100-tlm-kaabliotsija","og_site_name":"AXIOMA MS","article_publisher":"https:\/\/www.facebook.com\/AxiomaMS","article_modified_time":"2026-02-02T12:32:29+00:00","og_image":[{"width":746,"height":746,"url":"https:\/\/www.axiomams.eu\/wp-content\/uploads\/2025\/07\/3359-4485.jpg","type":"image\/jpeg"}],"twitter_card":"summary_large_image","schema":{"@context":"https:\/\/schema.org","@graph":[{"@type":"WebPage","@id":"https:\/\/www.axiomams.eu\/et\/produktas\/radiodetection-rd7100-tlm-kaabliotsija","url":"https:\/\/www.axiomams.eu\/et\/produktas\/radiodetection-rd7100-tlm-kaabliotsija","name":"Radiodetection RD7100 TLM kaabliotsija - AXIOMA MS","isPartOf":{"@id":"https:\/\/www.axiomams.eu\/et#website"},"primaryImageOfPage":{"@id":"https:\/\/www.axiomams.eu\/et\/produktas\/radiodetection-rd7100-tlm-kaabliotsija#primaryimage"},"image":{"@id":"https:\/\/www.axiomams.eu\/et\/produktas\/radiodetection-rd7100-tlm-kaabliotsija#primaryimage"},"thumbnailUrl":"https:\/\/www.axiomams.eu\/wp-content\/uploads\/2025\/07\/3359-4485.jpg","datePublished":"2025-05-15T16:07:11+00:00","dateModified":"2026-02-02T12:32:29+00:00","breadcrumb":{"@id":"https:\/\/www.axiomams.eu\/et\/produktas\/radiodetection-rd7100-tlm-kaabliotsija#breadcrumb"},"inLanguage":"et","potentialAction":[{"@type":"ReadAction","target":["https:\/\/www.axiomams.eu\/et\/produktas\/radiodetection-rd7100-tlm-kaabliotsija"]}]},{"@type":"ImageObject","inLanguage":"et","@id":"https:\/\/www.axiomams.eu\/et\/produktas\/radiodetection-rd7100-tlm-kaabliotsija#primaryimage","url":"https:\/\/www.axiomams.eu\/wp-content\/uploads\/2025\/07\/3359-4485.jpg","contentUrl":"https:\/\/www.axiomams.eu\/wp-content\/uploads\/2025\/07\/3359-4485.jpg","width":746,"height":746},{"@type":"BreadcrumbList","@id":"https:\/\/www.axiomams.eu\/et\/produktas\/radiodetection-rd7100-tlm-kaabliotsija#breadcrumb","itemListElement":[{"@type":"ListItem","position":1,"name":"Home","item":"https:\/\/www.axiomams.eu\/et"},{"@type":"ListItem","position":2,"name":"Tooted","item":"https:\/\/www.axiomams.eu\/et\/tooted"},{"@type":"ListItem","position":3,"name":"Radiodetection RD7100 TLM kaabliotsija"}]},{"@type":"WebSite","@id":"https:\/\/www.axiomams.eu\/et#website","url":"https:\/\/www.axiomams.eu\/et","name":"AXIOMA MS","description":"Terrmovizoriai ir matavimo \u012franga","publisher":{"@id":"https:\/\/www.axiomams.eu\/et#organization"},"potentialAction":[{"@type":"SearchAction","target":{"@type":"EntryPoint","urlTemplate":"https:\/\/www.axiomams.eu\/et?s={search_term_string}"},"query-input":{"@type":"PropertyValueSpecification","valueRequired":true,"valueName":"search_term_string"}}],"inLanguage":"et"},{"@type":"Organization","@id":"https:\/\/www.axiomams.eu\/et#organization","name":"AXIOMA MS","url":"https:\/\/www.axiomams.eu\/et","logo":{"@type":"ImageObject","inLanguage":"et","@id":"https:\/\/www.axiomams.eu\/et#\/schema\/logo\/image\/","url":"https:\/\/www.axiomams.eu\/wp-content\/uploads\/2025\/06\/axioma-logo-2.png","contentUrl":"https:\/\/www.axiomams.eu\/wp-content\/uploads\/2025\/06\/axioma-logo-2.png","width":1200,"height":1200,"caption":"AXIOMA MS"},"image":{"@id":"https:\/\/www.axiomams.eu\/et#\/schema\/logo\/image\/"},"sameAs":["https:\/\/www.facebook.com\/AxiomaMS","https:\/\/www.linkedin.com\/company\/axiomams\/"]}]}},"_links":{"self":[{"href":"https:\/\/www.axiomams.eu\/et\/wp-json\/wp\/v2\/product\/40443","targetHints":{"allow":["GET"]}}],"collection":[{"href":"https:\/\/www.axiomams.eu\/et\/wp-json\/wp\/v2\/product"}],"about":[{"href":"https:\/\/www.axiomams.eu\/et\/wp-json\/wp\/v2\/types\/product"}],"replies":[{"embeddable":true,"href":"https:\/\/www.axiomams.eu\/et\/wp-json\/wp\/v2\/comments?post=40443"}],"wp:featuredmedia":[{"embeddable":true,"href":"https:\/\/www.axiomams.eu\/et\/wp-json\/wp\/v2\/media\/42404"}],"wp:attachment":[{"href":"https:\/\/www.axiomams.eu\/et\/wp-json\/wp\/v2\/media?parent=40443"}],"wp:term":[{"taxonomy":"product_brand","embeddable":true,"href":"https:\/\/www.axiomams.eu\/et\/wp-json\/wp\/v2\/product_brand?post=40443"},{"taxonomy":"product_cat","embeddable":true,"href":"https:\/\/www.axiomams.eu\/et\/wp-json\/wp\/v2\/product_cat?post=40443"},{"taxonomy":"product_tag","embeddable":true,"href":"https:\/\/www.axiomams.eu\/et\/wp-json\/wp\/v2\/product_tag?post=40443"}],"curies":[{"name":"wp","href":"https:\/\/api.w.org\/{rel}","templated":true}]}}