{"id":40445,"date":"2025-05-15T18:07:12","date_gmt":"2025-05-15T16:07:12","guid":{"rendered":"https:\/\/www.axiomams.eu\/produktas\/radiodetection-rd7200-kaabliotsija-komplekt-5-w-saatjaga"},"modified":"2026-02-02T14:32:30","modified_gmt":"2026-02-02T12:32:30","slug":"radiodetection-rd7200-kaabliotsija-komplekt-5-w-saatjaga","status":"publish","type":"product","link":"https:\/\/www.axiomams.eu\/et\/produktas\/radiodetection-rd7200-kaabliotsija-komplekt-5-w-saatjaga","title":{"rendered":"Radiodetection RD7200 kaabliotsija komplekt 5 W saatjaga"},"content":{"rendered":"<p>Radiodetection RD7200 kaabliotsijat, mis koosneb saatjast ja vastuv\u00f5tjast, kasutatakse kaablite ja metalltorude t\u00e4pse asukoha m\u00e4\u00e4ramiseks. Kompass v\u00f5imaldab operaatoril kiiresti ja lihtsalt j\u00e4lgida sihtliini, n\u00e4idates visuaalselt sihtkaabli ja positsioneeri suhtelist orientatsiooni.<\/p>\n<p>Standardkomplekt: Radiodetection RD7200 vastuv\u00f5tja, saatja Tx-5 koos patareiga, patareid vastuv\u00f5tja jaoks, \u00fchenduskaabel, m\u00f5\u00f5tesond, kasutusjuhend, pehme kandekott.<\/p>\n<h3>Tehniline teave:<\/h3>\n<ul>\n<li><a href=\"https:\/\/axiomams.eu\/importer\/export\/attachments\/en\/radiodetection-rd7200.pdf\" target=\"_blank\">Radiodetection RD7200.pdf<\/a><\/li>\n<\/ul>\n","protected":false},"excerpt":{"rendered":"<p>Radiodetection RD7200 kaabliotsijat, mis koosneb saatjast ja vastuv\u00f5tjast, kasutatakse kaablite ja metalltorude t\u00e4pse asukoha m\u00e4\u00e4ramiseks. Kompass v\u00f5imaldab operaatoril kiiresti ja lihtsalt j\u00e4lgida sihtliini, n\u00e4idates visuaalselt sihtkaabli ja positsioneeri suhtelist orientatsiooni. Standardkomplekt: Radiodetection RD7200 vastuv\u00f5tja, saatja Tx-5 koos patareiga, patareid vastuv\u00f5tja jaoks, \u00fchenduskaabel, m\u00f5\u00f5tesond, kasutusjuhend, pehme kandekott. Tehniline teave: Radiodetection RD7200.pdf<\/p>\n","protected":false},"featured_media":42408,"comment_status":"open","ping_status":"closed","template":"","meta":{"_acf_changed":false},"product_brand":[730],"product_cat":[17806,17782],"product_tag":[],"class_list":{"0":"post-40445","1":"product","2":"type-product","3":"status-publish","4":"has-post-thumbnail","6":"product_brand-radiodetection","7":"product_cat-georadarid-ja-maa-alused-sideotsijad","8":"product_cat-kaablite-otsimiseks-ja-valimiseks","10":"first","11":"instock","12":"taxable","13":"shipping-taxable","14":"purchasable","15":"product-type-simple"},"acf":[],"yoast_head":"<!-- This site is optimized with the Yoast SEO plugin v27.0 - https:\/\/yoast.com\/product\/yoast-seo-wordpress\/ -->\n<title>Radiodetection RD7200 kaabliotsija komplekt 5 W saatjaga - AXIOMA MS<\/title>\n<meta name=\"robots\" content=\"index, follow, max-snippet:-1, max-image-preview:large, max-video-preview:-1\" \/>\n<link rel=\"canonical\" href=\"https:\/\/www.axiomams.eu\/et\/produktas\/radiodetection-rd7200-kaabliotsija-komplekt-5-w-saatjaga\" \/>\n<meta property=\"og:locale\" content=\"et_EE\" \/>\n<meta property=\"og:type\" content=\"article\" \/>\n<meta property=\"og:title\" content=\"Radiodetection RD7200 kaabliotsija komplekt 5 W saatjaga - AXIOMA MS\" \/>\n<meta property=\"og:description\" content=\"Radiodetection RD7200 kaabliotsijat, mis koosneb saatjast ja vastuv\u00f5tjast, kasutatakse kaablite ja metalltorude t\u00e4pse asukoha m\u00e4\u00e4ramiseks. Kompass v\u00f5imaldab operaatoril kiiresti ja lihtsalt j\u00e4lgida sihtliini, n\u00e4idates visuaalselt sihtkaabli ja positsioneeri suhtelist orientatsiooni. Standardkomplekt: Radiodetection RD7200 vastuv\u00f5tja, saatja Tx-5 koos patareiga, patareid vastuv\u00f5tja jaoks, \u00fchenduskaabel, m\u00f5\u00f5tesond, kasutusjuhend, pehme kandekott. Tehniline teave: Radiodetection RD7200.pdf\" \/>\n<meta property=\"og:url\" content=\"https:\/\/www.axiomams.eu\/et\/produktas\/radiodetection-rd7200-kaabliotsija-komplekt-5-w-saatjaga\" \/>\n<meta property=\"og:site_name\" content=\"AXIOMA MS\" \/>\n<meta property=\"article:publisher\" content=\"https:\/\/www.facebook.com\/AxiomaMS\" \/>\n<meta property=\"article:modified_time\" content=\"2026-02-02T12:32:30+00:00\" \/>\n<meta property=\"og:image\" content=\"https:\/\/www.axiomams.eu\/wp-content\/uploads\/2025\/07\/3150-5889.jpg\" \/>\n\t<meta property=\"og:image:width\" content=\"999\" \/>\n\t<meta property=\"og:image:height\" content=\"954\" \/>\n\t<meta property=\"og:image:type\" content=\"image\/jpeg\" \/>\n<meta name=\"twitter:card\" content=\"summary_large_image\" \/>\n<script type=\"application\/ld+json\" class=\"yoast-schema-graph\">{\"@context\":\"https:\/\/schema.org\",\"@graph\":[{\"@type\":\"WebPage\",\"@id\":\"https:\/\/www.axiomams.eu\/et\/produktas\/radiodetection-rd7200-kaabliotsija-komplekt-5-w-saatjaga\",\"url\":\"https:\/\/www.axiomams.eu\/et\/produktas\/radiodetection-rd7200-kaabliotsija-komplekt-5-w-saatjaga\",\"name\":\"Radiodetection RD7200 kaabliotsija komplekt 5 W saatjaga - AXIOMA MS\",\"isPartOf\":{\"@id\":\"https:\/\/www.axiomams.eu\/et#website\"},\"primaryImageOfPage\":{\"@id\":\"https:\/\/www.axiomams.eu\/et\/produktas\/radiodetection-rd7200-kaabliotsija-komplekt-5-w-saatjaga#primaryimage\"},\"image\":{\"@id\":\"https:\/\/www.axiomams.eu\/et\/produktas\/radiodetection-rd7200-kaabliotsija-komplekt-5-w-saatjaga#primaryimage\"},\"thumbnailUrl\":\"https:\/\/www.axiomams.eu\/wp-content\/uploads\/2025\/07\/3150-5889.jpg\",\"datePublished\":\"2025-05-15T16:07:12+00:00\",\"dateModified\":\"2026-02-02T12:32:30+00:00\",\"breadcrumb\":{\"@id\":\"https:\/\/www.axiomams.eu\/et\/produktas\/radiodetection-rd7200-kaabliotsija-komplekt-5-w-saatjaga#breadcrumb\"},\"inLanguage\":\"et\",\"potentialAction\":[{\"@type\":\"ReadAction\",\"target\":[\"https:\/\/www.axiomams.eu\/et\/produktas\/radiodetection-rd7200-kaabliotsija-komplekt-5-w-saatjaga\"]}]},{\"@type\":\"ImageObject\",\"inLanguage\":\"et\",\"@id\":\"https:\/\/www.axiomams.eu\/et\/produktas\/radiodetection-rd7200-kaabliotsija-komplekt-5-w-saatjaga#primaryimage\",\"url\":\"https:\/\/www.axiomams.eu\/wp-content\/uploads\/2025\/07\/3150-5889.jpg\",\"contentUrl\":\"https:\/\/www.axiomams.eu\/wp-content\/uploads\/2025\/07\/3150-5889.jpg\",\"width\":999,\"height\":954},{\"@type\":\"BreadcrumbList\",\"@id\":\"https:\/\/www.axiomams.eu\/et\/produktas\/radiodetection-rd7200-kaabliotsija-komplekt-5-w-saatjaga#breadcrumb\",\"itemListElement\":[{\"@type\":\"ListItem\",\"position\":1,\"name\":\"Home\",\"item\":\"https:\/\/www.axiomams.eu\/et\"},{\"@type\":\"ListItem\",\"position\":2,\"name\":\"Tooted\",\"item\":\"https:\/\/www.axiomams.eu\/et\/tooted\"},{\"@type\":\"ListItem\",\"position\":3,\"name\":\"Radiodetection RD7200 kaabliotsija komplekt 5 W saatjaga\"}]},{\"@type\":\"WebSite\",\"@id\":\"https:\/\/www.axiomams.eu\/et#website\",\"url\":\"https:\/\/www.axiomams.eu\/et\",\"name\":\"AXIOMA MS\",\"description\":\"Terrmovizoriai ir matavimo \u012franga\",\"publisher\":{\"@id\":\"https:\/\/www.axiomams.eu\/et#organization\"},\"potentialAction\":[{\"@type\":\"SearchAction\",\"target\":{\"@type\":\"EntryPoint\",\"urlTemplate\":\"https:\/\/www.axiomams.eu\/et?s={search_term_string}\"},\"query-input\":{\"@type\":\"PropertyValueSpecification\",\"valueRequired\":true,\"valueName\":\"search_term_string\"}}],\"inLanguage\":\"et\"},{\"@type\":\"Organization\",\"@id\":\"https:\/\/www.axiomams.eu\/et#organization\",\"name\":\"AXIOMA MS\",\"url\":\"https:\/\/www.axiomams.eu\/et\",\"logo\":{\"@type\":\"ImageObject\",\"inLanguage\":\"et\",\"@id\":\"https:\/\/www.axiomams.eu\/et#\/schema\/logo\/image\/\",\"url\":\"https:\/\/www.axiomams.eu\/wp-content\/uploads\/2025\/06\/axioma-logo-2.png\",\"contentUrl\":\"https:\/\/www.axiomams.eu\/wp-content\/uploads\/2025\/06\/axioma-logo-2.png\",\"width\":1200,\"height\":1200,\"caption\":\"AXIOMA MS\"},\"image\":{\"@id\":\"https:\/\/www.axiomams.eu\/et#\/schema\/logo\/image\/\"},\"sameAs\":[\"https:\/\/www.facebook.com\/AxiomaMS\",\"https:\/\/www.linkedin.com\/company\/axiomams\/\"]}]}<\/script>\n<!-- \/ Yoast SEO plugin. -->","yoast_head_json":{"title":"Radiodetection RD7200 kaabliotsija komplekt 5 W saatjaga - AXIOMA MS","robots":{"index":"index","follow":"follow","max-snippet":"max-snippet:-1","max-image-preview":"max-image-preview:large","max-video-preview":"max-video-preview:-1"},"canonical":"https:\/\/www.axiomams.eu\/et\/produktas\/radiodetection-rd7200-kaabliotsija-komplekt-5-w-saatjaga","og_locale":"et_EE","og_type":"article","og_title":"Radiodetection RD7200 kaabliotsija komplekt 5 W saatjaga - AXIOMA MS","og_description":"Radiodetection RD7200 kaabliotsijat, mis koosneb saatjast ja vastuv\u00f5tjast, kasutatakse kaablite ja metalltorude t\u00e4pse asukoha m\u00e4\u00e4ramiseks. Kompass v\u00f5imaldab operaatoril kiiresti ja lihtsalt j\u00e4lgida sihtliini, n\u00e4idates visuaalselt sihtkaabli ja positsioneeri suhtelist orientatsiooni. Standardkomplekt: Radiodetection RD7200 vastuv\u00f5tja, saatja Tx-5 koos patareiga, patareid vastuv\u00f5tja jaoks, \u00fchenduskaabel, m\u00f5\u00f5tesond, kasutusjuhend, pehme kandekott. Tehniline teave: Radiodetection RD7200.pdf","og_url":"https:\/\/www.axiomams.eu\/et\/produktas\/radiodetection-rd7200-kaabliotsija-komplekt-5-w-saatjaga","og_site_name":"AXIOMA MS","article_publisher":"https:\/\/www.facebook.com\/AxiomaMS","article_modified_time":"2026-02-02T12:32:30+00:00","og_image":[{"width":999,"height":954,"url":"https:\/\/www.axiomams.eu\/wp-content\/uploads\/2025\/07\/3150-5889.jpg","type":"image\/jpeg"}],"twitter_card":"summary_large_image","schema":{"@context":"https:\/\/schema.org","@graph":[{"@type":"WebPage","@id":"https:\/\/www.axiomams.eu\/et\/produktas\/radiodetection-rd7200-kaabliotsija-komplekt-5-w-saatjaga","url":"https:\/\/www.axiomams.eu\/et\/produktas\/radiodetection-rd7200-kaabliotsija-komplekt-5-w-saatjaga","name":"Radiodetection RD7200 kaabliotsija komplekt 5 W saatjaga - AXIOMA MS","isPartOf":{"@id":"https:\/\/www.axiomams.eu\/et#website"},"primaryImageOfPage":{"@id":"https:\/\/www.axiomams.eu\/et\/produktas\/radiodetection-rd7200-kaabliotsija-komplekt-5-w-saatjaga#primaryimage"},"image":{"@id":"https:\/\/www.axiomams.eu\/et\/produktas\/radiodetection-rd7200-kaabliotsija-komplekt-5-w-saatjaga#primaryimage"},"thumbnailUrl":"https:\/\/www.axiomams.eu\/wp-content\/uploads\/2025\/07\/3150-5889.jpg","datePublished":"2025-05-15T16:07:12+00:00","dateModified":"2026-02-02T12:32:30+00:00","breadcrumb":{"@id":"https:\/\/www.axiomams.eu\/et\/produktas\/radiodetection-rd7200-kaabliotsija-komplekt-5-w-saatjaga#breadcrumb"},"inLanguage":"et","potentialAction":[{"@type":"ReadAction","target":["https:\/\/www.axiomams.eu\/et\/produktas\/radiodetection-rd7200-kaabliotsija-komplekt-5-w-saatjaga"]}]},{"@type":"ImageObject","inLanguage":"et","@id":"https:\/\/www.axiomams.eu\/et\/produktas\/radiodetection-rd7200-kaabliotsija-komplekt-5-w-saatjaga#primaryimage","url":"https:\/\/www.axiomams.eu\/wp-content\/uploads\/2025\/07\/3150-5889.jpg","contentUrl":"https:\/\/www.axiomams.eu\/wp-content\/uploads\/2025\/07\/3150-5889.jpg","width":999,"height":954},{"@type":"BreadcrumbList","@id":"https:\/\/www.axiomams.eu\/et\/produktas\/radiodetection-rd7200-kaabliotsija-komplekt-5-w-saatjaga#breadcrumb","itemListElement":[{"@type":"ListItem","position":1,"name":"Home","item":"https:\/\/www.axiomams.eu\/et"},{"@type":"ListItem","position":2,"name":"Tooted","item":"https:\/\/www.axiomams.eu\/et\/tooted"},{"@type":"ListItem","position":3,"name":"Radiodetection RD7200 kaabliotsija komplekt 5 W saatjaga"}]},{"@type":"WebSite","@id":"https:\/\/www.axiomams.eu\/et#website","url":"https:\/\/www.axiomams.eu\/et","name":"AXIOMA MS","description":"Terrmovizoriai ir matavimo \u012franga","publisher":{"@id":"https:\/\/www.axiomams.eu\/et#organization"},"potentialAction":[{"@type":"SearchAction","target":{"@type":"EntryPoint","urlTemplate":"https:\/\/www.axiomams.eu\/et?s={search_term_string}"},"query-input":{"@type":"PropertyValueSpecification","valueRequired":true,"valueName":"search_term_string"}}],"inLanguage":"et"},{"@type":"Organization","@id":"https:\/\/www.axiomams.eu\/et#organization","name":"AXIOMA MS","url":"https:\/\/www.axiomams.eu\/et","logo":{"@type":"ImageObject","inLanguage":"et","@id":"https:\/\/www.axiomams.eu\/et#\/schema\/logo\/image\/","url":"https:\/\/www.axiomams.eu\/wp-content\/uploads\/2025\/06\/axioma-logo-2.png","contentUrl":"https:\/\/www.axiomams.eu\/wp-content\/uploads\/2025\/06\/axioma-logo-2.png","width":1200,"height":1200,"caption":"AXIOMA MS"},"image":{"@id":"https:\/\/www.axiomams.eu\/et#\/schema\/logo\/image\/"},"sameAs":["https:\/\/www.facebook.com\/AxiomaMS","https:\/\/www.linkedin.com\/company\/axiomams\/"]}]}},"_links":{"self":[{"href":"https:\/\/www.axiomams.eu\/et\/wp-json\/wp\/v2\/product\/40445","targetHints":{"allow":["GET"]}}],"collection":[{"href":"https:\/\/www.axiomams.eu\/et\/wp-json\/wp\/v2\/product"}],"about":[{"href":"https:\/\/www.axiomams.eu\/et\/wp-json\/wp\/v2\/types\/product"}],"replies":[{"embeddable":true,"href":"https:\/\/www.axiomams.eu\/et\/wp-json\/wp\/v2\/comments?post=40445"}],"wp:featuredmedia":[{"embeddable":true,"href":"https:\/\/www.axiomams.eu\/et\/wp-json\/wp\/v2\/media\/42408"}],"wp:attachment":[{"href":"https:\/\/www.axiomams.eu\/et\/wp-json\/wp\/v2\/media?parent=40445"}],"wp:term":[{"taxonomy":"product_brand","embeddable":true,"href":"https:\/\/www.axiomams.eu\/et\/wp-json\/wp\/v2\/product_brand?post=40445"},{"taxonomy":"product_cat","embeddable":true,"href":"https:\/\/www.axiomams.eu\/et\/wp-json\/wp\/v2\/product_cat?post=40445"},{"taxonomy":"product_tag","embeddable":true,"href":"https:\/\/www.axiomams.eu\/et\/wp-json\/wp\/v2\/product_tag?post=40445"}],"curies":[{"name":"wp","href":"https:\/\/api.w.org\/{rel}","templated":true}]}}