{"id":40450,"date":"2025-07-08T09:46:16","date_gmt":"2025-07-08T07:46:16","guid":{"rendered":"https:\/\/www.axiomams.eu\/produktas\/hioki-rm3544-mahise-ommeter"},"modified":"2026-02-02T14:32:31","modified_gmt":"2026-02-02T12:32:31","slug":"hioki-rm3544-mahise-ommeter","status":"publish","type":"product","link":"https:\/\/www.axiomams.eu\/et\/produktas\/hioki-rm3544-mahise-ommeter","title":{"rendered":"HIOKI RM3544 m\u00e4hise ommeter"},"content":{"rendered":"<p>Hioki RM3544 on suure t\u00e4psusega alalisvoolu takistuse m\u00f5\u00f5tur, mis on m\u00f5eldud t\u00f5husaks ja usaldusv\u00e4\u00e4rseks testimiseks tootmisliinidel. See sobib ideaalselt mootorite ja trafode m\u00e4histakistuse ning releede ja pistmike kontakttakistuse m\u00f5\u00f5tmiseks ning toetab nii k\u00e4sitsi kui ka automatiseeritud t\u00f6\u00f6protsesse. T\u00e4nu laiale takistuse vahemikule ja sisseehitatud temperatuurikompensatsioonile annab see t\u00e4pseid m\u00f5\u00f5tmistulemusi s\u00f5ltumata keskkonnamuutustest. T\u00e4nu m\u00fcrakindlatele omadustele ja lisavarustusele, nagu LED-komparaatori lisa, sobib see ideaalselt h\u00f5ivatud tehasekeskkondadesse. RM3544 kiire ja stabiilne m\u00f5\u00f5tmine ning mitmek\u00fclgsed \u00fchendusv\u00f5imalused aitavad suurendada kvaliteedikontrolli spiraalide ja komponentide tootmisprotsessides.<\/p>\n<p>Standardkomplekt: Hioki RM3544, toitejuhe, krokodillklambritega testjuhtmed, kasutusjuhend, varusulavkaitsme.<\/p>\n<p><iframe loading=\"lazy\" width=\"560\" height=\"315\" src=\"https:\/\/www.youtube.com\/embed\/DmdbaOs9Hdo?si=b2tk7G1CwGrSVFc2\" title=\"YouTube videopleier\" frameborder=\"0\" allow=\"accelerometer; autoplay; clipboard-write; encrypted-media; gyroscope; picture-in-picture; web-share\" referrerpolicy=\"strict-origin-when-cross-origin\" allowfullscreen><\/iframe><\/p>\n<h3>Tehniline teave:<\/h3>\n<ul>\n<li><a href=\"https:\/\/axiomams.eu\/importer\/export\/attachments\/en\/hioki-rm3544.pdf\" target=\"_blank\">Hioki RM3544.pdf<\/a><\/li>\n<\/ul>\n","protected":false},"excerpt":{"rendered":"<p>Hioki RM3544 on suure t\u00e4psusega alalisvoolu takistuse m\u00f5\u00f5tur, mis on m\u00f5eldud t\u00f5husaks ja usaldusv\u00e4\u00e4rseks testimiseks tootmisliinidel. See sobib ideaalselt mootorite ja trafode m\u00e4histakistuse ning releede ja pistmike kontakttakistuse m\u00f5\u00f5tmiseks ning toetab nii k\u00e4sitsi kui ka automatiseeritud t\u00f6\u00f6protsesse. T\u00e4nu laiale takistuse vahemikule ja sisseehitatud temperatuurikompensatsioonile annab see t\u00e4pseid m\u00f5\u00f5tmistulemusi s\u00f5ltumata keskkonnamuutustest. T\u00e4nu m\u00fcrakindlatele omadustele ja lisavarustusele,&#8230;<\/p>\n","protected":false},"featured_media":42418,"comment_status":"open","ping_status":"closed","template":"","meta":{"_acf_changed":false},"product_brand":[1112],"product_cat":[17779],"product_tag":[],"class_list":{"0":"post-40450","1":"product","2":"type-product","3":"status-publish","4":"has-post-thumbnail","6":"product_brand-hioki","7":"product_cat-elektriliste-seadmete-katsetamiseks-ja-testimiseks","9":"first","10":"instock","11":"taxable","12":"shipping-taxable","13":"purchasable","14":"product-type-simple"},"acf":[],"yoast_head":"<!-- This site is optimized with the Yoast SEO plugin v27.0 - https:\/\/yoast.com\/product\/yoast-seo-wordpress\/ -->\n<title>HIOKI RM3544 m\u00e4hise ommeter - AXIOMA MS<\/title>\n<meta name=\"robots\" content=\"index, follow, max-snippet:-1, max-image-preview:large, max-video-preview:-1\" \/>\n<link rel=\"canonical\" href=\"https:\/\/www.axiomams.eu\/et\/produktas\/hioki-rm3544-mahise-ommeter\" \/>\n<meta property=\"og:locale\" content=\"et_EE\" \/>\n<meta property=\"og:type\" content=\"article\" \/>\n<meta property=\"og:title\" content=\"HIOKI RM3544 m\u00e4hise ommeter - AXIOMA MS\" \/>\n<meta property=\"og:description\" content=\"Hioki RM3544 on suure t\u00e4psusega alalisvoolu takistuse m\u00f5\u00f5tur, mis on m\u00f5eldud t\u00f5husaks ja usaldusv\u00e4\u00e4rseks testimiseks tootmisliinidel. See sobib ideaalselt mootorite ja trafode m\u00e4histakistuse ning releede ja pistmike kontakttakistuse m\u00f5\u00f5tmiseks ning toetab nii k\u00e4sitsi kui ka automatiseeritud t\u00f6\u00f6protsesse. T\u00e4nu laiale takistuse vahemikule ja sisseehitatud temperatuurikompensatsioonile annab see t\u00e4pseid m\u00f5\u00f5tmistulemusi s\u00f5ltumata keskkonnamuutustest. T\u00e4nu m\u00fcrakindlatele omadustele ja lisavarustusele,...\" \/>\n<meta property=\"og:url\" content=\"https:\/\/www.axiomams.eu\/et\/produktas\/hioki-rm3544-mahise-ommeter\" \/>\n<meta property=\"og:site_name\" content=\"AXIOMA MS\" \/>\n<meta property=\"article:publisher\" content=\"https:\/\/www.facebook.com\/AxiomaMS\" \/>\n<meta property=\"article:modified_time\" content=\"2026-02-02T12:32:31+00:00\" \/>\n<meta property=\"og:image\" content=\"https:\/\/www.axiomams.eu\/wp-content\/uploads\/2025\/07\/4641-5972.jpg\" \/>\n\t<meta property=\"og:image:width\" content=\"1040\" \/>\n\t<meta property=\"og:image:height\" content=\"694\" \/>\n\t<meta property=\"og:image:type\" content=\"image\/jpeg\" \/>\n<meta name=\"twitter:card\" content=\"summary_large_image\" \/>\n<meta name=\"twitter:label1\" content=\"Est. reading time\" \/>\n\t<meta name=\"twitter:data1\" content=\"1 minut\" \/>\n<script type=\"application\/ld+json\" class=\"yoast-schema-graph\">{\"@context\":\"https:\/\/schema.org\",\"@graph\":[{\"@type\":\"WebPage\",\"@id\":\"https:\/\/www.axiomams.eu\/et\/produktas\/hioki-rm3544-mahise-ommeter\",\"url\":\"https:\/\/www.axiomams.eu\/et\/produktas\/hioki-rm3544-mahise-ommeter\",\"name\":\"HIOKI RM3544 m\u00e4hise ommeter - AXIOMA MS\",\"isPartOf\":{\"@id\":\"https:\/\/www.axiomams.eu\/et#website\"},\"primaryImageOfPage\":{\"@id\":\"https:\/\/www.axiomams.eu\/et\/produktas\/hioki-rm3544-mahise-ommeter#primaryimage\"},\"image\":{\"@id\":\"https:\/\/www.axiomams.eu\/et\/produktas\/hioki-rm3544-mahise-ommeter#primaryimage\"},\"thumbnailUrl\":\"https:\/\/www.axiomams.eu\/wp-content\/uploads\/2025\/07\/4641-5972.jpg\",\"datePublished\":\"2025-07-08T07:46:16+00:00\",\"dateModified\":\"2026-02-02T12:32:31+00:00\",\"breadcrumb\":{\"@id\":\"https:\/\/www.axiomams.eu\/et\/produktas\/hioki-rm3544-mahise-ommeter#breadcrumb\"},\"inLanguage\":\"et\",\"potentialAction\":[{\"@type\":\"ReadAction\",\"target\":[\"https:\/\/www.axiomams.eu\/et\/produktas\/hioki-rm3544-mahise-ommeter\"]}]},{\"@type\":\"ImageObject\",\"inLanguage\":\"et\",\"@id\":\"https:\/\/www.axiomams.eu\/et\/produktas\/hioki-rm3544-mahise-ommeter#primaryimage\",\"url\":\"https:\/\/www.axiomams.eu\/wp-content\/uploads\/2025\/07\/4641-5972.jpg\",\"contentUrl\":\"https:\/\/www.axiomams.eu\/wp-content\/uploads\/2025\/07\/4641-5972.jpg\",\"width\":1040,\"height\":694},{\"@type\":\"BreadcrumbList\",\"@id\":\"https:\/\/www.axiomams.eu\/et\/produktas\/hioki-rm3544-mahise-ommeter#breadcrumb\",\"itemListElement\":[{\"@type\":\"ListItem\",\"position\":1,\"name\":\"Home\",\"item\":\"https:\/\/www.axiomams.eu\/et\"},{\"@type\":\"ListItem\",\"position\":2,\"name\":\"Tooted\",\"item\":\"https:\/\/www.axiomams.eu\/et\/tooted\"},{\"@type\":\"ListItem\",\"position\":3,\"name\":\"HIOKI RM3544 m\u00e4hise ommeter\"}]},{\"@type\":\"WebSite\",\"@id\":\"https:\/\/www.axiomams.eu\/et#website\",\"url\":\"https:\/\/www.axiomams.eu\/et\",\"name\":\"AXIOMA MS\",\"description\":\"Terrmovizoriai ir matavimo \u012franga\",\"publisher\":{\"@id\":\"https:\/\/www.axiomams.eu\/et#organization\"},\"potentialAction\":[{\"@type\":\"SearchAction\",\"target\":{\"@type\":\"EntryPoint\",\"urlTemplate\":\"https:\/\/www.axiomams.eu\/et?s={search_term_string}\"},\"query-input\":{\"@type\":\"PropertyValueSpecification\",\"valueRequired\":true,\"valueName\":\"search_term_string\"}}],\"inLanguage\":\"et\"},{\"@type\":\"Organization\",\"@id\":\"https:\/\/www.axiomams.eu\/et#organization\",\"name\":\"AXIOMA MS\",\"url\":\"https:\/\/www.axiomams.eu\/et\",\"logo\":{\"@type\":\"ImageObject\",\"inLanguage\":\"et\",\"@id\":\"https:\/\/www.axiomams.eu\/et#\/schema\/logo\/image\/\",\"url\":\"https:\/\/www.axiomams.eu\/wp-content\/uploads\/2025\/06\/axioma-logo-2.png\",\"contentUrl\":\"https:\/\/www.axiomams.eu\/wp-content\/uploads\/2025\/06\/axioma-logo-2.png\",\"width\":1200,\"height\":1200,\"caption\":\"AXIOMA MS\"},\"image\":{\"@id\":\"https:\/\/www.axiomams.eu\/et#\/schema\/logo\/image\/\"},\"sameAs\":[\"https:\/\/www.facebook.com\/AxiomaMS\",\"https:\/\/www.linkedin.com\/company\/axiomams\/\"]}]}<\/script>\n<!-- \/ Yoast SEO plugin. -->","yoast_head_json":{"title":"HIOKI RM3544 m\u00e4hise ommeter - AXIOMA MS","robots":{"index":"index","follow":"follow","max-snippet":"max-snippet:-1","max-image-preview":"max-image-preview:large","max-video-preview":"max-video-preview:-1"},"canonical":"https:\/\/www.axiomams.eu\/et\/produktas\/hioki-rm3544-mahise-ommeter","og_locale":"et_EE","og_type":"article","og_title":"HIOKI RM3544 m\u00e4hise ommeter - AXIOMA MS","og_description":"Hioki RM3544 on suure t\u00e4psusega alalisvoolu takistuse m\u00f5\u00f5tur, mis on m\u00f5eldud t\u00f5husaks ja usaldusv\u00e4\u00e4rseks testimiseks tootmisliinidel. See sobib ideaalselt mootorite ja trafode m\u00e4histakistuse ning releede ja pistmike kontakttakistuse m\u00f5\u00f5tmiseks ning toetab nii k\u00e4sitsi kui ka automatiseeritud t\u00f6\u00f6protsesse. T\u00e4nu laiale takistuse vahemikule ja sisseehitatud temperatuurikompensatsioonile annab see t\u00e4pseid m\u00f5\u00f5tmistulemusi s\u00f5ltumata keskkonnamuutustest. T\u00e4nu m\u00fcrakindlatele omadustele ja lisavarustusele,...","og_url":"https:\/\/www.axiomams.eu\/et\/produktas\/hioki-rm3544-mahise-ommeter","og_site_name":"AXIOMA MS","article_publisher":"https:\/\/www.facebook.com\/AxiomaMS","article_modified_time":"2026-02-02T12:32:31+00:00","og_image":[{"width":1040,"height":694,"url":"https:\/\/www.axiomams.eu\/wp-content\/uploads\/2025\/07\/4641-5972.jpg","type":"image\/jpeg"}],"twitter_card":"summary_large_image","twitter_misc":{"Est. reading time":"1 minut"},"schema":{"@context":"https:\/\/schema.org","@graph":[{"@type":"WebPage","@id":"https:\/\/www.axiomams.eu\/et\/produktas\/hioki-rm3544-mahise-ommeter","url":"https:\/\/www.axiomams.eu\/et\/produktas\/hioki-rm3544-mahise-ommeter","name":"HIOKI RM3544 m\u00e4hise ommeter - AXIOMA MS","isPartOf":{"@id":"https:\/\/www.axiomams.eu\/et#website"},"primaryImageOfPage":{"@id":"https:\/\/www.axiomams.eu\/et\/produktas\/hioki-rm3544-mahise-ommeter#primaryimage"},"image":{"@id":"https:\/\/www.axiomams.eu\/et\/produktas\/hioki-rm3544-mahise-ommeter#primaryimage"},"thumbnailUrl":"https:\/\/www.axiomams.eu\/wp-content\/uploads\/2025\/07\/4641-5972.jpg","datePublished":"2025-07-08T07:46:16+00:00","dateModified":"2026-02-02T12:32:31+00:00","breadcrumb":{"@id":"https:\/\/www.axiomams.eu\/et\/produktas\/hioki-rm3544-mahise-ommeter#breadcrumb"},"inLanguage":"et","potentialAction":[{"@type":"ReadAction","target":["https:\/\/www.axiomams.eu\/et\/produktas\/hioki-rm3544-mahise-ommeter"]}]},{"@type":"ImageObject","inLanguage":"et","@id":"https:\/\/www.axiomams.eu\/et\/produktas\/hioki-rm3544-mahise-ommeter#primaryimage","url":"https:\/\/www.axiomams.eu\/wp-content\/uploads\/2025\/07\/4641-5972.jpg","contentUrl":"https:\/\/www.axiomams.eu\/wp-content\/uploads\/2025\/07\/4641-5972.jpg","width":1040,"height":694},{"@type":"BreadcrumbList","@id":"https:\/\/www.axiomams.eu\/et\/produktas\/hioki-rm3544-mahise-ommeter#breadcrumb","itemListElement":[{"@type":"ListItem","position":1,"name":"Home","item":"https:\/\/www.axiomams.eu\/et"},{"@type":"ListItem","position":2,"name":"Tooted","item":"https:\/\/www.axiomams.eu\/et\/tooted"},{"@type":"ListItem","position":3,"name":"HIOKI RM3544 m\u00e4hise ommeter"}]},{"@type":"WebSite","@id":"https:\/\/www.axiomams.eu\/et#website","url":"https:\/\/www.axiomams.eu\/et","name":"AXIOMA MS","description":"Terrmovizoriai ir matavimo \u012franga","publisher":{"@id":"https:\/\/www.axiomams.eu\/et#organization"},"potentialAction":[{"@type":"SearchAction","target":{"@type":"EntryPoint","urlTemplate":"https:\/\/www.axiomams.eu\/et?s={search_term_string}"},"query-input":{"@type":"PropertyValueSpecification","valueRequired":true,"valueName":"search_term_string"}}],"inLanguage":"et"},{"@type":"Organization","@id":"https:\/\/www.axiomams.eu\/et#organization","name":"AXIOMA MS","url":"https:\/\/www.axiomams.eu\/et","logo":{"@type":"ImageObject","inLanguage":"et","@id":"https:\/\/www.axiomams.eu\/et#\/schema\/logo\/image\/","url":"https:\/\/www.axiomams.eu\/wp-content\/uploads\/2025\/06\/axioma-logo-2.png","contentUrl":"https:\/\/www.axiomams.eu\/wp-content\/uploads\/2025\/06\/axioma-logo-2.png","width":1200,"height":1200,"caption":"AXIOMA MS"},"image":{"@id":"https:\/\/www.axiomams.eu\/et#\/schema\/logo\/image\/"},"sameAs":["https:\/\/www.facebook.com\/AxiomaMS","https:\/\/www.linkedin.com\/company\/axiomams\/"]}]}},"_links":{"self":[{"href":"https:\/\/www.axiomams.eu\/et\/wp-json\/wp\/v2\/product\/40450","targetHints":{"allow":["GET"]}}],"collection":[{"href":"https:\/\/www.axiomams.eu\/et\/wp-json\/wp\/v2\/product"}],"about":[{"href":"https:\/\/www.axiomams.eu\/et\/wp-json\/wp\/v2\/types\/product"}],"replies":[{"embeddable":true,"href":"https:\/\/www.axiomams.eu\/et\/wp-json\/wp\/v2\/comments?post=40450"}],"wp:featuredmedia":[{"embeddable":true,"href":"https:\/\/www.axiomams.eu\/et\/wp-json\/wp\/v2\/media\/42418"}],"wp:attachment":[{"href":"https:\/\/www.axiomams.eu\/et\/wp-json\/wp\/v2\/media?parent=40450"}],"wp:term":[{"taxonomy":"product_brand","embeddable":true,"href":"https:\/\/www.axiomams.eu\/et\/wp-json\/wp\/v2\/product_brand?post=40450"},{"taxonomy":"product_cat","embeddable":true,"href":"https:\/\/www.axiomams.eu\/et\/wp-json\/wp\/v2\/product_cat?post=40450"},{"taxonomy":"product_tag","embeddable":true,"href":"https:\/\/www.axiomams.eu\/et\/wp-json\/wp\/v2\/product_tag?post=40450"}],"curies":[{"name":"wp","href":"https:\/\/api.w.org\/{rel}","templated":true}]}}