{"id":40457,"date":"2025-05-15T18:07:20","date_gmt":"2025-05-15T16:07:20","guid":{"rendered":"https:\/\/www.axiomams.eu\/produktas\/dvpower-rmo-th-mahise-ommeter"},"modified":"2026-02-02T14:32:35","modified_gmt":"2026-02-02T12:32:35","slug":"dvpower-rmo-th-mahise-ommeter","status":"publish","type":"product","link":"https:\/\/www.axiomams.eu\/et\/produktas\/dvpower-rmo-th-mahise-ommeter","title":{"rendered":"DVpower RMO-TH m\u00e4hise ommeter"},"content":{"rendered":"<p>RMO-TH on k\u00e4eshoitav, akutoitel t\u00f6\u00f6tav t\u00e4isautomaatne testikomplekt, mis on spetsiaalselt m\u00f5eldud trafode ja muude induktiivsete objektide, n\u00e4iteks mootorite ja generaatorite m\u00e4histe takistuse m\u00f5\u00f5tmiseks. Sellega saab teostada ka trafode, mootorite ja generaatorite demagnetiseerimist.<br \/>\nM\u00e4hise takistus m\u00e4\u00e4ratakse, sisestades alalisvoolu l\u00e4bi m\u00e4hise, m\u00f5\u00f5tes t\u00e4pselt alalispinget m\u00e4hise kohal ja arvutades seej\u00e4rel takistuse pinge ja voolu suhtena.<br \/>\nSeade genereerib t\u00f5elist lainetusvaba alalisvoolu. Nii voolu sisestamine kui ka energia v\u00e4ljastamine trafo magnetahelast on automaatselt reguleeritud.<\/p>\n<p>Standardkomplekt: K\u00e4eshoitav m\u00e4hise ohmim\u00f5\u00f5tur RMO-TH, Windows-p\u00f5hine DV-TR arvutitarkvara, toiteadapter, transpordikott, kandev\u00f6\u00f6d.<\/p>\n<h3>Tehniline teave:<\/h3>\n<ul>\n<li><a href=\"https:\/\/axiomams.eu\/importer\/export\/attachments\/en\/dvpower-rmo-th.pdf\" target=\"_blank\">DVPower RMO-TH.pdf<\/a><\/li>\n<\/ul>\n","protected":false},"excerpt":{"rendered":"<p>RMO-TH on k\u00e4eshoitav, akutoitel t\u00f6\u00f6tav t\u00e4isautomaatne testikomplekt, mis on spetsiaalselt m\u00f5eldud trafode ja muude induktiivsete objektide, n\u00e4iteks mootorite ja generaatorite m\u00e4histe takistuse m\u00f5\u00f5tmiseks. Sellega saab teostada ka trafode, mootorite ja generaatorite demagnetiseerimist. M\u00e4hise takistus m\u00e4\u00e4ratakse, sisestades alalisvoolu l\u00e4bi m\u00e4hise, m\u00f5\u00f5tes t\u00e4pselt alalispinget m\u00e4hise kohal ja arvutades seej\u00e4rel takistuse pinge ja voolu suhtena. Seade genereerib t\u00f5elist&#8230;<\/p>\n","protected":false},"featured_media":42432,"comment_status":"open","ping_status":"closed","template":"","meta":{"_acf_changed":false},"product_brand":[1238],"product_cat":[17779],"product_tag":[],"class_list":{"0":"post-40457","1":"product","2":"type-product","3":"status-publish","4":"has-post-thumbnail","6":"product_brand-dvpower","7":"product_cat-elektriliste-seadmete-katsetamiseks-ja-testimiseks","9":"first","10":"instock","11":"taxable","12":"shipping-taxable","13":"product-type-simple"},"acf":[],"yoast_head":"<!-- This site is optimized with the Yoast SEO plugin v27.0 - https:\/\/yoast.com\/product\/yoast-seo-wordpress\/ -->\n<title>DVpower RMO-TH m\u00e4hise ommeter - AXIOMA MS<\/title>\n<meta name=\"robots\" content=\"index, follow, max-snippet:-1, max-image-preview:large, max-video-preview:-1\" \/>\n<link rel=\"canonical\" href=\"https:\/\/www.axiomams.eu\/et\/produktas\/dvpower-rmo-th-mahise-ommeter\" \/>\n<meta property=\"og:locale\" content=\"et_EE\" \/>\n<meta property=\"og:type\" content=\"article\" \/>\n<meta property=\"og:title\" content=\"DVpower RMO-TH m\u00e4hise ommeter - AXIOMA MS\" \/>\n<meta property=\"og:description\" content=\"RMO-TH on k\u00e4eshoitav, akutoitel t\u00f6\u00f6tav t\u00e4isautomaatne testikomplekt, mis on spetsiaalselt m\u00f5eldud trafode ja muude induktiivsete objektide, n\u00e4iteks mootorite ja generaatorite m\u00e4histe takistuse m\u00f5\u00f5tmiseks. Sellega saab teostada ka trafode, mootorite ja generaatorite demagnetiseerimist. M\u00e4hise takistus m\u00e4\u00e4ratakse, sisestades alalisvoolu l\u00e4bi m\u00e4hise, m\u00f5\u00f5tes t\u00e4pselt alalispinget m\u00e4hise kohal ja arvutades seej\u00e4rel takistuse pinge ja voolu suhtena. Seade genereerib t\u00f5elist...\" \/>\n<meta property=\"og:url\" content=\"https:\/\/www.axiomams.eu\/et\/produktas\/dvpower-rmo-th-mahise-ommeter\" \/>\n<meta property=\"og:site_name\" content=\"AXIOMA MS\" \/>\n<meta property=\"article:publisher\" content=\"https:\/\/www.facebook.com\/AxiomaMS\" \/>\n<meta property=\"article:modified_time\" content=\"2026-02-02T12:32:35+00:00\" \/>\n<meta property=\"og:image\" content=\"https:\/\/www.axiomams.eu\/wp-content\/uploads\/2025\/07\/3393-4537.jpg\" \/>\n\t<meta property=\"og:image:width\" content=\"615\" \/>\n\t<meta property=\"og:image:height\" content=\"1020\" \/>\n\t<meta property=\"og:image:type\" content=\"image\/jpeg\" \/>\n<meta name=\"twitter:card\" content=\"summary_large_image\" \/>\n<meta name=\"twitter:label1\" content=\"Est. reading time\" \/>\n\t<meta name=\"twitter:data1\" content=\"1 minut\" \/>\n<script type=\"application\/ld+json\" class=\"yoast-schema-graph\">{\"@context\":\"https:\/\/schema.org\",\"@graph\":[{\"@type\":\"WebPage\",\"@id\":\"https:\/\/www.axiomams.eu\/et\/produktas\/dvpower-rmo-th-mahise-ommeter\",\"url\":\"https:\/\/www.axiomams.eu\/et\/produktas\/dvpower-rmo-th-mahise-ommeter\",\"name\":\"DVpower RMO-TH m\u00e4hise ommeter - AXIOMA MS\",\"isPartOf\":{\"@id\":\"https:\/\/www.axiomams.eu\/et#website\"},\"primaryImageOfPage\":{\"@id\":\"https:\/\/www.axiomams.eu\/et\/produktas\/dvpower-rmo-th-mahise-ommeter#primaryimage\"},\"image\":{\"@id\":\"https:\/\/www.axiomams.eu\/et\/produktas\/dvpower-rmo-th-mahise-ommeter#primaryimage\"},\"thumbnailUrl\":\"https:\/\/www.axiomams.eu\/wp-content\/uploads\/2025\/07\/3393-4537.jpg\",\"datePublished\":\"2025-05-15T16:07:20+00:00\",\"dateModified\":\"2026-02-02T12:32:35+00:00\",\"breadcrumb\":{\"@id\":\"https:\/\/www.axiomams.eu\/et\/produktas\/dvpower-rmo-th-mahise-ommeter#breadcrumb\"},\"inLanguage\":\"et\",\"potentialAction\":[{\"@type\":\"ReadAction\",\"target\":[\"https:\/\/www.axiomams.eu\/et\/produktas\/dvpower-rmo-th-mahise-ommeter\"]}]},{\"@type\":\"ImageObject\",\"inLanguage\":\"et\",\"@id\":\"https:\/\/www.axiomams.eu\/et\/produktas\/dvpower-rmo-th-mahise-ommeter#primaryimage\",\"url\":\"https:\/\/www.axiomams.eu\/wp-content\/uploads\/2025\/07\/3393-4537.jpg\",\"contentUrl\":\"https:\/\/www.axiomams.eu\/wp-content\/uploads\/2025\/07\/3393-4537.jpg\",\"width\":615,\"height\":1020},{\"@type\":\"BreadcrumbList\",\"@id\":\"https:\/\/www.axiomams.eu\/et\/produktas\/dvpower-rmo-th-mahise-ommeter#breadcrumb\",\"itemListElement\":[{\"@type\":\"ListItem\",\"position\":1,\"name\":\"Home\",\"item\":\"https:\/\/www.axiomams.eu\/et\"},{\"@type\":\"ListItem\",\"position\":2,\"name\":\"Tooted\",\"item\":\"https:\/\/www.axiomams.eu\/et\/tooted\"},{\"@type\":\"ListItem\",\"position\":3,\"name\":\"DVpower RMO-TH m\u00e4hise ommeter\"}]},{\"@type\":\"WebSite\",\"@id\":\"https:\/\/www.axiomams.eu\/et#website\",\"url\":\"https:\/\/www.axiomams.eu\/et\",\"name\":\"AXIOMA MS\",\"description\":\"Terrmovizoriai ir matavimo \u012franga\",\"publisher\":{\"@id\":\"https:\/\/www.axiomams.eu\/et#organization\"},\"potentialAction\":[{\"@type\":\"SearchAction\",\"target\":{\"@type\":\"EntryPoint\",\"urlTemplate\":\"https:\/\/www.axiomams.eu\/et?s={search_term_string}\"},\"query-input\":{\"@type\":\"PropertyValueSpecification\",\"valueRequired\":true,\"valueName\":\"search_term_string\"}}],\"inLanguage\":\"et\"},{\"@type\":\"Organization\",\"@id\":\"https:\/\/www.axiomams.eu\/et#organization\",\"name\":\"AXIOMA MS\",\"url\":\"https:\/\/www.axiomams.eu\/et\",\"logo\":{\"@type\":\"ImageObject\",\"inLanguage\":\"et\",\"@id\":\"https:\/\/www.axiomams.eu\/et#\/schema\/logo\/image\/\",\"url\":\"https:\/\/www.axiomams.eu\/wp-content\/uploads\/2025\/06\/axioma-logo-2.png\",\"contentUrl\":\"https:\/\/www.axiomams.eu\/wp-content\/uploads\/2025\/06\/axioma-logo-2.png\",\"width\":1200,\"height\":1200,\"caption\":\"AXIOMA MS\"},\"image\":{\"@id\":\"https:\/\/www.axiomams.eu\/et#\/schema\/logo\/image\/\"},\"sameAs\":[\"https:\/\/www.facebook.com\/AxiomaMS\",\"https:\/\/www.linkedin.com\/company\/axiomams\/\"]}]}<\/script>\n<!-- \/ Yoast SEO plugin. -->","yoast_head_json":{"title":"DVpower RMO-TH m\u00e4hise ommeter - AXIOMA MS","robots":{"index":"index","follow":"follow","max-snippet":"max-snippet:-1","max-image-preview":"max-image-preview:large","max-video-preview":"max-video-preview:-1"},"canonical":"https:\/\/www.axiomams.eu\/et\/produktas\/dvpower-rmo-th-mahise-ommeter","og_locale":"et_EE","og_type":"article","og_title":"DVpower RMO-TH m\u00e4hise ommeter - AXIOMA MS","og_description":"RMO-TH on k\u00e4eshoitav, akutoitel t\u00f6\u00f6tav t\u00e4isautomaatne testikomplekt, mis on spetsiaalselt m\u00f5eldud trafode ja muude induktiivsete objektide, n\u00e4iteks mootorite ja generaatorite m\u00e4histe takistuse m\u00f5\u00f5tmiseks. Sellega saab teostada ka trafode, mootorite ja generaatorite demagnetiseerimist. M\u00e4hise takistus m\u00e4\u00e4ratakse, sisestades alalisvoolu l\u00e4bi m\u00e4hise, m\u00f5\u00f5tes t\u00e4pselt alalispinget m\u00e4hise kohal ja arvutades seej\u00e4rel takistuse pinge ja voolu suhtena. Seade genereerib t\u00f5elist...","og_url":"https:\/\/www.axiomams.eu\/et\/produktas\/dvpower-rmo-th-mahise-ommeter","og_site_name":"AXIOMA MS","article_publisher":"https:\/\/www.facebook.com\/AxiomaMS","article_modified_time":"2026-02-02T12:32:35+00:00","og_image":[{"width":615,"height":1020,"url":"https:\/\/www.axiomams.eu\/wp-content\/uploads\/2025\/07\/3393-4537.jpg","type":"image\/jpeg"}],"twitter_card":"summary_large_image","twitter_misc":{"Est. reading time":"1 minut"},"schema":{"@context":"https:\/\/schema.org","@graph":[{"@type":"WebPage","@id":"https:\/\/www.axiomams.eu\/et\/produktas\/dvpower-rmo-th-mahise-ommeter","url":"https:\/\/www.axiomams.eu\/et\/produktas\/dvpower-rmo-th-mahise-ommeter","name":"DVpower RMO-TH m\u00e4hise ommeter - AXIOMA MS","isPartOf":{"@id":"https:\/\/www.axiomams.eu\/et#website"},"primaryImageOfPage":{"@id":"https:\/\/www.axiomams.eu\/et\/produktas\/dvpower-rmo-th-mahise-ommeter#primaryimage"},"image":{"@id":"https:\/\/www.axiomams.eu\/et\/produktas\/dvpower-rmo-th-mahise-ommeter#primaryimage"},"thumbnailUrl":"https:\/\/www.axiomams.eu\/wp-content\/uploads\/2025\/07\/3393-4537.jpg","datePublished":"2025-05-15T16:07:20+00:00","dateModified":"2026-02-02T12:32:35+00:00","breadcrumb":{"@id":"https:\/\/www.axiomams.eu\/et\/produktas\/dvpower-rmo-th-mahise-ommeter#breadcrumb"},"inLanguage":"et","potentialAction":[{"@type":"ReadAction","target":["https:\/\/www.axiomams.eu\/et\/produktas\/dvpower-rmo-th-mahise-ommeter"]}]},{"@type":"ImageObject","inLanguage":"et","@id":"https:\/\/www.axiomams.eu\/et\/produktas\/dvpower-rmo-th-mahise-ommeter#primaryimage","url":"https:\/\/www.axiomams.eu\/wp-content\/uploads\/2025\/07\/3393-4537.jpg","contentUrl":"https:\/\/www.axiomams.eu\/wp-content\/uploads\/2025\/07\/3393-4537.jpg","width":615,"height":1020},{"@type":"BreadcrumbList","@id":"https:\/\/www.axiomams.eu\/et\/produktas\/dvpower-rmo-th-mahise-ommeter#breadcrumb","itemListElement":[{"@type":"ListItem","position":1,"name":"Home","item":"https:\/\/www.axiomams.eu\/et"},{"@type":"ListItem","position":2,"name":"Tooted","item":"https:\/\/www.axiomams.eu\/et\/tooted"},{"@type":"ListItem","position":3,"name":"DVpower RMO-TH m\u00e4hise ommeter"}]},{"@type":"WebSite","@id":"https:\/\/www.axiomams.eu\/et#website","url":"https:\/\/www.axiomams.eu\/et","name":"AXIOMA MS","description":"Terrmovizoriai ir matavimo \u012franga","publisher":{"@id":"https:\/\/www.axiomams.eu\/et#organization"},"potentialAction":[{"@type":"SearchAction","target":{"@type":"EntryPoint","urlTemplate":"https:\/\/www.axiomams.eu\/et?s={search_term_string}"},"query-input":{"@type":"PropertyValueSpecification","valueRequired":true,"valueName":"search_term_string"}}],"inLanguage":"et"},{"@type":"Organization","@id":"https:\/\/www.axiomams.eu\/et#organization","name":"AXIOMA MS","url":"https:\/\/www.axiomams.eu\/et","logo":{"@type":"ImageObject","inLanguage":"et","@id":"https:\/\/www.axiomams.eu\/et#\/schema\/logo\/image\/","url":"https:\/\/www.axiomams.eu\/wp-content\/uploads\/2025\/06\/axioma-logo-2.png","contentUrl":"https:\/\/www.axiomams.eu\/wp-content\/uploads\/2025\/06\/axioma-logo-2.png","width":1200,"height":1200,"caption":"AXIOMA MS"},"image":{"@id":"https:\/\/www.axiomams.eu\/et#\/schema\/logo\/image\/"},"sameAs":["https:\/\/www.facebook.com\/AxiomaMS","https:\/\/www.linkedin.com\/company\/axiomams\/"]}]}},"_links":{"self":[{"href":"https:\/\/www.axiomams.eu\/et\/wp-json\/wp\/v2\/product\/40457","targetHints":{"allow":["GET"]}}],"collection":[{"href":"https:\/\/www.axiomams.eu\/et\/wp-json\/wp\/v2\/product"}],"about":[{"href":"https:\/\/www.axiomams.eu\/et\/wp-json\/wp\/v2\/types\/product"}],"replies":[{"embeddable":true,"href":"https:\/\/www.axiomams.eu\/et\/wp-json\/wp\/v2\/comments?post=40457"}],"wp:featuredmedia":[{"embeddable":true,"href":"https:\/\/www.axiomams.eu\/et\/wp-json\/wp\/v2\/media\/42432"}],"wp:attachment":[{"href":"https:\/\/www.axiomams.eu\/et\/wp-json\/wp\/v2\/media?parent=40457"}],"wp:term":[{"taxonomy":"product_brand","embeddable":true,"href":"https:\/\/www.axiomams.eu\/et\/wp-json\/wp\/v2\/product_brand?post=40457"},{"taxonomy":"product_cat","embeddable":true,"href":"https:\/\/www.axiomams.eu\/et\/wp-json\/wp\/v2\/product_cat?post=40457"},{"taxonomy":"product_tag","embeddable":true,"href":"https:\/\/www.axiomams.eu\/et\/wp-json\/wp\/v2\/product_tag?post=40457"}],"curies":[{"name":"wp","href":"https:\/\/api.w.org\/{rel}","templated":true}]}}