{"id":40461,"date":"2025-05-15T18:07:21","date_gmt":"2025-05-15T16:07:21","guid":{"rendered":"https:\/\/www.axiomams.eu\/produktas\/ametek-rtct-157-temperatuuri-kalibraator"},"modified":"2026-02-02T14:32:36","modified_gmt":"2026-02-02T12:32:36","slug":"ametek-rtct-157-temperatuuri-kalibraator","status":"publish","type":"product","link":"https:\/\/www.axiomams.eu\/et\/produktas\/ametek-rtct-157-temperatuuri-kalibraator","title":{"rendered":"Ametek RTCt-157 &#8211; temperatuuri kalibraator"},"content":{"rendered":"<p>T\u00e4iustatud ekraan ja intuitiivne puuteekraan<br \/>\nRTCt-l on suur, eluj\u00f5uline p\u00f5hiekraan ja uus puutetundlik kasutajaliides. Koos kohandamisv\u00f5imalustega v\u00f5imaldab see uuendatud kasutajaliides optimeerida kalibreerimis\u00fclesandeid, v\u00e4hendades seadistamisaega ja lihtsustades toiminguid.<\/p>\n<p>Laiendatud \u00fchenduvus kaugjuurdep\u00e4\u00e4suks<br \/>\nLisaks USB- ja Ethernet-\u00fchendustele on RTCt-l n\u00fc\u00fcd ka Wi-Fi-\u00fchendus, mis v\u00f5imaldab kaugjuhtimist k\u00f5ikjalt. Olenemata sellest, kas olete teises ruumis v\u00f5i j\u00e4lgite kaugelt, RTCt \u00fchendusv\u00f5imalused tagavad, et saate kalibreerimisi teha ilma kohapealse vajaduseta, mis on ideaalne raskesti ligip\u00e4\u00e4setavates v\u00f5i tundlikes kohtades.<\/p>\n<p>Kaks anduri sisendit t\u00f5hususe suurendamiseks<br \/>\nN\u00fc\u00fcd on RTCt varustatud kahe anduri sisendpordiga, mis v\u00f5imaldab mitme anduri samaaegset kalibreerimist. See v\u00f5imas funktsioon suurendab t\u00f5husust, aidates teil keerulisi kalibreerimisi kiiresti ja t\u00e4pselt l\u00f5pule viia.<\/p>\n<p><iframe loading=\"lazy\" width=\"560\" height=\"315\" src=\"https:\/\/www.youtube.com\/embed\/FEIYnEiEwwE?si=UFSinYLz4r1YEfsi\" title=\"YouTube videopleier\" frameborder=\"0\" allow=\"accelerometer; autoplay; clipboard-write; encrypted-media; gyroscope; picture-in-picture; web-share\" referrerpolicy=\"strict-origin-when-cross-origin\" allowfullscreen><\/iframe><\/p>\n<h3>Tehniline teave:<\/h3>\n<ul>\n<li><a href=\"https:\/\/axiomams.eu\/importer\/export\/attachments\/en\/ametek-rtct-156-157.pdf\" target=\"_blank\">Ametek RTCt-156 157.pdf<\/a><\/li>\n<\/ul>\n","protected":false},"excerpt":{"rendered":"<p>T\u00e4iustatud ekraan ja intuitiivne puuteekraan RTCt-l on suur, eluj\u00f5uline p\u00f5hiekraan ja uus puutetundlik kasutajaliides. Koos kohandamisv\u00f5imalustega v\u00f5imaldab see uuendatud kasutajaliides optimeerida kalibreerimis\u00fclesandeid, v\u00e4hendades seadistamisaega ja lihtsustades toiminguid. Laiendatud \u00fchenduvus kaugjuurdep\u00e4\u00e4suks Lisaks USB- ja Ethernet-\u00fchendustele on RTCt-l n\u00fc\u00fcd ka Wi-Fi-\u00fchendus, mis v\u00f5imaldab kaugjuhtimist k\u00f5ikjalt. Olenemata sellest, kas olete teises ruumis v\u00f5i j\u00e4lgite kaugelt, RTCt \u00fchendusv\u00f5imalused tagavad,&#8230;<\/p>\n","protected":false},"featured_media":42440,"comment_status":"open","ping_status":"closed","template":"","meta":{"_acf_changed":false},"product_brand":[1202],"product_cat":[17811],"product_tag":[],"class_list":{"0":"post-40461","1":"product","2":"type-product","3":"status-publish","4":"has-post-thumbnail","6":"product_brand-ametek","7":"product_cat-protsessi-ja-temperatuuri-kalibreerimiseks","9":"first","10":"instock","11":"taxable","12":"shipping-taxable","13":"product-type-simple"},"acf":[],"yoast_head":"<!-- This site is optimized with the Yoast SEO plugin v27.0 - https:\/\/yoast.com\/product\/yoast-seo-wordpress\/ -->\n<title>Ametek RTCt-157 - temperatuuri kalibraator - AXIOMA MS<\/title>\n<meta name=\"robots\" content=\"index, follow, max-snippet:-1, max-image-preview:large, max-video-preview:-1\" \/>\n<link rel=\"canonical\" href=\"https:\/\/www.axiomams.eu\/et\/produktas\/ametek-rtct-157-temperatuuri-kalibraator\" \/>\n<meta property=\"og:locale\" content=\"et_EE\" \/>\n<meta property=\"og:type\" content=\"article\" \/>\n<meta property=\"og:title\" content=\"Ametek RTCt-157 - temperatuuri kalibraator - AXIOMA MS\" \/>\n<meta property=\"og:description\" content=\"T\u00e4iustatud ekraan ja intuitiivne puuteekraan RTCt-l on suur, eluj\u00f5uline p\u00f5hiekraan ja uus puutetundlik kasutajaliides. Koos kohandamisv\u00f5imalustega v\u00f5imaldab see uuendatud kasutajaliides optimeerida kalibreerimis\u00fclesandeid, v\u00e4hendades seadistamisaega ja lihtsustades toiminguid. Laiendatud \u00fchenduvus kaugjuurdep\u00e4\u00e4suks Lisaks USB- ja Ethernet-\u00fchendustele on RTCt-l n\u00fc\u00fcd ka Wi-Fi-\u00fchendus, mis v\u00f5imaldab kaugjuhtimist k\u00f5ikjalt. Olenemata sellest, kas olete teises ruumis v\u00f5i j\u00e4lgite kaugelt, RTCt \u00fchendusv\u00f5imalused tagavad,...\" \/>\n<meta property=\"og:url\" content=\"https:\/\/www.axiomams.eu\/et\/produktas\/ametek-rtct-157-temperatuuri-kalibraator\" \/>\n<meta property=\"og:site_name\" content=\"AXIOMA MS\" \/>\n<meta property=\"article:publisher\" content=\"https:\/\/www.facebook.com\/AxiomaMS\" \/>\n<meta property=\"article:modified_time\" content=\"2026-02-02T12:32:36+00:00\" \/>\n<meta property=\"og:image\" content=\"https:\/\/www.axiomams.eu\/wp-content\/uploads\/2025\/07\/4608-5926.jpg\" \/>\n\t<meta property=\"og:image:width\" content=\"1084\" \/>\n\t<meta property=\"og:image:height\" content=\"1020\" \/>\n\t<meta property=\"og:image:type\" content=\"image\/jpeg\" \/>\n<meta name=\"twitter:card\" content=\"summary_large_image\" \/>\n<meta name=\"twitter:label1\" content=\"Est. reading time\" \/>\n\t<meta name=\"twitter:data1\" content=\"1 minut\" \/>\n<script type=\"application\/ld+json\" class=\"yoast-schema-graph\">{\"@context\":\"https:\/\/schema.org\",\"@graph\":[{\"@type\":\"WebPage\",\"@id\":\"https:\/\/www.axiomams.eu\/et\/produktas\/ametek-rtct-157-temperatuuri-kalibraator\",\"url\":\"https:\/\/www.axiomams.eu\/et\/produktas\/ametek-rtct-157-temperatuuri-kalibraator\",\"name\":\"Ametek RTCt-157 - temperatuuri kalibraator - AXIOMA MS\",\"isPartOf\":{\"@id\":\"https:\/\/www.axiomams.eu\/et#website\"},\"primaryImageOfPage\":{\"@id\":\"https:\/\/www.axiomams.eu\/et\/produktas\/ametek-rtct-157-temperatuuri-kalibraator#primaryimage\"},\"image\":{\"@id\":\"https:\/\/www.axiomams.eu\/et\/produktas\/ametek-rtct-157-temperatuuri-kalibraator#primaryimage\"},\"thumbnailUrl\":\"https:\/\/www.axiomams.eu\/wp-content\/uploads\/2025\/07\/4608-5926.jpg\",\"datePublished\":\"2025-05-15T16:07:21+00:00\",\"dateModified\":\"2026-02-02T12:32:36+00:00\",\"breadcrumb\":{\"@id\":\"https:\/\/www.axiomams.eu\/et\/produktas\/ametek-rtct-157-temperatuuri-kalibraator#breadcrumb\"},\"inLanguage\":\"et\",\"potentialAction\":[{\"@type\":\"ReadAction\",\"target\":[\"https:\/\/www.axiomams.eu\/et\/produktas\/ametek-rtct-157-temperatuuri-kalibraator\"]}]},{\"@type\":\"ImageObject\",\"inLanguage\":\"et\",\"@id\":\"https:\/\/www.axiomams.eu\/et\/produktas\/ametek-rtct-157-temperatuuri-kalibraator#primaryimage\",\"url\":\"https:\/\/www.axiomams.eu\/wp-content\/uploads\/2025\/07\/4608-5926.jpg\",\"contentUrl\":\"https:\/\/www.axiomams.eu\/wp-content\/uploads\/2025\/07\/4608-5926.jpg\",\"width\":1084,\"height\":1020},{\"@type\":\"BreadcrumbList\",\"@id\":\"https:\/\/www.axiomams.eu\/et\/produktas\/ametek-rtct-157-temperatuuri-kalibraator#breadcrumb\",\"itemListElement\":[{\"@type\":\"ListItem\",\"position\":1,\"name\":\"Home\",\"item\":\"https:\/\/www.axiomams.eu\/et\"},{\"@type\":\"ListItem\",\"position\":2,\"name\":\"Tooted\",\"item\":\"https:\/\/www.axiomams.eu\/et\/tooted\"},{\"@type\":\"ListItem\",\"position\":3,\"name\":\"Ametek RTCt-157 &#8211; temperatuuri kalibraator\"}]},{\"@type\":\"WebSite\",\"@id\":\"https:\/\/www.axiomams.eu\/et#website\",\"url\":\"https:\/\/www.axiomams.eu\/et\",\"name\":\"AXIOMA MS\",\"description\":\"Terrmovizoriai ir matavimo \u012franga\",\"publisher\":{\"@id\":\"https:\/\/www.axiomams.eu\/et#organization\"},\"potentialAction\":[{\"@type\":\"SearchAction\",\"target\":{\"@type\":\"EntryPoint\",\"urlTemplate\":\"https:\/\/www.axiomams.eu\/et?s={search_term_string}\"},\"query-input\":{\"@type\":\"PropertyValueSpecification\",\"valueRequired\":true,\"valueName\":\"search_term_string\"}}],\"inLanguage\":\"et\"},{\"@type\":\"Organization\",\"@id\":\"https:\/\/www.axiomams.eu\/et#organization\",\"name\":\"AXIOMA MS\",\"url\":\"https:\/\/www.axiomams.eu\/et\",\"logo\":{\"@type\":\"ImageObject\",\"inLanguage\":\"et\",\"@id\":\"https:\/\/www.axiomams.eu\/et#\/schema\/logo\/image\/\",\"url\":\"https:\/\/www.axiomams.eu\/wp-content\/uploads\/2025\/06\/axioma-logo-2.png\",\"contentUrl\":\"https:\/\/www.axiomams.eu\/wp-content\/uploads\/2025\/06\/axioma-logo-2.png\",\"width\":1200,\"height\":1200,\"caption\":\"AXIOMA MS\"},\"image\":{\"@id\":\"https:\/\/www.axiomams.eu\/et#\/schema\/logo\/image\/\"},\"sameAs\":[\"https:\/\/www.facebook.com\/AxiomaMS\",\"https:\/\/www.linkedin.com\/company\/axiomams\/\"]}]}<\/script>\n<!-- \/ Yoast SEO plugin. -->","yoast_head_json":{"title":"Ametek RTCt-157 - temperatuuri kalibraator - AXIOMA MS","robots":{"index":"index","follow":"follow","max-snippet":"max-snippet:-1","max-image-preview":"max-image-preview:large","max-video-preview":"max-video-preview:-1"},"canonical":"https:\/\/www.axiomams.eu\/et\/produktas\/ametek-rtct-157-temperatuuri-kalibraator","og_locale":"et_EE","og_type":"article","og_title":"Ametek RTCt-157 - temperatuuri kalibraator - AXIOMA MS","og_description":"T\u00e4iustatud ekraan ja intuitiivne puuteekraan RTCt-l on suur, eluj\u00f5uline p\u00f5hiekraan ja uus puutetundlik kasutajaliides. Koos kohandamisv\u00f5imalustega v\u00f5imaldab see uuendatud kasutajaliides optimeerida kalibreerimis\u00fclesandeid, v\u00e4hendades seadistamisaega ja lihtsustades toiminguid. Laiendatud \u00fchenduvus kaugjuurdep\u00e4\u00e4suks Lisaks USB- ja Ethernet-\u00fchendustele on RTCt-l n\u00fc\u00fcd ka Wi-Fi-\u00fchendus, mis v\u00f5imaldab kaugjuhtimist k\u00f5ikjalt. Olenemata sellest, kas olete teises ruumis v\u00f5i j\u00e4lgite kaugelt, RTCt \u00fchendusv\u00f5imalused tagavad,...","og_url":"https:\/\/www.axiomams.eu\/et\/produktas\/ametek-rtct-157-temperatuuri-kalibraator","og_site_name":"AXIOMA MS","article_publisher":"https:\/\/www.facebook.com\/AxiomaMS","article_modified_time":"2026-02-02T12:32:36+00:00","og_image":[{"width":1084,"height":1020,"url":"https:\/\/www.axiomams.eu\/wp-content\/uploads\/2025\/07\/4608-5926.jpg","type":"image\/jpeg"}],"twitter_card":"summary_large_image","twitter_misc":{"Est. reading time":"1 minut"},"schema":{"@context":"https:\/\/schema.org","@graph":[{"@type":"WebPage","@id":"https:\/\/www.axiomams.eu\/et\/produktas\/ametek-rtct-157-temperatuuri-kalibraator","url":"https:\/\/www.axiomams.eu\/et\/produktas\/ametek-rtct-157-temperatuuri-kalibraator","name":"Ametek RTCt-157 - temperatuuri kalibraator - AXIOMA MS","isPartOf":{"@id":"https:\/\/www.axiomams.eu\/et#website"},"primaryImageOfPage":{"@id":"https:\/\/www.axiomams.eu\/et\/produktas\/ametek-rtct-157-temperatuuri-kalibraator#primaryimage"},"image":{"@id":"https:\/\/www.axiomams.eu\/et\/produktas\/ametek-rtct-157-temperatuuri-kalibraator#primaryimage"},"thumbnailUrl":"https:\/\/www.axiomams.eu\/wp-content\/uploads\/2025\/07\/4608-5926.jpg","datePublished":"2025-05-15T16:07:21+00:00","dateModified":"2026-02-02T12:32:36+00:00","breadcrumb":{"@id":"https:\/\/www.axiomams.eu\/et\/produktas\/ametek-rtct-157-temperatuuri-kalibraator#breadcrumb"},"inLanguage":"et","potentialAction":[{"@type":"ReadAction","target":["https:\/\/www.axiomams.eu\/et\/produktas\/ametek-rtct-157-temperatuuri-kalibraator"]}]},{"@type":"ImageObject","inLanguage":"et","@id":"https:\/\/www.axiomams.eu\/et\/produktas\/ametek-rtct-157-temperatuuri-kalibraator#primaryimage","url":"https:\/\/www.axiomams.eu\/wp-content\/uploads\/2025\/07\/4608-5926.jpg","contentUrl":"https:\/\/www.axiomams.eu\/wp-content\/uploads\/2025\/07\/4608-5926.jpg","width":1084,"height":1020},{"@type":"BreadcrumbList","@id":"https:\/\/www.axiomams.eu\/et\/produktas\/ametek-rtct-157-temperatuuri-kalibraator#breadcrumb","itemListElement":[{"@type":"ListItem","position":1,"name":"Home","item":"https:\/\/www.axiomams.eu\/et"},{"@type":"ListItem","position":2,"name":"Tooted","item":"https:\/\/www.axiomams.eu\/et\/tooted"},{"@type":"ListItem","position":3,"name":"Ametek RTCt-157 &#8211; temperatuuri kalibraator"}]},{"@type":"WebSite","@id":"https:\/\/www.axiomams.eu\/et#website","url":"https:\/\/www.axiomams.eu\/et","name":"AXIOMA MS","description":"Terrmovizoriai ir matavimo \u012franga","publisher":{"@id":"https:\/\/www.axiomams.eu\/et#organization"},"potentialAction":[{"@type":"SearchAction","target":{"@type":"EntryPoint","urlTemplate":"https:\/\/www.axiomams.eu\/et?s={search_term_string}"},"query-input":{"@type":"PropertyValueSpecification","valueRequired":true,"valueName":"search_term_string"}}],"inLanguage":"et"},{"@type":"Organization","@id":"https:\/\/www.axiomams.eu\/et#organization","name":"AXIOMA MS","url":"https:\/\/www.axiomams.eu\/et","logo":{"@type":"ImageObject","inLanguage":"et","@id":"https:\/\/www.axiomams.eu\/et#\/schema\/logo\/image\/","url":"https:\/\/www.axiomams.eu\/wp-content\/uploads\/2025\/06\/axioma-logo-2.png","contentUrl":"https:\/\/www.axiomams.eu\/wp-content\/uploads\/2025\/06\/axioma-logo-2.png","width":1200,"height":1200,"caption":"AXIOMA MS"},"image":{"@id":"https:\/\/www.axiomams.eu\/et#\/schema\/logo\/image\/"},"sameAs":["https:\/\/www.facebook.com\/AxiomaMS","https:\/\/www.linkedin.com\/company\/axiomams\/"]}]}},"_links":{"self":[{"href":"https:\/\/www.axiomams.eu\/et\/wp-json\/wp\/v2\/product\/40461","targetHints":{"allow":["GET"]}}],"collection":[{"href":"https:\/\/www.axiomams.eu\/et\/wp-json\/wp\/v2\/product"}],"about":[{"href":"https:\/\/www.axiomams.eu\/et\/wp-json\/wp\/v2\/types\/product"}],"replies":[{"embeddable":true,"href":"https:\/\/www.axiomams.eu\/et\/wp-json\/wp\/v2\/comments?post=40461"}],"wp:featuredmedia":[{"embeddable":true,"href":"https:\/\/www.axiomams.eu\/et\/wp-json\/wp\/v2\/media\/42440"}],"wp:attachment":[{"href":"https:\/\/www.axiomams.eu\/et\/wp-json\/wp\/v2\/media?parent=40461"}],"wp:term":[{"taxonomy":"product_brand","embeddable":true,"href":"https:\/\/www.axiomams.eu\/et\/wp-json\/wp\/v2\/product_brand?post=40461"},{"taxonomy":"product_cat","embeddable":true,"href":"https:\/\/www.axiomams.eu\/et\/wp-json\/wp\/v2\/product_cat?post=40461"},{"taxonomy":"product_tag","embeddable":true,"href":"https:\/\/www.axiomams.eu\/et\/wp-json\/wp\/v2\/product_tag?post=40461"}],"curies":[{"name":"wp","href":"https:\/\/api.w.org\/{rel}","templated":true}]}}