{"id":40469,"date":"2025-05-15T18:07:29","date_gmt":"2025-05-15T16:07:29","guid":{"rendered":"https:\/\/www.axiomams.eu\/produktas\/smart-sensor-ar600e-kaabli-korguse-mootja"},"modified":"2026-02-02T14:32:40","modified_gmt":"2026-02-02T12:32:40","slug":"smart-sensor-ar600e-kaabli-korguse-mootja","status":"publish","type":"product","link":"https:\/\/www.axiomams.eu\/et\/produktas\/smart-sensor-ar600e-kaabli-korguse-mootja","title":{"rendered":"Smart Sensor AR600E kaabli k\u00f5rguse m\u00f5\u00f5tja"},"content":{"rendered":"<p>Kaasaskantav ultraheliandur Smart Sensor AR600E kiireks ja t\u00e4pseks kaablik\u00f5rguse m\u00f5\u00f5tmiseks.<\/p>\n<p>Standardkomplekt: kaabli k\u00f5rguse m\u00f5\u00f5tja, lisakinnitus (ainult horisontaalse kauguse m\u00f5\u00f5tmine), kasutusjuhend, kohver.<\/p>\n<h3>Tehniline teave:<\/h3>\n<ul>\n<li><a href=\"https:\/\/axiomams.eu\/importer\/export\/attachments\/en\/ar600e.pdf\" target=\"_blank\">AR600E.pdf<\/a><\/li>\n<\/ul>\n","protected":false},"excerpt":{"rendered":"<p>Kaasaskantav ultraheliandur Smart Sensor AR600E kiireks ja t\u00e4pseks kaablik\u00f5rguse m\u00f5\u00f5tmiseks. Standardkomplekt: kaabli k\u00f5rguse m\u00f5\u00f5tja, lisakinnitus (ainult horisontaalse kauguse m\u00f5\u00f5tmine), kasutusjuhend, kohver. Tehniline teave: AR600E.pdf<\/p>\n","protected":false},"featured_media":42456,"comment_status":"open","ping_status":"closed","template":"","meta":{"_acf_changed":false},"product_brand":[],"product_cat":[17784],"product_tag":[],"class_list":{"0":"post-40469","1":"product","2":"type-product","3":"status-publish","4":"has-post-thumbnail","6":"product_cat-elektriohutuse-tagamiseks","8":"first","9":"instock","10":"taxable","11":"shipping-taxable","12":"purchasable","13":"product-type-simple"},"acf":[],"yoast_head":"<!-- This site is optimized with the Yoast SEO plugin v27.0 - https:\/\/yoast.com\/product\/yoast-seo-wordpress\/ -->\n<title>Smart Sensor AR600E kaabli k\u00f5rguse m\u00f5\u00f5tja - AXIOMA MS<\/title>\n<meta name=\"robots\" content=\"index, follow, max-snippet:-1, max-image-preview:large, max-video-preview:-1\" \/>\n<link rel=\"canonical\" href=\"https:\/\/www.axiomams.eu\/et\/produktas\/smart-sensor-ar600e-kaabli-korguse-mootja\" \/>\n<meta property=\"og:locale\" content=\"et_EE\" \/>\n<meta property=\"og:type\" content=\"article\" \/>\n<meta property=\"og:title\" content=\"Smart Sensor AR600E kaabli k\u00f5rguse m\u00f5\u00f5tja - AXIOMA MS\" \/>\n<meta property=\"og:description\" content=\"Kaasaskantav ultraheliandur Smart Sensor AR600E kiireks ja t\u00e4pseks kaablik\u00f5rguse m\u00f5\u00f5tmiseks. Standardkomplekt: kaabli k\u00f5rguse m\u00f5\u00f5tja, lisakinnitus (ainult horisontaalse kauguse m\u00f5\u00f5tmine), kasutusjuhend, kohver. Tehniline teave: AR600E.pdf\" \/>\n<meta property=\"og:url\" content=\"https:\/\/www.axiomams.eu\/et\/produktas\/smart-sensor-ar600e-kaabli-korguse-mootja\" \/>\n<meta property=\"og:site_name\" content=\"AXIOMA MS\" \/>\n<meta property=\"article:publisher\" content=\"https:\/\/www.facebook.com\/AxiomaMS\" \/>\n<meta property=\"article:modified_time\" content=\"2026-02-02T12:32:40+00:00\" \/>\n<meta property=\"og:image\" content=\"https:\/\/www.axiomams.eu\/wp-content\/uploads\/2025\/07\/816-930.jpg\" \/>\n\t<meta property=\"og:image:width\" content=\"400\" \/>\n\t<meta property=\"og:image:height\" content=\"400\" \/>\n\t<meta property=\"og:image:type\" content=\"image\/jpeg\" \/>\n<meta name=\"twitter:card\" content=\"summary_large_image\" \/>\n<script type=\"application\/ld+json\" class=\"yoast-schema-graph\">{\"@context\":\"https:\/\/schema.org\",\"@graph\":[{\"@type\":\"WebPage\",\"@id\":\"https:\/\/www.axiomams.eu\/et\/produktas\/smart-sensor-ar600e-kaabli-korguse-mootja\",\"url\":\"https:\/\/www.axiomams.eu\/et\/produktas\/smart-sensor-ar600e-kaabli-korguse-mootja\",\"name\":\"Smart Sensor AR600E kaabli k\u00f5rguse m\u00f5\u00f5tja - AXIOMA MS\",\"isPartOf\":{\"@id\":\"https:\/\/www.axiomams.eu\/et#website\"},\"primaryImageOfPage\":{\"@id\":\"https:\/\/www.axiomams.eu\/et\/produktas\/smart-sensor-ar600e-kaabli-korguse-mootja#primaryimage\"},\"image\":{\"@id\":\"https:\/\/www.axiomams.eu\/et\/produktas\/smart-sensor-ar600e-kaabli-korguse-mootja#primaryimage\"},\"thumbnailUrl\":\"https:\/\/www.axiomams.eu\/wp-content\/uploads\/2025\/07\/816-930.jpg\",\"datePublished\":\"2025-05-15T16:07:29+00:00\",\"dateModified\":\"2026-02-02T12:32:40+00:00\",\"breadcrumb\":{\"@id\":\"https:\/\/www.axiomams.eu\/et\/produktas\/smart-sensor-ar600e-kaabli-korguse-mootja#breadcrumb\"},\"inLanguage\":\"et\",\"potentialAction\":[{\"@type\":\"ReadAction\",\"target\":[\"https:\/\/www.axiomams.eu\/et\/produktas\/smart-sensor-ar600e-kaabli-korguse-mootja\"]}]},{\"@type\":\"ImageObject\",\"inLanguage\":\"et\",\"@id\":\"https:\/\/www.axiomams.eu\/et\/produktas\/smart-sensor-ar600e-kaabli-korguse-mootja#primaryimage\",\"url\":\"https:\/\/www.axiomams.eu\/wp-content\/uploads\/2025\/07\/816-930.jpg\",\"contentUrl\":\"https:\/\/www.axiomams.eu\/wp-content\/uploads\/2025\/07\/816-930.jpg\",\"width\":400,\"height\":400},{\"@type\":\"BreadcrumbList\",\"@id\":\"https:\/\/www.axiomams.eu\/et\/produktas\/smart-sensor-ar600e-kaabli-korguse-mootja#breadcrumb\",\"itemListElement\":[{\"@type\":\"ListItem\",\"position\":1,\"name\":\"Home\",\"item\":\"https:\/\/www.axiomams.eu\/et\"},{\"@type\":\"ListItem\",\"position\":2,\"name\":\"Tooted\",\"item\":\"https:\/\/www.axiomams.eu\/et\/tooted\"},{\"@type\":\"ListItem\",\"position\":3,\"name\":\"Smart Sensor AR600E kaabli k\u00f5rguse m\u00f5\u00f5tja\"}]},{\"@type\":\"WebSite\",\"@id\":\"https:\/\/www.axiomams.eu\/et#website\",\"url\":\"https:\/\/www.axiomams.eu\/et\",\"name\":\"AXIOMA MS\",\"description\":\"Terrmovizoriai ir matavimo \u012franga\",\"publisher\":{\"@id\":\"https:\/\/www.axiomams.eu\/et#organization\"},\"potentialAction\":[{\"@type\":\"SearchAction\",\"target\":{\"@type\":\"EntryPoint\",\"urlTemplate\":\"https:\/\/www.axiomams.eu\/et?s={search_term_string}\"},\"query-input\":{\"@type\":\"PropertyValueSpecification\",\"valueRequired\":true,\"valueName\":\"search_term_string\"}}],\"inLanguage\":\"et\"},{\"@type\":\"Organization\",\"@id\":\"https:\/\/www.axiomams.eu\/et#organization\",\"name\":\"AXIOMA MS\",\"url\":\"https:\/\/www.axiomams.eu\/et\",\"logo\":{\"@type\":\"ImageObject\",\"inLanguage\":\"et\",\"@id\":\"https:\/\/www.axiomams.eu\/et#\/schema\/logo\/image\/\",\"url\":\"https:\/\/www.axiomams.eu\/wp-content\/uploads\/2025\/06\/axioma-logo-2.png\",\"contentUrl\":\"https:\/\/www.axiomams.eu\/wp-content\/uploads\/2025\/06\/axioma-logo-2.png\",\"width\":1200,\"height\":1200,\"caption\":\"AXIOMA MS\"},\"image\":{\"@id\":\"https:\/\/www.axiomams.eu\/et#\/schema\/logo\/image\/\"},\"sameAs\":[\"https:\/\/www.facebook.com\/AxiomaMS\",\"https:\/\/www.linkedin.com\/company\/axiomams\/\"]}]}<\/script>\n<!-- \/ Yoast SEO plugin. -->","yoast_head_json":{"title":"Smart Sensor AR600E kaabli k\u00f5rguse m\u00f5\u00f5tja - AXIOMA MS","robots":{"index":"index","follow":"follow","max-snippet":"max-snippet:-1","max-image-preview":"max-image-preview:large","max-video-preview":"max-video-preview:-1"},"canonical":"https:\/\/www.axiomams.eu\/et\/produktas\/smart-sensor-ar600e-kaabli-korguse-mootja","og_locale":"et_EE","og_type":"article","og_title":"Smart Sensor AR600E kaabli k\u00f5rguse m\u00f5\u00f5tja - AXIOMA MS","og_description":"Kaasaskantav ultraheliandur Smart Sensor AR600E kiireks ja t\u00e4pseks kaablik\u00f5rguse m\u00f5\u00f5tmiseks. Standardkomplekt: kaabli k\u00f5rguse m\u00f5\u00f5tja, lisakinnitus (ainult horisontaalse kauguse m\u00f5\u00f5tmine), kasutusjuhend, kohver. Tehniline teave: AR600E.pdf","og_url":"https:\/\/www.axiomams.eu\/et\/produktas\/smart-sensor-ar600e-kaabli-korguse-mootja","og_site_name":"AXIOMA MS","article_publisher":"https:\/\/www.facebook.com\/AxiomaMS","article_modified_time":"2026-02-02T12:32:40+00:00","og_image":[{"width":400,"height":400,"url":"https:\/\/www.axiomams.eu\/wp-content\/uploads\/2025\/07\/816-930.jpg","type":"image\/jpeg"}],"twitter_card":"summary_large_image","schema":{"@context":"https:\/\/schema.org","@graph":[{"@type":"WebPage","@id":"https:\/\/www.axiomams.eu\/et\/produktas\/smart-sensor-ar600e-kaabli-korguse-mootja","url":"https:\/\/www.axiomams.eu\/et\/produktas\/smart-sensor-ar600e-kaabli-korguse-mootja","name":"Smart Sensor AR600E kaabli k\u00f5rguse m\u00f5\u00f5tja - AXIOMA MS","isPartOf":{"@id":"https:\/\/www.axiomams.eu\/et#website"},"primaryImageOfPage":{"@id":"https:\/\/www.axiomams.eu\/et\/produktas\/smart-sensor-ar600e-kaabli-korguse-mootja#primaryimage"},"image":{"@id":"https:\/\/www.axiomams.eu\/et\/produktas\/smart-sensor-ar600e-kaabli-korguse-mootja#primaryimage"},"thumbnailUrl":"https:\/\/www.axiomams.eu\/wp-content\/uploads\/2025\/07\/816-930.jpg","datePublished":"2025-05-15T16:07:29+00:00","dateModified":"2026-02-02T12:32:40+00:00","breadcrumb":{"@id":"https:\/\/www.axiomams.eu\/et\/produktas\/smart-sensor-ar600e-kaabli-korguse-mootja#breadcrumb"},"inLanguage":"et","potentialAction":[{"@type":"ReadAction","target":["https:\/\/www.axiomams.eu\/et\/produktas\/smart-sensor-ar600e-kaabli-korguse-mootja"]}]},{"@type":"ImageObject","inLanguage":"et","@id":"https:\/\/www.axiomams.eu\/et\/produktas\/smart-sensor-ar600e-kaabli-korguse-mootja#primaryimage","url":"https:\/\/www.axiomams.eu\/wp-content\/uploads\/2025\/07\/816-930.jpg","contentUrl":"https:\/\/www.axiomams.eu\/wp-content\/uploads\/2025\/07\/816-930.jpg","width":400,"height":400},{"@type":"BreadcrumbList","@id":"https:\/\/www.axiomams.eu\/et\/produktas\/smart-sensor-ar600e-kaabli-korguse-mootja#breadcrumb","itemListElement":[{"@type":"ListItem","position":1,"name":"Home","item":"https:\/\/www.axiomams.eu\/et"},{"@type":"ListItem","position":2,"name":"Tooted","item":"https:\/\/www.axiomams.eu\/et\/tooted"},{"@type":"ListItem","position":3,"name":"Smart Sensor AR600E kaabli k\u00f5rguse m\u00f5\u00f5tja"}]},{"@type":"WebSite","@id":"https:\/\/www.axiomams.eu\/et#website","url":"https:\/\/www.axiomams.eu\/et","name":"AXIOMA MS","description":"Terrmovizoriai ir matavimo \u012franga","publisher":{"@id":"https:\/\/www.axiomams.eu\/et#organization"},"potentialAction":[{"@type":"SearchAction","target":{"@type":"EntryPoint","urlTemplate":"https:\/\/www.axiomams.eu\/et?s={search_term_string}"},"query-input":{"@type":"PropertyValueSpecification","valueRequired":true,"valueName":"search_term_string"}}],"inLanguage":"et"},{"@type":"Organization","@id":"https:\/\/www.axiomams.eu\/et#organization","name":"AXIOMA MS","url":"https:\/\/www.axiomams.eu\/et","logo":{"@type":"ImageObject","inLanguage":"et","@id":"https:\/\/www.axiomams.eu\/et#\/schema\/logo\/image\/","url":"https:\/\/www.axiomams.eu\/wp-content\/uploads\/2025\/06\/axioma-logo-2.png","contentUrl":"https:\/\/www.axiomams.eu\/wp-content\/uploads\/2025\/06\/axioma-logo-2.png","width":1200,"height":1200,"caption":"AXIOMA MS"},"image":{"@id":"https:\/\/www.axiomams.eu\/et#\/schema\/logo\/image\/"},"sameAs":["https:\/\/www.facebook.com\/AxiomaMS","https:\/\/www.linkedin.com\/company\/axiomams\/"]}]}},"_links":{"self":[{"href":"https:\/\/www.axiomams.eu\/et\/wp-json\/wp\/v2\/product\/40469","targetHints":{"allow":["GET"]}}],"collection":[{"href":"https:\/\/www.axiomams.eu\/et\/wp-json\/wp\/v2\/product"}],"about":[{"href":"https:\/\/www.axiomams.eu\/et\/wp-json\/wp\/v2\/types\/product"}],"replies":[{"embeddable":true,"href":"https:\/\/www.axiomams.eu\/et\/wp-json\/wp\/v2\/comments?post=40469"}],"wp:featuredmedia":[{"embeddable":true,"href":"https:\/\/www.axiomams.eu\/et\/wp-json\/wp\/v2\/media\/42456"}],"wp:attachment":[{"href":"https:\/\/www.axiomams.eu\/et\/wp-json\/wp\/v2\/media?parent=40469"}],"wp:term":[{"taxonomy":"product_brand","embeddable":true,"href":"https:\/\/www.axiomams.eu\/et\/wp-json\/wp\/v2\/product_brand?post=40469"},{"taxonomy":"product_cat","embeddable":true,"href":"https:\/\/www.axiomams.eu\/et\/wp-json\/wp\/v2\/product_cat?post=40469"},{"taxonomy":"product_tag","embeddable":true,"href":"https:\/\/www.axiomams.eu\/et\/wp-json\/wp\/v2\/product_tag?post=40469"}],"curies":[{"name":"wp","href":"https:\/\/api.w.org\/{rel}","templated":true}]}}