{"id":40470,"date":"2025-05-15T18:07:30","date_gmt":"2025-05-15T16:07:30","guid":{"rendered":"https:\/\/www.axiomams.eu\/produktas\/wavecontrol-smp3-elektromagnetilise-ja-magnetvalja-mootja"},"modified":"2026-02-02T14:32:40","modified_gmt":"2026-02-02T12:32:40","slug":"wavecontrol-smp3-elektromagnetilise-ja-magnetvalja-mootja","status":"publish","type":"product","link":"https:\/\/www.axiomams.eu\/et\/produktas\/wavecontrol-smp3-elektromagnetilise-ja-magnetvalja-mootja","title":{"rendered":"Wavecontrol SMP3 elektromagnetilise ja magnetv\u00e4lja m\u00f5\u00f5tja"},"content":{"rendered":"<p>Wavecontrol SMP3 on ainus seade, mis pakub t\u00f5elist 3-in-1-funktsionaalsust: lairibam\u00f5\u00f5tmised (DC kuni 60 GHz), sagedusspektri anal\u00fc\u00fcs (DC kuni 400 kHz) ja staatilise v\u00e4lja m\u00f5\u00f5tmised.<\/p>\n<p>SMP3 v\u00e4lja m\u00f5\u00f5tur pakub k\u00f5ige arenenumaid funktsioone ja tehnoloogiat turul, mis on m\u00f5eldud kasutajatele, kes vajavad kvaliteetseid m\u00f5\u00f5tmisi, kasutusmugavust ja h\u00e4id aruandlusvahendeid.<\/p>\n<p>V\u00e4ljasondid: Automaatne tuvastamine ja \u00e4ratundmine<br \/>\nLairiba: 0 Hz &#8230; 60 GHz (s\u00f5ltuvalt v\u00e4ljat\u00f5rjeandurist)<br \/>\nSpektrianal\u00fc\u00fcs: kuni 400 kHz (s\u00f5ltuvalt v\u00e4ljatunnistajast)<br \/>\nLugemisv\u00e4\u00e4rtused: Kogu v\u00e4li (hetkeline, maksimaalne, minimaalne ja keskmine), v\u00e4ljakomponendid (X, Y, Z).<br \/>\nE V\u00e4lja\u00fchikud: V\/m, kV\/m, \u03bcW\/cm2 , mW\/cm2 , W\/m2 , %.<br \/>\nH V\u00e4lja\u00fchikud: nT, \u03bcT, mT, T, A\/m, %, mG, G<br \/>\nLogiaeg: Konfigureeritav (0,5 s &#8230; 6 min)<br \/>\nKeskmised re\u017eiimid: Fikseeritud o Libisev, vastavalt rahvusvahelistele standarditele<br \/>\nKeskmise intervallid: 10 s, 15 s, 30 s, 1 min, 2 min, 5 min, 6 min, 10 min, 15 min, 30 min.<br \/>\nM\u00f5\u00f5tmise ajakava: Kohandatud (kuni 24 tundi)<\/p>\n<p>Aku: Sisemine laetav Li-ion aku<br \/>\nAutonoomia: Autonoomia: > 20 tundi (lairibasondidega); > 6&#8217;5 tundi (selektiivsete sondidega).<br \/>\nTemperatuurivahemik: -10 \u00b0C &#8230; +50 \u00b0C<br \/>\nSuurus: 100 x 215 x 40 mm<br \/>\nKaal: 635 g<\/p>\n<p>Standardne komplekt: Wavecontrol SMP3, PC tarkvara &#8220;SMP3 Reader&#8221;, SMP2 sondide kandekott, USB-kaabel, laadija.<\/p>\n<h3>Tehniline teave:<\/h3>\n<ul>\n<li><a href=\"https:\/\/axiomams.eu\/importer\/export\/attachments\/en\/datasheet_smp3_en.pdf\" target=\"_blank\">Datasheet_SMP3_EN.pdf<\/a><\/li>\n<\/ul>\n","protected":false},"excerpt":{"rendered":"<p>Wavecontrol SMP3 on ainus seade, mis pakub t\u00f5elist 3-in-1-funktsionaalsust: lairibam\u00f5\u00f5tmised (DC kuni 60 GHz), sagedusspektri anal\u00fc\u00fcs (DC kuni 400 kHz) ja staatilise v\u00e4lja m\u00f5\u00f5tmised. SMP3 v\u00e4lja m\u00f5\u00f5tur pakub k\u00f5ige arenenumaid funktsioone ja tehnoloogiat turul, mis on m\u00f5eldud kasutajatele, kes vajavad kvaliteetseid m\u00f5\u00f5tmisi, kasutusmugavust ja h\u00e4id aruandlusvahendeid. V\u00e4ljasondid: Automaatne tuvastamine ja \u00e4ratundmine Lairiba: 0 Hz &#8230;&#8230;<\/p>\n","protected":false},"featured_media":42458,"comment_status":"open","ping_status":"closed","template":"","meta":{"_acf_changed":false},"product_brand":[743],"product_cat":[17789],"product_tag":[],"class_list":{"0":"post-40470","1":"product","2":"type-product","3":"status-publish","4":"has-post-thumbnail","6":"product_brand-wavecontrol","7":"product_cat-tolmu-elektromagnetvalja-mootmine","9":"first","10":"instock","11":"taxable","12":"shipping-taxable","13":"product-type-simple"},"acf":[],"yoast_head":"<!-- This site is optimized with the Yoast SEO plugin v27.0 - https:\/\/yoast.com\/product\/yoast-seo-wordpress\/ -->\n<title>Wavecontrol SMP3 elektromagnetilise ja magnetv\u00e4lja m\u00f5\u00f5tja - AXIOMA MS<\/title>\n<meta name=\"robots\" content=\"index, follow, max-snippet:-1, max-image-preview:large, max-video-preview:-1\" \/>\n<link rel=\"canonical\" href=\"https:\/\/www.axiomams.eu\/et\/produktas\/wavecontrol-smp3-elektromagnetilise-ja-magnetvalja-mootja\" \/>\n<meta property=\"og:locale\" content=\"et_EE\" \/>\n<meta property=\"og:type\" content=\"article\" \/>\n<meta property=\"og:title\" content=\"Wavecontrol SMP3 elektromagnetilise ja magnetv\u00e4lja m\u00f5\u00f5tja - AXIOMA MS\" \/>\n<meta property=\"og:description\" content=\"Wavecontrol SMP3 on ainus seade, mis pakub t\u00f5elist 3-in-1-funktsionaalsust: lairibam\u00f5\u00f5tmised (DC kuni 60 GHz), sagedusspektri anal\u00fc\u00fcs (DC kuni 400 kHz) ja staatilise v\u00e4lja m\u00f5\u00f5tmised. SMP3 v\u00e4lja m\u00f5\u00f5tur pakub k\u00f5ige arenenumaid funktsioone ja tehnoloogiat turul, mis on m\u00f5eldud kasutajatele, kes vajavad kvaliteetseid m\u00f5\u00f5tmisi, kasutusmugavust ja h\u00e4id aruandlusvahendeid. V\u00e4ljasondid: Automaatne tuvastamine ja \u00e4ratundmine Lairiba: 0 Hz &#8230;...\" \/>\n<meta property=\"og:url\" content=\"https:\/\/www.axiomams.eu\/et\/produktas\/wavecontrol-smp3-elektromagnetilise-ja-magnetvalja-mootja\" \/>\n<meta property=\"og:site_name\" content=\"AXIOMA MS\" \/>\n<meta property=\"article:publisher\" content=\"https:\/\/www.facebook.com\/AxiomaMS\" \/>\n<meta property=\"article:modified_time\" content=\"2026-02-02T12:32:40+00:00\" \/>\n<meta property=\"og:image\" content=\"https:\/\/www.axiomams.eu\/wp-content\/uploads\/2025\/07\/3011-4742.jpg\" \/>\n\t<meta property=\"og:image:width\" content=\"750\" \/>\n\t<meta property=\"og:image:height\" content=\"750\" \/>\n\t<meta property=\"og:image:type\" content=\"image\/jpeg\" \/>\n<meta name=\"twitter:card\" content=\"summary_large_image\" \/>\n<meta name=\"twitter:label1\" content=\"Est. reading time\" \/>\n\t<meta name=\"twitter:data1\" content=\"1 minut\" \/>\n<script type=\"application\/ld+json\" class=\"yoast-schema-graph\">{\"@context\":\"https:\/\/schema.org\",\"@graph\":[{\"@type\":\"WebPage\",\"@id\":\"https:\/\/www.axiomams.eu\/et\/produktas\/wavecontrol-smp3-elektromagnetilise-ja-magnetvalja-mootja\",\"url\":\"https:\/\/www.axiomams.eu\/et\/produktas\/wavecontrol-smp3-elektromagnetilise-ja-magnetvalja-mootja\",\"name\":\"Wavecontrol SMP3 elektromagnetilise ja magnetv\u00e4lja m\u00f5\u00f5tja - AXIOMA MS\",\"isPartOf\":{\"@id\":\"https:\/\/www.axiomams.eu\/et#website\"},\"primaryImageOfPage\":{\"@id\":\"https:\/\/www.axiomams.eu\/et\/produktas\/wavecontrol-smp3-elektromagnetilise-ja-magnetvalja-mootja#primaryimage\"},\"image\":{\"@id\":\"https:\/\/www.axiomams.eu\/et\/produktas\/wavecontrol-smp3-elektromagnetilise-ja-magnetvalja-mootja#primaryimage\"},\"thumbnailUrl\":\"https:\/\/www.axiomams.eu\/wp-content\/uploads\/2025\/07\/3011-4742.jpg\",\"datePublished\":\"2025-05-15T16:07:30+00:00\",\"dateModified\":\"2026-02-02T12:32:40+00:00\",\"breadcrumb\":{\"@id\":\"https:\/\/www.axiomams.eu\/et\/produktas\/wavecontrol-smp3-elektromagnetilise-ja-magnetvalja-mootja#breadcrumb\"},\"inLanguage\":\"et\",\"potentialAction\":[{\"@type\":\"ReadAction\",\"target\":[\"https:\/\/www.axiomams.eu\/et\/produktas\/wavecontrol-smp3-elektromagnetilise-ja-magnetvalja-mootja\"]}]},{\"@type\":\"ImageObject\",\"inLanguage\":\"et\",\"@id\":\"https:\/\/www.axiomams.eu\/et\/produktas\/wavecontrol-smp3-elektromagnetilise-ja-magnetvalja-mootja#primaryimage\",\"url\":\"https:\/\/www.axiomams.eu\/wp-content\/uploads\/2025\/07\/3011-4742.jpg\",\"contentUrl\":\"https:\/\/www.axiomams.eu\/wp-content\/uploads\/2025\/07\/3011-4742.jpg\",\"width\":750,\"height\":750},{\"@type\":\"BreadcrumbList\",\"@id\":\"https:\/\/www.axiomams.eu\/et\/produktas\/wavecontrol-smp3-elektromagnetilise-ja-magnetvalja-mootja#breadcrumb\",\"itemListElement\":[{\"@type\":\"ListItem\",\"position\":1,\"name\":\"Home\",\"item\":\"https:\/\/www.axiomams.eu\/et\"},{\"@type\":\"ListItem\",\"position\":2,\"name\":\"Tooted\",\"item\":\"https:\/\/www.axiomams.eu\/et\/tooted\"},{\"@type\":\"ListItem\",\"position\":3,\"name\":\"Wavecontrol SMP3 elektromagnetilise ja magnetv\u00e4lja m\u00f5\u00f5tja\"}]},{\"@type\":\"WebSite\",\"@id\":\"https:\/\/www.axiomams.eu\/et#website\",\"url\":\"https:\/\/www.axiomams.eu\/et\",\"name\":\"AXIOMA MS\",\"description\":\"Terrmovizoriai ir matavimo \u012franga\",\"publisher\":{\"@id\":\"https:\/\/www.axiomams.eu\/et#organization\"},\"potentialAction\":[{\"@type\":\"SearchAction\",\"target\":{\"@type\":\"EntryPoint\",\"urlTemplate\":\"https:\/\/www.axiomams.eu\/et?s={search_term_string}\"},\"query-input\":{\"@type\":\"PropertyValueSpecification\",\"valueRequired\":true,\"valueName\":\"search_term_string\"}}],\"inLanguage\":\"et\"},{\"@type\":\"Organization\",\"@id\":\"https:\/\/www.axiomams.eu\/et#organization\",\"name\":\"AXIOMA MS\",\"url\":\"https:\/\/www.axiomams.eu\/et\",\"logo\":{\"@type\":\"ImageObject\",\"inLanguage\":\"et\",\"@id\":\"https:\/\/www.axiomams.eu\/et#\/schema\/logo\/image\/\",\"url\":\"https:\/\/www.axiomams.eu\/wp-content\/uploads\/2025\/06\/axioma-logo-2.png\",\"contentUrl\":\"https:\/\/www.axiomams.eu\/wp-content\/uploads\/2025\/06\/axioma-logo-2.png\",\"width\":1200,\"height\":1200,\"caption\":\"AXIOMA MS\"},\"image\":{\"@id\":\"https:\/\/www.axiomams.eu\/et#\/schema\/logo\/image\/\"},\"sameAs\":[\"https:\/\/www.facebook.com\/AxiomaMS\",\"https:\/\/www.linkedin.com\/company\/axiomams\/\"]}]}<\/script>\n<!-- \/ Yoast SEO plugin. -->","yoast_head_json":{"title":"Wavecontrol SMP3 elektromagnetilise ja magnetv\u00e4lja m\u00f5\u00f5tja - AXIOMA MS","robots":{"index":"index","follow":"follow","max-snippet":"max-snippet:-1","max-image-preview":"max-image-preview:large","max-video-preview":"max-video-preview:-1"},"canonical":"https:\/\/www.axiomams.eu\/et\/produktas\/wavecontrol-smp3-elektromagnetilise-ja-magnetvalja-mootja","og_locale":"et_EE","og_type":"article","og_title":"Wavecontrol SMP3 elektromagnetilise ja magnetv\u00e4lja m\u00f5\u00f5tja - AXIOMA MS","og_description":"Wavecontrol SMP3 on ainus seade, mis pakub t\u00f5elist 3-in-1-funktsionaalsust: lairibam\u00f5\u00f5tmised (DC kuni 60 GHz), sagedusspektri anal\u00fc\u00fcs (DC kuni 400 kHz) ja staatilise v\u00e4lja m\u00f5\u00f5tmised. SMP3 v\u00e4lja m\u00f5\u00f5tur pakub k\u00f5ige arenenumaid funktsioone ja tehnoloogiat turul, mis on m\u00f5eldud kasutajatele, kes vajavad kvaliteetseid m\u00f5\u00f5tmisi, kasutusmugavust ja h\u00e4id aruandlusvahendeid. V\u00e4ljasondid: Automaatne tuvastamine ja \u00e4ratundmine Lairiba: 0 Hz &#8230;...","og_url":"https:\/\/www.axiomams.eu\/et\/produktas\/wavecontrol-smp3-elektromagnetilise-ja-magnetvalja-mootja","og_site_name":"AXIOMA MS","article_publisher":"https:\/\/www.facebook.com\/AxiomaMS","article_modified_time":"2026-02-02T12:32:40+00:00","og_image":[{"width":750,"height":750,"url":"https:\/\/www.axiomams.eu\/wp-content\/uploads\/2025\/07\/3011-4742.jpg","type":"image\/jpeg"}],"twitter_card":"summary_large_image","twitter_misc":{"Est. reading time":"1 minut"},"schema":{"@context":"https:\/\/schema.org","@graph":[{"@type":"WebPage","@id":"https:\/\/www.axiomams.eu\/et\/produktas\/wavecontrol-smp3-elektromagnetilise-ja-magnetvalja-mootja","url":"https:\/\/www.axiomams.eu\/et\/produktas\/wavecontrol-smp3-elektromagnetilise-ja-magnetvalja-mootja","name":"Wavecontrol SMP3 elektromagnetilise ja magnetv\u00e4lja m\u00f5\u00f5tja - AXIOMA MS","isPartOf":{"@id":"https:\/\/www.axiomams.eu\/et#website"},"primaryImageOfPage":{"@id":"https:\/\/www.axiomams.eu\/et\/produktas\/wavecontrol-smp3-elektromagnetilise-ja-magnetvalja-mootja#primaryimage"},"image":{"@id":"https:\/\/www.axiomams.eu\/et\/produktas\/wavecontrol-smp3-elektromagnetilise-ja-magnetvalja-mootja#primaryimage"},"thumbnailUrl":"https:\/\/www.axiomams.eu\/wp-content\/uploads\/2025\/07\/3011-4742.jpg","datePublished":"2025-05-15T16:07:30+00:00","dateModified":"2026-02-02T12:32:40+00:00","breadcrumb":{"@id":"https:\/\/www.axiomams.eu\/et\/produktas\/wavecontrol-smp3-elektromagnetilise-ja-magnetvalja-mootja#breadcrumb"},"inLanguage":"et","potentialAction":[{"@type":"ReadAction","target":["https:\/\/www.axiomams.eu\/et\/produktas\/wavecontrol-smp3-elektromagnetilise-ja-magnetvalja-mootja"]}]},{"@type":"ImageObject","inLanguage":"et","@id":"https:\/\/www.axiomams.eu\/et\/produktas\/wavecontrol-smp3-elektromagnetilise-ja-magnetvalja-mootja#primaryimage","url":"https:\/\/www.axiomams.eu\/wp-content\/uploads\/2025\/07\/3011-4742.jpg","contentUrl":"https:\/\/www.axiomams.eu\/wp-content\/uploads\/2025\/07\/3011-4742.jpg","width":750,"height":750},{"@type":"BreadcrumbList","@id":"https:\/\/www.axiomams.eu\/et\/produktas\/wavecontrol-smp3-elektromagnetilise-ja-magnetvalja-mootja#breadcrumb","itemListElement":[{"@type":"ListItem","position":1,"name":"Home","item":"https:\/\/www.axiomams.eu\/et"},{"@type":"ListItem","position":2,"name":"Tooted","item":"https:\/\/www.axiomams.eu\/et\/tooted"},{"@type":"ListItem","position":3,"name":"Wavecontrol SMP3 elektromagnetilise ja magnetv\u00e4lja m\u00f5\u00f5tja"}]},{"@type":"WebSite","@id":"https:\/\/www.axiomams.eu\/et#website","url":"https:\/\/www.axiomams.eu\/et","name":"AXIOMA MS","description":"Terrmovizoriai ir matavimo \u012franga","publisher":{"@id":"https:\/\/www.axiomams.eu\/et#organization"},"potentialAction":[{"@type":"SearchAction","target":{"@type":"EntryPoint","urlTemplate":"https:\/\/www.axiomams.eu\/et?s={search_term_string}"},"query-input":{"@type":"PropertyValueSpecification","valueRequired":true,"valueName":"search_term_string"}}],"inLanguage":"et"},{"@type":"Organization","@id":"https:\/\/www.axiomams.eu\/et#organization","name":"AXIOMA MS","url":"https:\/\/www.axiomams.eu\/et","logo":{"@type":"ImageObject","inLanguage":"et","@id":"https:\/\/www.axiomams.eu\/et#\/schema\/logo\/image\/","url":"https:\/\/www.axiomams.eu\/wp-content\/uploads\/2025\/06\/axioma-logo-2.png","contentUrl":"https:\/\/www.axiomams.eu\/wp-content\/uploads\/2025\/06\/axioma-logo-2.png","width":1200,"height":1200,"caption":"AXIOMA MS"},"image":{"@id":"https:\/\/www.axiomams.eu\/et#\/schema\/logo\/image\/"},"sameAs":["https:\/\/www.facebook.com\/AxiomaMS","https:\/\/www.linkedin.com\/company\/axiomams\/"]}]}},"_links":{"self":[{"href":"https:\/\/www.axiomams.eu\/et\/wp-json\/wp\/v2\/product\/40470","targetHints":{"allow":["GET"]}}],"collection":[{"href":"https:\/\/www.axiomams.eu\/et\/wp-json\/wp\/v2\/product"}],"about":[{"href":"https:\/\/www.axiomams.eu\/et\/wp-json\/wp\/v2\/types\/product"}],"replies":[{"embeddable":true,"href":"https:\/\/www.axiomams.eu\/et\/wp-json\/wp\/v2\/comments?post=40470"}],"wp:featuredmedia":[{"embeddable":true,"href":"https:\/\/www.axiomams.eu\/et\/wp-json\/wp\/v2\/media\/42458"}],"wp:attachment":[{"href":"https:\/\/www.axiomams.eu\/et\/wp-json\/wp\/v2\/media?parent=40470"}],"wp:term":[{"taxonomy":"product_brand","embeddable":true,"href":"https:\/\/www.axiomams.eu\/et\/wp-json\/wp\/v2\/product_brand?post=40470"},{"taxonomy":"product_cat","embeddable":true,"href":"https:\/\/www.axiomams.eu\/et\/wp-json\/wp\/v2\/product_cat?post=40470"},{"taxonomy":"product_tag","embeddable":true,"href":"https:\/\/www.axiomams.eu\/et\/wp-json\/wp\/v2\/product_tag?post=40470"}],"curies":[{"name":"wp","href":"https:\/\/api.w.org\/{rel}","templated":true}]}}