{"id":40471,"date":"2025-05-15T18:07:30","date_gmt":"2025-05-15T16:07:30","guid":{"rendered":"https:\/\/www.axiomams.eu\/produktas\/sinus-soundbook-mk2-heli-ja-vibratsioonianalusaator"},"modified":"2026-02-02T14:32:41","modified_gmt":"2026-02-02T12:32:41","slug":"sinus-soundbook-mk2-heli-ja-vibratsioonianalusaator","status":"publish","type":"product","link":"https:\/\/www.axiomams.eu\/et\/produktas\/sinus-soundbook-mk2-heli-ja-vibratsioonianalusaator","title":{"rendered":"Sinus Soundbook Mk2 heli- ja vibratsioonianal\u00fcsaator"},"content":{"rendered":"<p>Soundbook\u2122, meie universaalne kaasaskantav m\u00f5\u00f5tes\u00fcsteem akustika-, vibratsiooni- ja insenerim\u00f5\u00f5tmiste jaoks \u00fcldiselt, on n\u00fc\u00fcd saadaval oma 2. p\u00f5lvkonda uuendusliku Apollo\u2122 platvormi baasil. Soundbook v\u00f5imaldab teil t\u00f6\u00f6tada praktiliselt k\u00f5ikjal &#8211; nii kontoris kui ka v\u00e4litingimustes. Seadmele ei avalda m\u00f5ju ei kuumus, k\u00fclm, vihm, tolm ega tugevad mehaanilised l\u00f6\u00f6gid. Ainult 3 kilogrammi kaaluga, vastupidava magneesiumsulamist v\u00e4liskesta, konverteeritava heleda TFT-ekraani, m\u00f5\u00f5duka energiatarbimise ja paljude liideste abil \u00fchendab Soundbook kvaliteetse m\u00f5\u00f5teseadme j\u00f5udluse ja arvuti v\u00f5imalused.<\/p>\n<p>Soundbooki p\u00f5hiseade: Panasonic Toughbook CF-19<br \/>\n&#8211; Protsessor: Intel \u2122 Core i5 2,5 GHz, 4 GB RAM.<br \/>\n&#8211; Ekraan: TFT 10,4&#8243; 1024 x 768<br \/>\n&#8211; Salvestuskandja: HDD 500 GByte, SSD valikuline<br \/>\n&#8211; Kasutajaliides: USB 2, USB 3, RS232, LAN, WLAN, modem, Cardbus, VGA, Bluetooth, SD-Card Firewire, ExpressCard 34\/54.<br \/>\n&#8211; Operatsioonis\u00fcsteem: Windows 7 mitmekeelne<br \/>\nSisendkanalid 1-2\/4\/8<br \/>\n&#8211; Resolutsioon: 24 bitti<br \/>\n&#8211; Reaalajaline ribalaius: DC &#8230; 40 kHz @ 8 kanalit (80 kHz valikuliselt)<br \/>\n&#8211; D\u00fcnaamiline ulatus: 120 dB<br \/>\n&#8211; Prooviv\u00f5tusagedus: (204,8 kHz valikuline): 51,2 kHz \/ 102,4 kHz (204,8 kHz valikuline)<br \/>\n&#8211; Maksimaalne sisendpinge: \u00b1 10 V tipp<br \/>\n&#8211; V\u00f5imendus: 0 dB, 20 dB<br \/>\n&#8211; \u00dclekoormuse tuvastamine: jah<br \/>\n&#8211; Mikrofoni toide: \u00b1 14 V, + 20 \/ 63 \/ 200 V \u00fcmberl\u00fclitatav (BNC-versioonidega AUX)<br \/>\nAUX-kanalid<br \/>\n&#8211; Digitaalne sisend: 2x TTL<br \/>\n&#8211; Digitaalne v\u00e4ljund: 2x TTL<br \/>\n&#8211; Mikrofoni toide: \u00b1 14 V, + 20 \/ 63 \/ 200 V \u00fcmberl\u00fclitatav<br \/>\nAeglased kanalid 1-8<br \/>\n&#8211; Resolutsioon: 24 bitti<br \/>\n&#8211; Reaalaja ribalaius: DC &#8230; 80 Hz @ 8 kanalit<br \/>\n&#8211; Sisendpinge vahemik: -25 V &#8230; +25 V<br \/>\nV\u00e4ljundkanalid 1-2<br \/>\n&#8211; Lahutus: 24 bitti<br \/>\n&#8211; Reaalaja ribalaius: DC &#8230; 20 \/ 40 \/ 80 kHz<br \/>\n&#8211; Maksimaalne v\u00e4ljundpinge: \u00b1 3,16 Vpeak<br \/>\nTeeninduskanalid<br \/>\n&#8211; Trigger: 2x Trigger \/ Tacho, tarkvara kaudu seadistatav p\u00e4\u00e4stikutase<br \/>\n&#8211; S\u00fcnkroniseerimine: Sample-s\u00fcnkroonne s\u00fcnkroniseerimine v\u00e4lise kellaga (nt GPS 1 Hz)<br \/>\nF\u00fc\u00fcsilised omadused<br \/>\n&#8211; M\u00f5\u00f5dud: m\u00f5\u00f5tmed: 280 mm x 220 mm x 65 mm<br \/>\n&#8211; Kaal: 3100 g<br \/>\n&#8211; Patarei: Mahtuvus 4 h m\u00f5\u00f5tmine.<br \/>\n&#8211; V\u00e4line toiteallikas: 100 &#8230; 240 VAC v\u00f5i 10 &#8230; 36 VDC koos adapteritega<br \/>\nKeskkonnatingimused<br \/>\n&#8211; Kaitseklass: IP54<br \/>\n&#8211; Niiskus: 30 % &#8230; 90 %<br \/>\n&#8211; Temperatuurivahemik: -10 \u00b0C &#8230; +50 \u00b0C<\/p>\n<h3>Tehniline teave:<\/h3>\n<ul>\n<li><a href=\"https:\/\/axiomams.eu\/importer\/export\/attachments\/en\/soundbook_mk2e_6xa4.pdf\" target=\"_blank\">Soundbook_MK2E_6xA4.pdf<\/a><\/li>\n<\/ul>\n","protected":false},"excerpt":{"rendered":"<p>Soundbook\u2122, meie universaalne kaasaskantav m\u00f5\u00f5tes\u00fcsteem akustika-, vibratsiooni- ja insenerim\u00f5\u00f5tmiste jaoks \u00fcldiselt, on n\u00fc\u00fcd saadaval oma 2. p\u00f5lvkonda uuendusliku Apollo\u2122 platvormi baasil. Soundbook v\u00f5imaldab teil t\u00f6\u00f6tada praktiliselt k\u00f5ikjal &#8211; nii kontoris kui ka v\u00e4litingimustes. Seadmele ei avalda m\u00f5ju ei kuumus, k\u00fclm, vihm, tolm ega tugevad mehaanilised l\u00f6\u00f6gid. Ainult 3 kilogrammi kaaluga, vastupidava magneesiumsulamist v\u00e4liskesta, konverteeritava heleda&#8230;<\/p>\n","protected":false},"featured_media":42460,"comment_status":"open","ping_status":"closed","template":"","meta":{"_acf_changed":false},"product_brand":[733],"product_cat":[17842],"product_tag":[],"class_list":{"0":"post-40471","1":"product","2":"type-product","3":"status-publish","4":"has-post-thumbnail","6":"product_brand-sinus","7":"product_cat-vibratsiooni-mootmiseks","9":"first","10":"instock","11":"taxable","12":"shipping-taxable","13":"product-type-simple"},"acf":[],"yoast_head":"<!-- This site is optimized with the Yoast SEO plugin v27.0 - https:\/\/yoast.com\/product\/yoast-seo-wordpress\/ -->\n<title>Sinus Soundbook Mk2 heli- ja vibratsioonianal\u00fcsaator - AXIOMA MS<\/title>\n<meta name=\"robots\" content=\"index, follow, max-snippet:-1, max-image-preview:large, max-video-preview:-1\" \/>\n<link rel=\"canonical\" href=\"https:\/\/www.axiomams.eu\/et\/produktas\/sinus-soundbook-mk2-heli-ja-vibratsioonianalusaator\" \/>\n<meta property=\"og:locale\" content=\"et_EE\" \/>\n<meta property=\"og:type\" content=\"article\" \/>\n<meta property=\"og:title\" content=\"Sinus Soundbook Mk2 heli- ja vibratsioonianal\u00fcsaator - AXIOMA MS\" \/>\n<meta property=\"og:description\" content=\"Soundbook\u2122, meie universaalne kaasaskantav m\u00f5\u00f5tes\u00fcsteem akustika-, vibratsiooni- ja insenerim\u00f5\u00f5tmiste jaoks \u00fcldiselt, on n\u00fc\u00fcd saadaval oma 2. p\u00f5lvkonda uuendusliku Apollo\u2122 platvormi baasil. Soundbook v\u00f5imaldab teil t\u00f6\u00f6tada praktiliselt k\u00f5ikjal &#8211; nii kontoris kui ka v\u00e4litingimustes. Seadmele ei avalda m\u00f5ju ei kuumus, k\u00fclm, vihm, tolm ega tugevad mehaanilised l\u00f6\u00f6gid. Ainult 3 kilogrammi kaaluga, vastupidava magneesiumsulamist v\u00e4liskesta, konverteeritava heleda...\" \/>\n<meta property=\"og:url\" content=\"https:\/\/www.axiomams.eu\/et\/produktas\/sinus-soundbook-mk2-heli-ja-vibratsioonianalusaator\" \/>\n<meta property=\"og:site_name\" content=\"AXIOMA MS\" \/>\n<meta property=\"article:publisher\" content=\"https:\/\/www.facebook.com\/AxiomaMS\" \/>\n<meta property=\"article:modified_time\" content=\"2026-02-02T12:32:41+00:00\" \/>\n<meta property=\"og:image\" content=\"https:\/\/www.axiomams.eu\/wp-content\/uploads\/2025\/07\/877-1036.jpg\" \/>\n\t<meta property=\"og:image:width\" content=\"799\" \/>\n\t<meta property=\"og:image:height\" content=\"531\" \/>\n\t<meta property=\"og:image:type\" content=\"image\/jpeg\" \/>\n<meta name=\"twitter:card\" content=\"summary_large_image\" \/>\n<meta name=\"twitter:label1\" content=\"Est. reading time\" \/>\n\t<meta name=\"twitter:data1\" content=\"2 minut\" \/>\n<script type=\"application\/ld+json\" class=\"yoast-schema-graph\">{\"@context\":\"https:\/\/schema.org\",\"@graph\":[{\"@type\":\"WebPage\",\"@id\":\"https:\/\/www.axiomams.eu\/et\/produktas\/sinus-soundbook-mk2-heli-ja-vibratsioonianalusaator\",\"url\":\"https:\/\/www.axiomams.eu\/et\/produktas\/sinus-soundbook-mk2-heli-ja-vibratsioonianalusaator\",\"name\":\"Sinus Soundbook Mk2 heli- ja vibratsioonianal\u00fcsaator - AXIOMA MS\",\"isPartOf\":{\"@id\":\"https:\/\/www.axiomams.eu\/et#website\"},\"primaryImageOfPage\":{\"@id\":\"https:\/\/www.axiomams.eu\/et\/produktas\/sinus-soundbook-mk2-heli-ja-vibratsioonianalusaator#primaryimage\"},\"image\":{\"@id\":\"https:\/\/www.axiomams.eu\/et\/produktas\/sinus-soundbook-mk2-heli-ja-vibratsioonianalusaator#primaryimage\"},\"thumbnailUrl\":\"https:\/\/www.axiomams.eu\/wp-content\/uploads\/2025\/07\/877-1036.jpg\",\"datePublished\":\"2025-05-15T16:07:30+00:00\",\"dateModified\":\"2026-02-02T12:32:41+00:00\",\"breadcrumb\":{\"@id\":\"https:\/\/www.axiomams.eu\/et\/produktas\/sinus-soundbook-mk2-heli-ja-vibratsioonianalusaator#breadcrumb\"},\"inLanguage\":\"et\",\"potentialAction\":[{\"@type\":\"ReadAction\",\"target\":[\"https:\/\/www.axiomams.eu\/et\/produktas\/sinus-soundbook-mk2-heli-ja-vibratsioonianalusaator\"]}]},{\"@type\":\"ImageObject\",\"inLanguage\":\"et\",\"@id\":\"https:\/\/www.axiomams.eu\/et\/produktas\/sinus-soundbook-mk2-heli-ja-vibratsioonianalusaator#primaryimage\",\"url\":\"https:\/\/www.axiomams.eu\/wp-content\/uploads\/2025\/07\/877-1036.jpg\",\"contentUrl\":\"https:\/\/www.axiomams.eu\/wp-content\/uploads\/2025\/07\/877-1036.jpg\",\"width\":799,\"height\":531},{\"@type\":\"BreadcrumbList\",\"@id\":\"https:\/\/www.axiomams.eu\/et\/produktas\/sinus-soundbook-mk2-heli-ja-vibratsioonianalusaator#breadcrumb\",\"itemListElement\":[{\"@type\":\"ListItem\",\"position\":1,\"name\":\"Home\",\"item\":\"https:\/\/www.axiomams.eu\/et\"},{\"@type\":\"ListItem\",\"position\":2,\"name\":\"Tooted\",\"item\":\"https:\/\/www.axiomams.eu\/et\/tooted\"},{\"@type\":\"ListItem\",\"position\":3,\"name\":\"Sinus Soundbook Mk2 heli- ja vibratsioonianal\u00fcsaator\"}]},{\"@type\":\"WebSite\",\"@id\":\"https:\/\/www.axiomams.eu\/et#website\",\"url\":\"https:\/\/www.axiomams.eu\/et\",\"name\":\"AXIOMA MS\",\"description\":\"Terrmovizoriai ir matavimo \u012franga\",\"publisher\":{\"@id\":\"https:\/\/www.axiomams.eu\/et#organization\"},\"potentialAction\":[{\"@type\":\"SearchAction\",\"target\":{\"@type\":\"EntryPoint\",\"urlTemplate\":\"https:\/\/www.axiomams.eu\/et?s={search_term_string}\"},\"query-input\":{\"@type\":\"PropertyValueSpecification\",\"valueRequired\":true,\"valueName\":\"search_term_string\"}}],\"inLanguage\":\"et\"},{\"@type\":\"Organization\",\"@id\":\"https:\/\/www.axiomams.eu\/et#organization\",\"name\":\"AXIOMA MS\",\"url\":\"https:\/\/www.axiomams.eu\/et\",\"logo\":{\"@type\":\"ImageObject\",\"inLanguage\":\"et\",\"@id\":\"https:\/\/www.axiomams.eu\/et#\/schema\/logo\/image\/\",\"url\":\"https:\/\/www.axiomams.eu\/wp-content\/uploads\/2025\/06\/axioma-logo-2.png\",\"contentUrl\":\"https:\/\/www.axiomams.eu\/wp-content\/uploads\/2025\/06\/axioma-logo-2.png\",\"width\":1200,\"height\":1200,\"caption\":\"AXIOMA MS\"},\"image\":{\"@id\":\"https:\/\/www.axiomams.eu\/et#\/schema\/logo\/image\/\"},\"sameAs\":[\"https:\/\/www.facebook.com\/AxiomaMS\",\"https:\/\/www.linkedin.com\/company\/axiomams\/\"]}]}<\/script>\n<!-- \/ Yoast SEO plugin. -->","yoast_head_json":{"title":"Sinus Soundbook Mk2 heli- ja vibratsioonianal\u00fcsaator - AXIOMA MS","robots":{"index":"index","follow":"follow","max-snippet":"max-snippet:-1","max-image-preview":"max-image-preview:large","max-video-preview":"max-video-preview:-1"},"canonical":"https:\/\/www.axiomams.eu\/et\/produktas\/sinus-soundbook-mk2-heli-ja-vibratsioonianalusaator","og_locale":"et_EE","og_type":"article","og_title":"Sinus Soundbook Mk2 heli- ja vibratsioonianal\u00fcsaator - AXIOMA MS","og_description":"Soundbook\u2122, meie universaalne kaasaskantav m\u00f5\u00f5tes\u00fcsteem akustika-, vibratsiooni- ja insenerim\u00f5\u00f5tmiste jaoks \u00fcldiselt, on n\u00fc\u00fcd saadaval oma 2. p\u00f5lvkonda uuendusliku Apollo\u2122 platvormi baasil. Soundbook v\u00f5imaldab teil t\u00f6\u00f6tada praktiliselt k\u00f5ikjal &#8211; nii kontoris kui ka v\u00e4litingimustes. Seadmele ei avalda m\u00f5ju ei kuumus, k\u00fclm, vihm, tolm ega tugevad mehaanilised l\u00f6\u00f6gid. Ainult 3 kilogrammi kaaluga, vastupidava magneesiumsulamist v\u00e4liskesta, konverteeritava heleda...","og_url":"https:\/\/www.axiomams.eu\/et\/produktas\/sinus-soundbook-mk2-heli-ja-vibratsioonianalusaator","og_site_name":"AXIOMA MS","article_publisher":"https:\/\/www.facebook.com\/AxiomaMS","article_modified_time":"2026-02-02T12:32:41+00:00","og_image":[{"width":799,"height":531,"url":"https:\/\/www.axiomams.eu\/wp-content\/uploads\/2025\/07\/877-1036.jpg","type":"image\/jpeg"}],"twitter_card":"summary_large_image","twitter_misc":{"Est. reading time":"2 minut"},"schema":{"@context":"https:\/\/schema.org","@graph":[{"@type":"WebPage","@id":"https:\/\/www.axiomams.eu\/et\/produktas\/sinus-soundbook-mk2-heli-ja-vibratsioonianalusaator","url":"https:\/\/www.axiomams.eu\/et\/produktas\/sinus-soundbook-mk2-heli-ja-vibratsioonianalusaator","name":"Sinus Soundbook Mk2 heli- ja vibratsioonianal\u00fcsaator - AXIOMA MS","isPartOf":{"@id":"https:\/\/www.axiomams.eu\/et#website"},"primaryImageOfPage":{"@id":"https:\/\/www.axiomams.eu\/et\/produktas\/sinus-soundbook-mk2-heli-ja-vibratsioonianalusaator#primaryimage"},"image":{"@id":"https:\/\/www.axiomams.eu\/et\/produktas\/sinus-soundbook-mk2-heli-ja-vibratsioonianalusaator#primaryimage"},"thumbnailUrl":"https:\/\/www.axiomams.eu\/wp-content\/uploads\/2025\/07\/877-1036.jpg","datePublished":"2025-05-15T16:07:30+00:00","dateModified":"2026-02-02T12:32:41+00:00","breadcrumb":{"@id":"https:\/\/www.axiomams.eu\/et\/produktas\/sinus-soundbook-mk2-heli-ja-vibratsioonianalusaator#breadcrumb"},"inLanguage":"et","potentialAction":[{"@type":"ReadAction","target":["https:\/\/www.axiomams.eu\/et\/produktas\/sinus-soundbook-mk2-heli-ja-vibratsioonianalusaator"]}]},{"@type":"ImageObject","inLanguage":"et","@id":"https:\/\/www.axiomams.eu\/et\/produktas\/sinus-soundbook-mk2-heli-ja-vibratsioonianalusaator#primaryimage","url":"https:\/\/www.axiomams.eu\/wp-content\/uploads\/2025\/07\/877-1036.jpg","contentUrl":"https:\/\/www.axiomams.eu\/wp-content\/uploads\/2025\/07\/877-1036.jpg","width":799,"height":531},{"@type":"BreadcrumbList","@id":"https:\/\/www.axiomams.eu\/et\/produktas\/sinus-soundbook-mk2-heli-ja-vibratsioonianalusaator#breadcrumb","itemListElement":[{"@type":"ListItem","position":1,"name":"Home","item":"https:\/\/www.axiomams.eu\/et"},{"@type":"ListItem","position":2,"name":"Tooted","item":"https:\/\/www.axiomams.eu\/et\/tooted"},{"@type":"ListItem","position":3,"name":"Sinus Soundbook Mk2 heli- ja vibratsioonianal\u00fcsaator"}]},{"@type":"WebSite","@id":"https:\/\/www.axiomams.eu\/et#website","url":"https:\/\/www.axiomams.eu\/et","name":"AXIOMA MS","description":"Terrmovizoriai ir matavimo \u012franga","publisher":{"@id":"https:\/\/www.axiomams.eu\/et#organization"},"potentialAction":[{"@type":"SearchAction","target":{"@type":"EntryPoint","urlTemplate":"https:\/\/www.axiomams.eu\/et?s={search_term_string}"},"query-input":{"@type":"PropertyValueSpecification","valueRequired":true,"valueName":"search_term_string"}}],"inLanguage":"et"},{"@type":"Organization","@id":"https:\/\/www.axiomams.eu\/et#organization","name":"AXIOMA MS","url":"https:\/\/www.axiomams.eu\/et","logo":{"@type":"ImageObject","inLanguage":"et","@id":"https:\/\/www.axiomams.eu\/et#\/schema\/logo\/image\/","url":"https:\/\/www.axiomams.eu\/wp-content\/uploads\/2025\/06\/axioma-logo-2.png","contentUrl":"https:\/\/www.axiomams.eu\/wp-content\/uploads\/2025\/06\/axioma-logo-2.png","width":1200,"height":1200,"caption":"AXIOMA MS"},"image":{"@id":"https:\/\/www.axiomams.eu\/et#\/schema\/logo\/image\/"},"sameAs":["https:\/\/www.facebook.com\/AxiomaMS","https:\/\/www.linkedin.com\/company\/axiomams\/"]}]}},"_links":{"self":[{"href":"https:\/\/www.axiomams.eu\/et\/wp-json\/wp\/v2\/product\/40471","targetHints":{"allow":["GET"]}}],"collection":[{"href":"https:\/\/www.axiomams.eu\/et\/wp-json\/wp\/v2\/product"}],"about":[{"href":"https:\/\/www.axiomams.eu\/et\/wp-json\/wp\/v2\/types\/product"}],"replies":[{"embeddable":true,"href":"https:\/\/www.axiomams.eu\/et\/wp-json\/wp\/v2\/comments?post=40471"}],"wp:featuredmedia":[{"embeddable":true,"href":"https:\/\/www.axiomams.eu\/et\/wp-json\/wp\/v2\/media\/42460"}],"wp:attachment":[{"href":"https:\/\/www.axiomams.eu\/et\/wp-json\/wp\/v2\/media?parent=40471"}],"wp:term":[{"taxonomy":"product_brand","embeddable":true,"href":"https:\/\/www.axiomams.eu\/et\/wp-json\/wp\/v2\/product_brand?post=40471"},{"taxonomy":"product_cat","embeddable":true,"href":"https:\/\/www.axiomams.eu\/et\/wp-json\/wp\/v2\/product_cat?post=40471"},{"taxonomy":"product_tag","embeddable":true,"href":"https:\/\/www.axiomams.eu\/et\/wp-json\/wp\/v2\/product_tag?post=40471"}],"curies":[{"name":"wp","href":"https:\/\/api.w.org\/{rel}","templated":true}]}}