{"id":40472,"date":"2025-05-23T10:41:00","date_gmt":"2025-05-23T08:41:00","guid":{"rendered":"https:\/\/www.axiomams.eu\/produktas\/hioki-ss7012-alalisvoolu-signaali-allikas-ja-kalibraator"},"modified":"2026-02-02T14:32:41","modified_gmt":"2026-02-02T12:32:41","slug":"hioki-ss7012-alalisvoolu-signaali-allikas-ja-kalibraator","status":"publish","type":"product","link":"https:\/\/www.axiomams.eu\/et\/produktas\/hioki-ss7012-alalisvoolu-signaali-allikas-ja-kalibraator","title":{"rendered":"HIOKI SS7012 alalisvoolu signaali allikas ja kalibraator"},"content":{"rendered":"<p>Hioki SS7012 on kompaktne alalisvoolu signaali allikas ja kalibraator, mida kasutatakse m\u00f5\u00f5teriistade hooldus- v\u00f5i ringtestide tegemiseks ning mida saab USB-kaabli kaudu arvutist juhtida. Seda saab kasutada ka termomeetrite kalibreerimiseks ning alalisvoolu ja alalisvoolu m\u00f5\u00f5tmiseks.<\/p>\n<p>Standardkomplekt: \u00dcks komplekt SISSEL\u00dcLGITUSJUHT 9168, \u00fcks komplekt TESTJUHT 9170-10, \u00fcks varusulavkaitsel\u00fcliti (F50 mA, 250 V &#8220;mizet&#8221;), neli LR6 leelispatareid.<\/p>\n<h3>Tehniline teave:<\/h3>\n<ul>\n<li><a href=\"https:\/\/axiomams.eu\/importer\/export\/attachments\/en\/hioki-ss7012.pdf\" target=\"_blank\">Hioki SS7012.pdf<\/a><\/li>\n<\/ul>\n","protected":false},"excerpt":{"rendered":"<p>Hioki SS7012 on kompaktne alalisvoolu signaali allikas ja kalibraator, mida kasutatakse m\u00f5\u00f5teriistade hooldus- v\u00f5i ringtestide tegemiseks ning mida saab USB-kaabli kaudu arvutist juhtida. Seda saab kasutada ka termomeetrite kalibreerimiseks ning alalisvoolu ja alalisvoolu m\u00f5\u00f5tmiseks. Standardkomplekt: \u00dcks komplekt SISSEL\u00dcLGITUSJUHT 9168, \u00fcks komplekt TESTJUHT 9170-10, \u00fcks varusulavkaitsel\u00fcliti (F50 mA, 250 V &#8220;mizet&#8221;), neli LR6 leelispatareid. Tehniline teave:&#8230;<\/p>\n","protected":false},"featured_media":42462,"comment_status":"open","ping_status":"closed","template":"","meta":{"_acf_changed":false},"product_brand":[1112],"product_cat":[17811],"product_tag":[],"class_list":{"0":"post-40472","1":"product","2":"type-product","3":"status-publish","4":"has-post-thumbnail","6":"product_brand-hioki","7":"product_cat-protsessi-ja-temperatuuri-kalibreerimiseks","9":"first","10":"instock","11":"taxable","12":"shipping-taxable","13":"purchasable","14":"product-type-simple"},"acf":[],"yoast_head":"<!-- This site is optimized with the Yoast SEO plugin v27.0 - https:\/\/yoast.com\/product\/yoast-seo-wordpress\/ -->\n<title>HIOKI SS7012 alalisvoolu signaali allikas ja kalibraator - AXIOMA MS<\/title>\n<meta name=\"robots\" content=\"index, follow, max-snippet:-1, max-image-preview:large, max-video-preview:-1\" \/>\n<link rel=\"canonical\" href=\"https:\/\/www.axiomams.eu\/et\/produktas\/hioki-ss7012-alalisvoolu-signaali-allikas-ja-kalibraator\" \/>\n<meta property=\"og:locale\" content=\"et_EE\" \/>\n<meta property=\"og:type\" content=\"article\" \/>\n<meta property=\"og:title\" content=\"HIOKI SS7012 alalisvoolu signaali allikas ja kalibraator - AXIOMA MS\" \/>\n<meta property=\"og:description\" content=\"Hioki SS7012 on kompaktne alalisvoolu signaali allikas ja kalibraator, mida kasutatakse m\u00f5\u00f5teriistade hooldus- v\u00f5i ringtestide tegemiseks ning mida saab USB-kaabli kaudu arvutist juhtida. Seda saab kasutada ka termomeetrite kalibreerimiseks ning alalisvoolu ja alalisvoolu m\u00f5\u00f5tmiseks. Standardkomplekt: \u00dcks komplekt SISSEL\u00dcLGITUSJUHT 9168, \u00fcks komplekt TESTJUHT 9170-10, \u00fcks varusulavkaitsel\u00fcliti (F50 mA, 250 V &#8220;mizet&#8221;), neli LR6 leelispatareid. Tehniline teave:...\" \/>\n<meta property=\"og:url\" content=\"https:\/\/www.axiomams.eu\/et\/produktas\/hioki-ss7012-alalisvoolu-signaali-allikas-ja-kalibraator\" \/>\n<meta property=\"og:site_name\" content=\"AXIOMA MS\" \/>\n<meta property=\"article:publisher\" content=\"https:\/\/www.facebook.com\/AxiomaMS\" \/>\n<meta property=\"article:modified_time\" content=\"2026-02-02T12:32:41+00:00\" \/>\n<meta property=\"og:image\" content=\"https:\/\/www.axiomams.eu\/wp-content\/uploads\/2025\/07\/2554-3284.jpg\" \/>\n\t<meta property=\"og:image:width\" content=\"844\" \/>\n\t<meta property=\"og:image:height\" content=\"768\" \/>\n\t<meta property=\"og:image:type\" content=\"image\/jpeg\" \/>\n<meta name=\"twitter:card\" content=\"summary_large_image\" \/>\n<script type=\"application\/ld+json\" class=\"yoast-schema-graph\">{\"@context\":\"https:\/\/schema.org\",\"@graph\":[{\"@type\":\"WebPage\",\"@id\":\"https:\/\/www.axiomams.eu\/et\/produktas\/hioki-ss7012-alalisvoolu-signaali-allikas-ja-kalibraator\",\"url\":\"https:\/\/www.axiomams.eu\/et\/produktas\/hioki-ss7012-alalisvoolu-signaali-allikas-ja-kalibraator\",\"name\":\"HIOKI SS7012 alalisvoolu signaali allikas ja kalibraator - AXIOMA MS\",\"isPartOf\":{\"@id\":\"https:\/\/www.axiomams.eu\/et#website\"},\"primaryImageOfPage\":{\"@id\":\"https:\/\/www.axiomams.eu\/et\/produktas\/hioki-ss7012-alalisvoolu-signaali-allikas-ja-kalibraator#primaryimage\"},\"image\":{\"@id\":\"https:\/\/www.axiomams.eu\/et\/produktas\/hioki-ss7012-alalisvoolu-signaali-allikas-ja-kalibraator#primaryimage\"},\"thumbnailUrl\":\"https:\/\/www.axiomams.eu\/wp-content\/uploads\/2025\/07\/2554-3284.jpg\",\"datePublished\":\"2025-05-23T08:41:00+00:00\",\"dateModified\":\"2026-02-02T12:32:41+00:00\",\"breadcrumb\":{\"@id\":\"https:\/\/www.axiomams.eu\/et\/produktas\/hioki-ss7012-alalisvoolu-signaali-allikas-ja-kalibraator#breadcrumb\"},\"inLanguage\":\"et\",\"potentialAction\":[{\"@type\":\"ReadAction\",\"target\":[\"https:\/\/www.axiomams.eu\/et\/produktas\/hioki-ss7012-alalisvoolu-signaali-allikas-ja-kalibraator\"]}]},{\"@type\":\"ImageObject\",\"inLanguage\":\"et\",\"@id\":\"https:\/\/www.axiomams.eu\/et\/produktas\/hioki-ss7012-alalisvoolu-signaali-allikas-ja-kalibraator#primaryimage\",\"url\":\"https:\/\/www.axiomams.eu\/wp-content\/uploads\/2025\/07\/2554-3284.jpg\",\"contentUrl\":\"https:\/\/www.axiomams.eu\/wp-content\/uploads\/2025\/07\/2554-3284.jpg\",\"width\":844,\"height\":768},{\"@type\":\"BreadcrumbList\",\"@id\":\"https:\/\/www.axiomams.eu\/et\/produktas\/hioki-ss7012-alalisvoolu-signaali-allikas-ja-kalibraator#breadcrumb\",\"itemListElement\":[{\"@type\":\"ListItem\",\"position\":1,\"name\":\"Home\",\"item\":\"https:\/\/www.axiomams.eu\/et\"},{\"@type\":\"ListItem\",\"position\":2,\"name\":\"Tooted\",\"item\":\"https:\/\/www.axiomams.eu\/et\/tooted\"},{\"@type\":\"ListItem\",\"position\":3,\"name\":\"HIOKI SS7012 alalisvoolu signaali allikas ja kalibraator\"}]},{\"@type\":\"WebSite\",\"@id\":\"https:\/\/www.axiomams.eu\/et#website\",\"url\":\"https:\/\/www.axiomams.eu\/et\",\"name\":\"AXIOMA MS\",\"description\":\"Terrmovizoriai ir matavimo \u012franga\",\"publisher\":{\"@id\":\"https:\/\/www.axiomams.eu\/et#organization\"},\"potentialAction\":[{\"@type\":\"SearchAction\",\"target\":{\"@type\":\"EntryPoint\",\"urlTemplate\":\"https:\/\/www.axiomams.eu\/et?s={search_term_string}\"},\"query-input\":{\"@type\":\"PropertyValueSpecification\",\"valueRequired\":true,\"valueName\":\"search_term_string\"}}],\"inLanguage\":\"et\"},{\"@type\":\"Organization\",\"@id\":\"https:\/\/www.axiomams.eu\/et#organization\",\"name\":\"AXIOMA MS\",\"url\":\"https:\/\/www.axiomams.eu\/et\",\"logo\":{\"@type\":\"ImageObject\",\"inLanguage\":\"et\",\"@id\":\"https:\/\/www.axiomams.eu\/et#\/schema\/logo\/image\/\",\"url\":\"https:\/\/www.axiomams.eu\/wp-content\/uploads\/2025\/06\/axioma-logo-2.png\",\"contentUrl\":\"https:\/\/www.axiomams.eu\/wp-content\/uploads\/2025\/06\/axioma-logo-2.png\",\"width\":1200,\"height\":1200,\"caption\":\"AXIOMA MS\"},\"image\":{\"@id\":\"https:\/\/www.axiomams.eu\/et#\/schema\/logo\/image\/\"},\"sameAs\":[\"https:\/\/www.facebook.com\/AxiomaMS\",\"https:\/\/www.linkedin.com\/company\/axiomams\/\"]}]}<\/script>\n<!-- \/ Yoast SEO plugin. -->","yoast_head_json":{"title":"HIOKI SS7012 alalisvoolu signaali allikas ja kalibraator - AXIOMA MS","robots":{"index":"index","follow":"follow","max-snippet":"max-snippet:-1","max-image-preview":"max-image-preview:large","max-video-preview":"max-video-preview:-1"},"canonical":"https:\/\/www.axiomams.eu\/et\/produktas\/hioki-ss7012-alalisvoolu-signaali-allikas-ja-kalibraator","og_locale":"et_EE","og_type":"article","og_title":"HIOKI SS7012 alalisvoolu signaali allikas ja kalibraator - AXIOMA MS","og_description":"Hioki SS7012 on kompaktne alalisvoolu signaali allikas ja kalibraator, mida kasutatakse m\u00f5\u00f5teriistade hooldus- v\u00f5i ringtestide tegemiseks ning mida saab USB-kaabli kaudu arvutist juhtida. Seda saab kasutada ka termomeetrite kalibreerimiseks ning alalisvoolu ja alalisvoolu m\u00f5\u00f5tmiseks. Standardkomplekt: \u00dcks komplekt SISSEL\u00dcLGITUSJUHT 9168, \u00fcks komplekt TESTJUHT 9170-10, \u00fcks varusulavkaitsel\u00fcliti (F50 mA, 250 V &#8220;mizet&#8221;), neli LR6 leelispatareid. Tehniline teave:...","og_url":"https:\/\/www.axiomams.eu\/et\/produktas\/hioki-ss7012-alalisvoolu-signaali-allikas-ja-kalibraator","og_site_name":"AXIOMA MS","article_publisher":"https:\/\/www.facebook.com\/AxiomaMS","article_modified_time":"2026-02-02T12:32:41+00:00","og_image":[{"width":844,"height":768,"url":"https:\/\/www.axiomams.eu\/wp-content\/uploads\/2025\/07\/2554-3284.jpg","type":"image\/jpeg"}],"twitter_card":"summary_large_image","schema":{"@context":"https:\/\/schema.org","@graph":[{"@type":"WebPage","@id":"https:\/\/www.axiomams.eu\/et\/produktas\/hioki-ss7012-alalisvoolu-signaali-allikas-ja-kalibraator","url":"https:\/\/www.axiomams.eu\/et\/produktas\/hioki-ss7012-alalisvoolu-signaali-allikas-ja-kalibraator","name":"HIOKI SS7012 alalisvoolu signaali allikas ja kalibraator - AXIOMA MS","isPartOf":{"@id":"https:\/\/www.axiomams.eu\/et#website"},"primaryImageOfPage":{"@id":"https:\/\/www.axiomams.eu\/et\/produktas\/hioki-ss7012-alalisvoolu-signaali-allikas-ja-kalibraator#primaryimage"},"image":{"@id":"https:\/\/www.axiomams.eu\/et\/produktas\/hioki-ss7012-alalisvoolu-signaali-allikas-ja-kalibraator#primaryimage"},"thumbnailUrl":"https:\/\/www.axiomams.eu\/wp-content\/uploads\/2025\/07\/2554-3284.jpg","datePublished":"2025-05-23T08:41:00+00:00","dateModified":"2026-02-02T12:32:41+00:00","breadcrumb":{"@id":"https:\/\/www.axiomams.eu\/et\/produktas\/hioki-ss7012-alalisvoolu-signaali-allikas-ja-kalibraator#breadcrumb"},"inLanguage":"et","potentialAction":[{"@type":"ReadAction","target":["https:\/\/www.axiomams.eu\/et\/produktas\/hioki-ss7012-alalisvoolu-signaali-allikas-ja-kalibraator"]}]},{"@type":"ImageObject","inLanguage":"et","@id":"https:\/\/www.axiomams.eu\/et\/produktas\/hioki-ss7012-alalisvoolu-signaali-allikas-ja-kalibraator#primaryimage","url":"https:\/\/www.axiomams.eu\/wp-content\/uploads\/2025\/07\/2554-3284.jpg","contentUrl":"https:\/\/www.axiomams.eu\/wp-content\/uploads\/2025\/07\/2554-3284.jpg","width":844,"height":768},{"@type":"BreadcrumbList","@id":"https:\/\/www.axiomams.eu\/et\/produktas\/hioki-ss7012-alalisvoolu-signaali-allikas-ja-kalibraator#breadcrumb","itemListElement":[{"@type":"ListItem","position":1,"name":"Home","item":"https:\/\/www.axiomams.eu\/et"},{"@type":"ListItem","position":2,"name":"Tooted","item":"https:\/\/www.axiomams.eu\/et\/tooted"},{"@type":"ListItem","position":3,"name":"HIOKI SS7012 alalisvoolu signaali allikas ja kalibraator"}]},{"@type":"WebSite","@id":"https:\/\/www.axiomams.eu\/et#website","url":"https:\/\/www.axiomams.eu\/et","name":"AXIOMA MS","description":"Terrmovizoriai ir matavimo \u012franga","publisher":{"@id":"https:\/\/www.axiomams.eu\/et#organization"},"potentialAction":[{"@type":"SearchAction","target":{"@type":"EntryPoint","urlTemplate":"https:\/\/www.axiomams.eu\/et?s={search_term_string}"},"query-input":{"@type":"PropertyValueSpecification","valueRequired":true,"valueName":"search_term_string"}}],"inLanguage":"et"},{"@type":"Organization","@id":"https:\/\/www.axiomams.eu\/et#organization","name":"AXIOMA MS","url":"https:\/\/www.axiomams.eu\/et","logo":{"@type":"ImageObject","inLanguage":"et","@id":"https:\/\/www.axiomams.eu\/et#\/schema\/logo\/image\/","url":"https:\/\/www.axiomams.eu\/wp-content\/uploads\/2025\/06\/axioma-logo-2.png","contentUrl":"https:\/\/www.axiomams.eu\/wp-content\/uploads\/2025\/06\/axioma-logo-2.png","width":1200,"height":1200,"caption":"AXIOMA MS"},"image":{"@id":"https:\/\/www.axiomams.eu\/et#\/schema\/logo\/image\/"},"sameAs":["https:\/\/www.facebook.com\/AxiomaMS","https:\/\/www.linkedin.com\/company\/axiomams\/"]}]}},"_links":{"self":[{"href":"https:\/\/www.axiomams.eu\/et\/wp-json\/wp\/v2\/product\/40472","targetHints":{"allow":["GET"]}}],"collection":[{"href":"https:\/\/www.axiomams.eu\/et\/wp-json\/wp\/v2\/product"}],"about":[{"href":"https:\/\/www.axiomams.eu\/et\/wp-json\/wp\/v2\/types\/product"}],"replies":[{"embeddable":true,"href":"https:\/\/www.axiomams.eu\/et\/wp-json\/wp\/v2\/comments?post=40472"}],"wp:featuredmedia":[{"embeddable":true,"href":"https:\/\/www.axiomams.eu\/et\/wp-json\/wp\/v2\/media\/42462"}],"wp:attachment":[{"href":"https:\/\/www.axiomams.eu\/et\/wp-json\/wp\/v2\/media?parent=40472"}],"wp:term":[{"taxonomy":"product_brand","embeddable":true,"href":"https:\/\/www.axiomams.eu\/et\/wp-json\/wp\/v2\/product_brand?post=40472"},{"taxonomy":"product_cat","embeddable":true,"href":"https:\/\/www.axiomams.eu\/et\/wp-json\/wp\/v2\/product_cat?post=40472"},{"taxonomy":"product_tag","embeddable":true,"href":"https:\/\/www.axiomams.eu\/et\/wp-json\/wp\/v2\/product_tag?post=40472"}],"curies":[{"name":"wp","href":"https:\/\/api.w.org\/{rel}","templated":true}]}}