{"id":40475,"date":"2025-05-15T17:55:38","date_gmt":"2025-05-15T15:55:38","guid":{"rendered":"https:\/\/www.axiomams.eu\/produktas\/flir-sv88-vibratsiooniandur"},"modified":"2026-02-02T14:32:44","modified_gmt":"2026-02-02T12:32:44","slug":"flir-sv88-vibratsiooniandur","status":"publish","type":"product","link":"https:\/\/www.axiomams.eu\/et\/produktas\/flir-sv88-vibratsiooniandur","title":{"rendered":"Flir SV88 vibratsiooniandur"},"content":{"rendered":"<p>FLIR SV88 vibratsiooni- ja temperatuuriandur aitab teil j\u00e4lgida kriitilisi seadmeid, anal\u00fc\u00fcsides pidevalt p\u00f6\u00f6rlevate seadmete vibratsiooni, tuvastades vigu ja hoiatades teid v\u00f5imalike defektide ja tulevaste probleemide eest. T\u00e4nu mitmekordsetele kommunikatsiooniprotokollidele, vastupidavale, IP66 klassifikatsioonile ja juhtmevabale v\u00f5imekusele v\u00f5imaldab SV88 teha kriitilisi andmep\u00f5hiseid otsuseid, mis hoiatavad teid v\u00f5imalike probleemide eest, et aidata pikendada teie v\u00e4\u00e4rtusliku vara eluiga.<\/p>\n<h3>Tehniline teave:<\/h3>\n<ul>\n<li><a href=\"https:\/\/axiomams.eu\/importer\/export\/attachments\/en\/flir-sv88.pdf\" target=\"_blank\">FLIR SV88.pdf<\/a><\/li>\n<\/ul>\n","protected":false},"excerpt":{"rendered":"<p>FLIR SV88 vibratsiooni- ja temperatuuriandur aitab teil j\u00e4lgida kriitilisi seadmeid, anal\u00fc\u00fcsides pidevalt p\u00f6\u00f6rlevate seadmete vibratsiooni, tuvastades vigu ja hoiatades teid v\u00f5imalike defektide ja tulevaste probleemide eest. T\u00e4nu mitmekordsetele kommunikatsiooniprotokollidele, vastupidavale, IP66 klassifikatsioonile ja juhtmevabale v\u00f5imekusele v\u00f5imaldab SV88 teha kriitilisi andmep\u00f5hiseid otsuseid, mis hoiatavad teid v\u00f5imalike probleemide eest, et aidata pikendada teie v\u00e4\u00e4rtusliku vara eluiga. Tehniline&#8230;<\/p>\n","protected":false},"featured_media":42470,"comment_status":"open","ping_status":"closed","template":"","meta":{"_acf_changed":false},"product_brand":[734],"product_cat":[17842],"product_tag":[],"class_list":{"0":"post-40475","1":"product","2":"type-product","3":"status-publish","4":"has-post-thumbnail","6":"product_brand-flir","7":"product_cat-vibratsiooni-mootmiseks","9":"first","10":"instock","11":"taxable","12":"shipping-taxable","13":"purchasable","14":"product-type-simple"},"acf":[],"yoast_head":"<!-- This site is optimized with the Yoast SEO plugin v27.0 - https:\/\/yoast.com\/product\/yoast-seo-wordpress\/ -->\n<title>Flir SV88 vibratsiooniandur - AXIOMA MS<\/title>\n<meta name=\"robots\" content=\"index, follow, max-snippet:-1, max-image-preview:large, max-video-preview:-1\" \/>\n<link rel=\"canonical\" href=\"https:\/\/www.axiomams.eu\/et\/produktas\/flir-sv88-vibratsiooniandur\" \/>\n<meta property=\"og:locale\" content=\"et_EE\" \/>\n<meta property=\"og:type\" content=\"article\" \/>\n<meta property=\"og:title\" content=\"Flir SV88 vibratsiooniandur - AXIOMA MS\" \/>\n<meta property=\"og:description\" content=\"FLIR SV88 vibratsiooni- ja temperatuuriandur aitab teil j\u00e4lgida kriitilisi seadmeid, anal\u00fc\u00fcsides pidevalt p\u00f6\u00f6rlevate seadmete vibratsiooni, tuvastades vigu ja hoiatades teid v\u00f5imalike defektide ja tulevaste probleemide eest. T\u00e4nu mitmekordsetele kommunikatsiooniprotokollidele, vastupidavale, IP66 klassifikatsioonile ja juhtmevabale v\u00f5imekusele v\u00f5imaldab SV88 teha kriitilisi andmep\u00f5hiseid otsuseid, mis hoiatavad teid v\u00f5imalike probleemide eest, et aidata pikendada teie v\u00e4\u00e4rtusliku vara eluiga. Tehniline...\" \/>\n<meta property=\"og:url\" content=\"https:\/\/www.axiomams.eu\/et\/produktas\/flir-sv88-vibratsiooniandur\" \/>\n<meta property=\"og:site_name\" content=\"AXIOMA MS\" \/>\n<meta property=\"article:publisher\" content=\"https:\/\/www.facebook.com\/AxiomaMS\" \/>\n<meta property=\"article:modified_time\" content=\"2026-02-02T12:32:44+00:00\" \/>\n<meta property=\"og:image\" content=\"https:\/\/www.axiomams.eu\/wp-content\/uploads\/2025\/07\/3559-4853.jpg\" \/>\n\t<meta property=\"og:image:width\" content=\"600\" \/>\n\t<meta property=\"og:image:height\" content=\"625\" \/>\n\t<meta property=\"og:image:type\" content=\"image\/jpeg\" \/>\n<meta name=\"twitter:card\" content=\"summary_large_image\" \/>\n<script type=\"application\/ld+json\" class=\"yoast-schema-graph\">{\"@context\":\"https:\/\/schema.org\",\"@graph\":[{\"@type\":\"WebPage\",\"@id\":\"https:\/\/www.axiomams.eu\/et\/produktas\/flir-sv88-vibratsiooniandur\",\"url\":\"https:\/\/www.axiomams.eu\/et\/produktas\/flir-sv88-vibratsiooniandur\",\"name\":\"Flir SV88 vibratsiooniandur - AXIOMA MS\",\"isPartOf\":{\"@id\":\"https:\/\/www.axiomams.eu\/et#website\"},\"primaryImageOfPage\":{\"@id\":\"https:\/\/www.axiomams.eu\/et\/produktas\/flir-sv88-vibratsiooniandur#primaryimage\"},\"image\":{\"@id\":\"https:\/\/www.axiomams.eu\/et\/produktas\/flir-sv88-vibratsiooniandur#primaryimage\"},\"thumbnailUrl\":\"https:\/\/www.axiomams.eu\/wp-content\/uploads\/2025\/07\/3559-4853.jpg\",\"datePublished\":\"2025-05-15T15:55:38+00:00\",\"dateModified\":\"2026-02-02T12:32:44+00:00\",\"breadcrumb\":{\"@id\":\"https:\/\/www.axiomams.eu\/et\/produktas\/flir-sv88-vibratsiooniandur#breadcrumb\"},\"inLanguage\":\"et\",\"potentialAction\":[{\"@type\":\"ReadAction\",\"target\":[\"https:\/\/www.axiomams.eu\/et\/produktas\/flir-sv88-vibratsiooniandur\"]}]},{\"@type\":\"ImageObject\",\"inLanguage\":\"et\",\"@id\":\"https:\/\/www.axiomams.eu\/et\/produktas\/flir-sv88-vibratsiooniandur#primaryimage\",\"url\":\"https:\/\/www.axiomams.eu\/wp-content\/uploads\/2025\/07\/3559-4853.jpg\",\"contentUrl\":\"https:\/\/www.axiomams.eu\/wp-content\/uploads\/2025\/07\/3559-4853.jpg\",\"width\":600,\"height\":625},{\"@type\":\"BreadcrumbList\",\"@id\":\"https:\/\/www.axiomams.eu\/et\/produktas\/flir-sv88-vibratsiooniandur#breadcrumb\",\"itemListElement\":[{\"@type\":\"ListItem\",\"position\":1,\"name\":\"Home\",\"item\":\"https:\/\/www.axiomams.eu\/et\"},{\"@type\":\"ListItem\",\"position\":2,\"name\":\"Tooted\",\"item\":\"https:\/\/www.axiomams.eu\/et\/tooted\"},{\"@type\":\"ListItem\",\"position\":3,\"name\":\"Flir SV88 vibratsiooniandur\"}]},{\"@type\":\"WebSite\",\"@id\":\"https:\/\/www.axiomams.eu\/et#website\",\"url\":\"https:\/\/www.axiomams.eu\/et\",\"name\":\"AXIOMA MS\",\"description\":\"Terrmovizoriai ir matavimo \u012franga\",\"publisher\":{\"@id\":\"https:\/\/www.axiomams.eu\/et#organization\"},\"potentialAction\":[{\"@type\":\"SearchAction\",\"target\":{\"@type\":\"EntryPoint\",\"urlTemplate\":\"https:\/\/www.axiomams.eu\/et?s={search_term_string}\"},\"query-input\":{\"@type\":\"PropertyValueSpecification\",\"valueRequired\":true,\"valueName\":\"search_term_string\"}}],\"inLanguage\":\"et\"},{\"@type\":\"Organization\",\"@id\":\"https:\/\/www.axiomams.eu\/et#organization\",\"name\":\"AXIOMA MS\",\"url\":\"https:\/\/www.axiomams.eu\/et\",\"logo\":{\"@type\":\"ImageObject\",\"inLanguage\":\"et\",\"@id\":\"https:\/\/www.axiomams.eu\/et#\/schema\/logo\/image\/\",\"url\":\"https:\/\/www.axiomams.eu\/wp-content\/uploads\/2025\/06\/axioma-logo-2.png\",\"contentUrl\":\"https:\/\/www.axiomams.eu\/wp-content\/uploads\/2025\/06\/axioma-logo-2.png\",\"width\":1200,\"height\":1200,\"caption\":\"AXIOMA MS\"},\"image\":{\"@id\":\"https:\/\/www.axiomams.eu\/et#\/schema\/logo\/image\/\"},\"sameAs\":[\"https:\/\/www.facebook.com\/AxiomaMS\",\"https:\/\/www.linkedin.com\/company\/axiomams\/\"]}]}<\/script>\n<!-- \/ Yoast SEO plugin. -->","yoast_head_json":{"title":"Flir SV88 vibratsiooniandur - AXIOMA MS","robots":{"index":"index","follow":"follow","max-snippet":"max-snippet:-1","max-image-preview":"max-image-preview:large","max-video-preview":"max-video-preview:-1"},"canonical":"https:\/\/www.axiomams.eu\/et\/produktas\/flir-sv88-vibratsiooniandur","og_locale":"et_EE","og_type":"article","og_title":"Flir SV88 vibratsiooniandur - AXIOMA MS","og_description":"FLIR SV88 vibratsiooni- ja temperatuuriandur aitab teil j\u00e4lgida kriitilisi seadmeid, anal\u00fc\u00fcsides pidevalt p\u00f6\u00f6rlevate seadmete vibratsiooni, tuvastades vigu ja hoiatades teid v\u00f5imalike defektide ja tulevaste probleemide eest. T\u00e4nu mitmekordsetele kommunikatsiooniprotokollidele, vastupidavale, IP66 klassifikatsioonile ja juhtmevabale v\u00f5imekusele v\u00f5imaldab SV88 teha kriitilisi andmep\u00f5hiseid otsuseid, mis hoiatavad teid v\u00f5imalike probleemide eest, et aidata pikendada teie v\u00e4\u00e4rtusliku vara eluiga. Tehniline...","og_url":"https:\/\/www.axiomams.eu\/et\/produktas\/flir-sv88-vibratsiooniandur","og_site_name":"AXIOMA MS","article_publisher":"https:\/\/www.facebook.com\/AxiomaMS","article_modified_time":"2026-02-02T12:32:44+00:00","og_image":[{"width":600,"height":625,"url":"https:\/\/www.axiomams.eu\/wp-content\/uploads\/2025\/07\/3559-4853.jpg","type":"image\/jpeg"}],"twitter_card":"summary_large_image","schema":{"@context":"https:\/\/schema.org","@graph":[{"@type":"WebPage","@id":"https:\/\/www.axiomams.eu\/et\/produktas\/flir-sv88-vibratsiooniandur","url":"https:\/\/www.axiomams.eu\/et\/produktas\/flir-sv88-vibratsiooniandur","name":"Flir SV88 vibratsiooniandur - AXIOMA MS","isPartOf":{"@id":"https:\/\/www.axiomams.eu\/et#website"},"primaryImageOfPage":{"@id":"https:\/\/www.axiomams.eu\/et\/produktas\/flir-sv88-vibratsiooniandur#primaryimage"},"image":{"@id":"https:\/\/www.axiomams.eu\/et\/produktas\/flir-sv88-vibratsiooniandur#primaryimage"},"thumbnailUrl":"https:\/\/www.axiomams.eu\/wp-content\/uploads\/2025\/07\/3559-4853.jpg","datePublished":"2025-05-15T15:55:38+00:00","dateModified":"2026-02-02T12:32:44+00:00","breadcrumb":{"@id":"https:\/\/www.axiomams.eu\/et\/produktas\/flir-sv88-vibratsiooniandur#breadcrumb"},"inLanguage":"et","potentialAction":[{"@type":"ReadAction","target":["https:\/\/www.axiomams.eu\/et\/produktas\/flir-sv88-vibratsiooniandur"]}]},{"@type":"ImageObject","inLanguage":"et","@id":"https:\/\/www.axiomams.eu\/et\/produktas\/flir-sv88-vibratsiooniandur#primaryimage","url":"https:\/\/www.axiomams.eu\/wp-content\/uploads\/2025\/07\/3559-4853.jpg","contentUrl":"https:\/\/www.axiomams.eu\/wp-content\/uploads\/2025\/07\/3559-4853.jpg","width":600,"height":625},{"@type":"BreadcrumbList","@id":"https:\/\/www.axiomams.eu\/et\/produktas\/flir-sv88-vibratsiooniandur#breadcrumb","itemListElement":[{"@type":"ListItem","position":1,"name":"Home","item":"https:\/\/www.axiomams.eu\/et"},{"@type":"ListItem","position":2,"name":"Tooted","item":"https:\/\/www.axiomams.eu\/et\/tooted"},{"@type":"ListItem","position":3,"name":"Flir SV88 vibratsiooniandur"}]},{"@type":"WebSite","@id":"https:\/\/www.axiomams.eu\/et#website","url":"https:\/\/www.axiomams.eu\/et","name":"AXIOMA MS","description":"Terrmovizoriai ir matavimo \u012franga","publisher":{"@id":"https:\/\/www.axiomams.eu\/et#organization"},"potentialAction":[{"@type":"SearchAction","target":{"@type":"EntryPoint","urlTemplate":"https:\/\/www.axiomams.eu\/et?s={search_term_string}"},"query-input":{"@type":"PropertyValueSpecification","valueRequired":true,"valueName":"search_term_string"}}],"inLanguage":"et"},{"@type":"Organization","@id":"https:\/\/www.axiomams.eu\/et#organization","name":"AXIOMA MS","url":"https:\/\/www.axiomams.eu\/et","logo":{"@type":"ImageObject","inLanguage":"et","@id":"https:\/\/www.axiomams.eu\/et#\/schema\/logo\/image\/","url":"https:\/\/www.axiomams.eu\/wp-content\/uploads\/2025\/06\/axioma-logo-2.png","contentUrl":"https:\/\/www.axiomams.eu\/wp-content\/uploads\/2025\/06\/axioma-logo-2.png","width":1200,"height":1200,"caption":"AXIOMA MS"},"image":{"@id":"https:\/\/www.axiomams.eu\/et#\/schema\/logo\/image\/"},"sameAs":["https:\/\/www.facebook.com\/AxiomaMS","https:\/\/www.linkedin.com\/company\/axiomams\/"]}]}},"_links":{"self":[{"href":"https:\/\/www.axiomams.eu\/et\/wp-json\/wp\/v2\/product\/40475","targetHints":{"allow":["GET"]}}],"collection":[{"href":"https:\/\/www.axiomams.eu\/et\/wp-json\/wp\/v2\/product"}],"about":[{"href":"https:\/\/www.axiomams.eu\/et\/wp-json\/wp\/v2\/types\/product"}],"replies":[{"embeddable":true,"href":"https:\/\/www.axiomams.eu\/et\/wp-json\/wp\/v2\/comments?post=40475"}],"wp:featuredmedia":[{"embeddable":true,"href":"https:\/\/www.axiomams.eu\/et\/wp-json\/wp\/v2\/media\/42470"}],"wp:attachment":[{"href":"https:\/\/www.axiomams.eu\/et\/wp-json\/wp\/v2\/media?parent=40475"}],"wp:term":[{"taxonomy":"product_brand","embeddable":true,"href":"https:\/\/www.axiomams.eu\/et\/wp-json\/wp\/v2\/product_brand?post=40475"},{"taxonomy":"product_cat","embeddable":true,"href":"https:\/\/www.axiomams.eu\/et\/wp-json\/wp\/v2\/product_cat?post=40475"},{"taxonomy":"product_tag","embeddable":true,"href":"https:\/\/www.axiomams.eu\/et\/wp-json\/wp\/v2\/product_tag?post=40475"}],"curies":[{"name":"wp","href":"https:\/\/api.w.org\/{rel}","templated":true}]}}